{"id":6326,"date":"2021-08-21T10:14:16","date_gmt":"2021-08-21T03:14:16","guid":{"rendered":"https:\/\/landscapesfuture.org\/burkina-faso\/"},"modified":"2022-09-08T14:44:32","modified_gmt":"2022-09-08T07:44:32","slug":"burkina-faso","status":"publish","type":"page","link":"https:\/\/landscapesfuture.org\/fr\/burkina-faso\/","title":{"rendered":"Burkina Faso"},"content":{"rendered":"<style>\n@media only screen and (max-width: 960px) {\n   #hero-page{\n    background-image:url(\"https:\/\/landscapesfuture.org\/wp-content\/uploads\/2021\/08\/burkina-faso-1.jpg\");\n    background-position-y: bottom;\n    background-position-x: center;\n  }\n}\n\n#hero-page::after {\n    position: absolute;\n    content: ' ';\n    z-index: 0;\n    height: 100%;\n    width: 100%;\n    background-color: rgb(0,0,0,0.4);\n    top: 0;\n    left: 0;\n}\n#hero-page.section-bg::before{\nbackground-position-y: -385px;\n}\n\n.page #header #menu a {\n    color: #fff;\n}\n\n.page #header #menu .sub-menu li a{\n  color:#333;\n}\n\n.page #header #menu .sub-menu li a:hover{\n color:#FFFFFF;\n}\n\n.home.page-id-429 #wrapper, .page.page-id-429 #wrapper {\n    margin-top: 82px;\n}\n.home.page-id-429 #header, .page.page-id-429 #header {\n    background-color: #2E3546;\n    border: 0px;\n}\n\n.home.page-id-429 #header.darkHeader #menu a, \n.page.page-id-429 #header.darkHeader #menu a{\n   color:#252122;\n}\n\n.home.page-id-429  #header.darkHeader, .page.page-id-429  #header.darkHeader {\n    background-color: #FFFFFF;\n    border-bottom: 1px solid #ddd;\n}<\/style>\n<!-- section hero -->\n<!-- close div before -->\n        <\/div>\n    <\/article>\n<\/div>\n\n<div id=\"hero-page\" class=\" block-hero-page flex-vcenter section-bg\">\n    <div class=\"block-hero-page_bg\">\n        <img decoding=\"async\" src=\"https:\/\/landscapesfuture.org\/wp-content\/uploads\/2021\/08\/burkina-faso-1.jpg\">\n    <\/div>\n    <div class=\"block-hero-page_overlay\"><\/div>\n    <div class=\"block-hero-page_content\">\n        <div class=\"container\">\n\n            <div class=\"hero-page\">\n                <div class=\"hero-page_title text-light\">\n                    <h1>Burkina Faso<\/h1>\n                    <!--<p>\n\n <\/p>-->\n                                    <\/div>\n            <\/div>\n        <\/div>\n    <\/div>\n<\/div>\n\n<div class=\"container\">\n    <div class=\"row\">\n        <div class=\"col-12\">\n            <div class=\"breadcrumbs\" itemscope itemtype=\"http:\/\/schema.org\/BreadcrumbList\"><span itemprop=\"itemListElement\" itemscope itemtype=\"http:\/\/schema.org\/ListItem\"><a class=\"breadcrumbs__link\" href=\"https:\/\/landscapesfuture.org\/fr\/\" itemprop=\"item\"><span itemprop=\"name\">Accueil<\/span><\/a><meta itemprop=\"position\" content=\"1\" \/><\/span><\/div><!-- .breadcrumbs -->        <\/div>\n    <\/div>\n<\/div>\n\n<div class=\"container\">\n    <article id=\"post-6326\" class=\"post-6326 page type-page status-publish hentry\">\n        <div class=\"entry-content\">\n<h1 class=\"project-title has-very-dark-gray-color has-text-color wp-block-heading\">Gestion participative des p\u00e9riph\u00e9ries d&rsquo;aires prot\u00e9g\u00e9es dans le paysage PONASI<\/h1>\n\n    <style> \n        .logo-partner-on-team {\n              max-height: 80px;\n              max-width: 180px;\n        }\n    <\/style><div id=\"\" class=\" block-clear wpe-block\"><h3 class=\"mt-3 mb-4 fs-3-5\"><\/h3><div><\/div><div class=\"wpe-block-title\"><h2>Partners<\/h2><\/div><div class=\"d-flex justify-content-start flex-wrap flex-row columns-10 middle-md m-margin-bottom-30 partner-list-items\" style=\"justify-content: flex-start;\">\n    \n            <div class=\"me-4 mb-4 partner-item d-table\">\n                <a href=\"https:\/\/www.nitidae.org\/en\" class=\"d-table-cell align-middle\" title=\"Nitid\u00e6\">\n                    <img decoding=\"async\" src=\"http:\/\/landscapesfuture.org\/wp-content\/uploads\/2022\/01\/Nitidae-logo.png\" alt=\"Nitid\u00e6\" class=\"logo-partner-on-team\" title=\"Nitid\u00e6\">\n                <\/a>\n            <\/div>\n    \n            <div class=\"me-4 mb-4 partner-item d-table\">\n                <a href=\"http:\/\/www.naturama.bf\/web\/\" class=\"d-table-cell align-middle\" title=\"Naturama\">\n                    <img decoding=\"async\" src=\"http:\/\/landscapesfuture.org\/wp-content\/uploads\/2022\/01\/Naturama-logo.png\" alt=\"Naturama\" class=\"logo-partner-on-team\" title=\"Naturama\">\n                <\/a>\n            <\/div>\n    \n            <div class=\"me-4 mb-4 partner-item d-table\">\n                <a href=\"https:\/\/www.facebook.com\/Centre-dEtude-et-de-Recherches-en-Droit-de-lEnvironnement-CERDE-347664099435611\/\" class=\"d-table-cell align-middle\" title=\"CERDE\">\n                    <img decoding=\"async\" src=\"http:\/\/landscapesfuture.org\/wp-content\/uploads\/2022\/01\/CERDE-logo.jpg\" alt=\"CERDE\" class=\"logo-partner-on-team\" title=\"CERDE\">\n                <\/a>\n            <\/div><\/div><\/div>\n<div class=\"wp-block-columns is-layout-flex wp-container-core-columns-is-layout-9d6595d7 wp-block-columns-is-layout-flex\">\n<div class=\"wp-block-column is-layout-flow wp-block-column-is-layout-flow\" style=\"flex-basis:66.66%\">\n<p><strong>Partenaires :<\/strong> Nitid\u00e6, Naturama, CERDE.<\/p>\n\n\n\n<h2 class=\"wp-block-heading\">Domaines th\u00e9matiques cl\u00e9s<\/h2>\n\n\n\n<p>Une approche paysag\u00e8re qui int\u00e8gre la conservation des ressources naturelles dans les zones prot\u00e9g\u00e9es et leur gestion durable par les communaut\u00e9s.<\/p>\n<\/div>\n\n\n\n<div class=\"wp-block-column is-layout-flow wp-block-column-is-layout-flow\" style=\"flex-basis:33.33%\"><\/div>\n<\/div>\n\n<div class=\"wp-block-columns is-layout-flex wp-container-core-columns-is-layout-9d6595d7 wp-block-columns-is-layout-flex\">\n<div class=\"wp-block-column is-layout-flow wp-block-column-is-layout-flow\">\n<h2 class=\"wp-block-heading\">D\u00e9fis<\/h2>\n\n\n\n<p>Les migrations internes, principalement des peuples Mossi et Peuhls, et l&rsquo;expansion des zones agricoles avec peu ou pas de jach\u00e8re ont entra\u00een\u00e9 une baisse de la fertilit\u00e9 des sols. La perte de p\u00e2turages a cr\u00e9\u00e9 des conflits entre agriculteurs et \u00e9leveurs, le b\u00e9tail s&rsquo;\u00e9garant sur les terres agricoles, et les zones prot\u00e9g\u00e9es faiblement g\u00e9r\u00e9es sont devenues un refuge pour les \u00e9leveurs \u00e0 la recherche de p\u00e2turages et de sources d&rsquo;eau pendant la saison s\u00e8che. La d\u00e9gradation des sols et la perte de la couverture foresti\u00e8re qui en r\u00e9sultent sont visibles par satellite.<\/p>\n<\/div>\n\n\n\n<div class=\"wp-block-column is-layout-flow wp-block-column-is-layout-flow\">\n<h2 class=\"wp-block-heading\">Objectif<\/h2>\n\n\n\n<p>Contribuer \u00e0 l&rsquo;am\u00e9lioration des moyens de subsistance des communaut\u00e9s du complexe \u00e9cologique de PONASI, tout en renfor\u00e7ant la conservation de l&rsquo;environnement et la r\u00e9silience au changement climatique.<\/p>\n<\/div>\n<\/div>\n\n<div class=\"wp-block-columns section-bg wpe-mapbg pt-5 pb-5 is-layout-flex wp-container-core-columns-is-layout-9d6595d7 wp-block-columns-is-layout-flex\">\n<div class=\"wp-block-column is-layout-flow wp-block-column-is-layout-flow\">\n<img decoding=\"async\" src=\"http:\/\/landscapesfuture.org\/\/wp-content\/uploads\/svg-map\/Landscape%20for%20our%20future-country%20map-worldwide_Burkina%20Faso.svg\" style=\"width:100%;padding-right:60px\" \/><\/div>\n\n\n\n<div class=\"wp-block-column is-layout-flow wp-block-column-is-layout-flow\">\n<h2 class=\"wp-block-heading\">Paysages<\/h2>\n\n\n\n<p>Le complexe g\u00e9ographique de PONASI (de \u00ab\u00a0P\u00f4-Nazinga-Sissili\u00a0\u00bb) s&rsquo;\u00e9tend sur 355 000 hectares pr\u00e8s de la fronti\u00e8re du Ghana, dans le sud du Burkina Faso. Bien que la r\u00e9gion b\u00e9n\u00e9ficie de pr\u00e9cipitations plus importantes que les autres r\u00e9gions du pays, celles-ci se r\u00e9duisent \u00e0 10 mm par mois pendant la saison s\u00e8che et les sources d&rsquo;eau permanentes sont rares. L&rsquo;\u00e9lectricit\u00e9 et le gaz sont rares, ce qui fait que le bois de chauffage est la principale source d&rsquo;\u00e9nergie pour plus de 90 % de la population. La riche biodiversit\u00e9 du complexe est menac\u00e9e par la pression d\u00e9mographique croissante et l&#8217;empi\u00e8tement des communaut\u00e9s rurales voisines. Les patients doivent souvent parcourir plus de 40 kilom\u00e8tres pour obtenir des soins m\u00e9dicaux, et le manque de d\u00e9veloppement des \u00e9conomies locales autour du complexe a entra\u00een\u00e9 des tensions et des conflits croissants. Pourtant, la r\u00e9gion pr\u00e9sente un fort potentiel \u00e9conomique et environnemental pour un d\u00e9veloppement rural durable et inclusif.<\/p>\n<\/div>\n<\/div>\n\n<div class=\"wp-block-columns is-layout-flex wp-container-core-columns-is-layout-9d6595d7 wp-block-columns-is-layout-flex\">\n<div class=\"wp-block-column is-layout-flow wp-block-column-is-layout-flow\" style=\"flex-basis:66.66%\">\n<h2 class=\"wp-block-heading\">Approcher<\/h2>\n\n\n\n<p>Le projet LANDSCAPE, d&rsquo;une dur\u00e9e de cinq ans, vise \u00e0 contribuer \u00e0 r\u00e9duire les pressions exerc\u00e9es sur le complexe PONASI et \u00e0 renforcer la coh\u00e9sion sociale au sein de quatre communaut\u00e9s : Bieha, Guiaro, Sapouy et P\u00f4 &#8211; soit environ 60 000 habitants r\u00e9partis dans 50 villages. Adoptant une approche paysag\u00e8re, le projet vise \u00e0 d\u00e9velopper une gestion plus inclusive du complexe par la co-conception et la mise en \u0153uvre d&rsquo;activit\u00e9s \u00e9conomiques et de pratiques de sylvo-pastoralisme durables, en commen\u00e7ant par les comit\u00e9s de gestion villageois et en passant aux niveaux municipal, r\u00e9gional et national.<\/p>\n\n\n\n<h2 class=\"wp-block-heading\">Actions sp\u00e9cifiques<\/h2>\n\n\n\n<p>Le projet LANDSCAPE vise \u00e0 : i) D\u00e9velopper une \u00e9conomie rurale plus durable gr\u00e2ce \u00e0 des activit\u00e9s agroforesti\u00e8res intensives telles que la plantation d&rsquo;arbres \u00e0 croissance rapide, la cr\u00e9ation de 20 forages dans 20 sites de mara\u00eechage rassemblant 400 femmes pendant la saison s\u00e8che, et le d\u00e9veloppement d&rsquo;activit\u00e9s g\u00e9n\u00e9ratrices de revenus telles que l&rsquo;apiculture, l&rsquo;aviculture, les produits forestiers non ligneux et les cultures pluviales ; ii) Promouvoir la gouvernance locale participative et la coh\u00e9sion sociale dans le complexe PONASI par la sensibilisation et la cr\u00e9ation de comit\u00e9s villageois th\u00e9matiques pour la gestion participative des terres et des ressources naturelles du village ; et iii) Renforcer les capacit\u00e9s en mati\u00e8re de gestion de projet, de communication et de relations gouvernementales par la conception et la mise en \u0153uvre d&rsquo;une strat\u00e9gie de communication avec un comit\u00e9 de pilotage qui se r\u00e9unit tous les six mois.<\/p>\n<\/div>\n\n\n\n<div class=\"wp-block-column is-layout-flow wp-block-column-is-layout-flow\" style=\"flex-basis:33.33%\"><\/div>\n<\/div>\n\n<div class=\"wp-block-columns section-bg wpe-bggrey pt-5 pb-5 is-layout-flex wp-container-core-columns-is-layout-9d6595d7 wp-block-columns-is-layout-flex\">\n<div class=\"wp-block-column is-layout-flow wp-block-column-is-layout-flow\" style=\"flex-basis:66.66%\">\n<h2 class=\"wp-block-heading\">Contact<\/h2>\n\n\n\n<p>Souleymane Jules Gaye, s.gaye@nitidae.org<\/p>\n<\/div>\n\n\n\n<div class=\"wp-block-column is-layout-flow wp-block-column-is-layout-flow\" style=\"flex-basis:33.33%\"><\/div>\n<\/div>\n\n<div class=\"wp-block-columns is-layout-flex wp-container-core-columns-is-layout-9d6595d7 wp-block-columns-is-layout-flex\">\n<div class=\"wp-block-column is-layout-flow wp-block-column-is-layout-flow\" style=\"flex-basis:66.66%\">\n<h2 class=\"wp-block-heading\">Plus d&rsquo;informations<\/h2>\n\n\n\n<p><a href=\"https:\/\/www.nitidae.org\/actions\/wakanda-landscape-west-african-knowledge-for-agriculture-nature-and-development-activities-gestion-participative-du-developpement-durable-en-peripherie-des-aires-protegees-du-paysage-ponasi\" target=\"_blank\" rel=\"noreferrer noopener\">www.nitidae.org<\/a><\/p>\n<\/div>\n\n\n\n<div class=\"wp-block-column is-layout-flow wp-block-column-is-layout-flow\" style=\"flex-basis:33.33%\"><\/div>\n<\/div>\n","protected":false},"excerpt":{"rendered":"<p>Gestion participative des p\u00e9riph\u00e9ries d&rsquo;aires prot\u00e9g\u00e9es dans le paysage PONASI Partenaires : Nitid\u00e6, Naturama, CERDE. Domaines th\u00e9matiques cl\u00e9s Une approche paysag\u00e8re qui int\u00e8gre la conservation des ressources naturelles dans les zones prot\u00e9g\u00e9es et leur gestion durable par les communaut\u00e9s. D\u00e9fis Les migrations internes, principalement des peuples Mossi et Peuhls, et l&rsquo;expansion des zones agricoles avec [&hellip;]<\/p>\n","protected":false},"author":1,"featured_media":0,"parent":0,"menu_order":0,"comment_status":"closed","ping_status":"closed","template":"templates\/template-page-gutenberg.php","meta":{"inline_featured_image":false,"footnotes":"","_links_to":"","_links_to_target":""},"class_list":["post-6326","page","type-page","status-publish","hentry"],"_links":{"self":[{"href":"https:\/\/landscapesfuture.org\/fr\/wp-json\/wp\/v2\/pages\/6326","targetHints":{"allow":["GET"]}}],"collection":[{"href":"https:\/\/landscapesfuture.org\/fr\/wp-json\/wp\/v2\/pages"}],"about":[{"href":"https:\/\/landscapesfuture.org\/fr\/wp-json\/wp\/v2\/types\/page"}],"author":[{"embeddable":true,"href":"https:\/\/landscapesfuture.org\/fr\/wp-json\/wp\/v2\/users\/1"}],"replies":[{"embeddable":true,"href":"https:\/\/landscapesfuture.org\/fr\/wp-json\/wp\/v2\/comments?post=6326"}],"version-history":[{"count":4,"href":"https:\/\/landscapesfuture.org\/fr\/wp-json\/wp\/v2\/pages\/6326\/revisions"}],"predecessor-version":[{"id":6660,"href":"https:\/\/landscapesfuture.org\/fr\/wp-json\/wp\/v2\/pages\/6326\/revisions\/6660"}],"wp:attachment":[{"href":"https:\/\/landscapesfuture.org\/fr\/wp-json\/wp\/v2\/media?parent=6326"}],"curies":[{"name":"wp","href":"https:\/\/api.w.org\/{rel}","templated":true}]}}