{"id":5948,"date":"2021-08-21T22:36:34","date_gmt":"2021-08-21T15:36:34","guid":{"rendered":"https:\/\/landscapesfuture.org\/vietnam\/"},"modified":"2022-09-08T16:45:17","modified_gmt":"2022-09-08T09:45:17","slug":"vietnam","status":"publish","type":"page","link":"https:\/\/landscapesfuture.org\/fr\/vietnam\/","title":{"rendered":"Vietnam"},"content":{"rendered":"<style>\n@media only screen and (max-width: 960px) {\n   #hero-page{\n    background-image:url(\"https:\/\/landscapesfuture.org\/wp-content\/uploads\/2021\/11\/vietnam-2.jpg\");\n    background-position-y: bottom;\n    background-position-x: center;\n  }\n}\n\n#hero-page::after {\n    position: absolute;\n    content: ' ';\n    z-index: 0;\n    height: 100%;\n    width: 100%;\n    background-color: rgb(0,0,0,0.4);\n    top: 0;\n    left: 0;\n}\n#hero-page.section-bg::before{\nbackground-position-y: -385px;\n}\n\n.page #header #menu a {\n    color: #fff;\n}\n\n.page #header #menu .sub-menu li a{\n  color:#333;\n}\n\n.page #header #menu .sub-menu li a:hover{\n color:#FFFFFF;\n}\n\n.home.page-id-429 #wrapper, .page.page-id-429 #wrapper {\n    margin-top: 82px;\n}\n.home.page-id-429 #header, .page.page-id-429 #header {\n    background-color: #2E3546;\n    border: 0px;\n}\n\n.home.page-id-429 #header.darkHeader #menu a, \n.page.page-id-429 #header.darkHeader #menu a{\n   color:#252122;\n}\n\n.home.page-id-429  #header.darkHeader, .page.page-id-429  #header.darkHeader {\n    background-color: #FFFFFF;\n    border-bottom: 1px solid #ddd;\n}<\/style>\n<!-- section hero -->\n<!-- close div before -->\n        <\/div>\n    <\/article>\n<\/div>\n\n<div id=\"hero-page\" class=\" block-hero-page flex-vcenter section-bg\">\n    <div class=\"block-hero-page_bg\">\n        <img decoding=\"async\" src=\"https:\/\/landscapesfuture.org\/wp-content\/uploads\/2021\/11\/vietnam-2.jpg\">\n    <\/div>\n    <div class=\"block-hero-page_overlay\"><\/div>\n    <div class=\"block-hero-page_content\">\n        <div class=\"container\">\n\n            <div class=\"hero-page\">\n                <div class=\"hero-page_title text-light\">\n                    <h1>Viet Nam<\/h1>\n                    <!--<p><\/p>-->\n                                    <\/div>\n            <\/div>\n        <\/div>\n    <\/div>\n<\/div>\n\n<div class=\"container\">\n    <div class=\"row\">\n        <div class=\"col-12\">\n            <div class=\"breadcrumbs\" itemscope itemtype=\"http:\/\/schema.org\/BreadcrumbList\"><span itemprop=\"itemListElement\" itemscope itemtype=\"http:\/\/schema.org\/ListItem\"><a class=\"breadcrumbs__link\" href=\"https:\/\/landscapesfuture.org\/fr\/\" itemprop=\"item\"><span itemprop=\"name\">Accueil<\/span><\/a><meta itemprop=\"position\" content=\"1\" \/><\/span><\/div><!-- .breadcrumbs -->        <\/div>\n    <\/div>\n<\/div>\n\n<div class=\"container\">\n    <article id=\"post-5948\" class=\"post-5948 page type-page status-publish hentry\">\n        <div class=\"entry-content\">\n<h1 class=\"project-title has-very-dark-gray-color has-text-color wp-block-heading\">Gestion int\u00e9gr\u00e9e et durable du paysage gr\u00e2ce \u00e0 une juridiction sans d\u00e9forestation \u00e0 Lam Dong et Dak Nong, Viet Nam<\/h1>\n\n    <style> \n        .logo-partner-on-team {\n              max-height: 80px;\n              max-width: 180px;\n        }\n    <\/style><div id=\"\" class=\" block-clear wpe-block\"><h3 class=\"mt-3 mb-4 fs-3-5\"><\/h3><div><\/div><div class=\"wpe-block-title\"><h2>Lead implementer<\/h2><\/div><div class=\"d-flex justify-content-start flex-wrap flex-row columns-10 middle-md m-margin-bottom-30 partner-list-items\" style=\"justify-content: flex-start;\">\n    \n            <div class=\"me-4 mb-4 partner-item d-table\">\n                <a href=\"https:\/\/www.undp.org\/\" class=\"d-table-cell align-middle\" title=\"United Nations Development Programme (UNDP)\">\n                    <img decoding=\"async\" src=\"http:\/\/landscapesfuture.org\/wp-content\/uploads\/2022\/01\/UNDP_logo.png\" alt=\"United Nations Development Programme (UNDP)\" class=\"logo-partner-on-team\" title=\"United Nations Development Programme (UNDP)\">\n                <\/a>\n            <\/div><\/div><div class=\"wpe-block-title\"><h2>Partners<\/h2><\/div><div class=\"d-flex justify-content-start flex-wrap flex-row columns-10 middle-md m-margin-bottom-30 partner-list-items\" style=\"justify-content: flex-start;\">\n    \n            <div class=\"me-4 mb-4 partner-item d-table\">\n                <a href=\"https:\/\/www.mard.gov.vn\/en\/Pages\/default.aspx\" class=\"d-table-cell align-middle\" title=\"Ministry of Agriculture and Rural Development (MARD), Viet Nam\">\n                    <img decoding=\"async\" src=\"http:\/\/landscapesfuture.org\/wp-content\/uploads\/2022\/01\/MARD-logo.png\" alt=\"Ministry of Agriculture and Rural Development (MARD), Viet Nam\" class=\"logo-partner-on-team\" title=\"Ministry of Agriculture and Rural Development (MARD), Viet Nam\">\n                <\/a>\n            <\/div>\n    \n            <div class=\"me-4 mb-4 partner-item d-table\">\n                <a href=\"https:\/\/daknong.gov.vn\/web\/dak-nong-english\/daknong-introduction\" class=\"d-table-cell align-middle\" title=\"Provincial People\u2019s Committees (PPCs) of Dak Nong and Lam Dong\">\n                    <img decoding=\"async\" src=\"http:\/\/landscapesfuture.org\/wp-content\/uploads\/2022\/02\/Dak-Nong-logo-300.jpg\" alt=\"Provincial People\u2019s Committees (PPCs) of Dak Nong and Lam Dong\" class=\"logo-partner-on-team\" title=\"Provincial People\u2019s Committees (PPCs) of Dak Nong and Lam Dong\">\n                <\/a>\n            <\/div>\n    \n            <div class=\"me-4 mb-4 partner-item d-table\">\n                <a href=\"https:\/\/ciat.cgiar.org\/\" class=\"d-table-cell align-middle\" title=\"Centro Internacional de Agricultura Tropical (CIAT)\">\n                    <img decoding=\"async\" src=\"https:\/\/www.cifor.org\/wp-content\/uploads\/2020\/01\/ciat-logo.png\" alt=\"Centro Internacional de Agricultura Tropical (CIAT)\" class=\"logo-partner-on-team\" title=\"Centro Internacional de Agricultura Tropical (CIAT)\">\n                <\/a>\n            <\/div>\n    \n            <div class=\"me-4 mb-4 partner-item d-table\">\n                <a href=\"https:\/\/www.efi.int\/\" class=\"d-table-cell align-middle\" title=\"European Forest Institute (EFI)\">\n                    <img decoding=\"async\" src=\"https:\/\/www.cifor.org\/wp-content\/uploads\/2020\/04\/logo-efi-sm.png\" alt=\"European Forest Institute (EFI)\" class=\"logo-partner-on-team\" title=\"European Forest Institute (EFI)\">\n                <\/a>\n            <\/div>\n    \n            <div class=\"me-4 mb-4 partner-item d-table\">\n                <a href=\"https:\/\/www.idhsustainabletrade.com\/\" class=\"d-table-cell align-middle\" title=\"Sustainable Trade Initiative (IDH) \">\n                    <img decoding=\"async\" src=\"http:\/\/landscapesfuture.org\/wp-content\/uploads\/2022\/01\/IDH-logo.jpg\" alt=\"Sustainable Trade Initiative (IDH) \" class=\"logo-partner-on-team\" title=\"Sustainable Trade Initiative (IDH) \">\n                <\/a>\n            <\/div>\n    \n            <div class=\"me-4 mb-4 partner-item d-table\">\n                <a href=\"https:\/\/www.unep.org\/\" class=\"d-table-cell align-middle\" title=\"UN Environment Programme ( UNEP )\">\n                    <img decoding=\"async\" src=\"https:\/\/www.cifor.org\/wp-content\/uploads\/2020\/05\/UNEP.png\" alt=\"UN Environment Programme ( UNEP )\" class=\"logo-partner-on-team\" title=\"UN Environment Programme ( UNEP )\">\n                <\/a>\n            <\/div><\/div><\/div>\n<div class=\"wp-block-columns is-layout-flex wp-container-core-columns-is-layout-9d6595d7 wp-block-columns-is-layout-flex\">\n<div class=\"wp-block-column is-layout-flow wp-block-column-is-layout-flow\" style=\"flex-basis:66.66%\">\n<p><strong>Responsable de la mise en \u0153uvre :<\/strong> PNUD<\/p>\n\n\n\n<p><strong>Partenaires :<\/strong> Minist\u00e8re de l&rsquo;agriculture et du d\u00e9veloppement rural (MARD) et les comit\u00e9s populaires provinciaux (CPP) de Dak Nong et Lam Dong, avec le soutien du Centre international d&rsquo;agriculture tropicale (CIAT), de l&rsquo;Institut forestier europ\u00e9en (EFI), de l&rsquo;Initiative pour le commerce durable (IDH) et du Programme des Nations unies pour l&rsquo;environnement (PNUE).<\/p>\n\n\n\n<h2 class=\"wp-block-heading\">Domaines th\u00e9matiques cl\u00e9s<\/h2>\n\n\n\n<p>Le projet s&rsquo;efforcera de pr\u00e9venir toute nouvelle perte de biodiversit\u00e9 tout en conservant, restaurant et utilisant durablement les \u00e9cosyst\u00e8mes terrestres et forestiers vitaux, afin d&rsquo;att\u00e9nuer le changement climatique et de s&rsquo;y adapter.<\/p>\n<\/div>\n\n\n\n<div class=\"wp-block-column is-layout-flow wp-block-column-is-layout-flow\" style=\"flex-basis:33.33%\"><\/div>\n<\/div>\n\n<div class=\"wp-block-columns is-layout-flex wp-container-core-columns-is-layout-9d6595d7 wp-block-columns-is-layout-flex\">\n<div class=\"wp-block-column is-layout-flow wp-block-column-is-layout-flow\">\n<h2 class=\"wp-block-heading\">D\u00e9fis<\/h2>\n\n\n\n<p>La grave d\u00e9gradation de l&rsquo;environnement et le peu de possibilit\u00e9s de g\u00e9n\u00e9rer des revenus autour des zones prot\u00e9g\u00e9es ont \u00e9t\u00e9 exacerb\u00e9s par les extr\u00eames climatiques et l&rsquo;instabilit\u00e9 politique dans les Highlands centraux. La mauvaise gestion des ressources naturelles a entra\u00een\u00e9 une grave d\u00e9gradation des sols, le m\u00e9contentement des communaut\u00e9s et une r\u00e9duction de la disponibilit\u00e9 de l&rsquo;\u00e9ducation, de la sant\u00e9, des infrastructures et des services sociaux. La perturbation des corridors de vie sauvage et l&#8217;empi\u00e8tement humain sur les zones tampons autour des parcs ont affaibli les \u00e9cosyst\u00e8mes, ce qui s&rsquo;est accompagn\u00e9 d&rsquo;une escalade du braconnage pour alimenter les r\u00e9seaux internationaux de trafic d&rsquo;esp\u00e8ces sauvages. Les minorit\u00e9s ethniques et les communaut\u00e9s autochtones sont particuli\u00e8rement touch\u00e9es par cette perturbation sociale et environnementale.<\/p>\n<\/div>\n\n\n\n<div class=\"wp-block-column is-layout-flow wp-block-column-is-layout-flow\">\n<h2 class=\"wp-block-heading\">Objectif<\/h2>\n\n\n\n<p>Am\u00e9liorer la durabilit\u00e9 environnementale, l&rsquo;inclusion sociale et la r\u00e9silience des mod\u00e8les de production alimentaire et des cha\u00eenes d&rsquo;approvisionnement dans les hauts plateaux centraux du Vi\u00eat Nam.<\/p>\n<\/div>\n<\/div>\n\n<div class=\"wp-block-columns section-bg wpe-mapbg pt-5 pb-5 is-layout-flex wp-container-core-columns-is-layout-9d6595d7 wp-block-columns-is-layout-flex\">\n<div class=\"wp-block-column is-layout-flow wp-block-column-is-layout-flow\">\n<img decoding=\"async\" src=\"http:\/\/landscapesfuture.org\/wp-content\/uploads\/svg-map\/Landscape%20for%20our%20future-country%20map-worldwide_Vietnam.svg\" style=\"width:100%;padding-right:60px\" \/><\/div>\n\n\n\n<div class=\"wp-block-column is-layout-flow wp-block-column-is-layout-flow\">\n<h2 class=\"wp-block-heading\">Paysages<\/h2>\n\n\n\n<p>Au cours des 30 derni\u00e8res ann\u00e9es, le produit int\u00e9rieur brut du Vi\u00eat Nam a augment\u00e9 d&rsquo;environ 6 % par an, tandis que son indice de d\u00e9veloppement humain a progress\u00e9 et que la pauvret\u00e9 a diminu\u00e9 de mani\u00e8re spectaculaire. Mais les b\u00e9n\u00e9fices ne sont pas partag\u00e9s \u00e9quitablement. Bien que la production de caf\u00e9 dans la r\u00e9gion des hauts plateaux centraux ait fait du Vi\u00eat Nam le deuxi\u00e8me exportateur mondial de caf\u00e9, cette r\u00e9gion est aussi la deuxi\u00e8me plus d\u00e9favoris\u00e9e du pays. Les m\u00e9nages indig\u00e8nes, en particulier, restent extr\u00eamement pauvres. Les d\u00e9fis structurels qui y contribuent sont notamment la perte de la couverture foresti\u00e8re, en particulier dans les provinces de Lam Dong et Dak Nong, en raison de l&rsquo;expansion rapide des plantations de caf\u00e9, de caoutchouc et de bois. Les terres agricoles ont \u00e9t\u00e9 d\u00e9grad\u00e9es par la pollution chimique et l&rsquo;\u00e9rosion des sols, et la vuln\u00e9rabilit\u00e9 au changement climatique, \u00e0 la s\u00e9cheresse et aux p\u00e9nuries d&rsquo;eau est accrue, de m\u00eame que le risque de conflit pour des terres et des ressources rares.<\/p>\n<\/div>\n<\/div>\n\n<div class=\"wp-block-columns is-layout-flex wp-container-core-columns-is-layout-9d6595d7 wp-block-columns-is-layout-flex\">\n<div class=\"wp-block-column is-layout-flow wp-block-column-is-layout-flow\" style=\"flex-basis:66.66%\">\n<h2 class=\"wp-block-heading\">Approcher<\/h2>\n\n\n\n<p>Le projet vise \u00e0 am\u00e9liorer la durabilit\u00e9 environnementale, l&rsquo;inclusion sociale et la r\u00e9silience de la production alimentaire et des cha\u00eenes d&rsquo;approvisionnement dans les hauts plateaux du centre du Vi\u00eat Nam. Il s&rsquo;agira de r\u00e9duire les pertes et la d\u00e9gradation des for\u00eats naturelles, tout en s&rsquo;effor\u00e7ant de prot\u00e9ger la biodiversit\u00e9, de restaurer les \u00e9cosyst\u00e8mes prioritaires, de r\u00e9duire les \u00e9missions de gaz \u00e0 effet de serre et d&rsquo;am\u00e9liorer les moyens de subsistance &#8211; notamment pour les minorit\u00e9s ethniques et les femmes &#8211; dans les cha\u00eenes de valeur de l&rsquo;agriculture, de la sylviculture et de l&rsquo;\u00e9cotourisme. La production alimentaire sera soutenue et la qualit\u00e9 am\u00e9lior\u00e9e gr\u00e2ce \u00e0 des pratiques agricoles am\u00e9lior\u00e9es, une meilleure organisation des producteurs et des cha\u00eenes d&rsquo;approvisionnement transparentes et raccourcies.<\/p>\n\n\n\n<h2 class=\"wp-block-heading\">Actions sp\u00e9cifiques<\/h2>\n\n\n\n<p>Travaillant dans quatre districts de deux provinces du Vi\u00eat Nam &#8211; les districts de Di Linh et de Lac Duong \u00e0 Lam Dong, et les districts de Dak G&rsquo;Long et de Dak R&rsquo;Lap \u00e0 Dak Nong &#8211; ce projet vise \u00e0 r\u00e9duire les \u00e9missions \u00e9quivalentes \u00e0 environ 3 millions de tonnes de CO<sub>2<\/sub>  dans la r\u00e9gion d&rsquo;ici la fin du projet, soutenant ainsi le travail du programme des Nations unies pour la r\u00e9duction des \u00e9missions dues \u00e0 la d\u00e9forestation et \u00e0 la d\u00e9gradation des for\u00eats (REDD+). Un plan et une carte d&rsquo;occupation des sols int\u00e9gr\u00e9s seront \u00e9galement produits pour chaque district pilote, avec des objectifs de durabilit\u00e9 et des plans d&rsquo;action clairs. Un solide syst\u00e8me de suivi et d&rsquo;\u00e9valuation intersectoriel et des plateformes seront d\u00e9velopp\u00e9s pour les dialogues multipartites, et les institutions locales et les agriculteurs seront form\u00e9s \u00e0 la production durable. Le projet aidera les b\u00e9n\u00e9ficiaires sur le terrain \u00e0 d\u00e9velopper les mod\u00e8les prioritaires de produits et services agricoles et forestiers non ligneux. Le projet r\u00e9alisera \u00e9galement une cartographie du financement de l&rsquo;utilisation des terres, ainsi que l&rsquo;analyse et la formulation de dossiers commerciaux et financiers afin d&rsquo;engager efficacement le secteur commercial et financier.<\/p>\n<\/div>\n\n\n\n<div class=\"wp-block-column is-layout-flow wp-block-column-is-layout-flow\" style=\"flex-basis:33.33%\"><\/div>\n<\/div>\n\n<div class=\"wp-block-columns section-bg wpe-bggrey pt-5 pb-5 mb-0 is-layout-flex wp-container-core-columns-is-layout-9d6595d7 wp-block-columns-is-layout-flex\">\n<div class=\"wp-block-column is-layout-flow wp-block-column-is-layout-flow\">\n<h2 class=\"wp-block-heading\">Contacts<\/h2>\n\n\n\n<ul class=\"wp-block-list\"><li>Caitlin Wiesen, Repr\u00e9sentante r\u00e9sidente, PNUD Viet Nam, caitlin.wiesen@undp.org<\/li><li>Bui Hoa Binh, Partenariat pour le d\u00e9veloppement durable, PNUD Viet Nam, bui.hoa.binh@undp.org<\/li><\/ul><\/div>\n<\/div>\n","protected":false},"excerpt":{"rendered":"<p>Gestion int\u00e9gr\u00e9e et durable du paysage gr\u00e2ce \u00e0 une juridiction sans d\u00e9forestation \u00e0 Lam Dong et Dak Nong, Viet Nam Responsable de la mise en \u0153uvre : PNUD Partenaires : Minist\u00e8re de l&rsquo;agriculture et du d\u00e9veloppement rural (MARD) et les comit\u00e9s populaires provinciaux (CPP) de Dak Nong et Lam Dong, avec le soutien du Centre [&hellip;]<\/p>\n","protected":false},"author":1,"featured_media":0,"parent":0,"menu_order":0,"comment_status":"closed","ping_status":"closed","template":"templates\/template-page-gutenberg.php","meta":{"inline_featured_image":false,"footnotes":"","_links_to":"","_links_to_target":""},"class_list":["post-5948","page","type-page","status-publish","hentry"],"_links":{"self":[{"href":"https:\/\/landscapesfuture.org\/fr\/wp-json\/wp\/v2\/pages\/5948","targetHints":{"allow":["GET"]}}],"collection":[{"href":"https:\/\/landscapesfuture.org\/fr\/wp-json\/wp\/v2\/pages"}],"about":[{"href":"https:\/\/landscapesfuture.org\/fr\/wp-json\/wp\/v2\/types\/page"}],"author":[{"embeddable":true,"href":"https:\/\/landscapesfuture.org\/fr\/wp-json\/wp\/v2\/users\/1"}],"replies":[{"embeddable":true,"href":"https:\/\/landscapesfuture.org\/fr\/wp-json\/wp\/v2\/comments?post=5948"}],"version-history":[{"count":5,"href":"https:\/\/landscapesfuture.org\/fr\/wp-json\/wp\/v2\/pages\/5948\/revisions"}],"predecessor-version":[{"id":6754,"href":"https:\/\/landscapesfuture.org\/fr\/wp-json\/wp\/v2\/pages\/5948\/revisions\/6754"}],"wp:attachment":[{"href":"https:\/\/landscapesfuture.org\/fr\/wp-json\/wp\/v2\/media?parent=5948"}],"curies":[{"name":"wp","href":"https:\/\/api.w.org\/{rel}","templated":true}]}}