{"id":5942,"date":"2021-08-21T22:12:30","date_gmt":"2021-08-21T15:12:30","guid":{"rendered":"https:\/\/landscapesfuture.org\/papouasie-nouvelle-guinee\/"},"modified":"2023-10-10T20:33:28","modified_gmt":"2023-10-10T13:33:28","slug":"papouasie-nouvelle-guinee","status":"publish","type":"page","link":"https:\/\/landscapesfuture.org\/fr\/papouasie-nouvelle-guinee\/","title":{"rendered":"Papouasie Nouvelle Guin\u00e9e"},"content":{"rendered":"<style>\n@media only screen and (max-width: 960px) {\n   #hero-page{\n    background-image:url(\"https:\/\/landscapesfuture.org\/wp-content\/uploads\/2021\/11\/png-2.jpg\");\n    background-position-y: bottom;\n    background-position-x: center;\n  }\n}\n\n#hero-page::after {\n    position: absolute;\n    content: ' ';\n    z-index: 0;\n    height: 100%;\n    width: 100%;\n    background-color: rgb(0,0,0,0.4);\n    top: 0;\n    left: 0;\n}\n#hero-page.section-bg::before{\nbackground-position-y: -385px;\n}\n\n.page #header #menu a {\n    color: #fff;\n}\n\n.page #header #menu .sub-menu li a{\n  color:#333;\n}\n\n.page #header #menu .sub-menu li a:hover{\n color:#FFFFFF;\n}\n\n.home.page-id-429 #wrapper, .page.page-id-429 #wrapper {\n    margin-top: 82px;\n}\n.home.page-id-429 #header, .page.page-id-429 #header {\n    background-color: #2E3546;\n    border: 0px;\n}\n\n.home.page-id-429 #header.darkHeader #menu a, \n.page.page-id-429 #header.darkHeader #menu a{\n   color:#252122;\n}\n\n.home.page-id-429  #header.darkHeader, .page.page-id-429  #header.darkHeader {\n    background-color: #FFFFFF;\n    border-bottom: 1px solid #ddd;\n}<\/style>\n<!-- section hero -->\n<!-- close div before -->\n        <\/div>\n    <\/article>\n<\/div>\n\n<div id=\"hero-page\" class=\" block-hero-page flex-vcenter section-bg\">\n    <div class=\"block-hero-page_bg\">\n        <img decoding=\"async\" src=\"https:\/\/landscapesfuture.org\/wp-content\/uploads\/2021\/11\/png-2.jpg\">\n    <\/div>\n    <div class=\"block-hero-page_overlay\"><\/div>\n    <div class=\"block-hero-page_content\">\n        <div class=\"container\">\n\n            <div class=\"hero-page\">\n                <div class=\"hero-page_title text-light\">\n                    <h1>Papua New Guinea<\/h1>\n                    <!--<p><\/p>-->\n                                    <\/div>\n            <\/div>\n        <\/div>\n    <\/div>\n<\/div>\n\n<div class=\"container\">\n    <div class=\"row\">\n        <div class=\"col-12\">\n            <div class=\"breadcrumbs\" itemscope itemtype=\"http:\/\/schema.org\/BreadcrumbList\"><span itemprop=\"itemListElement\" itemscope itemtype=\"http:\/\/schema.org\/ListItem\"><a class=\"breadcrumbs__link\" href=\"https:\/\/landscapesfuture.org\/fr\/\" itemprop=\"item\"><span itemprop=\"name\">Accueil<\/span><\/a><meta itemprop=\"position\" content=\"1\" \/><\/span><\/div><!-- .breadcrumbs -->        <\/div>\n    <\/div>\n<\/div>\n\n<div class=\"container\">\n    <article id=\"post-5942\" class=\"post-5942 page type-page status-publish hentry\">\n        <div class=\"entry-content\">\n<h1 class=\"project-title has-very-dark-gray-color has-text-color wp-block-heading\">Renforcement de la gestion int\u00e9gr\u00e9e et durable du paysage dans la province d&rsquo;Enga, Papouasie-Nouvelle-Guin\u00e9e<\/h1>\n\n    <style> \n        .logo-partner-on-team {\n              max-height: 80px;\n              max-width: 180px;\n        }\n    <\/style><div id=\"\" class=\" block-clear wpe-block\"><h3 class=\"mt-3 mb-4 fs-3-5\"><\/h3><div><\/div><div class=\"wpe-block-title\"><h2>Lead implementing<\/h2><\/div><div class=\"d-flex justify-content-start flex-wrap flex-row columns-10 middle-md m-margin-bottom-30 partner-list-items\" style=\"justify-content: flex-start;\">\n    \n            <div class=\"me-4 mb-4 partner-item d-table\">\n                <a href=\"https:\/\/www.undp.org\/\" class=\"d-table-cell align-middle\" title=\"United Nations Development Programme (UNDP)\">\n                    <img decoding=\"async\" src=\"http:\/\/landscapesfuture.org\/wp-content\/uploads\/2022\/01\/UNDP_logo.png\" alt=\"United Nations Development Programme (UNDP)\" class=\"logo-partner-on-team\" title=\"United Nations Development Programme (UNDP)\">\n                <\/a>\n            <\/div><\/div><div class=\"wpe-block-title\"><h2>Partners<\/h2><\/div><div class=\"d-flex justify-content-start flex-wrap flex-row columns-10 middle-md m-margin-bottom-30 partner-list-items\" style=\"justify-content: flex-start;\">\n    \n            <div class=\"me-4 mb-4 partner-item d-table\">\n                <a href=\"\" class=\"d-table-cell align-middle\" title=\"European Union (EU)\">\n                    <img decoding=\"async\" src=\"https:\/\/www.cifor.org\/wp-content\/uploads\/2020\/05\/European-Union-logo.png\" alt=\"European Union (EU)\" class=\"logo-partner-on-team\" title=\"European Union (EU)\">\n                <\/a>\n            <\/div>\n    \n            <div class=\"me-4 mb-4 partner-item d-table\">\n                <a href=\"https:\/\/ccda.gov.pg\/\" class=\"d-table-cell align-middle\" title=\"Climate Change and Development Authority (CCDA)\">\n                    <img decoding=\"async\" src=\"http:\/\/landscapesfuture.org\/wp-content\/uploads\/2022\/02\/CCDA-logo-big.png\" alt=\"Climate Change and Development Authority (CCDA)\" class=\"logo-partner-on-team\" title=\"Climate Change and Development Authority (CCDA)\">\n                <\/a>\n            <\/div>\n    \n            <div class=\"me-4 mb-4 partner-item d-table\">\n                <a href=\"\" class=\"d-table-cell align-middle\" title=\"Government of Papua New Guinea\">\n                    <img decoding=\"async\" src=\"http:\/\/landscapesfuture.org\/wp-content\/uploads\/2022\/02\/png.png\" alt=\"Government of Papua New Guinea\" class=\"logo-partner-on-team\" title=\"Government of Papua New Guinea\">\n                <\/a>\n            <\/div>\n    \n            <div class=\"me-4 mb-4 partner-item d-table\">\n                <a href=\"\" class=\"d-table-cell align-middle\" title=\"Enga Provincial Administration\">\n                    <img decoding=\"async\" src=\"https:\/\/landscapesfuture.org\/wp-content\/uploads\/2023\/10\/Screenshot-2023-10-10-at-14.58.46.png\" alt=\"Enga Provincial Administration\" class=\"logo-partner-on-team\" title=\"Enga Provincial Administration\">\n                <\/a>\n            <\/div>\n    \n            <div class=\"me-4 mb-4 partner-item d-table\">\n                <a href=\"https:\/\/www.undp.org\/\" class=\"d-table-cell align-middle\" title=\"United Nations Development Programme (UNDP)\">\n                    <img decoding=\"async\" src=\"http:\/\/landscapesfuture.org\/wp-content\/uploads\/2022\/01\/UNDP_logo.png\" alt=\"United Nations Development Programme (UNDP)\" class=\"logo-partner-on-team\" title=\"United Nations Development Programme (UNDP)\">\n                <\/a>\n            <\/div><\/div><\/div>\n<div class=\"wp-block-columns is-layout-flex wp-container-core-columns-is-layout-9d6595d7 wp-block-columns-is-layout-flex\">\n<div class=\"wp-block-column is-layout-flow wp-block-column-is-layout-flow\" style=\"flex-basis:66.66%\">\n<p><strong>Partenaires :<\/strong> Le Programme des Nations Unies pour le d\u00e9veloppement (PNUD) est le principal partenaire de mise en \u0153uvre. Le partenaire ex\u00e9cutif est la Climate Change and Development Authority (CCDA). Les autres partenaires comprennent : le renforcement des capacit\u00e9s de gestion des risques de catastrophes en PNG (le programme phare du PNUD en mati\u00e8re de gestion des risques de catastrophes) ; le projet ONU-FEM sur le financement durable du r\u00e9seau de zones prot\u00e9g\u00e9es de Papouasie-Nouvelle-Guin\u00e9e ; le projet PNUD-FEM sur la mise en place de syst\u00e8mes de planification int\u00e9gr\u00e9e durable de l&rsquo;utilisation des terres sur l&rsquo;\u00eele de New-Britain en Papouasie-Nouvelle-Guin\u00e9e ; la deuxi\u00e8me phase du programme de d\u00e9veloppement \u00e9conomique rural ; le programme de gestion durable de la faune et de la flore sauvages ; le renforcement de la capacit\u00e9 de production alimentaire et de la r\u00e9sistance \u00e0 la s\u00e9cheresse des communaut\u00e9s vuln\u00e9rables ; le soutien \u00e0 l&rsquo;entrepreneuriat rural, \u00e0 l&rsquo;investissement et au commerce (STREIT PNG) ; et la croissance verte r\u00e9sistante au changement climatique en PNG.<\/p>\n<\/div>\n\n\n\n<div class=\"wp-block-column is-layout-flow wp-block-column-is-layout-flow\" style=\"flex-basis:33.33%\"><\/div>\n<\/div>\n\n<div class=\"wp-block-columns is-layout-flex wp-container-core-columns-is-layout-9d6595d7 wp-block-columns-is-layout-flex\">\n<div class=\"wp-block-column is-layout-flow wp-block-column-is-layout-flow\">\n<h2 class=\"wp-block-heading\">D\u00e9fis<\/h2>\n\n\n\n<p>Plus de 80 % de la population vit de l&rsquo;agriculture et de la p\u00eache et est donc totalement d\u00e9pendante de son environnement. Le manque d&rsquo;infrastructures de transport d\u00fb \u00e0 la g\u00e9ographie de la province limite \u00e0 la fois le d\u00e9veloppement \u00e9conomique et l&rsquo;acc\u00e8s du public aux services de sant\u00e9 et \u00e0 l&rsquo;\u00e9ducation. Une \u00e9conomie fortement d\u00e9s\u00e9quilibr\u00e9e laisse la grande majorit\u00e9 de la population rurale et pauvre, ce qui a consid\u00e9rablement entrav\u00e9 la diversification de l&rsquo;\u00e9conomie au-del\u00e0 de l&rsquo;extraction de mati\u00e8res premi\u00e8res et de produits agricoles.<\/p>\n<\/div>\n\n\n\n<div class=\"wp-block-column is-layout-flow wp-block-column-is-layout-flow\">\n<h2 class=\"wp-block-heading\">Objectif<\/h2>\n\n\n\n<p>Renforcer le d\u00e9veloppement \u00e9conomique durable et inclusif dans la province d&rsquo;Enga, en Papouasie-Nouvelle-Guin\u00e9e. L&rsquo;approche innovante du d\u00e9veloppement rural vise \u00e0 r\u00e9unir les syst\u00e8mes gouvernementaux, le secteur priv\u00e9 et l&rsquo;action communautaire pour pr\u00e9senter un mod\u00e8le de croissance verte compatible avec le climat tout en renfor\u00e7ant la r\u00e9silience aux crises et aux chocs.<\/p>\n<\/div>\n<\/div>\n\n<div class=\"wp-block-columns section-bg wpe-mapbg pt-5 pb-5 is-layout-flex wp-container-core-columns-is-layout-9d6595d7 wp-block-columns-is-layout-flex\">\n<div class=\"wp-block-column is-layout-flow wp-block-column-is-layout-flow\">\n<img decoding=\"async\" src=\"http:\/\/landscapesfuture.org\/wp-content\/uploads\/svg-map\/Landscape%20for%20our%20future-country%20map-worldwide_Papua%20New%20Guinea.svg\" style=\"width:100%;padding-right:60px\"\/><\/div>\n\n\n\n<div class=\"wp-block-column is-layout-flow wp-block-column-is-layout-flow\">\n<h2 class=\"wp-block-heading\">Paysages<\/h2>\n\n\n\n<p>La province d&rsquo;Enga, dans la r\u00e9gion des Highlands de Papouasie-Nouvelle-Guin\u00e9e, couvre 11 704 km2, r\u00e9partis sur une altitude allant de moins de 200 m \u00e0 3 800 m. Seuls 27 % de la zone sont adapt\u00e9s \u00e0 l&rsquo;agriculture. L&rsquo;environnement diversifi\u00e9 de la province abrite une biodiversit\u00e9 extr\u00eamement riche mais est confront\u00e9 \u00e0 la d\u00e9gradation. Parmi les autres d\u00e9fis importants, citons l&rsquo;augmentation rapide de la population, la d\u00e9forestation pour cr\u00e9er davantage de terres agricoles et la vuln\u00e9rabilit\u00e9 d&rsquo;Enga aux chocs et aux catastrophes.<\/p>\n<\/div>\n<\/div>\n\n<div class=\"wp-block-columns is-layout-flex wp-container-core-columns-is-layout-9d6595d7 wp-block-columns-is-layout-flex\">\n<div class=\"wp-block-column is-layout-flow wp-block-column-is-layout-flow\" style=\"flex-basis:66.66%\">\n<h2 class=\"wp-block-heading\">Approcher<\/h2>\n\n\n\n<p>Ce projet vise \u00e0 s&rsquo;appuyer sur les programmes existants des gouvernements et des partenaires du d\u00e9veloppement et \u00e0 les catalyser afin de surmonter les menaces qui p\u00e8sent sur l&rsquo;utilisation durable des terres, la biodiversit\u00e9, les services \u00e9cosyst\u00e9miques et les processus \u00e9cologiques, ainsi que les obstacles \u00e0 une croissance verte durable.<\/p>\n\n\n\n<h2 class=\"wp-block-heading\">Actions sp\u00e9cifiques<\/h2>\n\n\n\n<p>Le projet aidera les gouvernements \u00e0 \u00e9laborer des r\u00e9glementations compatibles avec le climat pour l&rsquo;adaptation au changement climatique et son att\u00e9nuation, l&rsquo;am\u00e9nagement du territoire, l&rsquo;agriculture intelligente face au climat et la r\u00e9duction des risques de catastrophe. Une \u00e9valuation de la vuln\u00e9rabilit\u00e9 permettra d&rsquo;identifier les risques climatiques potentiels et leurs impacts, et des \u00e9tudes de faisabilit\u00e9 ax\u00e9es sur l&rsquo;agriculture de subsistance dans la province d&rsquo;Enga. L&rsquo;am\u00e9lioration de la cartographie num\u00e9rique et des cartes des risques li\u00e9s aux zones \u00e0 haute valeur de conservation (HCV) et aux stocks de carbone \u00e9lev\u00e9 (HCS) permettra de mieux conna\u00eetre les conditions et les d\u00e9fis existants. La s\u00e9curit\u00e9 alimentaire et nutritionnelle sera renforc\u00e9e par des discussions avec les petits agriculteurs afin d&rsquo;am\u00e9liorer la production de l\u00e9gumes et de cultures, ainsi que par un acc\u00e8s facilit\u00e9 au financement. Des sessions de renforcement des capacit\u00e9s aideront les agriculteurs et les groupes de femmes \u00e0 d\u00e9velopper des approches et des techniques agricoles r\u00e9sistantes au climat. Le projet renforcera \u00e9galement la capacit\u00e9 des responsables provinciaux de l&rsquo;environnement, en particulier les femmes, \u00e0 am\u00e9liorer la conservation, la restauration et l&rsquo;utilisation durable de la biodiversit\u00e9 et des \u00e9cosyst\u00e8mes terrestres et forestiers.<\/p>\n<\/div>\n\n\n\n<div class=\"wp-block-column is-layout-flow wp-block-column-is-layout-flow\" style=\"flex-basis:33.33%\"><\/div>\n<\/div>\n\n<div class=\"wp-block-columns section-bg wpe-bggrey pt-5 pb-5 is-layout-flex wp-container-core-columns-is-layout-9d6595d7 wp-block-columns-is-layout-flex\">\n<div class=\"wp-block-column is-layout-flow wp-block-column-is-layout-flow\">\n<h2 class=\"wp-block-heading\">Contacts<\/h2>\n\n\n\n<ul class=\"wp-block-list\"><li>Sam Moko, sam.moko@undp.org<\/li><li>Ahmadjamshed Khoshbeen, ahmadjamshed.khoshbeen@undp.org<\/li><\/ul><\/div>\n<\/div>\n\n<div class=\"wp-block-columns is-layout-flex wp-container-core-columns-is-layout-9d6595d7 wp-block-columns-is-layout-flex\">\n<div class=\"wp-block-column is-layout-flow wp-block-column-is-layout-flow\">\n<h2 class=\"wp-block-heading\">Plus d&rsquo;informations<\/h2>\n\n\n\n<p><a href=\"https:\/\/www.pg.undp.org\/content\/papua_new_guinea\/en\/home\/presscenter\/pressreleases\/2021\/working-to-_green-papua-new-guineas-economy.html\">https:\/\/www.pg.undp.org\/content\/papua_new_guinea\/en\/home\/presscenter\/pressreleases\/2021\/working-to-_green-papua-new-guineas-economy.html<\/a><\/p>\n<\/div>\n<\/div>\n","protected":false},"excerpt":{"rendered":"<p>Renforcement de la gestion int\u00e9gr\u00e9e et durable du paysage dans la province d&rsquo;Enga, Papouasie-Nouvelle-Guin\u00e9e Partenaires : Le Programme des Nations Unies pour le d\u00e9veloppement (PNUD) est le principal partenaire de mise en \u0153uvre. Le partenaire ex\u00e9cutif est la Climate Change and Development Authority (CCDA). Les autres partenaires comprennent : le renforcement des capacit\u00e9s de gestion [&hellip;]<\/p>\n","protected":false},"author":1,"featured_media":0,"parent":0,"menu_order":0,"comment_status":"closed","ping_status":"closed","template":"templates\/template-page-gutenberg.php","meta":{"inline_featured_image":false,"footnotes":"","_links_to":"","_links_to_target":""},"class_list":["post-5942","page","type-page","status-publish","hentry"],"_links":{"self":[{"href":"https:\/\/landscapesfuture.org\/fr\/wp-json\/wp\/v2\/pages\/5942","targetHints":{"allow":["GET"]}}],"collection":[{"href":"https:\/\/landscapesfuture.org\/fr\/wp-json\/wp\/v2\/pages"}],"about":[{"href":"https:\/\/landscapesfuture.org\/fr\/wp-json\/wp\/v2\/types\/page"}],"author":[{"embeddable":true,"href":"https:\/\/landscapesfuture.org\/fr\/wp-json\/wp\/v2\/users\/1"}],"replies":[{"embeddable":true,"href":"https:\/\/landscapesfuture.org\/fr\/wp-json\/wp\/v2\/comments?post=5942"}],"version-history":[{"count":5,"href":"https:\/\/landscapesfuture.org\/fr\/wp-json\/wp\/v2\/pages\/5942\/revisions"}],"predecessor-version":[{"id":10350,"href":"https:\/\/landscapesfuture.org\/fr\/wp-json\/wp\/v2\/pages\/5942\/revisions\/10350"}],"wp:attachment":[{"href":"https:\/\/landscapesfuture.org\/fr\/wp-json\/wp\/v2\/media?parent=5942"}],"curies":[{"name":"wp","href":"https:\/\/api.w.org\/{rel}","templated":true}]}}