{"id":5939,"date":"2021-08-21T22:12:34","date_gmt":"2021-08-21T15:12:34","guid":{"rendered":"https:\/\/landscapesfuture.org\/republique-democratique-populaire-lao\/"},"modified":"2022-09-08T16:32:01","modified_gmt":"2022-09-08T09:32:01","slug":"republique-democratique-populaire-lao","status":"publish","type":"page","link":"https:\/\/landscapesfuture.org\/fr\/republique-democratique-populaire-lao\/","title":{"rendered":"R\u00e9publique d\u00e9mocratique populaire lao"},"content":{"rendered":"<style>\n@media only screen and (max-width: 960px) {\n   #hero-page{\n    background-image:url(\"https:\/\/landscapesfuture.org\/wp-content\/uploads\/2021\/11\/laos-2.jpg\");\n    background-position-y: bottom;\n    background-position-x: center;\n  }\n}\n\n#hero-page::after {\n    position: absolute;\n    content: ' ';\n    z-index: 0;\n    height: 100%;\n    width: 100%;\n    background-color: rgb(0,0,0,0.4);\n    top: 0;\n    left: 0;\n}\n#hero-page.section-bg::before{\nbackground-position-y: -385px;\n}\n\n.page #header #menu a {\n    color: #fff;\n}\n\n.page #header #menu .sub-menu li a{\n  color:#333;\n}\n\n.page #header #menu .sub-menu li a:hover{\n color:#FFFFFF;\n}\n\n.home.page-id-429 #wrapper, .page.page-id-429 #wrapper {\n    margin-top: 82px;\n}\n.home.page-id-429 #header, .page.page-id-429 #header {\n    background-color: #2E3546;\n    border: 0px;\n}\n\n.home.page-id-429 #header.darkHeader #menu a, \n.page.page-id-429 #header.darkHeader #menu a{\n   color:#252122;\n}\n\n.home.page-id-429  #header.darkHeader, .page.page-id-429  #header.darkHeader {\n    background-color: #FFFFFF;\n    border-bottom: 1px solid #ddd;\n}<\/style>\n<!-- section hero -->\n<!-- close div before -->\n        <\/div>\n    <\/article>\n<\/div>\n\n<div id=\"hero-page\" class=\" block-hero-page flex-vcenter section-bg\">\n    <div class=\"block-hero-page_bg\">\n        <img decoding=\"async\" src=\"https:\/\/landscapesfuture.org\/wp-content\/uploads\/2021\/11\/laos-2.jpg\">\n    <\/div>\n    <div class=\"block-hero-page_overlay\"><\/div>\n    <div class=\"block-hero-page_content\">\n        <div class=\"container\">\n\n            <div class=\"hero-page\">\n                <div class=\"hero-page_title text-light\">\n                    <h1>Lao People\u2019s Democratic Republic<\/h1>\n                    <!--<p><\/p>-->\n                                    <\/div>\n            <\/div>\n        <\/div>\n    <\/div>\n<\/div>\n\n<div class=\"container\">\n    <div class=\"row\">\n        <div class=\"col-12\">\n            <div class=\"breadcrumbs\" itemscope itemtype=\"http:\/\/schema.org\/BreadcrumbList\"><span itemprop=\"itemListElement\" itemscope itemtype=\"http:\/\/schema.org\/ListItem\"><a class=\"breadcrumbs__link\" href=\"https:\/\/landscapesfuture.org\/fr\/\" itemprop=\"item\"><span itemprop=\"name\">Accueil<\/span><\/a><meta itemprop=\"position\" content=\"1\" \/><\/span><\/div><!-- .breadcrumbs -->        <\/div>\n    <\/div>\n<\/div>\n\n<div class=\"container\">\n    <article id=\"post-5939\" class=\"post-5939 page type-page status-publish hentry\">\n        <div class=\"entry-content\">\n<h1 class=\"project-title has-very-dark-gray-color has-text-color wp-block-heading\">Conservation des \u00e9cosyst\u00e8mes par la gestion int\u00e9gr\u00e9e du paysage en R\u00e9publique d\u00e9mocratique populaire lao (ECILL)<\/h1>\n\n    <style> \n        .logo-partner-on-team {\n              max-height: 80px;\n              max-width: 180px;\n        }\n    <\/style><div id=\"\" class=\" block-clear wpe-block\"><h3 class=\"mt-3 mb-4 fs-3-5\"><\/h3><div><\/div><div class=\"wpe-block-title\"><h2>Lead implementer<\/h2><\/div><div class=\"d-flex justify-content-start flex-wrap flex-row columns-10 middle-md m-margin-bottom-30 partner-list-items\" style=\"justify-content: flex-start;\">\n    \n            <div class=\"me-4 mb-4 partner-item d-table\">\n                <a href=\"https:\/\/www.wcs.org\/\" class=\"d-table-cell align-middle\" title=\"Wildlife Conservation Society (WCS)\">\n                    <img decoding=\"async\" src=\"https:\/\/landscapesfuture.org\/wp-content\/uploads\/2023\/10\/WCS-Logo-white-letters.png\" alt=\"Wildlife Conservation Society (WCS)\" class=\"logo-partner-on-team\" title=\"Wildlife Conservation Society (WCS)\">\n                <\/a>\n            <\/div><\/div><div class=\"wpe-block-title\"><h2>Partner<\/h2><\/div><div class=\"d-flex justify-content-start flex-wrap flex-row columns-10 middle-md m-margin-bottom-30 partner-list-items\" style=\"justify-content: flex-start;\">\n    \n            <div class=\"me-4 mb-4 partner-item d-table\">\n                <a href=\"https:\/\/www.gret.org\/\" class=\"d-table-cell align-middle\" title=\"Groupe de Recherches et d\u2019Exchanges Technologiques (GRET) Tetrakyts\">\n                    <img decoding=\"async\" src=\"http:\/\/landscapesfuture.org\/wp-content\/uploads\/2022\/01\/GRET-logo.jpg\" alt=\"Groupe de Recherches et d\u2019Exchanges Technologiques (GRET) Tetrakyts\" class=\"logo-partner-on-team\" title=\"Groupe de Recherches et d\u2019Exchanges Technologiques (GRET) Tetrakyts\">\n                <\/a>\n            <\/div>\n    \n            <div class=\"me-4 mb-4 partner-item d-table\">\n                <a href=\"\" class=\"d-table-cell align-middle\" title=\"Agence Fran\u00e7aise de D\u00e9veloppement (AFD)\">\n                    <img decoding=\"async\" src=\"http:\/\/landscapesfuture.org\/wp-content\/uploads\/2022\/02\/AFD-300.png\" alt=\"Agence Fran\u00e7aise de D\u00e9veloppement (AFD)\" class=\"logo-partner-on-team\" title=\"Agence Fran\u00e7aise de D\u00e9veloppement (AFD)\">\n                <\/a>\n            <\/div>\n    \n            <div class=\"me-4 mb-4 partner-item d-table\">\n                <a href=\"\" class=\"d-table-cell align-middle\" title=\"DOF\">\n                    <img decoding=\"async\" src=\"http:\/\/landscapesfuture.org\/wp-content\/uploads\/2022\/02\/DOF-300.png\" alt=\"DOF\" class=\"logo-partner-on-team\" title=\"DOF\">\n                <\/a>\n            <\/div><\/div><\/div>\n<div class=\"wp-block-columns is-layout-flex wp-container-core-columns-is-layout-9d6595d7 wp-block-columns-is-layout-flex\">\n<div class=\"wp-block-column is-layout-flow wp-block-column-is-layout-flow\" style=\"flex-basis:66.66%\">\n<p><strong>Principal responsable de la mise en \u0153uvre :<\/strong> Wildlife Conservation Society<\/p>\n\n\n\n<p><strong>Partenaires :<\/strong> Groupe de Recherches et d&rsquo;Echanges Technologiques (GRET) Tetrakyts<\/p>\n<\/div>\n\n\n\n<div class=\"wp-block-column is-layout-flow wp-block-column-is-layout-flow\" style=\"flex-basis:33.33%\"><\/div>\n<\/div>\n\n<div class=\"wp-block-columns is-layout-flex wp-container-core-columns-is-layout-9d6595d7 wp-block-columns-is-layout-flex\">\n<div class=\"wp-block-column is-layout-flow wp-block-column-is-layout-flow\">\n<h2 class=\"wp-block-heading\">D\u00e9fis<\/h2>\n\n\n\n<p>Le hotspot de biodiversit\u00e9 d&rsquo;Indo-Birmanie est l&rsquo;un des hotspots les plus vuln\u00e9rables de la plan\u00e8te en raison d&rsquo;une d\u00e9forestation importante, principalement due \u00e0 l&rsquo;agriculture \u00e0 grande \u00e9chelle et au d\u00e9veloppement d&rsquo;infrastructures fragmentant des paysages d&rsquo;une grande biodiversit\u00e9. La R\u00e9publique d\u00e9mocratique populaire lao et ses voisins d\u00e9pendent de l&rsquo;agro-industrie, de l&rsquo;hydro\u00e9lectricit\u00e9, de l&rsquo;exploitation mini\u00e8re et d&rsquo;autres industries \u00e0 grande \u00e9chelle pour leur d\u00e9veloppement \u00e9conomique, ce qui expose les for\u00eats et les zones prot\u00e9g\u00e9es de la r\u00e9gion \u00e0 un risque de d\u00e9forestation et de d\u00e9gradation. Une nouvelle approche est n\u00e9cessaire pour g\u00e9rer durablement les ressources naturelles de la r\u00e9gion et \u00e9quilibrer d\u00e9veloppement \u00e9conomique et conservation.<\/p>\n<\/div>\n\n\n\n<div class=\"wp-block-column is-layout-flow wp-block-column-is-layout-flow\">\n<h2 class=\"wp-block-heading\">Objectif<\/h2>\n\n\n\n<p>Prot\u00e9ger les for\u00eats et la biodiversit\u00e9 de la R\u00e9publique d\u00e9mocratique populaire lao tout en aidant les populations rurales pauvres \u00e0 g\u00e9rer durablement leurs ressources gr\u00e2ce \u00e0 une approche int\u00e9gr\u00e9e du paysage et \u00e0 un mod\u00e8le de croissance verte.<\/p>\n<\/div>\n<\/div>\n\n<div class=\"wp-block-columns section-bg wpe-mapbg pt-5 pb-5 is-layout-flex wp-container-core-columns-is-layout-9d6595d7 wp-block-columns-is-layout-flex\">\n<div class=\"wp-block-column is-layout-flow wp-block-column-is-layout-flow\">\n<img decoding=\"async\" src=\"http:\/\/landscapesfuture.org\/wp-content\/uploads\/svg-map\/Landscape%20for%20our%20future-country%20map-worldwide_Laos.svg\" style=\"width:100%;padding-right:60px\" \/><\/div>\n\n\n\n<div class=\"wp-block-column is-layout-flow wp-block-column-is-layout-flow\">\n<h2 class=\"wp-block-heading\">Paysages<\/h2>\n\n\n\n<p>La R\u00e9publique d\u00e9mocratique populaire lao fait partie du hotspot de biodiversit\u00e9 de l&rsquo;Indo-Birmanie, qui comprend 14 des 200 plus importantes bior\u00e9gions du monde ainsi que 439 zones cl\u00e9s pour la biodiversit\u00e9 terrestre couvrant 800 000 km2 d&rsquo;habitat. Le pays poss\u00e8de une agrobiodiversit\u00e9 riche et unique, avec plus de 100 esp\u00e8ces v\u00e9g\u00e9tales cultiv\u00e9es et 2 000 esp\u00e8ces collect\u00e9es par les communaut\u00e9s rurales pour soutenir leurs moyens de subsistance. Environ 54 % de la production \u00e9conomique de la R\u00e9publique d\u00e9mocratique populaire lao provient des ressources naturelles, dont 33 % des bassins versants qui permettent la production d&rsquo;hydro\u00e9lectricit\u00e9. Le pays investit massivement dans l&rsquo;agroalimentaire et les industries extractives, qui devraient conna\u00eetre une croissance de 25 % d&rsquo;ici \u00e0 2030. Avec environ 80% de sa population d\u00e9pendant de l&rsquo;agriculture pour ses moyens de subsistance, la R\u00e9publique d\u00e9mocratique populaire lao est tr\u00e8s expos\u00e9e aux effets du changement climatique. Elle est d\u00e9j\u00e0 confront\u00e9e \u00e0 des catastrophes naturelles de plus en plus fr\u00e9quentes, telles que les inondations et la s\u00e9cheresse, qui co\u00fbtent environ 3 % de son produit int\u00e9rieur brut en dommages annuels.<\/p>\n<\/div>\n<\/div>\n\n<div class=\"wp-block-columns is-layout-flex wp-container-core-columns-is-layout-9d6595d7 wp-block-columns-is-layout-flex\">\n<div class=\"wp-block-column is-layout-flow wp-block-column-is-layout-flow\" style=\"flex-basis:66.66%\">\n<h2 class=\"wp-block-heading\">Approcher<\/h2>\n\n\n\n<p>Le projet utilisera une approche int\u00e9gr\u00e9e du paysage et un mod\u00e8le de croissance verte pour am\u00e9liorer les cadres r\u00e9glementaires, pr\u00e9server les for\u00eats et la biodiversit\u00e9 de la R\u00e9publique d\u00e9mocratique populaire lao gr\u00e2ce \u00e0 l&rsquo;intendance des communaut\u00e9s locales, et aider les communaut\u00e9s rurales \u00e0 g\u00e9rer durablement leurs ressources naturelles. Le projet \u00e9tablira des mod\u00e8les de cogestion gr\u00e2ce auxquels les communaut\u00e9s et le gouvernement local pourront collectivement faire entendre leur voix et obtenir des avantages, tout en engageant le secteur priv\u00e9 dans des pratiques commerciales durables. Le projet cherchera \u00e9galement \u00e0 informer les politiques nationales sur l&rsquo;utilisation des terres, la gestion des for\u00eats et le d\u00e9veloppement \u00e9conomique, ainsi que les mod\u00e8les de cogestion qui impliquent les communaut\u00e9s, le gouvernement local et le secteur priv\u00e9. Le projet vise \u00e0 promouvoir des produits et des services adapt\u00e9s au climat qui tirent parti de la riche agrobiodiversit\u00e9 du pays pour soutenir les moyens de subsistance locaux. Le projet couvre trois zones riches en biodiversit\u00e9 en R\u00e9publique d\u00e9mocratique populaire lao : le parc national de Nam Et-Phou Louey, le paysage de la zone prot\u00e9g\u00e9e de Bolikhamxay et le complexe de zones humides Ramsar de Xe Champhone \u00e0 Savannakhet.<\/p>\n\n\n\n<h2 class=\"wp-block-heading\">Actions sp\u00e9cifiques<\/h2>\n\n\n\n<p>En partenariat avec les communaut\u00e9s locales, le projet d\u00e9veloppera et mettra en \u0153uvre des plans participatifs d&rsquo;utilisation des terres et de zonage qui seront li\u00e9s aux accords et aux plans d&rsquo;action de conservation. Il aidera les communaut\u00e9s locales \u00e0 comprendre leurs droits sur les ressources fonci\u00e8res et foresti\u00e8res dans les cadres juridiques nationaux. Le projet contribuera \u00e0 d\u00e9velopper des cha\u00eenes de valeur pour les produits agricoles, les produits forestiers et l&rsquo;\u00e9cotourisme respectueux du climat, afin de stimuler les revenus locaux tout en pr\u00e9servant la biodiversit\u00e9. Il mettra \u00e9galement en \u0153uvre des mod\u00e8les qui impliquent directement les acteurs du secteur priv\u00e9 afin d&rsquo;am\u00e9liorer le respect des meilleures pratiques socio-\u00e9conomiques et de d\u00e9velopper des m\u00e9canismes d&rsquo;incitation, comme les compensations pour la conservation des for\u00eats et les paiements pour les services \u00e9cosyst\u00e9miques. Enfin, le projet alimentera la politique environnementale nationale en contribuant \u00e0 l&rsquo;\u00e9laboration d&rsquo;une feuille de route vers une strat\u00e9gie de financement durable pour les zones prot\u00e9g\u00e9es de la R\u00e9publique d\u00e9mocratique populaire lao, ainsi qu&rsquo;en fournissant une assistance technique aux agences gouvernementales pour soutenir le d\u00e9veloppement de la l\u00e9gislation sur les for\u00eats et les zones humides et renforcer les capacit\u00e9s de gestion des terres.<\/p>\n<\/div>\n\n\n\n<div class=\"wp-block-column is-layout-flow wp-block-column-is-layout-flow\" style=\"flex-basis:33.33%\"><\/div>\n<\/div>\n\n<div class=\"wp-block-columns section-bg wpe-bggrey pt-5 pb-5 is-layout-flex wp-container-core-columns-is-layout-9d6595d7 wp-block-columns-is-layout-flex\">\n<div class=\"wp-block-column is-layout-flow wp-block-column-is-layout-flow\">\n<h2 class=\"wp-block-heading\">Contact<\/h2>\n\n\n\n<p>Dr Santi Saypanya, directeur national, programme de la R\u00e9publique d\u00e9mocratique populaire lao de WCS, ssaypanya@wcs.org.<\/p>\n<\/div>\n<\/div>\n\n<div class=\"wp-block-columns is-layout-flex wp-container-core-columns-is-layout-9d6595d7 wp-block-columns-is-layout-flex\">\n<div class=\"wp-block-column is-layout-flow wp-block-column-is-layout-flow\">\n<h2 class=\"wp-block-heading\">Plus d&rsquo;informations<\/h2>\n\n\n\n<ul class=\"wp-block-list\"><li><a href=\"https:\/\/laos.wcs.org\/\" target=\"_blank\" rel=\"noreferrer noopener\">laos.wcs.org<\/a><\/li><li><a href=\"https:\/\/www.facebook.com\/WCSLaoPDR\" target=\"_blank\" rel=\"noreferrer noopener\">facebook.com\/WCSLaoPDR<\/a><\/li><\/ul><\/div>\n<\/div>\n","protected":false},"excerpt":{"rendered":"<p>Conservation des \u00e9cosyst\u00e8mes par la gestion int\u00e9gr\u00e9e du paysage en R\u00e9publique d\u00e9mocratique populaire lao (ECILL) Principal responsable de la mise en \u0153uvre : Wildlife Conservation Society Partenaires : Groupe de Recherches et d&rsquo;Echanges Technologiques (GRET) Tetrakyts D\u00e9fis Le hotspot de biodiversit\u00e9 d&rsquo;Indo-Birmanie est l&rsquo;un des hotspots les plus vuln\u00e9rables de la plan\u00e8te en raison d&rsquo;une [&hellip;]<\/p>\n","protected":false},"author":1,"featured_media":0,"parent":0,"menu_order":0,"comment_status":"closed","ping_status":"closed","template":"templates\/template-page-gutenberg.php","meta":{"inline_featured_image":false,"footnotes":"","_links_to":"","_links_to_target":""},"class_list":["post-5939","page","type-page","status-publish","hentry"],"_links":{"self":[{"href":"https:\/\/landscapesfuture.org\/fr\/wp-json\/wp\/v2\/pages\/5939","targetHints":{"allow":["GET"]}}],"collection":[{"href":"https:\/\/landscapesfuture.org\/fr\/wp-json\/wp\/v2\/pages"}],"about":[{"href":"https:\/\/landscapesfuture.org\/fr\/wp-json\/wp\/v2\/types\/page"}],"author":[{"embeddable":true,"href":"https:\/\/landscapesfuture.org\/fr\/wp-json\/wp\/v2\/users\/1"}],"replies":[{"embeddable":true,"href":"https:\/\/landscapesfuture.org\/fr\/wp-json\/wp\/v2\/comments?post=5939"}],"version-history":[{"count":5,"href":"https:\/\/landscapesfuture.org\/fr\/wp-json\/wp\/v2\/pages\/5939\/revisions"}],"predecessor-version":[{"id":6738,"href":"https:\/\/landscapesfuture.org\/fr\/wp-json\/wp\/v2\/pages\/5939\/revisions\/6738"}],"wp:attachment":[{"href":"https:\/\/landscapesfuture.org\/fr\/wp-json\/wp\/v2\/media?parent=5939"}],"curies":[{"name":"wp","href":"https:\/\/api.w.org\/{rel}","templated":true}]}}