{"id":5936,"date":"2021-08-22T01:23:22","date_gmt":"2021-08-21T18:23:22","guid":{"rendered":"https:\/\/landscapesfuture.org\/cambodge\/"},"modified":"2023-10-10T19:29:07","modified_gmt":"2023-10-10T12:29:07","slug":"cambodge","status":"publish","type":"page","link":"https:\/\/landscapesfuture.org\/fr\/cambodge\/","title":{"rendered":"Cambodge"},"content":{"rendered":"<style>\n@media only screen and (max-width: 960px) {\n   #hero-page{\n    background-image:url(\"https:\/\/landscapesfuture.org\/wp-content\/uploads\/2021\/11\/Cambodia-1.jpg\");\n    background-position-y: bottom;\n    background-position-x: center;\n  }\n}\n\n#hero-page::after {\n    position: absolute;\n    content: ' ';\n    z-index: 0;\n    height: 100%;\n    width: 100%;\n    background-color: rgb(0,0,0,0.4);\n    top: 0;\n    left: 0;\n}\n#hero-page.section-bg::before{\nbackground-position-y: -385px;\n}\n\n.page #header #menu a {\n    color: #fff;\n}\n\n.page #header #menu .sub-menu li a{\n  color:#333;\n}\n\n.page #header #menu .sub-menu li a:hover{\n color:#FFFFFF;\n}\n\n.home.page-id-429 #wrapper, .page.page-id-429 #wrapper {\n    margin-top: 82px;\n}\n.home.page-id-429 #header, .page.page-id-429 #header {\n    background-color: #2E3546;\n    border: 0px;\n}\n\n.home.page-id-429 #header.darkHeader #menu a, \n.page.page-id-429 #header.darkHeader #menu a{\n   color:#252122;\n}\n\n.home.page-id-429  #header.darkHeader, .page.page-id-429  #header.darkHeader {\n    background-color: #FFFFFF;\n    border-bottom: 1px solid #ddd;\n}<\/style>\n<!-- section hero -->\n<!-- close div before -->\n        <\/div>\n    <\/article>\n<\/div>\n\n<div id=\"hero-page\" class=\" block-hero-page flex-vcenter section-bg\">\n    <div class=\"block-hero-page_bg\">\n        <img decoding=\"async\" src=\"https:\/\/landscapesfuture.org\/wp-content\/uploads\/2021\/11\/Cambodia-1.jpg\">\n    <\/div>\n    <div class=\"block-hero-page_overlay\"><\/div>\n    <div class=\"block-hero-page_content\">\n        <div class=\"container\">\n\n            <div class=\"hero-page\">\n                <div class=\"hero-page_title text-light\">\n                    <h1>Cambodia<\/h1>\n                    <!--<p><\/p>-->\n                                    <\/div>\n            <\/div>\n        <\/div>\n    <\/div>\n<\/div>\n\n<div class=\"container\">\n    <div class=\"row\">\n        <div class=\"col-12\">\n            <div class=\"breadcrumbs\" itemscope itemtype=\"http:\/\/schema.org\/BreadcrumbList\"><span itemprop=\"itemListElement\" itemscope itemtype=\"http:\/\/schema.org\/ListItem\"><a class=\"breadcrumbs__link\" href=\"https:\/\/landscapesfuture.org\/fr\/\" itemprop=\"item\"><span itemprop=\"name\">Accueil<\/span><\/a><meta itemprop=\"position\" content=\"1\" \/><\/span><\/div><!-- .breadcrumbs -->        <\/div>\n    <\/div>\n<\/div>\n\n<div class=\"container\">\n    <article id=\"post-5936\" class=\"post-5936 page type-page status-publish hentry\">\n        <div class=\"entry-content\">\n<h1 class=\"project-title has-very-dark-gray-color has-text-color wp-block-heading\">Notre Tonl\u00e9 Sap<\/h1>\n\n    <style> \n        .logo-partner-on-team {\n              max-height: 80px;\n              max-width: 180px;\n        }\n    <\/style><div id=\"\" class=\" block-clear wpe-block\"><h3 class=\"mt-3 mb-4 fs-3-5\"><\/h3><div><\/div><div class=\"wpe-block-title\"><h2>Partners<\/h2><\/div><div class=\"d-flex justify-content-start flex-wrap flex-row columns-10 middle-md m-margin-bottom-30 partner-list-items\" style=\"justify-content: flex-start;\">\n    \n            <div class=\"me-4 mb-4 partner-item d-table\">\n                <a href=\"https:\/\/www.wcs.org\/\" class=\"d-table-cell align-middle\" title=\"Wildlife Conservation Society (WCS)\">\n                    <img decoding=\"async\" src=\"https:\/\/landscapesfuture.org\/wp-content\/uploads\/2023\/10\/WCS-Logo-white-letters.png\" alt=\"Wildlife Conservation Society (WCS)\" class=\"logo-partner-on-team\" title=\"Wildlife Conservation Society (WCS)\">\n                <\/a>\n            <\/div>\n    \n            <div class=\"me-4 mb-4 partner-item d-table\">\n                <a href=\"https:\/\/www.recoftc.org\/\" class=\"d-table-cell align-middle\" title=\"The Center for People and Forests (RECOFTC)\">\n                    <img decoding=\"async\" src=\"http:\/\/landscapesfuture.org\/wp-content\/uploads\/2022\/01\/RECOFTC_logo.png\" alt=\"The Center for People and Forests (RECOFTC)\" class=\"logo-partner-on-team\" title=\"The Center for People and Forests (RECOFTC)\">\n                <\/a>\n            <\/div>\n    \n            <div class=\"me-4 mb-4 partner-item d-table\">\n                <a href=\"https:\/\/www.forumciv.org\/int\" class=\"d-table-cell align-middle\" title=\"ForumCiv\">\n                    <img decoding=\"async\" src=\"http:\/\/landscapesfuture.org\/wp-content\/uploads\/2022\/01\/ForumCiv_logo.png\" alt=\"ForumCiv\" class=\"logo-partner-on-team\" title=\"ForumCiv\">\n                <\/a>\n            <\/div>\n    \n            <div class=\"me-4 mb-4 partner-item d-table\">\n                <a href=\"https:\/\/www.sheinvestments.com\/\" class=\"d-table-cell align-middle\" title=\"SHE Investments\">\n                    <img decoding=\"async\" src=\"http:\/\/landscapesfuture.org\/wp-content\/uploads\/2022\/01\/SHE-logo.png\" alt=\"SHE Investments\" class=\"logo-partner-on-team\" title=\"SHE Investments\">\n                <\/a>\n            <\/div>\n    \n            <div class=\"me-4 mb-4 partner-item d-table\">\n                <a href=\"https:\/\/www.sansommluppreykh.org\/\" class=\"d-table-cell align-middle\" title=\"Sansom Mlup Prey (SMP)\">\n                    <img decoding=\"async\" src=\"http:\/\/landscapesfuture.org\/wp-content\/uploads\/2022\/01\/SMP-logo.jpg\" alt=\"Sansom Mlup Prey (SMP)\" class=\"logo-partner-on-team\" title=\"Sansom Mlup Prey (SMP)\">\n                <\/a>\n            <\/div>\n    \n            <div class=\"me-4 mb-4 partner-item d-table\">\n                <a href=\"https:\/\/naturelifecambodia.org\/\" class=\"d-table-cell align-middle\" title=\"NatureLife Cambodia\">\n                    <img decoding=\"async\" src=\"http:\/\/landscapesfuture.org\/wp-content\/uploads\/2022\/01\/NatureLife-Cambodia-logo.png\" alt=\"NatureLife Cambodia\" class=\"logo-partner-on-team\" title=\"NatureLife Cambodia\">\n                <\/a>\n            <\/div>\n    \n            <div class=\"me-4 mb-4 partner-item d-table\">\n                <a href=\"https:\/\/www.oxfam.org\/en\" class=\"d-table-cell align-middle\" title=\"Oxfam International\">\n                    <img decoding=\"async\" src=\"http:\/\/landscapesfuture.org\/wp-content\/uploads\/2022\/01\/logo_Oxfam_international.png\" alt=\"Oxfam International\" class=\"logo-partner-on-team\" title=\"Oxfam International\">\n                <\/a>\n            <\/div>\n    \n            <div class=\"me-4 mb-4 partner-item d-table\">\n                <a href=\"http:\/\/www.cdpo.org\/en\/home\/\" class=\"d-table-cell align-middle\" title=\"Cambodian Disabled People\u2019s Organisation (CDPO)\">\n                    <img decoding=\"async\" src=\"http:\/\/landscapesfuture.org\/wp-content\/uploads\/2022\/01\/CDPO-logo.jpg\" alt=\"Cambodian Disabled People\u2019s Organisation (CDPO)\" class=\"logo-partner-on-team\" title=\"Cambodian Disabled People\u2019s Organisation (CDPO)\">\n                <\/a>\n            <\/div><\/div><\/div>\n<div class=\"wp-block-columns is-layout-flex wp-container-core-columns-is-layout-9d6595d7 wp-block-columns-is-layout-flex\">\n<div class=\"wp-block-column is-layout-flow wp-block-column-is-layout-flow\" style=\"flex-basis:66.66%\">\n<p><strong>Partenaires :<\/strong> The Center for People and Forests &#8211; RECOFTC, Wildlife Conservation Society, The Center for People and Forests, ForumCiv, SHE Investments, Sansom Mlup Prey (SMP), NatureLife Cambodia, Oxfam et l&rsquo;Organisation cambodgienne des personnes handicap\u00e9es (CDPO).<\/p>\n<\/div>\n\n\n\n<div class=\"wp-block-column is-layout-flow wp-block-column-is-layout-flow\" style=\"flex-basis:33.33%\"><\/div>\n<\/div>\n\n<div class=\"wp-block-columns is-layout-flex wp-container-core-columns-is-layout-9d6595d7 wp-block-columns-is-layout-flex\">\n<div class=\"wp-block-column is-layout-flow wp-block-column-is-layout-flow\">\n<h2 class=\"wp-block-heading\">D\u00e9fis<\/h2>\n\n\n\n<p>L&rsquo;\u00e9cosyst\u00e8me a connu des hausses de temp\u00e9rature, une augmentation des feux de for\u00eat, une chute alarmante de 80 \u00e0 90 % des prises de poissons depuis le d\u00e9but de l&rsquo;ann\u00e9e 2019, et la perte de 2 800<sup>km2<\/sup> d&rsquo;habitats inond\u00e9s de fa\u00e7on saisonni\u00e8re au profit de la riziculture de saison s\u00e8che. Mais il est possible d&rsquo;\u00e9viter une nouvelle d\u00e9gradation du TSBR gr\u00e2ce \u00e0 des projets de restauration de l&rsquo;habitat comme ceux qui ont r\u00e9ussi \u00e0 faire revivre des \u00e9cosyst\u00e8mes similaires en Europe. L&rsquo;adoption rapide de mesures d&rsquo;att\u00e9nuation et d&rsquo;adaptation et l&rsquo;am\u00e9lioration de la gouvernance du paysage peuvent contribuer \u00e0 renforcer la r\u00e9silience dans le TSBR.<\/p>\n<\/div>\n\n\n\n<div class=\"wp-block-column is-layout-flow wp-block-column-is-layout-flow\">\n<h2 class=\"wp-block-heading\">Objectif<\/h2>\n\n\n\n<p>Renforcer la r\u00e9silience des \u00e9cosyst\u00e8mes, des communaut\u00e9s et de la biodiversit\u00e9 face aux changements environnementaux rapides par une gestion int\u00e9gr\u00e9e du paysage dans la r\u00e9serve de biosph\u00e8re de Tonle Sap, au Cambodge.<\/p>\n<\/div>\n<\/div>\n\n<div class=\"wp-block-columns section-bg wpe-mapbg pt-5 pb-5 is-layout-flex wp-container-core-columns-is-layout-9d6595d7 wp-block-columns-is-layout-flex\">\n<div class=\"wp-block-column is-layout-flow wp-block-column-is-layout-flow\">\n<img decoding=\"async\" src=\"http:\/\/landscapesfuture.org\/wp-content\/uploads\/svg-map\/Landscape%20for%20our%20future-country%20map-worldwide_Cambodia.svg\" style=\"width:100%;padding-right:60px\"\/><\/div>\n\n\n\n<div class=\"wp-block-column is-layout-flow wp-block-column-is-layout-flow\">\n<h2 class=\"wp-block-heading\">Paysages<\/h2>\n\n\n\n<p>Cr\u00e9\u00e9e en 1997, la premi\u00e8re r\u00e9serve de biosph\u00e8re de l&rsquo;UNESCO au Cambodge &#8211; la r\u00e9serve de biosph\u00e8re de Tonle Sap (TSBR) &#8211; couvre une superficie de 14 812,6 km2. Ses for\u00eats et ses prairies, qui sont inond\u00e9es et drain\u00e9es chaque ann\u00e9e par le fleuve M\u00e9kong et ses affluents, abritent la plus grande colonie d&rsquo;oiseaux aquatiques d&rsquo;Asie du Sud-Est et plus de 50 esp\u00e8ces mondialement menac\u00e9es, comme le Floricain du Bengale, en danger critique d&rsquo;extinction. Abritant l&rsquo;une des p\u00eacheries int\u00e9rieures les plus productives au monde, le TSBR fait vivre plus de 1,5 million de personnes vivant dans la plaine inondable ou dans des maisons flottantes sur le lac, dont plus de 100 000 personnes pour qui la p\u00eache est la seule source de revenus. Pourtant, le changement climatique, la construction de barrages hydro\u00e9lectriques et le d\u00e9tournement des affluents pour l&rsquo;irrigation du riz d\u00e9clenchent des feux de for\u00eat et menacent l&rsquo;effondrement des stocks de poissons &#8211; et de l&rsquo;\u00e9cosyst\u00e8me lacustre lui-m\u00eame.<\/p>\n<\/div>\n<\/div>\n\n<div class=\"wp-block-columns is-layout-flex wp-container-core-columns-is-layout-9d6595d7 wp-block-columns-is-layout-flex\">\n<div class=\"wp-block-column is-layout-flow wp-block-column-is-layout-flow\" style=\"flex-basis:66.66%\">\n<h2 class=\"wp-block-heading\">Approcher<\/h2>\n\n\n\n<p>Ce projet vise \u00e0 relever ces d\u00e9fis en mettant en \u0153uvre une gestion int\u00e9gr\u00e9e du paysage, qui s&rsquo;attaquera directement aux impacts des facteurs de d\u00e9gradation mentionn\u00e9s ci-dessus gr\u00e2ce \u00e0 une gestion am\u00e9lior\u00e9e, une r\u00e9duction de l&rsquo;incidence des incendies, la replantation de for\u00eats inond\u00e9es et le d\u00e9veloppement de moyens de subsistance \u00e9cologiquement r\u00e9silients dans la TSBR. Dans la mesure du possible, le projet s&rsquo;attaquera \u00e9galement aux moteurs du changement en am\u00e9liorant la gouvernance et les politiques.<\/p>\n\n\n\n<h2 class=\"wp-block-heading\">Actions sp\u00e9cifiques<\/h2>\n\n\n\n<p>Les activit\u00e9s se concentreront sur la planification et la gestion du paysage, les mesures de pr\u00e9vention des incendies, la r\u00e9habilitation de la v\u00e9g\u00e9tation et l&rsquo;agriculture et la gestion foresti\u00e8re durables. Les approches sp\u00e9cifiques comprennent : la consultation participative avec les communaut\u00e9s et le gouvernement pour d\u00e9velopper un plan communautaire de pr\u00e9vention et de gestion des incendies ; le g\u00e9nie \u00e9cologique (par exemple, les digues, les \u00e9tangs) pour retenir l&rsquo;eau dans les zones critiques pour les \u0153ufs de poisson et les oiseaux d&rsquo;eau nicheurs ; le travail avec le secteur priv\u00e9 pour cr\u00e9er des incitations \u00e0 une agriculture plus durable ; le travail avec les femmes entrepreneurs pour d\u00e9velopper des moyens de subsistance alternatifs \u00e0 la p\u00eache ; et des outils tels qu&rsquo;une application d&rsquo;alerte aux incendies et un portail web pour \u00e9valuer l&rsquo;impact des d\u00e9veloppements propos\u00e9s sur l&rsquo;habitat.<\/p>\n<\/div>\n\n\n\n<div class=\"wp-block-column is-layout-flow wp-block-column-is-layout-flow\" style=\"flex-basis:33.33%\"><\/div>\n<\/div>\n\n<div class=\"wp-block-columns section-bg wpe-bggrey pt-5 pb-5 is-layout-flex wp-container-core-columns-is-layout-9d6595d7 wp-block-columns-is-layout-flex\">\n<div class=\"wp-block-column is-layout-flow wp-block-column-is-layout-flow\">\n<h2 class=\"wp-block-heading\">Contact<\/h2>\n\n\n\n<p>HOU Hemmunind, responsable de la communication, ourtonlesap@wcs.org<\/p>\n<\/div>\n<\/div>\n\n<div class=\"wp-block-columns is-layout-flex wp-container-core-columns-is-layout-9d6595d7 wp-block-columns-is-layout-flex\">\n<div class=\"wp-block-column is-layout-flow wp-block-column-is-layout-flow\">\n<h2 class=\"wp-block-heading\">Plus d&rsquo;informations<\/h2>\n\n\n\n<p><a href=\"https:\/\/cambodia.wcs.org\/saving-wild-places\/tonle-sap-lake-floodplain.aspx\">https:\/\/cambodia.wcs.org\/saving-wild-places\/tonle-sap-lake-floodplain.aspx<\/a><\/p>\n<\/div>\n<\/div>\n","protected":false},"excerpt":{"rendered":"<p>Notre Tonl\u00e9 Sap Partenaires : The Center for People and Forests &#8211; RECOFTC, Wildlife Conservation Society, The Center for People and Forests, ForumCiv, SHE Investments, Sansom Mlup Prey (SMP), NatureLife Cambodia, Oxfam et l&rsquo;Organisation cambodgienne des personnes handicap\u00e9es (CDPO). D\u00e9fis L&rsquo;\u00e9cosyst\u00e8me a connu des hausses de temp\u00e9rature, une augmentation des feux de for\u00eat, une chute [&hellip;]<\/p>\n","protected":false},"author":1,"featured_media":0,"parent":0,"menu_order":0,"comment_status":"closed","ping_status":"closed","template":"templates\/template-page-gutenberg.php","meta":{"inline_featured_image":false,"footnotes":"","_links_to":"","_links_to_target":""},"class_list":["post-5936","page","type-page","status-publish","hentry"],"_links":{"self":[{"href":"https:\/\/landscapesfuture.org\/fr\/wp-json\/wp\/v2\/pages\/5936","targetHints":{"allow":["GET"]}}],"collection":[{"href":"https:\/\/landscapesfuture.org\/fr\/wp-json\/wp\/v2\/pages"}],"about":[{"href":"https:\/\/landscapesfuture.org\/fr\/wp-json\/wp\/v2\/types\/page"}],"author":[{"embeddable":true,"href":"https:\/\/landscapesfuture.org\/fr\/wp-json\/wp\/v2\/users\/1"}],"replies":[{"embeddable":true,"href":"https:\/\/landscapesfuture.org\/fr\/wp-json\/wp\/v2\/comments?post=5936"}],"version-history":[{"count":5,"href":"https:\/\/landscapesfuture.org\/fr\/wp-json\/wp\/v2\/pages\/5936\/revisions"}],"predecessor-version":[{"id":10317,"href":"https:\/\/landscapesfuture.org\/fr\/wp-json\/wp\/v2\/pages\/5936\/revisions\/10317"}],"wp:attachment":[{"href":"https:\/\/landscapesfuture.org\/fr\/wp-json\/wp\/v2\/media?parent=5936"}],"curies":[{"name":"wp","href":"https:\/\/api.w.org\/{rel}","templated":true}]}}