{"id":5933,"date":"2021-07-05T06:26:23","date_gmt":"2021-07-04T23:26:23","guid":{"rendered":"https:\/\/landscapesfuture.org\/zimbabwe\/"},"modified":"2022-09-08T16:27:51","modified_gmt":"2022-09-08T09:27:51","slug":"zimbabwe","status":"publish","type":"page","link":"https:\/\/landscapesfuture.org\/fr\/zimbabwe\/","title":{"rendered":"Zimbabwe"},"content":{"rendered":"<style>\n@media only screen and (max-width: 960px) {\n   #hero-page{\n    background-image:url(\"https:\/\/landscapesfuture.org\/wp-content\/uploads\/2021\/11\/zimbabwe-3.jpg\");\n    background-position-y: bottom;\n    background-position-x: center;\n  }\n}\n\n#hero-page::after {\n    position: absolute;\n    content: ' ';\n    z-index: 0;\n    height: 100%;\n    width: 100%;\n    background-color: rgb(0,0,0,0.4);\n    top: 0;\n    left: 0;\n}\n#hero-page.section-bg::before{\nbackground-position-y: -385px;\n}\n\n.page #header #menu a {\n    color: #fff;\n}\n\n.page #header #menu .sub-menu li a{\n  color:#333;\n}\n\n.page #header #menu .sub-menu li a:hover{\n color:#FFFFFF;\n}\n<\/style>\n<!-- section hero -->\n<!-- close div before -->\n        <\/div>\n    <\/article>\n<\/div>\n\n<div id=\"hero-page\" class=\" block-hero-page flex-vcenter section-bg\">\n    <div class=\"block-hero-page_bg\">\n        <img decoding=\"async\" src=\"https:\/\/landscapesfuture.org\/wp-content\/uploads\/2021\/11\/zimbabwe-3.jpg\">\n    <\/div>\n    <div class=\"block-hero-page_overlay\"><\/div>\n    <div class=\"block-hero-page_content\">\n        <div class=\"container\">\n\n            <div class=\"hero-page\">\n                <div class=\"hero-page_title text-light\">\n                    <h1>Zimbabwe<\/h1>\n                    <!--<p><\/p>-->\n                                    <\/div>\n            <\/div>\n        <\/div>\n    <\/div>\n<\/div>\n\n<div class=\"container\">\n    <div class=\"row\">\n        <div class=\"col-12\">\n            <div class=\"breadcrumbs\" itemscope itemtype=\"http:\/\/schema.org\/BreadcrumbList\"><span itemprop=\"itemListElement\" itemscope itemtype=\"http:\/\/schema.org\/ListItem\"><a class=\"breadcrumbs__link\" href=\"https:\/\/landscapesfuture.org\/fr\/\" itemprop=\"item\"><span itemprop=\"name\">Accueil<\/span><\/a><meta itemprop=\"position\" content=\"1\" \/><\/span><\/div><!-- .breadcrumbs -->        <\/div>\n    <\/div>\n<\/div>\n\n<div class=\"container\">\n    <article id=\"post-5933\" class=\"post-5933 page type-page status-publish hentry\">\n        <div class=\"entry-content\">\n<h1 class=\"project-title wp-block-heading\">Gestion int\u00e9gr\u00e9e durable du paysage dans le parc national de Gonarezhou et les communaut\u00e9s environnantes, Zimbabwe<\/h1>\n\n    <style> \n        .logo-partner-on-team {\n              max-height: 80px;\n              max-width: 180px;\n        }\n    <\/style><div id=\"\" class=\" block-clear wpe-block\"><h3 class=\"mt-3 mb-4 fs-3-5\"><\/h3><div><\/div><div class=\"wpe-block-title\"><h2>Lead organization<\/h2><\/div><div class=\"d-flex justify-content-start flex-wrap flex-row columns-10 middle-md m-margin-bottom-30 partner-list-items\" style=\"justify-content: flex-start;\">\n    \n            <div class=\"me-4 mb-4 partner-item d-table\">\n                <a href=\"https:\/\/www.sustainableagritech.co.zw\/\" class=\"d-table-cell align-middle\" title=\"Sustainable Agriculture Technology, WILD Program Project\">\n                    <img decoding=\"async\" src=\"http:\/\/landscapesfuture.org\/wp-content\/uploads\/2022\/01\/SAT-logo.png\" alt=\"Sustainable Agriculture Technology, WILD Program Project\" class=\"logo-partner-on-team\" title=\"Sustainable Agriculture Technology, WILD Program Project\">\n                <\/a>\n            <\/div><\/div><div class=\"wpe-block-title\"><h2>Partners<\/h2><\/div><div class=\"d-flex justify-content-start flex-wrap flex-row columns-10 middle-md m-margin-bottom-30 partner-list-items\" style=\"justify-content: flex-start;\">\n    \n            <div class=\"me-4 mb-4 partner-item d-table\">\n                <a href=\"https:\/\/gonarezhou.org\/\" class=\"d-table-cell align-middle\" title=\"Gonarezhou Conservation Trust\">\n                    <img decoding=\"async\" src=\"http:\/\/landscapesfuture.org\/wp-content\/uploads\/2022\/01\/GCT-logo.png\" alt=\"Gonarezhou Conservation Trust\" class=\"logo-partner-on-team\" title=\"Gonarezhou Conservation Trust\">\n                <\/a>\n            <\/div>\n    \n            <div class=\"me-4 mb-4 partner-item d-table\">\n                <a href=\"https:\/\/www.cesvi.eu\/\" class=\"d-table-cell align-middle\" title=\"cesvi\">\n                    <img decoding=\"async\" src=\"http:\/\/landscapesfuture.org\/wp-content\/uploads\/2022\/01\/cesvi-logo.jpg\" alt=\"cesvi\" class=\"logo-partner-on-team\" title=\"cesvi\">\n                <\/a>\n            <\/div>\n    \n            <div class=\"me-4 mb-4 partner-item d-table\">\n                <a href=\"https:\/\/www.ccfa.africa\/2019\/08\/15\/jamanda-community-conservancy-project\/\" class=\"d-table-cell align-middle\" title=\"Jamanda Community Conservancy\">\n                    <img decoding=\"async\" src=\"http:\/\/landscapesfuture.org\/wp-content\/uploads\/2022\/01\/Community-Conservation-Fund-Africa-CCFA-Logo.png\" alt=\"Jamanda Community Conservancy\" class=\"logo-partner-on-team\" title=\"Jamanda Community Conservancy\">\n                <\/a>\n            <\/div>\n    \n            <div class=\"me-4 mb-4 partner-item d-table\">\n                <a href=\"\" class=\"d-table-cell align-middle\" title=\"WILD-Africa\">\n                    <img decoding=\"async\" src=\"http:\/\/landscapesfuture.org\/wp-content\/uploads\/2022\/02\/wild-africa-300.png\" alt=\"WILD-Africa\" class=\"logo-partner-on-team\" title=\"WILD-Africa\">\n                <\/a>\n            <\/div><\/div><\/div>\n<div class=\"wp-block-columns is-layout-flex wp-container-core-columns-is-layout-9d6595d7 wp-block-columns-is-layout-flex\">\n<div class=\"wp-block-column is-layout-flow wp-block-column-is-layout-flow\" style=\"flex-basis:66.66%\">\n<p><strong>Organisation responsable :<\/strong> Projet de programme WILD sur les technologies d&rsquo;agriculture durable<\/p>\n\n\n\n<p><strong>Partenaires :<\/strong> Gonarezhou Conservation Trust, Cesvi, Jamanda Community Conservancy, Manjinji Bosman&rsquo;s Community Conservation and Tourism Partnership, WILD-Africa.<\/p>\n\n\n\n<h2 class=\"wp-block-heading\">Domaines th\u00e9matiques cl\u00e9s<\/h2>\n\n\n\n<p>Le \u00ab\u00a0triple d\u00e9fi\u00a0\u00bb qui consiste \u00e0 trouver un \u00e9quilibre entre la n\u00e9cessit\u00e9 (1) d&#8217;emp\u00eacher une nouvelle perte de biodiversit\u00e9 et de maintenir les services \u00e9cosyst\u00e9miques vitaux ; (2) d&rsquo;att\u00e9nuer le changement climatique et de s&rsquo;y adapter, tout en (3) soutenant durablement une population humaine croissante.<\/p>\n<\/div>\n\n\n\n<div class=\"wp-block-column is-layout-flow wp-block-column-is-layout-flow\" style=\"flex-basis:33.33%\"><\/div>\n<\/div>\n\n<div class=\"wp-block-columns is-layout-flex wp-container-core-columns-is-layout-9d6595d7 wp-block-columns-is-layout-flex\">\n<div class=\"wp-block-column is-layout-flow wp-block-column-is-layout-flow\">\n<h2 class=\"wp-block-heading\">D\u00e9fis<\/h2>\n\n\n\n<p>La s\u00e9cheresse et la grave d\u00e9gradation de l&rsquo;environnement, ainsi que le peu de possibilit\u00e9s de g\u00e9n\u00e9rer des revenus dans et autour des zones prot\u00e9g\u00e9es, ont \u00e9t\u00e9 exacerb\u00e9s par les extr\u00eames climatiques et l&rsquo;instabilit\u00e9 politique. La mauvaise gestion des ressources naturelles a entra\u00een\u00e9 une grave d\u00e9gradation des terres, le m\u00e9contentement des communaut\u00e9s et la d\u00e9t\u00e9rioration de l&rsquo;\u00e9ducation, de la sant\u00e9, des infrastructures et des services sociaux. La perturbation des corridors de vie sauvage et l&#8217;empi\u00e8tement sur les zones tampons autour des parcs ont affaibli les \u00e9cosyst\u00e8mes, avec une escalade du braconnage pour alimenter les r\u00e9seaux internationaux de trafic d&rsquo;esp\u00e8ces sauvages, et \u00e9rod\u00e9 la s\u00e9curit\u00e9 des communaut\u00e9s.<\/p>\n<\/div>\n\n\n\n<div class=\"wp-block-column is-layout-flow wp-block-column-is-layout-flow\">\n<h2 class=\"wp-block-heading\">Objectif<\/h2>\n\n\n\n<p>Am\u00e9liorer la prosp\u00e9rit\u00e9 sociale, \u00e9conomique et \u00e9cologique et la r\u00e9silience des communaut\u00e9s et des zones prot\u00e9g\u00e9es dans la partie zimbabw\u00e9enne de la <em>zone de conservation transfrontali\u00e8re de Great-Limpopo (GLTFCA<\/em>), par le biais de :<\/p>\n\n\n\n<ul class=\"wp-block-list\"><li>Objectif sp\u00e9cifique 1 : D\u00e9veloppement d&rsquo;un cadre int\u00e9gr\u00e9 durable et inclusif d&rsquo;utilisation des terres et de gestion des ressources naturelles et de d\u00e9veloppement durable pour le parc national de Gonarezhou et les communaut\u00e9s voisines ;<\/li><li>Objectif sp\u00e9cifique 2 : Cr\u00e9ation d&rsquo;un Fonds pour l&rsquo;environnement et le d\u00e9veloppement communautaire (CEDF) pour soutenir la mise en \u0153uvre \u00e0 long terme du plan d&rsquo;am\u00e9nagement int\u00e9gr\u00e9 du territoire.<\/li><\/ul><\/div>\n<\/div>\n\n<div class=\"wp-block-columns section-bg wpe-mapbg pt-5 pb-5 is-layout-flex wp-container-core-columns-is-layout-9d6595d7 wp-block-columns-is-layout-flex\">\n<div class=\"wp-block-column is-layout-flow wp-block-column-is-layout-flow\">\n<img decoding=\"async\" src=\"http:\/\/landscapesfuture.org\/wp-content\/uploads\/svg-map\/Landscape%20for%20our%20future-country%20map-worldwide_Zimbabwe.svg\" style=\"width:100%;padding-right:60px\" \/><\/div>\n\n\n\n<div class=\"wp-block-column is-layout-flow wp-block-column-is-layout-flow\">\n<h2 class=\"wp-block-heading\">Paysages<\/h2>\n\n\n\n<p>La GLTFCA est une vaste biosph\u00e8re qui relie de grands parcs nationaux, des bassins versants et des communaut\u00e9s \u00e0 travers le Zimbabwe, le Mozambique et l&rsquo;Afrique du Sud. Le projet englobera le parc national de Gonarezhou et toutes les communaut\u00e9s adjacentes constituant la partie zimbabw\u00e9enne de la GL-TFCA, en mettant l&rsquo;accent sur le corridor de Sengwe Tchipise et les secteurs de Mahenye, soit environ 650 000 hectares. La r\u00e9gion est extr\u00eamement chaude, semi-aride et caract\u00e9ris\u00e9e par de faibles pr\u00e9cipitations, et est sujette \u00e0 des s\u00e9cheresses prolong\u00e9es et r\u00e9currentes. Cela rend la culture traditionnelle en zone aride et l&rsquo;\u00e9levage communautaire extr\u00eamement marginaux en tant qu&rsquo;utilisations primaires des terres. \u00c0 la suite d&rsquo;une grande s\u00e9cheresse en 1991-92, la majorit\u00e9 des ranchs de b\u00e9tail priv\u00e9s ont pris la d\u00e9cision \u00e9conomique de passer \u00e0 la production d&rsquo;animaux sauvages \u00e0 grande \u00e9chelle pour le tourisme, qui s&rsquo;est av\u00e9r\u00e9e plus durable sur le plan \u00e9cologique et \u00e9conomique et plus r\u00e9sistante \u00e0 la s\u00e9cheresse.<\/p>\n<\/div>\n<\/div>\n\n<div class=\"wp-block-columns is-layout-flex wp-container-core-columns-is-layout-9d6595d7 wp-block-columns-is-layout-flex\">\n<div class=\"wp-block-column is-layout-flow wp-block-column-is-layout-flow\" style=\"flex-basis:66.66%\">\n<h2 class=\"wp-block-heading\">Approcher<\/h2>\n\n\n\n<p>Le projet relie les principaux parcs nationaux de trois pays, cr\u00e9ant ainsi un couloir de migration pour les animaux, ce qui r\u00e9duit la pression sur les zones prot\u00e9g\u00e9es. En collaboration avec les communaut\u00e9s locales, l&rsquo;approche consiste \u00e0 stimuler l&rsquo;\u00e9cotourisme et les opportunit\u00e9s \u00e9conomiques, en s&rsquo;attaquant \u00e0 des probl\u00e8mes socio-\u00e9conomiques plus profonds tout en prot\u00e9geant le paysage. La durabilit\u00e9 \u00e0 long terme sera assur\u00e9e par des activit\u00e9s g\u00e9n\u00e9ratrices de revenus, telles que la construction d&rsquo;une ferme solaire et la mise en \u0153uvre de programmes de s\u00e9questration du carbone REDD+, et par le renforcement des capacit\u00e9s pour une planification de l&rsquo;utilisation des terres, une gestion environnementale et une gouvernance am\u00e9lior\u00e9es et efficaces.<\/p>\n\n\n\n<h2 class=\"wp-block-heading\">Actions sp\u00e9cifiques<\/h2>\n\n\n\n<p>Les actions sp\u00e9cifiques comprennent la mise \u00e0 jour et la r\u00e9vision du plan de gestion g\u00e9n\u00e9ral du parc national de Gonarezhou, qui sera int\u00e9gr\u00e9 aux plans d&rsquo;utilisation des terres \u00e9labor\u00e9s avec et pour les zones communautaires voisines. Des plans au niveau communautaire seront \u00e9galement co-d\u00e9velopp\u00e9s pour la gestion de l&rsquo;environnement, et des organisations communautaires seront facilit\u00e9es pour aider \u00e0 accro\u00eetre l&rsquo;engagement, la sensibilisation et le renforcement des capacit\u00e9s dans chacun des cinq secteurs communautaires voisins du PN de Gonarezhou. Une \u00e9tude de base socio-\u00e9conomique et environnementale sera r\u00e9alis\u00e9e, int\u00e9grant les syst\u00e8mes, les \u00e9quipements et le renforcement des capacit\u00e9s. Un fournisseur professionnel de services solaires sera charg\u00e9 de construire une ferme solaire \u00e0 l&rsquo;\u00e9chelle commerciale, et des contrats seront n\u00e9goci\u00e9s pour la vente d&rsquo;\u00e9nergie \u00e0 long terme. Le paiement des services \u00e9cosyst\u00e9miques sera mis en \u0153uvre, comme un mod\u00e8le de s\u00e9questration du carbone de type REDD+, de l&rsquo;\u00e9tablissement \u00e0 la vente du carbone.<\/p>\n<\/div>\n\n\n\n<div class=\"wp-block-column is-layout-flow wp-block-column-is-layout-flow\" style=\"flex-basis:33.33%\"><\/div>\n<\/div>\n\n<div class=\"wp-block-columns section-bg wpe-bggrey pt-5 pb-5 is-layout-flex wp-container-core-columns-is-layout-9d6595d7 wp-block-columns-is-layout-flex\">\n<div class=\"wp-block-column is-layout-flow wp-block-column-is-layout-flow\">\n<h2 class=\"wp-block-heading\">Contact<\/h2>\n\n\n\n<p>Dr Chap Masterson<br \/>Coordinateur technique, WILD-Africa<\/p>\n<\/div>\n<\/div>\n\n<div class=\"wp-block-columns is-layout-flex wp-container-core-columns-is-layout-9d6595d7 wp-block-columns-is-layout-flex\">\n<div class=\"wp-block-column is-layout-flow wp-block-column-is-layout-flow\">\n<h2 class=\"wp-block-heading\">Plus d&rsquo;informations<\/h2>\n\n\n\n<p>Page web du projet :<a href=\"http:\/\/www.WILD-Africa.org\/EU-ILMP\" target=\"_blank\" rel=\"noreferrer noopener\"> www.WILD-Africa.org\/EU-ILMP<\/a> (en cours de construction)<br \/>Site web partenaire :<\/p>\n\n\n\n<ul class=\"wp-block-list\"><li><a href=\"https:\/\/landscapesfuture.org\/actions\/regions\/africa\/zimbabwe\/www.WILD-Africa.org\" target=\"_blank\" rel=\"noreferrer noopener\">www.WILD-Africa.org<\/a><\/li><li><a href=\"https:\/\/gonarezhou.org\/\" target=\"_blank\" rel=\"noreferrer noopener\">www.gonarezhou.org<\/a><\/li><li><a href=\"http:\/\/www.sustainableagrictrust.co.zw\/\" target=\"_blank\" rel=\"noreferrer noopener\">www.sustainableagrictrust.co.zw<\/a><\/li><li><a href=\"https:\/\/www.cesvi.eu\/\" target=\"_blank\" rel=\"noreferrer noopener\">www.cesvi.eu<\/a><\/li><\/ul><\/div>\n<\/div>\n","protected":false},"excerpt":{"rendered":"<p>Gestion int\u00e9gr\u00e9e durable du paysage dans le parc national de Gonarezhou et les communaut\u00e9s environnantes, Zimbabwe Organisation responsable : Projet de programme WILD sur les technologies d&rsquo;agriculture durable Partenaires : Gonarezhou Conservation Trust, Cesvi, Jamanda Community Conservancy, Manjinji Bosman&rsquo;s Community Conservation and Tourism Partnership, WILD-Africa. Domaines th\u00e9matiques cl\u00e9s Le \u00ab\u00a0triple d\u00e9fi\u00a0\u00bb qui consiste \u00e0 trouver [&hellip;]<\/p>\n","protected":false},"author":1,"featured_media":0,"parent":0,"menu_order":0,"comment_status":"closed","ping_status":"closed","template":"templates\/template-page-gutenberg.php","meta":{"inline_featured_image":false,"footnotes":"","_links_to":"","_links_to_target":""},"class_list":["post-5933","page","type-page","status-publish","hentry"],"_links":{"self":[{"href":"https:\/\/landscapesfuture.org\/fr\/wp-json\/wp\/v2\/pages\/5933","targetHints":{"allow":["GET"]}}],"collection":[{"href":"https:\/\/landscapesfuture.org\/fr\/wp-json\/wp\/v2\/pages"}],"about":[{"href":"https:\/\/landscapesfuture.org\/fr\/wp-json\/wp\/v2\/types\/page"}],"author":[{"embeddable":true,"href":"https:\/\/landscapesfuture.org\/fr\/wp-json\/wp\/v2\/users\/1"}],"replies":[{"embeddable":true,"href":"https:\/\/landscapesfuture.org\/fr\/wp-json\/wp\/v2\/comments?post=5933"}],"version-history":[{"count":5,"href":"https:\/\/landscapesfuture.org\/fr\/wp-json\/wp\/v2\/pages\/5933\/revisions"}],"predecessor-version":[{"id":6733,"href":"https:\/\/landscapesfuture.org\/fr\/wp-json\/wp\/v2\/pages\/5933\/revisions\/6733"}],"wp:attachment":[{"href":"https:\/\/landscapesfuture.org\/fr\/wp-json\/wp\/v2\/media?parent=5933"}],"curies":[{"name":"wp","href":"https:\/\/api.w.org\/{rel}","templated":true}]}}