{"id":5930,"date":"2021-08-21T21:44:05","date_gmt":"2021-08-21T14:44:05","guid":{"rendered":"https:\/\/landscapesfuture.org\/senegal\/"},"modified":"2022-09-08T16:25:31","modified_gmt":"2022-09-08T09:25:31","slug":"senegal","status":"publish","type":"page","link":"https:\/\/landscapesfuture.org\/fr\/senegal\/","title":{"rendered":"S\u00e9n\u00e9gal"},"content":{"rendered":"<style>\n@media only screen and (max-width: 960px) {\n   #hero-page{\n    background-image:url(\"https:\/\/landscapesfuture.org\/wp-content\/uploads\/2021\/11\/senegal-1.jpg\");\n    background-position-y: bottom;\n    background-position-x: center;\n  }\n}\n\n#hero-page::after {\n    position: absolute;\n    content: ' ';\n    z-index: 0;\n    height: 100%;\n    width: 100%;\n    background-color: rgb(0,0,0,0.4);\n    top: 0;\n    left: 0;\n}\n#hero-page.section-bg::before{\nbackground-position-y: -385px;\n}\n\n.page #header #menu a {\n    color: #fff;\n}\n\n.page #header #menu .sub-menu li a{\n  color:#333;\n}\n\n.page #header #menu .sub-menu li a:hover{\n color:#FFFFFF;\n}\n\n.home.page-id-429 #wrapper, .page.page-id-429 #wrapper {\n    margin-top: 82px;\n}\n.home.page-id-429 #header, .page.page-id-429 #header {\n    background-color: #2E3546;\n    border: 0px;\n}\n\n.home.page-id-429 #header.darkHeader #menu a, \n.page.page-id-429 #header.darkHeader #menu a{\n   color:#252122;\n}\n\n.home.page-id-429  #header.darkHeader, .page.page-id-429  #header.darkHeader {\n    background-color: #FFFFFF;\n    border-bottom: 1px solid #ddd;\n}<\/style>\n<!-- section hero -->\n<!-- close div before -->\n        <\/div>\n    <\/article>\n<\/div>\n\n<div id=\"hero-page\" class=\" block-hero-page flex-vcenter section-bg\">\n    <div class=\"block-hero-page_bg\">\n        <img decoding=\"async\" src=\"https:\/\/landscapesfuture.org\/wp-content\/uploads\/2021\/11\/senegal-1.jpg\">\n    <\/div>\n    <div class=\"block-hero-page_overlay\"><\/div>\n    <div class=\"block-hero-page_content\">\n        <div class=\"container\">\n\n            <div class=\"hero-page\">\n                <div class=\"hero-page_title text-light\">\n                    <h1>Senegal<\/h1>\n                    <!--<p><\/p>-->\n                                    <\/div>\n            <\/div>\n        <\/div>\n    <\/div>\n<\/div>\n\n<div class=\"container\">\n    <div class=\"row\">\n        <div class=\"col-12\">\n            <div class=\"breadcrumbs\" itemscope itemtype=\"http:\/\/schema.org\/BreadcrumbList\"><span itemprop=\"itemListElement\" itemscope itemtype=\"http:\/\/schema.org\/ListItem\"><a class=\"breadcrumbs__link\" href=\"https:\/\/landscapesfuture.org\/fr\/\" itemprop=\"item\"><span itemprop=\"name\">Accueil<\/span><\/a><meta itemprop=\"position\" content=\"1\" \/><\/span><\/div><!-- .breadcrumbs -->        <\/div>\n    <\/div>\n<\/div>\n\n<div class=\"container\">\n    <article id=\"post-5930\" class=\"post-5930 page type-page status-publish hentry\">\n        <div class=\"entry-content\">\n<h1 class=\"project-title has-very-dark-gray-color has-text-color wp-block-heading\">Reboisement et r\u00e9silience pour prot\u00e9ger les territoires et les \u00e9cosyst\u00e8mes du S\u00e9n\u00e9gal<\/h1>\n\n    <style> \n        .logo-partner-on-team {\n              max-height: 80px;\n              max-width: 180px;\n        }\n    <\/style><div id=\"\" class=\" block-clear wpe-block\"><h3 class=\"mt-3 mb-4 fs-3-5\"><\/h3><div><\/div><div class=\"wpe-block-title\"><h2>Partners<\/h2><\/div><div class=\"d-flex justify-content-start flex-wrap flex-row columns-10 middle-md m-margin-bottom-30 partner-list-items\" style=\"justify-content: flex-start;\">\n    \n            <div class=\"me-4 mb-4 partner-item d-table\">\n                <a href=\"http:\/\/www.fao.org\/home\/en\/\" class=\"d-table-cell align-middle\" title=\"Food and Agriculture Organization of the United Nations (FAO)\">\n                    <img decoding=\"async\" src=\"https:\/\/www.cifor.org\/wp-content\/uploads\/2020\/04\/FAO-logo.png\" alt=\"Food and Agriculture Organization of the United Nations (FAO)\" class=\"logo-partner-on-team\" title=\"Food and Agriculture Organization of the United Nations (FAO)\">\n                <\/a>\n            <\/div>\n    \n            <div class=\"me-4 mb-4 partner-item d-table\">\n                <a href=\"https:\/\/www.thegef.org\/\" class=\"d-table-cell align-middle\" title=\"Global Environment Facility (GEF)\">\n                    <img decoding=\"async\" src=\"https:\/\/www.cifor.org\/wp-content\/uploads\/2020\/04\/gef_logo.png\" alt=\"Global Environment Facility (GEF)\" class=\"logo-partner-on-team\" title=\"Global Environment Facility (GEF)\">\n                <\/a>\n            <\/div><\/div><\/div>\n<div class=\"wp-block-columns is-layout-flex wp-container-core-columns-is-layout-9d6595d7 wp-block-columns-is-layout-flex\">\n<div class=\"wp-block-column is-layout-flow wp-block-column-is-layout-flow\" style=\"flex-basis:66.66%\">\n<p><strong>Partenaires :<\/strong> Agence s\u00e9n\u00e9galaise de reboisement de la grande muraille verte (ASRGM) avec l&rsquo;appui technique de l&rsquo;Organisation des Nations unies pour l&rsquo;alimentation et l&rsquo;agriculture, municipalit\u00e9s, secteur priv\u00e9 et organisations non gouvernementales.<\/p>\n<\/div>\n\n\n\n<div class=\"wp-block-column is-layout-flow wp-block-column-is-layout-flow\" style=\"flex-basis:33.33%\"><\/div>\n<\/div>\n\n<div class=\"wp-block-columns is-layout-flex wp-container-core-columns-is-layout-9d6595d7 wp-block-columns-is-layout-flex\">\n<div class=\"wp-block-column is-layout-flow wp-block-column-is-layout-flow\">\n<h2 class=\"wp-block-heading\">D\u00e9fis<\/h2>\n\n\n\n<p>La majeure partie de la population rurale du S\u00e9n\u00e9gal vit de la terre, mais la d\u00e9forestation et la d\u00e9gradation des sols sont mont\u00e9es en fl\u00e8che en raison du changement climatique et de la surexploitation des ressources naturelles. Le pays a perdu 13 % de sa superficie foresti\u00e8re depuis 1990, et un tiers de sa superficie terrestre est aujourd&rsquo;hui d\u00e9grad\u00e9e, dont deux tiers des terres arables. La gouvernance environnementale est tr\u00e8s insuffisante au niveau national, tandis que les communaut\u00e9s locales ne sont pas suffisamment impliqu\u00e9es dans la gestion des ressources naturelles.<\/p>\n<\/div>\n\n\n\n<div class=\"wp-block-column is-layout-flow wp-block-column-is-layout-flow\">\n<h2 class=\"wp-block-heading\">Objectif<\/h2>\n\n\n\n<p>Ce projet vise \u00e0 am\u00e9liorer la r\u00e9silience des communaut\u00e9s aux impacts du changement climatique par une gestion participative et durable des terres et des \u00e9cosyst\u00e8mes.<\/p>\n<\/div>\n<\/div>\n\n<div class=\"wp-block-columns section-bg wpe-mapbg pt-5 pb-5 is-layout-flex wp-container-core-columns-is-layout-9d6595d7 wp-block-columns-is-layout-flex\">\n<div class=\"wp-block-column is-layout-flow wp-block-column-is-layout-flow\">\n<img decoding=\"async\" src=\"http:\/\/landscapesfuture.org\/wp-content\/uploads\/svg-map\/Landscape%20for%20our%20future-country%20map-worldwide_Senegal.svg\" style=\"width:100%;padding-right:60px\" \/><\/div>\n\n\n\n<div class=\"wp-block-column is-layout-flow wp-block-column-is-layout-flow\">\n<h2 class=\"wp-block-heading\">Paysages<\/h2>\n\n\n\n<p>Ce projet sera mis en \u0153uvre dans deux zones \u00e9co-g\u00e9ographiques du S\u00e9n\u00e9gal : une zone sylvo-pastorale au nord, o\u00f9 la Grande Muraille Verte est en cours de construction, et un bassin arachidier au centre et \u00e0 l&rsquo;ouest du S\u00e9n\u00e9gal. La zone sylvo-pastorale des r\u00e9gions de Louga et Matam se caract\u00e9rise par un climat d\u00e9sertique, avec des temp\u00e9ratures \u00e9lev\u00e9es et de faibles pr\u00e9cipitations. L&rsquo;\u00e9conomie r\u00e9gionale repose en grande partie sur l&rsquo;\u00e9levage en raison de l&rsquo;abondance des zones de p\u00e2turage. Dans le bassin arachidier, la r\u00e9gion de Kaffrine, \u00e0 l&rsquo;int\u00e9rieur, a un climat semi-aride chaud, tandis que la r\u00e9gion de Fatick, sur la c\u00f4te, est tropicale et b\u00e9n\u00e9ficie de niveaux \u00e9lev\u00e9s de biodiversit\u00e9 contenus dans une s\u00e9rie d&rsquo;aires prot\u00e9g\u00e9es terrestres et marines. Dans les quatre r\u00e9gions, mais surtout dans le bassin arachidier, les terres ont \u00e9t\u00e9 fortement d\u00e9grad\u00e9es en raison de causes humaines et naturelles, notamment la d\u00e9forestation, les incendies et l&rsquo;\u00e9rosion. Cette d\u00e9gradation limite la productivit\u00e9 agricole et pastorale, mena\u00e7ant \u00e0 terme la s\u00e9curit\u00e9 alimentaire dans tout le S\u00e9n\u00e9gal.<\/p>\n<\/div>\n<\/div>\n\n<div class=\"wp-block-columns is-layout-flex wp-container-core-columns-is-layout-9d6595d7 wp-block-columns-is-layout-flex\">\n<div class=\"wp-block-column is-layout-flow wp-block-column-is-layout-flow\" style=\"flex-basis:66.66%\">\n<h2 class=\"wp-block-heading\">Approcher<\/h2>\n\n\n\n<p>Ce projet permettra de renforcer la r\u00e9silience au changement climatique, de promouvoir des moyens de subsistance durables et d&rsquo;am\u00e9liorer la s\u00e9curit\u00e9 alimentaire gr\u00e2ce \u00e0 la gouvernance participative et int\u00e9gr\u00e9e des terres, des \u00e9cosyst\u00e8mes et des ressources naturelles. La mise en \u0153uvre d&rsquo;une approche paysag\u00e8re permettra de restaurer les \u00e9cosyst\u00e8mes et les services \u00e9cosyst\u00e9miques, de stimuler le pi\u00e9geage du carbone et de favoriser les syst\u00e8mes d&rsquo;utilisation durable des terres. Enfin, il renforcera les capacit\u00e9s des communaut\u00e9s locales en am\u00e9liorant et en d\u00e9veloppant des cha\u00eenes de valeur durables pour les produits forestiers non ligneux et en encourageant les partenariats public-priv\u00e9.<\/p>\n\n\n\n<h2 class=\"wp-block-heading\">Actions sp\u00e9cifiques<\/h2>\n\n\n\n<ul class=\"wp-block-list\"><li>L&rsquo;autonomisation des femmes et l&#8217;employabilit\u00e9 des jeunes.<\/li><li>Le projet visera \u00e0 renforcer les cadres institutionnels du S\u00e9n\u00e9gal pour la gestion des ressources naturelles, notamment en d\u00e9veloppant une strat\u00e9gie de reboisement ainsi qu&rsquo;un syst\u00e8me de suivi participatif.<\/li><li>Afin d&rsquo;\u00e9valuer les progr\u00e8s du pays par rapport aux engagements pris dans le cadre de l&rsquo;Accord de Paris, le projet mettra en place un syst\u00e8me de mesure, de rapport et de v\u00e9rification et formera le personnel des minist\u00e8res concern\u00e9s \u00e0 son fonctionnement.<\/li><li>Pour assurer la participation active des communaut\u00e9s locales \u00e0 la restauration du paysage, le projet formera les populations locales \u00e0 l&rsquo;agroforesterie et \u00e0 la restauration des sols, ainsi qu&rsquo;\u00e0 la gestion de projet.<\/li><li>Le projet travaillera avec les producteurs et d&rsquo;autres acteurs pour d\u00e9velopper des cha\u00eenes de valeur durables pour les produits forestiers non ligneux et les former \u00e0 des comp\u00e9tences commerciales essentielles telles que la gestion, la finance, le marketing et le d\u00e9veloppement de plans d&rsquo;affaires.<\/li><li>Enfin, le projet m\u00e8nera un projet pilote d&rsquo;\u00e9cotourisme rural en \u00e9valuant les attractions touristiques potentielles, puis en les commercialisant aupr\u00e8s du secteur priv\u00e9.<\/li><\/ul><\/div>\n\n\n\n<div class=\"wp-block-column is-layout-flow wp-block-column-is-layout-flow\" style=\"flex-basis:33.33%\"><\/div>\n<\/div>\n\n<div class=\"wp-block-columns section-bg wpe-bggrey pt-5 pb-5 is-layout-flex wp-container-core-columns-is-layout-9d6595d7 wp-block-columns-is-layout-flex\">\n<div class=\"wp-block-column is-layout-flow wp-block-column-is-layout-flow\" style=\"flex-basis:66.66%\">\n<h2 class=\"wp-block-heading\">Contacts<\/h2>\n\n\n\n<ul class=\"wp-block-list\"><li>Savadogo, Patrice (Patrice.Savadogo@fao.org)<\/li><li>FAO-SN@fao.org<\/li><\/ul><\/div>\n\n\n\n<div class=\"wp-block-column is-layout-flow wp-block-column-is-layout-flow\" style=\"flex-basis:33.33%\"><\/div>\n<\/div>\n\n<div class=\"wp-block-columns is-layout-flex wp-container-core-columns-is-layout-9d6595d7 wp-block-columns-is-layout-flex\">\n<div class=\"wp-block-column is-layout-flow wp-block-column-is-layout-flow\" style=\"flex-basis:66.66%\">\n<h2 class=\"wp-block-heading\">Plus d&rsquo;informations<\/h2>\n\n\n\n<p><a href=\"https:\/\/www.fao.org\/senegal\/fr\/\">https:\/\/www.fao.org\/senegal\/fr\/<\/a><\/p>\n<\/div>\n\n\n\n<div class=\"wp-block-column is-layout-flow wp-block-column-is-layout-flow\" style=\"flex-basis:33.33%\"><\/div>\n<\/div>\n","protected":false},"excerpt":{"rendered":"<p>Reboisement et r\u00e9silience pour prot\u00e9ger les territoires et les \u00e9cosyst\u00e8mes du S\u00e9n\u00e9gal Partenaires : Agence s\u00e9n\u00e9galaise de reboisement de la grande muraille verte (ASRGM) avec l&rsquo;appui technique de l&rsquo;Organisation des Nations unies pour l&rsquo;alimentation et l&rsquo;agriculture, municipalit\u00e9s, secteur priv\u00e9 et organisations non gouvernementales. D\u00e9fis La majeure partie de la population rurale du S\u00e9n\u00e9gal vit de [&hellip;]<\/p>\n","protected":false},"author":1,"featured_media":0,"parent":0,"menu_order":0,"comment_status":"closed","ping_status":"closed","template":"templates\/template-page-gutenberg.php","meta":{"inline_featured_image":false,"footnotes":"","_links_to":"","_links_to_target":""},"class_list":["post-5930","page","type-page","status-publish","hentry"],"_links":{"self":[{"href":"https:\/\/landscapesfuture.org\/fr\/wp-json\/wp\/v2\/pages\/5930","targetHints":{"allow":["GET"]}}],"collection":[{"href":"https:\/\/landscapesfuture.org\/fr\/wp-json\/wp\/v2\/pages"}],"about":[{"href":"https:\/\/landscapesfuture.org\/fr\/wp-json\/wp\/v2\/types\/page"}],"author":[{"embeddable":true,"href":"https:\/\/landscapesfuture.org\/fr\/wp-json\/wp\/v2\/users\/1"}],"replies":[{"embeddable":true,"href":"https:\/\/landscapesfuture.org\/fr\/wp-json\/wp\/v2\/comments?post=5930"}],"version-history":[{"count":5,"href":"https:\/\/landscapesfuture.org\/fr\/wp-json\/wp\/v2\/pages\/5930\/revisions"}],"predecessor-version":[{"id":6730,"href":"https:\/\/landscapesfuture.org\/fr\/wp-json\/wp\/v2\/pages\/5930\/revisions\/6730"}],"wp:attachment":[{"href":"https:\/\/landscapesfuture.org\/fr\/wp-json\/wp\/v2\/media?parent=5930"}],"curies":[{"name":"wp","href":"https:\/\/api.w.org\/{rel}","templated":true}]}}