{"id":5927,"date":"2021-08-21T21:43:51","date_gmt":"2021-08-21T14:43:51","guid":{"rendered":"https:\/\/landscapesfuture.org\/sao-tome-et-principe\/"},"modified":"2022-09-08T15:32:38","modified_gmt":"2022-09-08T08:32:38","slug":"sao-tome-et-principe","status":"publish","type":"page","link":"https:\/\/landscapesfuture.org\/fr\/sao-tome-et-principe\/","title":{"rendered":"S\u00e3o Tom\u00e9 et Pr\u00edncipe"},"content":{"rendered":"<style>\n@media only screen and (max-width: 960px) {\n   #hero-page{\n    background-image:url(\"https:\/\/landscapesfuture.org\/wp-content\/uploads\/2021\/11\/STP_prtg-1.jpg\");\n    background-position-y: bottom;\n    background-position-x: center;\n  }\n}\n\n#hero-page::after {\n    position: absolute;\n    content: ' ';\n    z-index: 0;\n    height: 100%;\n    width: 100%;\n    background-color: rgb(0,0,0,0.4);\n    top: 0;\n    left: 0;\n}\n#hero-page.section-bg::before{\nbackground-position-y: -385px;\n}\n\n.page #header #menu a {\n    color: #fff;\n}\n\n.page #header #menu .sub-menu li a{\n  color:#333;\n}\n\n.page #header #menu .sub-menu li a:hover{\n color:#FFFFFF;\n}\n\n.home.page-id-429 #wrapper, .page.page-id-429 #wrapper {\n    margin-top: 82px;\n}\n.home.page-id-429 #header, .page.page-id-429 #header {\n    background-color: #2E3546;\n    border: 0px;\n}\n\n.home.page-id-429 #header.darkHeader #menu a, \n.page.page-id-429 #header.darkHeader #menu a{\n   color:#252122;\n}\n\n.home.page-id-429  #header.darkHeader, .page.page-id-429  #header.darkHeader {\n    background-color: #FFFFFF;\n    border-bottom: 1px solid #ddd;\n}<\/style>\n<!-- section hero -->\n<!-- close div before -->\n        <\/div>\n    <\/article>\n<\/div>\n\n<div id=\"hero-page\" class=\" block-hero-page flex-vcenter section-bg\">\n    <div class=\"block-hero-page_bg\">\n        <img decoding=\"async\" src=\"https:\/\/landscapesfuture.org\/wp-content\/uploads\/2021\/11\/STP_prtg-1.jpg\">\n    <\/div>\n    <div class=\"block-hero-page_overlay\"><\/div>\n    <div class=\"block-hero-page_content\">\n        <div class=\"container\">\n\n            <div class=\"hero-page\">\n                <div class=\"hero-page_title text-light\">\n                    <h1>S\u00e3o Tom\u00e9 et Pr\u00edncipe<\/h1>\n                    <!--<p><\/p>-->\n                                    <\/div>\n            <\/div>\n        <\/div>\n    <\/div>\n<\/div>\n\n<div class=\"container\">\n    <div class=\"row\">\n        <div class=\"col-12\">\n            <div class=\"breadcrumbs\" itemscope itemtype=\"http:\/\/schema.org\/BreadcrumbList\"><span itemprop=\"itemListElement\" itemscope itemtype=\"http:\/\/schema.org\/ListItem\"><a class=\"breadcrumbs__link\" href=\"https:\/\/landscapesfuture.org\/fr\/\" itemprop=\"item\"><span itemprop=\"name\">Accueil<\/span><\/a><meta itemprop=\"position\" content=\"1\" \/><\/span><\/div><!-- .breadcrumbs -->        <\/div>\n    <\/div>\n<\/div>\n\n<div class=\"container\">\n    <article id=\"post-5927\" class=\"post-5927 page type-page status-publish hentry\">\n        <div class=\"entry-content\">\n\n\n<h1 class=\"project-title has-very-dark-gray-color has-text-color wp-block-heading\">D\u00e9veloppement de mod\u00e8les d&rsquo;agroforesterie durable gr\u00e2ce \u00e0 des approches de gestion int\u00e9gr\u00e9e des terres pour l&rsquo;adaptation et l&rsquo;att\u00e9nuation du changement climatique, la conservation des \u00e9cosyst\u00e8mes et le d\u00e9veloppement \u00e9conomique<\/h1>\n\n\n\n    <style> \n        .logo-partner-on-team {\n              max-height: 80px;\n              max-width: 180px;\n        }\n    <\/style><div id=\"\" class=\" block-clear wpe-block\"><h3 class=\"mt-3 mb-4 fs-3-5\"><\/h3><div><\/div><div class=\"wpe-block-title\"><h2>Lead applicant<\/h2><\/div><div class=\"d-flex justify-content-start flex-wrap flex-row columns-10 middle-md m-margin-bottom-30 partner-list-items\" style=\"justify-content: flex-start;\">\n    \n            <div class=\"me-4 mb-4 partner-item d-table\">\n                <a href=\"https:\/\/www.oikos.pt\/\" class=\"d-table-cell align-middle\" title=\"Oikos \u2013 Coopera\u00e7\u00e3o e Desenvolvimento\">\n                    <img decoding=\"async\" src=\"https:\/\/landscapesfuture.org\/wp-content\/uploads\/2023\/10\/logotipo_original.png\" alt=\"Oikos \u2013 Coopera\u00e7\u00e3o e Desenvolvimento\" class=\"logo-partner-on-team\" title=\"Oikos \u2013 Coopera\u00e7\u00e3o e Desenvolvimento\">\n                <\/a>\n            <\/div><\/div><div class=\"wpe-block-title\"><h2>Co-applicants<\/h2><\/div><div class=\"d-flex justify-content-start flex-wrap flex-row columns-10 middle-md m-margin-bottom-30 partner-list-items\" style=\"justify-content: flex-start;\">\n    \n            <div class=\"me-4 mb-4 partner-item d-table\">\n                <a href=\"https:\/\/www.birdlife.org\/\" class=\"d-table-cell align-middle\" title=\"BirdLife International\">\n                    <img decoding=\"async\" src=\"http:\/\/landscapesfuture.org\/wp-content\/uploads\/2022\/01\/BirdLife-International-logo.png\" alt=\"BirdLife International\" class=\"logo-partner-on-team\" title=\"BirdLife International\">\n                <\/a>\n            <\/div>\n    \n            <div class=\"me-4 mb-4 partner-item d-table\">\n                <a href=\"\" class=\"d-table-cell align-middle\" title=\"Zatona\u2013ADIL\">\n                    <img decoding=\"async\" src=\"http:\/\/landscapesfuture.org\/wp-content\/uploads\/2022\/01\/Zatona-logo.png\" alt=\"Zatona\u2013ADIL\" class=\"logo-partner-on-team\" title=\"Zatona\u2013ADIL\">\n                <\/a>\n            <\/div>\n    \n            <div class=\"me-4 mb-4 partner-item d-table\">\n                <a href=\"https:\/\/www.birdlife.org\/partners\/kenya-nature-kenya-the-east-africa-natural-history-society\/\" class=\"d-table-cell align-middle\" title=\"NatureKenya\">\n                    <img decoding=\"async\" src=\"http:\/\/landscapesfuture.org\/wp-content\/uploads\/2022\/02\/NatureKenya_logo-300.png\" alt=\"NatureKenya\" class=\"logo-partner-on-team\" title=\"NatureKenya\">\n                <\/a>\n            <\/div><\/div><\/div>\n\n\n<div class=\"wp-block-columns is-layout-flex wp-container-core-columns-is-layout-9d6595d7 wp-block-columns-is-layout-flex\">\n<div class=\"wp-block-column is-layout-flow wp-block-column-is-layout-flow\" style=\"flex-basis:66.66%\">\n<p><strong>Partenaires :<\/strong> Candidat principal : Oikos &#8211; Coopera\u00e7\u00e3o e Desenvolvimento Co-candidats : BirdLife International (UK), Zatona-ADIL, BirdLife International (Kenya)<\/p>\n\n\n\n<h2 class=\"wp-block-heading\">Domaines th\u00e9matiques cl\u00e9s<\/h2>\n\n\n\n<p>Zones de conservation prot\u00e9g\u00e9es, syst\u00e8mes agroforestiers, gouvernance participative, changement climatique, approche de la gestion des paysages et des \u00e9cosyst\u00e8mes.<\/p>\n<\/div>\n\n\n\n<div class=\"wp-block-column is-layout-flow wp-block-column-is-layout-flow\" style=\"flex-basis:33.33%\"><\/div>\n<\/div>\n\n\n\n<div class=\"wp-block-columns is-layout-flex wp-container-core-columns-is-layout-9d6595d7 wp-block-columns-is-layout-flex\">\n<div class=\"wp-block-column is-layout-flow wp-block-column-is-layout-flow\">\n<h2 class=\"wp-block-heading\">Les d\u00e9fis<\/h2>\n\n\n\n<p>Il existe quatre principaux facteurs de perte de biodiversit\u00e9 dans STP, en particulier dans ses \u00e9cosyst\u00e8mes forestiers : le changement d&rsquo;affectation des terres, la faible productivit\u00e9, la surexploitation des ressources naturelles, et la pollution et le changement climatique.<\/p>\n\n\n\n<p>Des lacunes et des obstacles importants subsistent dans les cadres juridiques\/r\u00e9glementaires et institutionnels. Il existe des conflits entre les minist\u00e8res de l&rsquo;environnement et de l&rsquo;agriculture concernant les mandats (biodiversit\u00e9, for\u00eats et zones prot\u00e9g\u00e9es) et l&rsquo;utilisation des terres. L&rsquo;application de la loi par l&rsquo;\u00c9tat est limit\u00e9e en cas d&rsquo;infraction. Les infrastructures permettant d&rsquo;attirer et d&rsquo;accueillir les visiteurs et le personnel font d\u00e9faut, et les postes d&rsquo;\u00e9co-garde sont limit\u00e9s. Il y a une prise de conscience croissante, mais encore faible, du fait que des investissements agricoles mal planifi\u00e9s pour la production de mati\u00e8res premi\u00e8res (caf\u00e9, cacao) entra\u00eenent la d\u00e9gradation des for\u00eats.<\/p>\n<\/div>\n\n\n\n<div class=\"wp-block-column is-layout-flow wp-block-column-is-layout-flow\">\n<h2 class=\"wp-block-heading\">Objectif<\/h2>\n\n\n\n<p>Ce projet vise \u00e0 am\u00e9liorer l&rsquo;utilisation et la gestion des terres et des ressources naturelles par une approche de gestion int\u00e9gr\u00e9e du paysage \u00e0 l&rsquo;\u00e9chelle de l&rsquo;\u00eele, contribuant ainsi \u00e0 l&rsquo;acc\u00e8s durable \u00e0 la nourriture, \u00e0 la richesse et \u00e0 la pr\u00e9servation des \u00e9cosyst\u00e8mes du parc naturel d&rsquo;Ob\u00f4 et des for\u00eats \u00e0 haute valeur de conservation de S\u00e3o Tom\u00e9.<\/p>\n<\/div>\n<\/div>\n\n\n\n<div class=\"wp-block-columns section-bg wpe-mapbg pt-5 pb-5 is-layout-flex wp-container-core-columns-is-layout-9d6595d7 wp-block-columns-is-layout-flex\">\n<div class=\"wp-block-column is-layout-flow wp-block-column-is-layout-flow\">\n<img decoding=\"async\" src=\"http:\/\/landscapesfuture.org\/wp-content\/uploads\/svg-map\/Landscape%20for%20our%20future-country%20map-worldwide_Sao%20Tome%20and%20Principe.svg\" style=\"width:100%;padding-right:60px\">\n<\/div>\n\n\n\n<div class=\"wp-block-column is-layout-flow wp-block-column-is-layout-flow\">\n<h2 class=\"wp-block-heading\">Paysages<\/h2>\n\n\n\n<p>S\u00e3o Tom\u00e9 et Pr\u00edncipe (STP) est un pays insulaire situ\u00e9 dans le golfe de Guin\u00e9e, au large des c\u00f4tes du centre-ouest de l&rsquo;Afrique. Mesurant \u00e0 peine 1 000 km2, STP est le deuxi\u00e8me plus petit pays d&rsquo;Afrique mais b\u00e9n\u00e9ficie d&rsquo;un sol fertile, d&rsquo;une eau abondante et d&rsquo;une longue saison de croissance gr\u00e2ce \u00e0 son climat tropical. Son \u00e9conomie repose en grande partie sur l&rsquo;agriculture de plantation, le cacao \u00e9tant sa principale culture d&rsquo;exportation. N\u00e9anmoins, elle reste d\u00e9pendante des importations de denr\u00e9es alimentaires, la production nationale \u00e9tant insuffisante pour r\u00e9pondre \u00e0 la demande. Pendant la pand\u00e9mie de COVID-19, le pays a souffert \u00e0 la fois de p\u00e9nuries alimentaires et de perturbations dans les exportations de cacao. En raison de leur isolement, les \u00eeles abritent un grand nombre d&rsquo;esp\u00e8ces end\u00e9miques, notamment des oiseaux. De grandes zones de for\u00eat ont \u00e9t\u00e9 d\u00e9frich\u00e9es pour l&rsquo;agriculture pendant la p\u00e9riode coloniale portugaise (~1470-1975), bien que certaines for\u00eats secondaires se soient r\u00e9g\u00e9n\u00e9r\u00e9es depuis. Bien qu&rsquo;elle soit rarement expos\u00e9e aux cyclones tropicaux, STP est tr\u00e8s vuln\u00e9rable \u00e0 l&rsquo;\u00e9l\u00e9vation du niveau de la mer due au changement climatique (Sources : <a target=\"_blank\" href=\"https:\/\/www.britannica.com\/place\/Sao-Tome-and-Principe\/History\" rel=\"noreferrer noopener\">Britannica<\/a> et <a target=\"_blank\" href=\"https:\/\/www.worldwildlife.org\/ecoregions\/at0127\" rel=\"noreferrer noopener\">WWF<\/a>).<\/p>\n<\/div>\n<\/div>\n\n\n\n<div class=\"wp-block-columns is-layout-flex wp-container-core-columns-is-layout-9d6595d7 wp-block-columns-is-layout-flex\">\n<div class=\"wp-block-column is-layout-flow wp-block-column-is-layout-flow\" style=\"flex-basis:66.66%\">\n<h2 class=\"wp-block-heading\">Approcher<\/h2>\n\n\n\n<p>Ce projet fournira une approche de gestion int\u00e9gr\u00e9e du paysage en se concentrant sur l&rsquo;\u00eele de S\u00e3o Tom\u00e9. Principe b\u00e9n\u00e9ficiera d&rsquo;activit\u00e9s sp\u00e9cifiques et d&rsquo;un soutien technique \u00e0 la reproductibilit\u00e9 par le biais d&rsquo;une intervention int\u00e9gr\u00e9e ax\u00e9e sur l&rsquo;am\u00e9lioration de la gestion durable et de la gouvernance des ressources naturelles, ainsi que sur la conservation des \u00e9cosyst\u00e8mes. \u00c0 cette fin, le projet renforcera les moyens et les capacit\u00e9s des structures, des parties prenantes et des communaut\u00e9s concern\u00e9es. Il r\u00e9duira \u00e9galement la pression humaine sur les zones prot\u00e9g\u00e9es et les for\u00eats \u00e0 haute valeur de conservation en promouvant des pratiques agricoles durables (plus productives et adapt\u00e9es aux effets du changement climatique), en am\u00e9liorant les cha\u00eenes de valeur de produits sp\u00e9cifiques et en augmentant les avantages \u00e9conomiques pour la population (avec un int\u00e9r\u00eat particulier pour la participation active des femmes et des groupes vuln\u00e9rables et pour la promotion de leur acc\u00e8s aux opportunit\u00e9s \u00e9conomiques).<\/p>\n\n\n\n<h2 class=\"wp-block-heading\">Actions sp\u00e9cifiques<\/h2>\n\n\n\n<p>Dans le cadre de sa premi\u00e8re strat\u00e9gie, le projet visera \u00e0 d\u00e9velopper des partenariats public-priv\u00e9 pour le d\u00e9veloppement de l&rsquo;\u00e9cotourisme, \u00e0 fournir un soutien technique et financier pour un syst\u00e8me de surveillance et de suivi des for\u00eats, et \u00e0 organiser des ateliers locaux pour impliquer les principales parties prenantes dans la gestion et la gouvernance des for\u00eats.<\/p>\n\n\n\n<p>Sa deuxi\u00e8me strat\u00e9gie consistera \u00e0 d\u00e9velopper et \u00e0 piloter des mod\u00e8les agroforestiers communautaires, soutenus par le renforcement des capacit\u00e9s et des plans de production pour les producteurs agricoles organis\u00e9s.<\/p>\n\n\n\n<p>Enfin, dans le cadre de sa troisi\u00e8me strat\u00e9gie, elle organisera et promouvra la participation et assurera le renforcement des capacit\u00e9s de toutes les parties prenantes. \u00c0 cette fin, il engagera et responsabilisera les parties prenantes par le biais de l&rsquo;apprentissage par l&rsquo;exp\u00e9rience et d&rsquo;un cadre institutionnel am\u00e9lior\u00e9 sur la conservation de la biodiversit\u00e9, la gestion des zones prot\u00e9g\u00e9es et la gestion durable des for\u00eats. Les actions de communication seront utilis\u00e9es pour \u00e9duquer, engager et persuader les principales parties prenantes \u00e0 l&rsquo;\u00e9chelle nationale, r\u00e9gionale et internationale. Des activit\u00e9s de diffusion et d&rsquo;apprentissage sont pr\u00e9vues, car le projet est conscient du potentiel d&rsquo;apprentissage d&rsquo;initiatives similaires et de la possibilit\u00e9 d&rsquo;\u00e9tendre plus largement les b\u00e9n\u00e9fices de ce projet.<\/p>\n<\/div>\n\n\n\n<div class=\"wp-block-column is-layout-flow wp-block-column-is-layout-flow\" style=\"flex-basis:33.33%\"><\/div>\n<\/div>\n\n\n\n<div class=\"wp-block-columns section-bg wpe-bggrey pt-5 pb-5 is-layout-flex wp-container-core-columns-is-layout-9d6595d7 wp-block-columns-is-layout-flex\">\n<div class=\"wp-block-column is-layout-flow wp-block-column-is-layout-flow\" style=\"flex-basis:100%\">\n<h2 class=\"wp-block-heading\">Contacts<\/h2>\n\n\n\n<ul class=\"wp-block-list\"><li>Domingos, Ricardo &#8211; Directeur des op\u00e9rations du si\u00e8ge d&rsquo;Oikos Portugal ricardo.domingos@oikos.pt<\/li><li>Pardo, Tom\u00e1s &#8211; Coordinateur du projet Oikos S\u00e3o Tom\u00e9 e Principe &#8211; tomas.pardo@oikos.pt<\/li><\/ul>\n<\/div>\n<\/div>\n\n\n\n<div class=\"wp-block-columns is-layout-flex wp-container-core-columns-is-layout-9d6595d7 wp-block-columns-is-layout-flex\">\n<div class=\"wp-block-column is-layout-flow wp-block-column-is-layout-flow\" style=\"flex-basis:66.66%\">\n<h2 class=\"wp-block-heading\">Plus d&rsquo;informations<\/h2>\n\n\n\n<p>Date de d\u00e9but : 1er mars 2021. Dur\u00e9e totale du projet : 56 mois.<\/p>\n<\/div>\n\n\n\n<div class=\"wp-block-column is-layout-flow wp-block-column-is-layout-flow\" style=\"flex-basis:33.33%\"><\/div>\n<\/div>\n","protected":false},"excerpt":{"rendered":"<p>D\u00e9veloppement de mod\u00e8les d&rsquo;agroforesterie durable gr\u00e2ce \u00e0 des approches de gestion int\u00e9gr\u00e9e des terres pour l&rsquo;adaptation et l&rsquo;att\u00e9nuation du changement climatique, la conservation des \u00e9cosyst\u00e8mes et le d\u00e9veloppement \u00e9conomique Partenaires : Candidat principal : Oikos &#8211; Coopera\u00e7\u00e3o e Desenvolvimento Co-candidats : BirdLife International (UK), Zatona-ADIL, BirdLife International (Kenya) Domaines th\u00e9matiques cl\u00e9s Zones de conservation prot\u00e9g\u00e9es, [&hellip;]<\/p>\n","protected":false},"author":1,"featured_media":0,"parent":0,"menu_order":0,"comment_status":"closed","ping_status":"closed","template":"templates\/template-page-gutenberg.php","meta":{"inline_featured_image":false,"footnotes":"","_links_to":"","_links_to_target":""},"class_list":["post-5927","page","type-page","status-publish","hentry"],"_links":{"self":[{"href":"https:\/\/landscapesfuture.org\/fr\/wp-json\/wp\/v2\/pages\/5927","targetHints":{"allow":["GET"]}}],"collection":[{"href":"https:\/\/landscapesfuture.org\/fr\/wp-json\/wp\/v2\/pages"}],"about":[{"href":"https:\/\/landscapesfuture.org\/fr\/wp-json\/wp\/v2\/types\/page"}],"author":[{"embeddable":true,"href":"https:\/\/landscapesfuture.org\/fr\/wp-json\/wp\/v2\/users\/1"}],"replies":[{"embeddable":true,"href":"https:\/\/landscapesfuture.org\/fr\/wp-json\/wp\/v2\/comments?post=5927"}],"version-history":[{"count":5,"href":"https:\/\/landscapesfuture.org\/fr\/wp-json\/wp\/v2\/pages\/5927\/revisions"}],"predecessor-version":[{"id":6716,"href":"https:\/\/landscapesfuture.org\/fr\/wp-json\/wp\/v2\/pages\/5927\/revisions\/6716"}],"wp:attachment":[{"href":"https:\/\/landscapesfuture.org\/fr\/wp-json\/wp\/v2\/media?parent=5927"}],"curies":[{"name":"wp","href":"https:\/\/api.w.org\/{rel}","templated":true}]}}