{"id":5924,"date":"2021-08-22T01:15:31","date_gmt":"2021-08-21T18:15:31","guid":{"rendered":"https:\/\/landscapesfuture.org\/maurice\/"},"modified":"2022-09-08T15:33:15","modified_gmt":"2022-09-08T08:33:15","slug":"maurice","status":"publish","type":"page","link":"https:\/\/landscapesfuture.org\/fr\/maurice\/","title":{"rendered":"Maurice"},"content":{"rendered":"<style>\n@media only screen and (max-width: 960px) {\n   #hero-page{\n    background-image:url(\"https:\/\/landscapesfuture.org\/wp-content\/uploads\/2022\/01\/xavier-coiffic-WV4B_aVj0aQ-unsplash-banner.jpg\");\n    background-position-y: bottom;\n    background-position-x: center;\n  }\n}\n\n#hero-page::after {\n    position: absolute;\n    content: ' ';\n    z-index: 0;\n    height: 100%;\n    width: 100%;\n    background-color: rgb(0,0,0,0.4);\n    top: 0;\n    left: 0;\n}\n#hero-page.section-bg::before{\nbackground-position-y: -385px;\n}\n\n.page #header #menu a {\n    color: #fff;\n}\n\n.page #header #menu .sub-menu li a{\n  color:#333;\n}\n\n.page #header #menu .sub-menu li a:hover{\n color:#FFFFFF;\n}\n\n.home.page-id-429 #wrapper, .page.page-id-429 #wrapper {\n    margin-top: 82px;\n}\n.home.page-id-429 #header, .page.page-id-429 #header {\n    background-color: #2E3546;\n    border: 0px;\n}\n\n.home.page-id-429 #header.darkHeader #menu a, \n.page.page-id-429 #header.darkHeader #menu a{\n   color:#252122;\n}\n\n.home.page-id-429  #header.darkHeader, .page.page-id-429  #header.darkHeader {\n    background-color: #FFFFFF;\n    border-bottom: 1px solid #ddd;\n}<\/style>\n<!-- section hero -->\n<!-- close div before -->\n        <\/div>\n    <\/article>\n<\/div>\n\n<div id=\"hero-page\" class=\" block-hero-page flex-vcenter section-bg\">\n    <div class=\"block-hero-page_bg\">\n        <img decoding=\"async\" src=\"https:\/\/landscapesfuture.org\/wp-content\/uploads\/2022\/01\/xavier-coiffic-WV4B_aVj0aQ-unsplash-banner.jpg\">\n    <\/div>\n    <div class=\"block-hero-page_overlay\"><\/div>\n    <div class=\"block-hero-page_content\">\n        <div class=\"container\">\n\n            <div class=\"hero-page\">\n                <div class=\"hero-page_title text-light\">\n                    <h1>Maurice<\/h1>\n                    <!--<p><\/p>-->\n                                    <\/div>\n            <\/div>\n        <\/div>\n    <\/div>\n<\/div>\n\n<div class=\"container\">\n    <div class=\"row\">\n        <div class=\"col-12\">\n            <div class=\"breadcrumbs\" itemscope itemtype=\"http:\/\/schema.org\/BreadcrumbList\"><span itemprop=\"itemListElement\" itemscope itemtype=\"http:\/\/schema.org\/ListItem\"><a class=\"breadcrumbs__link\" href=\"https:\/\/landscapesfuture.org\/fr\/\" itemprop=\"item\"><span itemprop=\"name\">Accueil<\/span><\/a><meta itemprop=\"position\" content=\"1\" \/><\/span><\/div><!-- .breadcrumbs -->        <\/div>\n    <\/div>\n<\/div>\n\n<div class=\"container\">\n    <article id=\"post-5924\" class=\"post-5924 page type-page status-publish hentry\">\n        <div class=\"entry-content\">\n\n\n<h1 class=\"project-title has-very-dark-gray-color has-text-color wp-block-heading\">Maurice de Ridge \u00e0 Reef (R2R)<\/h1>\n\n\n\n    <style> \n        .logo-partner-on-team {\n              max-height: 80px;\n              max-width: 180px;\n        }\n    <\/style><div id=\"\" class=\" block-clear wpe-block\"><h3 class=\"mt-3 mb-4 fs-3-5\"><\/h3><div><\/div><div class=\"wpe-block-title\"><h2>Lead organizations<\/h2><\/div><div class=\"d-flex justify-content-start flex-wrap flex-row columns-10 middle-md m-margin-bottom-30 partner-list-items\" style=\"justify-content: flex-start;\">\n    \n            <div class=\"me-4 mb-4 partner-item d-table\">\n                <a href=\"https:\/\/npcs.govmu.org\/SitePages\/Index.aspx\" class=\"d-table-cell align-middle\" title=\"The National Parks and Conservation Service (NPCS) - Mauritius\">\n                    <img decoding=\"async\" src=\"http:\/\/landscapesfuture.org\/wp-content\/uploads\/2022\/02\/NPCS_Mauritius-logo-300.png\" alt=\"The National Parks and Conservation Service (NPCS) - Mauritius\" class=\"logo-partner-on-team\" title=\"The National Parks and Conservation Service (NPCS) - Mauritius\">\n                <\/a>\n            <\/div>\n    \n            <div class=\"me-4 mb-4 partner-item d-table\">\n                <a href=\"https:\/\/agriculture.govmu.org\/SitePages\/Index.aspx\" class=\"d-table-cell align-middle\" title=\"Ministry of Agro-Industry and Food Security - Mauritius\">\n                    <img decoding=\"async\" src=\"http:\/\/landscapesfuture.org\/wp-content\/uploads\/2022\/01\/MAFS-Mauritius-Logo.png\" alt=\"Ministry of Agro-Industry and Food Security - Mauritius\" class=\"logo-partner-on-team\" title=\"Ministry of Agro-Industry and Food Security - Mauritius\">\n                <\/a>\n            <\/div><\/div><div class=\"wpe-block-title\"><h2>Partners<\/h2><\/div><div class=\"d-flex justify-content-start flex-wrap flex-row columns-10 middle-md m-margin-bottom-30 partner-list-items\" style=\"justify-content: flex-start;\">\n    \n            <div class=\"me-4 mb-4 partner-item d-table\">\n                <a href=\"https:\/\/www.uom.ac.mu\/\" class=\"d-table-cell align-middle\" title=\"University of Mauritius\">\n                    <img decoding=\"async\" src=\"http:\/\/landscapesfuture.org\/wp-content\/uploads\/2022\/02\/University-Mauritius-logo-300.jpg\" alt=\"University of Mauritius\" class=\"logo-partner-on-team\" title=\"University of Mauritius\">\n                <\/a>\n            <\/div>\n    \n            <div class=\"me-4 mb-4 partner-item d-table\">\n                <a href=\"https:\/\/blueconomy.govmu.org\/SitePages\/Index.aspx\" class=\"d-table-cell align-middle\" title=\"Ministry of Ocean Economy and Fisheries - Mauritius\">\n                    <img decoding=\"async\" src=\"http:\/\/landscapesfuture.org\/wp-content\/uploads\/2022\/01\/MAFS-Mauritius-Logo.png\" alt=\"Ministry of Ocean Economy and Fisheries - Mauritius\" class=\"logo-partner-on-team\" title=\"Ministry of Ocean Economy and Fisheries - Mauritius\">\n                <\/a>\n            <\/div><\/div><\/div>\n\n\n<div class=\"wp-block-columns is-layout-flex wp-container-core-columns-is-layout-9d6595d7 wp-block-columns-is-layout-flex\">\n<div class=\"wp-block-column is-layout-flow wp-block-column-is-layout-flow\" style=\"flex-basis:66.66%\">\n<p><strong>Organisations responsables :<\/strong> Projet mis en \u0153uvre par le Service des parcs nationaux et de la conservation (NPCS) sous l&rsquo;\u00e9gide du minist\u00e8re de l&rsquo;Agro-industrie et de la S\u00e9curit\u00e9 alimentaire.<br><strong>Partenaires :<\/strong> Universit\u00e9 de Maurice ; Minist\u00e8re de l&rsquo;\u00e9conomie oc\u00e9anique et de la p\u00eache<\/p>\n\n\n\n<h2 class=\"wp-block-heading\">Domaines th\u00e9matiques cl\u00e9s<\/h2>\n\n\n\n<p>Environnement et changement climatique, agriculture et s\u00e9curit\u00e9 alimentaire ; biodiversit\u00e9<\/p>\n<\/div>\n\n\n\n<div class=\"wp-block-column is-layout-flow wp-block-column-is-layout-flow\" style=\"flex-basis:33.33%\"><\/div>\n<\/div>\n\n\n\n<div class=\"wp-block-columns is-layout-flex wp-container-core-columns-is-layout-9d6595d7 wp-block-columns-is-layout-flex\">\n<div class=\"wp-block-column is-layout-flow wp-block-column-is-layout-flow\">\n<h2 class=\"wp-block-heading\">D\u00e9fis<\/h2>\n\n\n\n<p>L&rsquo;\u00eele Maurice est tr\u00e8s vuln\u00e9rable aux effets du changement climatique, notamment \u00e0 l&rsquo;\u00e9l\u00e9vation du niveau de la mer et \u00e0 l&rsquo;augmentation de l&rsquo;intensit\u00e9 et de la fr\u00e9quence des cyclones tropicaux. Elle importe 75 % de ses besoins alimentaires, ce qui l&rsquo;expose \u00e0 des chocs tels que la pand\u00e9mie de COVID-19, et sa flore terrestre est class\u00e9e au troisi\u00e8me rang des plus menac\u00e9es au monde. Ces d\u00e9fis n\u00e9cessitent un programme complet pour renforcer la r\u00e9silience, en abordant simultan\u00e9ment l&rsquo;att\u00e9nuation du changement climatique, la perte de biodiversit\u00e9 et la s\u00e9curit\u00e9 alimentaire.<\/p>\n<\/div>\n\n\n\n<div class=\"wp-block-column is-layout-flow wp-block-column-is-layout-flow\">\n<h2 class=\"wp-block-heading\">Objectif<\/h2>\n\n\n\n<p>Att\u00e9nuer le changement climatique, r\u00e9duire la perte de biodiversit\u00e9 et am\u00e9liorer la s\u00e9curit\u00e9 alimentaire gr\u00e2ce \u00e0 des approches paysag\u00e8res, permettant \u00e0 l&rsquo;\u00eele Maurice de respecter ses engagements internationaux, notamment l&rsquo;accord de Paris, la convention sur la diversit\u00e9 biologique et la convention de Ramsar.<\/p>\n<\/div>\n<\/div>\n\n\n\n<div class=\"wp-block-columns section-bg wpe-mapbg pt-5 pb-5 is-layout-flex wp-container-core-columns-is-layout-9d6595d7 wp-block-columns-is-layout-flex\">\n<div class=\"wp-block-column is-layout-flow wp-block-column-is-layout-flow\">\n<img decoding=\"async\" src=\"http:\/\/landscapesfuture.org\/wp-content\/uploads\/svg-map\/Landscape%20for%20our%20future-country%20map-worldwide_Mauritius.svg\" style=\"width:100%;padding-right:60px\">\n<\/div>\n\n\n\n<div class=\"wp-block-column is-layout-flow wp-block-column-is-layout-flow\">\n<h2 class=\"wp-block-heading\">Paysages<\/h2>\n\n\n\n<p>L&rsquo;\u00eele Maurice est une nation insulaire de l&rsquo;oc\u00e9an Indien, situ\u00e9e \u00e0 environ 2 000 kilom\u00e8tres des c\u00f4tes africaines. Avec une population de 1,2 million d&rsquo;habitants r\u00e9partis sur une superficie de 2 040 kilom\u00e8tres2, l&rsquo;\u00eele Maurice est le dixi\u00e8me pays le plus dens\u00e9ment peupl\u00e9 du monde. En raison de son isolement et de la diversit\u00e9 de ses \u00e9cosyst\u00e8mes (for\u00eats, mangroves et zones humides), le pays pr\u00e9sente des niveaux \u00e9lev\u00e9s de biodiversit\u00e9 et d&rsquo;end\u00e9misme. Mais de nombreuses esp\u00e8ces ont \u00e9t\u00e9 pouss\u00e9es \u00e0 l&rsquo;extinction par l&rsquo;activit\u00e9 humaine, notamment le dodo. Les principaux secteurs \u00e9conomiques sont le tourisme, le sucre, le textile et les services financiers, la plupart des terres arables du pays \u00e9tant utilis\u00e9es pour la production de canne \u00e0 sucre. Ce projet sera concentr\u00e9 dans le parc national des gorges de la rivi\u00e8re Noire, situ\u00e9 sur l&rsquo;\u00eele principale de Maurice. Le parc sert de bassin versant majeur pour deux syst\u00e8mes fluviaux qui fournissent des ressources en eau douce aux habitants du sud de l&rsquo;\u00eele, ainsi que l&rsquo;irrigation de l&rsquo;agriculture dans l&rsquo;ouest. Il s&rsquo;agit \u00e9galement de la plus grande for\u00eat indig\u00e8ne restante sur l&rsquo;\u00eele, et elle est connue pour abriter une faune menac\u00e9e, notamment des oiseaux end\u00e9miques.<\/p>\n<\/div>\n<\/div>\n\n\n\n<div class=\"wp-block-columns is-layout-flex wp-container-core-columns-is-layout-9d6595d7 wp-block-columns-is-layout-flex\">\n<div class=\"wp-block-column is-layout-flow wp-block-column-is-layout-flow\" style=\"flex-basis:66.66%\">\n<h2 class=\"wp-block-heading\">Approcher<\/h2>\n\n\n\n<p>Ce projet s&rsquo;attaquera aux vuln\u00e9rabilit\u00e9s de l&rsquo;\u00eele Maurice au changement climatique, \u00e0 la perte de biodiversit\u00e9 et aux chocs li\u00e9s aux importations de denr\u00e9es alimentaires, gr\u00e2ce \u00e0 une meilleure gestion des terres et \u00e0 des approches paysag\u00e8res. Il permettra de restaurer les for\u00eats naturelles afin de pi\u00e9ger le carbone et de respecter les contributions d\u00e9termin\u00e9es au niveau national (CDN) du pays \u00e0 l&rsquo;accord de Paris, ainsi que de restaurer la flore indig\u00e8ne et de contr\u00f4ler la faune envahissante afin de prot\u00e9ger la biodiversit\u00e9. Enfin, il renforcera la s\u00e9curit\u00e9 alimentaire en d\u00e9veloppant la production alimentaire locale pour r\u00e9pondre \u00e0 la demande et renforcer la r\u00e9silience face aux chocs futurs.<\/p>\n\n\n\n<h2 class=\"wp-block-heading\">Actions sp\u00e9cifiques<\/h2>\n\n\n\n<ul class=\"wp-block-list\"><li>Pour att\u00e9nuer le changement climatique, le projet permettra d&rsquo;\u00e9liminer et de contr\u00f4ler les plantes envahissantes dans les for\u00eats, avant de restaurer les \u00e9cosyst\u00e8mes naturels en r\u00e9introduisant des plantes indig\u00e8nes.<\/li><li>Pour r\u00e9tablir la biodiversit\u00e9, le projet pr\u00e9voit de recenser et de cartographier les esp\u00e8ces v\u00e9g\u00e9tales gravement menac\u00e9es et de formuler des plans pour les conserver.<\/li><li>Pour am\u00e9liorer la s\u00e9curit\u00e9 alimentaire, le projet organisera des campagnes pour encourager les agriculteurs locaux \u00e0 adopter des pratiques apicoles et agroforesti\u00e8res. Elle plantera \u00e9galement des mangroves pour r\u00e9g\u00e9n\u00e9rer les p\u00eacheries et augmenter la s\u00e9questration du carbone.<\/li><\/ul>\n<\/div>\n\n\n\n<div class=\"wp-block-column is-layout-flow wp-block-column-is-layout-flow\" style=\"flex-basis:33.33%\"><\/div>\n<\/div>\n\n\n\n<div class=\"wp-block-columns section-bg wpe-bggrey pt-5 pb-5 is-layout-flex wp-container-core-columns-is-layout-9d6595d7 wp-block-columns-is-layout-flex\">\n<div class=\"wp-block-column is-layout-flow wp-block-column-is-layout-flow\" style=\"flex-basis:66.66%\">\n<h2 class=\"wp-block-heading\">Contact<\/h2>\n\n\n\n<p>M. Kevin Ruhomau<br>Directeur, Service des parcs nationaux et de la conservation<\/p>\n<\/div>\n\n\n\n<div class=\"wp-block-column is-layout-flow wp-block-column-is-layout-flow\" style=\"flex-basis:33.33%\"><\/div>\n<\/div>\n\n\n\n<div class=\"wp-block-columns is-layout-flex wp-container-core-columns-is-layout-9d6595d7 wp-block-columns-is-layout-flex\">\n<div class=\"wp-block-column is-layout-flow wp-block-column-is-layout-flow\" style=\"flex-basis:66.66%\">\n<h2 class=\"wp-block-heading\">Plus d&rsquo;informations<\/h2>\n\n\n\n<p>Site web de la d\u00e9l\u00e9gation de l&rsquo;UE \u00e0 Maurice<\/p>\n<\/div>\n\n\n\n<div class=\"wp-block-column is-layout-flow wp-block-column-is-layout-flow\" style=\"flex-basis:33.33%\"><\/div>\n<\/div>\n","protected":false},"excerpt":{"rendered":"<p>Maurice de Ridge \u00e0 Reef (R2R) Organisations responsables : Projet mis en \u0153uvre par le Service des parcs nationaux et de la conservation (NPCS) sous l&rsquo;\u00e9gide du minist\u00e8re de l&rsquo;Agro-industrie et de la S\u00e9curit\u00e9 alimentaire.Partenaires : Universit\u00e9 de Maurice ; Minist\u00e8re de l&rsquo;\u00e9conomie oc\u00e9anique et de la p\u00eache Domaines th\u00e9matiques cl\u00e9s Environnement et changement climatique, [&hellip;]<\/p>\n","protected":false},"author":1,"featured_media":0,"parent":0,"menu_order":0,"comment_status":"closed","ping_status":"closed","template":"templates\/template-page-gutenberg.php","meta":{"inline_featured_image":false,"footnotes":"","_links_to":"","_links_to_target":""},"class_list":["post-5924","page","type-page","status-publish","hentry"],"_links":{"self":[{"href":"https:\/\/landscapesfuture.org\/fr\/wp-json\/wp\/v2\/pages\/5924","targetHints":{"allow":["GET"]}}],"collection":[{"href":"https:\/\/landscapesfuture.org\/fr\/wp-json\/wp\/v2\/pages"}],"about":[{"href":"https:\/\/landscapesfuture.org\/fr\/wp-json\/wp\/v2\/types\/page"}],"author":[{"embeddable":true,"href":"https:\/\/landscapesfuture.org\/fr\/wp-json\/wp\/v2\/users\/1"}],"replies":[{"embeddable":true,"href":"https:\/\/landscapesfuture.org\/fr\/wp-json\/wp\/v2\/comments?post=5924"}],"version-history":[{"count":5,"href":"https:\/\/landscapesfuture.org\/fr\/wp-json\/wp\/v2\/pages\/5924\/revisions"}],"predecessor-version":[{"id":6717,"href":"https:\/\/landscapesfuture.org\/fr\/wp-json\/wp\/v2\/pages\/5924\/revisions\/6717"}],"wp:attachment":[{"href":"https:\/\/landscapesfuture.org\/fr\/wp-json\/wp\/v2\/media?parent=5924"}],"curies":[{"name":"wp","href":"https:\/\/api.w.org\/{rel}","templated":true}]}}