{"id":5920,"date":"2021-08-21T21:29:32","date_gmt":"2021-08-21T14:29:32","guid":{"rendered":"https:\/\/landscapesfuture.org\/ghana\/"},"modified":"2022-09-08T15:05:42","modified_gmt":"2022-09-08T08:05:42","slug":"ghana","status":"publish","type":"page","link":"https:\/\/landscapesfuture.org\/fr\/ghana\/","title":{"rendered":"Ghana"},"content":{"rendered":"<style>\n@media only screen and (max-width: 960px) {\n   #hero-page{\n    background-image:url(\"https:\/\/landscapesfuture.org\/wp-content\/uploads\/2021\/08\/ghana-1.jpg\");\n    background-position-y: bottom;\n    background-position-x: center;\n  }\n}\n\n#hero-page::after {\n    position: absolute;\n    content: ' ';\n    z-index: 0;\n    height: 100%;\n    width: 100%;\n    background-color: rgb(0,0,0,0.4);\n    top: 0;\n    left: 0;\n}\n#hero-page.section-bg::before{\nbackground-position-y: -385px;\n}\n\n.page #header #menu a {\n    color: #fff;\n}\n\n.page #header #menu .sub-menu li a{\n  color:#333;\n}\n\n.page #header #menu .sub-menu li a:hover{\n color:#FFFFFF;\n}\n\n.home.page-id-429 #wrapper, .page.page-id-429 #wrapper {\n    margin-top: 82px;\n}\n.home.page-id-429 #header, .page.page-id-429 #header {\n    background-color: #2E3546;\n    border: 0px;\n}\n\n.home.page-id-429 #header.darkHeader #menu a, \n.page.page-id-429 #header.darkHeader #menu a{\n   color:#252122;\n}\n\n.home.page-id-429  #header.darkHeader, .page.page-id-429  #header.darkHeader {\n    background-color: #FFFFFF;\n    border-bottom: 1px solid #ddd;\n}<\/style>\n<!-- section hero -->\n<!-- close div before -->\n        <\/div>\n    <\/article>\n<\/div>\n\n<div id=\"hero-page\" class=\" block-hero-page flex-vcenter section-bg\">\n    <div class=\"block-hero-page_bg\">\n        <img decoding=\"async\" src=\"https:\/\/landscapesfuture.org\/wp-content\/uploads\/2021\/08\/ghana-1.jpg\">\n    <\/div>\n    <div class=\"block-hero-page_overlay\"><\/div>\n    <div class=\"block-hero-page_content\">\n        <div class=\"container\">\n\n            <div class=\"hero-page\">\n                <div class=\"hero-page_title text-light\">\n                    <h1>Ghana<\/h1>\n                    <!--<p><\/p>-->\n                                    <\/div>\n            <\/div>\n        <\/div>\n    <\/div>\n<\/div>\n\n<div class=\"container\">\n    <div class=\"row\">\n        <div class=\"col-12\">\n            <div class=\"breadcrumbs\" itemscope itemtype=\"http:\/\/schema.org\/BreadcrumbList\"><span itemprop=\"itemListElement\" itemscope itemtype=\"http:\/\/schema.org\/ListItem\"><a class=\"breadcrumbs__link\" href=\"https:\/\/landscapesfuture.org\/fr\/\" itemprop=\"item\"><span itemprop=\"name\">Accueil<\/span><\/a><meta itemprop=\"position\" content=\"1\" \/><\/span><\/div><!-- .breadcrumbs -->        <\/div>\n    <\/div>\n<\/div>\n\n<div class=\"container\">\n    <article id=\"post-5920\" class=\"post-5920 page type-page status-publish hentry\">\n        <div class=\"entry-content\">\n<h1 class=\"project-title has-very-dark-gray-color has-text-color wp-block-heading\">Paysages et agilit\u00e9 environnementale \u00e0 travers la nation (LEAN)  <\/h1>\n\n    <style> \n        .logo-partner-on-team {\n              max-height: 80px;\n              max-width: 180px;\n        }\n    <\/style><div id=\"\" class=\" block-clear wpe-block\"><h3 class=\"mt-3 mb-4 fs-3-5\"><\/h3><div><\/div><div class=\"wpe-block-title\"><h2>Consortium Partners<\/h2><\/div><div class=\"d-flex justify-content-start flex-wrap flex-row columns-10 middle-md m-margin-bottom-30 partner-list-items\" style=\"justify-content: flex-start;\">\n    \n            <div class=\"me-4 mb-4 partner-item d-table\">\n                <a href=\"https:\/\/www.rainforest-alliance.org\/\" class=\"d-table-cell align-middle\" title=\"Rainforest Alliance\">\n                    <img decoding=\"async\" src=\"https:\/\/www.cifor.org\/wp-content\/uploads\/2020\/04\/logo_rainforce_alliance-1.png\" alt=\"Rainforest Alliance\" class=\"logo-partner-on-team\" title=\"Rainforest Alliance\">\n                <\/a>\n            <\/div>\n    \n            <div class=\"me-4 mb-4 partner-item d-table\">\n                <a href=\"https:\/\/www.worldvision.org\/\" class=\"d-table-cell align-middle\" title=\"World Vision\">\n                    <img decoding=\"async\" src=\"http:\/\/landscapesfuture.org\/wp-content\/uploads\/2022\/01\/WV-Ghana-logo.png\" alt=\"World Vision\" class=\"logo-partner-on-team\" title=\"World Vision\">\n                <\/a>\n            <\/div>\n    \n            <div class=\"me-4 mb-4 partner-item d-table\">\n                <a href=\"https:\/\/www.tropenbos.org\/\" class=\"d-table-cell align-middle\" title=\"Tropenbos International\">\n                    <img decoding=\"async\" src=\"https:\/\/www.cifor.org\/wp-content\/uploads\/2020\/01\/Tropenbos-International-logo1.png\" alt=\"Tropenbos International\" class=\"logo-partner-on-team\" title=\"Tropenbos International\">\n                <\/a>\n            <\/div>\n    \n            <div class=\"me-4 mb-4 partner-item d-table\">\n                <a href=\"http:\/\/www.ecocareghana.org\/\" class=\"d-table-cell align-middle\" title=\"EcoCare Ghana\">\n                    <img decoding=\"async\" src=\"http:\/\/landscapesfuture.org\/wp-content\/uploads\/2022\/01\/Ecocare-logo.png\" alt=\"EcoCare Ghana\" class=\"logo-partner-on-team\" title=\"EcoCare Ghana\">\n                <\/a>\n            <\/div><\/div><\/div>\n<div class=\"wp-block-columns is-layout-flex wp-container-core-columns-is-layout-9d6595d7 wp-block-columns-is-layout-flex\">\n<div class=\"wp-block-column is-layout-flow wp-block-column-is-layout-flow\" style=\"flex-basis:66.66%\">\n<p><strong>Partenaires du consortium :<\/strong> Rainforest alliance, World Vision Ghana, Tropenbos Ghana et EcoCare Ghana.<\/p>\n\n\n\n<h2 class=\"wp-block-heading\">Parties prenantes cl\u00e9s<\/h2>\n\n\n\n<p>Les communaut\u00e9s locales et les petits exploitants agricoles b\u00e9n\u00e9ficiaires, les assembl\u00e9es municipales et de district, le minist\u00e8re de l&rsquo;alimentation et de l&rsquo;agriculture, le minist\u00e8re des terres et des ressources naturelles, la commission foresti\u00e8re (secr\u00e9tariat REDD+, division de la faune et de la flore, division des services forestiers), le Ghana Cocoa Board (COCOBOD) et les principales entreprises du secteur priv\u00e9 se sont engag\u00e9es \u00e0 mettre en place des cha\u00eenes d&rsquo;approvisionnement exemptes de d\u00e9forestation, notamment les soci\u00e9t\u00e9s d&rsquo;exploitation foresti\u00e8re et les soci\u00e9t\u00e9s d&rsquo;achat sous licence (LBC) qui s&rsquo;approvisionnent en cacao, en karit\u00e9 et en bois dans les paysages locaux.<\/p>\n\n\n\n<h2 class=\"wp-block-heading\">Domaines th\u00e9matiques cl\u00e9s<\/h2>\n\n\n\n<p>L&rsquo;action de l&rsquo;UE \u00ab\u00a0Landscapes and Environmental Agility across the Nation\u00a0\u00bb (LEAN) travaille en \u00e9troite collaboration avec la d\u00e9l\u00e9gation de l&rsquo;UE, les entreprises priv\u00e9es, les communaut\u00e9s locales et les principaux partenaires nationaux, afin de catalyser les changements syst\u00e9miques dans trois paysages importants sur le plan de la biodiversit\u00e9 et de l&rsquo;\u00e9conomie. Il vise \u00e0 aider \u00e0 traduire les engagements en mati\u00e8re de durabilit\u00e9 en solutions r\u00e9alisables sur le terrain, l&rsquo;objectif ultime \u00e9tant de conserver la biodiversit\u00e9, d&rsquo;am\u00e9liorer les moyens de subsistance, d&rsquo;accro\u00eetre la r\u00e9silience au changement climatique et de r\u00e9duire les \u00e9missions dues aux changements d&rsquo;affectation des terres dans ces paysages.<\/p>\n<\/div>\n\n\n\n<div class=\"wp-block-column is-layout-flow wp-block-column-is-layout-flow\" style=\"flex-basis:33.33%\"><\/div>\n<\/div>\n\n<div class=\"wp-block-columns is-layout-flex wp-container-core-columns-is-layout-9d6595d7 wp-block-columns-is-layout-flex\">\n<div class=\"wp-block-column is-layout-flow wp-block-column-is-layout-flow\">\n<h2 class=\"wp-block-heading\">D\u00e9fis<\/h2>\n\n\n\n<p>Premi\u00e8rement, bien qu&rsquo;elles puissent \u00eatre int\u00e9ress\u00e9es par la conservation du capital naturel et l&rsquo;am\u00e9lioration des moyens de subsistance, la plupart des parties prenantes n&rsquo;ont pas la capacit\u00e9 et les connaissances n\u00e9cessaires pour agir dans leur sph\u00e8re d&rsquo;influence directe ou leur int\u00e9r\u00eat \u00e9conomique. Deuxi\u00e8mement, alors que l&rsquo;on reconna\u00eet de plus en plus l&rsquo;importance de travailler au niveau du paysage pour aborder la question de la durabilit\u00e9, les outils, les ressources et les incitations n\u00e9cessaires pour mener des actions \u00e0 grande \u00e9chelle font d\u00e9faut. Enfin, \u00e0 ce jour, le Ghana n&rsquo;a pas d&rsquo;exemple de mod\u00e8le de gouvernance paysag\u00e8re durable ou autosuffisante \u00e0 mettre \u00e0 l&rsquo;\u00e9chelle.<\/p>\n<\/div>\n\n\n\n<div class=\"wp-block-column is-layout-flow wp-block-column-is-layout-flow\">\n<h2 class=\"wp-block-heading\">Objectif<\/h2>\n\n\n\n<p>Contribuer directement aux efforts nationaux de conservation de la biodiversit\u00e9, d&rsquo;am\u00e9lioration des moyens de subsistance des petits exploitants agricoles, de renforcement de la r\u00e9sistance au changement climatique et de r\u00e9duction des \u00e9missions dues aux changements d&rsquo;affectation des sols dans les zones de savane, de haute for\u00eat et de transition du Ghana.<\/p>\n<\/div>\n<\/div>\n\n<div class=\"wp-block-columns section-bg wpe-mapbg pt-5 pb-5 is-layout-flex wp-container-core-columns-is-layout-9d6595d7 wp-block-columns-is-layout-flex\">\n<div class=\"wp-block-column is-layout-flow wp-block-column-is-layout-flow\">\n<img decoding=\"async\" src=\"http:\/\/landscapesfuture.org\/wp-content\/uploads\/svg-map\/Landscape%20for%20our%20future-country%20map-worldwide_Ghana.svg\" style=\"width:100%;padding-right:60px\" \/><\/div>\n\n\n\n<div class=\"wp-block-column is-layout-flow wp-block-column-is-layout-flow\">\n<h2 class=\"wp-block-heading\">Paysages<\/h2>\n\n\n\n<p>Le paysage de la zone de haute for\u00eat, compos\u00e9 de la zone de Bodi-Akontomra, de la zone d&rsquo;intervention du point chaud de la zone ouest B et de la zone de la rivi\u00e8re Sui. Cette zone prioritaire \u00e0 haute valeur de conservation pr\u00e9sente des taux \u00e9lev\u00e9s de d\u00e9forestation et de d\u00e9gradation des for\u00eats, sup\u00e9rieurs \u00e0 3 % par an, et environ 70 % du paysage est une zone de culture du cacao : une cause majeure de d\u00e9forestation, de perte de biodiversit\u00e9 et d&rsquo;impacts n\u00e9gatifs sur les \u00e9cosyst\u00e8mes qui sont susceptibles d&rsquo;entra\u00eener une baisse de la productivit\u00e9 et des rendements. Le paysage de transition for\u00eat-savane a une faible productivit\u00e9 agricole en raison de la d\u00e9forestation, des feux de for\u00eat p\u00e9rennes exacerb\u00e9s par l&rsquo;extr\u00eame variabilit\u00e9 du climat et du p\u00e2turage incontr\u00f4l\u00e9. Plus de 60 % de la population de ce paysage sont des exploitants agricoles et forestiers. Le paysage des zones \u00e9cologiques de la savane guin\u00e9enne et soudanaise est situ\u00e9 dans la partie nord du pays et comprend du karit\u00e9 et du baobab, de l&rsquo;acacia et de l&rsquo;\u00e9b\u00e8ne de grande valeur. Il est occup\u00e9 par le plus grand parc national du Ghana, le parc national de Mole, et la r\u00e9serve foresti\u00e8re de Kenikeni, qui sont menac\u00e9s par l&rsquo;agriculture, les probl\u00e8mes de drainage, et le ruissellement et l&rsquo;\u00e9rosion \u00e9lev\u00e9s.<\/p>\n<\/div>\n<\/div>\n\n<div class=\"wp-block-columns is-layout-flex wp-container-core-columns-is-layout-9d6595d7 wp-block-columns-is-layout-flex\">\n<div class=\"wp-block-column is-layout-flow wp-block-column-is-layout-flow\" style=\"flex-basis:66.66%\">\n<h2 class=\"wp-block-heading\">Approcher<\/h2>\n\n\n\n<p>Les capacit\u00e9s des communaut\u00e9s locales seront d\u00e9velopp\u00e9es dans les trois paysages prioritaires gr\u00e2ce \u00e0 une assistance technique adapt\u00e9e afin de r\u00e9duire la d\u00e9gradation des sols, de pr\u00e9venir la perte de for\u00eats et d&rsquo;augmenter la productivit\u00e9, la r\u00e9silience au changement climatique et la conservation des ressources naturelles. La formation et l&rsquo;encadrement des petits exploitants agricoles seront assur\u00e9s dans les techniques de r\u00e9g\u00e9n\u00e9ration et de gestion durables des ressources naturelles. Les services de formation et de vulgarisation et l&rsquo;engagement du secteur priv\u00e9 renforceront les capacit\u00e9s des petits exploitants agricoles \u00e0 acc\u00e9der \u00e0 des march\u00e9s am\u00e9lior\u00e9s et \u00e0 cr\u00e9er des entreprises alternatives de diversification des revenus.<\/p>\n\n\n\n<h2 class=\"wp-block-heading\">Actions sp\u00e9cifiques<\/h2>\n\n\n\n<p>Le secteur priv\u00e9 participera \u00e0 des programmes d&rsquo;incitation, \u00e0 la certification et \u00e0 la mise en \u0153uvre d&rsquo;engagements en faveur d&rsquo;une cha\u00eene d&rsquo;approvisionnement exempte de d\u00e9forestation. LandScale, un syst\u00e8me de suivi, d&rsquo;\u00e9valuation et d&rsquo;apprentissage, sera utilis\u00e9 pour saisir les donn\u00e9es et partager les connaissances entre les trois paysages s\u00e9lectionn\u00e9s. Les petits exploitants agricoles b\u00e9n\u00e9ficieront d&rsquo;une aide \u00e0 la vulgarisation en mati\u00e8re de pratiques de gestion durable des terres et de mod\u00e8les d&rsquo;exploitation efficaces afin d&rsquo;att\u00e9nuer le changement climatique par la reforestation et la r\u00e9duction de la d\u00e9gradation des terres, et d&rsquo;am\u00e9liorer la s\u00e9curit\u00e9 alimentaire par l&rsquo;augmentation des rendements et l&rsquo;am\u00e9lioration des pratiques.<\/p>\n\n\n\n<h2 class=\"wp-block-heading\">Impact du projet<\/h2>\n\n\n\n<p>La mise en \u0153uvre du projet EU LEAN dans ces divers paysages permettra un apprentissage crois\u00e9 et la cr\u00e9ation d&rsquo;un dossier commercial pour les mod\u00e8les de gestion int\u00e9gr\u00e9e du paysage (GIP) dans divers secteurs de produits, ainsi que la mobilisation du soutien politique et des partenaires pour informer la prise de d\u00e9cision et faire progresser les sous-programmes de la strat\u00e9gie REDD+ du Ghana.<\/p>\n<\/div>\n\n\n\n<div class=\"wp-block-column is-layout-flow wp-block-column-is-layout-flow\" style=\"flex-basis:33.33%\"><\/div>\n<\/div>\n\n<div class=\"wp-block-columns section-bg wpe-bggrey pt-5 pb-5 is-layout-flex wp-container-core-columns-is-layout-9d6595d7 wp-block-columns-is-layout-flex\">\n<div class=\"wp-block-column is-layout-flow wp-block-column-is-layout-flow\">\n<h2 class=\"wp-block-heading\">Contacts<\/h2>\n\n\n\n<p>Abena Dufie Woode<br \/>Chef de consortium \/ Chef de projet senior<br \/>Projet LEAN de l&rsquo;UE<br \/>awoode@ra.org<br \/>Mobile : +233 (0) 208099775<br \/>Skype : Abena Woode<\/p>\n\n\n\n<p>Rainforest Alliance<br \/>36 Abortsi Street, East Legon<br \/>PMB CT 435, Cantonments, Accra<br \/>+233 (0) 207 50 2210<br \/><a href=\"https:\/\/www.rainforest-alliance.org\/in-the-field\/lean-project\/\" target=\"_blank\" rel=\"noreferrer noopener\">rainforest-alliance.org\/projects\/lean<\/a><\/p>\n<\/div>\n\n\n\n<div class=\"wp-block-column is-layout-flow wp-block-column-is-layout-flow\">\n<p>Tropenbos Ghana<br \/>CSIR-FORIG, Fumesua, (Kumasi)<br \/>P.O.BOX UP 982, KNUST, Kumasi<br \/>+233 50 577 7997<br \/>info@tropenbosgh.org<br \/><a href=\"http:\/\/www.tropenbosghana.org\/\" target=\"_blank\" rel=\"noreferrer noopener\">www.tropenbosghana.org<\/a><\/p>\n\n\n\n<p><br \/>EcoCare Ghana<br \/>No. 44 Ecowas Road,<br \/>Agbogba &#8211; North Legon<br \/>PMB LG84, Campus Legon, Accra<br \/>+233 30 255 5044<br \/>info@ecocareghana.org<br \/><a href=\"http:\/\/www.ecocareghana.org\/\" target=\"_blank\" rel=\"noreferrer noopener\">www.ecocareghana.org<\/a><\/p>\n<\/div>\n\n\n\n<div class=\"wp-block-column is-layout-flow wp-block-column-is-layout-flow\">\n<p>World Vision Ghana<br \/>No.3 Kortei Robertson Street<br \/>Zone industrielle nord<br \/>Kaneshie, Accra<br \/>Ghana, Afrique de l&rsquo;Ouest<br \/>Private Mail Bag, Accra-North<br \/>+233-302-23 26 03-4<br \/><a rel=\"noreferrer noopener\" href=\"https:\/\/www.wvi.org\/ghana\" target=\"_blank\">wvi.org\/ghana<\/a><\/p>\n<\/div>\n<\/div>\n\n<div class=\"wp-block-columns is-layout-flex wp-container-core-columns-is-layout-9d6595d7 wp-block-columns-is-layout-flex\">\n<div class=\"wp-block-column is-layout-flow wp-block-column-is-layout-flow\" style=\"flex-basis:66.66%\">\n<h2 class=\"wp-block-heading\">Plus d&rsquo;informations<\/h2>\n\n\n\n<p><a href=\"https:\/\/www.rainforest-alliance.org\/projects\/LEAN\">https:\/\/www.rainforest-alliance.org\/projects\/LEAN<\/a><\/p>\n<\/div>\n\n\n\n<div class=\"wp-block-column is-layout-flow wp-block-column-is-layout-flow\" style=\"flex-basis:33.33%\"><\/div>\n<\/div>\n","protected":false},"excerpt":{"rendered":"<p>Paysages et agilit\u00e9 environnementale \u00e0 travers la nation (LEAN) Partenaires du consortium : Rainforest alliance, World Vision Ghana, Tropenbos Ghana et EcoCare Ghana. Parties prenantes cl\u00e9s Les communaut\u00e9s locales et les petits exploitants agricoles b\u00e9n\u00e9ficiaires, les assembl\u00e9es municipales et de district, le minist\u00e8re de l&rsquo;alimentation et de l&rsquo;agriculture, le minist\u00e8re des terres et des ressources [&hellip;]<\/p>\n","protected":false},"author":1,"featured_media":0,"parent":0,"menu_order":0,"comment_status":"closed","ping_status":"closed","template":"templates\/template-page-gutenberg.php","meta":{"inline_featured_image":false,"footnotes":"","_links_to":"","_links_to_target":""},"class_list":["post-5920","page","type-page","status-publish","hentry"],"_links":{"self":[{"href":"https:\/\/landscapesfuture.org\/fr\/wp-json\/wp\/v2\/pages\/5920","targetHints":{"allow":["GET"]}}],"collection":[{"href":"https:\/\/landscapesfuture.org\/fr\/wp-json\/wp\/v2\/pages"}],"about":[{"href":"https:\/\/landscapesfuture.org\/fr\/wp-json\/wp\/v2\/types\/page"}],"author":[{"embeddable":true,"href":"https:\/\/landscapesfuture.org\/fr\/wp-json\/wp\/v2\/users\/1"}],"replies":[{"embeddable":true,"href":"https:\/\/landscapesfuture.org\/fr\/wp-json\/wp\/v2\/comments?post=5920"}],"version-history":[{"count":5,"href":"https:\/\/landscapesfuture.org\/fr\/wp-json\/wp\/v2\/pages\/5920\/revisions"}],"predecessor-version":[{"id":6686,"href":"https:\/\/landscapesfuture.org\/fr\/wp-json\/wp\/v2\/pages\/5920\/revisions\/6686"}],"wp:attachment":[{"href":"https:\/\/landscapesfuture.org\/fr\/wp-json\/wp\/v2\/media?parent=5920"}],"curies":[{"name":"wp","href":"https:\/\/api.w.org\/{rel}","templated":true}]}}