{"id":5917,"date":"2021-08-21T21:12:57","date_gmt":"2021-08-21T14:12:57","guid":{"rendered":"https:\/\/landscapesfuture.org\/republique-democratique-du-congo\/"},"modified":"2022-09-08T15:33:56","modified_gmt":"2022-09-08T08:33:56","slug":"republique-democratique-du-congo","status":"publish","type":"page","link":"https:\/\/landscapesfuture.org\/fr\/republique-democratique-du-congo\/","title":{"rendered":"R\u00e9publique D\u00e9mocratique du Congo"},"content":{"rendered":"<style>\n@media only screen and (max-width: 960px) {\n   #hero-page{\n    background-image:url(\"https:\/\/landscapesfuture.org\/wp-content\/uploads\/2021\/08\/Democratic-Republic-of-the-Congo-French-1.jpg\");\n    background-position-y: bottom;\n    background-position-x: center;\n  }\n}\n\n#hero-page::after {\n    position: absolute;\n    content: ' ';\n    z-index: 0;\n    height: 100%;\n    width: 100%;\n    background-color: rgb(0,0,0,0.4);\n    top: 0;\n    left: 0;\n}\n#hero-page.section-bg::before{\nbackground-position-y: -385px;\n}\n\n.page #header #menu a {\n    color: #fff;\n}\n\n.page #header #menu .sub-menu li a{\n  color:#333;\n}\n\n.page #header #menu .sub-menu li a:hover{\n color:#FFFFFF;\n}\n\n.home.page-id-429 #wrapper, .page.page-id-429 #wrapper {\n    margin-top: 82px;\n}\n.home.page-id-429 #header, .page.page-id-429 #header {\n    background-color: #2E3546;\n    border: 0px;\n}\n\n.home.page-id-429 #header.darkHeader #menu a, \n.page.page-id-429 #header.darkHeader #menu a{\n   color:#252122;\n}\n\n.home.page-id-429  #header.darkHeader, .page.page-id-429  #header.darkHeader {\n    background-color: #FFFFFF;\n    border-bottom: 1px solid #ddd;\n}<\/style>\n<!-- section hero -->\n<!-- close div before -->\n        <\/div>\n    <\/article>\n<\/div>\n\n<div id=\"hero-page\" class=\" block-hero-page flex-vcenter section-bg\">\n    <div class=\"block-hero-page_bg\">\n        <img decoding=\"async\" src=\"https:\/\/landscapesfuture.org\/wp-content\/uploads\/2021\/08\/Democratic-Republic-of-the-Congo-French-1.jpg\">\n    <\/div>\n    <div class=\"block-hero-page_overlay\"><\/div>\n    <div class=\"block-hero-page_content\">\n        <div class=\"container\">\n\n            <div class=\"hero-page\">\n                <div class=\"hero-page_title text-light\">\n                    <h1>R\u00e9publique D\u00e9mocratique du Congo<\/h1>\n                    <!--<p>\n<\/p>-->\n                                    <\/div>\n            <\/div>\n        <\/div>\n    <\/div>\n<\/div>\n\n<div class=\"container\">\n    <div class=\"row\">\n        <div class=\"col-12\">\n            <div class=\"breadcrumbs\" itemscope itemtype=\"http:\/\/schema.org\/BreadcrumbList\"><span itemprop=\"itemListElement\" itemscope itemtype=\"http:\/\/schema.org\/ListItem\"><a class=\"breadcrumbs__link\" href=\"https:\/\/landscapesfuture.org\/fr\/\" itemprop=\"item\"><span itemprop=\"name\">Accueil<\/span><\/a><meta itemprop=\"position\" content=\"1\" \/><\/span><\/div><!-- .breadcrumbs -->        <\/div>\n    <\/div>\n<\/div>\n\n<div class=\"container\">\n    <article id=\"post-5917\" class=\"post-5917 page type-page status-publish hentry\">\n        <div class=\"entry-content\">\n\n\n<h1 class=\"project-title has-very-dark-gray-color has-text-color wp-block-heading\"><strong>Nouveaux Paysages du Congo (NPC)<\/strong><\/h1>\n\n\n\n    <style> \n        .logo-partner-on-team {\n              max-height: 80px;\n              max-width: 180px;\n        }\n    <\/style><div id=\"\" class=\" block-clear wpe-block\"><h3 class=\"mt-3 mb-4 fs-3-5\"><\/h3><div><\/div><div class=\"wpe-block-title\"><h2>Partner<\/h2><\/div><div class=\"d-flex justify-content-start flex-wrap flex-row columns-10 middle-md m-margin-bottom-30 partner-list-items\" style=\"justify-content: flex-start;\">\n    \n            <div class=\"me-4 mb-4 partner-item d-table\">\n                <a href=\"http:\/\/cifor.org\" class=\"d-table-cell align-middle\" title=\"Center for International Forestry Research (CIFOR)\">\n                    <img decoding=\"async\" src=\"https:\/\/www.cifor.org\/wp-content\/uploads\/2020\/05\/CIFOR-logo.png\" alt=\"Center for International Forestry Research (CIFOR)\" class=\"logo-partner-on-team\" title=\"Center for International Forestry Research (CIFOR)\">\n                <\/a>\n            <\/div><\/div><\/div>\n\n\n<div class=\"wp-block-columns is-layout-flex wp-container-core-columns-is-layout-9d6595d7 wp-block-columns-is-layout-flex\">\n<div class=\"wp-block-column is-layout-flow wp-block-column-is-layout-flow\" style=\"flex-basis:66.66%\">\n<p><strong>Partenaire :<\/strong> CIFOR<\/p>\n\n\n\n<h2 class=\"wp-block-heading\">Domaines th\u00e9matiques cl\u00e9s<\/h2>\n\n\n\n<p>i. encourager et am\u00e9liorer durablement la production agricole, halieutique et foresti\u00e8re par le biais de la formation, de la recherche appliqu\u00e9e et de la diffusion de bonnes pratiques, au profit et pour le d\u00e9veloppement socio-\u00e9conomique des populations rurales autour de la r\u00e9serve de biosph\u00e8re de Yangambi.<br>ii. att\u00e9nuer la d\u00e9forestation des \u00e9cosyst\u00e8mes naturels, l&rsquo;une des principales causes du changement climatique au niveau mondial, et augmenter la s\u00e9questration du<sub>CO2<\/sub> par des actions de protection, de restauration, d&rsquo;am\u00e9lioration et de gestion durable des ressources naturelles dans et autour de la zone.<br>iii. renforcer les efforts d&rsquo;am\u00e9nagement du territoire et l&rsquo;engagement des \u00e9lus locaux dans l&rsquo;approche paysag\u00e8re, en utilisant l&rsquo;effet \u00ab\u00a0pilote\u00a0\u00bb pour \u00e9tendre le projet NPC \u00e0 d&rsquo;autres zones de la province (voire \u00e0 des zones aux caract\u00e9ristiques similaires dans d&rsquo;autres provinces).<br>Ceux-ci sont inextricablement li\u00e9s au sein du paysage de Yangambi.<\/p>\n<\/div>\n\n\n\n<div class=\"wp-block-column is-layout-flow wp-block-column-is-layout-flow\" style=\"flex-basis:33.33%\"><\/div>\n<\/div>\n\n\n\n<div class=\"wp-block-columns is-layout-flex wp-container-core-columns-is-layout-9d6595d7 wp-block-columns-is-layout-flex\">\n<div class=\"wp-block-column is-layout-flow wp-block-column-is-layout-flow\">\n<h2 class=\"wp-block-heading\">D\u00e9fis<\/h2>\n\n\n\n<p>Qu&rsquo;il s&rsquo;agisse de la production de fruits et l\u00e9gumes, de poisson, de viande, d&rsquo;\u00e9pices ou de produits tels que le riz, le ni\u00e9b\u00e9, le manioc ou la banane plantain, les secteurs agroalimentaires n\u00e9cessitent une restructuration et des am\u00e9liorations, de la production au consommateur final &#8211; notamment pour les consommateurs urbains de Kisangani. La productivit\u00e9 du paysage ne peut \u00eatre am\u00e9lior\u00e9e que par le d\u00e9veloppement de la valeur ajout\u00e9e et le soutien aux exigences de production am\u00e9lior\u00e9es, telles que la capacit\u00e9 \u00e9nerg\u00e9tique.<\/p>\n<\/div>\n\n\n\n<div class=\"wp-block-column is-layout-flow wp-block-column-is-layout-flow\">\n<h2 class=\"wp-block-heading\">Objectif<\/h2>\n\n\n\n<p>L&rsquo;objectif g\u00e9n\u00e9ral est de convertir le paysage largement d\u00e9grad\u00e9 et improductif de Yangambi (en p\u00e9riph\u00e9rie d&rsquo;une zone prot\u00e9g\u00e9e et \u00e0 proximit\u00e9 d&rsquo;un grand centre urbain) en un p\u00f4le de d\u00e9veloppement durable bas\u00e9 sur la conservation, le d\u00e9veloppement des secteurs agricole et agroforestier, et la production foresti\u00e8re et d&rsquo;\u00e9nergie renouvelable.<\/p>\n<\/div>\n<\/div>\n\n\n\n<div class=\"wp-block-columns section-bg wpe-mapbg pt-5 pb-5 is-layout-flex wp-container-core-columns-is-layout-9d6595d7 wp-block-columns-is-layout-flex\">\n<div class=\"wp-block-column is-layout-flow wp-block-column-is-layout-flow\">\n<img decoding=\"async\" src=\"http:\/\/landscapesfuture.org\/wp-content\/uploads\/svg-map\/Landscape%20for%20our%20future-country%20map-worldwide_DR%20Congo.svg\" style=\"width:100%;padding-right:60px\">\n<\/div>\n\n\n\n<div class=\"wp-block-column is-layout-flow wp-block-column-is-layout-flow\">\n<h2 class=\"wp-block-heading\">Paysages<\/h2>\n\n\n\n<p>Le projet s&rsquo;inscrit dans le cadre d&rsquo;une intervention plus large du CIFOR et de ses partenaires dans le paysage de Yangambi et ses zones adjacentes, couvrant une superficie d&rsquo;environ 1 000 000 ha pour une population estim\u00e9e \u00e0 1,5-2 millions d&rsquo;habitants.<\/p>\n<\/div>\n<\/div>\n\n\n\n<div class=\"wp-block-columns is-layout-flex wp-container-core-columns-is-layout-9d6595d7 wp-block-columns-is-layout-flex\">\n<div class=\"wp-block-column is-layout-flow wp-block-column-is-layout-flow\" style=\"flex-basis:66.66%\">\n<h2 class=\"wp-block-heading\">Approcher<\/h2>\n\n\n\n<p>Le projet int\u00e8gre une triple approche :<br>i) une strat\u00e9gie vers l&rsquo;agriculture s\u00e9dentaire et la reforestation<br>ii) une strat\u00e9gie de d\u00e9veloppement des secteurs productifs<br>iii) une strat\u00e9gie pour l&rsquo;\u00e9nergie durable.<\/p>\n\n\n\n<p>Le projet vise \u00e0 assurer la s\u00e9curit\u00e9 alimentaire, la substitution de l&rsquo;agriculture sur br\u00fblis, la productivit\u00e9 des actifs fonciers, ainsi que la viabilit\u00e9 \u00e9conomique et l&rsquo;am\u00e9lioration de la qualit\u00e9 de vie des m\u00e9nages gr\u00e2ce \u00e0 la valeur ajout\u00e9e.<\/p>\n\n\n\n<h2 class=\"wp-block-heading\">Actions sp\u00e9cifiques<\/h2>\n\n\n\n<p>Le projet vise \u00e0 d\u00e9velopper 2 100 ha de plantations agroforesti\u00e8res et de biomasse, cr\u00e9ant ainsi un puits de carbone de 250 000 tonnes, 600 emplois verts, dont 64 % pour les femmes, et environ 40 petites et moyennes entreprises. \u00c0 long terme, l&rsquo;intensification de l&rsquo;agriculture couvrira une superficie de 12 000 ha. Le projet vise \u00e9galement \u00e0 \u00e9tablir et \u00e0 renforcer la gouvernance foresti\u00e8re locale en utilisant une approche combin\u00e9e de foresterie communautaire et de soutien \u00e0 l&rsquo;exploitation artisanale l\u00e9gale, \u00e0 partir de laquelle le bois sera transform\u00e9 et s\u00e9ch\u00e9. L&rsquo;installation d&rsquo;une centrale \u00e9lectrique \u00e0 biomasse renforcera les capacit\u00e9s locales de production d&rsquo;\u00e9nergie renouvelable et permettra, une fois achev\u00e9e, d&rsquo;\u00e9viter l&rsquo;\u00e9mission de 47 000 tonnes de<sub>CO2<\/sub> par an.<\/p>\n<\/div>\n\n\n\n<div class=\"wp-block-column is-layout-flow wp-block-column-is-layout-flow\" style=\"flex-basis:33.33%\"><\/div>\n<\/div>\n\n\n\n<div class=\"wp-block-columns section-bg wpe-bggrey pt-5 pb-5 mb-0 is-layout-flex wp-container-core-columns-is-layout-9d6595d7 wp-block-columns-is-layout-flex\">\n<div class=\"wp-block-column is-layout-flow wp-block-column-is-layout-flow\" style=\"flex-basis:66.66%\">\n<h2 class=\"wp-block-heading\">Contact<\/h2>\n\n\n\n<p>Cerutti, Paolo (P.Cerutti@cgiar.org)<\/p>\n<\/div>\n\n\n\n<div class=\"wp-block-column is-layout-flow wp-block-column-is-layout-flow\" style=\"flex-basis:33.33%\"><\/div>\n<\/div>\n","protected":false},"excerpt":{"rendered":"<p>Nouveaux Paysages du Congo (NPC) Partenaire : CIFOR Domaines th\u00e9matiques cl\u00e9s i. encourager et am\u00e9liorer durablement la production agricole, halieutique et foresti\u00e8re par le biais de la formation, de la recherche appliqu\u00e9e et de la diffusion de bonnes pratiques, au profit et pour le d\u00e9veloppement socio-\u00e9conomique des populations rurales autour de la r\u00e9serve de biosph\u00e8re [&hellip;]<\/p>\n","protected":false},"author":1,"featured_media":0,"parent":0,"menu_order":0,"comment_status":"closed","ping_status":"closed","template":"templates\/template-page-gutenberg.php","meta":{"inline_featured_image":false,"footnotes":"","_links_to":"","_links_to_target":""},"class_list":["post-5917","page","type-page","status-publish","hentry"],"_links":{"self":[{"href":"https:\/\/landscapesfuture.org\/fr\/wp-json\/wp\/v2\/pages\/5917","targetHints":{"allow":["GET"]}}],"collection":[{"href":"https:\/\/landscapesfuture.org\/fr\/wp-json\/wp\/v2\/pages"}],"about":[{"href":"https:\/\/landscapesfuture.org\/fr\/wp-json\/wp\/v2\/types\/page"}],"author":[{"embeddable":true,"href":"https:\/\/landscapesfuture.org\/fr\/wp-json\/wp\/v2\/users\/1"}],"replies":[{"embeddable":true,"href":"https:\/\/landscapesfuture.org\/fr\/wp-json\/wp\/v2\/comments?post=5917"}],"version-history":[{"count":5,"href":"https:\/\/landscapesfuture.org\/fr\/wp-json\/wp\/v2\/pages\/5917\/revisions"}],"predecessor-version":[{"id":6718,"href":"https:\/\/landscapesfuture.org\/fr\/wp-json\/wp\/v2\/pages\/5917\/revisions\/6718"}],"wp:attachment":[{"href":"https:\/\/landscapesfuture.org\/fr\/wp-json\/wp\/v2\/media?parent=5917"}],"curies":[{"name":"wp","href":"https:\/\/api.w.org\/{rel}","templated":true}]}}