{"id":5914,"date":"2021-08-21T14:44:49","date_gmt":"2021-08-21T07:44:49","guid":{"rendered":"https:\/\/landscapesfuture.org\/tchad-et-republique-centrafricaine\/"},"modified":"2022-09-08T15:34:49","modified_gmt":"2022-09-08T08:34:49","slug":"tchad-et-republique-centrafricaine","status":"publish","type":"page","link":"https:\/\/landscapesfuture.org\/fr\/tchad-et-republique-centrafricaine\/","title":{"rendered":"Tchad et R\u00e9publique centrafricaine"},"content":{"rendered":"<style>\n@media only screen and (max-width: 960px) {\n   #hero-page{\n    background-image:url(\"https:\/\/landscapesfuture.org\/wp-content\/uploads\/2021\/08\/Chad-1.jpg\");\n    background-position-y: bottom;\n    background-position-x: center;\n  }\n}\n\n#hero-page::after {\n    position: absolute;\n    content: ' ';\n    z-index: 0;\n    height: 100%;\n    width: 100%;\n    background-color: rgb(0,0,0,0.4);\n    top: 0;\n    left: 0;\n}\n#hero-page.section-bg::before{\nbackground-position-y: -385px;\n}\n\n.page #header #menu a {\n    color: #fff;\n}\n\n.page #header #menu .sub-menu li a{\n  color:#333;\n}\n\n.page #header #menu .sub-menu li a:hover{\n color:#FFFFFF;\n}\n\n.home.page-id-429 #wrapper, .page.page-id-429 #wrapper {\n    margin-top: 82px;\n}\n.home.page-id-429 #header, .page.page-id-429 #header {\n    background-color: #2E3546;\n    border: 0px;\n}\n\n.home.page-id-429 #header.darkHeader #menu a, \n.page.page-id-429 #header.darkHeader #menu a{\n   color:#252122;\n}\n\n.home.page-id-429  #header.darkHeader, .page.page-id-429  #header.darkHeader {\n    background-color: #FFFFFF;\n    border-bottom: 1px solid #ddd;\n}<\/style>\n<!-- section hero -->\n<!-- close div before -->\n        <\/div>\n    <\/article>\n<\/div>\n\n<div id=\"hero-page\" class=\" block-hero-page flex-vcenter section-bg\">\n    <div class=\"block-hero-page_bg\">\n        <img decoding=\"async\" src=\"https:\/\/landscapesfuture.org\/wp-content\/uploads\/2021\/08\/Chad-1.jpg\">\n    <\/div>\n    <div class=\"block-hero-page_overlay\"><\/div>\n    <div class=\"block-hero-page_content\">\n        <div class=\"container\">\n\n            <div class=\"hero-page\">\n                <div class=\"hero-page_title text-light\">\n                    <h1>Tchad et R\u00e9publique centrafricaine<\/h1>\n                    <!--<p><\/p>-->\n                                    <\/div>\n            <\/div>\n        <\/div>\n    <\/div>\n<\/div>\n\n<div class=\"container\">\n    <div class=\"row\">\n        <div class=\"col-12\">\n            <div class=\"breadcrumbs\" itemscope itemtype=\"http:\/\/schema.org\/BreadcrumbList\"><span itemprop=\"itemListElement\" itemscope itemtype=\"http:\/\/schema.org\/ListItem\"><a class=\"breadcrumbs__link\" href=\"https:\/\/landscapesfuture.org\/fr\/\" itemprop=\"item\"><span itemprop=\"name\">Accueil<\/span><\/a><meta itemprop=\"position\" content=\"1\" \/><\/span><\/div><!-- .breadcrumbs -->        <\/div>\n    <\/div>\n<\/div>\n\n<div class=\"container\">\n    <article id=\"post-5914\" class=\"post-5914 page type-page status-publish hentry\">\n        <div class=\"entry-content\">\n\n\n<h1 class=\"project-title wp-block-heading\">Gestion durable du bassin du fleuve Chari<\/h1>\n\n\n\n    <style> \n        .logo-partner-on-team {\n              max-height: 80px;\n              max-width: 180px;\n        }\n    <\/style><div id=\"\" class=\" block-clear wpe-block\"><h3 class=\"mt-3 mb-4 fs-3-5\"><\/h3><div><\/div><div class=\"wpe-block-title\"><h2>Partners<\/h2><\/div><div class=\"d-flex justify-content-start flex-wrap flex-row columns-10 middle-md m-margin-bottom-30 partner-list-items\" style=\"justify-content: flex-start;\">\n    \n            <div class=\"me-4 mb-4 partner-item d-table\">\n                <a href=\"https:\/\/www.wcs.org\/\" class=\"d-table-cell align-middle\" title=\"Wildlife Conservation Society (WCS)\">\n                    <img decoding=\"async\" src=\"https:\/\/landscapesfuture.org\/wp-content\/uploads\/2023\/10\/WCS-Logo-white-letters.png\" alt=\"Wildlife Conservation Society (WCS)\" class=\"logo-partner-on-team\" title=\"Wildlife Conservation Society (WCS)\">\n                <\/a>\n            <\/div>\n    \n            <div class=\"me-4 mb-4 partner-item d-table\">\n                <a href=\"https:\/\/en.unesco.org\/\" class=\"d-table-cell align-middle\" title=\"United Nations Educational, Scientific and Cultural Organization (UNESCO)\">\n                    <img decoding=\"async\" src=\"http:\/\/landscapesfuture.org\/wp-content\/uploads\/2022\/02\/UNESCO_logo_English.png\" alt=\"United Nations Educational, Scientific and Cultural Organization (UNESCO)\" class=\"logo-partner-on-team\" title=\"United Nations Educational, Scientific and Cultural Organization (UNESCO)\">\n                <\/a>\n            <\/div>\n    \n            <div class=\"me-4 mb-4 partner-item d-table\">\n                <a href=\"https:\/\/www.ecofac6.eu\/fr\" class=\"d-table-cell align-middle\" title=\"Preserving the Biodiversity and Fragile Ecosystems of Central Africa (ECOFAC)\">\n                    <img decoding=\"async\" src=\"http:\/\/landscapesfuture.org\/wp-content\/uploads\/2022\/01\/logo-ECOFAC.png\" alt=\"Preserving the Biodiversity and Fragile Ecosystems of Central Africa (ECOFAC)\" class=\"logo-partner-on-team\" title=\"Preserving the Biodiversity and Fragile Ecosystems of Central Africa (ECOFAC)\">\n                <\/a>\n            <\/div>\n    \n            <div class=\"me-4 mb-4 partner-item d-table\">\n                <a href=\"https:\/\/www.lionrecoveryfund.org\/\" class=\"d-table-cell align-middle\" title=\"Lion Recovery Fund (LRF)\">\n                    <img decoding=\"async\" src=\"http:\/\/landscapesfuture.org\/wp-content\/uploads\/2022\/01\/LRF-logo.png\" alt=\"Lion Recovery Fund (LRF)\" class=\"logo-partner-on-team\" title=\"Lion Recovery Fund (LRF)\">\n                <\/a>\n            <\/div>\n    \n            <div class=\"me-4 mb-4 partner-item d-table\">\n                <a href=\"\" class=\"d-table-cell align-middle\" title=\"Ministere de Eaux et Forest (RCA)\">\n                    <img decoding=\"async\" src=\"http:\/\/landscapesfuture.org\/wp-content\/uploads\/2022\/02\/eaux-et-forets.png\" alt=\"Ministere de Eaux et Forest (RCA)\" class=\"logo-partner-on-team\" title=\"Ministere de Eaux et Forest (RCA)\">\n                <\/a>\n            <\/div><\/div><\/div>\n\n\n<div class=\"wp-block-columns is-layout-flex wp-container-core-columns-is-layout-9d6595d7 wp-block-columns-is-layout-flex\">\n<div class=\"wp-block-column is-layout-flow wp-block-column-is-layout-flow\" style=\"flex-basis:66.66%\">\n<p><strong>Partenaires :<\/strong> Wildlife Conservation Society (WCS), Organisation des Nations Unies pour l&rsquo;\u00e9ducation, la science et la culture (UNESCO), Pr\u00e9servation de la biodiversit\u00e9 et des \u00e9cosyst\u00e8mes fragiles d&rsquo;Afrique centrale (ECOFAC), Commission europ\u00e9enne, Lion Recovery Fund (LRF), Minist\u00e8re des Eaux et For\u00eats (RCA).<\/p>\n\n\n\n<h2 class=\"wp-block-heading\">Domaines th\u00e9matiques cl\u00e9s<\/h2>\n\n\n\n<p>i) d\u00e9veloppement d&rsquo;actions et de synergies pour la mise en \u0153uvre de l&rsquo;accord de Paris sur le changement climatique et des contributions d\u00e9termin\u00e9es au niveau national,<br>ii) la conservation et la gestion durable des ressources naturelles et de la biodiversit\u00e9 (mise en \u0153uvre de la CDB, ratifi\u00e9e en R\u00e9publique centrafricaine en 1992),<br>iii) renforcer la s\u00e9curit\u00e9 alimentaire et la nutrition.<\/p>\n<\/div>\n\n\n\n<div class=\"wp-block-column is-layout-flow wp-block-column-is-layout-flow\" style=\"flex-basis:33.33%\"><\/div>\n<\/div>\n\n\n\n<div class=\"wp-block-columns is-layout-flex wp-container-core-columns-is-layout-9d6595d7 wp-block-columns-is-layout-flex\">\n<div class=\"wp-block-column is-layout-flow wp-block-column-is-layout-flow\">\n<h2 class=\"wp-block-heading\">D\u00e9fis<\/h2>\n\n\n\n<p>Des probl\u00e8mes majeurs de s\u00e9curit\u00e9 et de gouvernance entravent consid\u00e9rablement le d\u00e9veloppement de la r\u00e9gion, tant sur le plan socio-\u00e9conomique qu&rsquo;environnemental. Ces instabilit\u00e9s entra\u00eenent le d\u00e9clin rapide du patrimoine faunique, la d\u00e9gradation des \u00e9cosyst\u00e8mes critiques et, dans le cas du nord de la R\u00e9publique centrafricaine, la surexploitation g\u00e9n\u00e9rale des ressources naturelles.<\/p>\n<\/div>\n\n\n\n<div class=\"wp-block-column is-layout-flow wp-block-column-is-layout-flow\">\n<h2 class=\"wp-block-heading\">Objectif<\/h2>\n\n\n\n<p>Ce projet vise \u00e0 maintenir la biodiversit\u00e9 et les services \u00e9cosyst\u00e9miques fournis aux populations par les aires prot\u00e9g\u00e9es et les zones riveraines des fronti\u00e8res du Tchad et de la R\u00e9publique centrafricaine dans le paysage du bassin central du Chari. Il vise \u00e9galement \u00e0 g\u00e9rer l&rsquo;att\u00e9nuation des conflits et la conservation dans le paysage du bassin central du Chari, dans la zone transfrontali\u00e8re du sud-ouest du Tchad et du nord du Cameroun.<\/p>\n<\/div>\n<\/div>\n\n\n\n<div class=\"wp-block-columns section-bg wpe-mapbg pt-5 pb-5 is-layout-flex wp-container-core-columns-is-layout-9d6595d7 wp-block-columns-is-layout-flex\">\n<div class=\"wp-block-column is-layout-flow wp-block-column-is-layout-flow\">\n<img decoding=\"async\" src=\"http:\/\/landscapesfuture.org\/wp-content\/uploads\/svg-map\/Country%20map-worldwide_Chad-CAR.svg\" style=\"width:100%;padding-right:60px\">\n<\/div>\n\n\n\n<div class=\"wp-block-column is-layout-flow wp-block-column-is-layout-flow\">\n<h2 class=\"wp-block-heading\">Paysages<\/h2>\n\n\n\n<p>La zone transfrontali\u00e8re comprend les provinces du Moyen-Chari, du Salamat, du Mandoul et du Mayo-Kebi-Ouest au sud du Tchad, et les pr\u00e9fectures de Bamingui-Bangoran, de Nana Grebizi et de Vakaga au nord de la R\u00e9publique centrafricaine, y compris les parcs nationaux de Bamingui-Bangoran et du Manovo-Gounda St. Floris (Liste du patrimoine mondial). Le Tchad et la R\u00e9publique centrafricaine sont consid\u00e9r\u00e9s comme faisant partie des 10 \u00c9tats les plus faibles du monde, class\u00e9s respectivement \u00e0 la 187e et 188e place de l&rsquo;indice de d\u00e9veloppement humain en 2020. Dot\u00e9s de ressources naturelles pr\u00e9cieuses et des derniers bastions de la vie sauvage au monde, le Tchad et la R\u00e9publique centrafricaine occupent \u00e9galement les derni\u00e8res places en mati\u00e8re de performance environnementale. Bien que les paysages tchadiens disposent de vastes ressources en p\u00e9trole et en b\u00e9tail, et que les r\u00e9gions de la R\u00e9publique centrafricaine soient riches en min\u00e9raux et en bois, leurs communaut\u00e9s souffrent d&rsquo;une grave ins\u00e9curit\u00e9 alimentaire et d\u00e9pendent fortement de l&rsquo;aide humanitaire. Les groupes rebelles et la faible gouvernance ont bloqu\u00e9 toute perspective de d\u00e9veloppement socio-\u00e9conomique au cours des derni\u00e8res d\u00e9cennies.<\/p>\n<\/div>\n<\/div>\n\n\n\n<div class=\"wp-block-columns is-layout-flex wp-container-core-columns-is-layout-9d6595d7 wp-block-columns-is-layout-flex\">\n<div class=\"wp-block-column is-layout-flow wp-block-column-is-layout-flow\" style=\"flex-basis:66.66%\">\n<h2 class=\"wp-block-heading\">Approcher<\/h2>\n\n\n\n<p>Les approches \u00ab\u00a0paysage int\u00e9gr\u00e9\u00a0\u00bb et \u00ab\u00a0\u00eelots d&rsquo;int\u00e9grit\u00e9\u00a0\u00bb seront appliqu\u00e9es aux zones prot\u00e9g\u00e9es dans les parcs et les zones de chasse. La bonne gouvernance sera \u00e9tendue pour stabiliser les conditions permettant aux acteurs locaux vuln\u00e9rables de n\u00e9gocier et de r\u00e9aliser des am\u00e9nagements territoriaux, ainsi que de g\u00e9n\u00e9rer des revenus qui, en retour, augmenteront la l\u00e9gitimit\u00e9 des zones prot\u00e9g\u00e9es.<\/p>\n\n\n\n<h2 class=\"wp-block-heading\">Actions sp\u00e9cifiques<\/h2>\n\n\n\n<p>Un r\u00e9seau sera \u00e9tabli pour la surveillance et le partage d&rsquo;informations en vue d&rsquo;une gestion coordonn\u00e9e des zones prot\u00e9g\u00e9es, de la transhumance et des activit\u00e9s criminelles transfrontali\u00e8res.<\/p>\n\n\n\n<p>Une s\u00e9rie de donn\u00e9es utiles telles que des inventaires \u00e9cologiques, des cartes des acteurs, des sc\u00e9narios spatiaux et des syst\u00e8mes de surveillance seront collect\u00e9es et partag\u00e9es. Pour contrer les menaces qui p\u00e8sent sur les zones prot\u00e9g\u00e9es du paysage de BC Chari, une surveillance a\u00e9rienne et par satellite, ainsi qu&rsquo;une cartographie des habitats sauvages, sont \u00e9galement pr\u00e9vues.<\/p>\n\n\n\n<p>L&rsquo;exploitation ill\u00e9gale et les zones pastorales sont cartographi\u00e9es afin de pr\u00e9venir les conflits et de suivre les activit\u00e9s illicites de la faune sauvage. Trois ou quatre couloirs de transhumance sont con\u00e7us pour prot\u00e9ger les ressources naturelles et les populations indig\u00e8nes, et trois ou quatre points de passage strat\u00e9giques pour les services pastoraux sont identifi\u00e9s.<\/p>\n\n\n\n<p>Les possibilit\u00e9s de paiement pour les services \u00e9cosyst\u00e9miques (par exemple, REDD + capture du carbone) dans le paysage du bassin central de Chari sont \u00e9galement analys\u00e9es, et un projet pilote sur la gestion de la faune sera mis en place.<\/p>\n<\/div>\n\n\n\n<div class=\"wp-block-column is-layout-flow wp-block-column-is-layout-flow\" style=\"flex-basis:33.33%\"><\/div>\n<\/div>\n\n\n\n<div class=\"wp-block-columns section-bg wpe-bggrey pt-5 pb-5 is-layout-flex wp-container-core-columns-is-layout-9d6595d7 wp-block-columns-is-layout-flex\">\n<div class=\"wp-block-column is-layout-flow wp-block-column-is-layout-flow\" style=\"flex-basis:66.66%\">\n<h2 class=\"wp-block-heading\">Contacts<\/h2>\n\n\n\n<ul class=\"wp-block-list\"><li>Zowoya, Florent (fzowoya@wcs.org), R\u00e9publique centrafricaine, directeur de pays<\/li><li>D&rsquo;agnanno, Antonio (adagnanno@wcs.org), R\u00e9publique centrafricaine, responsable du paysage<\/li><\/ul>\n<\/div>\n\n\n\n<div class=\"wp-block-column is-layout-flow wp-block-column-is-layout-flow\" style=\"flex-basis:33.33%\"><\/div>\n<\/div>\n\n\n\n<div class=\"wp-block-columns is-layout-flex wp-container-core-columns-is-layout-9d6595d7 wp-block-columns-is-layout-flex\">\n<div class=\"wp-block-column is-layout-flow wp-block-column-is-layout-flow\" style=\"flex-basis:66.66%\">\n<h2 class=\"wp-block-heading\">Plus d&rsquo;informations  <\/h2>\n\n\n\n<p><a href=\"https:\/\/www.wcs.org\/our-work\/regions\/sudano-sahel\">https:\/\/www.wcs.org\/our-work\/regions\/sudano-sahel<\/a><\/p>\n<\/div>\n\n\n\n<div class=\"wp-block-column is-layout-flow wp-block-column-is-layout-flow\" style=\"flex-basis:33.33%\"><\/div>\n<\/div>\n","protected":false},"excerpt":{"rendered":"<p>Gestion durable du bassin du fleuve Chari Partenaires : Wildlife Conservation Society (WCS), Organisation des Nations Unies pour l&rsquo;\u00e9ducation, la science et la culture (UNESCO), Pr\u00e9servation de la biodiversit\u00e9 et des \u00e9cosyst\u00e8mes fragiles d&rsquo;Afrique centrale (ECOFAC), Commission europ\u00e9enne, Lion Recovery Fund (LRF), Minist\u00e8re des Eaux et For\u00eats (RCA). Domaines th\u00e9matiques cl\u00e9s i) d\u00e9veloppement d&rsquo;actions et [&hellip;]<\/p>\n","protected":false},"author":1,"featured_media":0,"parent":0,"menu_order":0,"comment_status":"closed","ping_status":"closed","template":"templates\/template-page-gutenberg.php","meta":{"inline_featured_image":false,"footnotes":"","_links_to":"","_links_to_target":""},"class_list":["post-5914","page","type-page","status-publish","hentry"],"_links":{"self":[{"href":"https:\/\/landscapesfuture.org\/fr\/wp-json\/wp\/v2\/pages\/5914","targetHints":{"allow":["GET"]}}],"collection":[{"href":"https:\/\/landscapesfuture.org\/fr\/wp-json\/wp\/v2\/pages"}],"about":[{"href":"https:\/\/landscapesfuture.org\/fr\/wp-json\/wp\/v2\/types\/page"}],"author":[{"embeddable":true,"href":"https:\/\/landscapesfuture.org\/fr\/wp-json\/wp\/v2\/users\/1"}],"replies":[{"embeddable":true,"href":"https:\/\/landscapesfuture.org\/fr\/wp-json\/wp\/v2\/comments?post=5914"}],"version-history":[{"count":5,"href":"https:\/\/landscapesfuture.org\/fr\/wp-json\/wp\/v2\/pages\/5914\/revisions"}],"predecessor-version":[{"id":6719,"href":"https:\/\/landscapesfuture.org\/fr\/wp-json\/wp\/v2\/pages\/5914\/revisions\/6719"}],"wp:attachment":[{"href":"https:\/\/landscapesfuture.org\/fr\/wp-json\/wp\/v2\/media?parent=5914"}],"curies":[{"name":"wp","href":"https:\/\/api.w.org\/{rel}","templated":true}]}}