{"id":5911,"date":"2021-08-21T12:23:12","date_gmt":"2021-08-21T05:23:12","guid":{"rendered":"https:\/\/landscapesfuture.org\/cameroun\/"},"modified":"2022-09-08T15:35:33","modified_gmt":"2022-09-08T08:35:33","slug":"cameroun","status":"publish","type":"page","link":"https:\/\/landscapesfuture.org\/fr\/cameroun\/","title":{"rendered":"Cameroun"},"content":{"rendered":"<style>\n@media only screen and (max-width: 960px) {\n   #hero-page{\n    background-image:url(\"https:\/\/landscapesfuture.org\/wp-content\/uploads\/2021\/11\/Cameroon-1.jpg\");\n    background-position-y: bottom;\n    background-position-x: center;\n  }\n}\n\n#hero-page::after {\n    position: absolute;\n    content: ' ';\n    z-index: 0;\n    height: 100%;\n    width: 100%;\n    background-color: rgb(0,0,0,0.4);\n    top: 0;\n    left: 0;\n}\n#hero-page.section-bg::before{\nbackground-position-y: -385px;\n}\n\n.page #header #menu a {\n    color: #fff;\n}\n\n.page #header #menu .sub-menu li a{\n  color:#333;\n}\n\n.page #header #menu .sub-menu li a:hover{\n color:#FFFFFF;\n}\n\n.home.page-id-429 #wrapper, .page.page-id-429 #wrapper {\n    margin-top: 82px;\n}\n.home.page-id-429 #header, .page.page-id-429 #header {\n    background-color: #2E3546;\n    border: 0px;\n}\n\n.home.page-id-429 #header.darkHeader #menu a, \n.page.page-id-429 #header.darkHeader #menu a{\n   color:#252122;\n}\n\n.home.page-id-429  #header.darkHeader, .page.page-id-429  #header.darkHeader {\n    background-color: #FFFFFF;\n    border-bottom: 1px solid #ddd;\n}<\/style>\n<!-- section hero -->\n<!-- close div before -->\n        <\/div>\n    <\/article>\n<\/div>\n\n<div id=\"hero-page\" class=\" block-hero-page flex-vcenter section-bg\">\n    <div class=\"block-hero-page_bg\">\n        <img decoding=\"async\" src=\"https:\/\/landscapesfuture.org\/wp-content\/uploads\/2021\/11\/Cameroon-1.jpg\">\n    <\/div>\n    <div class=\"block-hero-page_overlay\"><\/div>\n    <div class=\"block-hero-page_content\">\n        <div class=\"container\">\n\n            <div class=\"hero-page\">\n                <div class=\"hero-page_title text-light\">\n                    <h1>Cameroun<\/h1>\n                    <!--<p><\/p>-->\n                                    <\/div>\n            <\/div>\n        <\/div>\n    <\/div>\n<\/div>\n\n<div class=\"container\">\n    <div class=\"row\">\n        <div class=\"col-12\">\n            <div class=\"breadcrumbs\" itemscope itemtype=\"http:\/\/schema.org\/BreadcrumbList\"><span itemprop=\"itemListElement\" itemscope itemtype=\"http:\/\/schema.org\/ListItem\"><a class=\"breadcrumbs__link\" href=\"https:\/\/landscapesfuture.org\/fr\/\" itemprop=\"item\"><span itemprop=\"name\">Accueil<\/span><\/a><meta itemprop=\"position\" content=\"1\" \/><\/span><\/div><!-- .breadcrumbs -->        <\/div>\n    <\/div>\n<\/div>\n\n<div class=\"container\">\n    <article id=\"post-5911\" class=\"post-5911 page type-page status-publish hentry\">\n        <div class=\"entry-content\">\n\n\n<h1 class=\"project-title has-very-dark-gray-color has-text-color wp-block-heading\">Ecosyst\u00e8me du Nord Cameroun : vers une approche int\u00e9gr\u00e9e du paysage<\/h1>\n\n\n\n    <style> \n        .logo-partner-on-team {\n              max-height: 80px;\n              max-width: 180px;\n        }\n    <\/style><style> .logo-partner-on-team {max-height: 100px!important; max-width: 250px!important;}<\/style><div id=\"\" class=\" block-clear wpe-block\"><h3 class=\"mt-3 mb-4 fs-3-5\"><\/h3><div><\/div><div class=\"wpe-block-title\"><h2>Partners<\/h2><\/div><div class=\"d-flex justify-content-start flex-wrap flex-row columns-10 middle-md m-margin-bottom-30 partner-list-items\" style=\"justify-content: flex-start;\">\n    \n            <div class=\"me-4 mb-4 partner-item d-table\">\n                <a href=\"\" class=\"d-table-cell align-middle\" title=\"EcoNorCam\">\n                    <img decoding=\"async\" src=\"http:\/\/landscapesfuture.org\/wp-content\/uploads\/2022\/02\/Econorcam-300.png\" alt=\"EcoNorCam\" class=\"logo-partner-on-team\" title=\"EcoNorCam\">\n                <\/a>\n            <\/div>\n    \n            <div class=\"me-4 mb-4 partner-item d-table\">\n                <a href=\"\" class=\"d-table-cell align-middle\" title=\"European Union (EU)\">\n                    <img decoding=\"async\" src=\"https:\/\/www.cifor.org\/wp-content\/uploads\/2020\/05\/European-Union-logo.png\" alt=\"European Union (EU)\" class=\"logo-partner-on-team\" title=\"European Union (EU)\">\n                <\/a>\n            <\/div>\n    \n            <div class=\"me-4 mb-4 partner-item d-table\">\n                <a href=\"http:\/\/www.minfof.cm\/\" class=\"d-table-cell align-middle\" title=\"Ministere des Forets et de la Faune - R\u00e9publique du Cameroun (MINFOF)\">\n                    <img decoding=\"async\" src=\"http:\/\/landscapesfuture.org\/wp-content\/uploads\/2022\/03\/Logo_MINFOF.png\" alt=\"Ministere des Forets et de la Faune - R\u00e9publique du Cameroun (MINFOF)\" class=\"logo-partner-on-team\" title=\"Ministere des Forets et de la Faune - R\u00e9publique du Cameroun (MINFOF)\">\n                <\/a>\n            <\/div>\n    \n            <div class=\"me-4 mb-4 partner-item d-table\">\n                <a href=\"https:\/\/www.wcs.org\/\" class=\"d-table-cell align-middle\" title=\"Wildlife Conservation Society (WCS)\">\n                    <img decoding=\"async\" src=\"https:\/\/landscapesfuture.org\/wp-content\/uploads\/2023\/10\/WCS-Logo-white-letters.png\" alt=\"Wildlife Conservation Society (WCS)\" class=\"logo-partner-on-team\" title=\"Wildlife Conservation Society (WCS)\">\n                <\/a>\n            <\/div>\n    \n            <div class=\"me-4 mb-4 partner-item d-table\">\n                <a href=\"http:\/\/www.cedcameroun.org\/\" class=\"d-table-cell align-middle\" title=\"Centre pour l\u2019Environnement et le D\u00e9veloppement (CED)\">\n                    <img decoding=\"async\" src=\"http:\/\/landscapesfuture.org\/wp-content\/uploads\/2022\/01\/CED-logo.jpg\" alt=\"Centre pour l\u2019Environnement et le D\u00e9veloppement (CED)\" class=\"logo-partner-on-team\" title=\"Centre pour l\u2019Environnement et le D\u00e9veloppement (CED)\">\n                <\/a>\n            <\/div>\n    \n            <div class=\"me-4 mb-4 partner-item d-table\">\n                <a href=\"https:\/\/forest4dev.org\/\" class=\"d-table-cell align-middle\" title=\"For\u00eats et D\u00e9veloppement Rural (FODER)\">\n                    <img decoding=\"async\" src=\"http:\/\/landscapesfuture.org\/wp-content\/uploads\/2022\/01\/logo_FODER.png\" alt=\"For\u00eats et D\u00e9veloppement Rural (FODER)\" class=\"logo-partner-on-team\" title=\"For\u00eats et D\u00e9veloppement Rural (FODER)\">\n                <\/a>\n            <\/div><\/div><\/div>\n\n\n<div class=\"wp-block-columns is-layout-flex wp-container-core-columns-is-layout-9d6595d7 wp-block-columns-is-layout-flex\">\n<div class=\"wp-block-column is-layout-flow wp-block-column-is-layout-flow\" style=\"flex-basis:66.66%\">\n<p><strong>Partenaires :<\/strong> Wildlife Conservation Society (WCS), chef de file du consortium EcoNorCam, en collaboration avec le Centre pour l&rsquo;Environnement et le D\u00e9veloppement (CED), For\u00eats et D\u00e9veloppement Rural (FODER).<\/p>\n\n\n\n<h2 class=\"wp-block-heading\">Domaines th\u00e9matiques cl\u00e9s<\/h2>\n\n\n\n<p>Contribuer au d\u00e9veloppement d&rsquo;actions et de synergies pour la mise en \u0153uvre de l&rsquo;accord de Paris sur le changement climatique et les contributions d\u00e9termin\u00e9es au niveau national ; la conservation et la gestion durable des ressources naturelles et de la biodiversit\u00e9 ; et le renforcement de la s\u00e9curit\u00e9 alimentaire et de la nutrition.<\/p>\n\n\n\n<h2 class=\"wp-block-heading\">Zone d&rsquo;intervention<\/h2>\n\n\n\n<p>Parc national de la B\u00e9nou\u00e9 et zones d&rsquo;int\u00e9r\u00eat cyn\u00e9g\u00e9tique (ZIC) &#8211; R\u00e9gion du Nord du Cameroun<\/p>\n<\/div>\n\n\n\n<div class=\"wp-block-column is-layout-flow wp-block-column-is-layout-flow\" style=\"flex-basis:33.33%\"><\/div>\n<\/div>\n\n\n\n<div class=\"wp-block-columns is-layout-flex wp-container-core-columns-is-layout-9d6595d7 wp-block-columns-is-layout-flex\">\n<div class=\"wp-block-column is-layout-flow wp-block-column-is-layout-flow\">\n<h2 class=\"wp-block-heading\">D\u00e9fis<\/h2>\n\n\n\n<p>Le manque de gestion des zones prot\u00e9g\u00e9es a r\u00e9duit leur attrait pour les touristes, l&rsquo;immigration et la mobilit\u00e9 pastorale d\u00e9sorganis\u00e9e entra\u00eenant fr\u00e9quemment des conflits fonciers. L&rsquo;augmentation du trafic ill\u00e9gal et de la corruption a r\u00e9duit les possibilit\u00e9s de d\u00e9veloppement \u00e9conomique. Pour \u00e9viter que la s\u00e9curit\u00e9 de la r\u00e9gion ne s&rsquo;effondre et pour s\u00e9curiser ses habitants les plus vuln\u00e9rables, la r\u00e9gion doit renforcer la gestion des ressources naturelles, en \u00e9quilibrant les int\u00e9r\u00eats des groupes agricoles, sylvicoles et pastoraux.<\/p>\n<\/div>\n\n\n\n<div class=\"wp-block-column is-layout-flow wp-block-column-is-layout-flow\">\n<h2 class=\"wp-block-heading\">Objectif<\/h2>\n\n\n\n<p>Ce projet vise \u00e0 am\u00e9liorer la gouvernance des terres, des ressources naturelles et des esp\u00e8ces, ainsi que des zones prot\u00e9g\u00e9es dans la r\u00e9gion du Nord du Cameroun, notamment par le biais de partenariats public-priv\u00e9.<\/p>\n<\/div>\n<\/div>\n\n\n\n<div class=\"wp-block-columns section-bg wpe-mapbg pt-5 pb-5 is-layout-flex wp-container-core-columns-is-layout-9d6595d7 wp-block-columns-is-layout-flex\">\n<div class=\"wp-block-column is-layout-flow wp-block-column-is-layout-flow\">\n<img decoding=\"async\" src=\"http:\/\/landscapesfuture.org\/wp-content\/uploads\/svg-map\/Landscape%20for%20our%20future-country%20map-worldwide_Cameroon.svg\" style=\"width:100%;padding-right:60px\">\n<\/div>\n\n\n\n<div class=\"wp-block-column is-layout-flow wp-block-column-is-layout-flow\">\n<h2 class=\"wp-block-heading\">Paysages<\/h2>\n\n\n\n<p>La r\u00e9gion du Nord du Cameroun est caract\u00e9ris\u00e9e par un riche patrimoine naturel et abrite trois parcs nationaux. Ce d\u00e9veloppement territorial est pr\u00e9cieux pour le stockage du carbone, l&rsquo;att\u00e9nuation locale de la forte variabilit\u00e9 climatique, le maintien des services environnementaux et la conservation des ressources naturelles et de la faune de l&rsquo;environnement soudano-sah\u00e9lien. La r\u00e9gion est \u00e9galement remarquable pour son secteur agro-pastoral, qui emploie pr\u00e8s de 90% des adultes. Le fort d\u00e9veloppement d&rsquo;une fili\u00e8re coton structur\u00e9e a am\u00e9lior\u00e9 la r\u00e9silience socio-\u00e9conomique des agriculteurs. La r\u00e9gion conna\u00eet toutefois une \u00e9volution rapide en raison d&rsquo;une forte croissance d\u00e9mographique r\u00e9sultant de d\u00e9placements internes et externes massifs de populations. La croissance d\u00e9mographique a entra\u00een\u00e9 un besoin croissant de terres pour les agriculteurs et les \u00e9leveurs et une meilleure gestion des ressources naturelles : la concurrence pour les terres entra\u00eene des conflits entre ces groupes d&rsquo;une part et une augmentation des activit\u00e9s anthropiques illicites sur les ressources naturelles et les zones prot\u00e9g\u00e9es de la r\u00e9gion d&rsquo;autre part.<\/p>\n<\/div>\n<\/div>\n\n\n\n<div class=\"wp-block-columns is-layout-flex wp-container-core-columns-is-layout-9d6595d7 wp-block-columns-is-layout-flex\">\n<div class=\"wp-block-column is-layout-flow wp-block-column-is-layout-flow\" style=\"flex-basis:66.66%\">\n<h2 class=\"wp-block-heading\">Approcher<\/h2>\n\n\n\n<p>Le projet vise \u00e0 am\u00e9liorer la bonne gouvernance autour des zones prot\u00e9g\u00e9es pour des conditions plus stabilis\u00e9es ; \u00e0 soutenir les communaut\u00e9s vuln\u00e9rables qui d\u00e9pendent de la s\u00e9curit\u00e9 locale, de l&rsquo;agro-sylvo-pastoralisme et du tourisme ; et \u00e0 g\u00e9n\u00e9rer des revenus qui, \u00e0 leur tour, augmenteront la l\u00e9gitimit\u00e9 des zones prot\u00e9g\u00e9es.<\/p>\n\n\n\n<p>L&rsquo;approche de mise en \u0153uvre consiste \u00e0 donner aux parties prenantes l&rsquo;occasion unique de jouer leurs r\u00f4les respectifs de mani\u00e8re organis\u00e9e. En termes de gouvernance, le projet cherche \u00e0 promouvoir le partage d&rsquo;informations, la consultation, la collaboration et la coordination entre les diff\u00e9rents partenaires, le renforcement des capacit\u00e9s et la durabilit\u00e9 environnementale, sociale et \u00e9conomique.<\/p>\n\n\n\n<h2 class=\"wp-block-heading\">Actions sp\u00e9cifiques<\/h2>\n\n\n\n<ul class=\"wp-block-list\"><li>la n\u00e9gociation de compromis territoriaux et la promotion du microzonage de l&rsquo;utilisation du paysage, permettant une gestion durable des terres et la r\u00e9silience du territoire face au changement climatique ;<\/li><li>restauration de l&rsquo;interconnexion \u00e9cologique entre les parcs nationaux du Nord-Cameroun, avec un accent particulier sur l&rsquo;UTO Benue ;<\/li><li>des activit\u00e9s de lutte contre le braconnage avec du personnel d&rsquo;appui \u00e0 la conservation en collaboration avec les services de conservation du parc national de la B\u00e9nou\u00e9 (minist\u00e8re de la faune et de la for\u00eat) et de la ZIC, essayant ainsi de r\u00e9duire les activit\u00e9s humaines illicites (braconnage, exploitation mini\u00e8re, pastoralisme, d\u00e9forestation, etc ;<\/li><li>l&rsquo;engagement des communaut\u00e9s du p\u00e9rim\u00e8tre du parc national de la B\u00e9nou\u00e9 dans la conservation et la gestion des ressources naturelles, ainsi que dans le d\u00e9veloppement d&rsquo;activit\u00e9s g\u00e9n\u00e9ratrices de revenus, favorisant ainsi une agriculture r\u00e9siliente au changement climatique, l&rsquo;exploitation de produits forestiers non ligneux et la promotion de moyens alternatifs au bois de chauffage et au charbon de bois.<\/li><\/ul>\n\n\n\n<h2 class=\"wp-block-heading\">Groupes cibles et b\u00e9n\u00e9ficiaires finaux<\/h2>\n\n\n\n<p>Il existe six groupes cibles principaux :<\/p>\n\n\n\n<ul class=\"wp-block-list\"><li>les populations des villages voisins et les nomades (transhumance) ;<\/li><li>les autorit\u00e9s traditionnelles ;<\/li><li>les services de vulgarisation (MINFOF, MINDCAF, MINADER, MINEPAT, MEADEN, MINEPDED) et les Collectivit\u00e9s Territoriales D\u00e9centralis\u00e9es ;<\/li><li>les acteurs du secteur priv\u00e9 (propri\u00e9taires \u00e0 long terme de ZIC, SODECOTON, coop\u00e9ratives de producteurs de coton et op\u00e9rateurs miniers) ;<\/li><li>les m\u00e9dias de masse ;<\/li><li>les organisations de la soci\u00e9t\u00e9 civile.<\/li><\/ul>\n\n\n\n<p>Il y a quatre principaux b\u00e9n\u00e9ficiaires finaux :<\/p>\n\n\n\n<ul class=\"wp-block-list\"><li>Gouvernement du Cameroun (GOC) au niveau central ;<\/li><li>la communaut\u00e9 nationale dans son ensemble ;<\/li><li>des projets locaux pro-climat, pro-biodiversit\u00e9 et pro-d\u00e9veloppement ;<\/li><li>la communaut\u00e9 internationale.<\/li><\/ul>\n\n\n\n<h2 class=\"wp-block-heading\">D\u00e9fis \u00e0 relever  <\/h2>\n\n\n\n<ul class=\"wp-block-list\"><li>la migration anthropique autour du parc national de la B\u00e9nou\u00e9 et la surexploitation des ressources naturelles par les communaut\u00e9s ;<\/li><li>l&rsquo;augmentation des activit\u00e9s de pastoralisme \u00e0 l&rsquo;int\u00e9rieur et autour du parc national de la B\u00e9nou\u00e9 ;<\/li><li>l&rsquo;augmentation des trafics ill\u00e9gaux et des pratiques de corruption ;<\/li><li>l&rsquo;utilisation non durable des sols par les communaut\u00e9s, empi\u00e9tant ainsi sur les surfaces des zones prot\u00e9g\u00e9es.<\/li><\/ul>\n<\/div>\n\n\n\n<div class=\"wp-block-column is-layout-flow wp-block-column-is-layout-flow\" style=\"flex-basis:33.33%\"><\/div>\n<\/div>\n\n\n\n<div class=\"wp-block-columns section-bg wpe-bggrey pt-5 pb-5 mb-0 is-layout-flex wp-container-core-columns-is-layout-9d6595d7 wp-block-columns-is-layout-flex\">\n<div class=\"wp-block-column is-layout-flow wp-block-column-is-layout-flow\" style=\"flex-basis:66.66%\">\n<h2 class=\"wp-block-heading\">Contacts<\/h2>\n\n\n\n<ul class=\"wp-block-list\"><li>Dr Roger FOTSO (rfotso@wcs.org)<\/li><li>Stefanelli Emanuele (estefanelli@wcs.org)<\/li><\/ul>\n<\/div>\n\n\n\n<div class=\"wp-block-column is-layout-flow wp-block-column-is-layout-flow\" style=\"flex-basis:33.33%\"><\/div>\n<\/div>\n","protected":false},"excerpt":{"rendered":"<p>Ecosyst\u00e8me du Nord Cameroun : vers une approche int\u00e9gr\u00e9e du paysage Partenaires : Wildlife Conservation Society (WCS), chef de file du consortium EcoNorCam, en collaboration avec le Centre pour l&rsquo;Environnement et le D\u00e9veloppement (CED), For\u00eats et D\u00e9veloppement Rural (FODER). Domaines th\u00e9matiques cl\u00e9s Contribuer au d\u00e9veloppement d&rsquo;actions et de synergies pour la mise en \u0153uvre de [&hellip;]<\/p>\n","protected":false},"author":1,"featured_media":0,"parent":0,"menu_order":0,"comment_status":"closed","ping_status":"closed","template":"templates\/template-page-gutenberg.php","meta":{"inline_featured_image":false,"footnotes":"","_links_to":"","_links_to_target":""},"class_list":["post-5911","page","type-page","status-publish","hentry"],"_links":{"self":[{"href":"https:\/\/landscapesfuture.org\/fr\/wp-json\/wp\/v2\/pages\/5911","targetHints":{"allow":["GET"]}}],"collection":[{"href":"https:\/\/landscapesfuture.org\/fr\/wp-json\/wp\/v2\/pages"}],"about":[{"href":"https:\/\/landscapesfuture.org\/fr\/wp-json\/wp\/v2\/types\/page"}],"author":[{"embeddable":true,"href":"https:\/\/landscapesfuture.org\/fr\/wp-json\/wp\/v2\/users\/1"}],"replies":[{"embeddable":true,"href":"https:\/\/landscapesfuture.org\/fr\/wp-json\/wp\/v2\/comments?post=5911"}],"version-history":[{"count":5,"href":"https:\/\/landscapesfuture.org\/fr\/wp-json\/wp\/v2\/pages\/5911\/revisions"}],"predecessor-version":[{"id":6720,"href":"https:\/\/landscapesfuture.org\/fr\/wp-json\/wp\/v2\/pages\/5911\/revisions\/6720"}],"wp:attachment":[{"href":"https:\/\/landscapesfuture.org\/fr\/wp-json\/wp\/v2\/media?parent=5911"}],"curies":[{"name":"wp","href":"https:\/\/api.w.org\/{rel}","templated":true}]}}