{"id":5908,"date":"2021-08-22T00:39:42","date_gmt":"2021-08-21T17:39:42","guid":{"rendered":"https:\/\/landscapesfuture.org\/organisation-des-etats-des-caraibes-orientales\/"},"modified":"2022-09-08T17:24:30","modified_gmt":"2022-09-08T10:24:30","slug":"organisation-des-etats-des-caraibes-orientales","status":"publish","type":"page","link":"https:\/\/landscapesfuture.org\/fr\/organisation-des-etats-des-caraibes-orientales\/","title":{"rendered":"Organisation des \u00c9tats des Cara\u00efbes orientales"},"content":{"rendered":"<style>\n@media only screen and (max-width: 960px) {\n   #hero-page{\n    background-image:url(\"https:\/\/landscapesfuture.org\/wp-content\/uploads\/2021\/11\/OECS-2.jpg\");\n    background-position-y: bottom;\n    background-position-x: center;\n  }\n}\n\n#hero-page::after {\n    position: absolute;\n    content: ' ';\n    z-index: 0;\n    height: 100%;\n    width: 100%;\n    background-color: rgb(0,0,0,0.4);\n    top: 0;\n    left: 0;\n}\n#hero-page.section-bg::before{\nbackground-position-y: -385px;\n}\n\n.page #header #menu a {\n    color: #fff;\n}\n\n.page #header #menu .sub-menu li a{\n  color:#333;\n}\n\n.page #header #menu .sub-menu li a:hover{\n color:#FFFFFF;\n}\n\n.home.page-id-429 #wrapper, .page.page-id-429 #wrapper {\n    margin-top: 82px;\n}\n.home.page-id-429 #header, .page.page-id-429 #header {\n    background-color: #2E3546;\n    border: 0px;\n}\n\n.home.page-id-429 #header.darkHeader #menu a, \n.page.page-id-429 #header.darkHeader #menu a{\n   color:#252122;\n}\n\n.home.page-id-429  #header.darkHeader, .page.page-id-429  #header.darkHeader {\n    background-color: #FFFFFF;\n    border-bottom: 1px solid #ddd;\n}<\/style>\n<!-- section hero -->\n<!-- close div before -->\n        <\/div>\n    <\/article>\n<\/div>\n\n<div id=\"hero-page\" class=\" block-hero-page flex-vcenter section-bg\">\n    <div class=\"block-hero-page_bg\">\n        <img decoding=\"async\" src=\"https:\/\/landscapesfuture.org\/wp-content\/uploads\/2021\/11\/OECS-2.jpg\">\n    <\/div>\n    <div class=\"block-hero-page_overlay\"><\/div>\n    <div class=\"block-hero-page_content\">\n        <div class=\"container\">\n\n            <div class=\"hero-page\">\n                <div class=\"hero-page_title text-light\">\n                    <h1>Organization of Eastern Caribbean States<\/h1>\n                    <!--<p><\/p>-->\n                                    <\/div>\n            <\/div>\n        <\/div>\n    <\/div>\n<\/div>\n\n<div class=\"container\">\n    <div class=\"row\">\n        <div class=\"col-12\">\n            <div class=\"breadcrumbs\" itemscope itemtype=\"http:\/\/schema.org\/BreadcrumbList\"><span itemprop=\"itemListElement\" itemscope itemtype=\"http:\/\/schema.org\/ListItem\"><a class=\"breadcrumbs__link\" href=\"https:\/\/landscapesfuture.org\/fr\/\" itemprop=\"item\"><span itemprop=\"name\">Accueil<\/span><\/a><meta itemprop=\"position\" content=\"1\" \/><\/span><\/div><!-- .breadcrumbs -->        <\/div>\n    <\/div>\n<\/div>\n\n<div class=\"container\">\n    <article id=\"post-5908\" class=\"post-5908 page type-page status-publish hentry\">\n        <div class=\"entry-content\">\n<h1 class=\"project-title wp-block-heading\">Approches int\u00e9gr\u00e9es du paysage et investissements dans la gestion durable des terres dans l&rsquo;Organisation des \u00c9tats des Cara\u00efbes orientales (OECO)<\/h1>\n\n    <style> \n        .logo-partner-on-team {\n              max-height: 80px;\n              max-width: 180px;\n        }\n    <\/style><div id=\"\" class=\" block-clear wpe-block\"><h3 class=\"mt-3 mb-4 fs-3-5\"><\/h3><div><\/div><div class=\"wpe-block-title\"><h2>Partner<\/h2><\/div><div class=\"d-flex justify-content-start flex-wrap flex-row columns-10 middle-md m-margin-bottom-30 partner-list-items\" style=\"justify-content: flex-start;\">\n    \n            <div class=\"me-4 mb-4 partner-item d-table\">\n                <a href=\"\" class=\"d-table-cell align-middle\" title=\"OECS member states\">\n                    <img decoding=\"async\" src=\"http:\/\/landscapesfuture.org\/wp-content\/uploads\/2022\/02\/OECS-600.png\" alt=\"OECS member states\" class=\"logo-partner-on-team\" title=\"OECS member states\">\n                <\/a>\n            <\/div>\n    \n            <div class=\"me-4 mb-4 partner-item d-table\">\n                <a href=\"https:\/\/caricom.org\/\" class=\"d-table-cell align-middle\" title=\"CARICOM\">\n                    <img decoding=\"async\" src=\"http:\/\/landscapesfuture.org\/wp-content\/uploads\/2022\/01\/CARICOM-logo.png\" alt=\"CARICOM\" class=\"logo-partner-on-team\" title=\"CARICOM\">\n                <\/a>\n            <\/div><\/div><\/div>\n<div class=\"wp-block-columns is-layout-flex wp-container-core-columns-is-layout-9d6595d7 wp-block-columns-is-layout-flex\">\n<div class=\"wp-block-column is-layout-flow wp-block-column-is-layout-flow\" style=\"flex-basis:66.66%\">\n<p>Membres de l&rsquo;Organisation des \u00c9tats des Cara\u00efbes orientales :<\/p>\n\n\n\n<ul class=\"wp-block-list\"><li>Anguilla<\/li><li>Antigua et Barbuda<\/li><li>\u00celes Vierges britanniques<\/li><li>Dominique<\/li><li>Grenade<\/li><li>Guadeloupe<\/li><li>Martinique<\/li><li>Montserrat<\/li><li>Sainte-Lucie<\/li><li>Saint-Kitts-et-Nevis<\/li><li>Saint-Vincent-et-les-Grenadines<\/li><\/ul>\n\n\n<p><strong>Partenaires :<\/strong> \u00c9tats membres et agences nationales concern\u00e9es, CARICOM, autres organisations et OSC.<\/p>\n\n\n\n<h2 class=\"wp-block-heading\">Domaines th\u00e9matiques cl\u00e9s<\/h2>\n\n\n\n<p>Le projet abordera une vari\u00e9t\u00e9 de d\u00e9fis sp\u00e9cifiques dans ses \u00c9tats membres. Les activit\u00e9s comprennent la planification et le d\u00e9veloppement du secteur agricole, l&rsquo;agroforesterie et les approches bas\u00e9es sur les \u00e9cosyst\u00e8mes pour la s\u00e9curit\u00e9 de l&rsquo;eau et de l&rsquo;alimentation, la gestion int\u00e9gr\u00e9e des bassins versants pour r\u00e9duire la d\u00e9gradation des terres, la restauration des \u00e9cosyst\u00e8mes et de la biodiversit\u00e9 et le d\u00e9veloppement de produits d&rsquo;\u00e9cotourisme.<\/p>\n<\/div>\n\n\n\n<div class=\"wp-block-column is-layout-flow wp-block-column-is-layout-flow\" style=\"flex-basis:33.33%\"><\/div>\n<\/div>\n\n<div class=\"wp-block-columns is-layout-flex wp-container-core-columns-is-layout-9d6595d7 wp-block-columns-is-layout-flex\">\n<div class=\"wp-block-column is-layout-flow wp-block-column-is-layout-flow\">\n<h2 class=\"wp-block-heading\">D\u00e9fis<\/h2>\n\n\n\n<p>Depuis le d\u00e9clin des industries de la banane et du sucre, qui avaient prot\u00e9g\u00e9 les sols contre l&rsquo;\u00e9rosion gr\u00e2ce \u00e0 la couverture v\u00e9g\u00e9tale, les \u00c9tats membres de l&rsquo;Organisation des \u00c9tats des Cara\u00efbes orientales ont souffert de la d\u00e9gradation des sols. Cela contribue \u00e0 la perte de biodiversit\u00e9 et \u00e0 une vuln\u00e9rabilit\u00e9 accrue aux inondations et aux glissements de terrain. La r\u00e9gion est \u00e9galement tr\u00e8s vuln\u00e9rable aux effets du changement climatique, notamment \u00e0 l&rsquo;\u00e9l\u00e9vation du niveau de la mer et \u00e0 l&rsquo;intensification des temp\u00eates tropicales et des ouragans. Ces catastrophes d\u00e9montrent la n\u00e9cessit\u00e9 de renforcer la r\u00e9silience par des mesures d&rsquo;att\u00e9nuation et d&rsquo;adaptation.<\/p>\n<\/div>\n\n\n\n<div class=\"wp-block-column is-layout-flow wp-block-column-is-layout-flow\">\n<h2 class=\"wp-block-heading\">Objectif<\/h2>\n\n\n\n<p>Pr\u00e9server les \u00e9cosyst\u00e8mes et les services \u00e9cosyst\u00e9miques, renforcer la s\u00e9curit\u00e9 alimentaire et am\u00e9liorer l&rsquo;att\u00e9nuation du changement climatique et l&rsquo;adaptation \u00e0 celui-ci par une gestion durable du paysage.<\/p>\n<\/div>\n<\/div>\n\n<div class=\"wp-block-columns section-bg wpe-mapbg pt-5 pb-5 is-layout-flex wp-container-core-columns-is-layout-9d6595d7 wp-block-columns-is-layout-flex\">\n<div class=\"wp-block-column is-layout-flow wp-block-column-is-layout-flow\">\n<img decoding=\"async\" src=\"http:\/\/landscapesfuture.org\/wp-content\/uploads\/svg-map\/Landscape%20for%20our%20future-country%20map-worldwide_OECS.svg\" style=\"width:100%;padding-right:60px\" \/><\/div>\n\n\n\n<div class=\"wp-block-column is-layout-flow wp-block-column-is-layout-flow\">\n<h2 class=\"wp-block-heading\">Paysages<\/h2>\n\n\n\n<p>Les \u00c9tats membres de l&rsquo;Organisation des \u00c9tats des Cara\u00efbes orientales forment un archipel continu de 11 petites nations, territoires et d\u00e9partements insulaires dans les Petites Antilles des Cara\u00efbes. La plupart des \u00eeles sont montagneuses en raison de leur origine volcanique, avec une gamme diversifi\u00e9e d&rsquo;\u00e9cosyst\u00e8mes terrestres et marins, notamment des r\u00e9cifs coralliens, des mangroves, des for\u00eats et des broussailles. Sept des onze \u00c9tats membres ont une superficie totale inf\u00e9rieure \u00e0 500 kilom\u00e8tres carr\u00e9s. Historiquement domin\u00e9e par les industries de la banane et du sucre, la r\u00e9gion d\u00e9pend aujourd&rsquo;hui du tourisme et de l&rsquo;hospitalit\u00e9 comme pilier de son \u00e9conomie. Certains \u00c9tats membres tirent \u00e9galement une grande partie de leur produit int\u00e9rieur brut des services financiers. En raison de leur petite taille et de leur forte densit\u00e9 de population, les \u00eeles d\u00e9pendent fortement des importations de denr\u00e9es alimentaires, de combustibles fossiles et de mati\u00e8res premi\u00e8res, ce qui les rend vuln\u00e9rables aux chocs ext\u00e9rieurs et aux catastrophes naturelles, comme l&rsquo;ont montr\u00e9 les ravages caus\u00e9s par les ouragans Irma et Maria en 2017, ainsi que la pand\u00e9mie de COVID-19.<\/p>\n<\/div>\n<\/div>\n\n<div class=\"wp-block-columns is-layout-flex wp-container-core-columns-is-layout-9d6595d7 wp-block-columns-is-layout-flex\">\n<div class=\"wp-block-column is-layout-flow wp-block-column-is-layout-flow\" style=\"flex-basis:66.66%\">\n<h2 class=\"wp-block-heading\">Approcher<\/h2>\n\n\n\n<p>Le projet vise \u00e0 renforcer la gestion durable des terres dans les \u00c9tats membres de l&rsquo;Organisation des \u00c9tats des Cara\u00efbes orientales par des approches int\u00e9gr\u00e9es du paysage. Il a trois objectifs principaux : (i) d&rsquo;am\u00e9liorer la gestion des ressources naturelles, (ii) de renforcer l&rsquo;att\u00e9nuation du changement climatique et l&rsquo;adaptation \u00e0 celui-ci, et (iii) atteindre la s\u00e9curit\u00e9 alimentaire par une agriculture durable. Pour atteindre ces objectifs, le projet contribuera au d\u00e9veloppement d&rsquo;une agriculture durable et respectueuse du climat et favorisera les approches intersectorielles de la planification et de la gestion de l&rsquo;utilisation des terres.<\/p>\n\n\n\n<h2 class=\"wp-block-heading\">Actions sp\u00e9cifiques<\/h2>\n\n\n\n<p>Le projet comporte trois r\u00e9sultats principaux : (i) tester sur le terrain une s\u00e9rie d&rsquo;initiatives qui concilient les diff\u00e9rentes utilisations des sols dans un paysage en \u00e9quilibrant les consid\u00e9rations \u00e9conomiques, sociales et biophysiques. Ces initiatives viseront des d\u00e9fis tels que l&rsquo;adaptation au changement climatique, la restauration des \u00e9cosyst\u00e8mes, la d\u00e9gradation des sols, la s\u00e9cheresse et la pollution ; (ii) promouvoir l&rsquo;am\u00e9lioration des syst\u00e8mes de gouvernance et de gestion des terres en renfor\u00e7ant la coop\u00e9ration intersectorielle et en facilitant la participation des parties prenantes locales aux d\u00e9cisions relatives aux terres ; et (iii) renforcer les capacit\u00e9s des acteurs et des institutions pour une gestion durable du paysage. Il s&rsquo;agit notamment de renforcer les connaissances, les outils et l&rsquo;engagement pour \u00e9tablir des partenariats entre les institutions gouvernementales, le secteur priv\u00e9 et la soci\u00e9t\u00e9 civile.<\/p>\n<\/div>\n\n\n\n<div class=\"wp-block-column is-layout-flow wp-block-column-is-layout-flow\" style=\"flex-basis:33.33%\"><\/div>\n<\/div>\n\n<div class=\"wp-block-columns section-bg wpe-bggrey pt-5 pb-5 is-layout-flex wp-container-core-columns-is-layout-9d6595d7 wp-block-columns-is-layout-flex\">\n<div class=\"wp-block-column is-layout-flow wp-block-column-is-layout-flow\" style=\"flex-basis:66.66%\">\n<h2 class=\"wp-block-heading\">Contact<\/h2>\n\n\n\n<p>Cornelius Isaac &#8211; Cornelius.isaac@oecs.int<\/p>\n<\/div>\n\n\n\n<div class=\"wp-block-column is-layout-flow wp-block-column-is-layout-flow\" style=\"flex-basis:33.33%\"><\/div>\n<\/div>\n\n<div class=\"wp-block-columns is-layout-flex wp-container-core-columns-is-layout-9d6595d7 wp-block-columns-is-layout-flex\">\n<div class=\"wp-block-column is-layout-flow wp-block-column-is-layout-flow\" style=\"flex-basis:66.66%\">\n<h2 class=\"wp-block-heading\">Plus d&rsquo;informations  <\/h2>\n\n\n\n<p><a href=\"https:\/\/www.oecs.org\/en\/our-work\/environmental-sustainability\/biodiversity-and-ecosystems-management\" target=\"_blank\" rel=\"noreferrer noopener\">Biodiversit\u00e9 et gestion des \u00e9cosyst\u00e8mes (oecs.org)<\/a><\/p>\n<\/div>\n\n\n\n<div class=\"wp-block-column is-layout-flow wp-block-column-is-layout-flow\" style=\"flex-basis:33.33%\"><\/div>\n<\/div>\n\n<p><\/p>\n","protected":false},"excerpt":{"rendered":"<p>Approches int\u00e9gr\u00e9es du paysage et investissements dans la gestion durable des terres dans l&rsquo;Organisation des \u00c9tats des Cara\u00efbes orientales (OECO) Membres de l&rsquo;Organisation des \u00c9tats des Cara\u00efbes orientales : Anguilla Antigua et Barbuda \u00celes Vierges britanniques Dominique Grenade Guadeloupe Martinique Montserrat Sainte-Lucie Saint-Kitts-et-Nevis Saint-Vincent-et-les-Grenadines Partenaires : \u00c9tats membres et agences nationales concern\u00e9es, CARICOM, autres organisations [&hellip;]<\/p>\n","protected":false},"author":1,"featured_media":0,"parent":0,"menu_order":0,"comment_status":"closed","ping_status":"closed","template":"templates\/template-page-gutenberg.php","meta":{"inline_featured_image":false,"footnotes":"","_links_to":"","_links_to_target":""},"class_list":["post-5908","page","type-page","status-publish","hentry"],"_links":{"self":[{"href":"https:\/\/landscapesfuture.org\/fr\/wp-json\/wp\/v2\/pages\/5908","targetHints":{"allow":["GET"]}}],"collection":[{"href":"https:\/\/landscapesfuture.org\/fr\/wp-json\/wp\/v2\/pages"}],"about":[{"href":"https:\/\/landscapesfuture.org\/fr\/wp-json\/wp\/v2\/types\/page"}],"author":[{"embeddable":true,"href":"https:\/\/landscapesfuture.org\/fr\/wp-json\/wp\/v2\/users\/1"}],"replies":[{"embeddable":true,"href":"https:\/\/landscapesfuture.org\/fr\/wp-json\/wp\/v2\/comments?post=5908"}],"version-history":[{"count":5,"href":"https:\/\/landscapesfuture.org\/fr\/wp-json\/wp\/v2\/pages\/5908\/revisions"}],"predecessor-version":[{"id":6786,"href":"https:\/\/landscapesfuture.org\/fr\/wp-json\/wp\/v2\/pages\/5908\/revisions\/6786"}],"wp:attachment":[{"href":"https:\/\/landscapesfuture.org\/fr\/wp-json\/wp\/v2\/media?parent=5908"}],"curies":[{"name":"wp","href":"https:\/\/api.w.org\/{rel}","templated":true}]}}