{"id":5902,"date":"2021-08-22T00:24:36","date_gmt":"2021-08-21T21:24:36","guid":{"rendered":"https:\/\/landscapesfuture.org\/honduras\/"},"modified":"2022-09-08T17:19:10","modified_gmt":"2022-09-08T10:19:10","slug":"honduras","status":"publish","type":"page","link":"https:\/\/landscapesfuture.org\/fr\/honduras\/","title":{"rendered":"Honduras"},"content":{"rendered":"<style>\n@media only screen and (max-width: 960px) {\n   #hero-page{\n    background-image:url(\"https:\/\/landscapesfuture.org\/wp-content\/uploads\/2021\/11\/Untitled-4.jpg\");\n    background-position-y: bottom;\n    background-position-x: center;\n  }\n}\n\n#hero-page::after {\n    position: absolute;\n    content: ' ';\n    z-index: 0;\n    height: 100%;\n    width: 100%;\n    background-color: rgb(0,0,0,0.4);\n    top: 0;\n    left: 0;\n}\n#hero-page.section-bg::before{\nbackground-position-y: -385px;\n}\n\n.page #header #menu a {\n    color: #fff;\n}\n\n.page #header #menu .sub-menu li a{\n  color:#333;\n}\n\n.page #header #menu .sub-menu li a:hover{\n color:#FFFFFF;\n}\n\n.home.page-id-429 #wrapper, .page.page-id-429 #wrapper {\n    margin-top: 82px;\n}\n.home.page-id-429 #header, .page.page-id-429 #header {\n    background-color: #2E3546;\n    border: 0px;\n}\n\n.home.page-id-429 #header.darkHeader #menu a, \n.page.page-id-429 #header.darkHeader #menu a{\n   color:#252122;\n}\n\n.home.page-id-429  #header.darkHeader, .page.page-id-429  #header.darkHeader {\n    background-color: #FFFFFF;\n    border-bottom: 1px solid #ddd;\n}<\/style>\n<!-- section hero -->\n<!-- close div before -->\n        <\/div>\n    <\/article>\n<\/div>\n\n<div id=\"hero-page\" class=\" block-hero-page flex-vcenter section-bg\">\n    <div class=\"block-hero-page_bg\">\n        <img decoding=\"async\" src=\"https:\/\/landscapesfuture.org\/wp-content\/uploads\/2021\/11\/Untitled-4.jpg\">\n    <\/div>\n    <div class=\"block-hero-page_overlay\"><\/div>\n    <div class=\"block-hero-page_content\">\n        <div class=\"container\">\n\n            <div class=\"hero-page\">\n                <div class=\"hero-page_title text-light\">\n                    <h1>Honduras <\/h1>\n                    <!--<p><\/p>-->\n                                    <\/div>\n            <\/div>\n        <\/div>\n    <\/div>\n<\/div>\n\n<div class=\"container\">\n    <div class=\"row\">\n        <div class=\"col-12\">\n            <div class=\"breadcrumbs\" itemscope itemtype=\"http:\/\/schema.org\/BreadcrumbList\"><span itemprop=\"itemListElement\" itemscope itemtype=\"http:\/\/schema.org\/ListItem\"><a class=\"breadcrumbs__link\" href=\"https:\/\/landscapesfuture.org\/fr\/\" itemprop=\"item\"><span itemprop=\"name\">Accueil<\/span><\/a><meta itemprop=\"position\" content=\"1\" \/><\/span><\/div><!-- .breadcrumbs -->        <\/div>\n    <\/div>\n<\/div>\n\n<div class=\"container\">\n    <article id=\"post-5902\" class=\"post-5902 page type-page status-publish hentry\">\n        <div class=\"entry-content\">\n<h1 class=\"project-title has-very-dark-gray-color has-text-color wp-block-heading\">Le climat pour la biodiversit\u00e9 : R\u00e9duire la d\u00e9forestation dans la cha\u00eene d&rsquo;approvisionnement<\/h1>\n\n    <style> \n        .logo-partner-on-team {\n              max-height: 80px;\n              max-width: 180px;\n        }\n    <\/style><div id=\"\" class=\" block-clear wpe-block\"><h3 class=\"mt-3 mb-4 fs-3-5\"><\/h3><div><\/div><div class=\"wpe-block-title\"><h2>Partners<\/h2><\/div><div class=\"d-flex justify-content-start flex-wrap flex-row columns-10 middle-md m-margin-bottom-30 partner-list-items\" style=\"justify-content: flex-start;\">\n    \n            <div class=\"me-4 mb-4 partner-item d-table\">\n                <a href=\"\" class=\"d-table-cell align-middle\" title=\"European Union (EU)\">\n                    <img decoding=\"async\" src=\"https:\/\/www.cifor.org\/wp-content\/uploads\/2020\/05\/European-Union-logo.png\" alt=\"European Union (EU)\" class=\"logo-partner-on-team\" title=\"European Union (EU)\">\n                <\/a>\n            <\/div>\n    \n            <div class=\"me-4 mb-4 partner-item d-table\">\n                <a href=\"https:\/\/icf.gob.hn\/\" class=\"d-table-cell align-middle\" title=\"National Institute of Forest Conservation and Development, Protected Areas and Wildlife, Honduras (Instituto Nacional de Conservaci\u00f3n y Desarrollo Forestal, \u00c1reas Protegidas y Vida Silvestre), Honduras\">\n                    <img decoding=\"async\" src=\"http:\/\/landscapesfuture.org\/wp-content\/uploads\/2022\/03\/ICF_Logo-new.png\" alt=\"National Institute of Forest Conservation and Development, Protected Areas and Wildlife, Honduras (Instituto Nacional de Conservaci\u00f3n y Desarrollo Forestal, \u00c1reas Protegidas y Vida Silvestre), Honduras\" class=\"logo-partner-on-team\" title=\"National Institute of Forest Conservation and Development, Protected Areas and Wildlife, Honduras (Instituto Nacional de Conservaci\u00f3n y Desarrollo Forestal, \u00c1reas Protegidas y Vida Silvestre), Honduras\">\n                <\/a>\n            <\/div>\n    \n            <div class=\"me-4 mb-4 partner-item d-table\">\n                <a href=\"https:\/\/www.zamorano.edu\/en\/\" class=\"d-table-cell align-middle\" title=\"Zamorano Panamerican Agriculture University, Honduras\">\n                    <img decoding=\"async\" src=\"http:\/\/landscapesfuture.org\/wp-content\/uploads\/2022\/01\/Zamorano-logo.png\" alt=\"Zamorano Panamerican Agriculture University, Honduras\" class=\"logo-partner-on-team\" title=\"Zamorano Panamerican Agriculture University, Honduras\">\n                <\/a>\n            <\/div>\n    \n            <div class=\"me-4 mb-4 partner-item d-table\">\n                <a href=\"https:\/\/funder.org.hn\/\" class=\"d-table-cell align-middle\" title=\"Foundation for Rural Business Development, Honduras (Fundaci\u00f3n para el Desarrollo Empresarial Rural)\">\n                    <img decoding=\"async\" src=\"http:\/\/landscapesfuture.org\/wp-content\/uploads\/2022\/01\/Funder-logo.png\" alt=\"Foundation for Rural Business Development, Honduras (Fundaci\u00f3n para el Desarrollo Empresarial Rural)\" class=\"logo-partner-on-team\" title=\"Foundation for Rural Business Development, Honduras (Fundaci\u00f3n para el Desarrollo Empresarial Rural)\">\n                <\/a>\n            <\/div>\n    \n            <div class=\"me-4 mb-4 partner-item d-table\">\n                <a href=\"https:\/\/portal.unag.edu.hn\/\" class=\"d-table-cell align-middle\" title=\"National University of Agriculture, Honduras (Universidad Nacional de Agricultura)\">\n                    <img decoding=\"async\" src=\"http:\/\/landscapesfuture.org\/wp-content\/uploads\/2022\/01\/UNAG-logo.png\" alt=\"National University of Agriculture, Honduras (Universidad Nacional de Agricultura)\" class=\"logo-partner-on-team\" title=\"National University of Agriculture, Honduras (Universidad Nacional de Agricultura)\">\n                <\/a>\n            <\/div>\n    \n            <div class=\"me-4 mb-4 partner-item d-table\">\n                <a href=\"\" class=\"d-table-cell align-middle\" title=\"AVA FLEGT \">\n                    <img decoding=\"async\" src=\"http:\/\/landscapesfuture.org\/wp-content\/uploads\/2022\/02\/ava-flegt-honduras.png\" alt=\"AVA FLEGT \" class=\"logo-partner-on-team\" title=\"AVA FLEGT \">\n                <\/a>\n            <\/div><\/div><\/div>\n<div class=\"wp-block-columns is-layout-flex wp-container-core-columns-is-layout-9d6595d7 wp-block-columns-is-layout-flex\">\n<div class=\"wp-block-column is-layout-flow wp-block-column-is-layout-flow\" style=\"flex-basis:66.66%\">\n<p><strong>Partenaires :<\/strong>  Union europ\u00e9enne &#8211; Action pour la gestion durable des paysages, Institut national de conservation et de d\u00e9veloppement des for\u00eats, des zones prot\u00e9g\u00e9es et de la vie sauvage, Honduras (Instituto Nacional de Conservaci\u00f3n y Desarrollo Forestal, \u00c1reas Protegidas y Vida Silvestre), Universit\u00e9 panam\u00e9ricaine d&rsquo;agriculture Zamorano, Honduras (Escuela Panamericana de Agricultura), Fondation pour le d\u00e9veloppement des entreprises rurales, Honduras (Fundaci\u00f3n para el Desarrollo Empresarial Rural), Universit\u00e9 nationale d&rsquo;agriculture, Honduras (Universidad Nacional de Agricultura), Bureau pr\u00e9sidentiel sur le changement climatique, Climate Plus (ClimaPlus).<\/p>\n\n\n\n<h2 class=\"wp-block-heading\">Domaines th\u00e9matiques cl\u00e9s<\/h2>\n\n\n\n<p>Le projet s&rsquo;inscrit dans le cadre du programme th\u00e9matique Biens publics mondiaux et d\u00e9fis de l&rsquo;Union europ\u00e9enne.<\/p>\n<\/div>\n\n\n\n<div class=\"wp-block-column is-layout-flow wp-block-column-is-layout-flow\" style=\"flex-basis:33.33%\"><\/div>\n<\/div>\n\n<div class=\"wp-block-columns is-layout-flex wp-container-core-columns-is-layout-9d6595d7 wp-block-columns-is-layout-flex\">\n<div class=\"wp-block-column is-layout-flow wp-block-column-is-layout-flow\">\n<h2 class=\"wp-block-heading\">D\u00e9fis<\/h2>\n\n\n\n<p>Les producteurs agricoles touch\u00e9s par des niveaux \u00e9lev\u00e9s de pauvret\u00e9 et d&rsquo;ins\u00e9curit\u00e9 alimentaire migrent vers la r\u00e9serve \u00e0 la recherche de moyens de subsistance am\u00e9lior\u00e9s. Ce faisant, ils pratiquent l&rsquo;agriculture, principalement le caf\u00e9, et l&rsquo;\u00e9levage ou le ranching, ce qui entra\u00eene la d\u00e9forestation et la perte de biodiversit\u00e9. Entre 2000 et 2016, le changement d&rsquo;affectation des terres d\u00fb aux migrants a entra\u00een\u00e9 la perte de 420<sup>km2<\/sup> de for\u00eat, ce qui repr\u00e9sente une perte de 7 % de la r\u00e9serve de biosph\u00e8re et cr\u00e9e des tensions avec les communaut\u00e9s locales sur l&rsquo;utilisation des ressources.<\/p>\n<\/div>\n\n\n\n<div class=\"wp-block-column is-layout-flow wp-block-column-is-layout-flow\">\n<h2 class=\"wp-block-heading\">Objectif<\/h2>\n\n\n\n<p>Contribuer \u00e0 la r\u00e9duction de la d\u00e9forestation, \u00e0 la protection de la biodiversit\u00e9 et \u00e0 l&rsquo;am\u00e9lioration de la s\u00e9curit\u00e9 alimentaire des populations locales dans une zone de 60<sup>km2<\/sup> de la r\u00e9serve de biosph\u00e8re de R\u00edo Pl\u00e1tano.<\/p>\n<\/div>\n<\/div>\n\n<div class=\"wp-block-columns section-bg wpe-mapbg pt-5 pb-5 is-layout-flex wp-container-core-columns-is-layout-9d6595d7 wp-block-columns-is-layout-flex\">\n<div class=\"wp-block-column is-layout-flow wp-block-column-is-layout-flow\">\n<img decoding=\"async\" src=\"http:\/\/landscapesfuture.org\/\/wp-content\/uploads\/svg-map\/Landscape%20for%20our%20future-country%20map-worldwide_Honduras.svg\" style=\"width:100%;padding-right:60px\" \/><\/div>\n\n\n\n<div class=\"wp-block-column is-layout-flow wp-block-column-is-layout-flow\">\n<h2 class=\"wp-block-heading\">Paysages<\/h2>\n\n\n\n<p>La r\u00e9serve de biosph\u00e8re de R\u00edo Pl\u00e1tano est l&rsquo;un des rares vestiges de la for\u00eat tropicale d&rsquo;Am\u00e9rique centrale. Il soutient des communaut\u00e9s indig\u00e8nes qui ont pr\u00e9serv\u00e9 leur mode de vie traditionnel, et est tr\u00e8s riche en plantes et en faune vari\u00e9es. La r\u00e9serve s&rsquo;\u00e9tend sur 9 871 km2 et prot\u00e8ge l&rsquo;ensemble du bassin versant du R\u00edo Pl\u00e1tano, depuis les eaux d&rsquo;amont dans les montagnes jusqu&rsquo;\u00e0 l&#8217;embouchure du fleuve sur la c\u00f4te cara\u00efbe. Il fait partie int\u00e9grante d&rsquo;un complexe de conservation beaucoup plus vaste qui jouxte la r\u00e9serve de biosph\u00e8re de Bosawas au Nicaragua. Ensemble, ils constituent la plus grande zone foresti\u00e8re contigu\u00eb d&rsquo;Am\u00e9rique latine au nord de l&rsquo;Amazone. La r\u00e9gion abrite un \u00e9ventail remarquable d&rsquo;\u00e9cosyst\u00e8mes, de plantes et d&rsquo;animaux &#8211; des for\u00eats pluviales denses des montagnes aux zones humides, en passant par la savane et les lagons c\u00f4tiers, qui abritent plus de 700 esp\u00e8ces de vert\u00e9br\u00e9s.<\/p>\n<\/div>\n<\/div>\n\n<div class=\"wp-block-columns is-layout-flex wp-container-core-columns-is-layout-9d6595d7 wp-block-columns-is-layout-flex\">\n<div class=\"wp-block-column is-layout-flow wp-block-column-is-layout-flow\" style=\"flex-basis:66.66%\">\n<h2 class=\"wp-block-heading\">Approcher<\/h2>\n\n\n\n<p>Le projet contribue \u00e0 r\u00e9duire la d\u00e9forestation, \u00e0 prot\u00e9ger la biodiversit\u00e9 et \u00e0 am\u00e9liorer la s\u00e9curit\u00e9 alimentaire des populations locales dans la r\u00e9serve de biosph\u00e8re de R\u00edo Pl\u00e1tano. Il promeut des syst\u00e8mes de gestion durable et int\u00e9gr\u00e9e du paysage dans une zone pilote de 60<sup>km2 <\/sup>dans la r\u00e9serve. Un plan de gestion de la biodiversit\u00e9 est en cours d&rsquo;\u00e9laboration. Il int\u00e9grera la pertinence de la biodiversit\u00e9 pour la production agricole en termes de vari\u00e9t\u00e9 animale, de plantes et de micro-organismes qui sont n\u00e9cessaires pour soutenir la production alimentaire.<\/p>\n\n\n\n<h2 class=\"wp-block-heading\">Actions sp\u00e9cifiques<\/h2>\n\n\n\n<p>Le projet encourage la mise en \u0153uvre de syst\u00e8mes sylvo-pastoraux et agro-forestiers avec 24 familles de producteurs dans la zone pilote afin de r\u00e9duire la pression caus\u00e9e par la production agricole extensive. Il encourage les pratiques agricoles respectueuses du climat et les technologies intelligentes sur le plan climatique, telles que la production de vari\u00e9t\u00e9s fourrag\u00e8res am\u00e9lior\u00e9es et la plantation d&rsquo;herbes et d&rsquo;arbres d&rsquo;ombrage dans les secteurs de l&rsquo;\u00e9levage et du caf\u00e9.<\/p>\n\n\n\n<p>Le d\u00e9veloppement d&rsquo;une culture du cr\u00e9dit n\u00e9cessaire \u00e0 la croissance des \u00e9conomies des m\u00e9nages est soutenu par l&rsquo;\u00e9ducation au financement. L&rsquo;introduction et la formation \u00e0 la culture du cr\u00e9dit \u00ab\u00a0vert\u00a0\u00bb s&rsquo;adressent sp\u00e9cifiquement aux populations locales qui d\u00e9veloppent des agro-industries dans leurs communaut\u00e9s. En outre, le projet d\u00e9veloppe un m\u00e9canisme de financement climatique innovant et inclusif pour les producteurs de b\u00e9tail et de caf\u00e9 qui donnera acc\u00e8s \u00e0 des cr\u00e9dits li\u00e9s \u00e0 la restauration des terres et \u00e0 la reforestation.<\/p>\n\n\n\n<p>Le projet identifie, cartographie et restaure \u00e9galement les zones de terres d\u00e9grad\u00e9es en partenariat avec l&rsquo;Institut national de conservation et de d\u00e9veloppement des for\u00eats. Dans le m\u00eame temps, le projet vise \u00e0 \u00e9lucider clairement la relation entre la migration \u00e9conomique et environnementale, la d\u00e9forestation et les moyens de subsistance des communaut\u00e9s locales dans la biosph\u00e8re, par exemple en \u00e9laborant une \u00e9valuation des services \u00e9cosyst\u00e9miques dans la r\u00e9gion et en cartographiant la biodiversit\u00e9 et les zones de production alimentaire qui doivent \u00eatre prot\u00e9g\u00e9es.<\/p>\n<\/div>\n\n\n\n<div class=\"wp-block-column is-layout-flow wp-block-column-is-layout-flow\" style=\"flex-basis:33.33%\"><\/div>\n<\/div>\n\n<div class=\"wp-block-columns section-bg wpe-bggrey pt-5 pb-5 is-layout-flex wp-container-core-columns-is-layout-9d6595d7 wp-block-columns-is-layout-flex\">\n<div class=\"wp-block-column is-layout-flow wp-block-column-is-layout-flow\" style=\"flex-basis:66.66%\">\n<h2 class=\"wp-block-heading\">Contact<\/h2>\n\n\n\n<p>Dolan Josu\u00e9 Castro Cort\u00e9s<br \/>dolan.castro.mibiosfera@gmail.com<\/p>\n<\/div>\n\n\n\n<div class=\"wp-block-column is-layout-flow wp-block-column-is-layout-flow\" style=\"flex-basis:33.33%\"><\/div>\n<\/div>\n\n<div class=\"wp-block-columns is-layout-flex wp-container-core-columns-is-layout-9d6595d7 wp-block-columns-is-layout-flex\">\n<div class=\"wp-block-column is-layout-flow wp-block-column-is-layout-flow\" style=\"flex-basis:66.66%\">\n<h2 class=\"wp-block-heading\">Plus d&rsquo;informations<\/h2>\n\n\n\n<ul class=\"wp-block-list\"><li><a href=\"https:\/\/sigmof.icf.gob.hn\/?page_id=8370\" target=\"_blank\" rel=\"noreferrer noopener\">Syst\u00e8me de surveillance et de suivi du projet de gestion int\u00e9gr\u00e9e de la biosph\u00e8re du fleuve Pl\u00e1tano.<\/a><\/li><li><a href=\"https:\/\/icf.gob.hn\/biosfera-union-europea\/\" target=\"_blank\" rel=\"noreferrer noopener\">Projet de gestion int\u00e9gr\u00e9e de la biosph\u00e8re du fleuve Pl\u00e1tano<\/a><\/li><\/ul><\/div>\n\n\n\n<div class=\"wp-block-column is-layout-flow wp-block-column-is-layout-flow\" style=\"flex-basis:33.33%\"><\/div>\n<\/div>\n","protected":false},"excerpt":{"rendered":"<p>Le climat pour la biodiversit\u00e9 : R\u00e9duire la d\u00e9forestation dans la cha\u00eene d&rsquo;approvisionnement Partenaires : Union europ\u00e9enne &#8211; Action pour la gestion durable des paysages, Institut national de conservation et de d\u00e9veloppement des for\u00eats, des zones prot\u00e9g\u00e9es et de la vie sauvage, Honduras (Instituto Nacional de Conservaci\u00f3n y Desarrollo Forestal, \u00c1reas Protegidas y Vida Silvestre), [&hellip;]<\/p>\n","protected":false},"author":1,"featured_media":0,"parent":0,"menu_order":0,"comment_status":"closed","ping_status":"closed","template":"templates\/template-page-gutenberg.php","meta":{"inline_featured_image":false,"footnotes":"","_links_to":"","_links_to_target":""},"class_list":["post-5902","page","type-page","status-publish","hentry"],"_links":{"self":[{"href":"https:\/\/landscapesfuture.org\/fr\/wp-json\/wp\/v2\/pages\/5902","targetHints":{"allow":["GET"]}}],"collection":[{"href":"https:\/\/landscapesfuture.org\/fr\/wp-json\/wp\/v2\/pages"}],"about":[{"href":"https:\/\/landscapesfuture.org\/fr\/wp-json\/wp\/v2\/types\/page"}],"author":[{"embeddable":true,"href":"https:\/\/landscapesfuture.org\/fr\/wp-json\/wp\/v2\/users\/1"}],"replies":[{"embeddable":true,"href":"https:\/\/landscapesfuture.org\/fr\/wp-json\/wp\/v2\/comments?post=5902"}],"version-history":[{"count":5,"href":"https:\/\/landscapesfuture.org\/fr\/wp-json\/wp\/v2\/pages\/5902\/revisions"}],"predecessor-version":[{"id":6781,"href":"https:\/\/landscapesfuture.org\/fr\/wp-json\/wp\/v2\/pages\/5902\/revisions\/6781"}],"wp:attachment":[{"href":"https:\/\/landscapesfuture.org\/fr\/wp-json\/wp\/v2\/media?parent=5902"}],"curies":[{"name":"wp","href":"https:\/\/api.w.org\/{rel}","templated":true}]}}