{"id":5899,"date":"2021-09-02T06:47:19","date_gmt":"2021-09-02T03:47:19","guid":{"rendered":"https:\/\/landscapesfuture.org\/equateur\/"},"modified":"2023-10-10T21:01:00","modified_gmt":"2023-10-10T14:01:00","slug":"equateur","status":"publish","type":"page","link":"https:\/\/landscapesfuture.org\/fr\/equateur\/","title":{"rendered":"Equateur"},"content":{"rendered":"<style>\n@media only screen and (max-width: 960px) {\n   #hero-page{\n    background-image:url(\"https:\/\/landscapesfuture.org\/wp-content\/uploads\/2021\/11\/ecuador-1.jpg\");\n    background-position-y: bottom;\n    background-position-x: center;\n  }\n}\n\n#hero-page::after {\n    position: absolute;\n    content: ' ';\n    z-index: 0;\n    height: 100%;\n    width: 100%;\n    background-color: rgb(0,0,0,0.4);\n    top: 0;\n    left: 0;\n}\n#hero-page.section-bg::before{\nbackground-position-y: -385px;\n}\n\n.page #header #menu a {\n    color: #fff;\n}\n\n.page #header #menu .sub-menu li a{\n  color:#333;\n}\n\n.page #header #menu .sub-menu li a:hover{\n color:#FFFFFF;\n}\n\n.home.page-id-429 #wrapper, .page.page-id-429 #wrapper {\n    margin-top: 82px;\n}\n.home.page-id-429 #header, .page.page-id-429 #header {\n    background-color: #2E3546;\n    border: 0px;\n}\n\n.home.page-id-429 #header.darkHeader #menu a, \n.page.page-id-429 #header.darkHeader #menu a{\n   color:#252122;\n}\n\n.home.page-id-429  #header.darkHeader, .page.page-id-429  #header.darkHeader {\n    background-color: #FFFFFF;\n    border-bottom: 1px solid #ddd;\n}<\/style>\n<!-- section hero -->\n<!-- close div before -->\n        <\/div>\n    <\/article>\n<\/div>\n\n<div id=\"hero-page\" class=\" block-hero-page flex-vcenter section-bg\">\n    <div class=\"block-hero-page_bg\">\n        <img decoding=\"async\" src=\"https:\/\/landscapesfuture.org\/wp-content\/uploads\/2021\/11\/ecuador-1.jpg\">\n    <\/div>\n    <div class=\"block-hero-page_overlay\"><\/div>\n    <div class=\"block-hero-page_content\">\n        <div class=\"container\">\n\n            <div class=\"hero-page\">\n                <div class=\"hero-page_title text-light\">\n                    <h1>Ecuador<\/h1>\n                    <!--<p>\n<\/p>-->\n                                    <\/div>\n            <\/div>\n        <\/div>\n    <\/div>\n<\/div>\n\n<div class=\"container\">\n    <div class=\"row\">\n        <div class=\"col-12\">\n            <div class=\"breadcrumbs\" itemscope itemtype=\"http:\/\/schema.org\/BreadcrumbList\"><span itemprop=\"itemListElement\" itemscope itemtype=\"http:\/\/schema.org\/ListItem\"><a class=\"breadcrumbs__link\" href=\"https:\/\/landscapesfuture.org\/fr\/\" itemprop=\"item\"><span itemprop=\"name\">Accueil<\/span><\/a><meta itemprop=\"position\" content=\"1\" \/><\/span><\/div><!-- .breadcrumbs -->        <\/div>\n    <\/div>\n<\/div>\n\n<div class=\"container\">\n    <article id=\"post-5899\" class=\"post-5899 page type-page status-publish hentry\">\n        <div class=\"entry-content\">\n<h1 class=\"project-title has-very-dark-gray-color has-text-color wp-block-heading\">Paysages andins \u2013 promouvoir la gestion int\u00e9gr\u00e9e des paysages pour des moyens de subsistance durables dans les Andes \u00e9quatoriennes<\/h1>\n\n    <style> \n        .logo-partner-on-team {\n              max-height: 80px;\n              max-width: 180px;\n        }\n    <\/style><div id=\"\" class=\" block-clear wpe-block\"><h3 class=\"mt-3 mb-4 fs-3-5\"><\/h3><div><\/div><div class=\"wpe-block-title\"><h2>Partners<\/h2><\/div><div class=\"d-flex justify-content-start flex-wrap flex-row columns-10 middle-md m-margin-bottom-30 partner-list-items\" style=\"justify-content: flex-start;\">\n    \n            <div class=\"me-4 mb-4 partner-item d-table\">\n                <a href=\"http:\/\/www.fao.org\/home\/en\/\" class=\"d-table-cell align-middle\" title=\"Food and Agriculture Organization of the United Nations (FAO)\">\n                    <img decoding=\"async\" src=\"https:\/\/www.cifor.org\/wp-content\/uploads\/2020\/04\/FAO-logo.png\" alt=\"Food and Agriculture Organization of the United Nations (FAO)\" class=\"logo-partner-on-team\" title=\"Food and Agriculture Organization of the United Nations (FAO)\">\n                <\/a>\n            <\/div>\n    \n            <div class=\"me-4 mb-4 partner-item d-table\">\n                <a href=\"\" class=\"d-table-cell align-middle\" title=\"Ministry of the Environment, Water and Ecological Transition - Ecuador\">\n                    <img decoding=\"async\" src=\"https:\/\/landscapesfuture.org\/wp-content\/uploads\/2023\/10\/MAG-y-MAATE-correc-1.png\" alt=\"Ministry of the Environment, Water and Ecological Transition - Ecuador\" class=\"logo-partner-on-team\" title=\"Ministry of the Environment, Water and Ecological Transition - Ecuador\">\n                <\/a>\n            <\/div>\n    \n            <div class=\"me-4 mb-4 partner-item d-table\">\n                <a href=\"\" class=\"d-table-cell align-middle\" title=\"Paisajes Andinos\">\n                    <img decoding=\"async\" src=\"http:\/\/landscapesfuture.org\/wp-content\/uploads\/2022\/02\/paisajes-andinos-300.png\" alt=\"Paisajes Andinos\" class=\"logo-partner-on-team\" title=\"Paisajes Andinos\">\n                <\/a>\n            <\/div><\/div><\/div>\n<div class=\"wp-block-columns is-layout-flex wp-container-core-columns-is-layout-9d6595d7 wp-block-columns-is-layout-flex\">\n<div class=\"wp-block-column is-layout-flow wp-block-column-is-layout-flow\" style=\"flex-basis:66.66%\">\n<p><strong>Partenaires :<\/strong> Organisation des Nations unies pour l&rsquo;alimentation et l&rsquo;agriculture ; minist\u00e8re de l&rsquo;agriculture et de l&rsquo;\u00e9levage, \u00c9quateur ; minist\u00e8re de l&rsquo;environnement, de l&rsquo;eau et de la transition \u00e9cologique, \u00c9quateur.<\/p>\n\n\n\n<h2 class=\"wp-block-heading\">Domaines th\u00e9matiques cl\u00e9s<\/h2>\n\n\n\n<p>Am\u00e9liorer les moyens de subsistance, les m\u00e9canismes de gouvernance et le renforcement des capacit\u00e9s \u00e0 l&rsquo;aide d&rsquo;approches sensibles \u00e0 la dimension de genre et culturellement pertinentes, ainsi que l&rsquo;adoption de meilleures pratiques pour une gestion territoriale int\u00e9gr\u00e9e bas\u00e9e sur le paysage afin d&rsquo;augmenter la productivit\u00e9 de mani\u00e8re durable tout en luttant contre le changement climatique et la d\u00e9gradation de l&rsquo;environnement dans les domaines de l&rsquo;agriculture, de la sylviculture et de la p\u00eache.<\/p>\n<\/div>\n\n\n\n<div class=\"wp-block-column is-layout-flow wp-block-column-is-layout-flow\" style=\"flex-basis:33.33%\"><\/div>\n<\/div>\n\n<div class=\"wp-block-columns is-layout-flex wp-container-core-columns-is-layout-9d6595d7 wp-block-columns-is-layout-flex\">\n<div class=\"wp-block-column is-layout-flow wp-block-column-is-layout-flow\">\n<h2 class=\"wp-block-heading\">D\u00e9fis<\/h2>\n\n\n\n<p>De 2008 \u00e0 2014, plus de 250 kilom\u00e8tres carr\u00e9s de for\u00eat ont \u00e9t\u00e9 perdus dans la zone d&rsquo;intervention du projet. Le principal d\u00e9fi du projet est le renforcement des plateformes de gouvernance territoriale et la mise en \u0153uvre d&rsquo;une approche de gestion int\u00e9gr\u00e9e du paysage afin d&rsquo;articuler les besoins de production durable avec ceux de conservation et de restauration des services \u00e9cosyst\u00e9miques pour am\u00e9liorer les moyens de subsistance des populations.<\/p>\n<\/div>\n\n\n\n<div class=\"wp-block-column is-layout-flow wp-block-column-is-layout-flow\">\n<h2 class=\"wp-block-heading\">Objectif<\/h2>\n\n\n\n<p>Mettre en \u0153uvre une approche de gestion int\u00e9gr\u00e9e du paysage (GIP) pour renforcer les moyens de subsistance durables et pr\u00e9server les services \u00e9cosyst\u00e9miques dans les montagnes andines en \u00c9quateur, en particulier dans les contreforts occidentaux des provinces d&rsquo;Imbabura, de Pichincha, de Cotopaxi et de Bolivar.<\/p>\n<\/div>\n<\/div>\n\n<div class=\"wp-block-columns section-bg wpe-mapbg pt-5 pb-5 is-layout-flex wp-container-core-columns-is-layout-9d6595d7 wp-block-columns-is-layout-flex\">\n<div class=\"wp-block-column is-layout-flow wp-block-column-is-layout-flow\">\n<img decoding=\"async\" src=\"http:\/\/landscapesfuture.org\/wp-content\/uploads\/svg-map\/Landscape%20for%20our%20future-country%20map-worldwide_Ecuador.svg\" style=\"width:100%;padding-right:60px\"\/><\/div>\n\n\n\n<div class=\"wp-block-column is-layout-flow wp-block-column-is-layout-flow\">\n<h2 class=\"wp-block-heading\">Paysages<\/h2>\n\n\n\n<p>S&rsquo;\u00e9tendant sur 6 700 kilom\u00e8tres carr\u00e9s, la zone du projet englobe des zones prot\u00e9g\u00e9es et non prot\u00e9g\u00e9es dans trois paysages diff\u00e9rents des contreforts occidentaux des Andes. Les zones d&rsquo;intervention du projet contiennent des \u00e9cosyst\u00e8mes mondiaux importants, tels que les for\u00eats tropicales de montagne, les landes des hautes Andes et les for\u00eats s\u00e8ches inter-andines. Ces \u00e9cosyst\u00e8mes, riches en biodiversit\u00e9 mais fortement sollicit\u00e9s par les activit\u00e9s anthropiques, couvrent d&rsquo;importants bassins fluviaux et fournissent des services hydriques essentiels \u00e0 l&rsquo;agriculture \u00e9quatorienne. L&rsquo;agriculture de subsistance et l&rsquo;\u00e9levage extensif repr\u00e9sentent 38% de la surface terrestre, tandis que la for\u00eat et la v\u00e9g\u00e9tation naturelle en couvrent 50%. Les petites exploitations agricoles se caract\u00e9risent par une faible productivit\u00e9 agricole, des niveaux de pauvret\u00e9 \u00e9lev\u00e9s et un acc\u00e8s limit\u00e9 aux ressources financi\u00e8res, telles que le cr\u00e9dit. Cela encourage l&rsquo;extension de l&rsquo;agriculture aux zones foresti\u00e8res. Le r\u00e9gime foncier est tr\u00e8s fragment\u00e9, principalement dans la zone des hautes Andes, la plupart des agriculteurs poss\u00e9dant moins de 2 hectares de terres et pratiquant des syst\u00e8mes traditionnels. Cependant, dans les pi\u00e9monts, le r\u00e9gime foncier est diff\u00e9rent, avec des exploitations de 20 \u00e0 70 hectares en moyenne, caract\u00e9ristiques qui conf\u00e8rent au paysage une diversit\u00e9 climatique, biologique, \u00e9conomique et socioculturelle.<\/p>\n<\/div>\n<\/div>\n\n<div class=\"wp-block-columns is-layout-flex wp-container-core-columns-is-layout-9d6595d7 wp-block-columns-is-layout-flex\">\n<div class=\"wp-block-column is-layout-flow wp-block-column-is-layout-flow\" style=\"flex-basis:66.66%\">\n<h2 class=\"wp-block-heading\">Approcher<\/h2>\n\n\n\n<p>Le projet r\u00e9unit les petits exploitants agricoles locaux et les gouvernements locaux\/nationaux pour faciliter la prise de d\u00e9cision conjointe sur l&rsquo;utilisation et la gestion des terres. En collaboration, ils d\u00e9velopperont et mettront en \u0153uvre des m\u00e9canismes de conservation pour la fourniture de services \u00e9cosyst\u00e9miques et la restauration de for\u00eats productives et de paysages paramo. Ils d\u00e9velopperont et mettront \u00e9galement en \u0153uvre des pratiques de gestion durable des zones agricoles. Le projet vise \u00e0 augmenter la productivit\u00e9 des cha\u00eenes de valeur durables pour les produits prioritaires gr\u00e2ce \u00e0 l&rsquo;acc\u00e8s \u00e0 la vulgarisation rurale et aux services financiers et de march\u00e9.<\/p>\n\n\n\n<p>\u00c9laborer et mettre en \u0153uvre un programme de renforcement des capacit\u00e9s des autorit\u00e9s locales, des techniciens et des dirigeants communautaires masculins et f\u00e9minins de la r\u00e9gion andine en mati\u00e8re de gestion durable des terres et de l&rsquo;eau, et promouvoir l&rsquo;\u00e9change d&rsquo;informations. Le projet soutiendra la protection des for\u00eats et des sources d&rsquo;eau sur 25 000 hectares et favorisera la restauration des for\u00eats et des landes sur 5 000 hectares. Cela permettra de garantir le maintien du cycle hydrologique pour une meilleure utilisation et un meilleur approvisionnement en eau.<\/p>\n\n\n\n<p>La mise en \u0153uvre de mesures de gestion durable des terres dans les syst\u00e8mes agricoles des petits exploitants sur 8 000 hectares sera soutenue par des pratiques agricoles innovantes, telles que l&rsquo;agro\u00e9cologie, l&rsquo;agroforesterie et la gestion durable des for\u00eats. Des pratiques de gestion durable du b\u00e9tail seront mises en \u0153uvre sur 9 700 hectares suppl\u00e9mentaires. Les mesures de gestion durable des terres contribuent \u00e0 augmenter le r\u00e9servoir de carbone, qui est essentiel pour la r\u00e9gulation du climat. Le suivi de la mise en \u0153uvre des plans au niveau des exploitations est l&rsquo;une des activit\u00e9s men\u00e9es par le projet afin de mesurer l&rsquo;impact positif sur le changement climatique. Gr\u00e2ce \u00e0 la gestion durable des sols, pas moins de 528 360 tonnes de<sub>CO2<\/sub> auront \u00e9t\u00e9 captur\u00e9es \u00e0 la fin de la mise en \u0153uvre du projet.<\/p>\n\n\n\n<p>Pour assurer la durabilit\u00e9 \u00e0 long terme, des incitations financi\u00e8res pouvant \u00eatre ancr\u00e9es dans le syst\u00e8me financier national et favorisant l&rsquo;utilisation de la gestion durable des terres seront d\u00e9velopp\u00e9es. Le projet vise \u00e0 renforcer le coop\u00e9rativisme agricole moderne des organisations de producteurs en soutenant les entreprises locales.<\/p>\n\n\n\n<p><strong>Progr\u00e8s : <\/strong>Depuis le d\u00e9but de la mise en \u0153uvre du projet en mai 2021, l&rsquo;\u00e9quipe technique a r\u00e9alis\u00e9 30 ateliers d&rsquo;\u00e9valuation rurale participative (ERP) pour l&rsquo;analyse diagnostique, auxquels ont particip\u00e9 699 producteurs agricoles (dont 48% de femmes). Cette m\u00e9thodologie a permis de hi\u00e9rarchiser les cha\u00eenes productives ainsi que les zones potentielles de conservation et de restauration, tout en identifiant les probl\u00e8mes et les solutions possibles. En outre, le PRA est la premi\u00e8re \u00e9tape de la consolidation d&rsquo;un plan de mise en \u0153uvre au niveau de la communaut\u00e9 et de l&rsquo;exploitation.<\/p>\n\n\n\n<p>En outre, le PRA est la premi\u00e8re \u00e9tape de la consolidation d&rsquo;un plan de mise en \u0153uvre au niveau de la communaut\u00e9 et de l&rsquo;exploitation.<\/p>\n\n\n\n<p>Parmi les processus fondamentaux du projet de paysage andin, plusieurs se distinguent. L&rsquo;un des piliers du dialogue entre les communaut\u00e9s et le projet a \u00e9t\u00e9 la signature d&rsquo;accords de consentement libre, pr\u00e9alable et \u00e9clair\u00e9 avec 43 organisations participantes, qui permettront la durabilit\u00e9 \u00e0 long terme de l&rsquo;approche de gestion int\u00e9gr\u00e9e du paysage dans les territoires communautaires et les terres familiales. Le renforcement des capacit\u00e9s au niveau institutionnel est un autre pilier qui permettra d&rsquo;am\u00e9liorer la compr\u00e9hension, l&rsquo;adoption et la gestion de l&rsquo;approche paysag\u00e8re. Six ateliers sur l&rsquo;approche de gestion int\u00e9gr\u00e9e du paysage ont \u00e9t\u00e9 organis\u00e9s avec 58 techniciens et techniciennes des provinces de Cotopaxi et Bolivar.<\/p>\n\n\n\n<p>Le projet vise \u00e0 promouvoir des syst\u00e8mes de production durables ainsi que des m\u00e9canismes de conservation et de restauration conjointement avec MAG, MAATE et GAD. \u00c0 cette fin, 240 exploitations pilotes ont \u00e9t\u00e9 identifi\u00e9es (68 \u00e0 Bolivar, 80 \u00e0 Imbabura, 55 \u00e0 Cotopaxi et 37 \u00e0 Pichincha), ainsi que 85 promoteurs ruraux (47 % de femmes). Les promoteurs soutiennent l&rsquo;ex\u00e9cution des activit\u00e9s au niveau des communaut\u00e9s et des exploitations agricoles, faisant preuve d&rsquo;un grand leadership dans la mise en \u0153uvre des actions de gestion int\u00e9gr\u00e9e du paysage. En outre, les fermes pilotes seront utilis\u00e9es pour renforcer les capacit\u00e9s des producteurs avec une approche d'\u00a0\u00bbapprentissage par la pratique\u00a0\u00bb qui permettra \u00e9galement la diffusion de pratiques durables.<\/p>\n\n\n\n<p>En outre, des acteurs strat\u00e9giques ont \u00e9t\u00e9 identifi\u00e9s pour renforcer la mise en \u0153uvre du projet et compl\u00e9ter les actions. En ce sens, des accords de coop\u00e9ration ont \u00e9t\u00e9 sign\u00e9s dans les provinces de Bolivar, Cotopaxi, Pichincha et Imbabura.<\/p>\n\n\n\n<h2 class=\"wp-block-heading\">Actions sp\u00e9cifiques<\/h2>\n\n\n\n<p>Les actions sp\u00e9cifiques comprennent le d\u00e9veloppement et la mise en \u0153uvre d&rsquo;un programme de renforcement des capacit\u00e9s pour les autorit\u00e9s locales dans la r\u00e9gion andine sur les interventions du projet ax\u00e9es sur la gestion durable des terres et de l&rsquo;eau ainsi que la promotion de l&rsquo;\u00e9change d&rsquo;informations. Le projet favorisera la protection des for\u00eats et des sources d&rsquo;eau sur 25 000 hectares et la restauration des for\u00eats et des landes sur 5 000 hectares, ce qui garantira le maintien du cycle hydrologique pour une meilleure utilisation et un meilleur approvisionnement en eau.<\/p>\n\n\n\n<p>La mise en \u0153uvre de mesures de conservation, de restauration et de gestion durable des terres dans les syst\u00e8mes agricoles des petits exploitants sur 8 000 hectares sera soutenue par des pratiques agricoles innovantes telles que l&rsquo;agro\u00e9cologie, l&rsquo;agroforesterie et la gestion durable des for\u00eats. L&rsquo;am\u00e9lioration de la gestion du b\u00e9tail sera mise en \u0153uvre sur 9 700 hectares suppl\u00e9mentaires. Pour assurer la durabilit\u00e9 \u00e0 long terme, des incitations financi\u00e8res pouvant \u00eatre ancr\u00e9es dans le syst\u00e8me financier national et favorisant l&rsquo;utilisation de la gestion durable des terres seront d\u00e9velopp\u00e9es. Le projet vise \u00e0 ce qu&rsquo;au moins une institution financi\u00e8re offre une ligne de cr\u00e9dit \u00ab\u00a0verte\u00a0\u00bb aux petits exploitants agricoles afin de les inciter \u00e0 entreprendre une gestion durable des terres.<\/p>\n\n\n\n<p>Pour assurer la durabilit\u00e9 \u00e0 long terme, des incitations financi\u00e8res pouvant \u00eatre ancr\u00e9es dans le syst\u00e8me financier national et favorisant l&rsquo;utilisation de la gestion durable des terres seront d\u00e9velopp\u00e9es. Cela comprendra le renforcement de la gouvernance territoriale avec des politiques et des r\u00e9glementations locales associ\u00e9es \u00e0 la conservation et \u00e0 la production durable, conform\u00e9ment aux protocoles de suivi et d&rsquo;\u00e9valuation participatifs des organisations communautaires dans le cadre du CLIP, afin que les peuples et les collectifs autochtones exercent ce droit.<\/p>\n\n\n\n<p>Le projet vise \u00e0 ce qu&rsquo;au moins une institution financi\u00e8re offre une ligne de cr\u00e9dit \u00ab\u00a0verte\u00a0\u00bb aux petits exploitants agricoles afin de les inciter \u00e0 entreprendre une gestion durable des terres. Cette initiative accordera une attention particuli\u00e8re aux femmes chefs de famille, aux m\u00e8res c\u00e9libataires et \u00e0 celles qui m\u00e8nent des actions de conservation et de production durable, en tant qu&rsquo;action positive pour atteindre l&rsquo;\u00e9galit\u00e9 des sexes et l&rsquo;autonomisation \u00e9conomique.<\/p>\n<\/div>\n\n\n\n<div class=\"wp-block-column is-layout-flow wp-block-column-is-layout-flow\" style=\"flex-basis:33.33%\"><\/div>\n<\/div>\n\n<div class=\"wp-block-columns section-bg wpe-bggrey pt-5 pb-5 mb-0 is-layout-flex wp-container-core-columns-is-layout-9d6595d7 wp-block-columns-is-layout-flex\">\n<div class=\"wp-block-column is-layout-flow wp-block-column-is-layout-flow\">\n<h2 class=\"wp-block-heading\">Contact<\/h2>\n\n\n\n<p>Javier M. Jim\u00e9nez Coordinateur du projet<br\/>Paisajes Andinos : Promouvoir la gestion int\u00e9gr\u00e9e du tourisme pour favoriser des modes de vie durables dans les Andes \u00e9quatoriennes.<br\/>Organisation des Nations unies pour l&rsquo;alimentation et l&rsquo;agriculture (FAO)<br\/>Amazonas y Eloy Alfaro, 17-21-0190 Quito, \u00c9quateur<br\/>T\u00e9l\u00e9phone : +593 (02) 2905923 (poste 157)<br\/>Mobile : +593 995663476<br\/>Courriel : javier.jimenezcarrera@fao.org<\/p>\n<\/div>\n<\/div>\n","protected":false},"excerpt":{"rendered":"<p>Paysages andins \u2013 promouvoir la gestion int\u00e9gr\u00e9e des paysages pour des moyens de subsistance durables dans les Andes \u00e9quatoriennes Partenaires : Organisation des Nations unies pour l&rsquo;alimentation et l&rsquo;agriculture ; minist\u00e8re de l&rsquo;agriculture et de l&rsquo;\u00e9levage, \u00c9quateur ; minist\u00e8re de l&rsquo;environnement, de l&rsquo;eau et de la transition \u00e9cologique, \u00c9quateur. Domaines th\u00e9matiques cl\u00e9s Am\u00e9liorer les moyens [&hellip;]<\/p>\n","protected":false},"author":1,"featured_media":0,"parent":0,"menu_order":0,"comment_status":"closed","ping_status":"closed","template":"templates\/template-page-gutenberg.php","meta":{"inline_featured_image":false,"footnotes":"","_links_to":"","_links_to_target":""},"class_list":["post-5899","page","type-page","status-publish","hentry"],"_links":{"self":[{"href":"https:\/\/landscapesfuture.org\/fr\/wp-json\/wp\/v2\/pages\/5899","targetHints":{"allow":["GET"]}}],"collection":[{"href":"https:\/\/landscapesfuture.org\/fr\/wp-json\/wp\/v2\/pages"}],"about":[{"href":"https:\/\/landscapesfuture.org\/fr\/wp-json\/wp\/v2\/types\/page"}],"author":[{"embeddable":true,"href":"https:\/\/landscapesfuture.org\/fr\/wp-json\/wp\/v2\/users\/1"}],"replies":[{"embeddable":true,"href":"https:\/\/landscapesfuture.org\/fr\/wp-json\/wp\/v2\/comments?post=5899"}],"version-history":[{"count":5,"href":"https:\/\/landscapesfuture.org\/fr\/wp-json\/wp\/v2\/pages\/5899\/revisions"}],"predecessor-version":[{"id":10369,"href":"https:\/\/landscapesfuture.org\/fr\/wp-json\/wp\/v2\/pages\/5899\/revisions\/10369"}],"wp:attachment":[{"href":"https:\/\/landscapesfuture.org\/fr\/wp-json\/wp\/v2\/media?parent=5899"}],"curies":[{"name":"wp","href":"https:\/\/api.w.org\/{rel}","templated":true}]}}