{"id":5894,"date":"2021-08-22T00:24:40","date_gmt":"2021-08-21T21:24:40","guid":{"rendered":"https:\/\/landscapesfuture.org\/colombie\/"},"modified":"2025-06-30T19:21:44","modified_gmt":"2025-06-30T16:21:44","slug":"colombie","status":"publish","type":"page","link":"https:\/\/landscapesfuture.org\/fr\/colombie\/","title":{"rendered":"Colombie"},"content":{"rendered":"<style>\n@media only screen and (max-width: 960px) {\n   #hero-page{\n    background-image:url(\"https:\/\/landscapesfuture.org\/wp-content\/uploads\/2021\/11\/colombia-1.jpg\");\n    background-position-y: bottom;\n    background-position-x: center;\n  }\n}\n\n#hero-page::after {\n    position: absolute;\n    content: ' ';\n    z-index: 0;\n    height: 100%;\n    width: 100%;\n    background-color: rgb(0,0,0,0.4);\n    top: 0;\n    left: 0;\n}\n#hero-page.section-bg::before{\nbackground-position-y: -385px;\n}\n\n.page #header #menu a {\n    color: #fff;\n}\n\n.page #header #menu .sub-menu li a{\n  color:#333;\n}\n\n.page #header #menu .sub-menu li a:hover{\n color:#FFFFFF;\n}\n\n.home.page-id-429 #wrapper, .page.page-id-429 #wrapper {\n    margin-top: 82px;\n}\n.home.page-id-429 #header, .page.page-id-429 #header {\n    background-color: #2E3546;\n    border: 0px;\n}\n\n.home.page-id-429 #header.darkHeader #menu a, \n.page.page-id-429 #header.darkHeader #menu a{\n   color:#252122;\n}\n\n.home.page-id-429  #header.darkHeader, .page.page-id-429  #header.darkHeader {\n    background-color: #FFFFFF;\n    border-bottom: 1px solid #ddd;\n}\n<\/style>\n<!-- section hero -->\n<!-- close div before -->\n        <\/div>\n    <\/article>\n<\/div>\n\n<div id=\"hero-page\" class=\" block-hero-page flex-vcenter section-bg\">\n    <div class=\"block-hero-page_bg\">\n        <img decoding=\"async\" src=\"https:\/\/landscapesfuture.org\/wp-content\/uploads\/2021\/11\/colombia-1.jpg\">\n    <\/div>\n    <div class=\"block-hero-page_overlay\"><\/div>\n    <div class=\"block-hero-page_content\">\n        <div class=\"container\">\n\n            <div class=\"hero-page\">\n                <div class=\"hero-page_title text-light\">\n                    <h1>Colombia<\/h1>\n                    <!--<p><\/p>-->\n                                    <\/div>\n            <\/div>\n        <\/div>\n    <\/div>\n<\/div>\n\n<div class=\"container\">\n    <div class=\"row\">\n        <div class=\"col-12\">\n            <div class=\"breadcrumbs\" itemscope itemtype=\"http:\/\/schema.org\/BreadcrumbList\"><span itemprop=\"itemListElement\" itemscope itemtype=\"http:\/\/schema.org\/ListItem\"><a class=\"breadcrumbs__link\" href=\"https:\/\/landscapesfuture.org\/fr\/\" itemprop=\"item\"><span itemprop=\"name\">Accueil<\/span><\/a><meta itemprop=\"position\" content=\"1\" \/><\/span><\/div><!-- .breadcrumbs -->        <\/div>\n    <\/div>\n<\/div>\n\n<div class=\"container\">\n    <article id=\"post-5894\" class=\"post-5894 page type-page status-publish hentry\">\n        <div class=\"entry-content\">\n\n\n<h1 class=\"wp-block-heading project-title has-very-dark-gray-color has-text-color\">Paisajes Sostenibles : Soutenir la nouvelle approche colombienne int\u00e9gr\u00e9e de la gouvernance territoriale dans les paysages durables, productifs et r\u00e9silients<\/h1>\n\n\n\n    <style> \n        .logo-partner-on-team {\n              max-height: 80px;\n              max-width: 180px;\n        }\n    <\/style><div id=\"\" class=\" block-clear wpe-block\"><h3 class=\"mt-3 mb-4 fs-3-5\"><\/h3><div><\/div><div class=\"wpe-block-title\"><h2>Partners<\/h2><\/div><div class=\"d-flex justify-content-start flex-wrap flex-row columns-10 middle-md m-margin-bottom-30 partner-list-items\" style=\"justify-content: flex-start;\">\n    \n            <div class=\"me-4 mb-4 partner-item d-table\">\n                <a href=\"\" class=\"d-table-cell align-middle\" title=\"Minambiente Colombia\">\n                    <img decoding=\"async\" src=\"https:\/\/landscapesfuture.org\/wp-content\/uploads\/2023\/10\/Logo-Colombia-Ambiente.png\" alt=\"Minambiente Colombia\" class=\"logo-partner-on-team\" title=\"Minambiente Colombia\">\n                <\/a>\n            <\/div>\n    \n            <div class=\"me-4 mb-4 partner-item d-table\">\n                <a href=\"\" class=\"d-table-cell align-middle\" title=\"Herencia Colombia (HECO)\">\n                    <img decoding=\"async\" src=\"http:\/\/landscapesfuture.org\/wp-content\/uploads\/2022\/03\/logo_HECO.jpg\" alt=\"Herencia Colombia (HECO)\" class=\"logo-partner-on-team\" title=\"Herencia Colombia (HECO)\">\n                <\/a>\n            <\/div>\n    \n            <div class=\"me-4 mb-4 partner-item d-table\">\n                <a href=\"https:\/\/www.parquesnacionales.gov.co\/portal\/en\/\" class=\"d-table-cell align-middle\" title=\"National Natural Parks of Colombia (PNNC)\">\n                    <img decoding=\"async\" src=\"https:\/\/landscapesfuture.org\/wp-content\/uploads\/2023\/10\/Logo-Colobia-Parques-Nactionales.png\" alt=\"National Natural Parks of Colombia (PNNC)\" class=\"logo-partner-on-team\" title=\"National Natural Parks of Colombia (PNNC)\">\n                <\/a>\n            <\/div>\n    \n            <div class=\"me-4 mb-4 partner-item d-table\">\n                <a href=\"http:\/\/www.humboldt.org.co\/en\" class=\"d-table-cell align-middle\" title=\"Alexander von Humboldt Biological Resources Research Institute (IAHV)\">\n                    <img decoding=\"async\" src=\"http:\/\/landscapesfuture.org\/wp-content\/uploads\/2022\/02\/IAHV_logo.png\" alt=\"Alexander von Humboldt Biological Resources Research Institute (IAHV)\" class=\"logo-partner-on-team\" title=\"Alexander von Humboldt Biological Resources Research Institute (IAHV)\">\n                <\/a>\n            <\/div>\n    \n            <div class=\"me-4 mb-4 partner-item d-table\">\n                <a href=\"http:\/\/www.invemar.org.co\/en\/web\/guest\/home\" class=\"d-table-cell align-middle\" title=\"Jos\u00e9 Benito Vives de Andr\u00e9is Marine and Coastal Research Institute (INVEMAR)\">\n                    <img decoding=\"async\" src=\"http:\/\/landscapesfuture.org\/wp-content\/uploads\/2022\/02\/Invemar-logo-big.png\" alt=\"Jos\u00e9 Benito Vives de Andr\u00e9is Marine and Coastal Research Institute (INVEMAR)\" class=\"logo-partner-on-team\" title=\"Jos\u00e9 Benito Vives de Andr\u00e9is Marine and Coastal Research Institute (INVEMAR)\">\n                <\/a>\n            <\/div>\n    \n            <div class=\"me-4 mb-4 partner-item d-table\">\n                <a href=\"http:\/\/wwf.org\" class=\"d-table-cell align-middle\" title=\"World Wildlife Foundation (WWF)\">\n                    <img decoding=\"async\" src=\"http:\/\/landscapesfuture.org\/wp-content\/uploads\/2022\/01\/WWF-logo.png\" alt=\"World Wildlife Foundation (WWF)\" class=\"logo-partner-on-team\" title=\"World Wildlife Foundation (WWF)\">\n                <\/a>\n            <\/div>\n    \n            <div class=\"me-4 mb-4 partner-item d-table\">\n                <a href=\"\" class=\"d-table-cell align-middle\" title=\"Organizaci\u00f3n de las Naciones Unidas para la Alimentaci\u00f3n y la Agricultura\">\n                    <img decoding=\"async\" src=\"https:\/\/landscapesfuture.org\/wp-content\/uploads\/2023\/10\/Logo-Colombia-FAO.png\" alt=\"Organizaci\u00f3n de las Naciones Unidas para la Alimentaci\u00f3n y la Agricultura\" class=\"logo-partner-on-team\" title=\"Organizaci\u00f3n de las Naciones Unidas para la Alimentaci\u00f3n y la Agricultura\">\n                <\/a>\n            <\/div>\n    \n            <div class=\"me-4 mb-4 partner-item d-table\">\n                <a href=\"\" class=\"d-table-cell align-middle\" title=\"European Union (EU)\">\n                    <img decoding=\"async\" src=\"https:\/\/www.cifor.org\/wp-content\/uploads\/2020\/05\/European-Union-logo.png\" alt=\"European Union (EU)\" class=\"logo-partner-on-team\" title=\"European Union (EU)\">\n                <\/a>\n            <\/div><\/div><\/div>\n\n\n<div class=\"wp-block-columns is-layout-flex wp-container-core-columns-is-layout-9d6595d7 wp-block-columns-is-layout-flex\">\n<div class=\"wp-block-column is-layout-flow wp-block-column-is-layout-flow\" style=\"flex-basis:66.66%\">\n<p><strong>Partenaires :<\/strong>  Ministerio de Ambiente y Desarrollo Sostenible (minist\u00e8re de l&rsquo;environnement et du d\u00e9veloppement durable), Union europ\u00e9enne, Organisation des Nations unies pour l&rsquo;alimentation et l&rsquo;agriculture (FAO), Institut de recherche sur les ressources biologiques Alexander von Humboldt (IAVH), Institut de recherche marine et c\u00f4ti\u00e8re Jos\u00e9 Benito Vives de Andr\u00e9is (INVEMAR), WWF Colombie, Syst\u00e8me des parcs naturels nationaux de Colombie (PNNC).<\/p>\n\n\n\n<p><strong>Alli\u00e9s strat\u00e9giques :<\/strong> Ministerio de Agricultura y Desarrollo Rural, Institut forestier europ\u00e9en (EFI)<\/p>\n\n\n\n<h2 class=\"wp-block-heading\">Domaines th\u00e9matiques cl\u00e9s<\/h2>\n\n\n\n<p>Protection de la biodiversit\u00e9, des services \u00e9cosyst\u00e9miques et de la production durable dans les paysages des Cara\u00efbes et des Andes centrales, selon une approche de gouvernance territoriale.<\/p>\n<\/div>\n\n\n\n<div class=\"wp-block-column is-layout-flow wp-block-column-is-layout-flow\" style=\"flex-basis:33.33%\"><\/div>\n<\/div>\n\n\n\n<div class=\"wp-block-columns is-layout-flex wp-container-core-columns-is-layout-9d6595d7 wp-block-columns-is-layout-flex\">\n<div class=\"wp-block-column is-layout-flow wp-block-column-is-layout-flow\">\n<h2 class=\"wp-block-heading\">D\u00e9fis<\/h2>\n\n\n\n<p>Bien que la Colombie dispose de cadres politiques et r\u00e9glementaires pour les secteurs de l&rsquo;environnement et de l&rsquo;agriculture, une approche int\u00e9gr\u00e9e est n\u00e9cessaire pour surmonter les obstacles institutionnels et \u00e9conomiques \u00e0 la gestion durable des paysages. En d\u00e9veloppant des alliances bas\u00e9es sur des initiatives de gouvernance \u00e0 plusieurs niveaux qui impliquent tous les secteurs, parties prenantes et acteurs concern\u00e9s, un mod\u00e8le de gouvernance plus durable est possible &#8211; un mod\u00e8le qui renforce le potentiel des zones prot\u00e9g\u00e9es pour les communaut\u00e9s locales et le d\u00e9veloppement \u00e9conomique dans un contexte post-conflit dynamique.<\/p>\n<\/div>\n\n\n\n<div class=\"wp-block-column is-layout-flow wp-block-column-is-layout-flow\">\n<h2 class=\"wp-block-heading\">Objectif<\/h2>\n\n\n\n<p>Promouvoir une approche int\u00e9gr\u00e9e de la gouvernance territoriale des paysages durables, productifs et r\u00e9silients dans les zones prot\u00e9g\u00e9es de Colombie dans deux paysages prioritaires : les Cara\u00efbes et les Andes centrales.<\/p>\n<\/div>\n<\/div>\n\n\n\n<div class=\"wp-block-columns section-bg wpe-mapbg pt-5 pb-5 is-layout-flex wp-container-core-columns-is-layout-9d6595d7 wp-block-columns-is-layout-flex\">\n<div class=\"wp-block-column is-layout-flow wp-block-column-is-layout-flow\">\n<img decoding=\"async\" src=\"http:\/\/landscapesfuture.org\/\/wp-content\/uploads\/svg-map\/Landscape%20for%20our%20future-country%20map-worldwide_Colombia.svg\" style=\"width:100%;padding-right:60px\"\/>\n<\/div>\n\n\n\n<div class=\"wp-block-column is-layout-flow wp-block-column-is-layout-flow\">\n<h2 class=\"wp-block-heading\">Paysages<\/h2>\n\n\n\n<p>La Colombie poss\u00e8de le plus grand nombre d&rsquo;esp\u00e8ces par kilom\u00e8tre carr\u00e9 de la plan\u00e8te. Avec plus de la moiti\u00e9 de la surface terrestre couverte de for\u00eats, les \u00e9cosyst\u00e8mes territoriaux &#8211; tels que le p\u00e1ramo &#8211; jouent un r\u00f4le majeur dans l&rsquo;approvisionnement en eau et les besoins \u00e9nerg\u00e9tiques du pays : 50 % de la production \u00e9nerg\u00e9tique colombienne d\u00e9pend de l&rsquo;eau provenant du syst\u00e8me des parcs naturels nationaux, connu sous le nom de PNNC. Les territoires collectifs des peuples indig\u00e8nes et\/ou des communaut\u00e9s afro-descendantes chevauchent 53% du PNNC, dont plus de 25 000 familles paysannes d\u00e9plac\u00e9es par le conflit. Le taux de pauvret\u00e9 est \u00e9lev\u00e9 (64 %). Le d\u00e9sarmement des Forces arm\u00e9es r\u00e9volutionnaires de Colombie &#8211; Arm\u00e9e populaire (FARC) en 2017 a ouvert au d\u00e9veloppement des zones naturelles jusque-l\u00e0 inaccessibles. La d\u00e9forestation a presque doubl\u00e9 entre 2013 et 2017, tout comme la superficie des terres utilis\u00e9es pour les cultures ill\u00e9gales. Les r\u00e9gimes fonciers post-conflit ont entra\u00een\u00e9 la fragmentation et la d\u00e9gradation des \u00e9cosyst\u00e8mes, et la Colombie pr\u00e9sente aujourd&rsquo;hui l&rsquo;un des niveaux de conflit socio-environnemental les plus \u00e9lev\u00e9s d&rsquo;Am\u00e9rique latine.<\/p>\n<\/div>\n<\/div>\n\n\n\n<div class=\"wp-block-columns is-layout-flex wp-container-core-columns-is-layout-9d6595d7 wp-block-columns-is-layout-flex\">\n<div class=\"wp-block-column is-layout-flow wp-block-column-is-layout-flow\" style=\"flex-basis:66.66%\">\n<h2 class=\"wp-block-heading\">Approcher<\/h2>\n\n\n\n<p>Le projet vise \u00e0 promouvoir la conservation et l&rsquo;utilisation durable des \u00e9cosyst\u00e8mes naturels du pays. En partenariat avec l&rsquo;initiative Herencia Colombia (HeCo), il d\u00e9veloppera une nouvelle approche int\u00e9gr\u00e9e pour la gouvernance territoriale de paysages durables, productifs et r\u00e9silients, cherchant \u00e0 r\u00e9duire la d\u00e9forestation et la d\u00e9gradation tout en favorisant l&rsquo;inclusion sociale. HeCo est une initiative gouvernementale qui contribuera \u00e0 la r\u00e9alisation des objectifs nationaux en mati\u00e8re de changement climatique et de conservation de la biodiversit\u00e9, ainsi que des objectifs de d\u00e9veloppement durable.<\/p>\n\n\n\n<h2 class=\"wp-block-heading\">Actions sp\u00e9cifiques<\/h2>\n\n\n\n<p>Le projet vise \u00e0 d\u00e9velopper la r\u00e9silience des \u00e9cosyst\u00e8mes par la gestion durable des paysages dans les Cara\u00efbes et les Andes centrales : (i) am\u00e9liorer la gouvernance et la d\u00e9fense des territoires par le biais des politiques publiques ; (ii) promouvoir le d\u00e9veloppement durable local, notamment \u00e0 la lumi\u00e8re de la crise sanitaire et socio-\u00e9conomique g\u00e9n\u00e9r\u00e9e par le COVID-19 ; et (iii) renforcer la plate-forme financi\u00e8re de HeCo afin de soutenir les initiatives paysag\u00e8res. En promouvant des mod\u00e8les de production durables sur le plan social et environnemental, le projet soutiendra \u00e9galement les propositions de relance \u00e9conomique du gouvernement en mati\u00e8re de s\u00e9curit\u00e9 alimentaire, de g\u00e9n\u00e9ration de revenus et de moyens de subsistance.<\/p>\n\n\n\n<p>Le projet met en \u0153uvre des actions sp\u00e9cifiques dans chacun de ses paysages d&rsquo;intervention. Dans leur paysage andin, ils soutiennent la restauration participative des \u00e9cosyst\u00e8mes de haute montagne, l&rsquo;am\u00e9lioration de la production et la facilitation des accords de commercialisation pour les initiatives communautaires li\u00e9es \u00e0 la production de produits laitiers, de tubercules et de l\u00e9gumes ainsi qu&rsquo;au tourisme, et enfin, le soutien \u00e0 la gestion des zones prot\u00e9g\u00e9es et de leurs zones tampons. Dans leur paysage carib\u00e9en, ils renforcent les cha\u00eenes de valeur li\u00e9es au tourisme, \u00e0 la p\u00eache, au caf\u00e9 et au miel. Ils soutiennent \u00e9galement la formalisation des accords commerciaux et des entreprises communautaires. En outre, le projet travaille sur la restauration et la r\u00e9g\u00e9n\u00e9ration des mangroves et l&rsquo;am\u00e9lioration de la gestion des zones prot\u00e9g\u00e9es. Dans les deux paysages, le projet renforce la gouvernance et l&rsquo;inclusion sociale, la consolidation d&rsquo;une plateforme de durabilit\u00e9 financi\u00e8re HeCo pour fournir un effet de levier et des conseils pour les investissements, et l&rsquo;identification de projets bancables pour la mobilisation de ressources financi\u00e8res pour la conservation.<\/p>\n<\/div>\n\n\n\n<div class=\"wp-block-column is-layout-flow wp-block-column-is-layout-flow\" style=\"flex-basis:33.33%\"><\/div>\n<\/div>\n\n\n\n<div class=\"wp-block-columns section-bg wpe-bggrey pt-5 pb-5 mb-0 is-layout-flex wp-container-core-columns-is-layout-9d6595d7 wp-block-columns-is-layout-flex\">\n<div class=\"wp-block-column is-layout-flow wp-block-column-is-layout-flow\">\n<h2 class=\"wp-block-heading\">Contact<\/h2>\n\n\n\n<p>Mar\u00eda Isabel Ochoa Botero<br>Coordinateur du projet \u00ab\u00a0Paysages durables\u00a0\u00bb &#8211; HeCo<br>FAO Colombie &#8211; Ressources naturelles et gouvernance<br>Courriel : maria.ochoabotero@fao.org<\/p>\n<\/div>\n<\/div>\n","protected":false},"excerpt":{"rendered":"<p>Paisajes Sostenibles : Soutenir la nouvelle approche colombienne int\u00e9gr\u00e9e de la gouvernance territoriale dans les paysages durables, productifs et r\u00e9silients Partenaires : Ministerio de Ambiente y Desarrollo Sostenible (minist\u00e8re de l&rsquo;environnement et du d\u00e9veloppement durable), Union europ\u00e9enne, Organisation des Nations unies pour l&rsquo;alimentation et l&rsquo;agriculture (FAO), Institut de recherche sur les ressources biologiques Alexander von [&hellip;]<\/p>\n","protected":false},"author":1,"featured_media":0,"parent":0,"menu_order":0,"comment_status":"closed","ping_status":"closed","template":"templates\/template-page-gutenberg.php","meta":{"inline_featured_image":false,"footnotes":"","_links_to":"","_links_to_target":""},"class_list":["post-5894","page","type-page","status-publish","hentry"],"_links":{"self":[{"href":"https:\/\/landscapesfuture.org\/fr\/wp-json\/wp\/v2\/pages\/5894","targetHints":{"allow":["GET"]}}],"collection":[{"href":"https:\/\/landscapesfuture.org\/fr\/wp-json\/wp\/v2\/pages"}],"about":[{"href":"https:\/\/landscapesfuture.org\/fr\/wp-json\/wp\/v2\/types\/page"}],"author":[{"embeddable":true,"href":"https:\/\/landscapesfuture.org\/fr\/wp-json\/wp\/v2\/users\/1"}],"replies":[{"embeddable":true,"href":"https:\/\/landscapesfuture.org\/fr\/wp-json\/wp\/v2\/comments?post=5894"}],"version-history":[{"count":5,"href":"https:\/\/landscapesfuture.org\/fr\/wp-json\/wp\/v2\/pages\/5894\/revisions"}],"predecessor-version":[{"id":13849,"href":"https:\/\/landscapesfuture.org\/fr\/wp-json\/wp\/v2\/pages\/5894\/revisions\/13849"}],"wp:attachment":[{"href":"https:\/\/landscapesfuture.org\/fr\/wp-json\/wp\/v2\/media?parent=5894"}],"curies":[{"name":"wp","href":"https:\/\/api.w.org\/{rel}","templated":true}]}}