{"id":5892,"date":"2021-08-09T23:51:55","date_gmt":"2021-08-09T16:51:55","guid":{"rendered":"https:\/\/landscapesfuture.org\/sous-region-bresil-paraguay\/"},"modified":"2022-09-08T16:58:30","modified_gmt":"2022-09-08T09:58:30","slug":"sous-region-bresil-paraguay","status":"publish","type":"page","link":"https:\/\/landscapesfuture.org\/fr\/sous-region-bresil-paraguay\/","title":{"rendered":"Sous-r\u00e9gion Br\u00e9sil-Paraguay"},"content":{"rendered":"<style>\n@media only screen and (max-width: 960px) {\n   #hero-page{\n    background-image:url(\"https:\/\/landscapesfuture.org\/wp-content\/uploads\/2021\/11\/brazil-3.jpg\");\n    background-position-y: bottom;\n    background-position-x: center;\n  }\n}\n\n#hero-page::after {\n    position: absolute;\n    content: ' ';\n    z-index: 0;\n    height: 100%;\n    width: 100%;\n    background-color: rgb(0,0,0,0.4);\n    top: 0;\n    left: 0;\n}\n#hero-page.section-bg::before{\nbackground-position-y: -385px;\n}\n\n.page #header #menu a {\n    color: #fff;\n}\n\n.page #header #menu .sub-menu li a{\n  color:#333;\n}\n\n.page #header #menu .sub-menu li a:hover{\n color:#FFFFFF;\n}\n\n<\/style>\n<!-- section hero -->\n<!-- close div before -->\n        <\/div>\n    <\/article>\n<\/div>\n\n<div id=\"hero-page\" class=\" block-hero-page flex-vcenter section-bg\">\n    <div class=\"block-hero-page_bg\">\n        <img decoding=\"async\" src=\"https:\/\/landscapesfuture.org\/wp-content\/uploads\/2021\/11\/brazil-3.jpg\">\n    <\/div>\n    <div class=\"block-hero-page_overlay\"><\/div>\n    <div class=\"block-hero-page_content\">\n        <div class=\"container\">\n\n            <div class=\"hero-page\">\n                <div class=\"hero-page_title text-light\">\n                    <h1>Brazil-Paraguay sub region<\/h1>\n                    <!--<p><\/p>-->\n                                    <\/div>\n            <\/div>\n        <\/div>\n    <\/div>\n<\/div>\n\n<div class=\"container\">\n    <div class=\"row\">\n        <div class=\"col-12\">\n            <div class=\"breadcrumbs\" itemscope itemtype=\"http:\/\/schema.org\/BreadcrumbList\"><span itemprop=\"itemListElement\" itemscope itemtype=\"http:\/\/schema.org\/ListItem\"><a class=\"breadcrumbs__link\" href=\"https:\/\/landscapesfuture.org\/fr\/\" itemprop=\"item\"><span itemprop=\"name\">Accueil<\/span><\/a><meta itemprop=\"position\" content=\"1\" \/><\/span><\/div><!-- .breadcrumbs -->        <\/div>\n    <\/div>\n<\/div>\n\n<div class=\"container\">\n    <article id=\"post-5892\" class=\"post-5892 page type-page status-publish hentry\">\n        <div class=\"entry-content\">\n<h1 class=\"project-title has-very-dark-gray-color has-text-color wp-block-heading\">Gestion int\u00e9gr\u00e9e et durable du paysage dans le biome du cerrado au Br\u00e9sil et au Paraguay<\/h1>\n\n    <style> \n        .logo-partner-on-team {\n              max-height: 80px;\n              max-width: 180px;\n        }\n    <\/style><div id=\"\" class=\" block-clear wpe-block\"><h3 class=\"mt-3 mb-4 fs-3-5\"><\/h3><div><\/div><div class=\"wpe-block-title\"><h2>Partners<\/h2><\/div><div class=\"d-flex justify-content-start flex-wrap flex-row columns-10 middle-md m-margin-bottom-30 partner-list-items\" style=\"justify-content: flex-start;\">\n    \n            <div class=\"me-4 mb-4 partner-item d-table\">\n                <a href=\"https:\/\/wwf.panda.org\/\" class=\"d-table-cell align-middle\" title=\"World Wide Fund for Nature (WWF)\">\n                    <img decoding=\"async\" src=\"https:\/\/www.cifor.org\/wp-content\/uploads\/2020\/04\/wwf_logo.png\" alt=\"World Wide Fund for Nature (WWF)\" class=\"logo-partner-on-team\" title=\"World Wide Fund for Nature (WWF)\">\n                <\/a>\n            <\/div>\n    \n            <div class=\"me-4 mb-4 partner-item d-table\">\n                <a href=\"https:\/\/ispn.org.br\/\" class=\"d-table-cell align-middle\" title=\"Society, Population and Nature Institute (ISPN)\">\n                    <img decoding=\"async\" src=\"http:\/\/landscapesfuture.org\/wp-content\/uploads\/2022\/01\/ISPN-logo.png\" alt=\"Society, Population and Nature Institute (ISPN)\" class=\"logo-partner-on-team\" title=\"Society, Population and Nature Institute (ISPN)\">\n                <\/a>\n            <\/div><\/div><\/div>\n<div class=\"wp-block-columns is-layout-flex wp-container-core-columns-is-layout-9d6595d7 wp-block-columns-is-layout-flex\">\n<div class=\"wp-block-column is-layout-flow wp-block-column-is-layout-flow\" style=\"flex-basis:66.66%\">\n<p><strong>Partenaires :<\/strong> Fonds mondial pour la nature &#8211; Pays-Bas (WWF-NL) ; Fonds mondial pour la nature &#8211; Br\u00e9sil (WWF &#8211; BR) ; Fonds mondial pour la nature &#8211; Paraguay (WWF- PY), Institut Soci\u00e9t\u00e9, Population et Nature : (ISPN).<\/p>\n\n\n\n<h2 class=\"wp-block-heading\">Domaines th\u00e9matiques cl\u00e9s<\/h2>\n\n\n\n<p>Les domaines prioritaires de l&rsquo;alimentation, de la biodiversit\u00e9 et du climat s&rsquo;inscrivent dans ces trois axes principaux de l&rsquo;agriculture durable et de la r\u00e9habilitation des terres : (i) la conservation et la socio-biodiversit\u00e9, (ii) le dialogue politique, et (iii) le plaidoyer.<\/p>\n<\/div>\n\n\n\n<div class=\"wp-block-column is-layout-flow wp-block-column-is-layout-flow\" style=\"flex-basis:33.33%\"><\/div>\n<\/div>\n\n<div class=\"wp-block-columns is-layout-flex wp-container-core-columns-is-layout-9d6595d7 wp-block-columns-is-layout-flex\">\n<div class=\"wp-block-column is-layout-flow wp-block-column-is-layout-flow\">\n<h2 class=\"wp-block-heading\">D\u00e9fis<\/h2>\n\n\n\n<p>Bien qu&rsquo;il soit l&rsquo;un des \u00e9cosyst\u00e8mes les plus menac\u00e9s au monde, le Cerrado n&rsquo;est pas consid\u00e9r\u00e9 comme une priorit\u00e9 de conservation par de nombreux secteurs. Des d\u00e9cennies d&rsquo;expansion agricole men\u00e9e par le gouvernement ont conduit \u00e0 la conversion de pr\u00e8s de 50 % de la couverture v\u00e9g\u00e9tale naturelle, ainsi qu&rsquo;\u00e0 la fragmentation des terres, les principaux facteurs \u00e9tant l&rsquo;\u00e9levage de b\u00e9tail, la culture du soja et l&rsquo;accaparement des terres. Dans certaines r\u00e9gions, la production de soja a augment\u00e9 de 250 % et les \u00e9missions annuelles de gaz \u00e0 effet de serre dues \u00e0 la conversion des terres sont \u00e9quivalentes \u00e0 celles de 53 millions de voitures.<\/p>\n<\/div>\n\n\n\n<div class=\"wp-block-column is-layout-flow wp-block-column-is-layout-flow\">\n<h2 class=\"wp-block-heading\">Objectif<\/h2>\n\n\n\n<p>Promouvoir la gestion int\u00e9gr\u00e9e et durable du paysage dans le biome du Cerrado au Br\u00e9sil et au Paraguay, avec l&rsquo;inclusion socio-\u00e9conomique, la protection de la biodiversit\u00e9 ainsi que l&rsquo;att\u00e9nuation et l&rsquo;adaptation au climat.<\/p>\n<\/div>\n<\/div>\n\n<div class=\"wp-block-columns section-bg wpe-mapbg pt-5 pb-5 is-layout-flex wp-container-core-columns-is-layout-9d6595d7 wp-block-columns-is-layout-flex\">\n<div class=\"wp-block-column is-layout-flow wp-block-column-is-layout-flow\">\n<img decoding=\"async\" src=\"http:\/\/landscapesfuture.org\/wp-content\/uploads\/svg-map\/Country%20map-worldwide_Brazil-Paraguay.svg\" style=\"width:100%;padding-right:60px\" \/><\/div>\n\n\n\n<div class=\"wp-block-column is-layout-flow wp-block-column-is-layout-flow\">\n<h2 class=\"wp-block-heading\">Paysages<\/h2>\n\n\n\n<p>Le biome du Cerrado est la savane la plus riche en biodiversit\u00e9 au monde, couvrant plus de 2 millions de kilom\u00e8tres carr\u00e9s au Br\u00e9sil et au Paraguay. Il abrite 83 groupes indig\u00e8nes diff\u00e9rents et un large \u00e9ventail de communaut\u00e9s traditionnelles, qui ont re\u00e7u des degr\u00e9s divers de reconnaissance et de propri\u00e9t\u00e9 fonci\u00e8re. Le Cerrado fournit des services \u00e9cosyst\u00e9miques cruciaux \u00e0 l&rsquo;\u00e9chelle nationale, r\u00e9gionale et mondiale, fournissant 70 % de la production agricole du pays et 44 % de ses exportations. Les deux zones prioritaires au Br\u00e9sil sont MATOSUL dans certaines parties de l&rsquo;\u00c9tat du Mato Grosso do Sul et le bassin sup\u00e9rieur du fleuve Paraguay, et MATOPIBA dans certaines parties des \u00c9tats de Maranh\u00e3o, Tocantins, Piaui et Bahia ; et le d\u00e9partement de l&rsquo;Alto Paraguay au Paraguay. Les zones de MATOSUL souffrent d&rsquo;une faible productivit\u00e9 agricole et d&rsquo;une d\u00e9gradation des sols en raison d&rsquo;une implantation \u00e0 long terme. Alors que la colonisation est plus r\u00e9cente \u00e0 MATOPIBA, l&rsquo;expansion des fronti\u00e8res agricoles a conduit aux taux de d\u00e9forestation les plus \u00e9lev\u00e9s du Cerrado, avec pour cons\u00e9quence la perte de biodiversit\u00e9, la pollution de l&rsquo;eau et les conflits sociaux.<\/p>\n<\/div>\n<\/div>\n\n<div class=\"wp-block-columns is-layout-flex wp-container-core-columns-is-layout-9d6595d7 wp-block-columns-is-layout-flex\">\n<div class=\"wp-block-column is-layout-flow wp-block-column-is-layout-flow\" style=\"flex-basis:66.66%\">\n<h2 class=\"wp-block-heading\">Approcher<\/h2>\n\n\n\n<p>Ce projet vise \u00e0 promouvoir : (i) l&rsquo;agriculture durable et intelligente face au climat (SCSA) dans les paysages et les syst\u00e8mes de production alimentaire ; (ii) la conservation par l&rsquo;utilisation durable de la socio-biodiversit\u00e9 ainsi que le renforcement des zones prot\u00e9g\u00e9es et conserv\u00e9es ; et (iii) les politiques\/pratiques publiques et priv\u00e9es en mati\u00e8re de s\u00e9curit\u00e9 hydrique et alimentaire, de gestion durable des paysages et de r\u00e9duction de la conversion des \u00e9cosyst\u00e8mes naturels.<\/p>\n\n\n\n<h2 class=\"wp-block-heading\">Actions sp\u00e9cifiques<\/h2>\n\n\n\n<p>Les actions sp\u00e9cifiques comprennent la promotion des pratiques SCSA &#8211; des activit\u00e9s telles que la mise en \u0153uvre de protocoles agricoles durables, l&rsquo;\u00e9tablissement de syst\u00e8mes de planification territoriale, la r\u00e9habilitation des terres d\u00e9grad\u00e9es, la protection des eaux de t\u00eate, ainsi que des initiatives de renforcement des capacit\u00e9s et d&rsquo;assistance technique. Pour la conservation et la socio-biodiversit\u00e9, les activit\u00e9s comprennent l&rsquo;analyse de la production locale, le soutien au d\u00e9veloppement de cha\u00eenes d&rsquo;approvisionnement socio-biodiversifi\u00e9es &#8211; par exemple, des cha\u00eenes de semences pour promouvoir la r\u00e9cup\u00e9ration des zones d\u00e9grad\u00e9es et des arbres dans les paysages agricoles &#8211; et le renforcement des capacit\u00e9s administratives\/de gestion dans les zones prot\u00e9g\u00e9es. En termes de dialogue politique et de plaidoyer, les activit\u00e9s comprennent la collaboration avec des avocats publics afin d&rsquo;am\u00e9liorer la transparence en mati\u00e8re de conformit\u00e9 juridique, le soutien d&rsquo;initiatives multipartites de gestion du paysage et la sensibilisation \u00e0 l&rsquo;importance mondiale du Cerrado.<\/p>\n<\/div>\n\n\n\n<div class=\"wp-block-column is-layout-flow wp-block-column-is-layout-flow\" style=\"flex-basis:33.33%\"><\/div>\n<\/div>\n\n<div class=\"wp-block-columns section-bg wpe-bggrey pt-5 pb-5 is-layout-flex wp-container-core-columns-is-layout-9d6595d7 wp-block-columns-is-layout-flex\">\n<div class=\"wp-block-column is-layout-flow wp-block-column-is-layout-flow\">\n<h2 class=\"wp-block-heading\">Contact<\/h2>\n\n\n\n<p>Seline Meijer, WWF-NL.<br \/>Courriel : smeijer@wwf.nl<\/p>\n<\/div>\n<\/div>\n\n<div class=\"wp-block-columns is-layout-flex wp-container-core-columns-is-layout-9d6595d7 wp-block-columns-is-layout-flex\">\n<div class=\"wp-block-column is-layout-flow wp-block-column-is-layout-flow\">\n<h2 class=\"wp-block-heading\">Plus d&rsquo;informations<\/h2>\n\n\n\n<ul class=\"wp-block-list\"><li><a href=\"https:\/\/www.wwf.org.py\/que_hacemos\/proyectos\/ceres\/\" target=\"_blank\" rel=\"noreferrer noopener\">CERES &#8211; CERRADO RESILIENTE : Gesti\u00f3n Integrada y Sostenible del Paisaje del Cerrado en el Brasil y el Paraguay<\/a><\/li><li><a href=\"https:\/\/www.worldwildlife.org\/places\/cerrado\/\" target=\"_blank\" rel=\"noreferrer noopener\">CERRADO<\/a><\/li><li><a href=\"https:\/\/ispn.org.br\/tag\/projeto-ceres\/\" target=\"_blank\" rel=\"noreferrer noopener\">Projeto CERES<\/a><\/li><\/ul><\/div>\n<\/div>\n","protected":false},"excerpt":{"rendered":"<p>Gestion int\u00e9gr\u00e9e et durable du paysage dans le biome du cerrado au Br\u00e9sil et au Paraguay Partenaires : Fonds mondial pour la nature &#8211; Pays-Bas (WWF-NL) ; Fonds mondial pour la nature &#8211; Br\u00e9sil (WWF &#8211; BR) ; Fonds mondial pour la nature &#8211; Paraguay (WWF- PY), Institut Soci\u00e9t\u00e9, Population et Nature : (ISPN). Domaines [&hellip;]<\/p>\n","protected":false},"author":1,"featured_media":0,"parent":0,"menu_order":0,"comment_status":"closed","ping_status":"closed","template":"templates\/template-page-gutenberg.php","meta":{"inline_featured_image":false,"footnotes":"","_links_to":"","_links_to_target":""},"class_list":["post-5892","page","type-page","status-publish","hentry"],"_links":{"self":[{"href":"https:\/\/landscapesfuture.org\/fr\/wp-json\/wp\/v2\/pages\/5892","targetHints":{"allow":["GET"]}}],"collection":[{"href":"https:\/\/landscapesfuture.org\/fr\/wp-json\/wp\/v2\/pages"}],"about":[{"href":"https:\/\/landscapesfuture.org\/fr\/wp-json\/wp\/v2\/types\/page"}],"author":[{"embeddable":true,"href":"https:\/\/landscapesfuture.org\/fr\/wp-json\/wp\/v2\/users\/1"}],"replies":[{"embeddable":true,"href":"https:\/\/landscapesfuture.org\/fr\/wp-json\/wp\/v2\/comments?post=5892"}],"version-history":[{"count":4,"href":"https:\/\/landscapesfuture.org\/fr\/wp-json\/wp\/v2\/pages\/5892\/revisions"}],"predecessor-version":[{"id":6766,"href":"https:\/\/landscapesfuture.org\/fr\/wp-json\/wp\/v2\/pages\/5892\/revisions\/6766"}],"wp:attachment":[{"href":"https:\/\/landscapesfuture.org\/fr\/wp-json\/wp\/v2\/media?parent=5892"}],"curies":[{"name":"wp","href":"https:\/\/api.w.org\/{rel}","templated":true}]}}