{"id":5869,"date":"2021-09-02T02:48:36","date_gmt":"2021-09-01T19:48:36","guid":{"rendered":"https:\/\/landscapesfuture.org\/kenya\/"},"modified":"2022-09-08T15:08:33","modified_gmt":"2022-09-08T08:08:33","slug":"kenya","status":"publish","type":"page","link":"https:\/\/landscapesfuture.org\/fr\/kenya\/","title":{"rendered":"Kenya"},"content":{"rendered":"<style>\n@media only screen and (max-width: 960px) {\n   #hero-page{\n    background-image:url(\"https:\/\/landscapesfuture.org\/wp-content\/uploads\/2021\/11\/kenya-1.jpg\");\n    background-position-y: bottom;\n    background-position-x: center;\n  }\n}\n\n#hero-page::after {\n    position: absolute;\n    content: ' ';\n    z-index: 0;\n    height: 100%;\n    width: 100%;\n    background-color: rgb(0,0,0,0.4);\n    top: 0;\n    left: 0;\n}\n#hero-page.section-bg::before{\nbackground-position-y: -385px;\n}\n\n.page #header #menu a {\n    color: #fff;\n}\n\n.page #header #menu .sub-menu li a{\n  color:#333;\n}\n\n.page #header #menu .sub-menu li a:hover{\n color:#FFFFFF;\n}\n\n.home.page-id-429 #wrapper, .page.page-id-429 #wrapper {\n    margin-top: 82px;\n}\n.home.page-id-429 #header, .page.page-id-429 #header {\n    background-color: #2E3546;\n    border: 0px;\n}\n\n.home.page-id-429 #header.darkHeader #menu a, \n.page.page-id-429 #header.darkHeader #menu a{\n   color:#252122;\n}\n\n.home.page-id-429  #header.darkHeader, .page.page-id-429  #header.darkHeader {\n    background-color: #FFFFFF;\n    border-bottom: 1px solid #ddd;\n}<\/style>\n<!-- section hero -->\n<!-- close div before -->\n        <\/div>\n    <\/article>\n<\/div>\n\n<div id=\"hero-page\" class=\" block-hero-page flex-vcenter section-bg\">\n    <div class=\"block-hero-page_bg\">\n        <img decoding=\"async\" src=\"https:\/\/landscapesfuture.org\/wp-content\/uploads\/2021\/11\/kenya-1.jpg\">\n    <\/div>\n    <div class=\"block-hero-page_overlay\"><\/div>\n    <div class=\"block-hero-page_content\">\n        <div class=\"container\">\n\n            <div class=\"hero-page\">\n                <div class=\"hero-page_title text-light\">\n                    <h1>Kenya<\/h1>\n                    <!--<p><\/p>-->\n                                    <\/div>\n            <\/div>\n        <\/div>\n    <\/div>\n<\/div>\n\n<div class=\"container\">\n    <div class=\"row\">\n        <div class=\"col-12\">\n            <div class=\"breadcrumbs\" itemscope itemtype=\"http:\/\/schema.org\/BreadcrumbList\"><span itemprop=\"itemListElement\" itemscope itemtype=\"http:\/\/schema.org\/ListItem\"><a class=\"breadcrumbs__link\" href=\"https:\/\/landscapesfuture.org\/fr\/\" itemprop=\"item\"><span itemprop=\"name\">Accueil<\/span><\/a><meta itemprop=\"position\" content=\"1\" \/><\/span><\/div><!-- .breadcrumbs -->        <\/div>\n    <\/div>\n<\/div>\n\n<div class=\"container\">\n    <article id=\"post-5869\" class=\"post-5869 page type-page status-publish hentry\">\n        <div class=\"entry-content\">\n<h1 class=\"project-title has-very-dark-gray-color has-text-color wp-block-heading\">pRogramme de productivit\u00e9 des services \u00e9cosyst\u00e9miques des parcours du Kenya (RangER)  <\/h1>\n\n    <style> \n        .logo-partner-on-team {\n              max-height: 80px;\n              max-width: 180px;\n        }\n    <\/style><div id=\"\" class=\" block-clear wpe-block\"><h3 class=\"mt-3 mb-4 fs-3-5\"><\/h3><div><\/div><div class=\"wpe-block-title\"><h2>Lead organization<\/h2><\/div><div class=\"d-flex justify-content-start flex-wrap flex-row columns-10 middle-md m-margin-bottom-30 partner-list-items\" style=\"justify-content: flex-start;\">\n    \n            <div class=\"me-4 mb-4 partner-item d-table\">\n                <a href=\"https:\/\/www.nrt-kenya.org\/\" class=\"d-table-cell align-middle\" title=\"Northern Rangeland Trust Kenya\">\n                    <img decoding=\"async\" src=\"http:\/\/landscapesfuture.org\/wp-content\/uploads\/2022\/01\/NRT-logo.png\" alt=\"Northern Rangeland Trust Kenya\" class=\"logo-partner-on-team\" title=\"Northern Rangeland Trust Kenya\">\n                <\/a>\n            <\/div><\/div><div class=\"wpe-block-title\"><h2>Partners<\/h2><\/div><div class=\"d-flex justify-content-start flex-wrap flex-row columns-10 middle-md m-margin-bottom-30 partner-list-items\" style=\"justify-content: flex-start;\">\n    \n            <div class=\"me-4 mb-4 partner-item d-table\">\n                <a href=\"https:\/\/www.jkuat.ac.ke\/\" class=\"d-table-cell align-middle\" title=\"Jomo Kenyatta University of Agriculture and Technology - Kenya\">\n                    <img decoding=\"async\" src=\"http:\/\/landscapesfuture.org\/wp-content\/uploads\/2022\/01\/Jomo-Kenyatta-logo.png\" alt=\"Jomo Kenyatta University of Agriculture and Technology - Kenya\" class=\"logo-partner-on-team\" title=\"Jomo Kenyatta University of Agriculture and Technology - Kenya\">\n                <\/a>\n            <\/div>\n    \n            <div class=\"me-4 mb-4 partner-item d-table\">\n                <a href=\"http:\/\/www.worldagroforestry.org\/\" class=\"d-table-cell align-middle\" title=\"World Agroforestry (ICRAF)\">\n                    <img decoding=\"async\" src=\"https:\/\/www.cifor.org\/wp-content\/uploads\/2020\/04\/World_Agroforestry_Logo_.png\" alt=\"World Agroforestry (ICRAF)\" class=\"logo-partner-on-team\" title=\"World Agroforestry (ICRAF)\">\n                <\/a>\n            <\/div>\n    \n            <div class=\"me-4 mb-4 partner-item d-table\">\n                <a href=\"https:\/\/www.facebook.com\/CommunitySafetyInitiativeKenya\/\" class=\"d-table-cell align-middle\" title=\"Community Safety Initiative Kenya\">\n                    <img decoding=\"async\" src=\"http:\/\/landscapesfuture.org\/wp-content\/uploads\/2022\/01\/Logo-CSI_kenya.png\" alt=\"Community Safety Initiative Kenya\" class=\"logo-partner-on-team\" title=\"Community Safety Initiative Kenya\">\n                <\/a>\n            <\/div>\n    \n            <div class=\"me-4 mb-4 partner-item d-table\">\n                <a href=\"https:\/\/e4impact.org\/mba-kenya\/\" class=\"d-table-cell align-middle\" title=\"E4Impact Foundation - Kenya\">\n                    <img decoding=\"async\" src=\"http:\/\/landscapesfuture.org\/wp-content\/uploads\/2022\/01\/e4impact-logo.jpg\" alt=\"E4Impact Foundation - Kenya\" class=\"logo-partner-on-team\" title=\"E4Impact Foundation - Kenya\">\n                <\/a>\n            <\/div>\n    \n            <div class=\"me-4 mb-4 partner-item d-table\">\n                <a href=\"\" class=\"d-table-cell align-middle\" title=\"Baringo County Government\">\n                    <img decoding=\"async\" src=\"http:\/\/landscapesfuture.org\/wp-content\/uploads\/2022\/01\/Baringo_logo.jpg\" alt=\"Baringo County Government\" class=\"logo-partner-on-team\" title=\"Baringo County Government\">\n                <\/a>\n            <\/div>\n    \n            <div class=\"me-4 mb-4 partner-item d-table\">\n                <a href=\"https:\/\/laikipia.go.ke\/\" class=\"d-table-cell align-middle\" title=\"Laikipia County Government \">\n                    <img decoding=\"async\" src=\"http:\/\/landscapesfuture.org\/wp-content\/uploads\/2022\/01\/Laikipia-CG-Logo.jpg\" alt=\"Laikipia County Government \" class=\"logo-partner-on-team\" title=\"Laikipia County Government \">\n                <\/a>\n            <\/div>\n    \n            <div class=\"me-4 mb-4 partner-item d-table\">\n                <a href=\"\" class=\"d-table-cell align-middle\" title=\"Isiolo County Government\">\n                    <img decoding=\"async\" src=\"http:\/\/landscapesfuture.org\/wp-content\/uploads\/2022\/01\/Isiolo_County-logo.jpg\" alt=\"Isiolo County Government\" class=\"logo-partner-on-team\" title=\"Isiolo County Government\">\n                <\/a>\n            <\/div>\n    \n            <div class=\"me-4 mb-4 partner-item d-table\">\n                <a href=\"https:\/\/www.samburu.go.ke\/\" class=\"d-table-cell align-middle\" title=\"Samburu Country Government\">\n                    <img decoding=\"async\" src=\"http:\/\/landscapesfuture.org\/wp-content\/uploads\/2022\/01\/Samburu-logo.jpg\" alt=\"Samburu Country Government\" class=\"logo-partner-on-team\" title=\"Samburu Country Government\">\n                <\/a>\n            <\/div><\/div><\/div>\n<div class=\"wp-block-columns is-layout-flex wp-container-core-columns-is-layout-9d6595d7 wp-block-columns-is-layout-flex\">\n<div class=\"wp-block-column is-layout-flow wp-block-column-is-layout-flow\" style=\"flex-basis:66.66%\">\n<p><strong>Organisations principales :<\/strong> Northern Rangeland Trust, Kenya<br \/><strong>Partenaires :<\/strong> Jomo Kenyatta University of Agriculture and Technology, Kenya ; World Agroforestry ; Community Safety Initiative, Kenya ; E4Impact Foundation, Kenya ; Baringo, Laikipia, Isiolo and Samburu county governments, Kenya.<\/p>\n\n\n\n<h2 class=\"wp-block-heading\">Domaines th\u00e9matiques cl\u00e9s<\/h2>\n\n\n\n<p>Le programme RangER vise \u00e0 adopter une approche int\u00e9gr\u00e9e du paysage dans les quatre comt\u00e9s constituant la zone du Triangle d&rsquo;Amaya au Kenya : Laikipia, Baringo, Samburu et Isiolo. Le programme vise \u00e0 am\u00e9liorer la productivit\u00e9 des services \u00e9cosyst\u00e9miques fournis par les p\u00e2turages dans les comt\u00e9s du Triangle d&rsquo;Amaya par le biais d&rsquo;investissements dans des ressources alimentaires adapt\u00e9es au climat, un \u00e9ventail de moyens de subsistance bas\u00e9s sur les ressources naturelles et les arbres et la faune adapt\u00e9s au climat, et par le renforcement des capacit\u00e9s des comt\u00e9s du Triangle d&rsquo;Amaya en mati\u00e8re de gouvernance, de paix et de s\u00e9curit\u00e9 pour la faune et les personnes. Ces actions se traduiront par de multiples avantages, notamment : l&rsquo;am\u00e9lioration du bien-\u00eatre de l&rsquo;homme et du b\u00e9tail, le renforcement de la connectivit\u00e9 \u00e9cologique et la conservation de la biodiversit\u00e9, la restauration des \u00e9cosyst\u00e8mes, l&rsquo;att\u00e9nuation du changement climatique et l&rsquo;adaptation \u00e0 celui-ci, ainsi que l&rsquo;am\u00e9lioration de la r\u00e9silience des communaut\u00e9s locales, de la biodiversit\u00e9 et des \u00e9cosyst\u00e8mes aux chocs climatiques.<\/p>\n<\/div>\n\n\n\n<div class=\"wp-block-column is-layout-flow wp-block-column-is-layout-flow\" style=\"flex-basis:33.33%\"><\/div>\n<\/div>\n\n<div class=\"wp-block-columns is-layout-flex wp-container-core-columns-is-layout-9d6595d7 wp-block-columns-is-layout-flex\">\n<div class=\"wp-block-column is-layout-flow wp-block-column-is-layout-flow\">\n<h2 class=\"wp-block-heading\">D\u00e9fis<\/h2>\n\n\n\n<p>Les communaut\u00e9s sont de plus en plus expos\u00e9es \u00e0 la s\u00e9cheresse, aux maladies du b\u00e9tail et aux conflits li\u00e9s \u00e0 la rar\u00e9faction des ressources en p\u00e2turages caus\u00e9e par les extr\u00eames climatiques. Les s\u00e9cheresses entra\u00eenent une p\u00e9nurie de p\u00e2turages et provoquent l&rsquo;ass\u00e8chement ou le r\u00e9tr\u00e9cissement des sources d&rsquo;eau, obligeant les \u00e9leveurs \u00e0 migrer vers les comt\u00e9s adjacents \u00e0 la recherche d&rsquo;eau et de p\u00e2turages. Cela entra\u00eene r\u00e9guli\u00e8rement des conflits, la destruction de biens et la perte de vies humaines, le braconnage et le trafic d&rsquo;animaux sauvages. La diminution de la biodiversit\u00e9 et la pression exerc\u00e9e sur les fragiles \u00e9cosyst\u00e8mes arides entra\u00eenent une d\u00e9gradation des sols.<\/p>\n<\/div>\n\n\n\n<div class=\"wp-block-column is-layout-flow wp-block-column-is-layout-flow\">\n<h2 class=\"wp-block-heading\">Objectif<\/h2>\n\n\n\n<p>Aider le Kenya \u00e0 \u00e9radiquer la pauvret\u00e9 en am\u00e9liorant la productivit\u00e9 des services \u00e9cosyst\u00e9miques fournis par les p\u00e2turages pour l&rsquo;alimentation humaine et animale, ainsi que pour la s\u00e9curit\u00e9 des hommes et des animaux sauvages dans les comt\u00e9s du Triangle d&rsquo;Amaya au Kenya.<\/p>\n<\/div>\n<\/div>\n\n<div class=\"wp-block-columns section-bg wpe-mapbg pt-5 pb-5 is-layout-flex wp-container-core-columns-is-layout-9d6595d7 wp-block-columns-is-layout-flex\">\n<div class=\"wp-block-column is-layout-flow wp-block-column-is-layout-flow\">\n<img decoding=\"async\" src=\"http:\/\/landscapesfuture.org\/wp-content\/uploads\/svg-map\/Landscape%20for%20our%20future-country%20map-worldwide_Kenya.svg\" style=\"width:100%;padding-right:60px\" \/><\/div>\n\n\n\n<div class=\"wp-block-column is-layout-flow wp-block-column-is-layout-flow\">\n<h2 class=\"wp-block-heading\">Paysages<\/h2>\n\n\n\n<p>Le Triangle d&rsquo;Amaya est une mosa\u00efque de prairies de savane, de zones arbustives et de zones bois\u00e9es au nord du Mont Kenya, dans quatre comt\u00e9s arides et semi-arides : Baringo, Laikipia, Samburu et Isiolo. Des couloirs de p\u00e2turage essentiels pour la faune sauvage et les \u00e9leveurs relient les comt\u00e9s au niveau du paysage, le b\u00e9tail et la faune sauvage transitant vers la cha\u00eene de montagnes des Aberdares au sud-ouest et le mont Kenya \u00e0 l&rsquo;est, en particulier pendant les ann\u00e9es de s\u00e9cheresse. Les communaut\u00e9s pastorales traditionnelles de la r\u00e9gion font partie des groupes les plus marginalis\u00e9s et les moins bien desservis du Kenya. Elles vivent dans un paysage tr\u00e8s d\u00e9grad\u00e9 et sont confront\u00e9es \u00e0 des niveaux \u00e9lev\u00e9s de pauvret\u00e9 et aux menaces des conflits. La r\u00e9gion abrite des ranchs priv\u00e9s et communautaires qui soutiennent \u00e0 la fois la production de b\u00e9tail et la conservation de la faune. Les changements croissants dans l&rsquo;utilisation des terres, qui s&rsquo;\u00e9loignent des parcours pastoraux au profit de la production agricole et de l&rsquo;habitat, ont entra\u00een\u00e9 des groupes de probl\u00e8mes li\u00e9s \u00e0 l&rsquo;ins\u00e9curit\u00e9, aux conflits pour les ressources, \u00e0 la pauvret\u00e9, \u00e0 l&rsquo;ins\u00e9curit\u00e9 alimentaire, \u00e0 l&rsquo;exclusion sociale et \u00e0 la grave d\u00e9gradation des ressources naturelles. Les s\u00e9cheresses fr\u00e9quentes et le changement climatique, associ\u00e9s \u00e0 la croissance de la population humaine et du b\u00e9tail, ont exacerb\u00e9 cette situation.<\/p>\n<\/div>\n<\/div>\n\n<div class=\"wp-block-columns is-layout-flex wp-container-core-columns-is-layout-9d6595d7 wp-block-columns-is-layout-flex\">\n<div class=\"wp-block-column is-layout-flow wp-block-column-is-layout-flow\" style=\"flex-basis:66.66%\">\n<h2 class=\"wp-block-heading\">Approcher<\/h2>\n\n\n\n<p>Des conservatoires communautaires seront cr\u00e9\u00e9s, \u00e9tendus ou renforc\u00e9s en partenariat avec les communaut\u00e9s et les administrations locales des comt\u00e9s. Le transfert de la responsabilit\u00e9 de la gouvernance aux communaut\u00e9s locales leur permettra de trouver des solutions pour s\u00e9curiser durablement les zones sous tension, et de faciliter l&rsquo;acc\u00e8s \u00e0 l&rsquo;eau, \u00e0 l&rsquo;\u00e9ducation, aux soins de sant\u00e9 et au d\u00e9veloppement \u00e9conomique, am\u00e9liorant ainsi les moyens de subsistance locaux. L&rsquo;approche participative de la gestion des terres appartenant \u00e0 la communaut\u00e9 vise \u00e0 assurer une forte adh\u00e9sion et une v\u00e9ritable appropriation par toutes les parties prenantes afin de garantir une gestion durable des \u00e9cosyst\u00e8mes.<\/p>\n\n\n\n<h2 class=\"wp-block-heading\">Actions sp\u00e9cifiques<\/h2>\n\n\n\n<p>Le mod\u00e8le de conservation communautaire, fond\u00e9 sur la reconnaissance l\u00e9gale de la conservation de la faune sauvage en tant qu&rsquo;utilisation des terres et li\u00e9 au tourisme, sera approfondi et \u00e9tendu dans le cadre de l&rsquo;augmentation des sources de revenus pour les communaut\u00e9s locales. Un soutien sera apport\u00e9 pour renforcer le secr\u00e9tariat et les m\u00e9canismes de gouvernance de l&rsquo;initiative du Triangle d&rsquo;Amaya, et les efforts transfrontaliers de paix et de r\u00e9conciliation seront renforc\u00e9s par des formations et des strat\u00e9gies de r\u00e9solution des conflits.<\/p>\n\n\n\n<p>Les communaut\u00e9s seront aid\u00e9es \u00e0 cartographier les points chauds d\u00e9grad\u00e9s \u00e0 l&rsquo;aide de techniques SIG afin d&rsquo;identifier les options de restauration ou de production de fourrage ; \u00e0 cr\u00e9er des zones de faune et de b\u00e9tail transfrontali\u00e8res et multiethniques contigu\u00ebs \u00e0 d&rsquo;autres conservatoires communautaires pour des syst\u00e8mes d&rsquo;alimentation et de subsistance r\u00e9silients au climat et \u00e9cologiquement durables ; et \u00e0 contr\u00f4ler les esp\u00e8ces envahissantes.<\/p>\n\n\n\n<p>Les communaut\u00e9s seront \u00e9galement initi\u00e9es \u00e0 diff\u00e9rentes options d&rsquo;agroforesterie et de boisement afin d&rsquo;augmenter la s\u00e9curit\u00e9 alimentaire, y compris les investissements bas\u00e9s sur les arbres (tels que les alo\u00e8s et la production de miel et d&rsquo;arbres fruitiers). Des opportunit\u00e9s de diversification des moyens de subsistance \u00e0 partir des ressources naturelles seront cr\u00e9\u00e9es et d\u00e9velopp\u00e9es gr\u00e2ce \u00e0 la formation aux comp\u00e9tences entrepreneuriales.<\/p>\n<\/div>\n\n\n\n<div class=\"wp-block-column is-layout-flow wp-block-column-is-layout-flow\" style=\"flex-basis:33.33%\"><\/div>\n<\/div>\n\n<div class=\"wp-block-columns section-bg wpe-bggrey pt-5 pb-5 is-layout-flex wp-container-core-columns-is-layout-9d6595d7 wp-block-columns-is-layout-flex\">\n<div class=\"wp-block-column is-layout-flow wp-block-column-is-layout-flow\" style=\"flex-basis:66.66%\">\n<h2 class=\"wp-block-heading\">Contact<\/h2>\n\n\n\n<p>Alo\u00efse Naitira<br \/>Responsable du programme RangER<br \/>T\u00e9l : +254 (0) 723 282 281<br \/>aloise.naitira@nrt-kenya.org<br \/>Skype : aloise.naitira<br \/><a href=\"https:\/\/www.nrt-kenya.org\/\" target=\"_blank\" rel=\"noreferrer noopener\">www.nrt-kenya.org<\/a><\/p>\n<\/div>\n\n\n\n<div class=\"wp-block-column is-layout-flow wp-block-column-is-layout-flow\" style=\"flex-basis:33.33%\"><\/div>\n<\/div>\n\n<div class=\"wp-block-columns is-layout-flex wp-container-core-columns-is-layout-9d6595d7 wp-block-columns-is-layout-flex\">\n<div class=\"wp-block-column is-layout-flow wp-block-column-is-layout-flow\" style=\"flex-basis:66.66%\">\n<h2 class=\"wp-block-heading\">Plus d&rsquo;informations<\/h2>\n\n\n\n<p><a href=\"https:\/\/www.nrt-kenya.org\/\" target=\"_blank\" rel=\"noreferrer noopener\">www.nrt-kenya.org<\/a><\/p>\n<\/div>\n\n\n\n<div class=\"wp-block-column is-layout-flow wp-block-column-is-layout-flow\" style=\"flex-basis:33.33%\"><\/div>\n<\/div>\n","protected":false},"excerpt":{"rendered":"<p>pRogramme de productivit\u00e9 des services \u00e9cosyst\u00e9miques des parcours du Kenya (RangER) Organisations principales : Northern Rangeland Trust, KenyaPartenaires : Jomo Kenyatta University of Agriculture and Technology, Kenya ; World Agroforestry ; Community Safety Initiative, Kenya ; E4Impact Foundation, Kenya ; Baringo, Laikipia, Isiolo and Samburu county governments, Kenya. Domaines th\u00e9matiques cl\u00e9s Le programme RangER vise [&hellip;]<\/p>\n","protected":false},"author":1,"featured_media":0,"parent":0,"menu_order":0,"comment_status":"closed","ping_status":"closed","template":"templates\/template-page-gutenberg.php","meta":{"inline_featured_image":false,"footnotes":"","_links_to":"","_links_to_target":""},"class_list":["post-5869","page","type-page","status-publish","hentry"],"_links":{"self":[{"href":"https:\/\/landscapesfuture.org\/fr\/wp-json\/wp\/v2\/pages\/5869","targetHints":{"allow":["GET"]}}],"collection":[{"href":"https:\/\/landscapesfuture.org\/fr\/wp-json\/wp\/v2\/pages"}],"about":[{"href":"https:\/\/landscapesfuture.org\/fr\/wp-json\/wp\/v2\/types\/page"}],"author":[{"embeddable":true,"href":"https:\/\/landscapesfuture.org\/fr\/wp-json\/wp\/v2\/users\/1"}],"replies":[{"embeddable":true,"href":"https:\/\/landscapesfuture.org\/fr\/wp-json\/wp\/v2\/comments?post=5869"}],"version-history":[{"count":5,"href":"https:\/\/landscapesfuture.org\/fr\/wp-json\/wp\/v2\/pages\/5869\/revisions"}],"predecessor-version":[{"id":6690,"href":"https:\/\/landscapesfuture.org\/fr\/wp-json\/wp\/v2\/pages\/5869\/revisions\/6690"}],"wp:attachment":[{"href":"https:\/\/landscapesfuture.org\/fr\/wp-json\/wp\/v2\/media?parent=5869"}],"curies":[{"name":"wp","href":"https:\/\/api.w.org\/{rel}","templated":true}]}}