{"id":5581,"date":"2021-06-15T23:27:11","date_gmt":"2021-06-15T20:27:11","guid":{"rendered":"https:\/\/landscapesfuture.org\/maison\/"},"modified":"2026-04-14T16:06:22","modified_gmt":"2026-04-14T13:06:22","slug":"maison","status":"publish","type":"page","link":"https:\/\/landscapesfuture.org\/fr\/","title":{"rendered":"Maison"},"content":{"rendered":"\n\n<style>\n    .section-feature::before {\n  background-image: url('https:\/\/landscapesfuture.org\/wp-content\/uploads\/2023\/07\/MicrosoftTeams-image-2800.jpg');\n  background-position: center center;\n  background-repeat: no-repeat;\n  background-size: contain;\n  background-attachment: fixed;\n  z-index: -2;\n}\n\n.section-feature {\n  color: #FFFFFF;\n  position: relative;\n  padding: 200px 0px;\n  height: 65vh;\n}\n        \n.section-feature .feature-label{\n    font-size:14px;\n    font-weight:400;\n}\n.section-feature .feature-title{\n    font-size:67px;\n    line-height:65px;\n    font-weight:700;\n}\n.section-feature .feature-subtitle{\n    font-size:22px;\n    font-weight:300;\n}\n\n@media all and (max-width: 1400px) {\n.section-feature .feature-title{font-size:52px;}\n.section-feature .feature-subtitle{font-size:15px;}\n}\n\n@media all and (max-width: 480px) {\n.section-feature .feature-title{font-size:35px;line-height:35px;}\n.section-feature .feature-subtitle{font-size:12px;}\n}\n        \n    <\/style>\n\n<div  class=\"section-feature section-bg text-center wpe-block\">\n\n    <div class=\"row\">\n        <div class=\"col-lg-12\">\n            <!--<div class=\"feature-label\">FEATURE<\/div>-->\n<div class=\"feature-title mt-4 mb-4\">Des paysages pour notre avenir<\/div>\n<div class=\"feature-subtitle\">Le programme \u00ab Landscapes For Our Future \u00bb, financ\u00e9 par l&rsquo;Union europ\u00e9enne, soutient 22 projets dans plus de 30 pays du Sud. Il propose la gestion int\u00e9gr\u00e9e des paysages comme un moyen d&rsquo;utiliser des strat\u00e9gies adaptatives, inclusives et int\u00e9gratrices pour changer le comportement des syst\u00e8mes paysagers.<\/div>\n\n\n<div class=\"row\">\n    <div class=\"d-grid gap-2 col-lg-3 col-sm-12 mx-auto mt-5\">\n        <a href=\"\/fr\/about\/\" class=\"btn btn-outline-light btn-lg\">APPRENDRE ENCORE PLUS<\/a>\n    <\/div>\n<\/div>\n     <\/div>\n    <\/div><\/div>\n\n\n\n<style>\n    #featured.section-bg::before\n        {\n        background-image:url(\"\");\n        }#featured.section-bg::before{\nbackground-color: #f8f8f8;\n}\n#featured .block-content{ padding:0px; }\n#featured{ padding:80px 0px;}\n\n@media all and (max-width: 991px) {\n  #featured .img-first-news{\n    height: 16rem !important;\n  }\n}<\/style>\n\n\n<style>\n    #featured.section-bg::before\n            {\n            background-image:url(\"\");\n            }#featured.section-bg::before{\nbackground-color: #f8f8f8;\n}\n#featured .block-content{ padding:0px; }\n#featured{ padding:80px 0px;}\n\n@media all and (max-width: 991px) {\n  #featured .img-first-news{\n    height: 16rem !important;\n  }\n}@media all and (max-width: 991px) {\n        .layout-2 .small-layout-news .row .post-box-event .post-box {\n            border-left: 1px solid #D9D9D9;\n        }\n\n        .layout-2 .small-layout-news .row .col-lg-6:nth-child(3) .post-box-event .post-box,\n        .layout-2 .small-layout-news .row .col-lg-6:nth-child(4) .post-box-event .post-box {\n            border-top: 1px solid #D9D9D9;\n        }\n    }\n<\/style>\n\n<div id=\"featured\" class=\"section-bg wpe-block\">\n    <div class=\"section-wrapper\">\n        <div class=\"row\">\n    <div class=\"col-md-12\">\n        <div class=\"wpe-block-header\">\n            <div class=\"wpe-block-title\">\n                                <h2>De notre centre de connaissances<\/h2>            <\/div>\n                    <\/div>\n    <\/div>\n<\/div>\n<div class=\"block-content\"><div class=\"row  xx\">                    <div class=\"layout-2\">\n                        <div class=\"row\">\n                            <div class=\"col-lg-6 parent_eh big-layout-news pe-lg-0 mb-3 mb-lg-0\">\n                                <div class=\"img-first-news w-100 h-100 position-relative\" style=\"background: url(https:\/\/landscapesfuture.org\/wp-content\/uploads\/2026\/01\/IMG_0690-medium.jpg); background-size: cover;\">\n                                    <a href=\"https:\/\/landscapesfuture.org\/fr\/des-donnees-et-des-dimensions-aux-moments-aha-ce-que-le-lff-nous-a-appris\/\" class=\"d-block w-100 h-100 text-white\">\n                                        <div class=\"hero-text m-overlay-slide px-4 pb-3\">\n                                            <div class=\"m-padding-top-10 row-box\">\n                                                <div class=\"content-label\">R\u00e9flexions sur le terrain<\/div>\n                                                <h3>Des donn\u00e9es et des dimensions aux moments \u00ab\u00a0aha\u00a0\u00bb : ce que le LFF nous a appris<\/h3>\n                                            <\/div>\n                                        <\/div>\n                                    <\/a>\n                                <\/div>\n\n                            <\/div>\n                            <div class=\"col-lg-6 parent_eh small-layout-news pe-lg-4\">\n                                <div class=\"d-block\">\n                                    <div class=\"row\">\n                                        <div class=\"col-lg-6 parent_eh p-lg-0 small-news mb-sm-3 mb-lg-0\">\n                                            <div class=\"post-box-event no-thumb d-flex align-items-stretch\">\n                                                        <div class=\"post-box \">\n          <a href=\"https:\/\/landscapesfuture.org\/fr\/faconner-lespace-non-cartographie-gouverner-la-frontiere-oubliee-du-paraguay\/\"><\/a>\n          <div class=\"post-box_content\">\n            <div class=\"post-box_group\">\n              <div class=\"content-label\">R\u00e9flexions sur le terrain<\/div>\n              <a href=\"https:\/\/landscapesfuture.org\/fr\/faconner-lespace-non-cartographie-gouverner-la-frontiere-oubliee-du-paraguay\/\">\n                <h2 class=\"content-title\">Fa\u00e7onner l&rsquo;espace non cartographi\u00e9 : Gouverner la fronti\u00e8re oubli\u00e9e du Paraguay<\/h2>\n              <\/a>\n            <\/div>\n            <div class=\"content-date\">30\/01\/2026<\/div>\n          <\/div>\n        <\/div>\n                                                    <\/div>\n                                        <\/div>\n                                        <div class=\"col-lg-6 parent_eh p-lg-0 small-news mb-sm-3 mb-lg-0\">\n                                            <div class=\"post-box-event no-thumb d-flex align-items-stretch\">\n                                                        <div class=\"post-box \">\n          <a href=\"https:\/\/landscapesfuture.org\/fr\/la-securite-de-leau-en-tant-que-pont-dans-les-hautes-andes-equatoriennes\/\"><\/a>\n          <div class=\"post-box_content\">\n            <div class=\"post-box_group\">\n              <div class=\"content-label\">R\u00e9flexions sur le terrain<\/div>\n              <a href=\"https:\/\/landscapesfuture.org\/fr\/la-securite-de-leau-en-tant-que-pont-dans-les-hautes-andes-equatoriennes\/\">\n                <h2 class=\"content-title\">La s\u00e9curit\u00e9 de l&rsquo;eau en tant que pont dans les hautes Andes \u00e9quatoriennes<\/h2>\n              <\/a>\n            <\/div>\n            <div class=\"content-date\">30\/01\/2026<\/div>\n          <\/div>\n        <\/div>\n                                                    <\/div>\n                                        <\/div>\n                                        <div class=\"col-lg-6 parent_eh p-lg-0 small-news mb-sm-3 mb-lg-0\">\n                                            <div class=\"post-box-event no-thumb d-flex align-items-stretch\">\n                                                        <div class=\"post-box \">\n          <a href=\"https:\/\/landscapesfuture.org\/fr\/newsletter-12-feb-2026\/\"><\/a>\n          <div class=\"post-box_content\">\n            <div class=\"post-box_group\">\n              <div class=\"content-label\">Nouvelles<\/div>\n              <a href=\"https:\/\/landscapesfuture.org\/fr\/newsletter-12-feb-2026\/\">\n                <h2 class=\"content-title\">Newsletter #12 | Feb 2026<\/h2>\n              <\/a>\n            <\/div>\n            <div class=\"content-date\">11\/02\/2026<\/div>\n          <\/div>\n        <\/div>\n                                                    <\/div>\n                                        <\/div>\n                                        <div class=\"col-lg-6 parent_eh p-lg-0 small-news mb-sm-3 mb-lg-0\">\n                                            <div class=\"post-box-event no-thumb d-flex align-items-stretch\">\n                                                        <div class=\"post-box \">\n          <a href=\"https:\/\/landscapesfuture.org\/fr\/landscapes-in-practice\/\"><\/a>\n          <div class=\"post-box_content\">\n            <div class=\"post-box_group\">\n              <div class=\"content-label\">Publications<\/div>\n              <a href=\"https:\/\/landscapesfuture.org\/fr\/landscapes-in-practice\/\">\n                <h2 class=\"content-title\">Paysages en pratique : Nos guides pour les champions du paysage<\/h2>\n              <\/a>\n            <\/div>\n            <div class=\"content-date\">26\/04\/2024<\/div>\n          <\/div>\n        <\/div>\n                                                    <\/div>\n                                        <\/div>\n                                    <\/div>\n                                <\/div>\n                            <\/div>\n                        <\/div>\n                    <\/div>\n        <\/div><\/div>\n        <div class=\"clearfix\" style=\"clear:both;display:block;width: 100%;float: none;height: 0px;\"><\/div>\n    <\/div>\n<\/div>\n\n\n<!-- end block -->\n\n<style>\n    #block-upcoming.section-bg::before\n            {\n            background-image:url(\"\");\n            }#block-upcoming > .row:nth-child(2).mt-5 {\n  margin-top: 0px !important;\n}    .post-item_text{\n         \n        display: flex;\n        flex-direction: column;\n        flex-wrap: nowrap;\n        height: calc(100% - 250px);\n        overflow: hidden;\n        justify-content: space-between;\n\n    }\n<\/style>\n\n<div id=\"block-upcoming\" class=\" wpe-block\">\n    <div class=\"row\">\n    <div class=\"col-md-12\">\n        <div class=\"wpe-block-header\">\n            <div class=\"wpe-block-title\">\n                                <h2>\u00c9v\u00e9nements en vedette<\/h2>            <\/div>\n                    <\/div>\n    <\/div>\n<\/div>\n\n                    \n                        <div class=\"row mt-5\">\n                            <div class=\"col-lg-6 col-xl-6 col-12 parent_eh \">\n                                <div class=\"post-item bg-white -featured-event\">\n        <div class=\"post-item_thumb\">\n                <a href=\"https:\/\/landscapesfuture.org\/fr\/event\/cbfp\/\">\n            <img decoding=\"async\" src=\"https:\/\/landscapesfuture.org\/wp-content\/uploads\/2024\/05\/Screenshot-2024-05-31-at-08.53.12.png\" alt=\" Screenshot 2024-05-31 at 08.53.12\">\n        <\/a>\n    <\/div>\n        <div class=\"post-item_text\">\n        <div class=\"text-group\">\n            <div class=\"post-item_date text-uppercase\">03 Jun 2024<\/div>            <a href=\"https:\/\/landscapesfuture.org\/fr\/event\/cbfp\/\">\n                <h1>La gestion int\u00e9gr\u00e9e du paysage en pratique : L&rsquo;exp\u00e9rience du bassin du Congo<\/h1>\n            <\/a>\n                            <div class=\"post-item_excerpt\">\n                    <p>La 20e r\u00e9union des parties au Partenariat pour les for\u00eats du bassin du Congo (PFBC) aura lieu du 3 au 5 juin 2024 \u00e0 Kinshasa, en RDC. Nous y serons pour discuter de la gestion int\u00e9gr\u00e9e des paysages comme solution dans le Bassin du Congo, et pour lancer une nouvelle s\u00e9rie de guides pour les praticiens. N&rsquo;h\u00e9sitez pas \u00e0 nous rejoindre.<\/p>\n                <\/div>\n                            <div class=\"post-location\">Salon Kasai, Kinshasa, en RDC<\/div>\n        <\/div>\n        <div class=\"post-item_footer\">\n                <div class=\"post-share\"><a href=\"https:\/\/landscapesfuture.org\/fr\/event\/cbfp\/\">READ MORE<\/a><\/div>\n                <!--<div class=\"post-calendar\"><a href=\"#\">ADD TO CALENDAR<\/a><\/div>-->\n        <\/div>\n    <\/div>\n<\/div>                            <\/div>\n                            <div class=\"col-lg-6 col-xl-6 col-12 parent_eh \">\n                                <div class=\"post-item bg-white -featured-event\">\n        <div class=\"post-item_thumb\">\n                <a href=\"https:\/\/landscapesfuture.org\/fr\/event\/lff-summit\/\">\n            <img decoding=\"async\" src=\"https:\/\/landscapesfuture.org\/wp-content\/uploads\/2023\/04\/Summit-event-cover-alt.png\" alt=\" Summit event cover alt\">\n        <\/a>\n    <\/div>\n        <div class=\"post-item_text\">\n        <div class=\"text-group\">\n            <div class=\"post-item_date text-uppercase\">16 &#8211; 20 Oct 2023<\/div>            <a href=\"https:\/\/landscapesfuture.org\/fr\/event\/lff-summit\/\">\n                <h1>Global Summit and Knowledge Exchange<\/h1>\n            <\/a>\n                            <div class=\"post-item_excerpt\">\n                    <p>The one week event gathered project teams from each region to share lessons learned, focus on key capacity gaps and shine light on innovative solutions found across the programme. The event was attended by global experts on a variety of topics and was filled with engaging and focused capacity development workshops to enable our programme teams to better orient their programing for more polycentric governance, participation and equity. <\/p>\n                <\/div>\n                            <div class=\"post-location\">Nairobi, Kenya<\/div>\n        <\/div>\n        <div class=\"post-item_footer\">\n                <div class=\"post-share\"><a href=\"https:\/\/landscapesfuture.org\/fr\/event\/lff-summit\/\">READ MORE<\/a><\/div>\n                <!--<div class=\"post-calendar\"><a href=\"#\">ADD TO CALENDAR<\/a><\/div>-->\n        <\/div>\n    <\/div>\n<\/div>                            <\/div>\n                        <\/div>\n                        \n\n    <\/div>\n\n\n<div class=\"wp-block-columns pt-5 pb-5 is-layout-flex wp-container-core-columns-is-layout-9d6595d7 wp-block-columns-is-layout-flex\">\n<div class=\"wp-block-column is-layout-flow wp-block-column-is-layout-flow\" style=\"flex-basis:66.66%\">\n<p>Aujourd&rsquo;hui, des secteurs tels que l&rsquo;agriculture et la foresterie sont l&rsquo;un des principaux moteurs des \u00e9missions et de la d\u00e9gradation des gaz \u00e0 effet de serre dans le monde. Pour r\u00e9pondre aux besoins de populations croissantes, ces secteurs doivent faire face \u00e0 une concurrence accrue pour les terres et les ressources. \u00ab Des paysages pour notre avenir \u00bb vise \u00e0 apporter des solutions innovantes \u00e0 ces d\u00e9fis en soutenant 22 projets de gestion int\u00e9gr\u00e9e du paysage (GIP) dans 19 pays et 3 sous-r\u00e9gions du Sud.<\/p>\n\n\n\n<p>Les approches GIP adopt\u00e9es par ces 22 projets s&rsquo;av\u00e8rent tr\u00e8s prometteuses pour aider \u00e0 g\u00e9rer les utilisations concurrentes des terres et \u00e0 concilier des politiques publiques fragment\u00e9es. La GIP fait partie int\u00e9grante des programmes ambitieux de l&rsquo;Union europ\u00e9enne (UE) pour la biodiversit\u00e9 et les syst\u00e8mes alimentaires apr\u00e8s 2020 et de son engagement envers l&rsquo;Accord de Paris et les objectifs de d\u00e9veloppement durable, contribuant \u00e0 soutenir une reprise verte inclusive conform\u00e9ment au Green Deal de l&rsquo;UE. L&rsquo;adoption des approches GIP garantit que les int\u00e9r\u00eats de tous ceux qui utilisent la terre, des agriculteurs aux \u00e9leveurs en passant par les animaux, les touristes et les d\u00e9fenseurs de l&rsquo;environnement, sont express\u00e9ment pris en compte. Chaque groupe b\u00e9n\u00e9ficie de la terre et de ses ressources de mani\u00e8re unique, mais leurs besoins doivent \u00eatre align\u00e9s et coordonn\u00e9s de la communaut\u00e9 au niveau national. En facilitant le dialogue, la planification et la mise en \u0153uvre \u00e0 travers les secteurs, les \u00e9chelles et les parties prenantes, les approches GIP contribuent \u00e0 une gestion plus efficace des conflits socio-environnementaux qui menacent la r\u00e9silience des \u00e9cosyst\u00e8mes et des peuples vuln\u00e9rables.<\/p>\n\n\n\n<p>\u00ab Des paysages pour notre avenir \u00bb aidera jusqu&rsquo;en 2025 \u00e0 concevoir et \u00e0 mettre en \u0153uvre des solutions durables aux d\u00e9fis d&rsquo;utilisation des terres sp\u00e9cifiques au contexte dans chacun des pays soutenus, en se concentrant sp\u00e9cifiquement sur trois domaines th\u00e9matiques : (1) la s\u00e9curit\u00e9 alimentaire et nutritionnelle, la cr\u00e9ation d&#8217;emplois et la r\u00e9silience et agriculture durable; (2) l&rsquo;att\u00e9nuation et l&rsquo;adaptation au changement climatique ; et (3) la conservation, la restauration et l&rsquo;utilisation durable de la biodiversit\u00e9, des terres et des \u00e9cosyst\u00e8mes forestiers.<\/p>\n\n\n\n<a href=\"https:\/\/landscapesfuture.org\/fr\/about\/\" class=\"btn btn-outline-dark\">Apprendre encore plus<\/a>\n<\/div>\n\n\n\n<div class=\"wp-block-column is-layout-flow wp-block-column-is-layout-flow\" style=\"flex-basis:33.33%\">\n<div class=\"box-flyer\">\n<div class=\"flyer-thumb\">\n<img decoding=\"async\" src=\"http:\/\/landscapesfuture.org\/wp-content\/uploads\/2021\/11\/landscapes-for-our-future-thumb.jpg\" style=\"width:100%;height: auto\"><\/div>\n<h4>T\u00e9l\u00e9charger le d\u00e9pliant<\/h4>\n<ul class=\"list-pdf\"><li><a href=\"http:\/\/landscapesfuture.org\/wp-content\/uploads\/flyers\/Flyer%20-%20Landscapes%20For%20Our%20Future%20(EU)-v8.pdf\" target=\"_blank\" rel=\"noopener\">Anglais \u2013 706 Ko<\/a><\/li>\n    <li><a href=\"http:\/\/landscapesfuture.org\/wp-content\/uploads\/flyers\/Flyer%20-%20Des%20paysages%20pour%20notre%20avenir%20(UE)_French_v5.pdf\" target=\"_blank\" rel=\"noopener\"><i class=\"bi bi-file-pdf\"><\/i> Fran\u00e7ais \u2013 683 Ko<\/a><\/li>\n    <li><a href=\"http:\/\/landscapesfuture.org\/wp-content\/uploads\/flyers\/292%20Flyer%20-%20Paisagens%20Para%20o%20Nosso%20Futuro%20(UE)_Portuguese_v4.pdf\" target=\"_blank\" rel=\"noopener\"><i class=\"bi bi-file-pdf\"><\/i> Portugais \u2013 664 Ko<\/a><\/li>\n    <li><a href=\"http:\/\/landscapesfuture.org\/wp-content\/uploads\/flyers\/Flyer%20-%20Paisajes%20para%20Nuestro%20Futuro%20(UE)_v6.pdf\" target=\"_blank\" rel=\"noopener\"><i class=\"bi bi-file-pdf\"><\/i> Espagnol \u2013 661 Ko<\/a><\/li>\n<\/ul><\/div>\n<\/div>\n<\/div>\n\n\n\n<div class=\"wp-block-group section-bg wpe-mapbg2 pt-5 pb-5\"><div class=\"wp-block-group__inner-container is-layout-flow wp-block-group-is-layout-flow\">\n<div class=\"wp-block-columns is-layout-flex wp-container-core-columns-is-layout-9d6595d7 wp-block-columns-is-layout-flex\">\n<div class=\"wp-block-column is-layout-flow wp-block-column-is-layout-flow\" style=\"flex-basis:70%\">\n<h2 class=\"wp-block-heading text-light\">O\u00f9 nous travaillons<\/h2>\n\n\n\n<h3 class=\"wp-block-heading text-light\">Pays\/projets sous-r\u00e9gionaux<\/h3>\n\n\n\n<p class=\"text-light\">Le projet \u00ab\u00a0Paysages pour notre avenir\u00a0\u00bb apporte son soutien \u00e0 22 la gestion int\u00e9gr\u00e9e des paysages (GIP) dans 19 pays et 3 sous-r\u00e9gions du Sud.<\/p>\n<\/div>\n\n\n\n<div class=\"wp-block-column is-layout-flow wp-block-column-is-layout-flow\" style=\"flex-basis:30%\"><\/div>\n<\/div>\n\n\n\n<div class=\"wp-block-columns is-layout-flex wp-container-core-columns-is-layout-9d6595d7 wp-block-columns-is-layout-flex\">\n<div class=\"wp-block-column is-layout-flow wp-block-column-is-layout-flow\">\n<img decoding=\"async\" class=\"aligncenter size-full wp-image-893\" src=\"https:\/\/landscapesfuture.org\/wp-content\/uploads\/2022\/08\/map_of_initiatives_04.png\" style=\"width:100%;height:auto\">\n<\/div>\n<\/div>\n<\/div><\/div>\n","protected":false},"excerpt":{"rendered":"<p>Aujourd&rsquo;hui, des secteurs tels que l&rsquo;agriculture et la foresterie sont l&rsquo;un des principaux moteurs des \u00e9missions et de la d\u00e9gradation des gaz \u00e0 effet de serre dans le monde. Pour r\u00e9pondre aux besoins de populations croissantes, ces secteurs doivent faire face \u00e0 une concurrence accrue pour les terres et les ressources. \u00ab Des paysages pour [&hellip;]<\/p>\n","protected":false},"author":1,"featured_media":9130,"parent":0,"menu_order":0,"comment_status":"closed","ping_status":"closed","template":"templates\/template-page-gutenberg.php","meta":{"inline_featured_image":false,"footnotes":"","_links_to":"","_links_to_target":""},"class_list":["post-5581","page","type-page","status-publish","has-post-thumbnail","hentry"],"_links":{"self":[{"href":"https:\/\/landscapesfuture.org\/fr\/wp-json\/wp\/v2\/pages\/5581","targetHints":{"allow":["GET"]}}],"collection":[{"href":"https:\/\/landscapesfuture.org\/fr\/wp-json\/wp\/v2\/pages"}],"about":[{"href":"https:\/\/landscapesfuture.org\/fr\/wp-json\/wp\/v2\/types\/page"}],"author":[{"embeddable":true,"href":"https:\/\/landscapesfuture.org\/fr\/wp-json\/wp\/v2\/users\/1"}],"replies":[{"embeddable":true,"href":"https:\/\/landscapesfuture.org\/fr\/wp-json\/wp\/v2\/comments?post=5581"}],"version-history":[{"count":4,"href":"https:\/\/landscapesfuture.org\/fr\/wp-json\/wp\/v2\/pages\/5581\/revisions"}],"predecessor-version":[{"id":14852,"href":"https:\/\/landscapesfuture.org\/fr\/wp-json\/wp\/v2\/pages\/5581\/revisions\/14852"}],"wp:featuredmedia":[{"embeddable":true,"href":"https:\/\/landscapesfuture.org\/fr\/wp-json\/wp\/v2\/media\/9130"}],"wp:attachment":[{"href":"https:\/\/landscapesfuture.org\/fr\/wp-json\/wp\/v2\/media?parent=5581"}],"curies":[{"name":"wp","href":"https:\/\/api.w.org\/{rel}","templated":true}]}}