{"id":5464,"date":"2021-11-19T03:50:46","date_gmt":"2021-11-18T20:50:46","guid":{"rendered":"https:\/\/landscapesfuture.org\/about\/quest-ce-que-les-approches-paysageres\/"},"modified":"2022-11-11T17:15:32","modified_gmt":"2022-11-11T10:15:32","slug":"quest-ce-que-les-approches-paysageres","status":"publish","type":"page","link":"https:\/\/landscapesfuture.org\/fr\/about\/quest-ce-que-les-approches-paysageres\/","title":{"rendered":"Qu&rsquo;est-ce que les approches paysag\u00e8res ?"},"content":{"rendered":"<style>\n@media only screen and (max-width: 960px) {\n   #hero-page{\n    background-image:url(\"https:\/\/landscapesfuture.org\/wp-content\/uploads\/2022\/11\/MicrosoftTeams-image-6.jpg\");\n    background-position-y: bottom;\n    background-position-x: center;\n  }\n}\n\n#hero-page::after {\n    position: absolute;\n    content: ' ';\n    z-index: 0;\n    height: 100%;\n    width: 100%;\n    background-color: rgb(0,0,0,0.4);\n    top: 0;\n    left: 0;\n}\n#hero-page.section-bg::before{\nbackground-position-y: -385px;\n}\n\n.page #header #menu a {\n    color: #fff;\n}\n\n.page #header #menu .sub-menu li a{\n  color:#333;\n}\n\n.page #header #menu .sub-menu li a:hover{\n color:#FFFFFF;\n}\n\n.home.page-id-429 #wrapper, .page.page-id-429 #wrapper {\n    margin-top: 82px;\n}\n.home.page-id-429 #header, .page.page-id-429 #header {\n    background-color: #2E3546;\n    border: 0px;\n}\n\n.home.page-id-429 #header.darkHeader #menu a, \n.page.page-id-429 #header.darkHeader #menu a{\n   color:#252122;\n}\n\n.home.page-id-429  #header.darkHeader, .page.page-id-429  #header.darkHeader {\n    background-color: #FFFFFF;\n    border-bottom: 1px solid #ddd;\n}<\/style>\n<!-- section hero -->\n<!-- close div before -->\n        <\/div>\n    <\/article>\n<\/div>\n\n<div id=\"hero-page\" class=\" block-hero-page flex-vcenter section-bg\">\n    <div class=\"block-hero-page_bg\">\n        <img decoding=\"async\" src=\"https:\/\/landscapesfuture.org\/wp-content\/uploads\/2022\/11\/MicrosoftTeams-image-6.jpg\">\n    <\/div>\n    <div class=\"block-hero-page_overlay\"><\/div>\n    <div class=\"block-hero-page_content\">\n        <div class=\"container\">\n\n            <div class=\"hero-page\">\n                <div class=\"hero-page_title text-light\">\n                    <h1>Que sont les approches paysag\u00e8res ?<\/h1>\n                    <!--<p><\/p>-->\n                                    <\/div>\n            <\/div>\n        <\/div>\n    <\/div>\n<\/div>\n\n<div class=\"container\">\n    <div class=\"row\">\n        <div class=\"col-12\">\n            <div class=\"breadcrumbs\" itemscope itemtype=\"http:\/\/schema.org\/BreadcrumbList\"><span itemprop=\"itemListElement\" itemscope itemtype=\"http:\/\/schema.org\/ListItem\"><a class=\"breadcrumbs__link\" href=\"https:\/\/landscapesfuture.org\/fr\/\" itemprop=\"item\"><span itemprop=\"name\">Accueil<\/span><\/a><meta itemprop=\"position\" content=\"1\" \/><\/span><\/div><!-- .breadcrumbs -->        <\/div>\n    <\/div>\n<\/div>\n\n<div class=\"container\">\n    <article id=\"post-5464\" class=\"post-5464 page type-page status-publish hentry\">\n        <div class=\"entry-content\">\n\n\n<h1 class=\"wp-block-heading\">L&rsquo;approche paysag\u00e8re<\/h1>\n\n\n\n<p>Le concept de gestion int\u00e9gr\u00e9e du paysage (GIP) a pris de l&rsquo;importance dans l&rsquo;agenda mondial du d\u00e9veloppement ces derni\u00e8res ann\u00e9es. Bien qu&rsquo;interpr\u00e9t\u00e9es de diff\u00e9rentes mani\u00e8res, il existe un large consensus sur le fait que les approches int\u00e9gr\u00e9es sont essentielles pour relever le triple d\u00e9fi consistant \u00e0 maintenir une population humaine croissante, \u00e0 pr\u00e9venir la perte de biodiversit\u00e9 et \u00e0 att\u00e9nuer et s&rsquo;adapter au changement climatique.<\/p>\n\n\n\n<blockquote class=\"wp-block-quote is-layout-flow wp-block-quote-is-layout-flow\"><p>Les approches paysag\u00e8res reconnaissent les interconnexions entre les personnes et la nature dans des endroits o\u00f9 les utilisations productives des terres &#8211; telles que l&rsquo;agriculture, l&rsquo;\u00e9levage et l&rsquo;exploitation mini\u00e8re &#8211; sont en concurrence avec les objectifs environnementaux et de biodiversit\u00e9.<\/p><\/blockquote>\n\n\n\n<p>Ces approches syst\u00e9miques visent \u00e0 am\u00e9liorer l&rsquo;attribution et la gestion des terres pour atteindre simultan\u00e9ment des objectifs sociaux, \u00e9conomiques et environnementaux, tout en pr\u00e9servant les \u00e9cosyst\u00e8mes pr\u00e9cieux et les services essentiels qu&rsquo;ils fournissent.<\/p>\n\n\n\n<p><strong>L&rsquo;application de telles approches<\/strong> exige une compr\u00e9hension approfondie de la multifonctionnalit\u00e9 des \u00e9cosyst\u00e8mes et des syst\u00e8mes de production et des r\u00f4les jou\u00e9s par tous les acteurs, ainsi que des synergies et des compromis potentiels entre les diff\u00e9rents secteurs, utilisations des terres et institutions. Cette sensibilit\u00e9 aux conditions locales est ce qui rend chaque projet GIP unique puisque les approches et les solutions sont n\u00e9cessairement adapt\u00e9es aux d\u00e9fis, besoins et int\u00e9r\u00eats sp\u00e9cifiques au paysage.<\/p>\n\n\n\n<p><strong>Veiller \u00e0 ce que les besoins et les int\u00e9r\u00eats de toutes les parties prenantes soient pleinement pris<\/strong> en compte dans les initiatives GIP exige des processus de planification et des structures de gouvernance participatifs et multipartites. Cela contribue \u00e0 autonomiser les groupes marginalis\u00e9s qui sont trop souvent \u00e9loign\u00e9s des processus de prise de d\u00e9cision, tout en garantissant que les solutions paysag\u00e8res correspondent pleinement aux pratiques, normes et connaissances locales.<\/p>\n\n\n\n<p>M\u00eame si dans chaque paysage les approches GIP sont interpr\u00e9t\u00e9es et appliqu\u00e9es diff\u00e9remment, la plupart sont fond\u00e9es sur un ensemble commun de principes directeurs. Les <a href=\"https:\/\/www.pnas.org\/doi\/10.1073\/pnas.1210595110\">10 principes propos\u00e9s par Jeffrey Sayer et ses coll\u00e8gues en 2013<\/a> servent souvent d&rsquo;inspiration pour les projets GIP. Ces principes concernent entre autres les processus multipartites, la multifonctionnalit\u00e9, la participation, la gestion adaptative et les points d&rsquo;entr\u00e9e des pr\u00e9occupations communes.<\/p>\n\n\n\n<p><em>Voir \u00e9galement<\/em><\/p>\n\n\n\n<ul class=\"wp-block-list\"><li><a href=\"https:\/\/news.globallandscapesforum.org\/37802\/a-brief-explainer-of-the-landscape-approach\/\" target=\"_blank\" rel=\"noreferrer noopener\">Un bref explicatif de l&rsquo;approche paysag\u00e8re<\/a><\/li><li><a href=\"https:\/\/www.cifor.org\/knowledge\/publication\/7800\/\" target=\"_blank\" rel=\"noreferrer noopener\">Op\u00e9rationnalisation des approches paysag\u00e8res int\u00e9gr\u00e9es dans les tropiques<\/a> <\/li><li><a href=\"https:\/\/www.cifor.org\/knowledge\/publication\/6767\" target=\"_blank\" rel=\"noreferrer noopener\">Le petit livre des paysages durables : Atteindre le d\u00e9veloppement durable gr\u00e2ce \u00e0 une gestion int\u00e9gr\u00e9e des paysages<\/a><\/li><\/ul>\n\n\n\n<h1 class=\"wp-block-heading\"><a>Caract\u00e9ristiques de la Gestion Int\u00e9gr\u00e9e du Paysage (GIP)<\/a><\/h1>\n\n\n\n<p><strong>Notre exp\u00e9rience sugg\u00e8re que la GIP est un <em>processus<\/em> de gestion des demandes concurrentes sur les terres gr\u00e2ce \u00e0 la mise en \u0153uvre de syst\u00e8mes de gestion adaptatifs et int\u00e9gr\u00e9s.<\/strong><\/p>\n\n\n\n<p>Lorsqu&rsquo;elle est associ\u00e9e \u00e0 des interventions techniques bien planifi\u00e9es et ex\u00e9cut\u00e9es (telles que l&rsquo;arboriculture, l&rsquo;agriculture durable, etc.), la GIP permet de g\u00e9rer la multifonctionnalit\u00e9 du paysage et de capter et de distribuer ses avantages (pour la soci\u00e9t\u00e9 et l&rsquo;environnement).<\/p>\n\n\n\n<p>Nous voyons six \u00e9l\u00e9ments critiques dans le processus GIP :<\/p>\n\n\n\n<figure class=\"wp-block-image\"><img loading=\"lazy\" decoding=\"async\" width=\"120\" height=\"120\" src=\"https:\/\/landscapesfuture.org\/wp-content\/uploads\/2022\/06\/LFF-icon-stakeholder-id-120px.png\" alt=\"\" class=\"wp-image-3557\"\/><\/figure>\n\n\n\n<p><strong>Identification des parties prenantes<\/strong><\/p>\n\n\n\n<p>L&rsquo;identification des parties prenantes et une \u00e9valuation des relations entre elles est une condition pr\u00e9alable essentielle \u00e0 la formation de forums multipartites. Identification via la cartographie des parties prenantes, ou Net-Mapping.<\/p>\n\n\n\n<figure class=\"wp-block-image\"><img loading=\"lazy\" decoding=\"async\" width=\"120\" height=\"120\" src=\"https:\/\/landscapesfuture.org\/wp-content\/uploads\/2022\/06\/LFF-icon-multistakeholder-fora-120px.png\" alt=\"\" class=\"wp-image-3556\"\/><\/figure>\n\n\n\n<p><strong>Forums multipartites<\/strong><\/p>\n\n\n\n<p>Des espaces \u00ab s\u00fbrs \u00bb dans lesquels les parties prenantes ayant des int\u00e9r\u00eats diff\u00e9rents peuvent se r\u00e9unir, d\u00e9lib\u00e9rer, n\u00e9gocier, apprendre et planifier. Ces espaces doivent \u00eatre tr\u00e8s attentifs \u00e0 la dynamique du pouvoir. Les comp\u00e9tences importantes requises ici comprennent la facilitation, la m\u00e9diation, la n\u00e9gociation et le leadership.<\/p>\n\n\n\n<figure class=\"wp-block-image\"><img loading=\"lazy\" decoding=\"async\" width=\"120\" height=\"120\" src=\"https:\/\/landscapesfuture.org\/wp-content\/uploads\/2022\/06\/LFF-icon-common-vision-120px.png\" alt=\"\" class=\"wp-image-3553\"\/><\/figure>\n\n\n\n<p><strong>Vision<\/strong> <strong>commune<\/strong><\/p>\n\n\n\n<p>Un \u00e9tat futur (d&rsquo;un paysage) co-cr\u00e9\u00e9 et co-d\u00e9sir\u00e9, r\u00e9alisable uniquement gr\u00e2ce \u00e0 la coop\u00e9ration des parties prenantes. Fournit une destination derri\u00e8re laquelle les personnes et les initiatives peuvent s&rsquo;aligner. Une vision peut fournir de fortes incitations \u00e0 l&rsquo;adh\u00e9sion, \u00e0 l&rsquo;inclusivit\u00e9, une base pour l&rsquo;action collective et une base de r\u00e9f\u00e9rence par rapport \u00e0 laquelle les compromis peuvent \u00eatre \u00e9valu\u00e9s et les pr\u00e9occupations communes identifi\u00e9es <strong>.<\/strong><\/p>\n\n\n\n<figure class=\"wp-block-image\"><img loading=\"lazy\" decoding=\"async\" width=\"120\" height=\"120\" src=\"https:\/\/landscapesfuture.org\/wp-content\/uploads\/2022\/06\/LFF-icon-institutionalisation-120px.png\" alt=\"\" class=\"wp-image-3554\"\/><\/figure>\n\n\n\n<p><strong>Institutionnalisation<\/strong><\/p>\n\n\n\n<p>Les forums ou processus GIP sont identifi\u00e9s comme une forme d&rsquo;entit\u00e9, d\u00e9rivant un financement durable, et avec le personnel associ\u00e9 ; les institutions deviennent une source d&rsquo;identit\u00e9 pour leurs participants. L&rsquo;institution est int\u00e9gr\u00e9e ou \u00ab imbriqu\u00e9e \u00bb dans un syst\u00e8me et\/ou une organisation plus large.<\/p>\n\n\n\n<figure class=\"wp-block-image\"><img loading=\"lazy\" decoding=\"async\" width=\"120\" height=\"120\" src=\"https:\/\/landscapesfuture.org\/wp-content\/uploads\/2022\/06\/LFF-icon-iterative-management-120px.png\" alt=\"\" class=\"wp-image-3555\"\/><\/figure>\n\n\n\n<p><strong>Gestion it\u00e9rative et adaptative<\/strong><\/p>\n\n\n\n<p>Boucles de r\u00e9troaction claires et capacit\u00e9s d&rsquo;apprentissage int\u00e9gr\u00e9es dans la conception institutionnelle et des processus. La flexibilit\u00e9 institutionnelle et l&rsquo;agilit\u00e9 influencent les op\u00e9rations quotidiennes et la prise de d\u00e9cision. Le suivi et l&rsquo;\u00e9valuation appuient l&rsquo;autor\u00e9flexion, tout comme les preuves fond\u00e9es sur la recherche, et contribuent \u00e0 la planification future.<\/p>\n\n\n\n<figure class=\"wp-block-image\"><img loading=\"lazy\" decoding=\"async\" width=\"120\" height=\"120\" src=\"https:\/\/landscapesfuture.org\/wp-content\/uploads\/2022\/06\/LFF-icon-tech-solutions-120px.png\" alt=\"\" class=\"wp-image-3558\"\/><\/figure>\n\n\n\n<p><strong>Solutions et outils techniques<\/strong><\/p>\n\n\n\n<p>Outils, capacit\u00e9s techniques ; renforcement des capacit\u00e9s pour la gestion de la plateforme des parties prenantes ; support technique externe, contribution et d\u00e9lib\u00e9ration.<\/p>\n","protected":false},"excerpt":{"rendered":"<p>L&rsquo;approche paysag\u00e8re Le concept de gestion int\u00e9gr\u00e9e du paysage (GIP) a pris de l&rsquo;importance dans l&rsquo;agenda mondial du d\u00e9veloppement ces derni\u00e8res ann\u00e9es. Bien qu&rsquo;interpr\u00e9t\u00e9es de diff\u00e9rentes mani\u00e8res, il existe un large consensus sur le fait que les approches int\u00e9gr\u00e9es sont essentielles pour relever le triple d\u00e9fi consistant \u00e0 maintenir une population humaine croissante, \u00e0 pr\u00e9venir [&hellip;]<\/p>\n","protected":false},"author":1,"featured_media":0,"parent":5428,"menu_order":0,"comment_status":"closed","ping_status":"closed","template":"templates\/template-page-gutenberg.php","meta":{"inline_featured_image":false,"footnotes":"","_links_to":"","_links_to_target":""},"class_list":["post-5464","page","type-page","status-publish","hentry"],"_links":{"self":[{"href":"https:\/\/landscapesfuture.org\/fr\/wp-json\/wp\/v2\/pages\/5464","targetHints":{"allow":["GET"]}}],"collection":[{"href":"https:\/\/landscapesfuture.org\/fr\/wp-json\/wp\/v2\/pages"}],"about":[{"href":"https:\/\/landscapesfuture.org\/fr\/wp-json\/wp\/v2\/types\/page"}],"author":[{"embeddable":true,"href":"https:\/\/landscapesfuture.org\/fr\/wp-json\/wp\/v2\/users\/1"}],"replies":[{"embeddable":true,"href":"https:\/\/landscapesfuture.org\/fr\/wp-json\/wp\/v2\/comments?post=5464"}],"version-history":[{"count":5,"href":"https:\/\/landscapesfuture.org\/fr\/wp-json\/wp\/v2\/pages\/5464\/revisions"}],"predecessor-version":[{"id":7190,"href":"https:\/\/landscapesfuture.org\/fr\/wp-json\/wp\/v2\/pages\/5464\/revisions\/7190"}],"up":[{"embeddable":true,"href":"https:\/\/landscapesfuture.org\/fr\/wp-json\/wp\/v2\/pages\/5428"}],"wp:attachment":[{"href":"https:\/\/landscapesfuture.org\/fr\/wp-json\/wp\/v2\/media?parent=5464"}],"curies":[{"name":"wp","href":"https:\/\/api.w.org\/{rel}","templated":true}]}}