{"id":5428,"date":"2021-06-15T23:27:37","date_gmt":"2021-06-15T16:27:37","guid":{"rendered":"https:\/\/landscapesfuture.org\/?page_id=5428"},"modified":"2022-11-11T17:14:31","modified_gmt":"2022-11-11T10:14:31","slug":"about","status":"publish","type":"page","link":"https:\/\/landscapesfuture.org\/fr\/about\/","title":{"rendered":"\u00c0 propos de"},"content":{"rendered":"<style>\n@media only screen and (max-width: 960px) {\n   #hero-page{\n    background-image:url(\"https:\/\/landscapesfuture.org\/wp-content\/uploads\/2022\/11\/MicrosoftTeams-image-7.jpg\");\n    background-position-y: bottom;\n    background-position-x: center;\n  }\n}\n\n#hero-page::after {\n    position: absolute;\n    content: ' ';\n    z-index: 0;\n    height: 100%;\n    width: 100%;\n    background-color: rgb(0,0,0,0.4);\n    top: 0;\n    left: 0;\n}\n#hero-page.section-bg::before{\nbackground-position-y: -385px;\n}\n\n.page #header #menu a {\n    color: #fff;\n}\n\n.page #header #menu .sub-menu li a{\n  color:#333;\n}\n\n.page #header #menu .sub-menu li a:hover{\n color:#FFFFFF;\n}\n\n.home.page-id-429 #wrapper, .page.page-id-429 #wrapper {\n    margin-top: 82px;\n}\n.home.page-id-429 #header, .page.page-id-429 #header {\n    background-color: #2E3546;\n    border: 0px;\n}\n\n.home.page-id-429 #header.darkHeader #menu a, \n.page.page-id-429 #header.darkHeader #menu a{\n   color:#252122;\n}\n\n.home.page-id-429  #header.darkHeader, .page.page-id-429  #header.darkHeader {\n    background-color: #FFFFFF;\n    border-bottom: 1px solid #ddd;\n}<\/style>\n<!-- section hero -->\n<!-- close div before -->\n        <\/div>\n    <\/article>\n<\/div>\n\n<div id=\"hero-page\" class=\" block-hero-page flex-vcenter section-bg\">\n    <div class=\"block-hero-page_bg\">\n        <img decoding=\"async\" src=\"https:\/\/landscapesfuture.org\/wp-content\/uploads\/2022\/11\/MicrosoftTeams-image-7.jpg\">\n    <\/div>\n    <div class=\"block-hero-page_overlay\"><\/div>\n    <div class=\"block-hero-page_content\">\n        <div class=\"container\">\n\n            <div class=\"hero-page\">\n                <div class=\"hero-page_title text-light\">\n                    <h1>\u00c0 propos de<\/h1>\n                    <!--<p><\/p>-->\n                                    <\/div>\n            <\/div>\n        <\/div>\n    <\/div>\n<\/div>\n\n<div class=\"container\">\n    <div class=\"row\">\n        <div class=\"col-12\">\n            <div class=\"breadcrumbs\" itemscope itemtype=\"http:\/\/schema.org\/BreadcrumbList\"><span itemprop=\"itemListElement\" itemscope itemtype=\"http:\/\/schema.org\/ListItem\"><a class=\"breadcrumbs__link\" href=\"https:\/\/landscapesfuture.org\/fr\/\" itemprop=\"item\"><span itemprop=\"name\">Accueil<\/span><\/a><meta itemprop=\"position\" content=\"1\" \/><\/span><\/div><!-- .breadcrumbs -->        <\/div>\n    <\/div>\n<\/div>\n\n<div class=\"container\">\n    <article id=\"post-5428\" class=\"post-5428 page type-page status-publish hentry\">\n        <div class=\"entry-content\">\n\n\n<div class=\"wp-block-columns is-layout-flex wp-container-core-columns-is-layout-9d6595d7 wp-block-columns-is-layout-flex\">\n<div class=\"wp-block-column is-layout-flow wp-block-column-is-layout-flow\" style=\"flex-basis:75%\">\n<h2 class=\"wp-block-heading\">Arri\u00e8re plan<\/h2>\n\n\n\n<p>La terre fournit des services \u00e9cosyst\u00e9miques essentiels \u00e0 la fois aux personnes et \u00e0 la plan\u00e8te. Cependant, la demande croissante de nourriture, de carburant, de fibres et de bois \u00e9tire la capacit\u00e9 des terres \u00e0 r\u00e9pondre aux besoins d&rsquo;une population croissante. Cela entra\u00eene une concurrence pour les terres (ressources), entra\u00eenant la d\u00e9forestation, le changement climatique, les conflits sociaux, les in\u00e9galit\u00e9s et la perte de biodiversit\u00e9. Actuellement, le secteur de l&rsquo;utilisation des terres repr\u00e9sente environ 24 % des \u00e9missions mondiales de gaz \u00e0 effet de serre et a contribu\u00e9 \u00e0 la d\u00e9gradation de plus d&rsquo;un tiers des paysages de la plan\u00e8te. Cela a entra\u00een\u00e9 des milliards de pertes \u00e9conomiques annuelles et une perte de moyens de subsistance pour plus d&rsquo;un milliard de personnes.<\/p>\n\n\n\n<p>La gestion int\u00e9gr\u00e9e du paysage (GIP) est apparue comme une approche prometteuse pour g\u00e9rer les pressions concurrentes de l&rsquo;utilisation des terres et l&rsquo;espace politique fragment\u00e9 dans de nombreux pays. Fond\u00e9e sur les principes de participation, de coop\u00e9ration et d&rsquo;autonomisation des communaut\u00e9s, la GIP offre un cadre convaincant pour relier les pratiques, les institutions et les politiques agricoles \u00e0 d&rsquo;autres activit\u00e9s \u00e0 l&rsquo;\u00e9chelle du paysage.<\/p>\n\n\n\n<h2 class=\"wp-block-heading\">\u00c0 propos du programme<\/h2>\n\n\n\n<p>Le GIP fait partie int\u00e9grante des programmes ambitieux de l&rsquo;Union europ\u00e9enne (UE) pour la biodiversit\u00e9 et les syst\u00e8mes alimentaires apr\u00e8s 2020 et de son engagement envers l&rsquo;Accord de Paris et les objectifs de d\u00e9veloppement durable. Les approches GIP facilitent \u00e9galement une relance verte inclusive conforme au Green Deal de l&rsquo;UE.<\/p>\n\n\n\n<p>En 2019, l&rsquo;UE a lanc\u00e9 le programme quinquennal le programme \u00ab Des paysages pour notre avenir \u00bb, qui soutient d\u00e9sormais 22 projets GIP, couvrant 19 pays et 3 sous-r\u00e9gions du Sud. Offrant des solutions aux d\u00e9fis de l&rsquo;utilisation des terres dans des contextes sp\u00e9cifiques, le programme \u00ab Des paysages pour notre avenir \u00bb fera progresser les objectifs relatifs \u00e0 :<\/p>\n\n\n\n<ol class=\"wp-block-list\"><li>s\u00e9curit\u00e9 alimentaire et nutritionnelle, cr\u00e9ation d&#8217;emplois et agriculture r\u00e9siliente et durable;<\/li><li>l&rsquo;att\u00e9nuation et l&rsquo;adaptation au changement climatique; et<\/li><li>conservation, restauration et utilisation durable de la biodiversit\u00e9 et des \u00e9cosyst\u00e8mes terrestres\/forestiers.<\/li><\/ol>\n\n\n\n<p>Les projets soutenus englobent un large \u00e9ventail de domaines th\u00e9matiques, allant de la conservation de la biodiversit\u00e9 et des paysages \u00e0 l&rsquo;agriculture intelligente face au climat et au d\u00e9veloppement durable de la cha\u00eene de valeur.<\/p>\n<\/div>\n\n\n\n<div class=\"wp-block-column is-layout-flow wp-block-column-is-layout-flow\" style=\"flex-basis:25%\">\n<div class=\"box-flyer\">\n<div class=\"flyer-thumb\">\n<img decoding=\"async\" src=\"http:\/\/landscapesfuture.org\/wp-content\/uploads\/2021\/11\/landscapes-for-our-future-thumb.jpg\"><\/div>\n<h4>T\u00e9l\u00e9charger le d\u00e9pliant<\/h4>\n<ul class=\"list-pdf\"><li><a href=\"http:\/\/landscapesfuture.org\/wp-content\/uploads\/flyers\/Flyer%20-%20Landscapes%20For%20Our%20Future%20(EU)-v8.pdf\" target=\"_blank\" rel=\"noopener\">Anglais \u2013 706 Ko<\/a><\/li>\n    <li><a href=\"http:\/\/landscapesfuture.org\/wp-content\/uploads\/flyers\/Flyer%20-%20Des%20paysages%20pour%20notre%20avenir%20(UE)_French_v5.pdf\" target=\"_blank\" rel=\"noopener\"><i class=\"bi bi-file-pdf\"><\/i> Fran\u00e7ais \u2013 683 Ko<\/a><\/li>\n    <li><a href=\"http:\/\/landscapesfuture.org\/wp-content\/uploads\/flyers\/292%20Flyer%20-%20Paisagens%20Para%20o%20Nosso%20Futuro%20(UE)_Portuguese_v4.pdf\" target=\"_blank\" rel=\"noopener\"><i class=\"bi bi-file-pdf\"><\/i> Portugais \u2013 664 Ko<\/a><\/li>\n    <li><a href=\"http:\/\/landscapesfuture.org\/wp-content\/uploads\/flyers\/Flyer%20-%20Paisajes%20para%20Nuestro%20Futuro%20(UE)_v6.pdf\" target=\"_blank\" rel=\"noopener\"><i class=\"bi bi-file-pdf\"><\/i> Espagnol \u2013 661 Ko<\/a><\/li>\n<\/ul><\/div>\n\n<div class=\"box-contacts\">\n<h4>Renseignements g\u00e9n\u00e9raux<\/h4>\n<div class=\"item-contact\">\n<p><strong>Alexandre Ghiurca<\/strong><br>alexandru.ghiurca@ec.europa.eu<\/p>\n<\/div>\n<div class=\"item-contact\">\n<p><strong>Georges Schoneveld<\/strong><br>g.schoneveld@cgiar.org<\/p>\n<\/div>\n<\/div>\n<\/div>\n<\/div>\n\n\n\n<p>Carte des Initiatives<\/p>\n\n\n\n<figure class=\"wp-block-image alignfull size-large\"><img loading=\"lazy\" decoding=\"async\" width=\"1024\" height=\"638\" src=\"https:\/\/landscapesfuture.org\/wp-content\/uploads\/2022\/08\/map_of_initiatives_04-1024x638.png\" alt=\"\" class=\"wp-image-3611\" srcset=\"https:\/\/landscapesfuture.org\/wp-content\/uploads\/2022\/08\/map_of_initiatives_04-1024x638.png 1024w, https:\/\/landscapesfuture.org\/wp-content\/uploads\/2022\/08\/map_of_initiatives_04-300x187.png 300w, https:\/\/landscapesfuture.org\/wp-content\/uploads\/2022\/08\/map_of_initiatives_04-768x478.png 768w, https:\/\/landscapesfuture.org\/wp-content\/uploads\/2022\/08\/map_of_initiatives_04-1536x957.png 1536w, https:\/\/landscapesfuture.org\/wp-content\/uploads\/2022\/08\/map_of_initiatives_04-2048x1276.png 2048w\" sizes=\"auto, (max-width: 1024px) 100vw, 1024px\" \/><\/figure>\n","protected":false},"excerpt":{"rendered":"<p>Arri\u00e8re plan La terre fournit des services \u00e9cosyst\u00e9miques essentiels \u00e0 la fois aux personnes et \u00e0 la plan\u00e8te. Cependant, la demande croissante de nourriture, de carburant, de fibres et de bois \u00e9tire la capacit\u00e9 des terres \u00e0 r\u00e9pondre aux besoins d&rsquo;une population croissante. Cela entra\u00eene une concurrence pour les terres (ressources), entra\u00eenant la d\u00e9forestation, le [&hellip;]<\/p>\n","protected":false},"author":1,"featured_media":0,"parent":0,"menu_order":0,"comment_status":"closed","ping_status":"closed","template":"templates\/template-page-gutenberg.php","meta":{"inline_featured_image":false,"footnotes":"","_links_to":"","_links_to_target":""},"class_list":["post-5428","page","type-page","status-publish","hentry"],"_links":{"self":[{"href":"https:\/\/landscapesfuture.org\/fr\/wp-json\/wp\/v2\/pages\/5428","targetHints":{"allow":["GET"]}}],"collection":[{"href":"https:\/\/landscapesfuture.org\/fr\/wp-json\/wp\/v2\/pages"}],"about":[{"href":"https:\/\/landscapesfuture.org\/fr\/wp-json\/wp\/v2\/types\/page"}],"author":[{"embeddable":true,"href":"https:\/\/landscapesfuture.org\/fr\/wp-json\/wp\/v2\/users\/1"}],"replies":[{"embeddable":true,"href":"https:\/\/landscapesfuture.org\/fr\/wp-json\/wp\/v2\/comments?post=5428"}],"version-history":[{"count":5,"href":"https:\/\/landscapesfuture.org\/fr\/wp-json\/wp\/v2\/pages\/5428\/revisions"}],"predecessor-version":[{"id":7189,"href":"https:\/\/landscapesfuture.org\/fr\/wp-json\/wp\/v2\/pages\/5428\/revisions\/7189"}],"wp:attachment":[{"href":"https:\/\/landscapesfuture.org\/fr\/wp-json\/wp\/v2\/media?parent=5428"}],"curies":[{"name":"wp","href":"https:\/\/api.w.org\/{rel}","templated":true}]}}