{"id":4930,"date":"2021-06-15T23:27:52","date_gmt":"2021-06-15T16:27:52","guid":{"rendered":"https:\/\/landscapesfuture.org\/?page_id=4930"},"modified":"2022-11-10T14:06:17","modified_gmt":"2022-11-10T07:06:17","slug":"actions","status":"publish","type":"page","link":"https:\/\/landscapesfuture.org\/fr\/actions\/","title":{"rendered":"Actions"},"content":{"rendered":"<style>\n@media only screen and (max-width: 960px) {\n   #hero-page{\n    background-image:url(\"https:\/\/landscapesfuture.org\/wp-content\/uploads\/2022\/11\/MicrosoftTeams-image-2.jpg\");\n    background-position-y: bottom;\n    background-position-x: center;\n  }\n}\n\n#hero-page::after {\n    position: absolute;\n    content: ' ';\n    z-index: 0;\n    height: 100%;\n    width: 100%;\n    background-color: rgb(0,0,0,0.4);\n    top: 0;\n    left: 0;\n}\n#hero-page.section-bg::before{\nbackground-position-y: -385px;\n}\n\n.page #header #menu a {\n    color: #fff;\n}\n\n.page #header #menu .sub-menu li a{\n  color:#333;\n}\n\n.page #header #menu .sub-menu li a:hover{\n color:#FFFFFF;\n}\n\n.home.page-id-429 #wrapper, .page.page-id-429 #wrapper {\n    margin-top: 82px;\n}\n.home.page-id-429 #header, .page.page-id-429 #header {\n    background-color: #2E3546;\n    border: 0px;\n}\n\n.home.page-id-429 #header.darkHeader #menu a, \n.page.page-id-429 #header.darkHeader #menu a{\n   color:#252122;\n}\n\n.home.page-id-429  #header.darkHeader, .page.page-id-429  #header.darkHeader {\n    background-color: #FFFFFF;\n    border-bottom: 1px solid #ddd;\n}<\/style>\n<!-- section hero -->\n<!-- close div before -->\n        <\/div>\n    <\/article>\n<\/div>\n\n<div id=\"hero-page\" class=\" block-hero-page flex-vcenter section-bg\">\n    <div class=\"block-hero-page_bg\">\n        <img decoding=\"async\" src=\"https:\/\/landscapesfuture.org\/wp-content\/uploads\/2022\/11\/MicrosoftTeams-image-2.jpg\">\n    <\/div>\n    <div class=\"block-hero-page_overlay\"><\/div>\n    <div class=\"block-hero-page_content\">\n        <div class=\"container\">\n\n            <div class=\"hero-page\">\n                <div class=\"hero-page_title text-light\">\n                    <h1>Actions<\/h1>\n                    <!--<p><\/p>-->\n                                    <\/div>\n            <\/div>\n        <\/div>\n    <\/div>\n<\/div>\n\n<div class=\"container\">\n    <div class=\"row\">\n        <div class=\"col-12\">\n            <div class=\"breadcrumbs\" itemscope itemtype=\"http:\/\/schema.org\/BreadcrumbList\"><span itemprop=\"itemListElement\" itemscope itemtype=\"http:\/\/schema.org\/ListItem\"><a class=\"breadcrumbs__link\" href=\"https:\/\/landscapesfuture.org\/fr\/\" itemprop=\"item\"><span itemprop=\"name\">Accueil<\/span><\/a><meta itemprop=\"position\" content=\"1\" \/><\/span><\/div><!-- .breadcrumbs -->        <\/div>\n    <\/div>\n<\/div>\n\n<div class=\"container\">\n    <article id=\"post-4930\" class=\"post-4930 page type-page status-publish hentry\">\n        <div class=\"entry-content\">\n<p>En 2019, l&rsquo;UE a lanc\u00e9 le programme quinquennal le programme \u00ab Des paysages pour notre avenir \u00bb, qui soutient d\u00e9sormais 22 projets GIP, couvrant 19 pays et 3 sous-r\u00e9gions du Sud. Offrant des solutions aux d\u00e9fis d&rsquo;utilisation des terres sp\u00e9cifiques au contexte, Landscape For Our Future fera progresser les objectifs li\u00e9s \u00e0 :<\/p>\n\n<ol class=\"wp-block-list\"><li>s\u00e9curit\u00e9 alimentaire et nutritionnelle, cr\u00e9ation d&#8217;emplois et agriculture r\u00e9siliente et durable;<\/li><li>l&rsquo;att\u00e9nuation et l&rsquo;adaptation au changement climatique; et<\/li><li>conservation, restauration et utilisation durable de la biodiversit\u00e9 et des \u00e9cosyst\u00e8mes terrestres\/forestiers.<\/li><\/ol>\n<p>Les projets soutenus englobent un large \u00e9ventail de domaines th\u00e9matiques, allant de la conservation de la biodiversit\u00e9 et des paysages \u00e0 l&rsquo;agriculture intelligente face au climat et au d\u00e9veloppement durable de la cha\u00eene de valeur.<\/p>\n\n<figure class=\"wp-block-table is-style-regular\"><table><thead><tr><th class=\"has-text-align-left\" data-align=\"left\">Pays\/sous-r\u00e9gion<\/th><th class=\"has-text-align-left\" data-align=\"left\">Nom du projet national\/sous-r\u00e9gional<\/th><\/tr><\/thead><tbody><tr><td class=\"has-text-align-left\" data-align=\"left\"><a rel=\"noreferrer noopener\" target=\"_blank\" href=\"https:\/\/landscapesfuture.org\/fr\/bolivie\/\">Bolivie<\/a><\/td><td class=\"has-text-align-left\" data-align=\"left\">L&rsquo;eau comme connecteur pour des paysages r\u00e9silients en Bolivie<\/td><\/tr><tr><td class=\"has-text-align-left\" data-align=\"left\"><a rel=\"noreferrer noopener\" target=\"_blank\" href=\"https:\/\/landscapesfuture.org\/fr\/sous-region-bresil-paraguay\/\">Sous-r\u00e9gion Br\u00e9sil-Paraguay<\/a><\/td><td class=\"has-text-align-left\" data-align=\"left\">Gestion int\u00e9gr\u00e9e et durable du paysage dans le biome du cerrado au Br\u00e9sil et au Paraguay<\/td><\/tr><tr><td class=\"has-text-align-left\" data-align=\"left\"><a rel=\"noreferrer noopener\" target=\"_blank\" href=\"https:\/\/landscapesfuture.org\/fr\/burkina-faso\/\">Burkina Faso<\/a><\/td><td class=\"has-text-align-left\" data-align=\"left\">Gestion participative des p\u00e9riph\u00e9ries d&rsquo;aires prot\u00e9g\u00e9es dans le paysage PONASI<\/td><\/tr><tr><td class=\"has-text-align-left\" data-align=\"left\"><a rel=\"noreferrer noopener\" target=\"_blank\" href=\"https:\/\/landscapesfuture.org\/fr\/cambodge\/\">Cambodge<\/a><\/td><td class=\"has-text-align-left\" data-align=\"left\">Gestion int\u00e9gr\u00e9e et durable du paysage de la r\u00e9serve de biosph\u00e8re de Tonle Sap au Cambodge<\/td><\/tr><tr><td class=\"has-text-align-left\" data-align=\"left\"><a rel=\"noreferrer noopener\" target=\"_blank\" href=\"https:\/\/landscapesfuture.org\/fr\/cameroun\/\">Cameroun<\/a><\/td><td class=\"has-text-align-left\" data-align=\"left\">Ecosyst\u00e8me du Nord Cameroun : vers une approche int\u00e9gr\u00e9e du paysage (en abr\u00e9g\u00e9 EcoNoCam)<\/td><\/tr><tr><td class=\"has-text-align-left\" data-align=\"left\"><a rel=\"noreferrer noopener\" target=\"_blank\" href=\"https:\/\/landscapesfuture.org\/fr\/tchad-et-republique-centrafricaine\/\">Sous-r\u00e9gion Tchad-R\u00e9publique Centrafricaine<\/a><\/td><td class=\"has-text-align-left\" data-align=\"left\">Gestion durable du bassin du fleuve Chari<\/td><\/tr><tr><td class=\"has-text-align-left\" data-align=\"left\"><a rel=\"noreferrer noopener\" target=\"_blank\" href=\"https:\/\/landscapesfuture.org\/fr\/colombie\/\">Colombie<\/a><\/td><td class=\"has-text-align-left\" data-align=\"left\">\u00ab Herencia Colombia \u00bb : Soutenir la nouvelle approche colombienne int\u00e9gr\u00e9e de la gouvernance territoriale dans des paysages durables, productifs et r\u00e9silients<\/td><\/tr><tr><td class=\"has-text-align-left\" data-align=\"left\"><a rel=\"noreferrer noopener\" target=\"_blank\" href=\"https:\/\/landscapesfuture.org\/fr\/republique-democratique-du-congo\/\">R\u00e9publique D\u00e9mocratique du Congo<\/a><\/td><td class=\"has-text-align-left\" data-align=\"left\">Nouveaux paysages du Congo<\/td><\/tr><tr><td class=\"has-text-align-left\" data-align=\"left\"><a rel=\"noreferrer noopener\" target=\"_blank\" href=\"https:\/\/landscapesfuture.org\/fr\/equateur\/\">Equateur<\/a><\/td><td class=\"has-text-align-left\" data-align=\"left\">Paysages andins \u2013 promouvoir la gestion int\u00e9gr\u00e9e des paysages pour des moyens de subsistance durables dans les Andes \u00e9quatoriennes<\/td><\/tr><tr><td class=\"has-text-align-left\" data-align=\"left\"><a rel=\"noreferrer noopener\" target=\"_blank\" href=\"https:\/\/landscapesfuture.org\/fr\/ghana\/\">Ghana<\/a><\/td><td class=\"has-text-align-left\" data-align=\"left\">Paysages et agilit\u00e9 environnementale \u00e0 travers le pays (LEAN)<\/td><\/tr><tr><td class=\"has-text-align-left\" data-align=\"left\"><a rel=\"noreferrer noopener\" target=\"_blank\" href=\"https:\/\/landscapesfuture.org\/fr\/honduras\/\">Honduras<\/a><\/td><td class=\"has-text-align-left\" data-align=\"left\">Le climat pour la biodiversit\u00e9 : r\u00e9duire la d\u00e9forestation de la cha\u00eene d&rsquo;approvisionnement<\/td><\/tr><tr><td class=\"has-text-align-left\" data-align=\"left\"><a rel=\"noreferrer noopener\" target=\"_blank\" href=\"https:\/\/landscapesfuture.org\/fr\/jamaique\/\">Jama\u00efque<\/a><\/td><td class=\"has-text-align-left\" data-align=\"left\">Un chemin jama\u00efcain des collines aux oc\u00e9ans<\/td><\/tr><tr><td class=\"has-text-align-left\" data-align=\"left\"><a rel=\"noreferrer noopener\" target=\"_blank\" href=\"https:\/\/landscapesfuture.org\/fr\/kenya-6\/\">Kenya<\/a><\/td><td class=\"has-text-align-left\" data-align=\"left\">Programme de productivit\u00e9 des services \u00e9cosyst\u00e9miques des parcours du Kenya (RangER)<\/td><\/tr><tr><td class=\"has-text-align-left\" data-align=\"left\"><a rel=\"noreferrer noopener\" target=\"_blank\" href=\"https:\/\/landscapesfuture.org\/fr\/republique-democratique-populaire-lao\/\">Laos<\/a><\/td><td class=\"has-text-align-left\" data-align=\"left\">Conservation des \u00e9cosyst\u00e8mes gr\u00e2ce \u00e0 la gestion int\u00e9gr\u00e9e du paysage en RDP lao<\/td><\/tr><tr><td class=\"has-text-align-left\" data-align=\"left\"><a rel=\"noreferrer noopener\" target=\"_blank\" href=\"https:\/\/landscapesfuture.org\/fr\/maurice\/\">Maurice<\/a><\/td><td class=\"has-text-align-left\" data-align=\"left\">Maurice de Ridge \u00e0 Reef (R2R)<\/td><\/tr><tr><td class=\"has-text-align-left\" data-align=\"left\"><a rel=\"noreferrer noopener\" target=\"_blank\" href=\"https:\/\/landscapesfuture.org\/fr\/organisation-des-etats-des-caraibes-orientales\/\">Organisation des \u00c9tats des Cara\u00efbes orientales (OECO)<\/a><\/td><td class=\"has-text-align-left\" data-align=\"left\">Approches paysag\u00e8res int\u00e9gr\u00e9es et investissements dans la gestion durable des terres dans l&rsquo;OECO<\/td><\/tr><tr><td class=\"has-text-align-left\" data-align=\"left\"><a rel=\"noreferrer noopener\" target=\"_blank\" href=\"https:\/\/landscapesfuture.org\/fr\/papouasie-nouvelle-guinee\/\">Papouasie Nouvelle Guin\u00e9e<\/a><\/td><td class=\"has-text-align-left\" data-align=\"left\">Renforcement de la gestion int\u00e9gr\u00e9e et durable du paysage dans la province d&rsquo;Enga Papouasie-Nouvelle-Guin\u00e9e<\/td><\/tr><tr><td class=\"has-text-align-left\" data-align=\"left\"><a rel=\"noreferrer noopener\" target=\"_blank\" href=\"https:\/\/landscapesfuture.org\/fr\/sao-tome-et-principe\/\">Sao Tom\u00e9<\/a><\/td><td class=\"has-text-align-left\" data-align=\"left\">D\u00e9veloppement de mod\u00e8les d&rsquo;agroforesterie durable gr\u00e2ce \u00e0 des approches de gestion int\u00e9gr\u00e9e des terres pour l&rsquo;adaptation et l&rsquo;att\u00e9nuation du changement climatique, la conservation des \u00e9cosyst\u00e8mes et le d\u00e9veloppement \u00e9conomique<\/td><\/tr><tr><td class=\"has-text-align-left\" data-align=\"left\"><a rel=\"noreferrer noopener\" target=\"_blank\" href=\"https:\/\/landscapesfuture.org\/fr\/senegal\/\">S\u00e9n\u00e9gal<\/a><\/td><td class=\"has-text-align-left\" data-align=\"left\">Reboisement et r\u00e9silience pour prot\u00e9ger les territoires et les \u00e9cosyst\u00e8mes du S\u00e9n\u00e9gal<\/td><\/tr><tr><td class=\"has-text-align-left\" data-align=\"left\"><a rel=\"noreferrer noopener\" target=\"_blank\" href=\"https:\/\/landscapesfuture.org\/fr\/timor-oriental\/\">Timor Oriental<\/a><\/td><td class=\"has-text-align-left\" data-align=\"left\">Maloa vertical initial<\/td><\/tr><tr><td class=\"has-text-align-left\" data-align=\"left\"><a rel=\"noreferrer noopener\" target=\"_blank\" href=\"https:\/\/landscapesfuture.org\/fr\/vietnam\/\">Vietnam<\/a><\/td><td class=\"has-text-align-left\" data-align=\"left\">Gestion int\u00e9gr\u00e9e et durable du paysage dans les hauts plateaux du centre du Viet Nam gr\u00e2ce \u00e0 une juridiction sans d\u00e9forestation<\/td><\/tr><tr><td class=\"has-text-align-left\" data-align=\"left\"><a rel=\"noreferrer noopener\" target=\"_blank\" href=\"https:\/\/landscapesfuture.org\/fr\/zimbabwe\/\">Zimbabwe<\/a><\/td><td class=\"has-text-align-left\" data-align=\"left\">Gestion int\u00e9gr\u00e9e durable du paysage dans le parc national de Gonarezhou et les communaut\u00e9s environnantes, Zimbabwe<\/td><\/tr><\/tbody><\/table><\/figure>\n<p><\/p>\n\n<p><\/p>\n","protected":false},"excerpt":{"rendered":"<p>En 2019, l&rsquo;UE a lanc\u00e9 le programme quinquennal le programme \u00ab Des paysages pour notre avenir \u00bb, qui soutient d\u00e9sormais 22 projets GIP, couvrant 19 pays et 3 sous-r\u00e9gions du Sud. Offrant des solutions aux d\u00e9fis d&rsquo;utilisation des terres sp\u00e9cifiques au contexte, Landscape For Our Future fera progresser les objectifs li\u00e9s \u00e0 : s\u00e9curit\u00e9 alimentaire [&hellip;]<\/p>\n","protected":false},"author":1,"featured_media":0,"parent":0,"menu_order":0,"comment_status":"closed","ping_status":"closed","template":"templates\/template-page-canvas.php","meta":{"inline_featured_image":false,"footnotes":"","_links_to":"","_links_to_target":""},"class_list":["post-4930","page","type-page","status-publish","hentry"],"_links":{"self":[{"href":"https:\/\/landscapesfuture.org\/fr\/wp-json\/wp\/v2\/pages\/4930","targetHints":{"allow":["GET"]}}],"collection":[{"href":"https:\/\/landscapesfuture.org\/fr\/wp-json\/wp\/v2\/pages"}],"about":[{"href":"https:\/\/landscapesfuture.org\/fr\/wp-json\/wp\/v2\/types\/page"}],"author":[{"embeddable":true,"href":"https:\/\/landscapesfuture.org\/fr\/wp-json\/wp\/v2\/users\/1"}],"replies":[{"embeddable":true,"href":"https:\/\/landscapesfuture.org\/fr\/wp-json\/wp\/v2\/comments?post=4930"}],"version-history":[{"count":5,"href":"https:\/\/landscapesfuture.org\/fr\/wp-json\/wp\/v2\/pages\/4930\/revisions"}],"predecessor-version":[{"id":7157,"href":"https:\/\/landscapesfuture.org\/fr\/wp-json\/wp\/v2\/pages\/4930\/revisions\/7157"}],"wp:attachment":[{"href":"https:\/\/landscapesfuture.org\/fr\/wp-json\/wp\/v2\/media?parent=4930"}],"curies":[{"name":"wp","href":"https:\/\/api.w.org\/{rel}","templated":true}]}}