{"id":4892,"date":"2021-11-19T03:22:09","date_gmt":"2021-11-18T20:22:09","guid":{"rendered":"https:\/\/landscapesfuture.org\/?page_id=4892"},"modified":"2022-11-11T17:16:34","modified_gmt":"2022-11-11T10:16:34","slug":"composante-centrale","status":"publish","type":"page","link":"https:\/\/landscapesfuture.org\/fr\/about\/composante-centrale\/","title":{"rendered":"Composante Centrale"},"content":{"rendered":"<style>\n@media only screen and (max-width: 960px) {\n   #hero-page{\n    background-image:url(\"https:\/\/landscapesfuture.org\/wp-content\/uploads\/2022\/11\/MicrosoftTeams-image-3.jpg\");\n    background-position-y: bottom;\n    background-position-x: center;\n  }\n}\n\n#hero-page::after {\n    position: absolute;\n    content: ' ';\n    z-index: 0;\n    height: 100%;\n    width: 100%;\n    background-color: rgb(0,0,0,0.4);\n    top: 0;\n    left: 0;\n}\n#hero-page.section-bg::before{\nbackground-position-y: -385px;\n}\n\n.page #header #menu a {\n    color: #fff;\n}\n\n.page #header #menu .sub-menu li a{\n  color:#333;\n}\n\n.page #header #menu .sub-menu li a:hover{\n color:#FFFFFF;\n}\n\n.home.page-id-429 #wrapper, .page.page-id-429 #wrapper {\n    margin-top: 82px;\n}\n.home.page-id-429 #header, .page.page-id-429 #header {\n    background-color: #2E3546;\n    border: 0px;\n}\n\n.home.page-id-429 #header.darkHeader #menu a, \n.page.page-id-429 #header.darkHeader #menu a{\n   color:#252122;\n}\n\n.home.page-id-429  #header.darkHeader, .page.page-id-429  #header.darkHeader {\n    background-color: #FFFFFF;\n    border-bottom: 1px solid #ddd;\n}<\/style>\n<!-- section hero -->\n<!-- close div before -->\n        <\/div>\n    <\/article>\n<\/div>\n\n<div id=\"hero-page\" class=\" block-hero-page flex-vcenter section-bg\">\n    <div class=\"block-hero-page_bg\">\n        <img decoding=\"async\" src=\"https:\/\/landscapesfuture.org\/wp-content\/uploads\/2022\/11\/MicrosoftTeams-image-3.jpg\">\n    <\/div>\n    <div class=\"block-hero-page_overlay\"><\/div>\n    <div class=\"block-hero-page_content\">\n        <div class=\"container\">\n\n            <div class=\"hero-page\">\n                <div class=\"hero-page_title text-light\">\n                    <h1>Composante Centrale<\/h1>\n                    <!--<p><\/p>-->\n                                    <\/div>\n            <\/div>\n        <\/div>\n    <\/div>\n<\/div>\n\n<div class=\"container\">\n    <div class=\"row\">\n        <div class=\"col-12\">\n            <div class=\"breadcrumbs\" itemscope itemtype=\"http:\/\/schema.org\/BreadcrumbList\"><span itemprop=\"itemListElement\" itemscope itemtype=\"http:\/\/schema.org\/ListItem\"><a class=\"breadcrumbs__link\" href=\"https:\/\/landscapesfuture.org\/fr\/\" itemprop=\"item\"><span itemprop=\"name\">Accueil<\/span><\/a><meta itemprop=\"position\" content=\"1\" \/><\/span><\/div><!-- .breadcrumbs -->        <\/div>\n    <\/div>\n<\/div>\n\n<div class=\"container\">\n    <article id=\"post-4892\" class=\"post-4892 page type-page status-publish hentry\">\n        <div class=\"entry-content\">\n\n\n<div class=\"wp-block-columns is-layout-flex wp-container-core-columns-is-layout-9d6595d7 wp-block-columns-is-layout-flex\">\n<div class=\"wp-block-column is-layout-flow wp-block-column-is-layout-flow\" style=\"flex-basis:66.66%\">\n<h2 class=\"wp-block-heading\">La composante centrale<\/h2>\n\n\n\n<p>L&rsquo;UE a charg\u00e9 le Centre pour la recherche foresti\u00e8re internationale et l&rsquo;agroforesterie mondiale (CIFOR-ICRAF) de soutenir la mise en \u0153uvre des 23 projets soutenus par\u00ab Des paysages pour notre avenir \u00bb. Cette \u00abcomposante centrale\u00bb offre des conseils techniques \u00e0 chacun de ces projets, ainsi qu&rsquo;une aide \u00e0 la co-cr\u00e9ation, \u00e0 la synth\u00e8se et \u00e0 la diffusion des connaissances et des le\u00e7ons tir\u00e9es de leur mise en \u0153uvre. \u00c9tant donn\u00e9 que les preuves fiables sur les pratiques, les strat\u00e9gies et les voies efficaces de GIP sont rares et fragment\u00e9es, la composante centrale vise \u00e0 aider les d\u00e9cideurs politiques et les praticiens \u00e0 d\u00e9velopper et \u00e0 mettre \u00e0 l&rsquo;\u00e9chelle des solutions paysag\u00e8res plus percutantes et inclusives.<\/p>\n\n\n\n<h2 class=\"wp-block-heading\">Activit\u00e9s<\/h2>\n\n\n\n<p>La composante centrale est structur\u00e9e selon les trois domaines d&rsquo;activit\u00e9 principaux suivants :<\/p>\n\n\n\n<ol class=\"wp-block-list\"><li>Soutien technique<br>La composante centrale offrira un appui technique aux partenaires de mise en \u0153uvre dans chacun des pays cibles, ainsi qu&rsquo;aux partenaires de mise en \u0153uvre au niveau des projets. Le CIFOR et l&rsquo;ICRAF mettront \u00e0 profit leur expertise th\u00e9matique et sectorielle pour soutenir la mise en \u0153uvre et le suivi du projet. Cela impliquera, entre autres, la mise en place d&rsquo;un service d&rsquo;assistance d\u00e9di\u00e9, des indicateurs communs et des missions p\u00e9riodiques d&rsquo;appui technique.<\/li><li>G\u00e9n\u00e9ration de connaissances et communication<br>En \u00e9troite collaboration avec les parties prenantes du projet, la Composante Centrale syst\u00e9matisera les connaissances et enseignements tir\u00e9s de la mise en \u0153uvre des 23 projets GIP. Ceux-ci seront synth\u00e9tis\u00e9s et communiqu\u00e9s \u00e0 l&rsquo;aide de l&rsquo;infrastructure scientifique et de communication CIFOR-ICRAF, ciblant les d\u00e9cideurs et les praticiens du d\u00e9veloppement avec des outils, des lignes directrices, des cadres et des produits de connaissances ax\u00e9s sur la demande.<\/li><li>\u00c9change et rayonnement<br>Pour faciliter l&rsquo;\u00e9change de connaissances et l&rsquo;apprentissage entre projets, la composante centrale organisera trois \u00e9v\u00e9nements d&rsquo;engagement structur\u00e9s avec les partenaires du projet. Le CIFOR-ICRAF travaillera avec les d\u00e9l\u00e9gations de l&rsquo;UE et les partenaires de mise en \u0153uvre pour identifier, engager et soutenir les initiatives pertinentes pour le GIP au-del\u00e0 du programme. Plus pr\u00e9cis\u00e9ment, la composante centrale visera \u00e0 tirer parti des connaissances et des le\u00e7ons g\u00e9n\u00e9r\u00e9es dans le cadre du programme pour \u00e9clairer les actions (politiques) qui cherchent \u00e0 int\u00e9grer et \u00e0 institutionnaliser le GIP dans la programmation \u00e9tatique et non \u00e9tatique.<\/li><\/ol>\n<\/div>\n\n\n\n<div class=\"wp-block-column is-layout-flow wp-block-column-is-layout-flow\" style=\"flex-basis:33.33%\">\n<div class=\"box-flyer\">\n<div class=\"flyer-thumb\">\n<img decoding=\"async\" src=\"http:\/\/landscapesfuture.org\/wp-content\/uploads\/2021\/11\/landscapes-for-our-future-thumb.jpg\"><\/div>\n<h4>T\u00e9l\u00e9charger le d\u00e9pliant<\/h4>\n<ul class=\"list-pdf\"><li><a href=\"http:\/\/landscapesfuture.org\/wp-content\/uploads\/flyers\/Flyer%20-%20Landscapes%20For%20Our%20Future%20(EU)-v8.pdf\" target=\"_blank\" rel=\"noopener\">Anglais \u2013 706 Ko<\/a><\/li>\n    <li><a href=\"http:\/\/landscapesfuture.org\/wp-content\/uploads\/flyers\/Flyer%20-%20Des%20paysages%20pour%20notre%20avenir%20(UE)_French_v5.pdf\" target=\"_blank\" rel=\"noopener\"><i class=\"bi bi-file-pdf\"><\/i> Fran\u00e7ais \u2013 683 Ko<\/a><\/li>\n    <li><a href=\"http:\/\/landscapesfuture.org\/wp-content\/uploads\/flyers\/292%20Flyer%20-%20Paisagens%20Para%20o%20Nosso%20Futuro%20(UE)_Portuguese_v4.pdf\" target=\"_blank\" rel=\"noopener\"><i class=\"bi bi-file-pdf\"><\/i> Portugais \u2013 664 Ko<\/a><\/li>\n    <li><a href=\"http:\/\/landscapesfuture.org\/wp-content\/uploads\/flyers\/Flyer%20-%20Paisajes%20para%20Nuestro%20Futuro%20(UE)_v6.pdf\" target=\"_blank\" rel=\"noopener\"><i class=\"bi bi-file-pdf\"><\/i> Espagnol \u2013 661 Ko<\/a><\/li>\n<\/ul><\/div>\n\n<div class=\"box-contacts\">\n<h4>Renseignements g\u00e9n\u00e9raux<\/h4>\n<div class=\"item-contact\">\n<p><strong>Alexandre Ghiurca<\/strong><br>alexandru.ghiurca@ec.europa.eu<\/p>\n<\/div>\n<div class=\"item-contact\">\n<p><strong>Georges Schoneveld<\/strong><br>g.schoneveld@cgiar.org<\/p>\n<\/div>\n<\/div>\n<\/div>\n<\/div>\n","protected":false},"excerpt":{"rendered":"<p>La composante centrale L&rsquo;UE a charg\u00e9 le Centre pour la recherche foresti\u00e8re internationale et l&rsquo;agroforesterie mondiale (CIFOR-ICRAF) de soutenir la mise en \u0153uvre des 23 projets soutenus par\u00ab Des paysages pour notre avenir \u00bb. Cette \u00abcomposante centrale\u00bb offre des conseils techniques \u00e0 chacun de ces projets, ainsi qu&rsquo;une aide \u00e0 la co-cr\u00e9ation, \u00e0 la synth\u00e8se [&hellip;]<\/p>\n","protected":false},"author":1,"featured_media":0,"parent":5428,"menu_order":0,"comment_status":"closed","ping_status":"closed","template":"templates\/template-page-gutenberg.php","meta":{"inline_featured_image":false,"footnotes":"","_links_to":"","_links_to_target":""},"class_list":["post-4892","page","type-page","status-publish","hentry"],"_links":{"self":[{"href":"https:\/\/landscapesfuture.org\/fr\/wp-json\/wp\/v2\/pages\/4892","targetHints":{"allow":["GET"]}}],"collection":[{"href":"https:\/\/landscapesfuture.org\/fr\/wp-json\/wp\/v2\/pages"}],"about":[{"href":"https:\/\/landscapesfuture.org\/fr\/wp-json\/wp\/v2\/types\/page"}],"author":[{"embeddable":true,"href":"https:\/\/landscapesfuture.org\/fr\/wp-json\/wp\/v2\/users\/1"}],"replies":[{"embeddable":true,"href":"https:\/\/landscapesfuture.org\/fr\/wp-json\/wp\/v2\/comments?post=4892"}],"version-history":[{"count":5,"href":"https:\/\/landscapesfuture.org\/fr\/wp-json\/wp\/v2\/pages\/4892\/revisions"}],"predecessor-version":[{"id":7191,"href":"https:\/\/landscapesfuture.org\/fr\/wp-json\/wp\/v2\/pages\/4892\/revisions\/7191"}],"up":[{"embeddable":true,"href":"https:\/\/landscapesfuture.org\/fr\/wp-json\/wp\/v2\/pages\/5428"}],"wp:attachment":[{"href":"https:\/\/landscapesfuture.org\/fr\/wp-json\/wp\/v2\/media?parent=4892"}],"curies":[{"name":"wp","href":"https:\/\/api.w.org\/{rel}","templated":true}]}}