{"id":11562,"date":"2024-05-01T21:38:44","date_gmt":"2024-05-01T18:38:44","guid":{"rendered":"https:\/\/landscapesfuture.org\/about\/ilm\/"},"modified":"2025-11-04T17:11:01","modified_gmt":"2025-11-04T14:11:01","slug":"ilm","status":"publish","type":"page","link":"https:\/\/landscapesfuture.org\/fr\/about\/ilm\/","title":{"rendered":"Qu&rsquo;est-ce que la gestion int\u00e9gr\u00e9e du paysage ?"},"content":{"rendered":"<style>\n@media only screen and (max-width: 960px) {\n   #hero-page{\n    background-image:url(\"https:\/\/landscapesfuture.org\/wp-content\/uploads\/2022\/11\/MicrosoftTeams-image-6.jpg\");\n    background-position-y: bottom;\n    background-position-x: center;\n  }\n}\n\n#hero-page::after {\n    position: absolute;\n    content: ' ';\n    z-index: 0;\n    height: 100%;\n    width: 100%;\n    background-color: rgb(0,0,0,0.4);\n    top: 0;\n    left: 0;\n}\n#hero-page.section-bg::before{\nbackground-position-y: -385px;\n}\n\n.page #header #menu a {\n    color: #fff;\n}\n\n.page #header #menu .sub-menu li a{\n  color:#333;\n}\n\n.page #header #menu .sub-menu li a:hover{\n color:#FFFFFF;\n}\n\n.home.page-id-429 #wrapper, .page.page-id-429 #wrapper {\n    margin-top: 82px;\n}\n.home.page-id-429 #header, .page.page-id-429 #header {\n    background-color: #2E3546;\n    border: 0px;\n}\n\n.home.page-id-429 #header.darkHeader #menu a, \n.page.page-id-429 #header.darkHeader #menu a{\n   color:#252122;\n}\n\n.home.page-id-429  #header.darkHeader, .page.page-id-429  #header.darkHeader {\n    background-color: #FFFFFF;\n    border-bottom: 1px solid #ddd;\n}<\/style>\n<!-- section hero -->\n<!-- close div before -->\n        <\/div>\n    <\/article>\n<\/div>\n\n<div id=\"hero-page\" class=\" block-hero-page flex-vcenter section-bg\">\n    <div class=\"block-hero-page_bg\">\n        <img decoding=\"async\" src=\"https:\/\/landscapesfuture.org\/wp-content\/uploads\/2022\/11\/MicrosoftTeams-image-6.jpg\">\n    <\/div>\n    <div class=\"block-hero-page_overlay\"><\/div>\n    <div class=\"block-hero-page_content\">\n        <div class=\"container\">\n\n            <div class=\"hero-page\">\n                <div class=\"hero-page_title text-light\">\n                    <h1>Qu&rsquo;est-ce que la gestion int\u00e9gr\u00e9e du paysage ?<\/h1>\n                    <!--<p><\/p>-->\n                                    <\/div>\n            <\/div>\n        <\/div>\n    <\/div>\n<\/div>\n\n<div class=\"container\">\n    <div class=\"row\">\n        <div class=\"col-12\">\n            <div class=\"breadcrumbs\" itemscope itemtype=\"http:\/\/schema.org\/BreadcrumbList\"><span itemprop=\"itemListElement\" itemscope itemtype=\"http:\/\/schema.org\/ListItem\"><a class=\"breadcrumbs__link\" href=\"https:\/\/landscapesfuture.org\/fr\/\" itemprop=\"item\"><span itemprop=\"name\">Accueil<\/span><\/a><meta itemprop=\"position\" content=\"1\" \/><\/span><\/div><!-- .breadcrumbs -->        <\/div>\n    <\/div>\n<\/div>\n\n<div class=\"container\">\n    <article id=\"post-11562\" class=\"post-11562 page type-page status-publish has-post-thumbnail hentry\">\n        <div class=\"entry-content\">\n\n\n<h2 class=\"wp-block-heading\">Nous d\u00e9finissons la GIP comme<\/h2>\n\n\n\n<div style=\"height:39px\" aria-hidden=\"true\" class=\"wp-block-spacer\"><\/div>\n\n\n\n<blockquote class=\"wp-block-quote is-layout-flow wp-block-quote-is-layout-flow\">\n<p>un <strong>processus<\/strong> visant \u00e0 favoriser la durabilit\u00e9 et la r\u00e9silience co-cr\u00e9\u00e9es dans les paysages gr\u00e2ce \u00e0 des strat\u00e9gies adaptatives, inclusives et int\u00e9gratrices\u00a0\u00bb.<\/p>\n<\/blockquote>\n\n\n\n<p>En consid\u00e9rant la GIP comme un <em>processus <\/em>, nous nous sommes concentr\u00e9s sur ce \u00e0 quoi elle pourrait ressembler, tout en reconnaissant qu&rsquo;une grande diversit\u00e9 de variables influencent les paysages et affectent leur \u00e9tat.<\/p>\n\n\n\n<p><em>Lisez la suite pour en savoir plus ou <a href=\"https:\/\/landscapesfuture.org\/wp-content\/uploads\/2024\/06\/LIP-Overview-FRENCH-31-May-2024-interactives.pdf\" data-type=\"URL\" data-id=\"https:\/\/landscapesfuture.org\/wp-content\/uploads\/2024\/06\/LIP-Overview-FRENCH-31-May-2024-interactives.pdf\" target=\"_blank\" rel=\"noreferrer noopener\">t\u00e9l\u00e9chargez le guide complet des paysages en pratique ici.<\/a><\/em><\/p>\n\n\n\n<div style=\"height:39px\" aria-hidden=\"true\" class=\"wp-block-spacer\"><\/div>\n\n\n\n<h2 class=\"wp-block-heading\">Pourquoi GIP ?<\/h2>\n\n\n\n<p>Parce que les paysages ne fonctionnent pas en vase clos, nous ne pouvons pas non plus le faire.<\/p>\n\n\n\n<p>L&rsquo;eau, les for\u00eats, les exploitations agricoles, la faune sauvage, le carbone, les populations, les march\u00e9s : tous ces \u00e9l\u00e9ments sont profond\u00e9ment li\u00e9s. Pourtant, la plupart des syst\u00e8mes de gouvernance, d&rsquo;investissement et de planification continuent de fragmenter les paysages en parties isol\u00e9es, g\u00e9r\u00e9es s\u00e9par\u00e9ment par diff\u00e9rents acteurs ayant des objectifs et des motivations diff\u00e9rents. Cette fragmentation est l&rsquo;un des principaux facteurs \u00e0 l&rsquo;origine des crises auxquelles nous sommes confront\u00e9s aujourd&rsquo;hui : d\u00e9r\u00e8glement climatique, perte de biodiversit\u00e9, ins\u00e9curit\u00e9 alimentaire et in\u00e9galit\u00e9s croissantes.<\/p>\n\n\n\n<p>La gestion int\u00e9gr\u00e9e des paysages (GIP) renverse la probl\u00e9matique.<\/p>\n\n\n\n<p>Au lieu de g\u00e9rer les sympt\u00f4mes de mani\u00e8re isol\u00e9e, le GIP se concentre sur le comportement du syst\u00e8me paysager dans son ensemble et sur la mani\u00e8re dont les populations, les institutions et les march\u00e9s locaux peuvent influencer ce comportement afin d&rsquo;obtenir des avantages communs \u00e0 long terme. Elle cr\u00e9e les structures, les relations et les boucles de r\u00e9troaction n\u00e9cessaires \u00e0 l&rsquo;action collective : \u00e0 travers les secteurs, les \u00e9chelles et les divisions de pouvoir.<\/p>\n\n\n\n<p>Le GIP est important pour les raisons suivantes :<\/p>\n\n\n\n<ul class=\"wp-block-list\">\n<li><strong>Les solutions cloisonn\u00e9es \u00e9chouent. <\/strong>Elles ignorent les r\u00e9percussions et cr\u00e9ent des cons\u00e9quences impr\u00e9vues co\u00fbteuses.<\/li>\n\n\n\n<li><strong>Les relations humaines sont le moteur des paysages. <\/strong>Exclure l&rsquo;action humaine conduit \u00e0 des conflits, \u00e0 un faible respect des r\u00e8gles et \u00e0 des r\u00e9sultats fragiles.<\/li>\n\n\n\n<li><strong>Les grandes transitions exigent une collaboration. <\/strong>L&rsquo;adaptation au changement climatique, la r\u00e9silience des syst\u00e8mes alimentaires, les mod\u00e8les commerciaux durables : aucun de ces \u00e9l\u00e9ments ne peut r\u00e9ussir seul.<\/li>\n\n\n\n<li><strong>Le v\u00e9ritable changement ne dure que lorsqu&rsquo;il est pris en charge localement. <\/strong>Le GIP renforce la l\u00e9gitimit\u00e9, la confiance et la gouvernance qui survivent aux projets et aux donateurs.<\/li>\n<\/ul>\n\n\n\n<p>En bref : le GIP est le moyen de passer d&rsquo;int\u00e9r\u00eats concurrents \u00e0 une gestion partag\u00e9e.<br>Des interventions fragment\u00e9es \u00e0 des paysages adaptatifs et r\u00e9silients.<br>Des gains rapides \u00e0 un impact durable.<\/p>\n\n\n\n<p>Ce n&rsquo;est pas seulement une m\u00e9thode. C&rsquo;est un changement de mentalit\u00e9 : passer de <em>la gestion des probl\u00e8mes <\/em>\u00e0 <em>la gestion des relations <\/em>dans les lieux qui soutiennent la vie.<\/p>\n\n\n\n<div style=\"height:39px\" aria-hidden=\"true\" class=\"wp-block-spacer\"><\/div>\n\n\n\n<h2 class=\"wp-block-heading\">Quelle est notre approche de la GIP ?<\/h2>\n\n\n<div class=\"wp-block-image\">\n<figure class=\"aligncenter size-large\"><img loading=\"lazy\" decoding=\"async\" width=\"721\" height=\"1024\" src=\"https:\/\/landscapesfuture.org\/wp-content\/uploads\/2024\/05\/Screenshot-2024-05-29-at-14.25.10-721x1024.png\" alt=\"\" class=\"wp-image-11688\" srcset=\"https:\/\/landscapesfuture.org\/wp-content\/uploads\/2024\/05\/Screenshot-2024-05-29-at-14.25.10-721x1024.png 721w, https:\/\/landscapesfuture.org\/wp-content\/uploads\/2024\/05\/Screenshot-2024-05-29-at-14.25.10-211x300.png 211w, https:\/\/landscapesfuture.org\/wp-content\/uploads\/2024\/05\/Screenshot-2024-05-29-at-14.25.10-768x1090.png 768w, https:\/\/landscapesfuture.org\/wp-content\/uploads\/2024\/05\/Screenshot-2024-05-29-at-14.25.10.png 1044w\" sizes=\"auto, (max-width: 721px) 100vw, 721px\" \/><\/figure><\/div>\n\n\n<div style=\"height:39px\" aria-hidden=\"true\" class=\"wp-block-spacer\"><\/div>\n\n\n\n<p>Nous avons \u00e9labor\u00e9 une typologie de six \u00ab\u00a0dimensions\u00a0\u00bb de la GIP comme <strong><em>hypoth\u00e8se initiale<\/em><\/strong> sur la GIP, susceptible d&rsquo;\u00eatre modifi\u00e9e au fur et \u00e0 mesure de l&rsquo;avancement de l&rsquo;apprentissage et des projets du programme. <\/p>\n\n\n\n<p>Voici pourquoi ces variables ont \u00e9t\u00e9 incluses :<\/p>\n\n\n\n<h3 class=\"wp-block-heading\">Identification des parties prenantes<\/h3>\n\n\n\n<figure class=\"wp-block-image size-full is-resized\"><img loading=\"lazy\" decoding=\"async\" width=\"394\" height=\"394\" src=\"https:\/\/landscapesfuture.org\/wp-content\/uploads\/2023\/08\/Picture-2.png\" alt=\"\" class=\"wp-image-9508\" style=\"width:208px;height:208px\" srcset=\"https:\/\/landscapesfuture.org\/wp-content\/uploads\/2023\/08\/Picture-2.png 394w, https:\/\/landscapesfuture.org\/wp-content\/uploads\/2023\/08\/Picture-2-300x300.png 300w, https:\/\/landscapesfuture.org\/wp-content\/uploads\/2023\/08\/Picture-2-150x150.png 150w\" sizes=\"auto, (max-width: 394px) 100vw, 394px\" \/><\/figure>\n\n\n\n<p>Les parties prenantes d&rsquo;un paysage sont le principal d\u00e9terminant de son comportement en tant que syst\u00e8me. Conna\u00eetre et comprendre qui sont les parties prenantes et les relations entre elles est une n\u00e9cessit\u00e9 strat\u00e9gique pour des interventions efficaces en mati\u00e8re de la GIP. Les \u00e9valuations des parties prenantes devraient pouvoir fournir ces informations et aider une intervention \u00e0 r\u00e9duire le nombre de parties prenantes devant figurer dans les FMP. <\/p>\n\n\n\n<p>Toutes les parties prenantes ne sont pas situ\u00e9es dans le paysage &#8211; il y en a d&rsquo;autres ailleurs, par exemple au niveau r\u00e9gional, national ou international. Lors de l&rsquo;identification des parties prenantes, il est important de supposer qu&rsquo;il y aura des tensions entre elles. Cela fournira des informations pertinentes pour les strat\u00e9gies d&rsquo;intervention et la mani\u00e8re dont les FMP devront \u00eatre structur\u00e9es &#8211; par exemple, plusieurs FMP peuvent \u00eatre n\u00e9cessaires si les groupes auxquels elles s&rsquo;adressent ne sont pas en bons termes, et des moyens d&rsquo;int\u00e9grer leurs d\u00e9cisions et connaissances combin\u00e9es devront \u00eatre \u00e9labor\u00e9s.<\/p>\n\n\n\n<p>Il existe de nombreuses m\u00e9thodologies d&rsquo;\u00e9valuation des parties prenantes, dont certaines sont pr\u00e9sent\u00e9es dans la section \u00ab\u00a0Lectures compl\u00e9mentaires\u00a0\u00bb \u00e0 la fin de cette page.<\/p>\n\n\n\n<div style=\"height:39px\" aria-hidden=\"true\" class=\"wp-block-spacer\"><\/div>\n\n\n\n<h3 class=\"wp-block-heading\">Forums multipartites (FMP)<\/h3>\n\n\n\n<figure class=\"wp-block-image size-full is-resized\"><img loading=\"lazy\" decoding=\"async\" width=\"394\" height=\"394\" src=\"https:\/\/landscapesfuture.org\/wp-content\/uploads\/2023\/08\/Picture-3.png\" alt=\"\" class=\"wp-image-9516\" style=\"width:205px;height:205px\" srcset=\"https:\/\/landscapesfuture.org\/wp-content\/uploads\/2023\/08\/Picture-3.png 394w, https:\/\/landscapesfuture.org\/wp-content\/uploads\/2023\/08\/Picture-3-300x300.png 300w, https:\/\/landscapesfuture.org\/wp-content\/uploads\/2023\/08\/Picture-3-150x150.png 150w\" sizes=\"auto, (max-width: 394px) 100vw, 394px\" \/><\/figure>\n\n\n\n<p>Les FMS sont probablement le moyen le plus puissant de favoriser l&rsquo;int\u00e9gration dans la gestion de n&rsquo;importe quelle ressource naturelle. Les <em>FMS sont des espaces soigneusement mod\u00e9r\u00e9s pour la d\u00e9lib\u00e9ration et la prise de d\u00e9cision des parties prenantes autour d&rsquo;une vision<\/em>. Les FMP pr\u00e9sentent des avantages suppl\u00e9mentaires significatifs en mati\u00e8re d&rsquo;\u00e9quit\u00e9, d&rsquo;inclusion, d&rsquo;autonomisation, d&rsquo;\u00e9galit\u00e9 et d&rsquo;\u00e9quitabilit\u00e9. Ils repr\u00e9sentent \u00e9galement un centre dans lequel de nouvelles connaissances peuvent \u00eatre d\u00e9velopp\u00e9es, introduites et d\u00e9battues. La coordination r\u00e9ussie des FMP n\u00e9cessite une grande capacit\u00e9 d&rsquo;adaptation (voir ci-dessous) et des \u00ab\u00a0comp\u00e9tences non techniques\u00a0\u00bb (par exemple, la facilitation, la m\u00e9diation, la n\u00e9gociation et la convocation).<\/p>\n\n\n\n<p>Pour \u00eatre efficaces, les FMP doivent avoir un but &#8211; une raison d&rsquo;\u00eatre &#8211; et l&rsquo;un des moyens d&rsquo;y parvenir est de veiller \u00e0 ce qu&rsquo;elles aient des pouvoirs de d\u00e9cision. Cela pourrait signifier l&rsquo;inclusion des parties prenantes gouvernementales &#8211; bien que nous ne consid\u00e9rions pas qu&rsquo;il s&rsquo;agisse d&rsquo;une condition pr\u00e9alable. Les d\u00e9cisions d&rsquo;un FMP peuvent \u00eatre suivies par les institutions locales ou par la d\u00e9cision de poursuivre certaines activit\u00e9s. Si tous les FMP peuvent prendre des d\u00e9cisions \u00e0 un certain niveau, les d\u00e9cisions <em>pertinentes <\/em>sont celles qui peuvent affecter le comportement du syst\u00e8me paysager.<\/p>\n\n\n\n<p>La mani\u00e8re dont les FMP sont cr\u00e9\u00e9es et g\u00e9r\u00e9es, et les objectifs qu&rsquo;elles remplissent, d\u00e9pendent des besoins de l&rsquo;intervention et du contexte dans lequel elle est mise en \u0153uvre. L&rsquo;existence de plusieurs FMP peut \u00eatre positive, \u00e9tant donn\u00e9 les avantages que pr\u00e9sente le fait d&rsquo;avoir de nombreuses \u00e9quipes diff\u00e9rentes pour comprendre les probl\u00e8mes, la dynamique du syst\u00e8me, traiter les nouvelles connaissances et co-cr\u00e9er des strat\u00e9gies.<\/p>\n\n\n\n<div style=\"height:39px\" aria-hidden=\"true\" class=\"wp-block-spacer\"><\/div>\n\n\n\n<h3 class=\"wp-block-heading\">Vision commune<\/h3>\n\n\n\n<figure class=\"wp-block-image size-full is-resized\"><img loading=\"lazy\" decoding=\"async\" width=\"394\" height=\"394\" src=\"https:\/\/landscapesfuture.org\/wp-content\/uploads\/2023\/08\/Picture-4.png\" alt=\"\" class=\"wp-image-9521\" style=\"width:212px;height:212px\" srcset=\"https:\/\/landscapesfuture.org\/wp-content\/uploads\/2023\/08\/Picture-4.png 394w, https:\/\/landscapesfuture.org\/wp-content\/uploads\/2023\/08\/Picture-4-300x300.png 300w, https:\/\/landscapesfuture.org\/wp-content\/uploads\/2023\/08\/Picture-4-150x150.png 150w\" sizes=\"auto, (max-width: 394px) 100vw, 394px\" \/><\/figure>\n\n\n\n<p>Pour nous, une vision est un \u00e9tat futur id\u00e9al. L&rsquo;objectif de cette vision est de permettre la cr\u00e9ation d&rsquo;un lieu d&rsquo;<em>action<\/em> convaincant et inspirant. Une vision d\u00e9crit id\u00e9alement ce que seront les relations futures entre les parties prenantes ; elle doit \u00e9galement tenir compte de la place de la FMP dans ce dispositif. Si des parties prenantes antagonistes parviennent \u00e0 s&rsquo;entendre sur une vision commune, l&rsquo;intervention aura fait des progr\u00e8s consid\u00e9rables. La vision changera presque certainement au cours de la mise en \u0153uvre, et les participants seront amen\u00e9s \u00e0 revoir et \u00e0 r\u00e9imaginer leur vision.<\/p>\n\n\n\n<div style=\"height:39px\" aria-hidden=\"true\" class=\"wp-block-spacer\"><\/div>\n\n\n\n<h3 class=\"wp-block-heading\">Institutionnalisation<\/h3>\n\n\n\n<figure class=\"wp-block-image size-full is-resized\"><img loading=\"lazy\" decoding=\"async\" width=\"1006\" height=\"1006\" src=\"https:\/\/landscapesfuture.org\/wp-content\/uploads\/2023\/08\/Picture-6.png\" alt=\"\" class=\"wp-image-9530\" style=\"width:214px;height:214px\" srcset=\"https:\/\/landscapesfuture.org\/wp-content\/uploads\/2023\/08\/Picture-6.png 1006w, https:\/\/landscapesfuture.org\/wp-content\/uploads\/2023\/08\/Picture-6-300x300.png 300w, https:\/\/landscapesfuture.org\/wp-content\/uploads\/2023\/08\/Picture-6-150x150.png 150w, https:\/\/landscapesfuture.org\/wp-content\/uploads\/2023\/08\/Picture-6-768x768.png 768w\" sizes=\"auto, (max-width: 1006px) 100vw, 1006px\" \/><\/figure>\n\n\n\n<p>L&rsquo;institutionnalisation d\u00e9signe l&rsquo;int\u00e9gration ou non des processus d&rsquo;un projet dans les institutions de gouvernance d&rsquo;un paysage. Lorsque c&rsquo;est le cas, la probabilit\u00e9 que le projet soit durable est consid\u00e9rablement accrue.<\/p>\n\n\n\n<p>Il convient de noter que la \u00ab\u00a0gouvernance\u00a0\u00bb n&rsquo;est pas le monopole du gouvernement. Une gouvernance efficace fait g\u00e9n\u00e9ralement r\u00e9f\u00e9rence aux processus et pratiques de contr\u00f4le, de prise de d\u00e9cision et de mod\u00e9ration des relations entre l&rsquo;autorit\u00e9 (formelle et coutumi\u00e8re) et les administr\u00e9s, qui produisent les r\u00e9sultats souhait\u00e9s (c&rsquo;est-\u00e0-dire le bien-\u00eatre ou la stabilit\u00e9). C&rsquo;est pourquoi l&rsquo;adoption des processus du projet dans les institutions sociales locales est tr\u00e8s importante.<\/p>\n\n\n\n<p>Les institutions sociales sont des \u00ab\u00a0r\u00e9gularit\u00e9s durables de l&rsquo;action humaine dans des situations structur\u00e9es par des r\u00e8gles, des normes et des strat\u00e9gies partag\u00e9es\u00a0\u00bb. En ce sens, elles constituent des mod\u00e8les de comportement humain au sein du syst\u00e8me socio-\u00e9cologique, ainsi que des syst\u00e8mes en soi. Si de nouvelles fa\u00e7ons de faire sont institutionnalis\u00e9es, cela peut indiquer de nouveaux comportements du syst\u00e8me.<\/p>\n\n\n\n<div style=\"height:39px\" aria-hidden=\"true\" class=\"wp-block-spacer\"><\/div>\n\n\n\n<h3 class=\"wp-block-heading\">Gestion it\u00e9rative et adaptative<\/h3>\n\n\n\n<figure class=\"wp-block-image size-full is-resized\"><img loading=\"lazy\" decoding=\"async\" width=\"394\" height=\"394\" src=\"https:\/\/landscapesfuture.org\/wp-content\/uploads\/2023\/08\/Picture-5.png\" alt=\"\" class=\"wp-image-9525\" style=\"width:214px;height:214px\" srcset=\"https:\/\/landscapesfuture.org\/wp-content\/uploads\/2023\/08\/Picture-5.png 394w, https:\/\/landscapesfuture.org\/wp-content\/uploads\/2023\/08\/Picture-5-300x300.png 300w, https:\/\/landscapesfuture.org\/wp-content\/uploads\/2023\/08\/Picture-5-150x150.png 150w\" sizes=\"auto, (max-width: 394px) 100vw, 394px\" \/><\/figure>\n\n\n\n<p>Dans les syst\u00e8mes complexes, les niveaux de pr\u00e9visibilit\u00e9 et de garantie sont faibles. D&rsquo;une mani\u00e8re g\u00e9n\u00e9rale, des niveaux \u00e9lev\u00e9s de rigidit\u00e9 et d&rsquo;inflexibilit\u00e9 des projets r\u00e9duisent notre capacit\u00e9 \u00e0 naviguer dans la complexit\u00e9, ce qui, \u00e0 son tour, limite la capacit\u00e9 d&rsquo;\u00e9mergence du changement. Par cons\u00e9quent, nous devons nous adapter \u00e0 ces syst\u00e8mes.<\/p>\n\n\n\n<p>La \u00ab\u00a0gestion adaptative\u00a0\u00bb fait r\u00e9f\u00e9rence \u00e0<\/p>\n\n\n\n<ul class=\"wp-block-list\">\n<li>La mesure dans laquelle les actions sont r\u00e9versibles : ici, l&rsquo;id\u00e9e est d&rsquo;essayer quelque chose de nouveau et, s&rsquo;il s&rsquo;av\u00e8re que cela ne fonctionne pas, il est n\u00e9cessaire d&rsquo;avoir la capacit\u00e9 de faire marche arri\u00e8re.<\/li>\n\n\n\n<li>Si le syst\u00e8me peut \u00eatre compris par une exp\u00e9rimentation dans un espace et un temps r\u00e9duits : l&rsquo;action d'\u00a0\u00bbessayer quelque chose de nouveau\u00a0\u00bb est une exp\u00e9rience. Chacune de ces actions, qu&rsquo;elle r\u00e9ussisse ou qu&rsquo;elle \u00e9choue, nous apprend quelque chose sur le syst\u00e8me complexe dans lequel nous \u00e9voluons, ce qui contribue \u00e0 notre apprentissage. Ces \u00ab\u00a0exp\u00e9riences\u00a0\u00bb doivent \u00eatre de petite taille et d&rsquo;une dur\u00e9e relativement courte, en partie parce que nous ne voulons pas gaspiller les ressources, mais aussi pour essayer de garantir que nos exp\u00e9riences n&rsquo;auront pas de cons\u00e9quences impr\u00e9vues.<\/li>\n\n\n\n<li>Si le rythme d&rsquo;apprentissage du syst\u00e8me est suffisamment rapide pour fournir des informations utiles sur les d\u00e9cisions ult\u00e9rieures : ce qui est appris sur le syst\u00e8me doit \u00eatre int\u00e9gr\u00e9 dans la mise en \u0153uvre. En r\u00e8gle g\u00e9n\u00e9rale, cela donne lieu \u00e0 des profils de mise en \u0153uvre cycliques, dans lesquels l&rsquo;examen r\u00e9gulier des progr\u00e8s, des succ\u00e8s et des \u00e9checs de l&rsquo;intervention donne lieu \u00e0 des ajustements de trajectoire.<\/li>\n<\/ul>\n\n\n\n<p>En proc\u00e9dant de la sorte, une intervention am\u00e9liore progressivement sa capacit\u00e9 \u00e0 g\u00e9n\u00e9rer des r\u00e9sultats (changements de comportement) <em>au cours de sa mise en \u0153uvre<\/em> &#8211; en r\u00e9ponse \u00e0 l&rsquo;\u00e9chec et au succ\u00e8s, ainsi qu&rsquo;\u00e0 l&rsquo;exp\u00e9rience de l&rsquo;engagement dans le syst\u00e8me dont elle fait partie. Une fois qu&rsquo;un projet a d\u00e9fini une vision, il doit n\u00e9cessairement concevoir les strat\u00e9gies qu&rsquo;il emploiera pour la r\u00e9aliser. Lorsqu&rsquo;il d\u00e9tecte qu&rsquo;une strat\u00e9gie \u00e9loigne le projet de la vision, il doit faire une pause et reconsid\u00e9rer la situation : soit la vision est inaccessible et doit \u00eatre modifi\u00e9e, soit une autre strat\u00e9gie doit \u00eatre employ\u00e9e.<\/p>\n\n\n\n<div style=\"height:39px\" aria-hidden=\"true\" class=\"wp-block-spacer\"><\/div>\n\n\n\n<h2 class=\"wp-block-heading\">Solutions et outils techniques<\/h2>\n\n\n\n<figure class=\"wp-block-image size-full is-resized\"><img loading=\"lazy\" decoding=\"async\" width=\"118\" height=\"118\" src=\"https:\/\/landscapesfuture.org\/wp-content\/uploads\/2023\/04\/Tools-1.png\" alt=\"\" class=\"wp-image-7676\" style=\"width:188px;height:188px\"\/><\/figure>\n\n\n\n<div style=\"height:39px\" aria-hidden=\"true\" class=\"wp-block-spacer\"><\/div>\n\n\n\n<p>Il existe une grande vari\u00e9t\u00e9 d&rsquo;outils qui peuvent \u00eatre utilis\u00e9s dans le cadre de la gestion des paysages, qu&rsquo;il s&rsquo;agisse de ceux qui concernent l&rsquo;\u00e9tat de la base de ressources, d&rsquo;autres qui permettent d&rsquo;\u00e9valuer l&rsquo;impact d&rsquo;une intervention ou de ceux qui peuvent \u00eatre utilis\u00e9s comme des m\u00e9thodes utiles et des moyens de favoriser la coop\u00e9ration entre les parties prenantes. Il est toutefois important de noter que les outils <em>sont un moyen de parvenir \u00e0<\/em> une fin &#8211; et non une fin en soi.<\/p>\n\n\n\n<p>Les outils et les approches associ\u00e9es peuvent jouer un r\u00f4le important dans la collecte et le partage des connaissances, en aidant les FMP \u00e0 acqu\u00e9rir de nouvelles connaissances (techniques) pour surveiller les changements du syst\u00e8me, ainsi que les causes probables et les cons\u00e9quences futures des tendances. Ces apports compl\u00e8tent d&rsquo;autres formes de connaissances, en particulier les connaissances acquises sur la dynamique du syst\u00e8me par le biais des r\u00e9seaux d&rsquo;une intervention.<\/p>\n\n\n\n<div style=\"height:39px\" aria-hidden=\"true\" class=\"wp-block-spacer\"><\/div>\n\n\n\n<h1 class=\"wp-block-heading\">Vous voulez en savoir plus ?<\/h1>\n\n\n\n<ul class=\"wp-block-list\">\n<li>Voir notre s\u00e9rie <a href=\"https:\/\/landscapesfuture.org\/fr\/landscapes-in-practice\/\" data-type=\"URL\" data-id=\"https:\/\/landscapesfuture.org\/landscapes-in-practice\/\" target=\"_blank\" rel=\"noreferrer noopener\">Paysages en pratique<\/a><\/li>\n\n\n\n<li>Consultez \u00e0 tout moment notre centre de connaissances pour obtenir des informations relatives \u00e0 la GIP, ainsi que des nouvelles et des \u00e9v\u00e9nements du programme \u00ab\u00a0Des paysages pour notre avenir\u00a0\u00bb :<\/li>\n<\/ul>\n\n\n\n<figure class=\"wp-block-image size-large is-style-default\"><a href=\"https:\/\/landscapesfuture.org\/fr\/nouvelles\/\" target=\"_blank\" rel=\"noopener\"><img loading=\"lazy\" decoding=\"async\" width=\"1024\" height=\"409\" src=\"https:\/\/landscapesfuture.org\/wp-content\/uploads\/2024\/05\/Screenshot-2024-05-04-at-08.44.27-1024x409.png\" alt=\"\" class=\"wp-image-11353\" srcset=\"https:\/\/landscapesfuture.org\/wp-content\/uploads\/2024\/05\/Screenshot-2024-05-04-at-08.44.27-1024x409.png 1024w, https:\/\/landscapesfuture.org\/wp-content\/uploads\/2024\/05\/Screenshot-2024-05-04-at-08.44.27-300x120.png 300w, https:\/\/landscapesfuture.org\/wp-content\/uploads\/2024\/05\/Screenshot-2024-05-04-at-08.44.27-768x307.png 768w, https:\/\/landscapesfuture.org\/wp-content\/uploads\/2024\/05\/Screenshot-2024-05-04-at-08.44.27-1536x614.png 1536w, https:\/\/landscapesfuture.org\/wp-content\/uploads\/2024\/05\/Screenshot-2024-05-04-at-08.44.27-2048x818.png 2048w\" sizes=\"auto, (max-width: 1024px) 100vw, 1024px\" \/><\/a><\/figure>\n","protected":false},"excerpt":{"rendered":"<p>Nous d\u00e9finissons la GIP comme un processus visant \u00e0 favoriser la durabilit\u00e9 et la r\u00e9silience co-cr\u00e9\u00e9es dans les paysages gr\u00e2ce \u00e0 des strat\u00e9gies adaptatives, inclusives et int\u00e9gratrices\u00a0\u00bb. En consid\u00e9rant la GIP comme un processus , nous nous sommes concentr\u00e9s sur ce \u00e0 quoi elle pourrait ressembler, tout en reconnaissant qu&rsquo;une grande diversit\u00e9 de variables influencent [&hellip;]<\/p>\n","protected":false},"author":19,"featured_media":11034,"parent":5428,"menu_order":0,"comment_status":"closed","ping_status":"closed","template":"templates\/template-page-gutenberg.php","meta":{"inline_featured_image":false,"footnotes":"","_links_to":"","_links_to_target":""},"class_list":["post-11562","page","type-page","status-publish","has-post-thumbnail","hentry"],"_links":{"self":[{"href":"https:\/\/landscapesfuture.org\/fr\/wp-json\/wp\/v2\/pages\/11562","targetHints":{"allow":["GET"]}}],"collection":[{"href":"https:\/\/landscapesfuture.org\/fr\/wp-json\/wp\/v2\/pages"}],"about":[{"href":"https:\/\/landscapesfuture.org\/fr\/wp-json\/wp\/v2\/types\/page"}],"author":[{"embeddable":true,"href":"https:\/\/landscapesfuture.org\/fr\/wp-json\/wp\/v2\/users\/19"}],"replies":[{"embeddable":true,"href":"https:\/\/landscapesfuture.org\/fr\/wp-json\/wp\/v2\/comments?post=11562"}],"version-history":[{"count":6,"href":"https:\/\/landscapesfuture.org\/fr\/wp-json\/wp\/v2\/pages\/11562\/revisions"}],"predecessor-version":[{"id":14439,"href":"https:\/\/landscapesfuture.org\/fr\/wp-json\/wp\/v2\/pages\/11562\/revisions\/14439"}],"up":[{"embeddable":true,"href":"https:\/\/landscapesfuture.org\/fr\/wp-json\/wp\/v2\/pages\/5428"}],"wp:featuredmedia":[{"embeddable":true,"href":"https:\/\/landscapesfuture.org\/fr\/wp-json\/wp\/v2\/media\/11034"}],"wp:attachment":[{"href":"https:\/\/landscapesfuture.org\/fr\/wp-json\/wp\/v2\/media?parent=11562"}],"curies":[{"name":"wp","href":"https:\/\/api.w.org\/{rel}","templated":true}]}}