{"id":6462,"date":"2021-07-05T06:26:23","date_gmt":"2021-07-04T23:26:23","guid":{"rendered":"https:\/\/landscapesfuture.org\/zimbabue\/"},"modified":"2022-09-08T16:27:50","modified_gmt":"2022-09-08T09:27:50","slug":"zimbabue","status":"publish","type":"page","link":"https:\/\/landscapesfuture.org\/es\/zimbabue\/","title":{"rendered":"Zimbabue"},"content":{"rendered":"<style>\n@media only screen and (max-width: 960px) {\n   #hero-page{\n    background-image:url(\"https:\/\/landscapesfuture.org\/wp-content\/uploads\/2021\/11\/zimbabwe-3.jpg\");\n    background-position-y: bottom;\n    background-position-x: center;\n  }\n}\n\n#hero-page::after {\n    position: absolute;\n    content: ' ';\n    z-index: 0;\n    height: 100%;\n    width: 100%;\n    background-color: rgb(0,0,0,0.4);\n    top: 0;\n    left: 0;\n}\n#hero-page.section-bg::before{\nbackground-position-y: -385px;\n}\n\n.page #header #menu a {\n    color: #fff;\n}\n\n.page #header #menu .sub-menu li a{\n  color:#333;\n}\n\n.page #header #menu .sub-menu li a:hover{\n color:#FFFFFF;\n}\n<\/style>\n<!-- section hero -->\n<!-- close div before -->\n        <\/div>\n    <\/article>\n<\/div>\n\n<div id=\"hero-page\" class=\" block-hero-page flex-vcenter section-bg\">\n    <div class=\"block-hero-page_bg\">\n        <img decoding=\"async\" src=\"https:\/\/landscapesfuture.org\/wp-content\/uploads\/2021\/11\/zimbabwe-3.jpg\">\n    <\/div>\n    <div class=\"block-hero-page_overlay\"><\/div>\n    <div class=\"block-hero-page_content\">\n        <div class=\"container\">\n\n            <div class=\"hero-page\">\n                <div class=\"hero-page_title text-light\">\n                    <h1>Zimbabwe<\/h1>\n                    <!--<p><\/p>-->\n                                    <\/div>\n            <\/div>\n        <\/div>\n    <\/div>\n<\/div>\n\n<div class=\"container\">\n    <div class=\"row\">\n        <div class=\"col-12\">\n            <div class=\"breadcrumbs\" itemscope itemtype=\"http:\/\/schema.org\/BreadcrumbList\"><span itemprop=\"itemListElement\" itemscope itemtype=\"http:\/\/schema.org\/ListItem\"><a class=\"breadcrumbs__link\" href=\"https:\/\/landscapesfuture.org\/es\/\" itemprop=\"item\"><span itemprop=\"name\">Inicio<\/span><\/a><meta itemprop=\"position\" content=\"1\" \/><\/span><\/div><!-- .breadcrumbs -->        <\/div>\n    <\/div>\n<\/div>\n\n<div class=\"container\">\n    <article id=\"post-6462\" class=\"post-6462 page type-page status-publish hentry\">\n        <div class=\"entry-content\">\n<h1 class=\"project-title wp-block-heading\">Manejo Integrado Sostenible del Paisaje en el Parque Nacional Gonarezhou y las comunidades aleda\u00f1as, Zimbabue<\/h1>\n\n    <style> \n        .logo-partner-on-team {\n              max-height: 80px;\n              max-width: 180px;\n        }\n    <\/style><div id=\"\" class=\" block-clear wpe-block\"><h3 class=\"mt-3 mb-4 fs-3-5\"><\/h3><div><\/div><div class=\"wpe-block-title\"><h2>Lead organization<\/h2><\/div><div class=\"d-flex justify-content-start flex-wrap flex-row columns-10 middle-md m-margin-bottom-30 partner-list-items\" style=\"justify-content: flex-start;\">\n    \n            <div class=\"me-4 mb-4 partner-item d-table\">\n                <a href=\"https:\/\/www.sustainableagritech.co.zw\/\" class=\"d-table-cell align-middle\" title=\"Sustainable Agriculture Technology, WILD Program Project\">\n                    <img decoding=\"async\" src=\"http:\/\/landscapesfuture.org\/wp-content\/uploads\/2022\/01\/SAT-logo.png\" alt=\"Sustainable Agriculture Technology, WILD Program Project\" class=\"logo-partner-on-team\" title=\"Sustainable Agriculture Technology, WILD Program Project\">\n                <\/a>\n            <\/div><\/div><div class=\"wpe-block-title\"><h2>Partners<\/h2><\/div><div class=\"d-flex justify-content-start flex-wrap flex-row columns-10 middle-md m-margin-bottom-30 partner-list-items\" style=\"justify-content: flex-start;\">\n    \n            <div class=\"me-4 mb-4 partner-item d-table\">\n                <a href=\"https:\/\/gonarezhou.org\/\" class=\"d-table-cell align-middle\" title=\"Gonarezhou Conservation Trust\">\n                    <img decoding=\"async\" src=\"http:\/\/landscapesfuture.org\/wp-content\/uploads\/2022\/01\/GCT-logo.png\" alt=\"Gonarezhou Conservation Trust\" class=\"logo-partner-on-team\" title=\"Gonarezhou Conservation Trust\">\n                <\/a>\n            <\/div>\n    \n            <div class=\"me-4 mb-4 partner-item d-table\">\n                <a href=\"https:\/\/www.cesvi.eu\/\" class=\"d-table-cell align-middle\" title=\"cesvi\">\n                    <img decoding=\"async\" src=\"http:\/\/landscapesfuture.org\/wp-content\/uploads\/2022\/01\/cesvi-logo.jpg\" alt=\"cesvi\" class=\"logo-partner-on-team\" title=\"cesvi\">\n                <\/a>\n            <\/div>\n    \n            <div class=\"me-4 mb-4 partner-item d-table\">\n                <a href=\"https:\/\/www.ccfa.africa\/2019\/08\/15\/jamanda-community-conservancy-project\/\" class=\"d-table-cell align-middle\" title=\"Jamanda Community Conservancy\">\n                    <img decoding=\"async\" src=\"http:\/\/landscapesfuture.org\/wp-content\/uploads\/2022\/01\/Community-Conservation-Fund-Africa-CCFA-Logo.png\" alt=\"Jamanda Community Conservancy\" class=\"logo-partner-on-team\" title=\"Jamanda Community Conservancy\">\n                <\/a>\n            <\/div>\n    \n            <div class=\"me-4 mb-4 partner-item d-table\">\n                <a href=\"\" class=\"d-table-cell align-middle\" title=\"WILD-Africa\">\n                    <img decoding=\"async\" src=\"http:\/\/landscapesfuture.org\/wp-content\/uploads\/2022\/02\/wild-africa-300.png\" alt=\"WILD-Africa\" class=\"logo-partner-on-team\" title=\"WILD-Africa\">\n                <\/a>\n            <\/div><\/div><\/div>\n<div class=\"wp-block-columns is-layout-flex wp-container-core-columns-is-layout-9d6595d7 wp-block-columns-is-layout-flex\">\n<div class=\"wp-block-column is-layout-flow wp-block-column-is-layout-flow\" style=\"flex-basis:66.66%\">\n<p><strong>Organizaci\u00f3n l\u00edder:<\/strong> Proyecto del Programa WILD de Tecnolog\u00eda Agr\u00edcola Sostenible<\/p>\n\n\n\n<p><strong>Socios:<\/strong> Gonarezhou Conservation Trust, Cesvi, Jamanda Community Conservancy, Manjinji Bosman&#8217;s Community Conservation and Tourism Partnership, WILD-Africa<\/p>\n\n\n\n<h2 class=\"wp-block-heading\">\u00c1reas tem\u00e1ticas clave<\/h2>\n\n\n\n<p>El \u00abtriple desaf\u00edo\u00bb de equilibrar la necesidad de (1) evitar una mayor p\u00e9rdida de biodiversidad y mantener los servicios vitales de los ecosistemas; (2) mitigar y adaptarse al cambio clim\u00e1tico, y al mismo tiempo (3) mantener de forma sostenible a una poblaci\u00f3n humana creciente.<\/p>\n<\/div>\n\n\n\n<div class=\"wp-block-column is-layout-flow wp-block-column-is-layout-flow\" style=\"flex-basis:33.33%\"><\/div>\n<\/div>\n\n<div class=\"wp-block-columns is-layout-flex wp-container-core-columns-is-layout-9d6595d7 wp-block-columns-is-layout-flex\">\n<div class=\"wp-block-column is-layout-flow wp-block-column-is-layout-flow\">\n<h2 class=\"wp-block-heading\">Desaf\u00edos<\/h2>\n\n\n\n<p>El entorno propenso a la sequ\u00eda y la grave degradaci\u00f3n del medio ambiente, junto con las escasas oportunidades de generaci\u00f3n de ingresos en las zonas protegidas y sus alrededores, se han visto exacerbados por los extremos clim\u00e1ticos y la inestabilidad pol\u00edtica. La mala gesti\u00f3n de los recursos naturales ha provocado una grave degradaci\u00f3n de la tierra, el descontento de las comunidades y el deterioro de la educaci\u00f3n, la sanidad, las infraestructuras y los servicios sociales. La interrupci\u00f3n de los corredores de fauna y la invasi\u00f3n de las zonas de amortiguaci\u00f3n alrededor de los parques han debilitado los ecosistemas, con una escalada de la caza furtiva para abastecer a las redes internacionales de tr\u00e1fico de fauna y flora silvestres, y erosionando la seguridad de las comunidades.<\/p>\n<\/div>\n\n\n\n<div class=\"wp-block-column is-layout-flow wp-block-column-is-layout-flow\">\n<h2 class=\"wp-block-heading\">Meta<\/h2>\n\n\n\n<p>Mejorar la prosperidad social, econ\u00f3mica y ecol\u00f3gica y la capacidad de recuperaci\u00f3n de las comunidades y las \u00e1reas protegidas en la parte zimbabuense del <em>\u00c1rea de Conservaci\u00f3n Transfronteriza del Gran Limpopo (GLTFCA)<\/em>, mediante:<\/p>\n\n\n\n<ul class=\"wp-block-list\"><li>Objetivo espec\u00edfico 1: Desarrollo de un marco integrado de gesti\u00f3n del uso del suelo y de los recursos naturales y de desarrollo sostenible para el Parque Nacional de Gonarezhou y las comunidades vecinas;<\/li><li>Objetivo espec\u00edfico 2: Creaci\u00f3n de un Fondo Comunitario para el Medio Ambiente y el Desarrollo (CEDF) para apoyar la aplicaci\u00f3n a largo plazo del Plan Integrado de Ordenaci\u00f3n del Territorio.<\/li><\/ul><\/div>\n<\/div>\n\n<div class=\"wp-block-columns section-bg wpe-mapbg pt-5 pb-5 is-layout-flex wp-container-core-columns-is-layout-9d6595d7 wp-block-columns-is-layout-flex\">\n<div class=\"wp-block-column is-layout-flow wp-block-column-is-layout-flow\">\n<img decoding=\"async\" src=\"http:\/\/landscapesfuture.org\/wp-content\/uploads\/svg-map\/Landscape%20for%20our%20future-country%20map-worldwide_Zimbabwe.svg\" style=\"width:100%;padding-right:60px\" \/><\/div>\n\n\n\n<div class=\"wp-block-column is-layout-flow wp-block-column-is-layout-flow\">\n<h2 class=\"wp-block-heading\">paisajes<\/h2>\n\n\n\n<p>La GLTFCA es una vasta biosfera que une grandes parques nacionales, cuencas hidrogr\u00e1ficas y comunidades de Zimbabue, Mozambique y Sud\u00e1frica. El proyecto incorporar\u00e1 el Parque Nacional de Gonarezhou y todas las comunidades adyacentes que conforman la parte zimbabuense del GL-TFCA, con \u00e9nfasis en los sectores de Sengwe Tchipise Corridor y Mahenye, que abarcan unas 650.000 hect\u00e1reas. La zona es extremadamente calurosa, semi\u00e1rida y se caracteriza por la escasez de precipitaciones, y es propensa a sequ\u00edas prolongadas y recurrentes. Esto hace que los cultivos de secano tradicionales y la ganader\u00eda comunal sean extremadamente marginales como usos primarios de la tierra. Tras una gran sequ\u00eda en 1991-92, la mayor\u00eda de las explotaciones ganaderas de propiedad privada tomaron la decisi\u00f3n econ\u00f3mica de pasarse a la producci\u00f3n de animales silvestres a gran escala para el turismo, que ha demostrado ser m\u00e1s sostenible desde el punto de vista ecol\u00f3gico y econ\u00f3mico y m\u00e1s resistente a la sequ\u00eda.<\/p>\n<\/div>\n<\/div>\n\n<div class=\"wp-block-columns is-layout-flex wp-container-core-columns-is-layout-9d6595d7 wp-block-columns-is-layout-flex\">\n<div class=\"wp-block-column is-layout-flow wp-block-column-is-layout-flow\" style=\"flex-basis:66.66%\">\n<h2 class=\"wp-block-heading\">Acercarse<\/h2>\n\n\n\n<p>El proyecto enlaza los principales parques nacionales de tres pa\u00edses, creando un corredor migratorio para los animales y liberando as\u00ed la presi\u00f3n sobre las zonas protegidas. Junto con las comunidades locales, el enfoque consiste en impulsar el ecoturismo y las oportunidades econ\u00f3micas, abordando problemas socioecon\u00f3micos m\u00e1s profundos y protegiendo al mismo tiempo el paisaje. La sostenibilidad a largo plazo se garantizar\u00e1 a trav\u00e9s de actividades generadoras de ingresos, como la construcci\u00f3n de una granja solar y la aplicaci\u00f3n de programas de secuestro de carbono REDD+, as\u00ed como el desarrollo de capacidades para mejorar y hacer m\u00e1s eficiente la planificaci\u00f3n del uso de la tierra, la gesti\u00f3n medioambiental y la gobernanza.<\/p>\n\n\n\n<h2 class=\"wp-block-heading\">Acciones espec\u00edficas<\/h2>\n\n\n\n<p>Acciones espec\u00edficas que incluyen la actualizaci\u00f3n y revisi\u00f3n del Plan General de Gesti\u00f3n del Parque Nacional de Gonarezhou, que se integrar\u00e1 con los planes de uso del suelo desarrollados con y para las zonas comunitarias vecinas. Tambi\u00e9n se desarrollar\u00e1n planes a nivel comunitario para la gesti\u00f3n medioambiental, y se facilitar\u00e1 a las organizaciones comunitarias la ayuda para aumentar el compromiso, la concienciaci\u00f3n y el desarrollo de capacidades en cada uno de los cinco sectores comunitarios vecinos al PN de Gonarezhou. Se llevar\u00e1 a cabo un estudio de referencia socioecon\u00f3mico y medioambiental, incorporando sistemas, equipos y desarrollo de capacidades. Se contratar\u00e1 a un proveedor profesional de servicios solares para construir un parque solar a escala comercial y se negociar\u00e1n contratos de venta de energ\u00eda a largo plazo. Se aplicar\u00e1 el pago por los servicios de los ecosistemas, como un modelo de secuestro de carbono del tipo REDD+, desde el establecimiento hasta la venta del carbono.<\/p>\n<\/div>\n\n\n\n<div class=\"wp-block-column is-layout-flow wp-block-column-is-layout-flow\" style=\"flex-basis:33.33%\"><\/div>\n<\/div>\n\n<div class=\"wp-block-columns section-bg wpe-bggrey pt-5 pb-5 is-layout-flex wp-container-core-columns-is-layout-9d6595d7 wp-block-columns-is-layout-flex\">\n<div class=\"wp-block-column is-layout-flow wp-block-column-is-layout-flow\">\n<h2 class=\"wp-block-heading\">Contacto<\/h2>\n\n\n\n<p>Dr. Chap Masterson<br \/>Coordinador t\u00e9cnico, WILD-\u00c1frica<\/p>\n<\/div>\n<\/div>\n\n<div class=\"wp-block-columns is-layout-flex wp-container-core-columns-is-layout-9d6595d7 wp-block-columns-is-layout-flex\">\n<div class=\"wp-block-column is-layout-flow wp-block-column-is-layout-flow\">\n<h2 class=\"wp-block-heading\">M\u00e1s informaci\u00f3n<\/h2>\n\n\n\n<p>P\u00e1gina web del proyecto:<a href=\"http:\/\/www.WILD-Africa.org\/EU-ILMP\" target=\"_blank\" rel=\"noreferrer noopener\"> www.WILD-Africa.org\/EU-ILMP<\/a> (En construcci\u00f3n)<br \/>Sitio web asociado:<\/p>\n\n\n\n<ul class=\"wp-block-list\"><li><a href=\"https:\/\/landscapesfuture.org\/actions\/regions\/africa\/zimbabwe\/www.WILD-Africa.org\" target=\"_blank\" rel=\"noreferrer noopener\">www.WILD-Africa.org<\/a><\/li><li><a href=\"https:\/\/gonarezhou.org\/\" target=\"_blank\" rel=\"noreferrer noopener\">www.gonarezhou.org<\/a><\/li><li><a href=\"http:\/\/www.sustainableagrictrust.co.zw\/\" target=\"_blank\" rel=\"noreferrer noopener\">www.sustainableagrictrust.co.zw<\/a><\/li><li><a href=\"https:\/\/www.cesvi.eu\/\" target=\"_blank\" rel=\"noreferrer noopener\">www.cesvi.eu<\/a><\/li><\/ul><\/div>\n<\/div>\n","protected":false},"excerpt":{"rendered":"<p>Manejo Integrado Sostenible del Paisaje en el Parque Nacional Gonarezhou y las comunidades aleda\u00f1as, Zimbabue Organizaci\u00f3n l\u00edder: Proyecto del Programa WILD de Tecnolog\u00eda Agr\u00edcola Sostenible Socios: Gonarezhou Conservation Trust, Cesvi, Jamanda Community Conservancy, Manjinji Bosman&#8217;s Community Conservation and Tourism Partnership, WILD-Africa \u00c1reas tem\u00e1ticas clave El \u00abtriple desaf\u00edo\u00bb de equilibrar la necesidad de (1) evitar una [&hellip;]<\/p>\n","protected":false},"author":1,"featured_media":0,"parent":0,"menu_order":0,"comment_status":"closed","ping_status":"closed","template":"templates\/template-page-gutenberg.php","meta":{"inline_featured_image":false,"footnotes":"","_links_to":"","_links_to_target":""},"class_list":["post-6462","page","type-page","status-publish","hentry"],"_links":{"self":[{"href":"https:\/\/landscapesfuture.org\/es\/wp-json\/wp\/v2\/pages\/6462","targetHints":{"allow":["GET"]}}],"collection":[{"href":"https:\/\/landscapesfuture.org\/es\/wp-json\/wp\/v2\/pages"}],"about":[{"href":"https:\/\/landscapesfuture.org\/es\/wp-json\/wp\/v2\/types\/page"}],"author":[{"embeddable":true,"href":"https:\/\/landscapesfuture.org\/es\/wp-json\/wp\/v2\/users\/1"}],"replies":[{"embeddable":true,"href":"https:\/\/landscapesfuture.org\/es\/wp-json\/wp\/v2\/comments?post=6462"}],"version-history":[{"count":2,"href":"https:\/\/landscapesfuture.org\/es\/wp-json\/wp\/v2\/pages\/6462\/revisions"}],"predecessor-version":[{"id":6464,"href":"https:\/\/landscapesfuture.org\/es\/wp-json\/wp\/v2\/pages\/6462\/revisions\/6464"}],"wp:attachment":[{"href":"https:\/\/landscapesfuture.org\/es\/wp-json\/wp\/v2\/media?parent=6462"}],"curies":[{"name":"wp","href":"https:\/\/api.w.org\/{rel}","templated":true}]}}