{"id":6455,"date":"2021-08-21T22:36:34","date_gmt":"2021-08-21T15:36:34","guid":{"rendered":"https:\/\/landscapesfuture.org\/vietnam\/"},"modified":"2022-09-08T14:46:03","modified_gmt":"2022-09-08T07:46:03","slug":"vietnam","status":"publish","type":"page","link":"https:\/\/landscapesfuture.org\/es\/vietnam\/","title":{"rendered":"Vietnam"},"content":{"rendered":"<style>\n@media only screen and (max-width: 960px) {\n   #hero-page{\n    background-image:url(\"https:\/\/landscapesfuture.org\/wp-content\/uploads\/2021\/11\/vietnam-2.jpg\");\n    background-position-y: bottom;\n    background-position-x: center;\n  }\n}\n\n#hero-page::after {\n    position: absolute;\n    content: ' ';\n    z-index: 0;\n    height: 100%;\n    width: 100%;\n    background-color: rgb(0,0,0,0.4);\n    top: 0;\n    left: 0;\n}\n#hero-page.section-bg::before{\nbackground-position-y: -385px;\n}\n\n.page #header #menu a {\n    color: #fff;\n}\n\n.page #header #menu .sub-menu li a{\n  color:#333;\n}\n\n.page #header #menu .sub-menu li a:hover{\n color:#FFFFFF;\n}\n\n.home.page-id-429 #wrapper, .page.page-id-429 #wrapper {\n    margin-top: 82px;\n}\n.home.page-id-429 #header, .page.page-id-429 #header {\n    background-color: #2E3546;\n    border: 0px;\n}\n\n.home.page-id-429 #header.darkHeader #menu a, \n.page.page-id-429 #header.darkHeader #menu a{\n   color:#252122;\n}\n\n.home.page-id-429  #header.darkHeader, .page.page-id-429  #header.darkHeader {\n    background-color: #FFFFFF;\n    border-bottom: 1px solid #ddd;\n}<\/style>\n<!-- section hero -->\n<!-- close div before -->\n        <\/div>\n    <\/article>\n<\/div>\n\n<div id=\"hero-page\" class=\" block-hero-page flex-vcenter section-bg\">\n    <div class=\"block-hero-page_bg\">\n        <img decoding=\"async\" src=\"https:\/\/landscapesfuture.org\/wp-content\/uploads\/2021\/11\/vietnam-2.jpg\">\n    <\/div>\n    <div class=\"block-hero-page_overlay\"><\/div>\n    <div class=\"block-hero-page_content\">\n        <div class=\"container\">\n\n            <div class=\"hero-page\">\n                <div class=\"hero-page_title text-light\">\n                    <h1>Vietnam<\/h1>\n                    <!--<p><\/p>-->\n                                    <\/div>\n            <\/div>\n        <\/div>\n    <\/div>\n<\/div>\n\n<div class=\"container\">\n    <div class=\"row\">\n        <div class=\"col-12\">\n            <div class=\"breadcrumbs\" itemscope itemtype=\"http:\/\/schema.org\/BreadcrumbList\"><span itemprop=\"itemListElement\" itemscope itemtype=\"http:\/\/schema.org\/ListItem\"><a class=\"breadcrumbs__link\" href=\"https:\/\/landscapesfuture.org\/es\/\" itemprop=\"item\"><span itemprop=\"name\">Inicio<\/span><\/a><meta itemprop=\"position\" content=\"1\" \/><\/span><\/div><!-- .breadcrumbs -->        <\/div>\n    <\/div>\n<\/div>\n\n<div class=\"container\">\n    <article id=\"post-6455\" class=\"post-6455 page type-page status-publish hentry\">\n        <div class=\"entry-content\">\n\n\n<h1 class=\"project-title has-very-dark-gray-color has-text-color wp-block-heading\">Gesti\u00f3n integrada y sostenible del paisaje a trav\u00e9s de una jurisdicci\u00f3n libre de deforestaci\u00f3n en Lam Dong y Dak Nong, Vietnam<\/h1>\n\n\n\n    <style> \n        .logo-partner-on-team {\n              max-height: 80px;\n              max-width: 180px;\n        }\n    <\/style><div id=\"\" class=\" block-clear wpe-block\"><h3 class=\"mt-3 mb-4 fs-3-5\"><\/h3><div><\/div><div class=\"wpe-block-title\"><h2>Lead implementer<\/h2><\/div><div class=\"d-flex justify-content-start flex-wrap flex-row columns-10 middle-md m-margin-bottom-30 partner-list-items\" style=\"justify-content: flex-start;\">\n    \n            <div class=\"me-4 mb-4 partner-item d-table\">\n                <a href=\"https:\/\/www.undp.org\/\" class=\"d-table-cell align-middle\" title=\"United Nations Development Programme (UNDP)\">\n                    <img decoding=\"async\" src=\"http:\/\/landscapesfuture.org\/wp-content\/uploads\/2022\/01\/UNDP_logo.png\" alt=\"United Nations Development Programme (UNDP)\" class=\"logo-partner-on-team\" title=\"United Nations Development Programme (UNDP)\">\n                <\/a>\n            <\/div><\/div><div class=\"wpe-block-title\"><h2>Partners<\/h2><\/div><div class=\"d-flex justify-content-start flex-wrap flex-row columns-10 middle-md m-margin-bottom-30 partner-list-items\" style=\"justify-content: flex-start;\">\n    \n            <div class=\"me-4 mb-4 partner-item d-table\">\n                <a href=\"https:\/\/www.mard.gov.vn\/en\/Pages\/default.aspx\" class=\"d-table-cell align-middle\" title=\"Ministry of Agriculture and Rural Development (MARD), Viet Nam\">\n                    <img decoding=\"async\" src=\"http:\/\/landscapesfuture.org\/wp-content\/uploads\/2022\/01\/MARD-logo.png\" alt=\"Ministry of Agriculture and Rural Development (MARD), Viet Nam\" class=\"logo-partner-on-team\" title=\"Ministry of Agriculture and Rural Development (MARD), Viet Nam\">\n                <\/a>\n            <\/div>\n    \n            <div class=\"me-4 mb-4 partner-item d-table\">\n                <a href=\"https:\/\/daknong.gov.vn\/web\/dak-nong-english\/daknong-introduction\" class=\"d-table-cell align-middle\" title=\"Provincial People\u2019s Committees (PPCs) of Dak Nong and Lam Dong\">\n                    <img decoding=\"async\" src=\"http:\/\/landscapesfuture.org\/wp-content\/uploads\/2022\/02\/Dak-Nong-logo-300.jpg\" alt=\"Provincial People\u2019s Committees (PPCs) of Dak Nong and Lam Dong\" class=\"logo-partner-on-team\" title=\"Provincial People\u2019s Committees (PPCs) of Dak Nong and Lam Dong\">\n                <\/a>\n            <\/div>\n    \n            <div class=\"me-4 mb-4 partner-item d-table\">\n                <a href=\"https:\/\/ciat.cgiar.org\/\" class=\"d-table-cell align-middle\" title=\"Centro Internacional de Agricultura Tropical (CIAT)\">\n                    <img decoding=\"async\" src=\"https:\/\/www.cifor.org\/wp-content\/uploads\/2020\/01\/ciat-logo.png\" alt=\"Centro Internacional de Agricultura Tropical (CIAT)\" class=\"logo-partner-on-team\" title=\"Centro Internacional de Agricultura Tropical (CIAT)\">\n                <\/a>\n            <\/div>\n    \n            <div class=\"me-4 mb-4 partner-item d-table\">\n                <a href=\"https:\/\/www.efi.int\/\" class=\"d-table-cell align-middle\" title=\"European Forest Institute (EFI)\">\n                    <img decoding=\"async\" src=\"https:\/\/www.cifor.org\/wp-content\/uploads\/2020\/04\/logo-efi-sm.png\" alt=\"European Forest Institute (EFI)\" class=\"logo-partner-on-team\" title=\"European Forest Institute (EFI)\">\n                <\/a>\n            <\/div>\n    \n            <div class=\"me-4 mb-4 partner-item d-table\">\n                <a href=\"https:\/\/www.idhsustainabletrade.com\/\" class=\"d-table-cell align-middle\" title=\"Sustainable Trade Initiative (IDH) \">\n                    <img decoding=\"async\" src=\"http:\/\/landscapesfuture.org\/wp-content\/uploads\/2022\/01\/IDH-logo.jpg\" alt=\"Sustainable Trade Initiative (IDH) \" class=\"logo-partner-on-team\" title=\"Sustainable Trade Initiative (IDH) \">\n                <\/a>\n            <\/div>\n    \n            <div class=\"me-4 mb-4 partner-item d-table\">\n                <a href=\"https:\/\/www.unep.org\/\" class=\"d-table-cell align-middle\" title=\"UN Environment Programme ( UNEP )\">\n                    <img decoding=\"async\" src=\"https:\/\/www.cifor.org\/wp-content\/uploads\/2020\/05\/UNEP.png\" alt=\"UN Environment Programme ( UNEP )\" class=\"logo-partner-on-team\" title=\"UN Environment Programme ( UNEP )\">\n                <\/a>\n            <\/div><\/div><\/div>\n\n\n<div class=\"wp-block-columns is-layout-flex wp-container-core-columns-is-layout-9d6595d7 wp-block-columns-is-layout-flex\">\n<div class=\"wp-block-column is-layout-flow wp-block-column-is-layout-flow\" style=\"flex-basis:66.66%\">\n<p><strong>Responsable de la ejecuci\u00f3n:<\/strong> PNUD<\/p>\n\n\n\n<p><strong>Socios:<\/strong> Ministerio de Agricultura y Desarrollo Rural (MARD) y los Comit\u00e9s Populares Provinciales (PPC) de Dak Nong y Lam Dong, con el apoyo del Centro Internacional de Agricultura Tropical (CIAT), el Instituto Forestal Europeo (EFI), la Iniciativa de Comercio Sostenible (IDH) y el Programa de las Naciones Unidas para el Medio Ambiente (PNUMA).<\/p>\n\n\n\n<h2 class=\"wp-block-heading\">\u00c1reas tem\u00e1ticas clave<\/h2>\n\n\n\n<p>El proyecto trabajar\u00e1 para evitar una mayor p\u00e9rdida de biodiversidad, conservando, restaurando y utilizando de forma sostenible ecosistemas terrestres y forestales vitales, para mitigar el cambio clim\u00e1tico y adaptarse a \u00e9l.<\/p>\n<\/div>\n\n\n\n<div class=\"wp-block-column is-layout-flow wp-block-column-is-layout-flow\" style=\"flex-basis:33.33%\"><\/div>\n<\/div>\n\n\n\n<div class=\"wp-block-columns is-layout-flex wp-container-core-columns-is-layout-9d6595d7 wp-block-columns-is-layout-flex\">\n<div class=\"wp-block-column is-layout-flow wp-block-column-is-layout-flow\">\n<h2 class=\"wp-block-heading\">Desaf\u00edos<\/h2>\n\n\n\n<p>La grave degradaci\u00f3n del medio ambiente y las escasas oportunidades de generaci\u00f3n de ingresos en torno a las zonas protegidas se han visto agravadas por los extremos clim\u00e1ticos y la inestabilidad pol\u00edtica en las tierras altas centrales. La mala gesti\u00f3n de los recursos naturales ha provocado una grave degradaci\u00f3n de la tierra, el descontento de las comunidades y una menor disponibilidad de educaci\u00f3n, sanidad, infraestructuras y servicios sociales. La interrupci\u00f3n de los corredores de la fauna y la invasi\u00f3n humana de las zonas de amortiguaci\u00f3n alrededor de los parques han debilitado los ecosistemas, acompa\u00f1ados de una escalada de la caza furtiva para abastecer a las redes internacionales de tr\u00e1fico de fauna. Las minor\u00edas \u00e9tnicas y las comunidades ind\u00edgenas se ven especialmente afectadas por este trastorno social y medioambiental.<\/p>\n<\/div>\n\n\n\n<div class=\"wp-block-column is-layout-flow wp-block-column-is-layout-flow\">\n<h2 class=\"wp-block-heading\">Meta<\/h2>\n\n\n\n<p>Mejorar la sostenibilidad medioambiental, la inclusi\u00f3n social y la resiliencia de los modelos de producci\u00f3n de alimentos y las cadenas de suministro en las tierras altas centrales de Vietnam.<\/p>\n<\/div>\n<\/div>\n\n\n\n<div class=\"wp-block-columns section-bg wpe-mapbg pt-5 pb-5 is-layout-flex wp-container-core-columns-is-layout-9d6595d7 wp-block-columns-is-layout-flex\">\n<div class=\"wp-block-column is-layout-flow wp-block-column-is-layout-flow\">\n<img decoding=\"async\" src=\"http:\/\/landscapesfuture.org\/wp-content\/uploads\/svg-map\/Landscape%20for%20our%20future-country%20map-worldwide_Vietnam.svg\" style=\"width:100%;padding-right:60px\">\n<\/div>\n\n\n\n<div class=\"wp-block-column is-layout-flow wp-block-column-is-layout-flow\">\n<h2 class=\"wp-block-heading\">paisajes<\/h2>\n\n\n\n<p>En los \u00faltimos 30 a\u00f1os, el Producto Interior Bruto de Vietnam ha aumentado alrededor de un 6% anual, mientras que su \u00cdndice de Desarrollo Humano ha aumentado y la pobreza se ha reducido dr\u00e1sticamente. Pero los beneficios no se reparten por igual. Aunque la producci\u00f3n de caf\u00e9 en la regi\u00f3n de las Tierras Altas Centrales ha convertido a Vietnam en el segundo exportador mundial de caf\u00e9, la regi\u00f3n es tambi\u00e9n la segunda m\u00e1s desfavorecida de Vietnam. Los hogares ind\u00edgenas, en particular, siguen siendo extremadamente pobres. Los retos estructurales que contribuyen a ello son la p\u00e9rdida de la cubierta forestal, especialmente en las provincias de Lam Dong y Dak Nong, debido a la r\u00e1pida expansi\u00f3n de las plantaciones de caf\u00e9, caucho y madera. Las tierras agr\u00edcolas se han degradado por la contaminaci\u00f3n qu\u00edmica y la erosi\u00f3n del suelo, y la vulnerabilidad al cambio clim\u00e1tico, la sequ\u00eda y la escasez de agua ha aumentado, junto con el potencial de conflicto por la escasez de tierras y recursos.<\/p>\n<\/div>\n<\/div>\n\n\n\n<div class=\"wp-block-columns is-layout-flex wp-container-core-columns-is-layout-9d6595d7 wp-block-columns-is-layout-flex\">\n<div class=\"wp-block-column is-layout-flow wp-block-column-is-layout-flow\" style=\"flex-basis:66.66%\">\n<h2 class=\"wp-block-heading\">Acercarse<\/h2>\n\n\n\n<p>El proyecto pretende mejorar la sostenibilidad medioambiental, la inclusi\u00f3n social y la resistencia de la producci\u00f3n de alimentos y las cadenas de suministro en las tierras altas centrales de Vietnam. De este modo, se reducir\u00e1n las p\u00e9rdidas y la degradaci\u00f3n de los bosques naturales, con esfuerzos para proteger la biodiversidad, restaurar los ecosistemas prioritarios, reducir las emisiones de gases de efecto invernadero y mejorar los medios de vida -especialmente de las minor\u00edas \u00e9tnicas y las mujeres- en las cadenas de valor de la agricultura, la silvicultura y el ecoturismo. La producci\u00f3n de alimentos se mantendr\u00e1 y la calidad aumentar\u00e1 gracias a la mejora de las pr\u00e1cticas agr\u00edcolas, la mejor organizaci\u00f3n de los productores y las cadenas de suministro transparentes y acortadas.<\/p>\n\n\n\n<h2 class=\"wp-block-heading\">Acciones espec\u00edficas<\/h2>\n\n\n\n<p>Este proyecto, que se desarrolla en cuatro distritos de dos provincias de Vietnam -los distritos de Di Linh y Lac Duong, en Lam Dong, y los distritos de Dak G&#8217;Long y Dak R&#8217;Lap, en Dak Nong-, pretende reducir las emisiones equivalentes a unos 3 millones de toneladas de CO<sub>2<\/sub>  en la zona al final del proyecto, apoyando la labor del programa de las Naciones Unidas para la Reducci\u00f3n de las Emisiones por Deforestaci\u00f3n y Degradaci\u00f3n de los Bosques (REDD+). Tambi\u00e9n se elaborar\u00e1 un plan y un mapa de uso del suelo integrados para cada distrito piloto, con objetivos de sostenibilidad y planes de acci\u00f3n claros. Se desarrollar\u00e1 un s\u00f3lido sistema de seguimiento y evaluaci\u00f3n intersectorial y plataformas para el di\u00e1logo entre las distintas partes interesadas, y se formar\u00e1 a las instituciones locales y a los agricultores en materia de producci\u00f3n sostenible. El proyecto apoyar\u00e1 a los beneficiarios sobre el terreno para desarrollar los modelos de productos y servicios agr\u00edcolas y forestales no madereros prioritarios. El proyecto tambi\u00e9n llevar\u00e1 a cabo un mapeo de la financiaci\u00f3n del uso del suelo, as\u00ed como el an\u00e1lisis y la formulaci\u00f3n de casos empresariales y financieros para involucrar eficazmente al sector empresarial y financiero.<\/p>\n<\/div>\n\n\n\n<div class=\"wp-block-column is-layout-flow wp-block-column-is-layout-flow\" style=\"flex-basis:33.33%\"><\/div>\n<\/div>\n\n\n\n<div class=\"wp-block-columns section-bg wpe-bggrey pt-5 pb-5 mb-0 is-layout-flex wp-container-core-columns-is-layout-9d6595d7 wp-block-columns-is-layout-flex\">\n<div class=\"wp-block-column is-layout-flow wp-block-column-is-layout-flow\">\n<h2 class=\"wp-block-heading\">Contactos<\/h2>\n\n\n\n<ul class=\"wp-block-list\"><li>Caitlin Wiesen, Representante Residente, PNUD Vietnam, caitlin.wiesen@undp.org<\/li><li>Bui Hoa Binh, Asociaci\u00f3n para el Desarrollo Sostenible, PNUD Vietnam, bui.hoa.binh@undp.org<\/li><\/ul>\n<\/div>\n<\/div>\n","protected":false},"excerpt":{"rendered":"<p>Gesti\u00f3n integrada y sostenible del paisaje a trav\u00e9s de una jurisdicci\u00f3n libre de deforestaci\u00f3n en Lam Dong y Dak Nong, Vietnam Responsable de la ejecuci\u00f3n: PNUD Socios: Ministerio de Agricultura y Desarrollo Rural (MARD) y los Comit\u00e9s Populares Provinciales (PPC) de Dak Nong y Lam Dong, con el apoyo del Centro Internacional de Agricultura Tropical [&hellip;]<\/p>\n","protected":false},"author":1,"featured_media":0,"parent":0,"menu_order":0,"comment_status":"closed","ping_status":"closed","template":"templates\/template-page-gutenberg.php","meta":{"inline_featured_image":false,"footnotes":"","_links_to":"","_links_to_target":""},"class_list":["post-6455","page","type-page","status-publish","hentry"],"_links":{"self":[{"href":"https:\/\/landscapesfuture.org\/es\/wp-json\/wp\/v2\/pages\/6455","targetHints":{"allow":["GET"]}}],"collection":[{"href":"https:\/\/landscapesfuture.org\/es\/wp-json\/wp\/v2\/pages"}],"about":[{"href":"https:\/\/landscapesfuture.org\/es\/wp-json\/wp\/v2\/types\/page"}],"author":[{"embeddable":true,"href":"https:\/\/landscapesfuture.org\/es\/wp-json\/wp\/v2\/users\/1"}],"replies":[{"embeddable":true,"href":"https:\/\/landscapesfuture.org\/es\/wp-json\/wp\/v2\/comments?post=6455"}],"version-history":[{"count":3,"href":"https:\/\/landscapesfuture.org\/es\/wp-json\/wp\/v2\/pages\/6455\/revisions"}],"predecessor-version":[{"id":6663,"href":"https:\/\/landscapesfuture.org\/es\/wp-json\/wp\/v2\/pages\/6455\/revisions\/6663"}],"wp:attachment":[{"href":"https:\/\/landscapesfuture.org\/es\/wp-json\/wp\/v2\/media?parent=6455"}],"curies":[{"name":"wp","href":"https:\/\/api.w.org\/{rel}","templated":true}]}}