{"id":6448,"date":"2021-08-21T22:36:44","date_gmt":"2021-08-21T15:36:44","guid":{"rendered":"https:\/\/landscapesfuture.org\/timor-oriental\/"},"modified":"2022-09-08T14:45:35","modified_gmt":"2022-09-08T07:45:35","slug":"timor-oriental","status":"publish","type":"page","link":"https:\/\/landscapesfuture.org\/es\/timor-oriental\/","title":{"rendered":"Timor Oriental"},"content":{"rendered":"<style>\n@media only screen and (max-width: 960px) {\n   #hero-page{\n    background-image:url(\"https:\/\/landscapesfuture.org\/wp-content\/uploads\/2022\/01\/trevar-skillicorn-chilver-rbmwEl8H-Oc-unsplash-op.png\");\n    background-position-y: bottom;\n    background-position-x: center;\n  }\n}\n\n#hero-page::after {\n    position: absolute;\n    content: ' ';\n    z-index: 0;\n    height: 100%;\n    width: 100%;\n    background-color: rgb(0,0,0,0.4);\n    top: 0;\n    left: 0;\n}\n#hero-page.section-bg::before{\nbackground-position-y: -385px;\n}\n\n.page #header #menu a {\n    color: #fff;\n}\n\n.page #header #menu .sub-menu li a{\n  color:#333;\n}\n\n.page #header #menu .sub-menu li a:hover{\n color:#FFFFFF;\n}\n\n.home.page-id-429 #wrapper, .page.page-id-429 #wrapper {\n    margin-top: 82px;\n}\n.home.page-id-429 #header, .page.page-id-429 #header {\n    background-color: #2E3546;\n    border: 0px;\n}\n\n.home.page-id-429 #header.darkHeader #menu a, \n.page.page-id-429 #header.darkHeader #menu a{\n   color:#252122;\n}\n\n.home.page-id-429  #header.darkHeader, .page.page-id-429  #header.darkHeader {\n    background-color: #FFFFFF;\n    border-bottom: 1px solid #ddd;\n}<\/style>\n<!-- section hero -->\n<!-- close div before -->\n        <\/div>\n    <\/article>\n<\/div>\n\n<div id=\"hero-page\" class=\" block-hero-page flex-vcenter section-bg\">\n    <div class=\"block-hero-page_bg\">\n        <img decoding=\"async\" src=\"https:\/\/landscapesfuture.org\/wp-content\/uploads\/2022\/01\/trevar-skillicorn-chilver-rbmwEl8H-Oc-unsplash-op.png\">\n    <\/div>\n    <div class=\"block-hero-page_overlay\"><\/div>\n    <div class=\"block-hero-page_content\">\n        <div class=\"container\">\n\n            <div class=\"hero-page\">\n                <div class=\"hero-page_title text-light\">\n                    <h1>Timor Oriental<\/h1>\n                    <!--<p><\/p>-->\n                                    <\/div>\n            <\/div>\n        <\/div>\n    <\/div>\n<\/div>\n\n<div class=\"container\">\n    <div class=\"row\">\n        <div class=\"col-12\">\n            <div class=\"breadcrumbs\" itemscope itemtype=\"http:\/\/schema.org\/BreadcrumbList\"><span itemprop=\"itemListElement\" itemscope itemtype=\"http:\/\/schema.org\/ListItem\"><a class=\"breadcrumbs__link\" href=\"https:\/\/landscapesfuture.org\/es\/\" itemprop=\"item\"><span itemprop=\"name\">Inicio<\/span><\/a><meta itemprop=\"position\" content=\"1\" \/><\/span><\/div><!-- .breadcrumbs -->        <\/div>\n    <\/div>\n<\/div>\n\n<div class=\"container\">\n    <article id=\"post-6448\" class=\"post-6448 page type-page status-publish hentry\">\n        <div class=\"entry-content\">\n\n\n<h1 class=\"project-title has-very-dark-gray-color has-text-color wp-block-heading\">Iniciativa de resiliencia urbana de Maloa<\/h1>\n\n\n\n    <style> \n        .logo-partner-on-team {\n              max-height: 80px;\n              max-width: 180px;\n        }\n    <\/style><style> .logo-partner-on-team {max-height: 110px!important; max-width: 200px!important;}<\/style><div id=\"\" class=\" block-clear wpe-block\"><h3 class=\"mt-3 mb-4 fs-3-5\"><\/h3><div><\/div><div class=\"wpe-block-title\"><h2>Lead implementer<\/h2><\/div><div class=\"d-flex justify-content-start flex-wrap flex-row columns-10 middle-md m-margin-bottom-30 partner-list-items\" style=\"justify-content: flex-start;\">\n    \n            <div class=\"me-4 mb-4 partner-item d-table\">\n                <a href=\"https:\/\/www.mercycorps.org\/\" class=\"d-table-cell align-middle\" title=\"Mercy Corps\">\n                    <img decoding=\"async\" src=\"http:\/\/landscapesfuture.org\/wp-content\/uploads\/2022\/01\/Mercy-Corpse-logo.png\" alt=\"Mercy Corps\" class=\"logo-partner-on-team\" title=\"Mercy Corps\">\n                <\/a>\n            <\/div><\/div><div class=\"wpe-block-title\"><h2>Partners<\/h2><\/div><div class=\"d-flex justify-content-start flex-wrap flex-row columns-10 middle-md m-margin-bottom-30 partner-list-items\" style=\"justify-content: flex-start;\">\n    \n            <div class=\"me-4 mb-4 partner-item d-table\">\n                <a href=\"http:\/\/timor-leste.gov.tl\/?lang=en\" class=\"d-table-cell align-middle\" title=\"Government of Timor-Leste\">\n                    <img decoding=\"async\" src=\"http:\/\/landscapesfuture.org\/wp-content\/uploads\/2022\/03\/Timor_Leste.png\" alt=\"Government of Timor-Leste\" class=\"logo-partner-on-team\" title=\"Government of Timor-Leste\">\n                <\/a>\n            <\/div><\/div><\/div>\n\n\n<div class=\"wp-block-columns is-layout-flex wp-container-core-columns-is-layout-9d6595d7 wp-block-columns-is-layout-flex\">\n<div class=\"wp-block-column is-layout-flow wp-block-column-is-layout-flow\" style=\"flex-basis:66.66%\">\n<p><strong>Responsable de la ejecuci\u00f3n:<\/strong> Mercy Corps<\/p>\n\n\n\n<p><strong>Socios:<\/strong>  El Consejo de Gesti\u00f3n de la Cuenca Hidrogr\u00e1fica de Maloa (MWMC), la Secretar\u00eda de Estado de Medio Ambiente (incluido el Departamento Nacional de Cambio Clim\u00e1tico), la Direcci\u00f3n Nacional de Gesti\u00f3n de Cat\u00e1strofes (NDMD), la Secretar\u00eda de Estado de Protecci\u00f3n Civil, el Ministerio de Obras P\u00fablicas y el Ministerio de Agricultura y Pesca (MAF) (incluida la Direcci\u00f3n Nacional de Bosques y Gesti\u00f3n de Cuencas Hidrogr\u00e1ficas), as\u00ed como cinco organizaciones locales.<\/p>\n<\/div>\n\n\n\n<div class=\"wp-block-column is-layout-flow wp-block-column-is-layout-flow\" style=\"flex-basis:33.33%\"><\/div>\n<\/div>\n\n\n\n<div class=\"wp-block-columns is-layout-flex wp-container-core-columns-is-layout-9d6595d7 wp-block-columns-is-layout-flex\">\n<div class=\"wp-block-column is-layout-flow wp-block-column-is-layout-flow\">\n<h2 class=\"wp-block-heading\">Desaf\u00edos<\/h2>\n\n\n\n<p>Los impactos del cambio clim\u00e1tico son especialmente graves para las poblaciones pobres y marginadas, que dependen m\u00e1s del medio ambiente para su subsistencia, y que tienen pocos recursos o capacidad para mitigar y adaptarse al cambio clim\u00e1tico. Muchos habitantes de la cuenca de Maloa, en particular, dependen de la estabilidad de la zona de la cuenca para obtener ingresos, y su situaci\u00f3n econ\u00f3mica se ve amenazada por el cambio clim\u00e1tico y el aumento de las perturbaciones y tensiones, agravadas por la mala gobernanza y la planificaci\u00f3n urbana. A principios de abril de 2021, las graves inundaciones y corrimientos de tierra provocados por el cicl\u00f3n tropical Seroja afectaron a unos 33.177 hogares en los 13 municipios del pa\u00eds, la mayor\u00eda en Dili. La mayor\u00eda de los hogares encuestados por Mercy Corps en la cuenca hidrogr\u00e1fica de Maloa (78%) declararon haberse visto afectados por las inundaciones. Las proyecciones clim\u00e1ticas indican que las precipitaciones en la estaci\u00f3n h\u00fameda aumentar\u00e1n un 20% de aqu\u00ed a 2070, con una mayor variabilidad en la estaci\u00f3n h\u00fameda, junto con el aumento de las temperaturas y la subida del nivel del mar de unos 0,76 m de aqu\u00ed a 2100. Es probable que esto empeore las grandes inundaciones y los per\u00edodos de sequ\u00eda y escasez de agua, especialmente para las poblaciones m\u00e1s pobres y marginadas.<\/p>\n<\/div>\n\n\n\n<div class=\"wp-block-column is-layout-flow wp-block-column-is-layout-flow\">\n<h2 class=\"wp-block-heading\">Meta<\/h2>\n\n\n\n<p>Mejorar la resistencia clim\u00e1tica de la cuenca hidrogr\u00e1fica de Maloa, a trav\u00e9s de la gesti\u00f3n del paisaje y del ecosistema para apoyar el desarrollo ambiental, econ\u00f3mico y social de Dili.<\/p>\n<\/div>\n<\/div>\n\n\n\n<div class=\"wp-block-columns section-bg wpe-mapbg pt-5 pb-5 is-layout-flex wp-container-core-columns-is-layout-9d6595d7 wp-block-columns-is-layout-flex\">\n<div class=\"wp-block-column is-layout-flow wp-block-column-is-layout-flow\">\n<img decoding=\"async\" src=\"http:\/\/landscapesfuture.org\/wp-content\/uploads\/svg-map\/Landscape%20for%20our%20future-country%20map-worldwide_Timor%20Leste.svg\" style=\"width:100%;padding-right:60px\">\n<\/div>\n\n\n\n<div class=\"wp-block-column is-layout-flow wp-block-column-is-layout-flow\">\n<h2 class=\"wp-block-heading\">paisajes<\/h2>\n\n\n\n<p>La poblaci\u00f3n urbana de Dili, la capital y mayor ciudad de Timor Oriental, representa el 30% de la poblaci\u00f3n de Timor Oriental. Dili se est\u00e1 expandiendo en algunos de los terrenos m\u00e1s atractivos desde el punto de vista econ\u00f3mico, pero vulnerables desde el punto de vista ecol\u00f3gico, como las zonas costeras y las llanuras aluviales, donde el entorno natural se est\u00e1 viendo comprometido por el crecimiento de las infraestructuras, lo que hace que las poblaciones concentradas sean m\u00e1s vulnerables a los fen\u00f3menos meteorol\u00f3gicos extremos y a los efectos del cambio clim\u00e1tico. Las intensas lluvias de la estaci\u00f3n h\u00fameda, unidas a la deforestaci\u00f3n generalizada, la construcci\u00f3n de carreteras y las t\u00e9cnicas agr\u00edcolas que degradan el suelo en la zona monta\u00f1osa de captaci\u00f3n de las precipitaciones en torno a Dili, dan lugar a inundaciones urbanas peri\u00f3dicas y a r\u00e1pidas subidas ocasionales del nivel del r\u00edo.<\/p>\n<\/div>\n<\/div>\n\n\n\n<div class=\"wp-block-columns is-layout-flex wp-container-core-columns-is-layout-9d6595d7 wp-block-columns-is-layout-flex\">\n<div class=\"wp-block-column is-layout-flow wp-block-column-is-layout-flow\" style=\"flex-basis:66.66%\">\n<h2 class=\"wp-block-heading\">Acercarse<\/h2>\n\n\n\n<p>A trav\u00e9s de la gesti\u00f3n del paisaje y del ecosistema, el proyecto pretende apoyar el desarrollo medioambiental, econ\u00f3mico y social en Dili para aumentar el desarrollo socioecon\u00f3mico sostenible y respetuoso con el ecosistema en la cuenca del Maloa, reforzar la resiliencia de las comunidades frente a los choques y las tensiones, y promover la recuperaci\u00f3n del COVID-19. La Iniciativa de Resiliencia Urbana de Maloa espera construir un modelo de gobernanza exitoso para la resiliencia urbana que incluya la movilizaci\u00f3n y la creaci\u00f3n de un consenso entre las diversas partes interesadas, la mejora del acceso a la informaci\u00f3n para la toma de decisiones y la prueba de soluciones que motiven las inversiones de seguimiento.<\/p>\n\n\n\n<h2 class=\"wp-block-heading\">Acciones espec\u00edficas<\/h2>\n\n\n\n<p>El establecimiento de un comit\u00e9 de gesti\u00f3n de cuencas transfronterizas, la cartograf\u00eda participativa del uso de la tierra, las evaluaciones de riesgo y los planes de gesti\u00f3n de riesgos mitigar\u00e1n el riesgo y mejorar\u00e1n la gesti\u00f3n de las cuencas y el paisaje. Se crear\u00e1 un sistema de alerta temprana en la cuenca para apoyar los planes de contingencia contra las inundaciones y se realizar\u00e1n simulacros para estar preparados. Tambi\u00e9n se planificar\u00e1 una campa\u00f1a de concienciaci\u00f3n sobre el riesgo de inundaci\u00f3n. Se planificar\u00e1n talleres participativos para los j\u00f3venes con el fin de aumentar el compromiso c\u00edvico en las conversaciones sobre el uso y la planificaci\u00f3n de la tierra, y se llevar\u00e1 a cabo una evaluaci\u00f3n del mercado de las principales cadenas de valor a ra\u00edz de COVID-19 con el fin de identificar el impacto de COVID-19 en las empresas de Dili, y luego mejorar las habilidades para crear resiliencia.<\/p>\n<\/div>\n\n\n\n<div class=\"wp-block-column is-layout-flow wp-block-column-is-layout-flow\" style=\"flex-basis:33.33%\"><\/div>\n<\/div>\n\n\n\n<div class=\"wp-block-columns section-bg wpe-bggrey pt-5 pb-5 is-layout-flex wp-container-core-columns-is-layout-9d6595d7 wp-block-columns-is-layout-flex\">\n<div class=\"wp-block-column is-layout-flow wp-block-column-is-layout-flow\">\n<h2 class=\"wp-block-heading\">Contacto<\/h2>\n\n\n\n<p>Kirsten Mandala, Mercy Corps, kmandala@mercycorps.org<\/p>\n<\/div>\n<\/div>\n\n\n\n<div class=\"wp-block-columns is-layout-flex wp-container-core-columns-is-layout-9d6595d7 wp-block-columns-is-layout-flex\">\n<div class=\"wp-block-column is-layout-flow wp-block-column-is-layout-flow\">\n<h2 class=\"wp-block-heading\">M\u00e1s informaci\u00f3n<\/h2>\n\n\n\n<p><a href=\"https:\/\/www.mercycorps.org\/\" target=\"_blank\" rel=\"noreferrer noopener\">mercycorps.org<\/a><\/p>\n<\/div>\n<\/div>\n","protected":false},"excerpt":{"rendered":"<p>Iniciativa de resiliencia urbana de Maloa Responsable de la ejecuci\u00f3n: Mercy Corps Socios: El Consejo de Gesti\u00f3n de la Cuenca Hidrogr\u00e1fica de Maloa (MWMC), la Secretar\u00eda de Estado de Medio Ambiente (incluido el Departamento Nacional de Cambio Clim\u00e1tico), la Direcci\u00f3n Nacional de Gesti\u00f3n de Cat\u00e1strofes (NDMD), la Secretar\u00eda de Estado de Protecci\u00f3n Civil, el Ministerio [&hellip;]<\/p>\n","protected":false},"author":1,"featured_media":0,"parent":0,"menu_order":0,"comment_status":"closed","ping_status":"closed","template":"templates\/template-page-gutenberg.php","meta":{"inline_featured_image":false,"footnotes":"","_links_to":"","_links_to_target":""},"class_list":["post-6448","page","type-page","status-publish","hentry"],"_links":{"self":[{"href":"https:\/\/landscapesfuture.org\/es\/wp-json\/wp\/v2\/pages\/6448","targetHints":{"allow":["GET"]}}],"collection":[{"href":"https:\/\/landscapesfuture.org\/es\/wp-json\/wp\/v2\/pages"}],"about":[{"href":"https:\/\/landscapesfuture.org\/es\/wp-json\/wp\/v2\/types\/page"}],"author":[{"embeddable":true,"href":"https:\/\/landscapesfuture.org\/es\/wp-json\/wp\/v2\/users\/1"}],"replies":[{"embeddable":true,"href":"https:\/\/landscapesfuture.org\/es\/wp-json\/wp\/v2\/comments?post=6448"}],"version-history":[{"count":3,"href":"https:\/\/landscapesfuture.org\/es\/wp-json\/wp\/v2\/pages\/6448\/revisions"}],"predecessor-version":[{"id":6662,"href":"https:\/\/landscapesfuture.org\/es\/wp-json\/wp\/v2\/pages\/6448\/revisions\/6662"}],"wp:attachment":[{"href":"https:\/\/landscapesfuture.org\/es\/wp-json\/wp\/v2\/media?parent=6448"}],"curies":[{"name":"wp","href":"https:\/\/api.w.org\/{rel}","templated":true}]}}