{"id":6444,"date":"2021-08-21T22:12:30","date_gmt":"2021-08-21T15:12:30","guid":{"rendered":"https:\/\/landscapesfuture.org\/papua-nueva-guinea\/"},"modified":"2022-09-08T14:44:52","modified_gmt":"2022-09-08T07:44:52","slug":"papua-nueva-guinea","status":"publish","type":"page","link":"https:\/\/landscapesfuture.org\/es\/papua-nueva-guinea\/","title":{"rendered":"Pap\u00faa Nueva Guinea"},"content":{"rendered":"<style>\n@media only screen and (max-width: 960px) {\n   #hero-page{\n    background-image:url(\"https:\/\/landscapesfuture.org\/wp-content\/uploads\/2021\/11\/png-2.jpg\");\n    background-position-y: bottom;\n    background-position-x: center;\n  }\n}\n\n#hero-page::after {\n    position: absolute;\n    content: ' ';\n    z-index: 0;\n    height: 100%;\n    width: 100%;\n    background-color: rgb(0,0,0,0.4);\n    top: 0;\n    left: 0;\n}\n#hero-page.section-bg::before{\nbackground-position-y: -385px;\n}\n\n.page #header #menu a {\n    color: #fff;\n}\n\n.page #header #menu .sub-menu li a{\n  color:#333;\n}\n\n.page #header #menu .sub-menu li a:hover{\n color:#FFFFFF;\n}\n\n.home.page-id-429 #wrapper, .page.page-id-429 #wrapper {\n    margin-top: 82px;\n}\n.home.page-id-429 #header, .page.page-id-429 #header {\n    background-color: #2E3546;\n    border: 0px;\n}\n\n.home.page-id-429 #header.darkHeader #menu a, \n.page.page-id-429 #header.darkHeader #menu a{\n   color:#252122;\n}\n\n.home.page-id-429  #header.darkHeader, .page.page-id-429  #header.darkHeader {\n    background-color: #FFFFFF;\n    border-bottom: 1px solid #ddd;\n}<\/style>\n<!-- section hero -->\n<!-- close div before -->\n        <\/div>\n    <\/article>\n<\/div>\n\n<div id=\"hero-page\" class=\" block-hero-page flex-vcenter section-bg\">\n    <div class=\"block-hero-page_bg\">\n        <img decoding=\"async\" src=\"https:\/\/landscapesfuture.org\/wp-content\/uploads\/2021\/11\/png-2.jpg\">\n    <\/div>\n    <div class=\"block-hero-page_overlay\"><\/div>\n    <div class=\"block-hero-page_content\">\n        <div class=\"container\">\n\n            <div class=\"hero-page\">\n                <div class=\"hero-page_title text-light\">\n                    <h1>Pap\u00faa Nueva Guinea<\/h1>\n                    <!--<p><\/p>-->\n                                    <\/div>\n            <\/div>\n        <\/div>\n    <\/div>\n<\/div>\n\n<div class=\"container\">\n    <div class=\"row\">\n        <div class=\"col-12\">\n            <div class=\"breadcrumbs\" itemscope itemtype=\"http:\/\/schema.org\/BreadcrumbList\"><span itemprop=\"itemListElement\" itemscope itemtype=\"http:\/\/schema.org\/ListItem\"><a class=\"breadcrumbs__link\" href=\"https:\/\/landscapesfuture.org\/es\/\" itemprop=\"item\"><span itemprop=\"name\">Inicio<\/span><\/a><meta itemprop=\"position\" content=\"1\" \/><\/span><\/div><!-- .breadcrumbs -->        <\/div>\n    <\/div>\n<\/div>\n\n<div class=\"container\">\n    <article id=\"post-6444\" class=\"post-6444 page type-page status-publish hentry\">\n        <div class=\"entry-content\">\n\n\n<h1 class=\"project-title has-very-dark-gray-color has-text-color wp-block-heading\">Refuerzo de la gesti\u00f3n integrada y sostenible del paisaje en la provincia de Enga (Pap\u00faa Nueva Guinea)<\/h1>\n\n\n\n    <style> \n        .logo-partner-on-team {\n              max-height: 80px;\n              max-width: 180px;\n        }\n    <\/style><div id=\"\" class=\" block-clear wpe-block\"><h3 class=\"mt-3 mb-4 fs-3-5\"><\/h3><div><\/div><div class=\"wpe-block-title\"><h2>Lead implementing<\/h2><\/div><div class=\"d-flex justify-content-start flex-wrap flex-row columns-10 middle-md m-margin-bottom-30 partner-list-items\" style=\"justify-content: flex-start;\">\n    \n            <div class=\"me-4 mb-4 partner-item d-table\">\n                <a href=\"https:\/\/www.undp.org\/\" class=\"d-table-cell align-middle\" title=\"United Nations Development Programme (UNDP)\">\n                    <img decoding=\"async\" src=\"http:\/\/landscapesfuture.org\/wp-content\/uploads\/2022\/01\/UNDP_logo.png\" alt=\"United Nations Development Programme (UNDP)\" class=\"logo-partner-on-team\" title=\"United Nations Development Programme (UNDP)\">\n                <\/a>\n            <\/div><\/div><div class=\"wpe-block-title\"><h2>Partners<\/h2><\/div><div class=\"d-flex justify-content-start flex-wrap flex-row columns-10 middle-md m-margin-bottom-30 partner-list-items\" style=\"justify-content: flex-start;\">\n    \n            <div class=\"me-4 mb-4 partner-item d-table\">\n                <a href=\"https:\/\/ccda.gov.pg\/\" class=\"d-table-cell align-middle\" title=\"Climate Change and Development Authority (CCDA)\">\n                    <img decoding=\"async\" src=\"http:\/\/landscapesfuture.org\/wp-content\/uploads\/2022\/02\/CCDA-logo-big.png\" alt=\"Climate Change and Development Authority (CCDA)\" class=\"logo-partner-on-team\" title=\"Climate Change and Development Authority (CCDA)\">\n                <\/a>\n            <\/div>\n    \n            <div class=\"me-4 mb-4 partner-item d-table\">\n                <a href=\"https:\/\/www.thegef.org\/\" class=\"d-table-cell align-middle\" title=\"Global Environment Facility (GEF)\">\n                    <img decoding=\"async\" src=\"https:\/\/www.cifor.org\/wp-content\/uploads\/2020\/04\/gef_logo.png\" alt=\"Global Environment Facility (GEF)\" class=\"logo-partner-on-team\" title=\"Global Environment Facility (GEF)\">\n                <\/a>\n            <\/div>\n    \n            <div class=\"me-4 mb-4 partner-item d-table\">\n                <a href=\"https:\/\/www.undp.org\/\" class=\"d-table-cell align-middle\" title=\"United Nations Development Programme (UNDP)\">\n                    <img decoding=\"async\" src=\"http:\/\/landscapesfuture.org\/wp-content\/uploads\/2022\/01\/UNDP_logo.png\" alt=\"United Nations Development Programme (UNDP)\" class=\"logo-partner-on-team\" title=\"United Nations Development Programme (UNDP)\">\n                <\/a>\n            <\/div>\n    \n            <div class=\"me-4 mb-4 partner-item d-table\">\n                <a href=\"https:\/\/www.swm-programme.info\/papua-new-guinea\" class=\"d-table-cell align-middle\" title=\"Sustainable Wildlife Management Programme - Papua New Guinea\">\n                    <img decoding=\"async\" src=\"http:\/\/landscapesfuture.org\/wp-content\/uploads\/2022\/01\/logo_SWM.png\" alt=\"Sustainable Wildlife Management Programme - Papua New Guinea\" class=\"logo-partner-on-team\" title=\"Sustainable Wildlife Management Programme - Papua New Guinea\">\n                <\/a>\n            <\/div>\n    \n            <div class=\"me-4 mb-4 partner-item d-table\">\n                <a href=\"https:\/\/www.fao.org\/papua-new-guinea\/streit-png\/es\/\" class=\"d-table-cell align-middle\" title=\"Support to Rural Entrepreneurship, Investment and Trade (STREIT PNG)\">\n                    <img decoding=\"async\" src=\"http:\/\/landscapesfuture.org\/wp-content\/uploads\/2022\/01\/STREIT-PNG-logo.png\" alt=\"Support to Rural Entrepreneurship, Investment and Trade (STREIT PNG)\" class=\"logo-partner-on-team\" title=\"Support to Rural Entrepreneurship, Investment and Trade (STREIT PNG)\">\n                <\/a>\n            <\/div>\n    \n            <div class=\"me-4 mb-4 partner-item d-table\">\n                <a href=\"\" class=\"d-table-cell align-middle\" title=\"Government of Papua New Guinea\">\n                    <img decoding=\"async\" src=\"http:\/\/landscapesfuture.org\/wp-content\/uploads\/2022\/02\/png.png\" alt=\"Government of Papua New Guinea\" class=\"logo-partner-on-team\" title=\"Government of Papua New Guinea\">\n                <\/a>\n            <\/div><\/div><\/div>\n\n\n<div class=\"wp-block-columns is-layout-flex wp-container-core-columns-is-layout-9d6595d7 wp-block-columns-is-layout-flex\">\n<div class=\"wp-block-column is-layout-flow wp-block-column-is-layout-flow\" style=\"flex-basis:66.66%\">\n<p><strong>Socios:<\/strong> El Programa de las Naciones Unidas para el Desarrollo (PNUD) es el principal socio ejecutor. El socio ejecutivo es la Autoridad de Cambio Clim\u00e1tico y Desarrollo (CCDA). Otros socios son: Fortalecimiento de las capacidades de gesti\u00f3n del riesgo de cat\u00e1strofes en Pap\u00faa Nueva Guinea (el programa insignia del PNUD para la gesti\u00f3n del riesgo de cat\u00e1strofes); el proyecto PNUD-FMAM sobre Financiaci\u00f3n sostenible de la red de \u00e1reas protegidas de Pap\u00faa Nueva Guinea; el proyecto PNUD-FMAM sobre Establecimiento de sistemas para la planificaci\u00f3n integrada sostenible del uso de la tierra en toda la isla de Nueva Breta\u00f1a en Pap\u00faa Nueva Guinea; la segunda fase del Programa de Desarrollo Econ\u00f3mico Rural; el Programa de Gesti\u00f3n Sostenible de la Fauna Silvestre; el Fortalecimiento de la capacidad de producci\u00f3n de alimentos y la resistencia a la sequ\u00eda de las comunidades vulnerables; el Apoyo al Emprendimiento, la Inversi\u00f3n y el Comercio Rurales (STREIT PNG); y el Crecimiento Verde Resistente al Clima en PNG.<\/p>\n<\/div>\n\n\n\n<div class=\"wp-block-column is-layout-flow wp-block-column-is-layout-flow\" style=\"flex-basis:33.33%\"><\/div>\n<\/div>\n\n\n\n<div class=\"wp-block-columns is-layout-flex wp-container-core-columns-is-layout-9d6595d7 wp-block-columns-is-layout-flex\">\n<div class=\"wp-block-column is-layout-flow wp-block-column-is-layout-flow\">\n<h2 class=\"wp-block-heading\">Desaf\u00edos<\/h2>\n\n\n\n<p>M\u00e1s del 80% de la poblaci\u00f3n depende de la agricultura y la pesca y, por tanto, de su entorno. La falta de infraestructuras de transporte debida a la geograf\u00eda de la provincia limita tanto el desarrollo econ\u00f3mico como el acceso de los ciudadanos a los servicios sanitarios y la educaci\u00f3n. Una econom\u00eda muy desequilibrada deja a la gran mayor\u00eda de la poblaci\u00f3n en el medio rural y en la pobreza, lo que ha dificultado considerablemente la diversificaci\u00f3n de la econom\u00eda m\u00e1s all\u00e1 de la extracci\u00f3n de materias primas y productos agr\u00edcolas.<\/p>\n<\/div>\n\n\n\n<div class=\"wp-block-column is-layout-flow wp-block-column-is-layout-flow\">\n<h2 class=\"wp-block-heading\">Meta<\/h2>\n\n\n\n<p>Fortalecer el desarrollo econ\u00f3mico sostenible e inclusivo en la provincia de Enga, Pap\u00faa Nueva Guinea. El enfoque innovador del desarrollo rural pretende aunar los sistemas gubernamentales, el sector privado y la acci\u00f3n comunitaria para presentar un modelo de crecimiento ecol\u00f3gico compatible con el clima, a la vez que se crea resiliencia ante las crisis y los choques.<\/p>\n<\/div>\n<\/div>\n\n\n\n<div class=\"wp-block-columns section-bg wpe-mapbg pt-5 pb-5 is-layout-flex wp-container-core-columns-is-layout-9d6595d7 wp-block-columns-is-layout-flex\">\n<div class=\"wp-block-column is-layout-flow wp-block-column-is-layout-flow\">\n<img decoding=\"async\" src=\"http:\/\/landscapesfuture.org\/wp-content\/uploads\/svg-map\/Landscape%20for%20our%20future-country%20map-worldwide_Papua%20New%20Guinea.svg\" style=\"width:100%;padding-right:60px\">\n<\/div>\n\n\n\n<div class=\"wp-block-column is-layout-flow wp-block-column-is-layout-flow\">\n<h2 class=\"wp-block-heading\">paisajes<\/h2>\n\n\n\n<p>La provincia de Enga, en la Regi\u00f3n de las Tierras Altas de Pap\u00faa Nueva Guinea, abarca 11.704 km2, repartidos entre una altitud inferior a 200 m y 3.800 m. S\u00f3lo el 27% de la superficie es apta para la agricultura. El diverso medio ambiente de la provincia alberga una riqu\u00edsima biodiversidad, pero se enfrenta a la degradaci\u00f3n. Otros retos importantes son el r\u00e1pido aumento de la poblaci\u00f3n, la deforestaci\u00f3n para crear m\u00e1s tierras de cultivo y la vulnerabilidad de Enga a las crisis y cat\u00e1strofes.<\/p>\n<\/div>\n<\/div>\n\n\n\n<div class=\"wp-block-columns is-layout-flex wp-container-core-columns-is-layout-9d6595d7 wp-block-columns-is-layout-flex\">\n<div class=\"wp-block-column is-layout-flow wp-block-column-is-layout-flow\" style=\"flex-basis:66.66%\">\n<h2 class=\"wp-block-heading\">Acercarse<\/h2>\n\n\n\n<p>Este proyecto pretende aprovechar y catalizar la labor de los programas gubernamentales y de los socios de desarrollo existentes para superar las amenazas que pesan sobre el uso sostenible de la tierra, la biodiversidad, los servicios de los ecosistemas y los procesos ecol\u00f3gicos, as\u00ed como para superar los obst\u00e1culos al crecimiento ecol\u00f3gico sostenible.<\/p>\n\n\n\n<h2 class=\"wp-block-heading\">Acciones espec\u00edficas<\/h2>\n\n\n\n<p>El proyecto apoyar\u00e1 a los gobiernos en el desarrollo de normativas compatibles con el clima para la adaptaci\u00f3n al cambio clim\u00e1tico y su mitigaci\u00f3n, la planificaci\u00f3n del uso del suelo, la agricultura clim\u00e1ticamente inteligente y la reducci\u00f3n del riesgo de desastres. Una evaluaci\u00f3n de la vulnerabilidad identificar\u00e1 los posibles riesgos clim\u00e1ticos y sus impactos, y los estudios de viabilidad se centran en la agricultura de subsistencia en la provincia de Enga. La mejora de la cartograf\u00eda digital y de los mapas de riesgo de Alto Valor de Conservaci\u00f3n (AVC) y de Altas Reservas de Carbono (AAC) mejorar\u00e1 el conocimiento de las condiciones y los retos existentes. La seguridad alimentaria y nutricional se reforzar\u00e1 mediante conversaciones con los peque\u00f1os agricultores para mejorar la producci\u00f3n de hortalizas y cultivos, as\u00ed como para facilitar el acceso a la financiaci\u00f3n. Las sesiones de capacitaci\u00f3n apoyar\u00e1n a los agricultores y a los grupos de mujeres para que desarrollen enfoques y t\u00e9cnicas agr\u00edcolas resistentes al clima. El proyecto tambi\u00e9n reforzar\u00e1 la capacidad de los funcionarios provinciales de medio ambiente, especialmente de las mujeres, para mejorar la conservaci\u00f3n, restauraci\u00f3n y uso sostenible de la biodiversidad, la tierra y los ecosistemas forestales.<\/p>\n<\/div>\n\n\n\n<div class=\"wp-block-column is-layout-flow wp-block-column-is-layout-flow\" style=\"flex-basis:33.33%\"><\/div>\n<\/div>\n\n\n\n<div class=\"wp-block-columns section-bg wpe-bggrey pt-5 pb-5 is-layout-flex wp-container-core-columns-is-layout-9d6595d7 wp-block-columns-is-layout-flex\">\n<div class=\"wp-block-column is-layout-flow wp-block-column-is-layout-flow\">\n<h2 class=\"wp-block-heading\">Contactos<\/h2>\n\n\n\n<ul class=\"wp-block-list\"><li>Sam Moko, sam.moko@undp.org<\/li><li>Ahmadjamshed Khoshbeen, ahmadjamshed.khoshbeen@undp.org<\/li><\/ul>\n<\/div>\n<\/div>\n\n\n\n<div class=\"wp-block-columns is-layout-flex wp-container-core-columns-is-layout-9d6595d7 wp-block-columns-is-layout-flex\">\n<div class=\"wp-block-column is-layout-flow wp-block-column-is-layout-flow\">\n<h2 class=\"wp-block-heading\">M\u00e1s informaci\u00f3n<\/h2>\n\n\n\n<p><a href=\"https:\/\/www.pg.undp.org\/content\/papua_new_guinea\/en\/home\/presscenter\/pressreleases\/2021\/working-to-_green-papua-new-guineas-economy.html\">https:\/\/www.pg.undp.org\/content\/papua_new_guinea\/en\/home\/presscenter\/pressreleases\/2021\/working-to-_green-papua-new-guineas-economy.html<\/a><\/p>\n<\/div>\n<\/div>\n","protected":false},"excerpt":{"rendered":"<p>Refuerzo de la gesti\u00f3n integrada y sostenible del paisaje en la provincia de Enga (Pap\u00faa Nueva Guinea) Socios: El Programa de las Naciones Unidas para el Desarrollo (PNUD) es el principal socio ejecutor. El socio ejecutivo es la Autoridad de Cambio Clim\u00e1tico y Desarrollo (CCDA). Otros socios son: Fortalecimiento de las capacidades de gesti\u00f3n del [&hellip;]<\/p>\n","protected":false},"author":1,"featured_media":0,"parent":0,"menu_order":0,"comment_status":"closed","ping_status":"closed","template":"templates\/template-page-gutenberg.php","meta":{"inline_featured_image":false,"footnotes":"","_links_to":"","_links_to_target":""},"class_list":["post-6444","page","type-page","status-publish","hentry"],"_links":{"self":[{"href":"https:\/\/landscapesfuture.org\/es\/wp-json\/wp\/v2\/pages\/6444","targetHints":{"allow":["GET"]}}],"collection":[{"href":"https:\/\/landscapesfuture.org\/es\/wp-json\/wp\/v2\/pages"}],"about":[{"href":"https:\/\/landscapesfuture.org\/es\/wp-json\/wp\/v2\/types\/page"}],"author":[{"embeddable":true,"href":"https:\/\/landscapesfuture.org\/es\/wp-json\/wp\/v2\/users\/1"}],"replies":[{"embeddable":true,"href":"https:\/\/landscapesfuture.org\/es\/wp-json\/wp\/v2\/comments?post=6444"}],"version-history":[{"count":2,"href":"https:\/\/landscapesfuture.org\/es\/wp-json\/wp\/v2\/pages\/6444\/revisions"}],"predecessor-version":[{"id":6661,"href":"https:\/\/landscapesfuture.org\/es\/wp-json\/wp\/v2\/pages\/6444\/revisions\/6661"}],"wp:attachment":[{"href":"https:\/\/landscapesfuture.org\/es\/wp-json\/wp\/v2\/media?parent=6444"}],"curies":[{"name":"wp","href":"https:\/\/api.w.org\/{rel}","templated":true}]}}