{"id":6430,"date":"2021-08-21T22:12:34","date_gmt":"2021-08-21T15:12:34","guid":{"rendered":"https:\/\/landscapesfuture.org\/republica-democratica-popular-de-laos\/"},"modified":"2022-09-08T14:44:12","modified_gmt":"2022-09-08T07:44:12","slug":"republica-democratica-popular-de-laos","status":"publish","type":"page","link":"https:\/\/landscapesfuture.org\/es\/republica-democratica-popular-de-laos\/","title":{"rendered":"Laos"},"content":{"rendered":"<style>\n@media only screen and (max-width: 960px) {\n   #hero-page{\n    background-image:url(\"https:\/\/landscapesfuture.org\/wp-content\/uploads\/2021\/11\/laos-2.jpg\");\n    background-position-y: bottom;\n    background-position-x: center;\n  }\n}\n\n#hero-page::after {\n    position: absolute;\n    content: ' ';\n    z-index: 0;\n    height: 100%;\n    width: 100%;\n    background-color: rgb(0,0,0,0.4);\n    top: 0;\n    left: 0;\n}\n#hero-page.section-bg::before{\nbackground-position-y: -385px;\n}\n\n.page #header #menu a {\n    color: #fff;\n}\n\n.page #header #menu .sub-menu li a{\n  color:#333;\n}\n\n.page #header #menu .sub-menu li a:hover{\n color:#FFFFFF;\n}\n\n.home.page-id-429 #wrapper, .page.page-id-429 #wrapper {\n    margin-top: 82px;\n}\n.home.page-id-429 #header, .page.page-id-429 #header {\n    background-color: #2E3546;\n    border: 0px;\n}\n\n.home.page-id-429 #header.darkHeader #menu a, \n.page.page-id-429 #header.darkHeader #menu a{\n   color:#252122;\n}\n\n.home.page-id-429  #header.darkHeader, .page.page-id-429  #header.darkHeader {\n    background-color: #FFFFFF;\n    border-bottom: 1px solid #ddd;\n}<\/style>\n<!-- section hero -->\n<!-- close div before -->\n        <\/div>\n    <\/article>\n<\/div>\n\n<div id=\"hero-page\" class=\" block-hero-page flex-vcenter section-bg\">\n    <div class=\"block-hero-page_bg\">\n        <img decoding=\"async\" src=\"https:\/\/landscapesfuture.org\/wp-content\/uploads\/2021\/11\/laos-2.jpg\">\n    <\/div>\n    <div class=\"block-hero-page_overlay\"><\/div>\n    <div class=\"block-hero-page_content\">\n        <div class=\"container\">\n\n            <div class=\"hero-page\">\n                <div class=\"hero-page_title text-light\">\n                    <h1>Laos<\/h1>\n                    <!--<p><\/p>-->\n                                    <\/div>\n            <\/div>\n        <\/div>\n    <\/div>\n<\/div>\n\n<div class=\"container\">\n    <div class=\"row\">\n        <div class=\"col-12\">\n            <div class=\"breadcrumbs\" itemscope itemtype=\"http:\/\/schema.org\/BreadcrumbList\"><span itemprop=\"itemListElement\" itemscope itemtype=\"http:\/\/schema.org\/ListItem\"><a class=\"breadcrumbs__link\" href=\"https:\/\/landscapesfuture.org\/es\/\" itemprop=\"item\"><span itemprop=\"name\">Inicio<\/span><\/a><meta itemprop=\"position\" content=\"1\" \/><\/span><\/div><!-- .breadcrumbs -->        <\/div>\n    <\/div>\n<\/div>\n\n<div class=\"container\">\n    <article id=\"post-6430\" class=\"post-6430 page type-page status-publish hentry\">\n        <div class=\"entry-content\">\n\n\n<h1 class=\"project-title has-very-dark-gray-color has-text-color wp-block-heading\">Conservaci\u00f3n de los ecosistemas mediante la gesti\u00f3n integrada del paisaje en la Rep\u00fablica Democr\u00e1tica Popular Lao (ECILL)<\/h1>\n\n\n\n    <style> \n        .logo-partner-on-team {\n              max-height: 80px;\n              max-width: 180px;\n        }\n    <\/style><div id=\"\" class=\" block-clear wpe-block\"><h3 class=\"mt-3 mb-4 fs-3-5\"><\/h3><div><\/div><div class=\"wpe-block-title\"><h2>Lead implementer<\/h2><\/div><div class=\"d-flex justify-content-start flex-wrap flex-row columns-10 middle-md m-margin-bottom-30 partner-list-items\" style=\"justify-content: flex-start;\">\n    \n            <div class=\"me-4 mb-4 partner-item d-table\">\n                <a href=\"https:\/\/www.wcs.org\/\" class=\"d-table-cell align-middle\" title=\"Wildlife Conservation Society (WCS)\">\n                    <img decoding=\"async\" src=\"https:\/\/landscapesfuture.org\/wp-content\/uploads\/2023\/10\/WCS-Logo-white-letters.png\" alt=\"Wildlife Conservation Society (WCS)\" class=\"logo-partner-on-team\" title=\"Wildlife Conservation Society (WCS)\">\n                <\/a>\n            <\/div><\/div><div class=\"wpe-block-title\"><h2>Partner<\/h2><\/div><div class=\"d-flex justify-content-start flex-wrap flex-row columns-10 middle-md m-margin-bottom-30 partner-list-items\" style=\"justify-content: flex-start;\">\n    \n            <div class=\"me-4 mb-4 partner-item d-table\">\n                <a href=\"https:\/\/www.gret.org\/\" class=\"d-table-cell align-middle\" title=\"Groupe de Recherches et d\u2019Exchanges Technologiques (GRET) Tetrakyts\">\n                    <img decoding=\"async\" src=\"http:\/\/landscapesfuture.org\/wp-content\/uploads\/2022\/01\/GRET-logo.jpg\" alt=\"Groupe de Recherches et d\u2019Exchanges Technologiques (GRET) Tetrakyts\" class=\"logo-partner-on-team\" title=\"Groupe de Recherches et d\u2019Exchanges Technologiques (GRET) Tetrakyts\">\n                <\/a>\n            <\/div>\n    \n            <div class=\"me-4 mb-4 partner-item d-table\">\n                <a href=\"\" class=\"d-table-cell align-middle\" title=\"Agence Fran\u00e7aise de D\u00e9veloppement (AFD)\">\n                    <img decoding=\"async\" src=\"http:\/\/landscapesfuture.org\/wp-content\/uploads\/2022\/02\/AFD-300.png\" alt=\"Agence Fran\u00e7aise de D\u00e9veloppement (AFD)\" class=\"logo-partner-on-team\" title=\"Agence Fran\u00e7aise de D\u00e9veloppement (AFD)\">\n                <\/a>\n            <\/div>\n    \n            <div class=\"me-4 mb-4 partner-item d-table\">\n                <a href=\"\" class=\"d-table-cell align-middle\" title=\"DOF\">\n                    <img decoding=\"async\" src=\"http:\/\/landscapesfuture.org\/wp-content\/uploads\/2022\/02\/DOF-300.png\" alt=\"DOF\" class=\"logo-partner-on-team\" title=\"DOF\">\n                <\/a>\n            <\/div><\/div><\/div>\n\n\n<div class=\"wp-block-columns is-layout-flex wp-container-core-columns-is-layout-9d6595d7 wp-block-columns-is-layout-flex\">\n<div class=\"wp-block-column is-layout-flow wp-block-column-is-layout-flow\" style=\"flex-basis:66.66%\">\n<p><strong>Responsable de la ejecuci\u00f3n:<\/strong> Wildlife Conservation Society<\/p>\n\n\n\n<p><strong>Socios:<\/strong> Grupo de Investigaci\u00f3n e Intercambio Tecnol\u00f3gico (GRET) Tetrakyts<\/p>\n<\/div>\n\n\n\n<div class=\"wp-block-column is-layout-flow wp-block-column-is-layout-flow\" style=\"flex-basis:33.33%\"><\/div>\n<\/div>\n\n\n\n<div class=\"wp-block-columns is-layout-flex wp-container-core-columns-is-layout-9d6595d7 wp-block-columns-is-layout-flex\">\n<div class=\"wp-block-column is-layout-flow wp-block-column-is-layout-flow\">\n<h2 class=\"wp-block-heading\">Desaf\u00edos<\/h2>\n\n\n\n<p>El punto caliente de biodiversidad de Indo-Birmania es uno de los m\u00e1s vulnerables del planeta debido a la extensa deforestaci\u00f3n, impulsada principalmente por la agricultura a gran escala y el desarrollo de infraestructuras que fragmentan paisajes de gran biodiversidad. La Rep\u00fablica Democr\u00e1tica Popular de Laos y sus vecinos dependen de la agroindustria, la energ\u00eda hidroel\u00e9ctrica, la miner\u00eda y otras industrias a gran escala para su desarrollo econ\u00f3mico, lo que supone un riesgo de deforestaci\u00f3n y degradaci\u00f3n de los bosques y zonas protegidas de la regi\u00f3n. Es necesario un nuevo enfoque para gestionar de forma sostenible los recursos naturales de la regi\u00f3n y equilibrar el desarrollo econ\u00f3mico con la conservaci\u00f3n.<\/p>\n<\/div>\n\n\n\n<div class=\"wp-block-column is-layout-flow wp-block-column-is-layout-flow\">\n<h2 class=\"wp-block-heading\">Meta<\/h2>\n\n\n\n<p>Proteger los bosques y la biodiversidad de la Rep\u00fablica Democr\u00e1tica Popular Lao, ayudando al mismo tiempo a los pobres de las zonas rurales a gestionar de forma sostenible sus recursos mediante un enfoque paisaj\u00edstico integrado y un modelo de crecimiento ecol\u00f3gico.<\/p>\n<\/div>\n<\/div>\n\n\n\n<div class=\"wp-block-columns section-bg wpe-mapbg pt-5 pb-5 is-layout-flex wp-container-core-columns-is-layout-9d6595d7 wp-block-columns-is-layout-flex\">\n<div class=\"wp-block-column is-layout-flow wp-block-column-is-layout-flow\">\n<img decoding=\"async\" src=\"http:\/\/landscapesfuture.org\/wp-content\/uploads\/svg-map\/Landscape%20for%20our%20future-country%20map-worldwide_Laos.svg\" style=\"width:100%;padding-right:60px\">\n<\/div>\n\n\n\n<div class=\"wp-block-column is-layout-flow wp-block-column-is-layout-flow\">\n<h2 class=\"wp-block-heading\">paisajes<\/h2>\n\n\n\n<p>La Rep\u00fablica Democr\u00e1tica Popular de Laos forma parte del punto caliente de biodiversidad de Indo-Birmania, que contiene 14 de las 200 biorregiones m\u00e1s importantes del mundo, as\u00ed como 439 \u00e1reas clave de biodiversidad terrestre que cubren 800.000 km2 de h\u00e1bitat. El pa\u00eds posee una agrobiodiversidad rica y \u00fanica, con m\u00e1s de 100 especies de plantas cultivadas y 2.000 especies recolectadas por las comunidades rurales para apoyar su sustento. Alrededor del 54% de la producci\u00f3n econ\u00f3mica de la Rep\u00fablica Democr\u00e1tica Popular Lao se deriva de los recursos naturales, incluido el 33% de las cuencas hidrogr\u00e1ficas que apoyan la generaci\u00f3n de energ\u00eda hidroel\u00e9ctrica. El pa\u00eds est\u00e1 invirtiendo mucho en la agroindustria y las industrias extractivas, que se espera que crezcan un 25% para 2030. La Rep\u00fablica Democr\u00e1tica Popular de Laos, cuyo sustento depende en un 80% de la agricultura, est\u00e1 muy expuesta a los efectos del cambio clim\u00e1tico. Ya se enfrenta a cat\u00e1strofes naturales cada vez m\u00e1s frecuentes, como las inundaciones y la sequ\u00eda, que cuestan aproximadamente el 3% de su Producto Interior Bruto en da\u00f1os anuales.<\/p>\n<\/div>\n<\/div>\n\n\n\n<div class=\"wp-block-columns is-layout-flex wp-container-core-columns-is-layout-9d6595d7 wp-block-columns-is-layout-flex\">\n<div class=\"wp-block-column is-layout-flow wp-block-column-is-layout-flow\" style=\"flex-basis:66.66%\">\n<h2 class=\"wp-block-heading\">Acercarse<\/h2>\n\n\n\n<p>El proyecto utilizar\u00e1 un enfoque paisaj\u00edstico integrado y un modelo de crecimiento ecol\u00f3gico para mejorar los marcos normativos, mantener los bosques y la biodiversidad de la Rep\u00fablica Democr\u00e1tica Popular Lao a trav\u00e9s de la administraci\u00f3n de las comunidades locales, y ayudar a las comunidades rurales a gestionar de forma sostenible sus recursos naturales. El proyecto establecer\u00e1 modelos de cogesti\u00f3n a trav\u00e9s de los cuales las comunidades y el gobierno local pueden elevar colectivamente sus voces y beneficios, al tiempo que se involucra al sector privado en pr\u00e1cticas empresariales sostenibles. El proyecto tambi\u00e9n tratar\u00e1 de aportar informaci\u00f3n a las pol\u00edticas nacionales sobre el uso de la tierra, la gesti\u00f3n forestal y el desarrollo econ\u00f3mico, as\u00ed como a los modelos de cogesti\u00f3n que implican a las comunidades, el gobierno local y el sector privado. El proyecto promover\u00e1 productos y servicios clim\u00e1ticamente inteligentes que aprovechen la rica agrobiodiversidad del pa\u00eds para apoyar los medios de vida locales. El proyecto abarca tres zonas ricas en biodiversidad de la Rep\u00fablica Democr\u00e1tica Popular Lao: el Parque Nacional de Nam Et-Phou Louey, el Paisaje del \u00c1rea Protegida de Bolikhamxay y el Complejo de Humedales Ramsar de Xe Champhone, en Savannakhet.<\/p>\n\n\n\n<h2 class=\"wp-block-heading\">Acciones espec\u00edficas<\/h2>\n\n\n\n<p>En colaboraci\u00f3n con las comunidades locales, el proyecto desarrollar\u00e1 y aplicar\u00e1 planes participativos de uso del suelo y zonificaci\u00f3n que se vinculen a los acuerdos y planes de acci\u00f3n de conservaci\u00f3n. Ayudar\u00e1 a las comunidades locales a comprender sus derechos sobre la tierra y los recursos forestales dentro de los marcos legales nacionales. El proyecto ayudar\u00e1 a desarrollar cadenas de valor para productos agr\u00edcolas, forestales y de ecoturismo que sean inteligentes desde el punto de vista clim\u00e1tico, con el fin de impulsar los ingresos locales y conservar la biodiversidad. Tambi\u00e9n pondr\u00e1 en marcha modelos que impliquen directamente a los agentes del sector privado para mejorar el cumplimiento de las mejores pr\u00e1cticas socioecon\u00f3micas y desarrollar mecanismos de incentivos, como las compensaciones por la conservaci\u00f3n de los bosques y los pagos por servicios ecosist\u00e9micos. Por \u00faltimo, el proyecto informar\u00e1 a la pol\u00edtica medioambiental nacional ayudando a dise\u00f1ar una hoja de ruta hacia una estrategia de financiaci\u00f3n sostenible para las \u00e1reas protegidas de la Rep\u00fablica Democr\u00e1tica Popular Lao, as\u00ed como proporcionando asistencia t\u00e9cnica a los organismos gubernamentales para apoyar el desarrollo de la legislaci\u00f3n sobre bosques y humedales y crear capacidad de gesti\u00f3n de la tierra.<\/p>\n<\/div>\n\n\n\n<div class=\"wp-block-column is-layout-flow wp-block-column-is-layout-flow\" style=\"flex-basis:33.33%\"><\/div>\n<\/div>\n\n\n\n<div class=\"wp-block-columns section-bg wpe-bggrey pt-5 pb-5 is-layout-flex wp-container-core-columns-is-layout-9d6595d7 wp-block-columns-is-layout-flex\">\n<div class=\"wp-block-column is-layout-flow wp-block-column-is-layout-flow\">\n<h2 class=\"wp-block-heading\">Contacto<\/h2>\n\n\n\n<p>Dr. Santi Saypanya, Director del Programa de la Rep\u00fablica Democr\u00e1tica Popular de Laos, ssaypanya@wcs.org<\/p>\n<\/div>\n<\/div>\n\n\n\n<div class=\"wp-block-columns is-layout-flex wp-container-core-columns-is-layout-9d6595d7 wp-block-columns-is-layout-flex\">\n<div class=\"wp-block-column is-layout-flow wp-block-column-is-layout-flow\">\n<h2 class=\"wp-block-heading\">M\u00e1s informaci\u00f3n<\/h2>\n\n\n\n<ul class=\"wp-block-list\"><li><a href=\"https:\/\/laos.wcs.org\/\" target=\"_blank\" rel=\"noreferrer noopener\">laos.wcs.org<\/a><\/li><li><a href=\"https:\/\/www.facebook.com\/WCSLaoPDR\" target=\"_blank\" rel=\"noreferrer noopener\">facebook.com\/WCSLaoPDR<\/a><\/li><\/ul>\n<\/div>\n<\/div>\n","protected":false},"excerpt":{"rendered":"<p>Conservaci\u00f3n de los ecosistemas mediante la gesti\u00f3n integrada del paisaje en la Rep\u00fablica Democr\u00e1tica Popular Lao (ECILL) Responsable de la ejecuci\u00f3n: Wildlife Conservation Society Socios: Grupo de Investigaci\u00f3n e Intercambio Tecnol\u00f3gico (GRET) Tetrakyts Desaf\u00edos El punto caliente de biodiversidad de Indo-Birmania es uno de los m\u00e1s vulnerables del planeta debido a la extensa deforestaci\u00f3n, impulsada [&hellip;]<\/p>\n","protected":false},"author":1,"featured_media":0,"parent":0,"menu_order":0,"comment_status":"closed","ping_status":"closed","template":"templates\/template-page-gutenberg.php","meta":{"inline_featured_image":false,"footnotes":"","_links_to":"","_links_to_target":""},"class_list":["post-6430","page","type-page","status-publish","hentry"],"_links":{"self":[{"href":"https:\/\/landscapesfuture.org\/es\/wp-json\/wp\/v2\/pages\/6430","targetHints":{"allow":["GET"]}}],"collection":[{"href":"https:\/\/landscapesfuture.org\/es\/wp-json\/wp\/v2\/pages"}],"about":[{"href":"https:\/\/landscapesfuture.org\/es\/wp-json\/wp\/v2\/types\/page"}],"author":[{"embeddable":true,"href":"https:\/\/landscapesfuture.org\/es\/wp-json\/wp\/v2\/users\/1"}],"replies":[{"embeddable":true,"href":"https:\/\/landscapesfuture.org\/es\/wp-json\/wp\/v2\/comments?post=6430"}],"version-history":[{"count":3,"href":"https:\/\/landscapesfuture.org\/es\/wp-json\/wp\/v2\/pages\/6430\/revisions"}],"predecessor-version":[{"id":6658,"href":"https:\/\/landscapesfuture.org\/es\/wp-json\/wp\/v2\/pages\/6430\/revisions\/6658"}],"wp:attachment":[{"href":"https:\/\/landscapesfuture.org\/es\/wp-json\/wp\/v2\/media?parent=6430"}],"curies":[{"name":"wp","href":"https:\/\/api.w.org\/{rel}","templated":true}]}}