{"id":6424,"date":"2021-08-22T01:23:22","date_gmt":"2021-08-21T18:23:22","guid":{"rendered":"https:\/\/landscapesfuture.org\/camboya\/"},"modified":"2022-09-08T14:43:34","modified_gmt":"2022-09-08T07:43:34","slug":"camboya","status":"publish","type":"page","link":"https:\/\/landscapesfuture.org\/es\/camboya\/","title":{"rendered":"Camboya"},"content":{"rendered":"<style>\n@media only screen and (max-width: 960px) {\n   #hero-page{\n    background-image:url(\"https:\/\/landscapesfuture.org\/wp-content\/uploads\/2021\/11\/Cambodia-1.jpg\");\n    background-position-y: bottom;\n    background-position-x: center;\n  }\n}\n\n#hero-page::after {\n    position: absolute;\n    content: ' ';\n    z-index: 0;\n    height: 100%;\n    width: 100%;\n    background-color: rgb(0,0,0,0.4);\n    top: 0;\n    left: 0;\n}\n#hero-page.section-bg::before{\nbackground-position-y: -385px;\n}\n\n.page #header #menu a {\n    color: #fff;\n}\n\n.page #header #menu .sub-menu li a{\n  color:#333;\n}\n\n.page #header #menu .sub-menu li a:hover{\n color:#FFFFFF;\n}\n\n.home.page-id-429 #wrapper, .page.page-id-429 #wrapper {\n    margin-top: 82px;\n}\n.home.page-id-429 #header, .page.page-id-429 #header {\n    background-color: #2E3546;\n    border: 0px;\n}\n\n.home.page-id-429 #header.darkHeader #menu a, \n.page.page-id-429 #header.darkHeader #menu a{\n   color:#252122;\n}\n\n.home.page-id-429  #header.darkHeader, .page.page-id-429  #header.darkHeader {\n    background-color: #FFFFFF;\n    border-bottom: 1px solid #ddd;\n}<\/style>\n<!-- section hero -->\n<!-- close div before -->\n        <\/div>\n    <\/article>\n<\/div>\n\n<div id=\"hero-page\" class=\" block-hero-page flex-vcenter section-bg\">\n    <div class=\"block-hero-page_bg\">\n        <img decoding=\"async\" src=\"https:\/\/landscapesfuture.org\/wp-content\/uploads\/2021\/11\/Cambodia-1.jpg\">\n    <\/div>\n    <div class=\"block-hero-page_overlay\"><\/div>\n    <div class=\"block-hero-page_content\">\n        <div class=\"container\">\n\n            <div class=\"hero-page\">\n                <div class=\"hero-page_title text-light\">\n                    <h1>Camboya<\/h1>\n                    <!--<p><\/p>-->\n                                    <\/div>\n            <\/div>\n        <\/div>\n    <\/div>\n<\/div>\n\n<div class=\"container\">\n    <div class=\"row\">\n        <div class=\"col-12\">\n            <div class=\"breadcrumbs\" itemscope itemtype=\"http:\/\/schema.org\/BreadcrumbList\"><span itemprop=\"itemListElement\" itemscope itemtype=\"http:\/\/schema.org\/ListItem\"><a class=\"breadcrumbs__link\" href=\"https:\/\/landscapesfuture.org\/es\/\" itemprop=\"item\"><span itemprop=\"name\">Inicio<\/span><\/a><meta itemprop=\"position\" content=\"1\" \/><\/span><\/div><!-- .breadcrumbs -->        <\/div>\n    <\/div>\n<\/div>\n\n<div class=\"container\">\n    <article id=\"post-6424\" class=\"post-6424 page type-page status-publish hentry\">\n        <div class=\"entry-content\">\n\n\n<h1 class=\"project-title has-very-dark-gray-color has-text-color wp-block-heading\">Nuestro Tonle Sap<\/h1>\n\n\n\n    <style> \n        .logo-partner-on-team {\n              max-height: 80px;\n              max-width: 180px;\n        }\n    <\/style><div id=\"\" class=\" block-clear wpe-block\"><h3 class=\"mt-3 mb-4 fs-3-5\"><\/h3><div><\/div><div class=\"wpe-block-title\"><h2>Partners<\/h2><\/div><div class=\"d-flex justify-content-start flex-wrap flex-row columns-10 middle-md m-margin-bottom-30 partner-list-items\" style=\"justify-content: flex-start;\">\n    \n            <div class=\"me-4 mb-4 partner-item d-table\">\n                <a href=\"https:\/\/www.recoftc.org\/\" class=\"d-table-cell align-middle\" title=\"The Center for People and Forests (RECOFTC)\">\n                    <img decoding=\"async\" src=\"http:\/\/landscapesfuture.org\/wp-content\/uploads\/2022\/01\/RECOFTC_logo.png\" alt=\"The Center for People and Forests (RECOFTC)\" class=\"logo-partner-on-team\" title=\"The Center for People and Forests (RECOFTC)\">\n                <\/a>\n            <\/div>\n    \n            <div class=\"me-4 mb-4 partner-item d-table\">\n                <a href=\"https:\/\/www.wcs.org\/\" class=\"d-table-cell align-middle\" title=\"Wildlife Conservation Society (WCS)\">\n                    <img decoding=\"async\" src=\"https:\/\/landscapesfuture.org\/wp-content\/uploads\/2023\/10\/WCS-Logo-white-letters.png\" alt=\"Wildlife Conservation Society (WCS)\" class=\"logo-partner-on-team\" title=\"Wildlife Conservation Society (WCS)\">\n                <\/a>\n            <\/div>\n    \n            <div class=\"me-4 mb-4 partner-item d-table\">\n                <a href=\"https:\/\/www.forumciv.org\/int\" class=\"d-table-cell align-middle\" title=\"ForumCiv\">\n                    <img decoding=\"async\" src=\"http:\/\/landscapesfuture.org\/wp-content\/uploads\/2022\/01\/ForumCiv_logo.png\" alt=\"ForumCiv\" class=\"logo-partner-on-team\" title=\"ForumCiv\">\n                <\/a>\n            <\/div>\n    \n            <div class=\"me-4 mb-4 partner-item d-table\">\n                <a href=\"https:\/\/www.sheinvestments.com\/\" class=\"d-table-cell align-middle\" title=\"SHE Investments\">\n                    <img decoding=\"async\" src=\"http:\/\/landscapesfuture.org\/wp-content\/uploads\/2022\/01\/SHE-logo.png\" alt=\"SHE Investments\" class=\"logo-partner-on-team\" title=\"SHE Investments\">\n                <\/a>\n            <\/div>\n    \n            <div class=\"me-4 mb-4 partner-item d-table\">\n                <a href=\"https:\/\/www.sansommluppreykh.org\/\" class=\"d-table-cell align-middle\" title=\"Sansom Mlup Prey (SMP)\">\n                    <img decoding=\"async\" src=\"http:\/\/landscapesfuture.org\/wp-content\/uploads\/2022\/01\/SMP-logo.jpg\" alt=\"Sansom Mlup Prey (SMP)\" class=\"logo-partner-on-team\" title=\"Sansom Mlup Prey (SMP)\">\n                <\/a>\n            <\/div>\n    \n            <div class=\"me-4 mb-4 partner-item d-table\">\n                <a href=\"https:\/\/naturelifecambodia.org\/\" class=\"d-table-cell align-middle\" title=\"NatureLife Cambodia\">\n                    <img decoding=\"async\" src=\"http:\/\/landscapesfuture.org\/wp-content\/uploads\/2022\/01\/NatureLife-Cambodia-logo.png\" alt=\"NatureLife Cambodia\" class=\"logo-partner-on-team\" title=\"NatureLife Cambodia\">\n                <\/a>\n            <\/div>\n    \n            <div class=\"me-4 mb-4 partner-item d-table\">\n                <a href=\"https:\/\/www.oxfam.org\/en\" class=\"d-table-cell align-middle\" title=\"Oxfam International\">\n                    <img decoding=\"async\" src=\"http:\/\/landscapesfuture.org\/wp-content\/uploads\/2022\/01\/logo_Oxfam_international.png\" alt=\"Oxfam International\" class=\"logo-partner-on-team\" title=\"Oxfam International\">\n                <\/a>\n            <\/div>\n    \n            <div class=\"me-4 mb-4 partner-item d-table\">\n                <a href=\"http:\/\/www.cdpo.org\/en\/home\/\" class=\"d-table-cell align-middle\" title=\"Cambodian Disabled People\u2019s Organisation (CDPO)\">\n                    <img decoding=\"async\" src=\"http:\/\/landscapesfuture.org\/wp-content\/uploads\/2022\/01\/CDPO-logo.jpg\" alt=\"Cambodian Disabled People\u2019s Organisation (CDPO)\" class=\"logo-partner-on-team\" title=\"Cambodian Disabled People\u2019s Organisation (CDPO)\">\n                <\/a>\n            <\/div><\/div><\/div>\n\n\n<div class=\"wp-block-columns is-layout-flex wp-container-core-columns-is-layout-9d6595d7 wp-block-columns-is-layout-flex\">\n<div class=\"wp-block-column is-layout-flow wp-block-column-is-layout-flow\" style=\"flex-basis:66.66%\">\n<p><strong>Socios:<\/strong> The Center for People and Forests &#8211; RECOFTC, Wildlife Conservation Society, The Center for People and Forests, ForumCiv, SHE Investments, Sansom Mlup Prey (SMP), NatureLife Camboya, Oxfam y la Organizaci\u00f3n Camboyana de Personas con Discapacidad (CDPO).<\/p>\n<\/div>\n\n\n\n<div class=\"wp-block-column is-layout-flow wp-block-column-is-layout-flow\" style=\"flex-basis:33.33%\"><\/div>\n<\/div>\n\n\n\n<div class=\"wp-block-columns is-layout-flex wp-container-core-columns-is-layout-9d6595d7 wp-block-columns-is-layout-flex\">\n<div class=\"wp-block-column is-layout-flow wp-block-column-is-layout-flow\">\n<h2 class=\"wp-block-heading\">Desaf\u00edos<\/h2>\n\n\n\n<p>El ecosistema ha experimentado un aumento de la temperatura, un incremento de los incendios forestales, un alarmante descenso del 80-90% en las capturas de peces desde principios de 2019 y la p\u00e9rdida de 2.800 km2 de h\u00e1bitat estacionalmente inundado para el cultivo de arroz en la estaci\u00f3n seca. Pero puede evitarse una mayor degradaci\u00f3n del TSBR mediante proyectos de restauraci\u00f3n de h\u00e1bitats como los que han revivido con \u00e9xito ecosistemas similares en Europa. La r\u00e1pida adopci\u00f3n de medidas de mitigaci\u00f3n y adaptaci\u00f3n y la mejora de la gobernanza del paisaje pueden contribuir a aumentar la resiliencia en la RBTS.<\/p>\n<\/div>\n\n\n\n<div class=\"wp-block-column is-layout-flow wp-block-column-is-layout-flow\">\n<h2 class=\"wp-block-heading\">Meta<\/h2>\n\n\n\n<p>Crear resistencia al r\u00e1pido cambio medioambiental entre los ecosistemas, las comunidades y la biodiversidad mediante la gesti\u00f3n integrada del paisaje de la Reserva de la Biosfera de Tonle Sap (Camboya).<\/p>\n<\/div>\n<\/div>\n\n\n\n<div class=\"wp-block-columns section-bg wpe-mapbg pt-5 pb-5 is-layout-flex wp-container-core-columns-is-layout-9d6595d7 wp-block-columns-is-layout-flex\">\n<div class=\"wp-block-column is-layout-flow wp-block-column-is-layout-flow\">\n<img decoding=\"async\" src=\"http:\/\/landscapesfuture.org\/wp-content\/uploads\/svg-map\/Landscape%20for%20our%20future-country%20map-worldwide_Cambodia.svg\" style=\"width:100%;padding-right:60px\">\n<\/div>\n\n\n\n<div class=\"wp-block-column is-layout-flow wp-block-column-is-layout-flow\">\n<h2 class=\"wp-block-heading\">paisajes<\/h2>\n\n\n\n<p>Creada en 1997, la primera Reserva de la Biosfera de Camboya, la Reserva de la Biosfera del Tonle Sap (RTS), tiene una superficie de 14.812,6 km2. Sus bosques y praderas, inundados y desecados cada a\u00f1o por el r\u00edo Mekong y sus afluentes, albergan la mayor colonia de aves acu\u00e1ticas del sudeste asi\u00e1tico y m\u00e1s de 50 especies amenazadas a nivel mundial, como el floric\u00e1n de Bengala, en peligro cr\u00edtico. Hogar de una de las pesquer\u00edas interiores m\u00e1s productivas del mundo, el TSBR sustenta a m\u00e1s de 1,5 millones de personas que viven en la llanura de inundaci\u00f3n o en casas flotantes en el lago, incluidas m\u00e1s de 100.000 personas para las que la pesca es su \u00fanica fuente de ingresos. Sin embargo, el cambio clim\u00e1tico, la construcci\u00f3n de presas para la producci\u00f3n de energ\u00eda hidroel\u00e9ctrica y el desv\u00edo de los afluentes para el riego del arroz est\u00e1n desencadenando incendios forestales y amenazando con el colapso de las poblaciones de peces, y del propio ecosistema del lago.<\/p>\n<\/div>\n<\/div>\n\n\n\n<div class=\"wp-block-columns is-layout-flex wp-container-core-columns-is-layout-9d6595d7 wp-block-columns-is-layout-flex\">\n<div class=\"wp-block-column is-layout-flow wp-block-column-is-layout-flow\" style=\"flex-basis:66.66%\">\n<h2 class=\"wp-block-heading\">Acercarse<\/h2>\n\n\n\n<p>Este proyecto pretende abordar estos retos mediante la aplicaci\u00f3n de una gesti\u00f3n integrada del paisaje, que abordar\u00e1 directamente los impactos de los factores de degradaci\u00f3n mencionados mediante la mejora de la gesti\u00f3n, la reducci\u00f3n de la incidencia de los incendios, la replantaci\u00f3n de los bosques inundados y el desarrollo de medios de vida ecol\u00f3gicamente resistentes en la RBTS. En la medida de lo posible, el proyecto tambi\u00e9n abordar\u00e1 los factores de cambio mediante la mejora de la gobernanza y la pol\u00edtica.<\/p>\n\n\n\n<h2 class=\"wp-block-heading\">Acciones espec\u00edficas<\/h2>\n\n\n\n<p>Las actividades se centrar\u00e1n en la planificaci\u00f3n y gesti\u00f3n del paisaje, las medidas de prevenci\u00f3n de incendios, la rehabilitaci\u00f3n de la vegetaci\u00f3n y la gesti\u00f3n sostenible de la agricultura y los bosques. Los enfoques espec\u00edficos incluyen: consultas participativas con las comunidades y el gobierno para desarrollar un plan de prevenci\u00f3n y gesti\u00f3n de incendios basado en la comunidad; ingenier\u00eda ecol\u00f3gica (por ejemplo, diques, estanques) para retener el agua en \u00e1reas cr\u00edticas para los huevos de los peces y las aves acu\u00e1ticas que anidan; trabajo con el sector privado para crear incentivos para una agricultura m\u00e1s sostenible; trabajo con las mujeres empresarias para desarrollar medios de vida alternativos a la pesca; y herramientas como una aplicaci\u00f3n de alerta de incendios y un portal web para evaluar el impacto de los desarrollos propuestos en el h\u00e1bitat.<\/p>\n<\/div>\n\n\n\n<div class=\"wp-block-column is-layout-flow wp-block-column-is-layout-flow\" style=\"flex-basis:33.33%\"><\/div>\n<\/div>\n\n\n\n<div class=\"wp-block-columns section-bg wpe-bggrey pt-5 pb-5 is-layout-flex wp-container-core-columns-is-layout-9d6595d7 wp-block-columns-is-layout-flex\">\n<div class=\"wp-block-column is-layout-flow wp-block-column-is-layout-flow\">\n<h2 class=\"wp-block-heading\">Contacto<\/h2>\n\n\n\n<p>HOU Hemmunind, responsable de comunicaci\u00f3n, ourtonlesap@wcs.org<\/p>\n<\/div>\n<\/div>\n\n\n\n<div class=\"wp-block-columns is-layout-flex wp-container-core-columns-is-layout-9d6595d7 wp-block-columns-is-layout-flex\">\n<div class=\"wp-block-column is-layout-flow wp-block-column-is-layout-flow\">\n<h2 class=\"wp-block-heading\">M\u00e1s informaci\u00f3n<\/h2>\n\n\n\n<p><a href=\"https:\/\/cambodia.wcs.org\/saving-wild-places\/tonle-sap-lake-floodplain.aspx\">https:\/\/cambodia.wcs.org\/saving-wild-places\/tonle-sap-lake-floodplain.aspx<\/a><\/p>\n<\/div>\n<\/div>\n","protected":false},"excerpt":{"rendered":"<p>Nuestro Tonle Sap Socios: The Center for People and Forests &#8211; RECOFTC, Wildlife Conservation Society, The Center for People and Forests, ForumCiv, SHE Investments, Sansom Mlup Prey (SMP), NatureLife Camboya, Oxfam y la Organizaci\u00f3n Camboyana de Personas con Discapacidad (CDPO). Desaf\u00edos El ecosistema ha experimentado un aumento de la temperatura, un incremento de los incendios [&hellip;]<\/p>\n","protected":false},"author":1,"featured_media":0,"parent":0,"menu_order":0,"comment_status":"closed","ping_status":"closed","template":"templates\/template-page-gutenberg.php","meta":{"inline_featured_image":false,"footnotes":"","_links_to":"","_links_to_target":""},"class_list":["post-6424","page","type-page","status-publish","hentry"],"_links":{"self":[{"href":"https:\/\/landscapesfuture.org\/es\/wp-json\/wp\/v2\/pages\/6424","targetHints":{"allow":["GET"]}}],"collection":[{"href":"https:\/\/landscapesfuture.org\/es\/wp-json\/wp\/v2\/pages"}],"about":[{"href":"https:\/\/landscapesfuture.org\/es\/wp-json\/wp\/v2\/types\/page"}],"author":[{"embeddable":true,"href":"https:\/\/landscapesfuture.org\/es\/wp-json\/wp\/v2\/users\/1"}],"replies":[{"embeddable":true,"href":"https:\/\/landscapesfuture.org\/es\/wp-json\/wp\/v2\/comments?post=6424"}],"version-history":[{"count":3,"href":"https:\/\/landscapesfuture.org\/es\/wp-json\/wp\/v2\/pages\/6424\/revisions"}],"predecessor-version":[{"id":6657,"href":"https:\/\/landscapesfuture.org\/es\/wp-json\/wp\/v2\/pages\/6424\/revisions\/6657"}],"wp:attachment":[{"href":"https:\/\/landscapesfuture.org\/es\/wp-json\/wp\/v2\/media?parent=6424"}],"curies":[{"name":"wp","href":"https:\/\/api.w.org\/{rel}","templated":true}]}}