{"id":6418,"date":"2021-08-21T21:44:05","date_gmt":"2021-08-21T14:44:05","guid":{"rendered":"https:\/\/landscapesfuture.org\/senegal\/"},"modified":"2022-09-08T16:25:30","modified_gmt":"2022-09-08T09:25:30","slug":"senegal","status":"publish","type":"page","link":"https:\/\/landscapesfuture.org\/es\/senegal\/","title":{"rendered":"Senegal"},"content":{"rendered":"<style>\n@media only screen and (max-width: 960px) {\n   #hero-page{\n    background-image:url(\"https:\/\/landscapesfuture.org\/wp-content\/uploads\/2021\/11\/senegal-1.jpg\");\n    background-position-y: bottom;\n    background-position-x: center;\n  }\n}\n\n#hero-page::after {\n    position: absolute;\n    content: ' ';\n    z-index: 0;\n    height: 100%;\n    width: 100%;\n    background-color: rgb(0,0,0,0.4);\n    top: 0;\n    left: 0;\n}\n#hero-page.section-bg::before{\nbackground-position-y: -385px;\n}\n\n.page #header #menu a {\n    color: #fff;\n}\n\n.page #header #menu .sub-menu li a{\n  color:#333;\n}\n\n.page #header #menu .sub-menu li a:hover{\n color:#FFFFFF;\n}\n\n.home.page-id-429 #wrapper, .page.page-id-429 #wrapper {\n    margin-top: 82px;\n}\n.home.page-id-429 #header, .page.page-id-429 #header {\n    background-color: #2E3546;\n    border: 0px;\n}\n\n.home.page-id-429 #header.darkHeader #menu a, \n.page.page-id-429 #header.darkHeader #menu a{\n   color:#252122;\n}\n\n.home.page-id-429  #header.darkHeader, .page.page-id-429  #header.darkHeader {\n    background-color: #FFFFFF;\n    border-bottom: 1px solid #ddd;\n}<\/style>\n<!-- section hero -->\n<!-- close div before -->\n        <\/div>\n    <\/article>\n<\/div>\n\n<div id=\"hero-page\" class=\" block-hero-page flex-vcenter section-bg\">\n    <div class=\"block-hero-page_bg\">\n        <img decoding=\"async\" src=\"https:\/\/landscapesfuture.org\/wp-content\/uploads\/2021\/11\/senegal-1.jpg\">\n    <\/div>\n    <div class=\"block-hero-page_overlay\"><\/div>\n    <div class=\"block-hero-page_content\">\n        <div class=\"container\">\n\n            <div class=\"hero-page\">\n                <div class=\"hero-page_title text-light\">\n                    <h1>Senegal<\/h1>\n                    <!--<p><\/p>-->\n                                    <\/div>\n            <\/div>\n        <\/div>\n    <\/div>\n<\/div>\n\n<div class=\"container\">\n    <div class=\"row\">\n        <div class=\"col-12\">\n            <div class=\"breadcrumbs\" itemscope itemtype=\"http:\/\/schema.org\/BreadcrumbList\"><span itemprop=\"itemListElement\" itemscope itemtype=\"http:\/\/schema.org\/ListItem\"><a class=\"breadcrumbs__link\" href=\"https:\/\/landscapesfuture.org\/es\/\" itemprop=\"item\"><span itemprop=\"name\">Inicio<\/span><\/a><meta itemprop=\"position\" content=\"1\" \/><\/span><\/div><!-- .breadcrumbs -->        <\/div>\n    <\/div>\n<\/div>\n\n<div class=\"container\">\n    <article id=\"post-6418\" class=\"post-6418 page type-page status-publish hentry\">\n        <div class=\"entry-content\">\n<h1 class=\"project-title has-very-dark-gray-color has-text-color wp-block-heading\">Reforestaci\u00f3n y resiliencia para proteger los territorios y ecosistemas de Senegal<\/h1>\n\n    <style> \n        .logo-partner-on-team {\n              max-height: 80px;\n              max-width: 180px;\n        }\n    <\/style><div id=\"\" class=\" block-clear wpe-block\"><h3 class=\"mt-3 mb-4 fs-3-5\"><\/h3><div><\/div><div class=\"wpe-block-title\"><h2>Partners<\/h2><\/div><div class=\"d-flex justify-content-start flex-wrap flex-row columns-10 middle-md m-margin-bottom-30 partner-list-items\" style=\"justify-content: flex-start;\">\n    \n            <div class=\"me-4 mb-4 partner-item d-table\">\n                <a href=\"http:\/\/www.fao.org\/home\/en\/\" class=\"d-table-cell align-middle\" title=\"Food and Agriculture Organization of the United Nations (FAO)\">\n                    <img decoding=\"async\" src=\"https:\/\/www.cifor.org\/wp-content\/uploads\/2020\/04\/FAO-logo.png\" alt=\"Food and Agriculture Organization of the United Nations (FAO)\" class=\"logo-partner-on-team\" title=\"Food and Agriculture Organization of the United Nations (FAO)\">\n                <\/a>\n            <\/div>\n    \n            <div class=\"me-4 mb-4 partner-item d-table\">\n                <a href=\"https:\/\/www.thegef.org\/\" class=\"d-table-cell align-middle\" title=\"Global Environment Facility (GEF)\">\n                    <img decoding=\"async\" src=\"https:\/\/www.cifor.org\/wp-content\/uploads\/2020\/04\/gef_logo.png\" alt=\"Global Environment Facility (GEF)\" class=\"logo-partner-on-team\" title=\"Global Environment Facility (GEF)\">\n                <\/a>\n            <\/div><\/div><\/div>\n<div class=\"wp-block-columns is-layout-flex wp-container-core-columns-is-layout-9d6595d7 wp-block-columns-is-layout-flex\">\n<div class=\"wp-block-column is-layout-flow wp-block-column-is-layout-flow\" style=\"flex-basis:66.66%\">\n<p><strong>Socios:<\/strong> Agencia Senegalesa para la Reforestaci\u00f3n de la Gran Muralla Verde (ASRGM) con el apoyo t\u00e9cnico de la Organizaci\u00f3n de las Naciones Unidas para la Agricultura y la Alimentaci\u00f3n, municipios, sector privado y organizaciones no gubernamentales<\/p>\n<\/div>\n\n\n\n<div class=\"wp-block-column is-layout-flow wp-block-column-is-layout-flow\" style=\"flex-basis:33.33%\"><\/div>\n<\/div>\n\n<div class=\"wp-block-columns is-layout-flex wp-container-core-columns-is-layout-9d6595d7 wp-block-columns-is-layout-flex\">\n<div class=\"wp-block-column is-layout-flow wp-block-column-is-layout-flow\">\n<h2 class=\"wp-block-heading\">Desaf\u00edos<\/h2>\n\n\n\n<p>La mayor parte de la poblaci\u00f3n rural de Senegal vive de la tierra, pero la deforestaci\u00f3n y la degradaci\u00f3n del suelo se han disparado debido al cambio clim\u00e1tico y a la sobreexplotaci\u00f3n de los recursos naturales. El pa\u00eds ha perdido el 13% de su superficie forestal desde 1990, y un tercio de su superficie est\u00e1 degradada, incluidos dos tercios de las tierras de cultivo. La gobernanza medioambiental es muy inadecuada a nivel nacional, mientras que las comunidades locales no participan suficientemente en la gesti\u00f3n de los recursos naturales.<\/p>\n<\/div>\n\n\n\n<div class=\"wp-block-column is-layout-flow wp-block-column-is-layout-flow\">\n<h2 class=\"wp-block-heading\">Meta<\/h2>\n\n\n\n<p>Este proyecto pretende mejorar la resistencia de las comunidades a los impactos del cambio clim\u00e1tico mediante la gesti\u00f3n participativa y sostenible de la tierra y los ecosistemas.<\/p>\n<\/div>\n<\/div>\n\n<div class=\"wp-block-columns section-bg wpe-mapbg pt-5 pb-5 is-layout-flex wp-container-core-columns-is-layout-9d6595d7 wp-block-columns-is-layout-flex\">\n<div class=\"wp-block-column is-layout-flow wp-block-column-is-layout-flow\">\n<img decoding=\"async\" src=\"http:\/\/landscapesfuture.org\/wp-content\/uploads\/svg-map\/Landscape%20for%20our%20future-country%20map-worldwide_Senegal.svg\" style=\"width:100%;padding-right:60px\" \/><\/div>\n\n\n\n<div class=\"wp-block-column is-layout-flow wp-block-column-is-layout-flow\">\n<h2 class=\"wp-block-heading\">paisajes<\/h2>\n\n\n\n<p>Este proyecto se llevar\u00e1 a cabo en dos zonas ecogeogr\u00e1ficas de Senegal: una zona silvo-pastoral en el norte, donde se est\u00e1 construyendo la Gran Muralla Verde, y una cuenca de cacahuetes en el centro y oeste de Senegal. La zona silvopastoral de las regiones de Louga y Matam presenta un clima des\u00e9rtico, con altas temperaturas y escasas precipitaciones. La econom\u00eda regional se basa en gran medida en la ganader\u00eda debido a sus abundantes zonas de pastoreo. En la cuenca del cacahuete, la regi\u00f3n de Kaffrine, en el interior, tiene un clima c\u00e1lido y semi\u00e1rido, mientras que la regi\u00f3n de Fatick, en la costa, es tropical y se beneficia de una gran biodiversidad contenida en una serie de zonas terrestres y marinas protegidas. En las cuatro regiones, pero sobre todo en la cuenca del cacahuete, la tierra est\u00e1 muy degradada por causas humanas y naturales, como la deforestaci\u00f3n, los incendios y la erosi\u00f3n. Esta degradaci\u00f3n limita la productividad agr\u00edcola y pastoral, amenazando en \u00faltima instancia la seguridad alimentaria en todo Senegal.<\/p>\n<\/div>\n<\/div>\n\n<div class=\"wp-block-columns is-layout-flex wp-container-core-columns-is-layout-9d6595d7 wp-block-columns-is-layout-flex\">\n<div class=\"wp-block-column is-layout-flow wp-block-column-is-layout-flow\" style=\"flex-basis:66.66%\">\n<h2 class=\"wp-block-heading\">Acercarse<\/h2>\n\n\n\n<p>Este proyecto aumentar\u00e1 la resistencia al cambio clim\u00e1tico, promover\u00e1 medios de vida sostenibles y mejorar\u00e1 la seguridad alimentaria mediante la gobernanza participativa e integrada de la tierra, los ecosistemas y los recursos naturales. Mediante la aplicaci\u00f3n de un enfoque paisaj\u00edstico, restaurar\u00e1 los ecosistemas y los servicios ecosist\u00e9micos, impulsar\u00e1 el secuestro de carbono y fomentar\u00e1 los sistemas de uso sostenible de la tierra. Por \u00faltimo, reforzar\u00e1 la capacidad de las comunidades locales mediante la mejora y el desarrollo de cadenas de valor sostenibles para los productos forestales no madereros y la promoci\u00f3n de asociaciones p\u00fablico-privadas.<\/p>\n\n\n\n<h2 class=\"wp-block-heading\">Acciones espec\u00edficas<\/h2>\n\n\n\n<ul class=\"wp-block-list\"><li>El empoderamiento de las mujeres y la empleabilidad de los j\u00f3venes.<\/li><li>El proyecto tendr\u00e1 como objetivo reforzar los marcos institucionales de Senegal para la gesti\u00f3n de los recursos naturales, incluyendo el desarrollo de una estrategia de reforestaci\u00f3n junto con un sistema de seguimiento participativo.<\/li><li>Para evaluar los avances del pa\u00eds en el cumplimiento de sus compromisos del Acuerdo de Par\u00eds, el proyecto establecer\u00e1 un sistema de medici\u00f3n, notificaci\u00f3n y verificaci\u00f3n y formar\u00e1 al personal de los ministerios pertinentes para su funcionamiento.<\/li><li>Para garantizar la participaci\u00f3n activa de las comunidades locales en la restauraci\u00f3n del paisaje, el proyecto formar\u00e1 a la poblaci\u00f3n local en agrosilvicultura y restauraci\u00f3n del suelo, as\u00ed como en la gesti\u00f3n del proyecto.<\/li><li>El proyecto trabajar\u00e1 con los productores y otros agentes para desarrollar cadenas de valor sostenibles para los productos forestales no madereros y formarles en habilidades empresariales esenciales como la gesti\u00f3n, las finanzas, la comercializaci\u00f3n y el desarrollo de planes de negocio.<\/li><li>Por \u00faltimo, el proyecto llevar\u00e1 a cabo un proyecto piloto de ecoturismo rural mediante la evaluaci\u00f3n de posibles atracciones tur\u00edsticas y su posterior comercializaci\u00f3n al sector privado.<\/li><\/ul><\/div>\n\n\n\n<div class=\"wp-block-column is-layout-flow wp-block-column-is-layout-flow\" style=\"flex-basis:33.33%\"><\/div>\n<\/div>\n\n<div class=\"wp-block-columns section-bg wpe-bggrey pt-5 pb-5 is-layout-flex wp-container-core-columns-is-layout-9d6595d7 wp-block-columns-is-layout-flex\">\n<div class=\"wp-block-column is-layout-flow wp-block-column-is-layout-flow\" style=\"flex-basis:66.66%\">\n<h2 class=\"wp-block-heading\">Contactos<\/h2>\n\n\n\n<ul class=\"wp-block-list\"><li>Savadogo, Patrice (Patrice.Savadogo@fao.org)<\/li><li>FAO-SN@fao.org<\/li><\/ul><\/div>\n\n\n\n<div class=\"wp-block-column is-layout-flow wp-block-column-is-layout-flow\" style=\"flex-basis:33.33%\"><\/div>\n<\/div>\n\n<div class=\"wp-block-columns is-layout-flex wp-container-core-columns-is-layout-9d6595d7 wp-block-columns-is-layout-flex\">\n<div class=\"wp-block-column is-layout-flow wp-block-column-is-layout-flow\" style=\"flex-basis:66.66%\">\n<h2 class=\"wp-block-heading\">M\u00e1s informaci\u00f3n<\/h2>\n\n\n\n<p><a href=\"https:\/\/www.fao.org\/senegal\/fr\/\">https:\/\/www.fao.org\/senegal\/fr\/<\/a><\/p>\n<\/div>\n\n\n\n<div class=\"wp-block-column is-layout-flow wp-block-column-is-layout-flow\" style=\"flex-basis:33.33%\"><\/div>\n<\/div>\n","protected":false},"excerpt":{"rendered":"<p>Reforestaci\u00f3n y resiliencia para proteger los territorios y ecosistemas de Senegal Socios: Agencia Senegalesa para la Reforestaci\u00f3n de la Gran Muralla Verde (ASRGM) con el apoyo t\u00e9cnico de la Organizaci\u00f3n de las Naciones Unidas para la Agricultura y la Alimentaci\u00f3n, municipios, sector privado y organizaciones no gubernamentales Desaf\u00edos La mayor parte de la poblaci\u00f3n rural [&hellip;]<\/p>\n","protected":false},"author":1,"featured_media":0,"parent":0,"menu_order":0,"comment_status":"closed","ping_status":"closed","template":"templates\/template-page-gutenberg.php","meta":{"inline_featured_image":false,"footnotes":"","_links_to":"","_links_to_target":""},"class_list":["post-6418","page","type-page","status-publish","hentry"],"_links":{"self":[{"href":"https:\/\/landscapesfuture.org\/es\/wp-json\/wp\/v2\/pages\/6418","targetHints":{"allow":["GET"]}}],"collection":[{"href":"https:\/\/landscapesfuture.org\/es\/wp-json\/wp\/v2\/pages"}],"about":[{"href":"https:\/\/landscapesfuture.org\/es\/wp-json\/wp\/v2\/types\/page"}],"author":[{"embeddable":true,"href":"https:\/\/landscapesfuture.org\/es\/wp-json\/wp\/v2\/users\/1"}],"replies":[{"embeddable":true,"href":"https:\/\/landscapesfuture.org\/es\/wp-json\/wp\/v2\/comments?post=6418"}],"version-history":[{"count":2,"href":"https:\/\/landscapesfuture.org\/es\/wp-json\/wp\/v2\/pages\/6418\/revisions"}],"predecessor-version":[{"id":6420,"href":"https:\/\/landscapesfuture.org\/es\/wp-json\/wp\/v2\/pages\/6418\/revisions\/6420"}],"wp:attachment":[{"href":"https:\/\/landscapesfuture.org\/es\/wp-json\/wp\/v2\/media?parent=6418"}],"curies":[{"name":"wp","href":"https:\/\/api.w.org\/{rel}","templated":true}]}}