{"id":6411,"date":"2021-08-21T21:43:51","date_gmt":"2021-08-21T14:43:51","guid":{"rendered":"https:\/\/landscapesfuture.org\/santo-tome-y-principe\/"},"modified":"2022-09-08T14:39:11","modified_gmt":"2022-09-08T07:39:11","slug":"santo-tome-y-principe","status":"publish","type":"page","link":"https:\/\/landscapesfuture.org\/es\/santo-tome-y-principe\/","title":{"rendered":"Santo Tom\u00e9"},"content":{"rendered":"<style>\n@media only screen and (max-width: 960px) {\n   #hero-page{\n    background-image:url(\"https:\/\/landscapesfuture.org\/wp-content\/uploads\/2021\/11\/STP_prtg-1.jpg\");\n    background-position-y: bottom;\n    background-position-x: center;\n  }\n}\n\n#hero-page::after {\n    position: absolute;\n    content: ' ';\n    z-index: 0;\n    height: 100%;\n    width: 100%;\n    background-color: rgb(0,0,0,0.4);\n    top: 0;\n    left: 0;\n}\n#hero-page.section-bg::before{\nbackground-position-y: -385px;\n}\n\n.page #header #menu a {\n    color: #fff;\n}\n\n.page #header #menu .sub-menu li a{\n  color:#333;\n}\n\n.page #header #menu .sub-menu li a:hover{\n color:#FFFFFF;\n}\n\n.home.page-id-429 #wrapper, .page.page-id-429 #wrapper {\n    margin-top: 82px;\n}\n.home.page-id-429 #header, .page.page-id-429 #header {\n    background-color: #2E3546;\n    border: 0px;\n}\n\n.home.page-id-429 #header.darkHeader #menu a, \n.page.page-id-429 #header.darkHeader #menu a{\n   color:#252122;\n}\n\n.home.page-id-429  #header.darkHeader, .page.page-id-429  #header.darkHeader {\n    background-color: #FFFFFF;\n    border-bottom: 1px solid #ddd;\n}<\/style>\n<!-- section hero -->\n<!-- close div before -->\n        <\/div>\n    <\/article>\n<\/div>\n\n<div id=\"hero-page\" class=\" block-hero-page flex-vcenter section-bg\">\n    <div class=\"block-hero-page_bg\">\n        <img decoding=\"async\" src=\"https:\/\/landscapesfuture.org\/wp-content\/uploads\/2021\/11\/STP_prtg-1.jpg\">\n    <\/div>\n    <div class=\"block-hero-page_overlay\"><\/div>\n    <div class=\"block-hero-page_content\">\n        <div class=\"container\">\n\n            <div class=\"hero-page\">\n                <div class=\"hero-page_title text-light\">\n                    <h1>Santo Tom\u00e9<\/h1>\n                    <!--<p><\/p>-->\n                                    <\/div>\n            <\/div>\n        <\/div>\n    <\/div>\n<\/div>\n\n<div class=\"container\">\n    <div class=\"row\">\n        <div class=\"col-12\">\n            <div class=\"breadcrumbs\" itemscope itemtype=\"http:\/\/schema.org\/BreadcrumbList\"><span itemprop=\"itemListElement\" itemscope itemtype=\"http:\/\/schema.org\/ListItem\"><a class=\"breadcrumbs__link\" href=\"https:\/\/landscapesfuture.org\/es\/\" itemprop=\"item\"><span itemprop=\"name\">Inicio<\/span><\/a><meta itemprop=\"position\" content=\"1\" \/><\/span><\/div><!-- .breadcrumbs -->        <\/div>\n    <\/div>\n<\/div>\n\n<div class=\"container\">\n    <article id=\"post-6411\" class=\"post-6411 page type-page status-publish hentry\">\n        <div class=\"entry-content\">\n\n\n<h1 class=\"project-title has-very-dark-gray-color has-text-color wp-block-heading\">Desarrollo de modelos agroforestales sostenibles a trav\u00e9s de enfoques integrados de gesti\u00f3n de la tierra para la adaptaci\u00f3n y mitigaci\u00f3n del cambio clim\u00e1tico, la conservaci\u00f3n de los ecosistemas y el desarrollo econ\u00f3mico<\/h1>\n\n\n\n    <style> \n        .logo-partner-on-team {\n              max-height: 80px;\n              max-width: 180px;\n        }\n    <\/style><div id=\"\" class=\" block-clear wpe-block\"><h3 class=\"mt-3 mb-4 fs-3-5\"><\/h3><div><\/div><div class=\"wpe-block-title\"><h2>Lead applicant<\/h2><\/div><div class=\"d-flex justify-content-start flex-wrap flex-row columns-10 middle-md m-margin-bottom-30 partner-list-items\" style=\"justify-content: flex-start;\">\n    \n            <div class=\"me-4 mb-4 partner-item d-table\">\n                <a href=\"https:\/\/www.oikos.pt\/\" class=\"d-table-cell align-middle\" title=\"Oikos \u2013 Coopera\u00e7\u00e3o e Desenvolvimento\">\n                    <img decoding=\"async\" src=\"https:\/\/landscapesfuture.org\/wp-content\/uploads\/2023\/10\/logotipo_original.png\" alt=\"Oikos \u2013 Coopera\u00e7\u00e3o e Desenvolvimento\" class=\"logo-partner-on-team\" title=\"Oikos \u2013 Coopera\u00e7\u00e3o e Desenvolvimento\">\n                <\/a>\n            <\/div><\/div><div class=\"wpe-block-title\"><h2>Co-applicants<\/h2><\/div><div class=\"d-flex justify-content-start flex-wrap flex-row columns-10 middle-md m-margin-bottom-30 partner-list-items\" style=\"justify-content: flex-start;\">\n    \n            <div class=\"me-4 mb-4 partner-item d-table\">\n                <a href=\"https:\/\/www.birdlife.org\/\" class=\"d-table-cell align-middle\" title=\"BirdLife International\">\n                    <img decoding=\"async\" src=\"http:\/\/landscapesfuture.org\/wp-content\/uploads\/2022\/01\/BirdLife-International-logo.png\" alt=\"BirdLife International\" class=\"logo-partner-on-team\" title=\"BirdLife International\">\n                <\/a>\n            <\/div>\n    \n            <div class=\"me-4 mb-4 partner-item d-table\">\n                <a href=\"\" class=\"d-table-cell align-middle\" title=\"Zatona\u2013ADIL\">\n                    <img decoding=\"async\" src=\"http:\/\/landscapesfuture.org\/wp-content\/uploads\/2022\/01\/Zatona-logo.png\" alt=\"Zatona\u2013ADIL\" class=\"logo-partner-on-team\" title=\"Zatona\u2013ADIL\">\n                <\/a>\n            <\/div>\n    \n            <div class=\"me-4 mb-4 partner-item d-table\">\n                <a href=\"https:\/\/www.birdlife.org\/partners\/kenya-nature-kenya-the-east-africa-natural-history-society\/\" class=\"d-table-cell align-middle\" title=\"NatureKenya\">\n                    <img decoding=\"async\" src=\"http:\/\/landscapesfuture.org\/wp-content\/uploads\/2022\/02\/NatureKenya_logo-300.png\" alt=\"NatureKenya\" class=\"logo-partner-on-team\" title=\"NatureKenya\">\n                <\/a>\n            <\/div><\/div><\/div>\n\n\n<div class=\"wp-block-columns is-layout-flex wp-container-core-columns-is-layout-9d6595d7 wp-block-columns-is-layout-flex\">\n<div class=\"wp-block-column is-layout-flow wp-block-column-is-layout-flow\" style=\"flex-basis:66.66%\">\n<p><strong>Socios:<\/strong> Solicitante principal: Oikos &#8211; Coopera\u00e7\u00e3o e Desenvolvimento Co-solicitantes: BirdLife International (Reino Unido), Zatona-ADIL, BirdLife International (Kenia)<\/p>\n\n\n\n<h2 class=\"wp-block-heading\">\u00c1reas tem\u00e1ticas clave<\/h2>\n\n\n\n<p>\u00c1reas protegidas de conservaci\u00f3n, sistemas agroforestales, gobernanza participativa, cambio clim\u00e1tico, enfoque de gesti\u00f3n de paisajes y ecosistemas<\/p>\n<\/div>\n\n\n\n<div class=\"wp-block-column is-layout-flow wp-block-column-is-layout-flow\" style=\"flex-basis:33.33%\"><\/div>\n<\/div>\n\n\n\n<div class=\"wp-block-columns is-layout-flex wp-container-core-columns-is-layout-9d6595d7 wp-block-columns-is-layout-flex\">\n<div class=\"wp-block-column is-layout-flow wp-block-column-is-layout-flow\">\n<h2 class=\"wp-block-heading\">Los retos<\/h2>\n\n\n\n<p>Hay cuatro motores principales de la p\u00e9rdida de biodiversidad en STP, especialmente en sus ecosistemas forestales: el cambio de uso del suelo, la baja productividad, la sobreexplotaci\u00f3n de los recursos naturales y la contaminaci\u00f3n y el cambio clim\u00e1tico.<\/p>\n\n\n\n<p>Siguen existiendo importantes lagunas y obst\u00e1culos en los marcos jur\u00eddico\/normativo e institucional. Existen conflictos entre los ministerios competentes en materia de medio ambiente y agricultura sobre los mandatos (biodiversidad, bosques y \u00e1reas protegidas) y el uso de la tierra. La aplicaci\u00f3n de la ley por parte del Estado es limitada en el caso de las infracciones. Faltan infraestructuras para atraer y alojar a los visitantes y al personal, y los puestos de guardia ecol\u00f3gica son limitados. Existe una conciencia creciente, aunque todav\u00eda d\u00e9bil, de que las inversiones agr\u00edcolas mal planificadas para la producci\u00f3n de productos b\u00e1sicos (caf\u00e9, cacao) est\u00e1n provocando la degradaci\u00f3n de los bosques.<\/p>\n<\/div>\n\n\n\n<div class=\"wp-block-column is-layout-flow wp-block-column-is-layout-flow\">\n<h2 class=\"wp-block-heading\">Meta<\/h2>\n\n\n\n<p>Este proyecto pretende mejorar el uso y la gesti\u00f3n de la tierra y los recursos naturales mediante un enfoque de gesti\u00f3n integrada del paisaje en toda la isla, contribuyendo al acceso sostenible a los alimentos, la riqueza y la preservaci\u00f3n de los ecosistemas del Parque Natural de Ob\u00f4 y los bosques de alto valor de conservaci\u00f3n de Santo Tom\u00e9.<\/p>\n<\/div>\n<\/div>\n\n\n\n<div class=\"wp-block-columns section-bg wpe-mapbg pt-5 pb-5 is-layout-flex wp-container-core-columns-is-layout-9d6595d7 wp-block-columns-is-layout-flex\">\n<div class=\"wp-block-column is-layout-flow wp-block-column-is-layout-flow\">\n<img decoding=\"async\" src=\"http:\/\/landscapesfuture.org\/wp-content\/uploads\/svg-map\/Landscape%20for%20our%20future-country%20map-worldwide_Sao%20Tome%20and%20Principe.svg\" style=\"width:100%;padding-right:60px\">\n<\/div>\n\n\n\n<div class=\"wp-block-column is-layout-flow wp-block-column-is-layout-flow\">\n<h2 class=\"wp-block-heading\">paisajes<\/h2>\n\n\n\n<p>Santo Tom\u00e9 y Pr\u00edncipe (STP) es un pa\u00eds insular situado en el Golfo de Guinea, frente a la costa de \u00c1frica centro-occidental. Con apenas 1.000 km2, STP es el segundo pa\u00eds m\u00e1s peque\u00f1o de \u00c1frica, pero goza de un suelo f\u00e9rtil, abundante agua y una larga temporada de cultivo gracias a su clima tropical. Su econom\u00eda se basa en gran medida en la agricultura de plantaci\u00f3n, siendo el cacao su principal cultivo de exportaci\u00f3n. Sin embargo, sigue dependiendo de las importaciones de alimentos, ya que la producci\u00f3n nacional es insuficiente para satisfacer la demanda. Durante la pandemia de COVID-19, el pa\u00eds ha sufrido tanto la escasez de alimentos como la interrupci\u00f3n de las exportaciones de cacao . Debido al aislamiento, las islas albergan un gran n\u00famero de especies end\u00e9micas, sobre todo de aves. Durante el periodo colonial portugu\u00e9s (~1470-1975) se talaron grandes \u00e1reas de bosque para la agricultura, aunque desde entonces se han regenerado algunos bosques secundarios. Aunque rara vez est\u00e1 expuesta a los ciclones tropicales, STP es muy vulnerable a la subida del nivel del mar debido al cambio clim\u00e1tico (Fuentes: <a target=\"_blank\" href=\"https:\/\/www.britannica.com\/place\/Sao-Tome-and-Principe\/History\" rel=\"noreferrer noopener\">Britannica<\/a> y <a target=\"_blank\" href=\"https:\/\/www.worldwildlife.org\/ecoregions\/at0127\" rel=\"noreferrer noopener\">WWF<\/a>).<\/p>\n<\/div>\n<\/div>\n\n\n\n<div class=\"wp-block-columns is-layout-flex wp-container-core-columns-is-layout-9d6595d7 wp-block-columns-is-layout-flex\">\n<div class=\"wp-block-column is-layout-flow wp-block-column-is-layout-flow\" style=\"flex-basis:66.66%\">\n<h2 class=\"wp-block-heading\">Acercarse<\/h2>\n\n\n\n<p>Este proyecto aportar\u00e1 un enfoque de gesti\u00f3n integrada del paisaje centrado en la isla de Santo Tom\u00e9. Pr\u00edncipe se beneficiar\u00e1 de actividades espec\u00edficas y de apoyo t\u00e9cnico a la replicabilidad a trav\u00e9s de una intervenci\u00f3n integrada centrada en la mejora de la gesti\u00f3n sostenible de los recursos naturales y la gobernanza, as\u00ed como en la conservaci\u00f3n de los ecosistemas. Para ello, el proyecto reforzar\u00e1 los medios y las capacidades de las estructuras, las partes interesadas y las comunidades pertinentes. Tambi\u00e9n reducir\u00e1 la presi\u00f3n humana sobre las \u00c1reas Protegidas y los bosques de Alto Valor de Conservaci\u00f3n mediante la promoci\u00f3n de pr\u00e1cticas agr\u00edcolas sostenibles (m\u00e1s productivas y adaptadas a los efectos del cambio clim\u00e1tico), y la mejora de las cadenas de valor de productos espec\u00edficos y el aumento de los beneficios econ\u00f3micos para la poblaci\u00f3n (con especial inter\u00e9s en la participaci\u00f3n activa de las mujeres y los grupos vulnerables y en la promoci\u00f3n de su acceso a las oportunidades econ\u00f3micas).<\/p>\n\n\n\n<h2 class=\"wp-block-heading\">Acciones espec\u00edficas<\/h2>\n\n\n\n<p>Como parte de su primera estrategia, el proyecto tendr\u00e1 como objetivo desarrollar asociaciones p\u00fablico-privadas para el desarrollo del ecoturismo, proporcionar apoyo t\u00e9cnico y financiero para un sistema de vigilancia y seguimiento de los bosques, y organizar talleres locales para involucrar a las principales partes interesadas en la gesti\u00f3n y gobernanza de los bosques.<\/p>\n\n\n\n<p>Su segunda estrategia consistir\u00e1 en desarrollar y pilotar modelos agroforestales comunitarios, con el apoyo de la creaci\u00f3n de capacidades y planes de producci\u00f3n para los productores agr\u00edcolas organizados.<\/p>\n\n\n\n<p>Por \u00faltimo, en el marco de su tercera estrategia, organizar\u00e1 y promover\u00e1 la participaci\u00f3n y ofrecer\u00e1 capacitaci\u00f3n a todas las partes interesadas. Para ello, implicar\u00e1 y capacitar\u00e1 a las partes interesadas a trav\u00e9s del aprendizaje experimental y la mejora del marco institucional sobre la conservaci\u00f3n de la biodiversidad, la gesti\u00f3n de \u00e1reas protegidas y la gesti\u00f3n sostenible de los bosques. Las acciones de comunicaci\u00f3n se utilizar\u00e1n para educar, comprometer y persuadir a los principales interesados a escala nacional, regional e internacional. Se prev\u00e9n actividades de difusi\u00f3n y aprendizaje, ya que el proyecto es consciente del potencial de aprendizaje de iniciativas similares y de la posibilidad de ampliar los beneficios de este proyecto.<\/p>\n<\/div>\n\n\n\n<div class=\"wp-block-column is-layout-flow wp-block-column-is-layout-flow\" style=\"flex-basis:33.33%\"><\/div>\n<\/div>\n\n\n\n<div class=\"wp-block-columns section-bg wpe-bggrey pt-5 pb-5 is-layout-flex wp-container-core-columns-is-layout-9d6595d7 wp-block-columns-is-layout-flex\">\n<div class=\"wp-block-column is-layout-flow wp-block-column-is-layout-flow\" style=\"flex-basis:100%\">\n<h2 class=\"wp-block-heading\">Contactos<\/h2>\n\n\n\n<ul class=\"wp-block-list\"><li>Domingos, Ricardo &#8211; Director de Operaciones de Oikos Headquarters Portugal ricardo.domingos@oikos.pt<\/li><li>Pardo, Tom\u00e1s &#8211; Coordinador de Proyectos de Oikos Santo Tom\u00e9 y Pr\u00edncipe- tomas.pardo@oikos.pt<\/li><\/ul>\n<\/div>\n<\/div>\n\n\n\n<div class=\"wp-block-columns is-layout-flex wp-container-core-columns-is-layout-9d6595d7 wp-block-columns-is-layout-flex\">\n<div class=\"wp-block-column is-layout-flow wp-block-column-is-layout-flow\" style=\"flex-basis:66.66%\">\n<h2 class=\"wp-block-heading\">M\u00e1s informaci\u00f3n<\/h2>\n\n\n\n<p>Fecha de inicio: 1 de marzo de 2021. La duraci\u00f3n total del proyecto es de 56 meses.<\/p>\n<\/div>\n\n\n\n<div class=\"wp-block-column is-layout-flow wp-block-column-is-layout-flow\" style=\"flex-basis:33.33%\"><\/div>\n<\/div>\n","protected":false},"excerpt":{"rendered":"<p>Desarrollo de modelos agroforestales sostenibles a trav\u00e9s de enfoques integrados de gesti\u00f3n de la tierra para la adaptaci\u00f3n y mitigaci\u00f3n del cambio clim\u00e1tico, la conservaci\u00f3n de los ecosistemas y el desarrollo econ\u00f3mico Socios: Solicitante principal: Oikos &#8211; Coopera\u00e7\u00e3o e Desenvolvimento Co-solicitantes: BirdLife International (Reino Unido), Zatona-ADIL, BirdLife International (Kenia) \u00c1reas tem\u00e1ticas clave \u00c1reas protegidas de [&hellip;]<\/p>\n","protected":false},"author":1,"featured_media":0,"parent":0,"menu_order":0,"comment_status":"closed","ping_status":"closed","template":"templates\/template-page-gutenberg.php","meta":{"inline_featured_image":false,"footnotes":"","_links_to":"","_links_to_target":""},"class_list":["post-6411","page","type-page","status-publish","hentry"],"_links":{"self":[{"href":"https:\/\/landscapesfuture.org\/es\/wp-json\/wp\/v2\/pages\/6411","targetHints":{"allow":["GET"]}}],"collection":[{"href":"https:\/\/landscapesfuture.org\/es\/wp-json\/wp\/v2\/pages"}],"about":[{"href":"https:\/\/landscapesfuture.org\/es\/wp-json\/wp\/v2\/types\/page"}],"author":[{"embeddable":true,"href":"https:\/\/landscapesfuture.org\/es\/wp-json\/wp\/v2\/users\/1"}],"replies":[{"embeddable":true,"href":"https:\/\/landscapesfuture.org\/es\/wp-json\/wp\/v2\/comments?post=6411"}],"version-history":[{"count":3,"href":"https:\/\/landscapesfuture.org\/es\/wp-json\/wp\/v2\/pages\/6411\/revisions"}],"predecessor-version":[{"id":6645,"href":"https:\/\/landscapesfuture.org\/es\/wp-json\/wp\/v2\/pages\/6411\/revisions\/6645"}],"wp:attachment":[{"href":"https:\/\/landscapesfuture.org\/es\/wp-json\/wp\/v2\/media?parent=6411"}],"curies":[{"name":"wp","href":"https:\/\/api.w.org\/{rel}","templated":true}]}}