{"id":6405,"date":"2021-08-22T01:15:31","date_gmt":"2021-08-21T18:15:31","guid":{"rendered":"https:\/\/landscapesfuture.org\/mauricio\/"},"modified":"2022-09-08T14:37:13","modified_gmt":"2022-09-08T07:37:13","slug":"mauricio","status":"publish","type":"page","link":"https:\/\/landscapesfuture.org\/es\/mauricio\/","title":{"rendered":"Mauricio"},"content":{"rendered":"<style>\n@media only screen and (max-width: 960px) {\n   #hero-page{\n    background-image:url(\"https:\/\/landscapesfuture.org\/wp-content\/uploads\/2022\/01\/xavier-coiffic-WV4B_aVj0aQ-unsplash-banner.jpg\");\n    background-position-y: bottom;\n    background-position-x: center;\n  }\n}\n\n#hero-page::after {\n    position: absolute;\n    content: ' ';\n    z-index: 0;\n    height: 100%;\n    width: 100%;\n    background-color: rgb(0,0,0,0.4);\n    top: 0;\n    left: 0;\n}\n#hero-page.section-bg::before{\nbackground-position-y: -385px;\n}\n\n.page #header #menu a {\n    color: #fff;\n}\n\n.page #header #menu .sub-menu li a{\n  color:#333;\n}\n\n.page #header #menu .sub-menu li a:hover{\n color:#FFFFFF;\n}\n\n.home.page-id-429 #wrapper, .page.page-id-429 #wrapper {\n    margin-top: 82px;\n}\n.home.page-id-429 #header, .page.page-id-429 #header {\n    background-color: #2E3546;\n    border: 0px;\n}\n\n.home.page-id-429 #header.darkHeader #menu a, \n.page.page-id-429 #header.darkHeader #menu a{\n   color:#252122;\n}\n\n.home.page-id-429  #header.darkHeader, .page.page-id-429  #header.darkHeader {\n    background-color: #FFFFFF;\n    border-bottom: 1px solid #ddd;\n}<\/style>\n<!-- section hero -->\n<!-- close div before -->\n        <\/div>\n    <\/article>\n<\/div>\n\n<div id=\"hero-page\" class=\" block-hero-page flex-vcenter section-bg\">\n    <div class=\"block-hero-page_bg\">\n        <img decoding=\"async\" src=\"https:\/\/landscapesfuture.org\/wp-content\/uploads\/2022\/01\/xavier-coiffic-WV4B_aVj0aQ-unsplash-banner.jpg\">\n    <\/div>\n    <div class=\"block-hero-page_overlay\"><\/div>\n    <div class=\"block-hero-page_content\">\n        <div class=\"container\">\n\n            <div class=\"hero-page\">\n                <div class=\"hero-page_title text-light\">\n                    <h1>Mauricio<\/h1>\n                    <!--<p><\/p>-->\n                                    <\/div>\n            <\/div>\n        <\/div>\n    <\/div>\n<\/div>\n\n<div class=\"container\">\n    <div class=\"row\">\n        <div class=\"col-12\">\n            <div class=\"breadcrumbs\" itemscope itemtype=\"http:\/\/schema.org\/BreadcrumbList\"><span itemprop=\"itemListElement\" itemscope itemtype=\"http:\/\/schema.org\/ListItem\"><a class=\"breadcrumbs__link\" href=\"https:\/\/landscapesfuture.org\/es\/\" itemprop=\"item\"><span itemprop=\"name\">Inicio<\/span><\/a><meta itemprop=\"position\" content=\"1\" \/><\/span><\/div><!-- .breadcrumbs -->        <\/div>\n    <\/div>\n<\/div>\n\n<div class=\"container\">\n    <article id=\"post-6405\" class=\"post-6405 page type-page status-publish hentry\">\n        <div class=\"entry-content\">\n\n\n<h1 class=\"project-title has-very-dark-gray-color has-text-color wp-block-heading\">Mauricio de Ridge a Reef (R2R)<\/h1>\n\n\n\n    <style> \n        .logo-partner-on-team {\n              max-height: 80px;\n              max-width: 180px;\n        }\n    <\/style><div id=\"\" class=\" block-clear wpe-block\"><h3 class=\"mt-3 mb-4 fs-3-5\"><\/h3><div><\/div><div class=\"wpe-block-title\"><h2>Lead organizations<\/h2><\/div><div class=\"d-flex justify-content-start flex-wrap flex-row columns-10 middle-md m-margin-bottom-30 partner-list-items\" style=\"justify-content: flex-start;\">\n    \n            <div class=\"me-4 mb-4 partner-item d-table\">\n                <a href=\"https:\/\/npcs.govmu.org\/SitePages\/Index.aspx\" class=\"d-table-cell align-middle\" title=\"The National Parks and Conservation Service (NPCS) - Mauritius\">\n                    <img decoding=\"async\" src=\"http:\/\/landscapesfuture.org\/wp-content\/uploads\/2022\/02\/NPCS_Mauritius-logo-300.png\" alt=\"The National Parks and Conservation Service (NPCS) - Mauritius\" class=\"logo-partner-on-team\" title=\"The National Parks and Conservation Service (NPCS) - Mauritius\">\n                <\/a>\n            <\/div>\n    \n            <div class=\"me-4 mb-4 partner-item d-table\">\n                <a href=\"https:\/\/agriculture.govmu.org\/SitePages\/Index.aspx\" class=\"d-table-cell align-middle\" title=\"Ministry of Agro-Industry and Food Security - Mauritius\">\n                    <img decoding=\"async\" src=\"http:\/\/landscapesfuture.org\/wp-content\/uploads\/2022\/01\/MAFS-Mauritius-Logo.png\" alt=\"Ministry of Agro-Industry and Food Security - Mauritius\" class=\"logo-partner-on-team\" title=\"Ministry of Agro-Industry and Food Security - Mauritius\">\n                <\/a>\n            <\/div><\/div><div class=\"wpe-block-title\"><h2>Partners<\/h2><\/div><div class=\"d-flex justify-content-start flex-wrap flex-row columns-10 middle-md m-margin-bottom-30 partner-list-items\" style=\"justify-content: flex-start;\">\n    \n            <div class=\"me-4 mb-4 partner-item d-table\">\n                <a href=\"https:\/\/www.uom.ac.mu\/\" class=\"d-table-cell align-middle\" title=\"University of Mauritius\">\n                    <img decoding=\"async\" src=\"http:\/\/landscapesfuture.org\/wp-content\/uploads\/2022\/02\/University-Mauritius-logo-300.jpg\" alt=\"University of Mauritius\" class=\"logo-partner-on-team\" title=\"University of Mauritius\">\n                <\/a>\n            <\/div>\n    \n            <div class=\"me-4 mb-4 partner-item d-table\">\n                <a href=\"https:\/\/blueconomy.govmu.org\/SitePages\/Index.aspx\" class=\"d-table-cell align-middle\" title=\"Ministry of Ocean Economy and Fisheries - Mauritius\">\n                    <img decoding=\"async\" src=\"http:\/\/landscapesfuture.org\/wp-content\/uploads\/2022\/01\/MAFS-Mauritius-Logo.png\" alt=\"Ministry of Ocean Economy and Fisheries - Mauritius\" class=\"logo-partner-on-team\" title=\"Ministry of Ocean Economy and Fisheries - Mauritius\">\n                <\/a>\n            <\/div><\/div><\/div>\n\n\n<div class=\"wp-block-columns is-layout-flex wp-container-core-columns-is-layout-9d6595d7 wp-block-columns-is-layout-flex\">\n<div class=\"wp-block-column is-layout-flow wp-block-column-is-layout-flow\" style=\"flex-basis:66.66%\">\n<p><strong>Organizaciones l\u00edderes:<\/strong> Proyecto ejecutado por el Servicio de Parques Nacionales y Conservaci\u00f3n (NPCS) bajo la tutela del Ministerio de Agroindustria y Seguridad Alimentaria<br><strong>Socios:<\/strong> Universidad de Mauricio; Ministerio de Econom\u00eda Oce\u00e1nica y Pesca<\/p>\n\n\n\n<h2 class=\"wp-block-heading\">\u00c1reas tem\u00e1ticas clave<\/h2>\n\n\n\n<p>Medio ambiente y cambio clim\u00e1tico, agricultura y seguridad alimentaria; biodiversidad<\/p>\n<\/div>\n\n\n\n<div class=\"wp-block-column is-layout-flow wp-block-column-is-layout-flow\" style=\"flex-basis:33.33%\"><\/div>\n<\/div>\n\n\n\n<div class=\"wp-block-columns is-layout-flex wp-container-core-columns-is-layout-9d6595d7 wp-block-columns-is-layout-flex\">\n<div class=\"wp-block-column is-layout-flow wp-block-column-is-layout-flow\">\n<h2 class=\"wp-block-heading\">Desaf\u00edos<\/h2>\n\n\n\n<p>Mauricio es muy vulnerable a los efectos del cambio clim\u00e1tico, como la subida del nivel del mar y la mayor intensidad y frecuencia de los ciclones tropicales. Importa el 75% de sus necesidades alimentarias, lo que la deja expuesta a choques como la pandemia de COVID-19, y su flora terrestre est\u00e1 clasificada como la tercera m\u00e1s amenazada del mundo. Estos retos exigen un programa integral para aumentar la resiliencia, abordando simult\u00e1neamente la mitigaci\u00f3n del cambio clim\u00e1tico, la p\u00e9rdida de biodiversidad y la seguridad alimentaria.<\/p>\n<\/div>\n\n\n\n<div class=\"wp-block-column is-layout-flow wp-block-column-is-layout-flow\">\n<h2 class=\"wp-block-heading\">Meta<\/h2>\n\n\n\n<p>Mitigar el cambio clim\u00e1tico, reducir la p\u00e9rdida de biodiversidad y mejorar la seguridad alimentaria a trav\u00e9s de enfoques de paisaje, permitiendo a Mauricio cumplir con los compromisos internacionales, incluyendo el Acuerdo de Par\u00eds, el Convenio sobre la Diversidad Biol\u00f3gica y la Convenci\u00f3n de Ramsar.<\/p>\n<\/div>\n<\/div>\n\n\n\n<div class=\"wp-block-columns section-bg wpe-mapbg pt-5 pb-5 is-layout-flex wp-container-core-columns-is-layout-9d6595d7 wp-block-columns-is-layout-flex\">\n<div class=\"wp-block-column is-layout-flow wp-block-column-is-layout-flow\">\n<img decoding=\"async\" src=\"http:\/\/landscapesfuture.org\/wp-content\/uploads\/svg-map\/Landscape%20for%20our%20future-country%20map-worldwide_Mauritius.svg\" style=\"width:100%;padding-right:60px\">\n<\/div>\n\n\n\n<div class=\"wp-block-column is-layout-flow wp-block-column-is-layout-flow\">\n<h2 class=\"wp-block-heading\">paisajes<\/h2>\n\n\n\n<p>Mauricio es un pa\u00eds insular del oc\u00e9ano \u00cdndico, situado a unos 2.000 kil\u00f3metros de la costa africana. Con una poblaci\u00f3n de 1,2 millones de habitantes repartidos en una superficie de 2.040 kil\u00f3metros2, Mauricio es el d\u00e9cimo pa\u00eds m\u00e1s poblado del mundo. Debido a su aislamiento y a la diversidad de sus ecosistemas, que incluyen bosques, manglares y humedales, el pa\u00eds cuenta con altos niveles de biodiversidad y endemismo. Pero muchas especies se han visto abocadas a la extinci\u00f3n por la actividad humana, sobre todo el dodo. Los sectores econ\u00f3micos clave son el turismo, el az\u00facar, el textil y los servicios financieros, y la mayor parte de la tierra cultivable del pa\u00eds se destina a la producci\u00f3n de ca\u00f1a de az\u00facar. Este proyecto se concentrar\u00e1 en el Parque Nacional de las Gargantas del R\u00edo Negro, situado en la isla principal de Mauricio. El Parque sirve de importante zona de captaci\u00f3n para dos sistemas fluviales que proporcionan recursos de agua dulce a los habitantes del sur de la isla, as\u00ed como riego para la agricultura en el oeste. Tambi\u00e9n es el mayor bosque aut\u00f3ctono que queda en la isla, y se sabe que alberga fauna amenazada, incluidas aves end\u00e9micas.<\/p>\n<\/div>\n<\/div>\n\n\n\n<div class=\"wp-block-columns is-layout-flex wp-container-core-columns-is-layout-9d6595d7 wp-block-columns-is-layout-flex\">\n<div class=\"wp-block-column is-layout-flow wp-block-column-is-layout-flow\" style=\"flex-basis:66.66%\">\n<h2 class=\"wp-block-heading\">Acercarse<\/h2>\n\n\n\n<p>Este proyecto abordar\u00e1 la vulnerabilidad de Mauricio al cambio clim\u00e1tico, la p\u00e9rdida de biodiversidad y las crisis de importaci\u00f3n de alimentos mediante una mejor gesti\u00f3n de la tierra y enfoques paisaj\u00edsticos. Restaurar\u00e1 los bosques naturales para secuestrar carbono y cumplir con las Contribuciones Nacionales Determinadas (NDC) del pa\u00eds al Acuerdo de Par\u00eds, adem\u00e1s de restaurar la flora aut\u00f3ctona y controlar la fauna invasora para proteger la biodiversidad. Por \u00faltimo, reforzar\u00e1 la seguridad alimentaria ampliando la producci\u00f3n local de alimentos para satisfacer la demanda y aumentar la resistencia frente a futuras crisis.<\/p>\n\n\n\n<h2 class=\"wp-block-heading\">Acciones espec\u00edficas<\/h2>\n\n\n\n<ul class=\"wp-block-list\"><li>Para mitigar el cambio clim\u00e1tico, el proyecto eliminar\u00e1 y controlar\u00e1 las plantas invasoras en los bosques, antes de restaurar los ecosistemas naturales mediante la reintroducci\u00f3n de plantas aut\u00f3ctonas.<\/li><li>Para recuperar la biodiversidad, el proyecto estudiar\u00e1 y cartografiar\u00e1 las especies vegetales en peligro cr\u00edtico y formular\u00e1 planes para conservarlas.<\/li><li>Para mejorar la seguridad alimentaria, el proyecto llevar\u00e1 a cabo campa\u00f1as para animar a los agricultores locales a adoptar pr\u00e1cticas ap\u00edcolas y agroforestales. Tambi\u00e9n se plantar\u00e1n manglares para regenerar la pesca y aumentar el secuestro de carbono.<\/li><\/ul>\n<\/div>\n\n\n\n<div class=\"wp-block-column is-layout-flow wp-block-column-is-layout-flow\" style=\"flex-basis:33.33%\"><\/div>\n<\/div>\n\n\n\n<div class=\"wp-block-columns section-bg wpe-bggrey pt-5 pb-5 is-layout-flex wp-container-core-columns-is-layout-9d6595d7 wp-block-columns-is-layout-flex\">\n<div class=\"wp-block-column is-layout-flow wp-block-column-is-layout-flow\" style=\"flex-basis:66.66%\">\n<h2 class=\"wp-block-heading\">Contacto<\/h2>\n\n\n\n<p>Sr. Kevin Ruhomau<br>Director, Servicio de Parques Nacionales y Conservaci\u00f3n<\/p>\n<\/div>\n\n\n\n<div class=\"wp-block-column is-layout-flow wp-block-column-is-layout-flow\" style=\"flex-basis:33.33%\"><\/div>\n<\/div>\n\n\n\n<div class=\"wp-block-columns is-layout-flex wp-container-core-columns-is-layout-9d6595d7 wp-block-columns-is-layout-flex\">\n<div class=\"wp-block-column is-layout-flow wp-block-column-is-layout-flow\" style=\"flex-basis:66.66%\">\n<h2 class=\"wp-block-heading\">M\u00e1s informaci\u00f3n<\/h2>\n\n\n\n<p>Sitio web de la delegaci\u00f3n de la UE en Mauricio<\/p>\n<\/div>\n\n\n\n<div class=\"wp-block-column is-layout-flow wp-block-column-is-layout-flow\" style=\"flex-basis:33.33%\"><\/div>\n<\/div>\n","protected":false},"excerpt":{"rendered":"<p>Mauricio de Ridge a Reef (R2R) Organizaciones l\u00edderes: Proyecto ejecutado por el Servicio de Parques Nacionales y Conservaci\u00f3n (NPCS) bajo la tutela del Ministerio de Agroindustria y Seguridad AlimentariaSocios: Universidad de Mauricio; Ministerio de Econom\u00eda Oce\u00e1nica y Pesca \u00c1reas tem\u00e1ticas clave Medio ambiente y cambio clim\u00e1tico, agricultura y seguridad alimentaria; biodiversidad Desaf\u00edos Mauricio es muy [&hellip;]<\/p>\n","protected":false},"author":1,"featured_media":0,"parent":0,"menu_order":0,"comment_status":"closed","ping_status":"closed","template":"templates\/template-page-gutenberg.php","meta":{"inline_featured_image":false,"footnotes":"","_links_to":"","_links_to_target":""},"class_list":["post-6405","page","type-page","status-publish","hentry"],"_links":{"self":[{"href":"https:\/\/landscapesfuture.org\/es\/wp-json\/wp\/v2\/pages\/6405","targetHints":{"allow":["GET"]}}],"collection":[{"href":"https:\/\/landscapesfuture.org\/es\/wp-json\/wp\/v2\/pages"}],"about":[{"href":"https:\/\/landscapesfuture.org\/es\/wp-json\/wp\/v2\/types\/page"}],"author":[{"embeddable":true,"href":"https:\/\/landscapesfuture.org\/es\/wp-json\/wp\/v2\/users\/1"}],"replies":[{"embeddable":true,"href":"https:\/\/landscapesfuture.org\/es\/wp-json\/wp\/v2\/comments?post=6405"}],"version-history":[{"count":3,"href":"https:\/\/landscapesfuture.org\/es\/wp-json\/wp\/v2\/pages\/6405\/revisions"}],"predecessor-version":[{"id":6643,"href":"https:\/\/landscapesfuture.org\/es\/wp-json\/wp\/v2\/pages\/6405\/revisions\/6643"}],"wp:attachment":[{"href":"https:\/\/landscapesfuture.org\/es\/wp-json\/wp\/v2\/media?parent=6405"}],"curies":[{"name":"wp","href":"https:\/\/api.w.org\/{rel}","templated":true}]}}