{"id":6399,"date":"2021-08-21T21:29:32","date_gmt":"2021-08-21T14:29:32","guid":{"rendered":"https:\/\/landscapesfuture.org\/ghana\/"},"modified":"2022-09-08T15:05:40","modified_gmt":"2022-09-08T08:05:40","slug":"ghana","status":"publish","type":"page","link":"https:\/\/landscapesfuture.org\/es\/ghana\/","title":{"rendered":"Ghana"},"content":{"rendered":"<style>\n@media only screen and (max-width: 960px) {\n   #hero-page{\n    background-image:url(\"https:\/\/landscapesfuture.org\/wp-content\/uploads\/2021\/08\/ghana-1.jpg\");\n    background-position-y: bottom;\n    background-position-x: center;\n  }\n}\n\n#hero-page::after {\n    position: absolute;\n    content: ' ';\n    z-index: 0;\n    height: 100%;\n    width: 100%;\n    background-color: rgb(0,0,0,0.4);\n    top: 0;\n    left: 0;\n}\n#hero-page.section-bg::before{\nbackground-position-y: -385px;\n}\n\n.page #header #menu a {\n    color: #fff;\n}\n\n.page #header #menu .sub-menu li a{\n  color:#333;\n}\n\n.page #header #menu .sub-menu li a:hover{\n color:#FFFFFF;\n}\n\n.home.page-id-429 #wrapper, .page.page-id-429 #wrapper {\n    margin-top: 82px;\n}\n.home.page-id-429 #header, .page.page-id-429 #header {\n    background-color: #2E3546;\n    border: 0px;\n}\n\n.home.page-id-429 #header.darkHeader #menu a, \n.page.page-id-429 #header.darkHeader #menu a{\n   color:#252122;\n}\n\n.home.page-id-429  #header.darkHeader, .page.page-id-429  #header.darkHeader {\n    background-color: #FFFFFF;\n    border-bottom: 1px solid #ddd;\n}<\/style>\n<!-- section hero -->\n<!-- close div before -->\n        <\/div>\n    <\/article>\n<\/div>\n\n<div id=\"hero-page\" class=\" block-hero-page flex-vcenter section-bg\">\n    <div class=\"block-hero-page_bg\">\n        <img decoding=\"async\" src=\"https:\/\/landscapesfuture.org\/wp-content\/uploads\/2021\/08\/ghana-1.jpg\">\n    <\/div>\n    <div class=\"block-hero-page_overlay\"><\/div>\n    <div class=\"block-hero-page_content\">\n        <div class=\"container\">\n\n            <div class=\"hero-page\">\n                <div class=\"hero-page_title text-light\">\n                    <h1>Ghana<\/h1>\n                    <!--<p><\/p>-->\n                                    <\/div>\n            <\/div>\n        <\/div>\n    <\/div>\n<\/div>\n\n<div class=\"container\">\n    <div class=\"row\">\n        <div class=\"col-12\">\n            <div class=\"breadcrumbs\" itemscope itemtype=\"http:\/\/schema.org\/BreadcrumbList\"><span itemprop=\"itemListElement\" itemscope itemtype=\"http:\/\/schema.org\/ListItem\"><a class=\"breadcrumbs__link\" href=\"https:\/\/landscapesfuture.org\/es\/\" itemprop=\"item\"><span itemprop=\"name\">Inicio<\/span><\/a><meta itemprop=\"position\" content=\"1\" \/><\/span><\/div><!-- .breadcrumbs -->        <\/div>\n    <\/div>\n<\/div>\n\n<div class=\"container\">\n    <article id=\"post-6399\" class=\"post-6399 page type-page status-publish hentry\">\n        <div class=\"entry-content\">\n<h1 class=\"project-title has-very-dark-gray-color has-text-color wp-block-heading\">Paisajes y agilidad ambiental en todo el pa\u00eds (LEAN)  <\/h1>\n\n    <style> \n        .logo-partner-on-team {\n              max-height: 80px;\n              max-width: 180px;\n        }\n    <\/style><div id=\"\" class=\" block-clear wpe-block\"><h3 class=\"mt-3 mb-4 fs-3-5\"><\/h3><div><\/div><div class=\"wpe-block-title\"><h2>Consortium Partners<\/h2><\/div><div class=\"d-flex justify-content-start flex-wrap flex-row columns-10 middle-md m-margin-bottom-30 partner-list-items\" style=\"justify-content: flex-start;\">\n    \n            <div class=\"me-4 mb-4 partner-item d-table\">\n                <a href=\"https:\/\/www.rainforest-alliance.org\/\" class=\"d-table-cell align-middle\" title=\"Rainforest Alliance\">\n                    <img decoding=\"async\" src=\"https:\/\/www.cifor.org\/wp-content\/uploads\/2020\/04\/logo_rainforce_alliance-1.png\" alt=\"Rainforest Alliance\" class=\"logo-partner-on-team\" title=\"Rainforest Alliance\">\n                <\/a>\n            <\/div>\n    \n            <div class=\"me-4 mb-4 partner-item d-table\">\n                <a href=\"https:\/\/www.worldvision.org\/\" class=\"d-table-cell align-middle\" title=\"World Vision\">\n                    <img decoding=\"async\" src=\"http:\/\/landscapesfuture.org\/wp-content\/uploads\/2022\/01\/WV-Ghana-logo.png\" alt=\"World Vision\" class=\"logo-partner-on-team\" title=\"World Vision\">\n                <\/a>\n            <\/div>\n    \n            <div class=\"me-4 mb-4 partner-item d-table\">\n                <a href=\"https:\/\/www.tropenbos.org\/\" class=\"d-table-cell align-middle\" title=\"Tropenbos International\">\n                    <img decoding=\"async\" src=\"https:\/\/www.cifor.org\/wp-content\/uploads\/2020\/01\/Tropenbos-International-logo1.png\" alt=\"Tropenbos International\" class=\"logo-partner-on-team\" title=\"Tropenbos International\">\n                <\/a>\n            <\/div>\n    \n            <div class=\"me-4 mb-4 partner-item d-table\">\n                <a href=\"http:\/\/www.ecocareghana.org\/\" class=\"d-table-cell align-middle\" title=\"EcoCare Ghana\">\n                    <img decoding=\"async\" src=\"http:\/\/landscapesfuture.org\/wp-content\/uploads\/2022\/01\/Ecocare-logo.png\" alt=\"EcoCare Ghana\" class=\"logo-partner-on-team\" title=\"EcoCare Ghana\">\n                <\/a>\n            <\/div><\/div><\/div>\n<div class=\"wp-block-columns is-layout-flex wp-container-core-columns-is-layout-9d6595d7 wp-block-columns-is-layout-flex\">\n<div class=\"wp-block-column is-layout-flow wp-block-column-is-layout-flow\" style=\"flex-basis:66.66%\">\n<p><strong>Socios del consorcio:<\/strong> Rainforest Alliance, World Vision Ghana, Tropenbos Ghana y EcoCare Ghana<\/p>\n\n\n\n<h2 class=\"wp-block-heading\">Principales partes interesadas<\/h2>\n\n\n\n<p>Las comunidades locales y los peque\u00f1os agricultores beneficiarios, las asambleas municipales y de distrito, el Ministerio de Alimentaci\u00f3n y Agricultura, el Ministerio de Tierras y Recursos Naturales, la Comisi\u00f3n Forestal (Secretar\u00eda de REDD+, Divisi\u00f3n de Fauna y Flora Silvestres, Divisi\u00f3n de Servicios Forestales), la Junta del Cacao de Ghana (COCOBOD) y las principales empresas del sector privado comprometidas con las cadenas de suministro libres de deforestaci\u00f3n, incluidas las empresas madereras y las empresas compradoras autorizadas (LBC) que se abastecen de cacao, karit\u00e9 y madera en los paisajes locales.<\/p>\n\n\n\n<h2 class=\"wp-block-heading\">\u00c1reas tem\u00e1ticas clave<\/h2>\n\n\n\n<p>La Acci\u00f3n de la UE Paisajes y Agilidad Ambiental en toda la Naci\u00f3n (LEAN), trabaja en estrecha colaboraci\u00f3n con la Delegaci\u00f3n de la UE, empresas privadas, comunidades locales y socios nacionales principales, para catalizar cambios sist\u00e9micos en tres paisajes biodiversos y econ\u00f3micamente importantes. Pretende ayudar a traducir los compromisos de sostenibilidad en soluciones viables sobre el terreno, con el objetivo \u00faltimo de conservar la biodiversidad, mejorar los medios de vida, aumentar la resistencia al cambio clim\u00e1tico y reducir las emisiones derivadas de los cambios de uso del suelo en estos paisajes.<\/p>\n<\/div>\n\n\n\n<div class=\"wp-block-column is-layout-flow wp-block-column-is-layout-flow\" style=\"flex-basis:33.33%\"><\/div>\n<\/div>\n\n<div class=\"wp-block-columns is-layout-flex wp-container-core-columns-is-layout-9d6595d7 wp-block-columns-is-layout-flex\">\n<div class=\"wp-block-column is-layout-flow wp-block-column-is-layout-flow\">\n<h2 class=\"wp-block-heading\">Desaf\u00edos<\/h2>\n\n\n\n<p>En primer lugar, aunque puedan estar interesados en conservar el capital natural y mejorar los medios de vida, la mayor\u00eda de los interesados carecen de capacidad y conocimientos para actuar dentro de su esfera de influencia directa o inter\u00e9s econ\u00f3mico. En segundo lugar, aunque cada vez se reconoce m\u00e1s la importancia de trabajar a nivel de paisaje para abordar la sostenibilidad, faltan las herramientas, los recursos y los incentivos necesarios para impulsar la acci\u00f3n a escala. Por \u00faltimo, hasta la fecha Ghana no cuenta con un ejemplo de modelos de gobernanza del paisaje sostenibles o autosuficientes para ampliarlos.<\/p>\n<\/div>\n\n\n\n<div class=\"wp-block-column is-layout-flow wp-block-column-is-layout-flow\">\n<h2 class=\"wp-block-heading\">Meta<\/h2>\n\n\n\n<p>Contribuir directamente a los esfuerzos nacionales de conservaci\u00f3n de la biodiversidad, la mejora de los medios de vida de los peque\u00f1os agricultores, el aumento de la resiliencia al cambio clim\u00e1tico y la reducci\u00f3n de las emisiones derivadas de los cambios de uso del suelo en la sabana, los bosques altos y las zonas de transici\u00f3n de Ghana.<\/p>\n<\/div>\n<\/div>\n\n<div class=\"wp-block-columns section-bg wpe-mapbg pt-5 pb-5 is-layout-flex wp-container-core-columns-is-layout-9d6595d7 wp-block-columns-is-layout-flex\">\n<div class=\"wp-block-column is-layout-flow wp-block-column-is-layout-flow\">\n<img decoding=\"async\" src=\"http:\/\/landscapesfuture.org\/wp-content\/uploads\/svg-map\/Landscape%20for%20our%20future-country%20map-worldwide_Ghana.svg\" style=\"width:100%;padding-right:60px\" \/><\/div>\n\n\n\n<div class=\"wp-block-column is-layout-flow wp-block-column-is-layout-flow\">\n<h2 class=\"wp-block-heading\">paisajes<\/h2>\n\n\n\n<p>El Paisaje de la Zona Forestal Alta, compuesto por el \u00e1rea de Bodi-Akontomra, el \u00c1rea de Intervenci\u00f3n de la Zona Occidental B y el \u00c1rea del R\u00edo Sui. Esta zona prioritaria de alto valor de conservaci\u00f3n presenta elevadas tasas de deforestaci\u00f3n y degradaci\u00f3n de los bosques, superiores al 3% anual, con cerca del 70% del paisaje en una zona de cultivo de cacao: una de las principales causas de deforestaci\u00f3n, p\u00e9rdida de biodiversidad e impactos negativos en los ecosistemas que probablemente se traduzcan en una disminuci\u00f3n de la productividad y los rendimientos. El Paisaje de Transici\u00f3n Bosque-Sabana tiene una baja productividad agr\u00edcola debido a la deforestaci\u00f3n, los incendios forestales perennes agravados por la extrema variabilidad del clima y el pastoreo incontrolado. M\u00e1s del 60% de la poblaci\u00f3n de este paisaje son agricultores dedicados a la agricultura y la silvicultura. El paisaje de las zonas ecol\u00f3gicas de la sabana de Guinea y Sud\u00e1n est\u00e1 situado en el norte del pa\u00eds e incluye karit\u00e9 y baobab, acacia y \u00e9bano de gran valor, y est\u00e1 ocupado por el mayor parque nacional de Ghana, el Parque Nacional de Mole, y la Reserva Forestal de Kenikeni, que est\u00e1n amenazados por la agricultura, los problemas de drenaje y la elevada escorrent\u00eda y erosi\u00f3n.<\/p>\n<\/div>\n<\/div>\n\n<div class=\"wp-block-columns is-layout-flex wp-container-core-columns-is-layout-9d6595d7 wp-block-columns-is-layout-flex\">\n<div class=\"wp-block-column is-layout-flow wp-block-column-is-layout-flow\" style=\"flex-basis:66.66%\">\n<h2 class=\"wp-block-heading\">Acercarse<\/h2>\n\n\n\n<p>Se desarrollar\u00e1n las capacidades locales de las comunidades en los tres paisajes prioritarios mediante una asistencia t\u00e9cnica adaptada para reducir la degradaci\u00f3n de la tierra, prevenir la p\u00e9rdida de bosques y aumentar la productividad, la resistencia al cambio clim\u00e1tico y la conservaci\u00f3n de los recursos naturales. Se proporcionar\u00e1 formaci\u00f3n y tutor\u00eda a los peque\u00f1os agricultores en t\u00e9cnicas de regeneraci\u00f3n y gesti\u00f3n sostenible de los recursos naturales. Los servicios de formaci\u00f3n y extensi\u00f3n y la participaci\u00f3n del sector privado reforzar\u00e1n las capacidades de los peque\u00f1os agricultores para acceder a mejores mercados y establecer empresas alternativas de diversificaci\u00f3n de ingresos.<\/p>\n\n\n\n<h2 class=\"wp-block-heading\">Acciones espec\u00edficas<\/h2>\n\n\n\n<p>El sector privado participar\u00e1 en los planes de incentivos, la certificaci\u00f3n y la aplicaci\u00f3n de compromisos sin deforestaci\u00f3n en la cadena de suministro. LandScale, un sistema de seguimiento, evaluaci\u00f3n y aprendizaje, se utilizar\u00e1 para recoger datos y compartir conocimientos entre los tres paisajes seleccionados. Los peque\u00f1os agricultores recibir\u00e1n apoyo de extensi\u00f3n en pr\u00e1cticas de gesti\u00f3n sostenible de la tierra y modelos agr\u00edcolas eficientes para mitigar el cambio clim\u00e1tico a trav\u00e9s de la reforestaci\u00f3n y la reducci\u00f3n de la degradaci\u00f3n de la tierra, y para mejorar la seguridad alimentaria mediante el aumento de los rendimientos y la mejora de las pr\u00e1cticas.<\/p>\n\n\n\n<h2 class=\"wp-block-heading\">Impacto del proyecto<\/h2>\n\n\n\n<p>La ejecuci\u00f3n del proyecto LEAN de la UE en estos diversos paisajes permitir\u00e1 el aprendizaje cruzado y construir\u00e1 el caso de negocio para los modelos de Gesti\u00f3n Integrada del Paisaje (GIP) a trav\u00e9s de varios sectores de productos b\u00e1sicos, as\u00ed como movilizar el apoyo pol\u00edtico y de los socios para informar la toma de decisiones y avanzar en los subprogramas de la estrategia REDD+ de Ghana.<\/p>\n<\/div>\n\n\n\n<div class=\"wp-block-column is-layout-flow wp-block-column-is-layout-flow\" style=\"flex-basis:33.33%\"><\/div>\n<\/div>\n\n<div class=\"wp-block-columns section-bg wpe-bggrey pt-5 pb-5 is-layout-flex wp-container-core-columns-is-layout-9d6595d7 wp-block-columns-is-layout-flex\">\n<div class=\"wp-block-column is-layout-flow wp-block-column-is-layout-flow\">\n<h2 class=\"wp-block-heading\">Contactos<\/h2>\n\n\n\n<p>Abena Dufie Woode<br \/>Jefe de Consorcio \/ Director de Proyecto Senior<br \/>Proyecto LEAN de la UE<br \/>awoode@ra.org<br \/>M\u00f3vil: +233 (0) 208099775<br \/>Skype: Abena Woode<\/p>\n\n\n\n<p>Rainforest Alliance<br \/>Calle Abortsi 36, East Legon<br \/>PMB CT 435, Cantonments, Accra<br \/>+233 (0) 207 50 2210<br \/><a href=\"https:\/\/www.rainforest-alliance.org\/in-the-field\/lean-project\/\" target=\"_blank\" rel=\"noreferrer noopener\">rainforest-alliance.org\/projects\/lean<\/a><\/p>\n<\/div>\n\n\n\n<div class=\"wp-block-column is-layout-flow wp-block-column-is-layout-flow\">\n<p>Tropenbos Ghana<br \/>CSIR-FORIG, Fumesua, (Kumasi)<br \/>P.O.BOX UP 982, KNUST, Kumasi<br \/>+233 50 577 7997<br \/>info@tropenbosgh.org<br \/><a href=\"http:\/\/www.tropenbosghana.org\/\" target=\"_blank\" rel=\"noreferrer noopener\">www.tropenbosghana.org<\/a><\/p>\n\n\n\n<p><br \/>EcoCare Ghana<br \/>No. 44 Ecowas Road,<br \/>Agbogba &#8211; Leg\u00f3n Norte<br \/>PMB LG84, Legon Campus, Accra<br \/>+233 30 255 5044<br \/>info@ecocareghana.org<br \/><a href=\"http:\/\/www.ecocareghana.org\/\" target=\"_blank\" rel=\"noreferrer noopener\">www.ecocareghana.org<\/a><\/p>\n<\/div>\n\n\n\n<div class=\"wp-block-column is-layout-flow wp-block-column-is-layout-flow\">\n<p>World Vision Ghana<br \/>N\u00ba 3 Calle Kortei Robertson<br \/>Zona Industrial Norte<br \/>Kaneshie, Accra<br \/>Ghana, \u00c1frica Occidental<br \/>Bolsa de correo privada, Accra-North<br \/>+233-302-23 26 03-4<br \/><a rel=\"noreferrer noopener\" href=\"https:\/\/www.wvi.org\/ghana\" target=\"_blank\">wvi.org\/ghana<\/a><\/p>\n<\/div>\n<\/div>\n\n<div class=\"wp-block-columns is-layout-flex wp-container-core-columns-is-layout-9d6595d7 wp-block-columns-is-layout-flex\">\n<div class=\"wp-block-column is-layout-flow wp-block-column-is-layout-flow\" style=\"flex-basis:66.66%\">\n<h2 class=\"wp-block-heading\">M\u00e1s informaci\u00f3n<\/h2>\n\n\n\n<p><a href=\"https:\/\/www.rainforest-alliance.org\/projects\/LEAN\">https:\/\/www.rainforest-alliance.org\/projects\/LEAN<\/a><\/p>\n<\/div>\n\n\n\n<div class=\"wp-block-column is-layout-flow wp-block-column-is-layout-flow\" style=\"flex-basis:33.33%\"><\/div>\n<\/div>\n","protected":false},"excerpt":{"rendered":"<p>Paisajes y agilidad ambiental en todo el pa\u00eds (LEAN) Socios del consorcio: Rainforest Alliance, World Vision Ghana, Tropenbos Ghana y EcoCare Ghana Principales partes interesadas Las comunidades locales y los peque\u00f1os agricultores beneficiarios, las asambleas municipales y de distrito, el Ministerio de Alimentaci\u00f3n y Agricultura, el Ministerio de Tierras y Recursos Naturales, la Comisi\u00f3n Forestal [&hellip;]<\/p>\n","protected":false},"author":1,"featured_media":0,"parent":0,"menu_order":0,"comment_status":"closed","ping_status":"closed","template":"templates\/template-page-gutenberg.php","meta":{"inline_featured_image":false,"footnotes":"","_links_to":"","_links_to_target":""},"class_list":["post-6399","page","type-page","status-publish","hentry"],"_links":{"self":[{"href":"https:\/\/landscapesfuture.org\/es\/wp-json\/wp\/v2\/pages\/6399","targetHints":{"allow":["GET"]}}],"collection":[{"href":"https:\/\/landscapesfuture.org\/es\/wp-json\/wp\/v2\/pages"}],"about":[{"href":"https:\/\/landscapesfuture.org\/es\/wp-json\/wp\/v2\/types\/page"}],"author":[{"embeddable":true,"href":"https:\/\/landscapesfuture.org\/es\/wp-json\/wp\/v2\/users\/1"}],"replies":[{"embeddable":true,"href":"https:\/\/landscapesfuture.org\/es\/wp-json\/wp\/v2\/comments?post=6399"}],"version-history":[{"count":5,"href":"https:\/\/landscapesfuture.org\/es\/wp-json\/wp\/v2\/pages\/6399\/revisions"}],"predecessor-version":[{"id":6685,"href":"https:\/\/landscapesfuture.org\/es\/wp-json\/wp\/v2\/pages\/6399\/revisions\/6685"}],"wp:attachment":[{"href":"https:\/\/landscapesfuture.org\/es\/wp-json\/wp\/v2\/media?parent=6399"}],"curies":[{"name":"wp","href":"https:\/\/api.w.org\/{rel}","templated":true}]}}