{"id":6393,"date":"2021-08-21T21:12:57","date_gmt":"2021-08-21T14:12:57","guid":{"rendered":"https:\/\/landscapesfuture.org\/republica-democratica-del-congo\/"},"modified":"2022-09-08T14:40:04","modified_gmt":"2022-09-08T07:40:04","slug":"republica-democratica-del-congo","status":"publish","type":"page","link":"https:\/\/landscapesfuture.org\/es\/republica-democratica-del-congo\/","title":{"rendered":"Rep\u00fablica Democr\u00e1tica del Congo"},"content":{"rendered":"<style>\n@media only screen and (max-width: 960px) {\n   #hero-page{\n    background-image:url(\"https:\/\/landscapesfuture.org\/wp-content\/uploads\/2021\/08\/Democratic-Republic-of-the-Congo-French-1.jpg\");\n    background-position-y: bottom;\n    background-position-x: center;\n  }\n}\n\n#hero-page::after {\n    position: absolute;\n    content: ' ';\n    z-index: 0;\n    height: 100%;\n    width: 100%;\n    background-color: rgb(0,0,0,0.4);\n    top: 0;\n    left: 0;\n}\n#hero-page.section-bg::before{\nbackground-position-y: -385px;\n}\n\n.page #header #menu a {\n    color: #fff;\n}\n\n.page #header #menu .sub-menu li a{\n  color:#333;\n}\n\n.page #header #menu .sub-menu li a:hover{\n color:#FFFFFF;\n}\n\n.home.page-id-429 #wrapper, .page.page-id-429 #wrapper {\n    margin-top: 82px;\n}\n.home.page-id-429 #header, .page.page-id-429 #header {\n    background-color: #2E3546;\n    border: 0px;\n}\n\n.home.page-id-429 #header.darkHeader #menu a, \n.page.page-id-429 #header.darkHeader #menu a{\n   color:#252122;\n}\n\n.home.page-id-429  #header.darkHeader, .page.page-id-429  #header.darkHeader {\n    background-color: #FFFFFF;\n    border-bottom: 1px solid #ddd;\n}<\/style>\n<!-- section hero -->\n<!-- close div before -->\n        <\/div>\n    <\/article>\n<\/div>\n\n<div id=\"hero-page\" class=\" block-hero-page flex-vcenter section-bg\">\n    <div class=\"block-hero-page_bg\">\n        <img decoding=\"async\" src=\"https:\/\/landscapesfuture.org\/wp-content\/uploads\/2021\/08\/Democratic-Republic-of-the-Congo-French-1.jpg\">\n    <\/div>\n    <div class=\"block-hero-page_overlay\"><\/div>\n    <div class=\"block-hero-page_content\">\n        <div class=\"container\">\n\n            <div class=\"hero-page\">\n                <div class=\"hero-page_title text-light\">\n                    <h1>Rep\u00fablica Democr\u00e1tica del Congo<\/h1>\n                    <!--<p>\n<\/p>-->\n                                    <\/div>\n            <\/div>\n        <\/div>\n    <\/div>\n<\/div>\n\n<div class=\"container\">\n    <div class=\"row\">\n        <div class=\"col-12\">\n            <div class=\"breadcrumbs\" itemscope itemtype=\"http:\/\/schema.org\/BreadcrumbList\"><span itemprop=\"itemListElement\" itemscope itemtype=\"http:\/\/schema.org\/ListItem\"><a class=\"breadcrumbs__link\" href=\"https:\/\/landscapesfuture.org\/es\/\" itemprop=\"item\"><span itemprop=\"name\">Inicio<\/span><\/a><meta itemprop=\"position\" content=\"1\" \/><\/span><\/div><!-- .breadcrumbs -->        <\/div>\n    <\/div>\n<\/div>\n\n<div class=\"container\">\n    <article id=\"post-6393\" class=\"post-6393 page type-page status-publish hentry\">\n        <div class=\"entry-content\">\n\n\n<h1 class=\"project-title has-very-dark-gray-color has-text-color wp-block-heading\"><strong>Nuevos Paisajes del Congo (NPC)<\/strong><\/h1>\n\n\n\n    <style> \n        .logo-partner-on-team {\n              max-height: 80px;\n              max-width: 180px;\n        }\n    <\/style><div id=\"\" class=\" block-clear wpe-block\"><h3 class=\"mt-3 mb-4 fs-3-5\"><\/h3><div><\/div><div class=\"wpe-block-title\"><h2>Partner<\/h2><\/div><div class=\"d-flex justify-content-start flex-wrap flex-row columns-10 middle-md m-margin-bottom-30 partner-list-items\" style=\"justify-content: flex-start;\">\n    \n            <div class=\"me-4 mb-4 partner-item d-table\">\n                <a href=\"http:\/\/cifor.org\" class=\"d-table-cell align-middle\" title=\"Center for International Forestry Research (CIFOR)\">\n                    <img decoding=\"async\" src=\"https:\/\/www.cifor.org\/wp-content\/uploads\/2020\/05\/CIFOR-logo.png\" alt=\"Center for International Forestry Research (CIFOR)\" class=\"logo-partner-on-team\" title=\"Center for International Forestry Research (CIFOR)\">\n                <\/a>\n            <\/div><\/div><\/div>\n\n\n<div class=\"wp-block-columns is-layout-flex wp-container-core-columns-is-layout-9d6595d7 wp-block-columns-is-layout-flex\">\n<div class=\"wp-block-column is-layout-flow wp-block-column-is-layout-flow\" style=\"flex-basis:66.66%\">\n<p><strong>Socio:<\/strong> CIFOR<\/p>\n\n\n\n<h2 class=\"wp-block-heading\">\u00c1reas tem\u00e1ticas clave<\/h2>\n\n\n\n<p>i. fomentar y mejorar de forma sostenible la producci\u00f3n agr\u00edcola, pesquera y forestal mediante la formaci\u00f3n, la investigaci\u00f3n aplicada y la difusi\u00f3n de buenas pr\u00e1cticas en beneficio y desarrollo socioecon\u00f3mico de las poblaciones rurales de los alrededores de la Reserva de la Biosfera de Yangambi.<br>ii. mitigar la deforestaci\u00f3n de los ecosistemas naturales, una de las principales causas del cambio clim\u00e1tico a nivel mundial, y aumentar el secuestro de<sub>CO2<\/sub> mediante acciones de protecci\u00f3n, restauraci\u00f3n, mejora y gesti\u00f3n sostenible de los recursos naturales de la zona y sus alrededores.<br>iii. Reforzar los esfuerzos de ordenaci\u00f3n del territorio y el compromiso de los pol\u00edticos locales en el enfoque del paisaje, aprovechando el efecto \u00abpiloto\u00bb para extender el proyecto NPC a otras zonas de la provincia (incluso a zonas de caracter\u00edsticas similares en otras provincias).<br>Estos est\u00e1n inextricablemente unidos dentro del Paisaje Yangambi.<\/p>\n<\/div>\n\n\n\n<div class=\"wp-block-column is-layout-flow wp-block-column-is-layout-flow\" style=\"flex-basis:33.33%\"><\/div>\n<\/div>\n\n\n\n<div class=\"wp-block-columns is-layout-flex wp-container-core-columns-is-layout-9d6595d7 wp-block-columns-is-layout-flex\">\n<div class=\"wp-block-column is-layout-flow wp-block-column-is-layout-flow\">\n<h2 class=\"wp-block-heading\">Desaf\u00edos<\/h2>\n\n\n\n<p>Ya se trate de la producci\u00f3n de frutas y verduras, pescado, carne, especias o productos como el arroz, los guisantes de vaca, la yuca o los pl\u00e1tanos, los sectores agroalimentarios requieren una reestructuraci\u00f3n y mejoras, desde la producci\u00f3n hasta el consumidor final, especialmente para los consumidores urbanos de Kisangani. La productividad del paisaje s\u00f3lo puede mejorarse con el desarrollo del valor a\u00f1adido y el apoyo a la mejora de las necesidades de producci\u00f3n, como la capacidad energ\u00e9tica.<\/p>\n<\/div>\n\n\n\n<div class=\"wp-block-column is-layout-flow wp-block-column-is-layout-flow\">\n<h2 class=\"wp-block-heading\">Meta<\/h2>\n\n\n\n<p>El objetivo general es convertir el paisaje ampliamente degradado e improductivo de Yangambi (perif\u00e9rico a una zona protegida y cercano a un importante centro urbano) en un polo de desarrollo sostenible basado en la conservaci\u00f3n, el desarrollo de los sectores agr\u00edcola y agroforestal, y la silvicultura productiva y las energ\u00edas renovables.<\/p>\n<\/div>\n<\/div>\n\n\n\n<div class=\"wp-block-columns section-bg wpe-mapbg pt-5 pb-5 is-layout-flex wp-container-core-columns-is-layout-9d6595d7 wp-block-columns-is-layout-flex\">\n<div class=\"wp-block-column is-layout-flow wp-block-column-is-layout-flow\">\n<img decoding=\"async\" src=\"http:\/\/landscapesfuture.org\/wp-content\/uploads\/svg-map\/Landscape%20for%20our%20future-country%20map-worldwide_DR%20Congo.svg\" style=\"width:100%;padding-right:60px\">\n<\/div>\n\n\n\n<div class=\"wp-block-column is-layout-flow wp-block-column-is-layout-flow\">\n<h2 class=\"wp-block-heading\">paisajes<\/h2>\n\n\n\n<p>El proyecto se inscribe en el marco m\u00e1s amplio de intervenci\u00f3n del CIFOR y sus socios en el Paisaje de Yangambi y sus zonas adyacentes, que abarca una superficie de aproximadamente 1.000.000 de hect\u00e1reas para una poblaci\u00f3n estimada de 1,5-2 millones de habitantes.<\/p>\n<\/div>\n<\/div>\n\n\n\n<div class=\"wp-block-columns is-layout-flex wp-container-core-columns-is-layout-9d6595d7 wp-block-columns-is-layout-flex\">\n<div class=\"wp-block-column is-layout-flow wp-block-column-is-layout-flow\" style=\"flex-basis:66.66%\">\n<h2 class=\"wp-block-heading\">Acercarse<\/h2>\n\n\n\n<p>El proyecto incorpora un triple enfoque:<br>i) una estrategia hacia la agricultura sedentaria y la reforestaci\u00f3n<br>ii) una estrategia de desarrollo de los sectores productivos<br>iii) una estrategia de energ\u00eda sostenible.<\/p>\n\n\n\n<p>El proyecto pretende garantizar la seguridad alimentaria, la sustituci\u00f3n de la agricultura de tala y quema, la productividad de los activos de la tierra y la viabilidad econ\u00f3mica y la mejora de la calidad de vida de los hogares mediante la adici\u00f3n de valor.<\/p>\n\n\n\n<h2 class=\"wp-block-heading\">Acciones espec\u00edficas<\/h2>\n\n\n\n<p>El proyecto pretende desarrollar 2.100 hect\u00e1reas de plantaci\u00f3n agroforestal y de biomasa, creando un sumidero de carbono de 250.000 toneladas, 600 empleos verdes con un 64% para mujeres, y unas 40 peque\u00f1as y medianas empresas. A largo plazo, la intensificaci\u00f3n agr\u00edcola abarcar\u00e1 una superficie de 12.000 hect\u00e1reas. El proyecto tambi\u00e9n pretende establecer y reforzar la gobernanza forestal local mediante un enfoque combinado de silvicultura comunitaria y apoyo a la tala artesanal legal, de la que se transformar\u00e1 y secar\u00e1 la madera. La instalaci\u00f3n de una central el\u00e9ctrica de biomasa reforzar\u00e1 las capacidades locales de producci\u00f3n de energ\u00eda renovable y permitir\u00e1, una vez terminada, evitar 47.000 toneladas de emisiones de<sub>CO2<\/sub> al a\u00f1o.<\/p>\n<\/div>\n\n\n\n<div class=\"wp-block-column is-layout-flow wp-block-column-is-layout-flow\" style=\"flex-basis:33.33%\"><\/div>\n<\/div>\n\n\n\n<div class=\"wp-block-columns section-bg wpe-bggrey pt-5 pb-5 mb-0 is-layout-flex wp-container-core-columns-is-layout-9d6595d7 wp-block-columns-is-layout-flex\">\n<div class=\"wp-block-column is-layout-flow wp-block-column-is-layout-flow\" style=\"flex-basis:66.66%\">\n<h2 class=\"wp-block-heading\">Contacto<\/h2>\n\n\n\n<p>Cerutti, Paolo (P.Cerutti@cgiar.org)<\/p>\n<\/div>\n\n\n\n<div class=\"wp-block-column is-layout-flow wp-block-column-is-layout-flow\" style=\"flex-basis:33.33%\"><\/div>\n<\/div>\n","protected":false},"excerpt":{"rendered":"<p>Nuevos Paisajes del Congo (NPC) Socio: CIFOR \u00c1reas tem\u00e1ticas clave i. fomentar y mejorar de forma sostenible la producci\u00f3n agr\u00edcola, pesquera y forestal mediante la formaci\u00f3n, la investigaci\u00f3n aplicada y la difusi\u00f3n de buenas pr\u00e1cticas en beneficio y desarrollo socioecon\u00f3mico de las poblaciones rurales de los alrededores de la Reserva de la Biosfera de Yangambi.ii. [&hellip;]<\/p>\n","protected":false},"author":1,"featured_media":0,"parent":0,"menu_order":0,"comment_status":"closed","ping_status":"closed","template":"templates\/template-page-gutenberg.php","meta":{"inline_featured_image":false,"footnotes":"","_links_to":"","_links_to_target":""},"class_list":["post-6393","page","type-page","status-publish","hentry"],"_links":{"self":[{"href":"https:\/\/landscapesfuture.org\/es\/wp-json\/wp\/v2\/pages\/6393","targetHints":{"allow":["GET"]}}],"collection":[{"href":"https:\/\/landscapesfuture.org\/es\/wp-json\/wp\/v2\/pages"}],"about":[{"href":"https:\/\/landscapesfuture.org\/es\/wp-json\/wp\/v2\/types\/page"}],"author":[{"embeddable":true,"href":"https:\/\/landscapesfuture.org\/es\/wp-json\/wp\/v2\/users\/1"}],"replies":[{"embeddable":true,"href":"https:\/\/landscapesfuture.org\/es\/wp-json\/wp\/v2\/comments?post=6393"}],"version-history":[{"count":3,"href":"https:\/\/landscapesfuture.org\/es\/wp-json\/wp\/v2\/pages\/6393\/revisions"}],"predecessor-version":[{"id":6646,"href":"https:\/\/landscapesfuture.org\/es\/wp-json\/wp\/v2\/pages\/6393\/revisions\/6646"}],"wp:attachment":[{"href":"https:\/\/landscapesfuture.org\/es\/wp-json\/wp\/v2\/media?parent=6393"}],"curies":[{"name":"wp","href":"https:\/\/api.w.org\/{rel}","templated":true}]}}