{"id":6387,"date":"2021-08-21T14:44:49","date_gmt":"2021-08-21T07:44:49","guid":{"rendered":"https:\/\/landscapesfuture.org\/chad-y-republica-centroafricana\/"},"modified":"2022-09-08T14:41:25","modified_gmt":"2022-09-08T07:41:25","slug":"chad-y-republica-centroafricana","status":"publish","type":"page","link":"https:\/\/landscapesfuture.org\/es\/chad-y-republica-centroafricana\/","title":{"rendered":"Subregi\u00f3n Chad \u2013 Rep\u00fablica Centroafricana"},"content":{"rendered":"<style>\n@media only screen and (max-width: 960px) {\n   #hero-page{\n    background-image:url(\"https:\/\/landscapesfuture.org\/wp-content\/uploads\/2021\/08\/Chad-1.jpg\");\n    background-position-y: bottom;\n    background-position-x: center;\n  }\n}\n\n#hero-page::after {\n    position: absolute;\n    content: ' ';\n    z-index: 0;\n    height: 100%;\n    width: 100%;\n    background-color: rgb(0,0,0,0.4);\n    top: 0;\n    left: 0;\n}\n#hero-page.section-bg::before{\nbackground-position-y: -385px;\n}\n\n.page #header #menu a {\n    color: #fff;\n}\n\n.page #header #menu .sub-menu li a{\n  color:#333;\n}\n\n.page #header #menu .sub-menu li a:hover{\n color:#FFFFFF;\n}\n\n.home.page-id-429 #wrapper, .page.page-id-429 #wrapper {\n    margin-top: 82px;\n}\n.home.page-id-429 #header, .page.page-id-429 #header {\n    background-color: #2E3546;\n    border: 0px;\n}\n\n.home.page-id-429 #header.darkHeader #menu a, \n.page.page-id-429 #header.darkHeader #menu a{\n   color:#252122;\n}\n\n.home.page-id-429  #header.darkHeader, .page.page-id-429  #header.darkHeader {\n    background-color: #FFFFFF;\n    border-bottom: 1px solid #ddd;\n}<\/style>\n<!-- section hero -->\n<!-- close div before -->\n        <\/div>\n    <\/article>\n<\/div>\n\n<div id=\"hero-page\" class=\" block-hero-page flex-vcenter section-bg\">\n    <div class=\"block-hero-page_bg\">\n        <img decoding=\"async\" src=\"https:\/\/landscapesfuture.org\/wp-content\/uploads\/2021\/08\/Chad-1.jpg\">\n    <\/div>\n    <div class=\"block-hero-page_overlay\"><\/div>\n    <div class=\"block-hero-page_content\">\n        <div class=\"container\">\n\n            <div class=\"hero-page\">\n                <div class=\"hero-page_title text-light\">\n                    <h1>Subregi\u00f3n Chad \u2013 Rep\u00fablica Centroafricana<\/h1>\n                    <!--<p><\/p>-->\n                                    <\/div>\n            <\/div>\n        <\/div>\n    <\/div>\n<\/div>\n\n<div class=\"container\">\n    <div class=\"row\">\n        <div class=\"col-12\">\n            <div class=\"breadcrumbs\" itemscope itemtype=\"http:\/\/schema.org\/BreadcrumbList\"><span itemprop=\"itemListElement\" itemscope itemtype=\"http:\/\/schema.org\/ListItem\"><a class=\"breadcrumbs__link\" href=\"https:\/\/landscapesfuture.org\/es\/\" itemprop=\"item\"><span itemprop=\"name\">Inicio<\/span><\/a><meta itemprop=\"position\" content=\"1\" \/><\/span><\/div><!-- .breadcrumbs -->        <\/div>\n    <\/div>\n<\/div>\n\n<div class=\"container\">\n    <article id=\"post-6387\" class=\"post-6387 page type-page status-publish hentry\">\n        <div class=\"entry-content\">\n\n\n<h1 class=\"project-title wp-block-heading\">Gesti\u00f3n sostenible de la cuenca del r\u00edo Chari<\/h1>\n\n\n\n    <style> \n        .logo-partner-on-team {\n              max-height: 80px;\n              max-width: 180px;\n        }\n    <\/style><div id=\"\" class=\" block-clear wpe-block\"><h3 class=\"mt-3 mb-4 fs-3-5\"><\/h3><div><\/div><div class=\"wpe-block-title\"><h2>Partners<\/h2><\/div><div class=\"d-flex justify-content-start flex-wrap flex-row columns-10 middle-md m-margin-bottom-30 partner-list-items\" style=\"justify-content: flex-start;\">\n    \n            <div class=\"me-4 mb-4 partner-item d-table\">\n                <a href=\"https:\/\/www.wcs.org\/\" class=\"d-table-cell align-middle\" title=\"Wildlife Conservation Society (WCS)\">\n                    <img decoding=\"async\" src=\"https:\/\/landscapesfuture.org\/wp-content\/uploads\/2023\/10\/WCS-Logo-white-letters.png\" alt=\"Wildlife Conservation Society (WCS)\" class=\"logo-partner-on-team\" title=\"Wildlife Conservation Society (WCS)\">\n                <\/a>\n            <\/div>\n    \n            <div class=\"me-4 mb-4 partner-item d-table\">\n                <a href=\"https:\/\/en.unesco.org\/\" class=\"d-table-cell align-middle\" title=\"United Nations Educational, Scientific and Cultural Organization (UNESCO)\">\n                    <img decoding=\"async\" src=\"http:\/\/landscapesfuture.org\/wp-content\/uploads\/2022\/02\/UNESCO_logo_English.png\" alt=\"United Nations Educational, Scientific and Cultural Organization (UNESCO)\" class=\"logo-partner-on-team\" title=\"United Nations Educational, Scientific and Cultural Organization (UNESCO)\">\n                <\/a>\n            <\/div>\n    \n            <div class=\"me-4 mb-4 partner-item d-table\">\n                <a href=\"https:\/\/www.ecofac6.eu\/fr\" class=\"d-table-cell align-middle\" title=\"Preserving the Biodiversity and Fragile Ecosystems of Central Africa (ECOFAC)\">\n                    <img decoding=\"async\" src=\"http:\/\/landscapesfuture.org\/wp-content\/uploads\/2022\/01\/logo-ECOFAC.png\" alt=\"Preserving the Biodiversity and Fragile Ecosystems of Central Africa (ECOFAC)\" class=\"logo-partner-on-team\" title=\"Preserving the Biodiversity and Fragile Ecosystems of Central Africa (ECOFAC)\">\n                <\/a>\n            <\/div>\n    \n            <div class=\"me-4 mb-4 partner-item d-table\">\n                <a href=\"https:\/\/www.lionrecoveryfund.org\/\" class=\"d-table-cell align-middle\" title=\"Lion Recovery Fund (LRF)\">\n                    <img decoding=\"async\" src=\"http:\/\/landscapesfuture.org\/wp-content\/uploads\/2022\/01\/LRF-logo.png\" alt=\"Lion Recovery Fund (LRF)\" class=\"logo-partner-on-team\" title=\"Lion Recovery Fund (LRF)\">\n                <\/a>\n            <\/div>\n    \n            <div class=\"me-4 mb-4 partner-item d-table\">\n                <a href=\"\" class=\"d-table-cell align-middle\" title=\"Ministere de Eaux et Forest (RCA)\">\n                    <img decoding=\"async\" src=\"http:\/\/landscapesfuture.org\/wp-content\/uploads\/2022\/02\/eaux-et-forets.png\" alt=\"Ministere de Eaux et Forest (RCA)\" class=\"logo-partner-on-team\" title=\"Ministere de Eaux et Forest (RCA)\">\n                <\/a>\n            <\/div><\/div><\/div>\n\n\n<div class=\"wp-block-columns is-layout-flex wp-container-core-columns-is-layout-9d6595d7 wp-block-columns-is-layout-flex\">\n<div class=\"wp-block-column is-layout-flow wp-block-column-is-layout-flow\" style=\"flex-basis:66.66%\">\n<p><strong>Socios:<\/strong> Wildlife Conservation Society (WCS), Organizaci\u00f3n de las Naciones Unidas para la Educaci\u00f3n, la Ciencia y la Cultura (UNESCO), Preservaci\u00f3n de la Biodiversidad y de los Ecosistemas Fr\u00e1giles de \u00c1frica Central (ECOFAC), Comisi\u00f3n Europea, Lion Recovery Fund (LRF), Ministere de Eaux et Forest (RCA).<\/p>\n\n\n\n<h2 class=\"wp-block-heading\">\u00c1reas tem\u00e1ticas clave<\/h2>\n\n\n\n<p>i) desarrollo de acciones y sinergias para aplicar el Acuerdo de Par\u00eds sobre el cambio clim\u00e1tico y las contribuciones determinadas a nivel nacional,<br>ii) conservaci\u00f3n y gesti\u00f3n sostenible de los recursos naturales y la biodiversidad (aplicaci\u00f3n del CDB, ratificado en la Rep\u00fablica Centroafricana en 1992),<br>iii) reforzar la seguridad alimentaria y la nutrici\u00f3n.<\/p>\n<\/div>\n\n\n\n<div class=\"wp-block-column is-layout-flow wp-block-column-is-layout-flow\" style=\"flex-basis:33.33%\"><\/div>\n<\/div>\n\n\n\n<div class=\"wp-block-columns is-layout-flex wp-container-core-columns-is-layout-9d6595d7 wp-block-columns-is-layout-flex\">\n<div class=\"wp-block-column is-layout-flow wp-block-column-is-layout-flow\">\n<h2 class=\"wp-block-heading\">Desaf\u00edos<\/h2>\n\n\n\n<p>Los principales problemas de seguridad y gobernanza dificultan enormemente el desarrollo de la regi\u00f3n, tanto desde el punto de vista socioecon\u00f3mico como medioambiental. Estas inestabilidades se traducen en el r\u00e1pido declive del patrimonio faun\u00edstico, la degradaci\u00f3n de ecosistemas cr\u00edticos y, en el caso del norte de la Rep\u00fablica Centroafricana, la sobreexplotaci\u00f3n general de los recursos naturales.<\/p>\n<\/div>\n\n\n\n<div class=\"wp-block-column is-layout-flow wp-block-column-is-layout-flow\">\n<h2 class=\"wp-block-heading\">Meta<\/h2>\n\n\n\n<p>Este proyecto pretende mantener la biodiversidad y los servicios ecosist\u00e9micos que prestan a la poblaci\u00f3n las \u00e1reas protegidas y las zonas ribere\u00f1as de las fronteras de Chad y la Rep\u00fablica Centroafricana en el paisaje de la cuenca central del Chari. Tambi\u00e9n pretende gestionar la mitigaci\u00f3n de conflictos y la conservaci\u00f3n en el paisaje de la cuenca central del Chari, la zona transfronteriza del suroeste de Chad y el norte de Camer\u00fan.<\/p>\n<\/div>\n<\/div>\n\n\n\n<div class=\"wp-block-columns section-bg wpe-mapbg pt-5 pb-5 is-layout-flex wp-container-core-columns-is-layout-9d6595d7 wp-block-columns-is-layout-flex\">\n<div class=\"wp-block-column is-layout-flow wp-block-column-is-layout-flow\">\n<img decoding=\"async\" src=\"http:\/\/landscapesfuture.org\/wp-content\/uploads\/svg-map\/Country%20map-worldwide_Chad-CAR.svg\" style=\"width:100%;padding-right:60px\">\n<\/div>\n\n\n\n<div class=\"wp-block-column is-layout-flow wp-block-column-is-layout-flow\">\n<h2 class=\"wp-block-heading\">paisajes<\/h2>\n\n\n\n<p>La zona transfronteriza incluye las provincias de Moyen-Chari, Salamat, Mandoul y Mayo-Kebi-Ouest del sur de Chad, y las prefecturas de Bamingui-Bangoran, Nana Grebizi y Vakaga en el norte de la Rep\u00fablica Centroafricana, incluidos los parques nacionales de Bamingui-Bangoran y Manovo-Gounda St. Chad y la Rep\u00fablica Centroafricana est\u00e1n considerados entre los 10 Estados m\u00e1s d\u00e9biles del mundo, ocupando los puestos 187 y 188, respectivamente, del \u00cdndice de Desarrollo Humano en 2020. Con valiosos recursos naturales y los \u00faltimos reductos de vida salvaje del mundo, Chad y la Rep\u00fablica Centroafricana tambi\u00e9n ocupan los \u00faltimos puestos en cuanto a rendimiento medioambiental. Aunque los paisajes chadianos cuentan con vastos recursos petrol\u00edferos y ganaderos, y las zonas de la Rep\u00fablica Centroafricana son ricas en minerales y madera, sus comunidades sufren una grave inseguridad alimentaria y dependen en gran medida de la ayuda humanitaria. Los grupos rebeldes y la d\u00e9bil gobernanza han bloqueado cualquier perspectiva de desarrollo socioecon\u00f3mico en las \u00faltimas d\u00e9cadas.<\/p>\n<\/div>\n<\/div>\n\n\n\n<div class=\"wp-block-columns is-layout-flex wp-container-core-columns-is-layout-9d6595d7 wp-block-columns-is-layout-flex\">\n<div class=\"wp-block-column is-layout-flow wp-block-column-is-layout-flow\" style=\"flex-basis:66.66%\">\n<h2 class=\"wp-block-heading\">Acercarse<\/h2>\n\n\n\n<p>Los enfoques de \u00abpaisaje integrado\u00bb e \u00abislas de integridad\u00bb se aplicar\u00e1n a las zonas protegidas en parques y zonas de caza. La buena gobernanza se extender\u00e1 para estabilizar las condiciones que permitan a los actores locales vulnerables negociar y llevar a cabo desarrollos territoriales, as\u00ed como para generar ingresos que, a su vez, aumenten la legitimidad de las \u00e1reas protegidas.<\/p>\n\n\n\n<h2 class=\"wp-block-heading\">Acciones espec\u00edficas<\/h2>\n\n\n\n<p>Se crear\u00e1 una red de vigilancia e intercambio de informaci\u00f3n para la gesti\u00f3n coordinada de las zonas protegidas, la trashumancia y las actividades delictivas transfronterizas.<\/p>\n\n\n\n<p>Se recopilar\u00e1 y compartir\u00e1 una serie de datos \u00fatiles, como inventarios ecol\u00f3gicos, mapas de actores, escenarios espaciales y sistemas de seguimiento. Para contrarrestar las amenazas que pesan sobre las zonas protegidas del paisaje de BC Chari, tambi\u00e9n est\u00e1 previsto realizar un seguimiento a\u00e9reo y por sat\u00e9lite, as\u00ed como una cartograf\u00eda de los h\u00e1bitats silvestres.<\/p>\n\n\n\n<p>Se est\u00e1n cartografiando las zonas de explotaci\u00f3n ilegal y de pastoreo para prevenir conflictos y rastrear la actividad il\u00edcita de la fauna. Se est\u00e1n concibiendo tres o cuatro corredores de trashumancia para proteger los recursos naturales y las poblaciones ind\u00edgenas, y se est\u00e1n identificando tres o cuatro puntos de paso estrat\u00e9gicos para los servicios pastorales.<\/p>\n\n\n\n<p>Tambi\u00e9n se est\u00e1n analizando las oportunidades de pago por servicios ecosist\u00e9micos (por ejemplo, REDD + captura de carbono) en el paisaje de la cuenca central del Chari, y se pondr\u00e1 en marcha un proyecto piloto de gesti\u00f3n de la fauna.<\/p>\n<\/div>\n\n\n\n<div class=\"wp-block-column is-layout-flow wp-block-column-is-layout-flow\" style=\"flex-basis:33.33%\"><\/div>\n<\/div>\n\n\n\n<div class=\"wp-block-columns section-bg wpe-bggrey pt-5 pb-5 is-layout-flex wp-container-core-columns-is-layout-9d6595d7 wp-block-columns-is-layout-flex\">\n<div class=\"wp-block-column is-layout-flow wp-block-column-is-layout-flow\" style=\"flex-basis:66.66%\">\n<h2 class=\"wp-block-heading\">Contactos<\/h2>\n\n\n\n<ul class=\"wp-block-list\"><li>Zowoya, Florent (fzowoya@wcs.org), Rep\u00fablica Centroafricana, Director de Pa\u00eds<\/li><li>D&#8217;agnanno, Antonio (adagnanno@wcs.org), Rep\u00fablica Centroafricana, Director de Paisaje<\/li><\/ul>\n<\/div>\n\n\n\n<div class=\"wp-block-column is-layout-flow wp-block-column-is-layout-flow\" style=\"flex-basis:33.33%\"><\/div>\n<\/div>\n\n\n\n<div class=\"wp-block-columns is-layout-flex wp-container-core-columns-is-layout-9d6595d7 wp-block-columns-is-layout-flex\">\n<div class=\"wp-block-column is-layout-flow wp-block-column-is-layout-flow\" style=\"flex-basis:66.66%\">\n<h2 class=\"wp-block-heading\">M\u00e1s informaci\u00f3n  <\/h2>\n\n\n\n<p><a href=\"https:\/\/www.wcs.org\/our-work\/regions\/sudano-sahel\">https:\/\/www.wcs.org\/our-work\/regions\/sudano-sahel<\/a><\/p>\n<\/div>\n\n\n\n<div class=\"wp-block-column is-layout-flow wp-block-column-is-layout-flow\" style=\"flex-basis:33.33%\"><\/div>\n<\/div>\n","protected":false},"excerpt":{"rendered":"<p>Gesti\u00f3n sostenible de la cuenca del r\u00edo Chari Socios: Wildlife Conservation Society (WCS), Organizaci\u00f3n de las Naciones Unidas para la Educaci\u00f3n, la Ciencia y la Cultura (UNESCO), Preservaci\u00f3n de la Biodiversidad y de los Ecosistemas Fr\u00e1giles de \u00c1frica Central (ECOFAC), Comisi\u00f3n Europea, Lion Recovery Fund (LRF), Ministere de Eaux et Forest (RCA). \u00c1reas tem\u00e1ticas clave [&hellip;]<\/p>\n","protected":false},"author":1,"featured_media":0,"parent":0,"menu_order":0,"comment_status":"closed","ping_status":"closed","template":"templates\/template-page-gutenberg.php","meta":{"inline_featured_image":false,"footnotes":"","_links_to":"","_links_to_target":""},"class_list":["post-6387","page","type-page","status-publish","hentry"],"_links":{"self":[{"href":"https:\/\/landscapesfuture.org\/es\/wp-json\/wp\/v2\/pages\/6387","targetHints":{"allow":["GET"]}}],"collection":[{"href":"https:\/\/landscapesfuture.org\/es\/wp-json\/wp\/v2\/pages"}],"about":[{"href":"https:\/\/landscapesfuture.org\/es\/wp-json\/wp\/v2\/types\/page"}],"author":[{"embeddable":true,"href":"https:\/\/landscapesfuture.org\/es\/wp-json\/wp\/v2\/users\/1"}],"replies":[{"embeddable":true,"href":"https:\/\/landscapesfuture.org\/es\/wp-json\/wp\/v2\/comments?post=6387"}],"version-history":[{"count":3,"href":"https:\/\/landscapesfuture.org\/es\/wp-json\/wp\/v2\/pages\/6387\/revisions"}],"predecessor-version":[{"id":6650,"href":"https:\/\/landscapesfuture.org\/es\/wp-json\/wp\/v2\/pages\/6387\/revisions\/6650"}],"wp:attachment":[{"href":"https:\/\/landscapesfuture.org\/es\/wp-json\/wp\/v2\/media?parent=6387"}],"curies":[{"name":"wp","href":"https:\/\/api.w.org\/{rel}","templated":true}]}}