{"id":6381,"date":"2021-08-21T12:23:12","date_gmt":"2021-08-21T05:23:12","guid":{"rendered":"https:\/\/landscapesfuture.org\/camerun\/"},"modified":"2022-09-08T14:42:46","modified_gmt":"2022-09-08T07:42:46","slug":"camerun","status":"publish","type":"page","link":"https:\/\/landscapesfuture.org\/es\/camerun\/","title":{"rendered":"Camer\u00fan"},"content":{"rendered":"<style>\n@media only screen and (max-width: 960px) {\n   #hero-page{\n    background-image:url(\"https:\/\/landscapesfuture.org\/wp-content\/uploads\/2021\/11\/Cameroon-1.jpg\");\n    background-position-y: bottom;\n    background-position-x: center;\n  }\n}\n\n#hero-page::after {\n    position: absolute;\n    content: ' ';\n    z-index: 0;\n    height: 100%;\n    width: 100%;\n    background-color: rgb(0,0,0,0.4);\n    top: 0;\n    left: 0;\n}\n#hero-page.section-bg::before{\nbackground-position-y: -385px;\n}\n\n.page #header #menu a {\n    color: #fff;\n}\n\n.page #header #menu .sub-menu li a{\n  color:#333;\n}\n\n.page #header #menu .sub-menu li a:hover{\n color:#FFFFFF;\n}\n\n.home.page-id-429 #wrapper, .page.page-id-429 #wrapper {\n    margin-top: 82px;\n}\n.home.page-id-429 #header, .page.page-id-429 #header {\n    background-color: #2E3546;\n    border: 0px;\n}\n\n.home.page-id-429 #header.darkHeader #menu a, \n.page.page-id-429 #header.darkHeader #menu a{\n   color:#252122;\n}\n\n.home.page-id-429  #header.darkHeader, .page.page-id-429  #header.darkHeader {\n    background-color: #FFFFFF;\n    border-bottom: 1px solid #ddd;\n}<\/style>\n<!-- section hero -->\n<!-- close div before -->\n        <\/div>\n    <\/article>\n<\/div>\n\n<div id=\"hero-page\" class=\" block-hero-page flex-vcenter section-bg\">\n    <div class=\"block-hero-page_bg\">\n        <img decoding=\"async\" src=\"https:\/\/landscapesfuture.org\/wp-content\/uploads\/2021\/11\/Cameroon-1.jpg\">\n    <\/div>\n    <div class=\"block-hero-page_overlay\"><\/div>\n    <div class=\"block-hero-page_content\">\n        <div class=\"container\">\n\n            <div class=\"hero-page\">\n                <div class=\"hero-page_title text-light\">\n                    <h1>Camer\u00fan<\/h1>\n                    <!--<p><\/p>-->\n                                    <\/div>\n            <\/div>\n        <\/div>\n    <\/div>\n<\/div>\n\n<div class=\"container\">\n    <div class=\"row\">\n        <div class=\"col-12\">\n            <div class=\"breadcrumbs\" itemscope itemtype=\"http:\/\/schema.org\/BreadcrumbList\"><span itemprop=\"itemListElement\" itemscope itemtype=\"http:\/\/schema.org\/ListItem\"><a class=\"breadcrumbs__link\" href=\"https:\/\/landscapesfuture.org\/es\/\" itemprop=\"item\"><span itemprop=\"name\">Inicio<\/span><\/a><meta itemprop=\"position\" content=\"1\" \/><\/span><\/div><!-- .breadcrumbs -->        <\/div>\n    <\/div>\n<\/div>\n\n<div class=\"container\">\n    <article id=\"post-6381\" class=\"post-6381 page type-page status-publish hentry\">\n        <div class=\"entry-content\">\n\n\n<h1 class=\"project-title has-very-dark-gray-color has-text-color wp-block-heading\">Ecosistema del norte de Camer\u00fan: hacia un enfoque integrado del paisaje<\/h1>\n\n\n\n    <style> \n        .logo-partner-on-team {\n              max-height: 80px;\n              max-width: 180px;\n        }\n    <\/style><style> .logo-partner-on-team {max-height: 100px!important; max-width: 250px!important;}<\/style><div id=\"\" class=\" block-clear wpe-block\"><h3 class=\"mt-3 mb-4 fs-3-5\"><\/h3><div><\/div><div class=\"wpe-block-title\"><h2>Partners<\/h2><\/div><div class=\"d-flex justify-content-start flex-wrap flex-row columns-10 middle-md m-margin-bottom-30 partner-list-items\" style=\"justify-content: flex-start;\">\n    \n            <div class=\"me-4 mb-4 partner-item d-table\">\n                <a href=\"\" class=\"d-table-cell align-middle\" title=\"EcoNorCam\">\n                    <img decoding=\"async\" src=\"http:\/\/landscapesfuture.org\/wp-content\/uploads\/2022\/02\/Econorcam-300.png\" alt=\"EcoNorCam\" class=\"logo-partner-on-team\" title=\"EcoNorCam\">\n                <\/a>\n            <\/div>\n    \n            <div class=\"me-4 mb-4 partner-item d-table\">\n                <a href=\"\" class=\"d-table-cell align-middle\" title=\"European Union (EU)\">\n                    <img decoding=\"async\" src=\"https:\/\/www.cifor.org\/wp-content\/uploads\/2020\/05\/European-Union-logo.png\" alt=\"European Union (EU)\" class=\"logo-partner-on-team\" title=\"European Union (EU)\">\n                <\/a>\n            <\/div>\n    \n            <div class=\"me-4 mb-4 partner-item d-table\">\n                <a href=\"http:\/\/www.minfof.cm\/\" class=\"d-table-cell align-middle\" title=\"Ministere des Forets et de la Faune - R\u00e9publique du Cameroun (MINFOF)\">\n                    <img decoding=\"async\" src=\"http:\/\/landscapesfuture.org\/wp-content\/uploads\/2022\/03\/Logo_MINFOF.png\" alt=\"Ministere des Forets et de la Faune - R\u00e9publique du Cameroun (MINFOF)\" class=\"logo-partner-on-team\" title=\"Ministere des Forets et de la Faune - R\u00e9publique du Cameroun (MINFOF)\">\n                <\/a>\n            <\/div>\n    \n            <div class=\"me-4 mb-4 partner-item d-table\">\n                <a href=\"https:\/\/www.wcs.org\/\" class=\"d-table-cell align-middle\" title=\"Wildlife Conservation Society (WCS)\">\n                    <img decoding=\"async\" src=\"https:\/\/landscapesfuture.org\/wp-content\/uploads\/2023\/10\/WCS-Logo-white-letters.png\" alt=\"Wildlife Conservation Society (WCS)\" class=\"logo-partner-on-team\" title=\"Wildlife Conservation Society (WCS)\">\n                <\/a>\n            <\/div>\n    \n            <div class=\"me-4 mb-4 partner-item d-table\">\n                <a href=\"http:\/\/www.cedcameroun.org\/\" class=\"d-table-cell align-middle\" title=\"Centre pour l\u2019Environnement et le D\u00e9veloppement (CED)\">\n                    <img decoding=\"async\" src=\"http:\/\/landscapesfuture.org\/wp-content\/uploads\/2022\/01\/CED-logo.jpg\" alt=\"Centre pour l\u2019Environnement et le D\u00e9veloppement (CED)\" class=\"logo-partner-on-team\" title=\"Centre pour l\u2019Environnement et le D\u00e9veloppement (CED)\">\n                <\/a>\n            <\/div>\n    \n            <div class=\"me-4 mb-4 partner-item d-table\">\n                <a href=\"https:\/\/forest4dev.org\/\" class=\"d-table-cell align-middle\" title=\"For\u00eats et D\u00e9veloppement Rural (FODER)\">\n                    <img decoding=\"async\" src=\"http:\/\/landscapesfuture.org\/wp-content\/uploads\/2022\/01\/logo_FODER.png\" alt=\"For\u00eats et D\u00e9veloppement Rural (FODER)\" class=\"logo-partner-on-team\" title=\"For\u00eats et D\u00e9veloppement Rural (FODER)\">\n                <\/a>\n            <\/div><\/div><\/div>\n\n\n<div class=\"wp-block-columns is-layout-flex wp-container-core-columns-is-layout-9d6595d7 wp-block-columns-is-layout-flex\">\n<div class=\"wp-block-column is-layout-flow wp-block-column-is-layout-flow\" style=\"flex-basis:66.66%\">\n<p><strong>Socios:<\/strong> Wildlife Conservation Society (WCS) como l\u00edder del consorcio EcoNorCam en colaboraci\u00f3n con el Centre pour l&#8217;Environnement et le D\u00e9veloppement (CED), For\u00eats et D\u00e9veloppement Rural (FODER)<\/p>\n\n\n\n<h2 class=\"wp-block-heading\">\u00c1reas tem\u00e1ticas clave<\/h2>\n\n\n\n<p>Contribuir al desarrollo de acciones y sinergias para la aplicaci\u00f3n del Acuerdo de Par\u00eds sobre el cambio clim\u00e1tico y las contribuciones determinadas a nivel nacional; la conservaci\u00f3n y gesti\u00f3n sostenible de los recursos naturales y la biodiversidad; y el fortalecimiento de la seguridad alimentaria y la nutrici\u00f3n.<\/p>\n\n\n\n<h2 class=\"wp-block-heading\">Zona de intervenci\u00f3n<\/h2>\n\n\n\n<p>Parque Nacional de Benue y Zonas de Inter\u00e9s Cineg\u00e9tico (ZIC) &#8211; Regi\u00f3n Norte de Camer\u00fan<\/p>\n<\/div>\n\n\n\n<div class=\"wp-block-column is-layout-flow wp-block-column-is-layout-flow\" style=\"flex-basis:33.33%\"><\/div>\n<\/div>\n\n\n\n<div class=\"wp-block-columns is-layout-flex wp-container-core-columns-is-layout-9d6595d7 wp-block-columns-is-layout-flex\">\n<div class=\"wp-block-column is-layout-flow wp-block-column-is-layout-flow\">\n<h2 class=\"wp-block-heading\">Desaf\u00edos<\/h2>\n\n\n\n<p>La falta de gesti\u00f3n de las zonas protegidas ha reducido su atractivo entre los turistas, y la inmigraci\u00f3n y la desorganizaci\u00f3n de la movilidad de los pastores suele provocar conflictos territoriales. El aumento del tr\u00e1fico ilegal y la corrupci\u00f3n han reducido las oportunidades de desarrollo econ\u00f3mico. Para evitar el colapso de la seguridad de la regi\u00f3n y asegurar a sus habitantes m\u00e1s vulnerables, la regi\u00f3n necesita reforzar la gesti\u00f3n de los recursos naturales, equilibrando los intereses entre los grupos agr\u00edcolas, silv\u00edcolas y pastoriles.<\/p>\n<\/div>\n\n\n\n<div class=\"wp-block-column is-layout-flow wp-block-column-is-layout-flow\">\n<h2 class=\"wp-block-heading\">Meta<\/h2>\n\n\n\n<p>Este proyecto pretende mejorar la gobernanza de la tierra, los recursos naturales y las especies, as\u00ed como de las \u00e1reas protegidas en la regi\u00f3n norte de Camer\u00fan, especialmente a trav\u00e9s de asociaciones p\u00fablico-privadas.<\/p>\n<\/div>\n<\/div>\n\n\n\n<div class=\"wp-block-columns section-bg wpe-mapbg pt-5 pb-5 is-layout-flex wp-container-core-columns-is-layout-9d6595d7 wp-block-columns-is-layout-flex\">\n<div class=\"wp-block-column is-layout-flow wp-block-column-is-layout-flow\">\n<img decoding=\"async\" src=\"http:\/\/landscapesfuture.org\/wp-content\/uploads\/svg-map\/Landscape%20for%20our%20future-country%20map-worldwide_Cameroon.svg\" style=\"width:100%;padding-right:60px\">\n<\/div>\n\n\n\n<div class=\"wp-block-column is-layout-flow wp-block-column-is-layout-flow\">\n<h2 class=\"wp-block-heading\">paisajes<\/h2>\n\n\n\n<p>La Regi\u00f3n Norte de Camer\u00fan se caracteriza por su rico patrimonio natural y alberga tres parques nacionales. Este desarrollo territorial es valioso para el almacenamiento de carbono; la mitigaci\u00f3n local de la alta variabilidad clim\u00e1tica; y el mantenimiento de los servicios ambientales y la conservaci\u00f3n de los recursos naturales y la fauna del entorno sudano-saheliano. La regi\u00f3n tambi\u00e9n destaca por su sector agropecuario, que emplea a casi el 90% de los adultos. El fuerte desarrollo de una industria algodonera estructurada ha mejorado la resistencia socioecon\u00f3mica de los agricultores. Sin embargo, la regi\u00f3n est\u00e1 cambiando r\u00e1pidamente debido al fuerte crecimiento demogr\u00e1fico resultante del masivo desplazamiento interno y externo de personas. El crecimiento demogr\u00e1fico ha provocado una mayor necesidad de tierras para los agricultores y pastores y una mejor gesti\u00f3n de los recursos naturales: la competencia por la tierra provoca, por un lado, conflictos entre estos grupos y, por otro, un aumento de las actividades antr\u00f3picas il\u00edcitas sobre los recursos naturales y las zonas protegidas de la regi\u00f3n.<\/p>\n<\/div>\n<\/div>\n\n\n\n<div class=\"wp-block-columns is-layout-flex wp-container-core-columns-is-layout-9d6595d7 wp-block-columns-is-layout-flex\">\n<div class=\"wp-block-column is-layout-flow wp-block-column-is-layout-flow\" style=\"flex-basis:66.66%\">\n<h2 class=\"wp-block-heading\">Acercarse<\/h2>\n\n\n\n<p>El proyecto pretende mejorar la buena gobernanza en torno a las \u00e1reas protegidas para lograr unas condiciones m\u00e1s estables; apoyar a las comunidades vulnerables que dependen de la seguridad local, el agro-silvopastoreo y el turismo; y generar ingresos que, a su vez, aumenten la legitimidad de las \u00e1reas protegidas.<\/p>\n\n\n\n<p>El enfoque de aplicaci\u00f3n implica dar a las partes interesadas la oportunidad \u00fanica de desempe\u00f1ar sus respectivos papeles de forma organizada. En cuanto a la gobernanza, el proyecto pretende promover el intercambio de informaci\u00f3n, la consulta, la colaboraci\u00f3n y la coordinaci\u00f3n entre los distintos socios, el desarrollo de capacidades y la sostenibilidad medioambiental, social y econ\u00f3mica.<\/p>\n\n\n\n<h2 class=\"wp-block-heading\">Acciones espec\u00edficas<\/h2>\n\n\n\n<ul class=\"wp-block-list\"><li>La negociaci\u00f3n de las compensaciones territoriales y la promoci\u00f3n de la microzonificaci\u00f3n del uso del paisaje, permitiendo una gesti\u00f3n sostenible de la tierra y la resiliencia al cambio clim\u00e1tico del territorio;<\/li><li>Restauraci\u00f3n de la interconexi\u00f3n ecol\u00f3gica entre los parques nacionales del norte de Camer\u00fan, con especial \u00e9nfasis en el UTO Benue;<\/li><li>actividades de lucha contra la caza furtiva con personal de apoyo a la conservaci\u00f3n en colaboraci\u00f3n con los servicios de conservaci\u00f3n del Parque Nacional de Benue (Ministerio de Vida Silvestre y Bosques) y ZIC, tratando as\u00ed de reducir las actividades humanas il\u00edcitas (caza furtiva, miner\u00eda, pastoreo, deforestaci\u00f3n, etc.) en el parque y sobre los recursos naturales;<\/li><li>compromiso de las comunidades del per\u00edmetro del Parque Nacional de Benue en la conservaci\u00f3n y gesti\u00f3n de los recursos naturales, as\u00ed como en el desarrollo de actividades generadoras de ingresos, favoreciendo as\u00ed la agricultura resistente al cambio clim\u00e1tico, la explotaci\u00f3n de productos forestales no madereros y la promoci\u00f3n de medios alternativos a la le\u00f1a y el carb\u00f3n vegetal.<\/li><\/ul>\n\n\n\n<h2 class=\"wp-block-heading\">Grupos objetivo y beneficiarios finales<\/h2>\n\n\n\n<p>Hay seis grupos principales de destinatarios:<\/p>\n\n\n\n<ul class=\"wp-block-list\"><li>poblaciones de los pueblos vecinos y n\u00f3madas (trashumancia);<\/li><li>autoridades tradicionales;<\/li><li>servicios de extensi\u00f3n (MINFOF, MINDCAF, MINADER, MINEPAT, MEADEN, MINEPDED) y Colectividades Territoriales Descentralizadas;<\/li><li>los actores del sector privado (propietarios a largo plazo de ZIC, SODECOTON, cooperativas de productores de algod\u00f3n y operadores mineros);<\/li><li>medios de comunicaci\u00f3n;<\/li><li>organizaciones de la sociedad civil.<\/li><\/ul>\n\n\n\n<p>Hay cuatro beneficiarios finales principales:<\/p>\n\n\n\n<ul class=\"wp-block-list\"><li>Gobierno de Camer\u00fan (GOC) a nivel central;<\/li><li>comunidad nacional en su conjunto;<\/li><li>proyectos locales a favor del clima, la biodiversidad y el desarrollo;<\/li><li>comunidad internacional.<\/li><\/ul>\n\n\n\n<h2 class=\"wp-block-heading\">Desaf\u00edos a los que se enfrenta  <\/h2>\n\n\n\n<ul class=\"wp-block-list\"><li>la migraci\u00f3n antr\u00f3pica en torno al Parque Nacional de Benue y la sobreexplotaci\u00f3n de los recursos naturales por parte de las comunidades;<\/li><li>aumento de las actividades de pastoreo dentro y en los alrededores del Parque Nacional de Benue;<\/li><li>aumento del tr\u00e1fico ilegal y de las pr\u00e1cticas corruptas;<\/li><li>el uso insostenible del suelo por parte de las comunidades, lo que supone una infracci\u00f3n de las superficies de las zonas protegidas.<\/li><\/ul>\n<\/div>\n\n\n\n<div class=\"wp-block-column is-layout-flow wp-block-column-is-layout-flow\" style=\"flex-basis:33.33%\"><\/div>\n<\/div>\n\n\n\n<div class=\"wp-block-columns section-bg wpe-bggrey pt-5 pb-5 mb-0 is-layout-flex wp-container-core-columns-is-layout-9d6595d7 wp-block-columns-is-layout-flex\">\n<div class=\"wp-block-column is-layout-flow wp-block-column-is-layout-flow\" style=\"flex-basis:66.66%\">\n<h2 class=\"wp-block-heading\">Contactos<\/h2>\n\n\n\n<ul class=\"wp-block-list\"><li>Dr. Roger FOTSO (rfotso@wcs.org)<\/li><li>Stefanelli Emanuele (estefanelli@wcs.org)<\/li><\/ul>\n<\/div>\n\n\n\n<div class=\"wp-block-column is-layout-flow wp-block-column-is-layout-flow\" style=\"flex-basis:33.33%\"><\/div>\n<\/div>\n","protected":false},"excerpt":{"rendered":"<p>Ecosistema del norte de Camer\u00fan: hacia un enfoque integrado del paisaje Socios: Wildlife Conservation Society (WCS) como l\u00edder del consorcio EcoNorCam en colaboraci\u00f3n con el Centre pour l&#8217;Environnement et le D\u00e9veloppement (CED), For\u00eats et D\u00e9veloppement Rural (FODER) \u00c1reas tem\u00e1ticas clave Contribuir al desarrollo de acciones y sinergias para la aplicaci\u00f3n del Acuerdo de Par\u00eds sobre [&hellip;]<\/p>\n","protected":false},"author":1,"featured_media":0,"parent":0,"menu_order":0,"comment_status":"closed","ping_status":"closed","template":"templates\/template-page-gutenberg.php","meta":{"inline_featured_image":false,"footnotes":"","_links_to":"","_links_to_target":""},"class_list":["post-6381","page","type-page","status-publish","hentry"],"_links":{"self":[{"href":"https:\/\/landscapesfuture.org\/es\/wp-json\/wp\/v2\/pages\/6381","targetHints":{"allow":["GET"]}}],"collection":[{"href":"https:\/\/landscapesfuture.org\/es\/wp-json\/wp\/v2\/pages"}],"about":[{"href":"https:\/\/landscapesfuture.org\/es\/wp-json\/wp\/v2\/types\/page"}],"author":[{"embeddable":true,"href":"https:\/\/landscapesfuture.org\/es\/wp-json\/wp\/v2\/users\/1"}],"replies":[{"embeddable":true,"href":"https:\/\/landscapesfuture.org\/es\/wp-json\/wp\/v2\/comments?post=6381"}],"version-history":[{"count":3,"href":"https:\/\/landscapesfuture.org\/es\/wp-json\/wp\/v2\/pages\/6381\/revisions"}],"predecessor-version":[{"id":6655,"href":"https:\/\/landscapesfuture.org\/es\/wp-json\/wp\/v2\/pages\/6381\/revisions\/6655"}],"wp:attachment":[{"href":"https:\/\/landscapesfuture.org\/es\/wp-json\/wp\/v2\/media?parent=6381"}],"curies":[{"name":"wp","href":"https:\/\/api.w.org\/{rel}","templated":true}]}}