{"id":6374,"date":"2021-08-22T00:39:42","date_gmt":"2021-08-21T17:39:42","guid":{"rendered":"https:\/\/landscapesfuture.org\/organizacion-de-estados-del-caribe-oriental\/"},"modified":"2022-09-08T14:48:54","modified_gmt":"2022-09-08T07:48:54","slug":"organizacion-de-estados-del-caribe-oriental","status":"publish","type":"page","link":"https:\/\/landscapesfuture.org\/es\/organizacion-de-estados-del-caribe-oriental\/","title":{"rendered":"Organizaci\u00f3n de Estados del Caribe Oriental (OECO)"},"content":{"rendered":"<style>\n@media only screen and (max-width: 960px) {\n   #hero-page{\n    background-image:url(\"https:\/\/landscapesfuture.org\/wp-content\/uploads\/2021\/11\/OECS-2.jpg\");\n    background-position-y: bottom;\n    background-position-x: center;\n  }\n}\n\n#hero-page::after {\n    position: absolute;\n    content: ' ';\n    z-index: 0;\n    height: 100%;\n    width: 100%;\n    background-color: rgb(0,0,0,0.4);\n    top: 0;\n    left: 0;\n}\n#hero-page.section-bg::before{\nbackground-position-y: -385px;\n}\n\n.page #header #menu a {\n    color: #fff;\n}\n\n.page #header #menu .sub-menu li a{\n  color:#333;\n}\n\n.page #header #menu .sub-menu li a:hover{\n color:#FFFFFF;\n}\n\n.home.page-id-429 #wrapper, .page.page-id-429 #wrapper {\n    margin-top: 82px;\n}\n.home.page-id-429 #header, .page.page-id-429 #header {\n    background-color: #2E3546;\n    border: 0px;\n}\n\n.home.page-id-429 #header.darkHeader #menu a, \n.page.page-id-429 #header.darkHeader #menu a{\n   color:#252122;\n}\n\n.home.page-id-429  #header.darkHeader, .page.page-id-429  #header.darkHeader {\n    background-color: #FFFFFF;\n    border-bottom: 1px solid #ddd;\n}<\/style>\n<!-- section hero -->\n<!-- close div before -->\n        <\/div>\n    <\/article>\n<\/div>\n\n<div id=\"hero-page\" class=\" block-hero-page flex-vcenter section-bg\">\n    <div class=\"block-hero-page_bg\">\n        <img decoding=\"async\" src=\"https:\/\/landscapesfuture.org\/wp-content\/uploads\/2021\/11\/OECS-2.jpg\">\n    <\/div>\n    <div class=\"block-hero-page_overlay\"><\/div>\n    <div class=\"block-hero-page_content\">\n        <div class=\"container\">\n\n            <div class=\"hero-page\">\n                <div class=\"hero-page_title text-light\">\n                    <h1>Organizaci\u00f3n de Estados del Caribe Oriental (OECO)<\/h1>\n                    <!--<p><\/p>-->\n                                    <\/div>\n            <\/div>\n        <\/div>\n    <\/div>\n<\/div>\n\n<div class=\"container\">\n    <div class=\"row\">\n        <div class=\"col-12\">\n            <div class=\"breadcrumbs\" itemscope itemtype=\"http:\/\/schema.org\/BreadcrumbList\"><span itemprop=\"itemListElement\" itemscope itemtype=\"http:\/\/schema.org\/ListItem\"><a class=\"breadcrumbs__link\" href=\"https:\/\/landscapesfuture.org\/es\/\" itemprop=\"item\"><span itemprop=\"name\">Inicio<\/span><\/a><meta itemprop=\"position\" content=\"1\" \/><\/span><\/div><!-- .breadcrumbs -->        <\/div>\n    <\/div>\n<\/div>\n\n<div class=\"container\">\n    <article id=\"post-6374\" class=\"post-6374 page type-page status-publish hentry\">\n        <div class=\"entry-content\">\n\n\n<h1 class=\"project-title wp-block-heading\">Enfoques integrados del paisaje e inversiones en la gesti\u00f3n sostenible de la tierra en la Organizaci\u00f3n de Estados del Caribe Oriental<\/h1>\n\n\n\n    <style> \n        .logo-partner-on-team {\n              max-height: 80px;\n              max-width: 180px;\n        }\n    <\/style><div id=\"\" class=\" block-clear wpe-block\"><h3 class=\"mt-3 mb-4 fs-3-5\"><\/h3><div><\/div><div class=\"wpe-block-title\"><h2>Partner<\/h2><\/div><div class=\"d-flex justify-content-start flex-wrap flex-row columns-10 middle-md m-margin-bottom-30 partner-list-items\" style=\"justify-content: flex-start;\">\n    \n            <div class=\"me-4 mb-4 partner-item d-table\">\n                <a href=\"\" class=\"d-table-cell align-middle\" title=\"OECS member states\">\n                    <img decoding=\"async\" src=\"http:\/\/landscapesfuture.org\/wp-content\/uploads\/2022\/02\/OECS-600.png\" alt=\"OECS member states\" class=\"logo-partner-on-team\" title=\"OECS member states\">\n                <\/a>\n            <\/div>\n    \n            <div class=\"me-4 mb-4 partner-item d-table\">\n                <a href=\"https:\/\/caricom.org\/\" class=\"d-table-cell align-middle\" title=\"CARICOM\">\n                    <img decoding=\"async\" src=\"http:\/\/landscapesfuture.org\/wp-content\/uploads\/2022\/01\/CARICOM-logo.png\" alt=\"CARICOM\" class=\"logo-partner-on-team\" title=\"CARICOM\">\n                <\/a>\n            <\/div><\/div><\/div>\n\n\n<div class=\"wp-block-columns is-layout-flex wp-container-core-columns-is-layout-9d6595d7 wp-block-columns-is-layout-flex\">\n<div class=\"wp-block-column is-layout-flow wp-block-column-is-layout-flow\" style=\"flex-basis:66.66%\">\n<p>Miembros de la Organizaci\u00f3n de Estados del Caribe Oriental:<\/p>\n\n\n\n<ul class=\"wp-block-list\"><li>Anguila<\/li><li>Antigua y Barbuda<\/li><li>Islas V\u00edrgenes Brit\u00e1nicas<\/li><li>Dominica<\/li><li>Granada<\/li><li>Guadalupe<\/li><li>Martinica<\/li><li>Montserrat<\/li><li>Santa Luc\u00eda<\/li><li>San Crist\u00f3bal y Nieves<\/li><li>San Vicente y las Granadinas<\/li><\/ul>\n\n\n\n<p><strong>Socios:<\/strong> Estados miembros y organismos nacionales pertinentes, CARICOM, otras organizaciones y OSC.<\/p>\n\n\n\n<h2 class=\"wp-block-heading\">\u00c1reas tem\u00e1ticas clave<\/h2>\n\n\n\n<p>El proyecto abordar\u00e1 una serie de retos espec\u00edficos en sus Estados miembros. Las actividades incluyen la planificaci\u00f3n y el desarrollo del sector agr\u00edcola; la agrosilvicultura y los enfoques basados en los ecosistemas para la seguridad h\u00eddrica y alimentaria; la gesti\u00f3n integrada de las cuencas hidrogr\u00e1ficas para reducir la degradaci\u00f3n del suelo; la restauraci\u00f3n de los ecosistemas y la biodiversidad; y el desarrollo de productos ecotur\u00edsticos.<\/p>\n<\/div>\n\n\n\n<div class=\"wp-block-column is-layout-flow wp-block-column-is-layout-flow\" style=\"flex-basis:33.33%\"><\/div>\n<\/div>\n\n\n\n<div class=\"wp-block-columns is-layout-flex wp-container-core-columns-is-layout-9d6595d7 wp-block-columns-is-layout-flex\">\n<div class=\"wp-block-column is-layout-flow wp-block-column-is-layout-flow\">\n<h2 class=\"wp-block-heading\">Desaf\u00edos<\/h2>\n\n\n\n<p>Desde el declive de las industrias del pl\u00e1tano y el az\u00facar, que hab\u00edan protegido el suelo de la erosi\u00f3n mediante la cubierta vegetal, los Estados miembros de la Organizaci\u00f3n de Estados del Caribe Oriental han sufrido la degradaci\u00f3n del suelo. Esto est\u00e1 contribuyendo a la p\u00e9rdida de biodiversidad y al aumento de la vulnerabilidad a las inundaciones y a los corrimientos de tierra. La regi\u00f3n tambi\u00e9n es muy vulnerable a los efectos del cambio clim\u00e1tico, sobre todo a la subida del nivel del mar y al aumento de la intensidad de las tormentas tropicales y los huracanes. Estas cat\u00e1strofes demuestran la necesidad de aumentar la resiliencia mediante medidas de mitigaci\u00f3n y adaptaci\u00f3n.<\/p>\n<\/div>\n\n\n\n<div class=\"wp-block-column is-layout-flow wp-block-column-is-layout-flow\">\n<h2 class=\"wp-block-heading\">Meta<\/h2>\n\n\n\n<p>Preservar los ecosistemas y los servicios ecosist\u00e9micos, reforzar la seguridad alimentaria y mejorar la mitigaci\u00f3n del cambio clim\u00e1tico y la adaptaci\u00f3n al mismo mediante la gesti\u00f3n sostenible del paisaje.<\/p>\n<\/div>\n<\/div>\n\n\n\n<div class=\"wp-block-columns section-bg wpe-mapbg pt-5 pb-5 is-layout-flex wp-container-core-columns-is-layout-9d6595d7 wp-block-columns-is-layout-flex\">\n<div class=\"wp-block-column is-layout-flow wp-block-column-is-layout-flow\">\n<img decoding=\"async\" src=\"http:\/\/landscapesfuture.org\/wp-content\/uploads\/svg-map\/Landscape%20for%20our%20future-country%20map-worldwide_OECS.svg\" style=\"width:100%;padding-right:60px\">\n<\/div>\n\n\n\n<div class=\"wp-block-column is-layout-flow wp-block-column-is-layout-flow\">\n<h2 class=\"wp-block-heading\">paisajes<\/h2>\n\n\n\n<p>Los Estados miembros de la Organizaci\u00f3n de Estados del Caribe Oriental forman un archipi\u00e9lago continuo de 11 peque\u00f1as naciones insulares, territorios y departamentos en las Antillas Menores del Caribe. La mayor\u00eda de las islas son monta\u00f1osas debido a su origen volc\u00e1nico, con una diversa gama de ecosistemas terrestres y marinos, incluyendo arrecifes de coral, manglares, bosques y matorrales. Siete de los 11 Estados miembros tienen una superficie total inferior a 500 kil\u00f3metros cuadrados. Hist\u00f3ricamente dominada por las industrias del pl\u00e1tano y el az\u00facar, la regi\u00f3n depende ahora del turismo y la hosteler\u00eda como pilar de su econom\u00eda. Algunos Estados miembros tambi\u00e9n obtienen gran parte de su producto interior bruto de los servicios financieros. Debido a su peque\u00f1o tama\u00f1o y a la elevada densidad de poblaci\u00f3n, las islas dependen en gran medida de las importaciones de alimentos, combustibles f\u00f3siles y materias primas, lo que las hace vulnerables a las perturbaciones externas y a las cat\u00e1strofes naturales, como demostr\u00f3 la devastaci\u00f3n de los huracanes Irma y Mar\u00eda en 2017, as\u00ed como la pandemia de COVID-19.<\/p>\n<\/div>\n<\/div>\n\n\n\n<div class=\"wp-block-columns is-layout-flex wp-container-core-columns-is-layout-9d6595d7 wp-block-columns-is-layout-flex\">\n<div class=\"wp-block-column is-layout-flow wp-block-column-is-layout-flow\" style=\"flex-basis:66.66%\">\n<h2 class=\"wp-block-heading\">Acercarse<\/h2>\n\n\n\n<p>El proyecto pretende reforzar la gesti\u00f3n sostenible de la tierra en los Estados miembros de la Organizaci\u00f3n de Estados del Caribe Oriental mediante enfoques paisaj\u00edsticos integrados. Tiene tres objetivos principales: (i) mejorar la gesti\u00f3n de los recursos naturales, (ii) mejorar la mitigaci\u00f3n y la adaptaci\u00f3n al cambio clim\u00e1tico, y (iii) lograr la seguridad alimentaria mediante una agricultura sostenible. Para lograr estos objetivos, el proyecto contribuir\u00e1 al desarrollo de una agricultura inteligente y sostenible desde el punto de vista clim\u00e1tico y promover\u00e1 enfoques intersectoriales de planificaci\u00f3n y gesti\u00f3n del uso de la tierra.<\/p>\n\n\n\n<h2 class=\"wp-block-heading\">Acciones espec\u00edficas<\/h2>\n\n\n\n<p>El proyecto conlleva tres resultados principales: (i) ensayar sobre el terreno una serie de iniciativas que concilien los diferentes usos del suelo en un paisaje equilibrando las consideraciones econ\u00f3micas, sociales y biof\u00edsicas. Estas iniciativas se centrar\u00e1n en retos como la adaptaci\u00f3n al cambio clim\u00e1tico, la restauraci\u00f3n de ecosistemas, la degradaci\u00f3n del suelo, la sequ\u00eda y la contaminaci\u00f3n; (ii) promover la mejora de los sistemas de gobernanza y gesti\u00f3n de la tierra mediante la mejora de la cooperaci\u00f3n intersectorial y la facilitaci\u00f3n de la participaci\u00f3n de las partes interesadas locales en las decisiones relacionadas con la tierra; y (iii) mejorar las capacidades de los actores e instituciones para la gesti\u00f3n sostenible del paisaje. Esto incluye el fortalecimiento de los conocimientos, las herramientas y el compromiso para crear asociaciones entre las instituciones gubernamentales, el sector privado y la sociedad civil.<\/p>\n<\/div>\n\n\n\n<div class=\"wp-block-column is-layout-flow wp-block-column-is-layout-flow\" style=\"flex-basis:33.33%\"><\/div>\n<\/div>\n\n\n\n<div class=\"wp-block-columns section-bg wpe-bggrey pt-5 pb-5 is-layout-flex wp-container-core-columns-is-layout-9d6595d7 wp-block-columns-is-layout-flex\">\n<div class=\"wp-block-column is-layout-flow wp-block-column-is-layout-flow\" style=\"flex-basis:66.66%\">\n<h2 class=\"wp-block-heading\">Contacto<\/h2>\n\n\n\n<p>Cornelius Isaac &#8211; Cornelius.isaac@oecs.int<\/p>\n<\/div>\n\n\n\n<div class=\"wp-block-column is-layout-flow wp-block-column-is-layout-flow\" style=\"flex-basis:33.33%\"><\/div>\n<\/div>\n\n\n\n<div class=\"wp-block-columns is-layout-flex wp-container-core-columns-is-layout-9d6595d7 wp-block-columns-is-layout-flex\">\n<div class=\"wp-block-column is-layout-flow wp-block-column-is-layout-flow\" style=\"flex-basis:66.66%\">\n<h2 class=\"wp-block-heading\">M\u00e1s informaci\u00f3n  <\/h2>\n\n\n\n<p><a href=\"https:\/\/www.oecs.org\/en\/our-work\/environmental-sustainability\/biodiversity-and-ecosystems-management\" target=\"_blank\" rel=\"noreferrer noopener\">Gesti\u00f3n de la biodiversidad y los ecosistemas (oecs.org)<\/a><\/p>\n<\/div>\n\n\n\n<div class=\"wp-block-column is-layout-flow wp-block-column-is-layout-flow\" style=\"flex-basis:33.33%\"><\/div>\n<\/div>\n\n\n\n<p><\/p>\n","protected":false},"excerpt":{"rendered":"<p>Enfoques integrados del paisaje e inversiones en la gesti\u00f3n sostenible de la tierra en la Organizaci\u00f3n de Estados del Caribe Oriental Miembros de la Organizaci\u00f3n de Estados del Caribe Oriental: Anguila Antigua y Barbuda Islas V\u00edrgenes Brit\u00e1nicas Dominica Granada Guadalupe Martinica Montserrat Santa Luc\u00eda San Crist\u00f3bal y Nieves San Vicente y las Granadinas Socios: Estados [&hellip;]<\/p>\n","protected":false},"author":1,"featured_media":0,"parent":0,"menu_order":0,"comment_status":"closed","ping_status":"closed","template":"templates\/template-page-gutenberg.php","meta":{"inline_featured_image":false,"footnotes":"","_links_to":"","_links_to_target":""},"class_list":["post-6374","page","type-page","status-publish","hentry"],"_links":{"self":[{"href":"https:\/\/landscapesfuture.org\/es\/wp-json\/wp\/v2\/pages\/6374","targetHints":{"allow":["GET"]}}],"collection":[{"href":"https:\/\/landscapesfuture.org\/es\/wp-json\/wp\/v2\/pages"}],"about":[{"href":"https:\/\/landscapesfuture.org\/es\/wp-json\/wp\/v2\/types\/page"}],"author":[{"embeddable":true,"href":"https:\/\/landscapesfuture.org\/es\/wp-json\/wp\/v2\/users\/1"}],"replies":[{"embeddable":true,"href":"https:\/\/landscapesfuture.org\/es\/wp-json\/wp\/v2\/comments?post=6374"}],"version-history":[{"count":3,"href":"https:\/\/landscapesfuture.org\/es\/wp-json\/wp\/v2\/pages\/6374\/revisions"}],"predecessor-version":[{"id":6667,"href":"https:\/\/landscapesfuture.org\/es\/wp-json\/wp\/v2\/pages\/6374\/revisions\/6667"}],"wp:attachment":[{"href":"https:\/\/landscapesfuture.org\/es\/wp-json\/wp\/v2\/media?parent=6374"}],"curies":[{"name":"wp","href":"https:\/\/api.w.org\/{rel}","templated":true}]}}