{"id":6368,"date":"2021-08-22T00:39:39","date_gmt":"2021-08-21T17:39:39","guid":{"rendered":"https:\/\/landscapesfuture.org\/jamaica\/"},"modified":"2022-09-08T17:21:47","modified_gmt":"2022-09-08T10:21:47","slug":"jamaica","status":"publish","type":"page","link":"https:\/\/landscapesfuture.org\/es\/jamaica\/","title":{"rendered":"Jamaica"},"content":{"rendered":"<style>\n@media only screen and (max-width: 960px) {\n   #hero-page{\n    background-image:url(\"https:\/\/landscapesfuture.org\/wp-content\/uploads\/2021\/11\/jamaica-1.jpg\");\n    background-position-y: bottom;\n    background-position-x: center;\n  }\n}\n\n#hero-page::after {\n    position: absolute;\n    content: ' ';\n    z-index: 0;\n    height: 100%;\n    width: 100%;\n    background-color: rgb(0,0,0,0.4);\n    top: 0;\n    left: 0;\n}\n#hero-page.section-bg::before{\nbackground-position-y: -385px;\n}\n\n.page #header #menu a {\n    color: #fff;\n}\n\n.page #header #menu .sub-menu li a{\n  color:#333;\n}\n\n.page #header #menu .sub-menu li a:hover{\n color:#FFFFFF;\n}\n\n.home.page-id-429 #wrapper, .page.page-id-429 #wrapper {\n    margin-top: 82px;\n}\n.home.page-id-429 #header, .page.page-id-429 #header {\n    background-color: #2E3546;\n    border: 0px;\n}\n\n.home.page-id-429 #header.darkHeader #menu a, \n.page.page-id-429 #header.darkHeader #menu a{\n   color:#252122;\n}\n\n.home.page-id-429  #header.darkHeader, .page.page-id-429  #header.darkHeader {\n    background-color: #FFFFFF;\n    border-bottom: 1px solid #ddd;\n}<\/style>\n<!-- section hero -->\n<!-- close div before -->\n        <\/div>\n    <\/article>\n<\/div>\n\n<div id=\"hero-page\" class=\" block-hero-page flex-vcenter section-bg\">\n    <div class=\"block-hero-page_bg\">\n        <img decoding=\"async\" src=\"https:\/\/landscapesfuture.org\/wp-content\/uploads\/2021\/11\/jamaica-1.jpg\">\n    <\/div>\n    <div class=\"block-hero-page_overlay\"><\/div>\n    <div class=\"block-hero-page_content\">\n        <div class=\"container\">\n\n            <div class=\"hero-page\">\n                <div class=\"hero-page_title text-light\">\n                    <h1>Jamaica<\/h1>\n                    <!--<p><\/p>-->\n                                    <\/div>\n            <\/div>\n        <\/div>\n    <\/div>\n<\/div>\n\n<div class=\"container\">\n    <div class=\"row\">\n        <div class=\"col-12\">\n            <div class=\"breadcrumbs\" itemscope itemtype=\"http:\/\/schema.org\/BreadcrumbList\"><span itemprop=\"itemListElement\" itemscope itemtype=\"http:\/\/schema.org\/ListItem\"><a class=\"breadcrumbs__link\" href=\"https:\/\/landscapesfuture.org\/es\/\" itemprop=\"item\"><span itemprop=\"name\">Inicio<\/span><\/a><meta itemprop=\"position\" content=\"1\" \/><\/span><\/div><!-- .breadcrumbs -->        <\/div>\n    <\/div>\n<\/div>\n\n<div class=\"container\">\n    <article id=\"post-6368\" class=\"post-6368 page type-page status-publish hentry\">\n        <div class=\"entry-content\">\n<h1 class=\"project-title has-very-dark-gray-color has-text-color wp-block-heading\">Un camino jamaicano de las colinas al oc\u00e9ano (H2O)<\/h1>\n\n    <style> \n        .logo-partner-on-team {\n              max-height: 80px;\n              max-width: 180px;\n        }\n    <\/style><style> .logo-partner-on-team {max-height: 110px!important; max-width: 210px!important;}<\/style><div id=\"\" class=\" block-clear wpe-block\"><h3 class=\"mt-3 mb-4 fs-3-5\"><\/h3><div><\/div><div class=\"wpe-block-title\"><h2>Partners<\/h2><\/div><div class=\"d-flex justify-content-start flex-wrap flex-row columns-10 middle-md m-margin-bottom-30 partner-list-items\" style=\"justify-content: flex-start;\">\n    \n            <div class=\"me-4 mb-4 partner-item d-table\">\n                <a href=\"https:\/\/www.moa.gov.jm\/\" class=\"d-table-cell align-middle\" title=\"Ministry of Agriculture, Fisheries and Mining, Jamaica\">\n                    <img decoding=\"async\" src=\"https:\/\/landscapesfuture.org\/wp-content\/uploads\/2023\/10\/image014.png\" alt=\"Ministry of Agriculture, Fisheries and Mining, Jamaica\" class=\"logo-partner-on-team\" title=\"Ministry of Agriculture, Fisheries and Mining, Jamaica\">\n                <\/a>\n            <\/div>\n    \n            <div class=\"me-4 mb-4 partner-item d-table\">\n                <a href=\"https:\/\/www.pioj.gov.jm\/\" class=\"d-table-cell align-middle\" title=\"The Planning Institute of Jamaica (PIOJ)\">\n                    <img decoding=\"async\" src=\"http:\/\/landscapesfuture.org\/wp-content\/uploads\/2022\/01\/PIOJ-logo.jpg\" alt=\"The Planning Institute of Jamaica (PIOJ)\" class=\"logo-partner-on-team\" title=\"The Planning Institute of Jamaica (PIOJ)\">\n                <\/a>\n            <\/div>\n    \n            <div class=\"me-4 mb-4 partner-item d-table\">\n                <a href=\"https:\/\/www.rada.gov.jm\/\" class=\"d-table-cell align-middle\" title=\"Rural Agricultural Development Authority (RADA)\">\n                    <img decoding=\"async\" src=\"http:\/\/landscapesfuture.org\/wp-content\/uploads\/2022\/03\/rada-logo-.png\" alt=\"Rural Agricultural Development Authority (RADA)\" class=\"logo-partner-on-team\" title=\"Rural Agricultural Development Authority (RADA)\">\n                <\/a>\n            <\/div>\n    \n            <div class=\"me-4 mb-4 partner-item d-table\">\n                <a href=\"https:\/\/www.nepa.gov.jm\/\" class=\"d-table-cell align-middle\" title=\"National Environment and Planning Agency, Jamaica\">\n                    <img decoding=\"async\" src=\"http:\/\/landscapesfuture.org\/wp-content\/uploads\/2022\/01\/nepa-logo.png\" alt=\"National Environment and Planning Agency, Jamaica\" class=\"logo-partner-on-team\" title=\"National Environment and Planning Agency, Jamaica\">\n                <\/a>\n            <\/div><\/div><\/div>\n<div class=\"wp-block-columns is-layout-flex wp-container-core-columns-is-layout-9d6595d7 wp-block-columns-is-layout-flex\">\n<div class=\"wp-block-column is-layout-flow wp-block-column-is-layout-flow\" style=\"flex-basis:66.66%\">\n<p><strong>Socios:<\/strong> El Instituto de Planificaci\u00f3n de Jamaica (PIOJ), el Ministerio de Agricultura y Pesca (Divisi\u00f3n de Jardines P\u00fablicos y la Autoridad de Desarrollo Agr\u00edcola Rural) y la Agencia Nacional de Medio Ambiente y Planificaci\u00f3n.<\/p>\n\n\n\n<h2 class=\"wp-block-heading\">\u00c1reas tem\u00e1ticas clave<\/h2>\n\n\n\n<p>El proyecto H2O reducir\u00e1 la vulnerabilidad de los ecosistemas jamaicanos desde las colinas hasta el oc\u00e9ano, de acuerdo con los principios rectores de la gesti\u00f3n integrada del paisaje. Tambi\u00e9n mejorar\u00e1 la resistencia de las comunidades de las cuencas hidrogr\u00e1ficas seleccionadas para que puedan soportar los efectos adversos del cambio clim\u00e1tico.<\/p>\n<\/div>\n\n\n\n<div class=\"wp-block-column is-layout-flow wp-block-column-is-layout-flow\" style=\"flex-basis:33.33%\"><\/div>\n<\/div>\n\n<div class=\"wp-block-columns is-layout-flex wp-container-core-columns-is-layout-9d6595d7 wp-block-columns-is-layout-flex\">\n<div class=\"wp-block-column is-layout-flow wp-block-column-is-layout-flow\">\n<h2 class=\"wp-block-heading\">Desaf\u00edos<\/h2>\n\n\n\n<p>La econom\u00eda de Jamaica est\u00e1 dominada por el sector de los servicios, principalmente el turismo, y hay una gran dependencia de los recursos naturales de la isla. El pa\u00eds es uno de los mayores productores mundiales de bauxita y al\u00famina. Sin embargo, la miner\u00eda contribuye a la deforestaci\u00f3n, la erosi\u00f3n del suelo y la contaminaci\u00f3n del agua. Aunque la agricultura representa una peque\u00f1a proporci\u00f3n del producto interior bruto, emplea a cerca del 15% de la poblaci\u00f3n activa. Los principales cultivos de exportaci\u00f3n son el az\u00facar, el pl\u00e1tano y el caf\u00e9. El sector est\u00e1 dominado por peque\u00f1os productores de cultivos comerciales y es muy vulnerable a los fen\u00f3menos hidrometeorol\u00f3gicos, como la sequ\u00eda, el exceso de lluvias y los huracanes, que se han visto agravados por el cambio clim\u00e1tico.<\/p>\n\n\n\n<p>La diversa flora y fauna de Jamaica se enfrenta a amenazas antropog\u00e9nicas y naturales, como la expansi\u00f3n urbana, la insuficiente gesti\u00f3n de residuos, la deforestaci\u00f3n generalizada y el cambio clim\u00e1tico. Esto se ve agravado por la escasa aplicaci\u00f3n de las leyes y pol\u00edticas medioambientales. El pa\u00eds es muy vulnerable a los efectos del cambio clim\u00e1tico debido a su ubicaci\u00f3n geogr\u00e1fica y a su topograf\u00eda, y se espera que experimente huracanes m\u00e1s frecuentes e intensos, inundaciones, sequ\u00edas, as\u00ed como la subida del nivel del mar, mareas de tempestad e intrusi\u00f3n salina en las zonas costeras.<\/p>\n<\/div>\n\n\n\n<div class=\"wp-block-column is-layout-flow wp-block-column-is-layout-flow\">\n<h2 class=\"wp-block-heading\">Meta<\/h2>\n\n\n\n<p>Aumentar la resiliencia al cambio clim\u00e1tico y reducir la pobreza mediante un enfoque de gesti\u00f3n integrada y sostenible del paisaje en tres unidades de gesti\u00f3n de cuencas seleccionadas.<\/p>\n<\/div>\n<\/div>\n\n<div class=\"wp-block-columns section-bg wpe-mapbg pt-5 pb-5 is-layout-flex wp-container-core-columns-is-layout-9d6595d7 wp-block-columns-is-layout-flex\">\n<div class=\"wp-block-column is-layout-flow wp-block-column-is-layout-flow\">\n<img decoding=\"async\" src=\"http:\/\/landscapesfuture.org\/wp-content\/uploads\/svg-map\/Landscape%20for%20our%20future-country%20map-worldwide_Jamaica.svg\" style=\"width:100%;padding-right:60px\" \/><\/div>\n\n\n\n<div class=\"wp-block-column is-layout-flow wp-block-column-is-layout-flow\">\n<h2 class=\"wp-block-heading\">paisajes<\/h2>\n\n\n\n<p>Jamaica es la tercera isla m\u00e1s grande del Caribe, con una superficie de unos 10.991 kil\u00f3metros cuadrados. Su clima tropical y su interior monta\u00f1oso sustentan diversos ecosistemas terrestres, marinos\/costeros y de agua dulce, como bosques calc\u00e1reos, selvas tropicales, bosques ribere\u00f1os, humedales y arrecifes de coral. El pa\u00eds posee una rica biodiversidad, marcada por un elevado endemismo de especies. Jamaica ocupa el quinto lugar entre las naciones insulares por el n\u00famero de plantas end\u00e9micas. Tambi\u00e9n hay un alto \u00edndice de endemismo de especies animales, como reptiles, anfibios, caracoles, cangrejos terrestres y aves terrestres. M\u00e1s de 800 especies de plantas con flor son end\u00e9micas de Jamaica, junto con m\u00e1s de 20 especies de aves. A pesar de esta biodiversidad, menos del 10% de los bosques naturales de Jamaica permanecen inalterados. A mediados de la d\u00e9cada de 1990, el pa\u00eds ten\u00eda una de las tasas de deforestaci\u00f3n m\u00e1s altas del mundo. La \u00faltima evaluaci\u00f3n forestal muestra un aumento de la cubierta forestal desde entonces. Aproximadamente el 40% (439, 938 hect\u00e1reas) de la isla est\u00e1 clasificado como bosque, lo que supone un aumento del 10% desde mediados de los a\u00f1os noventa. Este aumento es atribuible al crecimiento del bosque secundario (ruinoso), que es menos pr\u00edstino que el bosque primario inalterado.<\/p>\n<\/div>\n<\/div>\n\n<div class=\"wp-block-columns is-layout-flex wp-container-core-columns-is-layout-9d6595d7 wp-block-columns-is-layout-flex\">\n<div class=\"wp-block-column is-layout-flow wp-block-column-is-layout-flow\" style=\"flex-basis:66.66%\">\n<h2 class=\"wp-block-heading\">Acercarse<\/h2>\n\n\n\n<p>El proyecto H2O tiene como objetivo reducir la vulnerabilidad de los ecosistemas y las comunidades jamaicanas a los impactos del cambio clim\u00e1tico, al tiempo que alivia la pobreza, mediante la aplicaci\u00f3n de un enfoque de gesti\u00f3n integrada del paisaje en tres unidades principales de gesti\u00f3n de cuencas hidrogr\u00e1ficas (UMA). Se trata de la Wagwater WMU (St. Mary), la Rio Nuevo WMU (St. Ann) y la Rio Bueno\/White River WMU (St. Ann y Trelawny). Esto contribuir\u00e1 a aumentar la resiliencia al abordar la degradaci\u00f3n de la tierra, la sedimentaci\u00f3n marina, la erosi\u00f3n del suelo y la contaminaci\u00f3n de los r\u00edos.<\/p>\n\n\n\n<h2 class=\"wp-block-heading\">Acciones espec\u00edficas<\/h2>\n\n\n\n<p>Las actividades del proyecto incluyen: (i) la puesta en marcha de programas de gesti\u00f3n integrada y sostenible del paisaje en tres cuencas hidrogr\u00e1ficas degradadas, que incluyan la bioingenier\u00eda, la restauraci\u00f3n y la resistencia al clima, as\u00ed como el desarrollo de sistemas agr\u00edcolas sostenibles para impulsar la seguridad alimentaria y los medios de vida agr\u00edcolas; (ii) la restauraci\u00f3n y preservaci\u00f3n de los humedales, incluida la eliminaci\u00f3n de los residuos s\u00f3lidos y la instalaci\u00f3n de sistemas avanzados de control del agua; y (iii) aumentar la concienciaci\u00f3n del p\u00fablico sobre la gesti\u00f3n integrada y sostenible del paisaje mediante la formaci\u00f3n de los agricultores y del personal de las agencias gubernamentales en bioingenier\u00eda y t\u00e9cnicas agr\u00edcolas resistentes al clima.<\/p>\n<\/div>\n\n\n\n<div class=\"wp-block-column is-layout-flow wp-block-column-is-layout-flow\" style=\"flex-basis:33.33%\"><\/div>\n<\/div>\n\n<div class=\"wp-block-columns section-bg wpe-bggrey pt-5 pb-5 is-layout-flex wp-container-core-columns-is-layout-9d6595d7 wp-block-columns-is-layout-flex\">\n<div class=\"wp-block-column is-layout-flow wp-block-column-is-layout-flow\" style=\"flex-basis:66.66%\">\n<h2 class=\"wp-block-heading\">Contactos<\/h2>\n\n\n\n<ul class=\"wp-block-list\"><li>Camille Wildman, Directora de Proyectos, cwildman@pioj.gov.jm<\/li><li>Dianne Davis, Directora General, ddavis@pioj.gov.jm<br \/>Divisi\u00f3n de Gesti\u00f3n de la Cooperaci\u00f3n Exterior, Instituto de Planificaci\u00f3n de Jamaica<\/li><\/ul><\/div>\n\n\n\n<div class=\"wp-block-column is-layout-flow wp-block-column-is-layout-flow\" style=\"flex-basis:33.33%\"><\/div>\n<\/div>\n\n<div class=\"wp-block-columns is-layout-flex wp-container-core-columns-is-layout-9d6595d7 wp-block-columns-is-layout-flex\">\n<div class=\"wp-block-column is-layout-flow wp-block-column-is-layout-flow\" style=\"flex-basis:66.66%\">\n<h2 class=\"wp-block-heading\">M\u00e1s informaci\u00f3n<\/h2>\n\n\n\n<p>Dianne Davis, Directora General, ddavis@pioj.gov.jm<br \/>Divisi\u00f3n de Gesti\u00f3n de la Cooperaci\u00f3n Exterior, Instituto de Planificaci\u00f3n de Jamaica<\/p>\n<\/div>\n\n\n\n<div class=\"wp-block-column is-layout-flow wp-block-column-is-layout-flow\" style=\"flex-basis:33.33%\"><\/div>\n<\/div>\n","protected":false},"excerpt":{"rendered":"<p>Un camino jamaicano de las colinas al oc\u00e9ano (H2O) Socios: El Instituto de Planificaci\u00f3n de Jamaica (PIOJ), el Ministerio de Agricultura y Pesca (Divisi\u00f3n de Jardines P\u00fablicos y la Autoridad de Desarrollo Agr\u00edcola Rural) y la Agencia Nacional de Medio Ambiente y Planificaci\u00f3n. \u00c1reas tem\u00e1ticas clave El proyecto H2O reducir\u00e1 la vulnerabilidad de los ecosistemas [&hellip;]<\/p>\n","protected":false},"author":1,"featured_media":0,"parent":0,"menu_order":0,"comment_status":"closed","ping_status":"closed","template":"templates\/template-page-gutenberg.php","meta":{"inline_featured_image":false,"footnotes":"","_links_to":"","_links_to_target":""},"class_list":["post-6368","page","type-page","status-publish","hentry"],"_links":{"self":[{"href":"https:\/\/landscapesfuture.org\/es\/wp-json\/wp\/v2\/pages\/6368","targetHints":{"allow":["GET"]}}],"collection":[{"href":"https:\/\/landscapesfuture.org\/es\/wp-json\/wp\/v2\/pages"}],"about":[{"href":"https:\/\/landscapesfuture.org\/es\/wp-json\/wp\/v2\/types\/page"}],"author":[{"embeddable":true,"href":"https:\/\/landscapesfuture.org\/es\/wp-json\/wp\/v2\/users\/1"}],"replies":[{"embeddable":true,"href":"https:\/\/landscapesfuture.org\/es\/wp-json\/wp\/v2\/comments?post=6368"}],"version-history":[{"count":2,"href":"https:\/\/landscapesfuture.org\/es\/wp-json\/wp\/v2\/pages\/6368\/revisions"}],"predecessor-version":[{"id":6370,"href":"https:\/\/landscapesfuture.org\/es\/wp-json\/wp\/v2\/pages\/6368\/revisions\/6370"}],"wp:attachment":[{"href":"https:\/\/landscapesfuture.org\/es\/wp-json\/wp\/v2\/media?parent=6368"}],"curies":[{"name":"wp","href":"https:\/\/api.w.org\/{rel}","templated":true}]}}