{"id":6362,"date":"2021-08-22T00:24:36","date_gmt":"2021-08-21T21:24:36","guid":{"rendered":"https:\/\/landscapesfuture.org\/honduras\/"},"modified":"2022-09-08T17:19:09","modified_gmt":"2022-09-08T10:19:09","slug":"honduras","status":"publish","type":"page","link":"https:\/\/landscapesfuture.org\/es\/honduras\/","title":{"rendered":"Honduras"},"content":{"rendered":"<style>\n@media only screen and (max-width: 960px) {\n   #hero-page{\n    background-image:url(\"https:\/\/landscapesfuture.org\/wp-content\/uploads\/2021\/11\/Untitled-4.jpg\");\n    background-position-y: bottom;\n    background-position-x: center;\n  }\n}\n\n#hero-page::after {\n    position: absolute;\n    content: ' ';\n    z-index: 0;\n    height: 100%;\n    width: 100%;\n    background-color: rgb(0,0,0,0.4);\n    top: 0;\n    left: 0;\n}\n#hero-page.section-bg::before{\nbackground-position-y: -385px;\n}\n\n.page #header #menu a {\n    color: #fff;\n}\n\n.page #header #menu .sub-menu li a{\n  color:#333;\n}\n\n.page #header #menu .sub-menu li a:hover{\n color:#FFFFFF;\n}\n\n.home.page-id-429 #wrapper, .page.page-id-429 #wrapper {\n    margin-top: 82px;\n}\n.home.page-id-429 #header, .page.page-id-429 #header {\n    background-color: #2E3546;\n    border: 0px;\n}\n\n.home.page-id-429 #header.darkHeader #menu a, \n.page.page-id-429 #header.darkHeader #menu a{\n   color:#252122;\n}\n\n.home.page-id-429  #header.darkHeader, .page.page-id-429  #header.darkHeader {\n    background-color: #FFFFFF;\n    border-bottom: 1px solid #ddd;\n}<\/style>\n<!-- section hero -->\n<!-- close div before -->\n        <\/div>\n    <\/article>\n<\/div>\n\n<div id=\"hero-page\" class=\" block-hero-page flex-vcenter section-bg\">\n    <div class=\"block-hero-page_bg\">\n        <img decoding=\"async\" src=\"https:\/\/landscapesfuture.org\/wp-content\/uploads\/2021\/11\/Untitled-4.jpg\">\n    <\/div>\n    <div class=\"block-hero-page_overlay\"><\/div>\n    <div class=\"block-hero-page_content\">\n        <div class=\"container\">\n\n            <div class=\"hero-page\">\n                <div class=\"hero-page_title text-light\">\n                    <h1>Honduras <\/h1>\n                    <!--<p><\/p>-->\n                                    <\/div>\n            <\/div>\n        <\/div>\n    <\/div>\n<\/div>\n\n<div class=\"container\">\n    <div class=\"row\">\n        <div class=\"col-12\">\n            <div class=\"breadcrumbs\" itemscope itemtype=\"http:\/\/schema.org\/BreadcrumbList\"><span itemprop=\"itemListElement\" itemscope itemtype=\"http:\/\/schema.org\/ListItem\"><a class=\"breadcrumbs__link\" href=\"https:\/\/landscapesfuture.org\/es\/\" itemprop=\"item\"><span itemprop=\"name\">Inicio<\/span><\/a><meta itemprop=\"position\" content=\"1\" \/><\/span><\/div><!-- .breadcrumbs -->        <\/div>\n    <\/div>\n<\/div>\n\n<div class=\"container\">\n    <article id=\"post-6362\" class=\"post-6362 page type-page status-publish hentry\">\n        <div class=\"entry-content\">\n<h1 class=\"project-title has-very-dark-gray-color has-text-color wp-block-heading\">Clima para la biodiversidad: Reducci\u00f3n de la deforestaci\u00f3n en la cadena de suministro<\/h1>\n\n    <style> \n        .logo-partner-on-team {\n              max-height: 80px;\n              max-width: 180px;\n        }\n    <\/style><div id=\"\" class=\" block-clear wpe-block\"><h3 class=\"mt-3 mb-4 fs-3-5\"><\/h3><div><\/div><div class=\"wpe-block-title\"><h2>Partners<\/h2><\/div><div class=\"d-flex justify-content-start flex-wrap flex-row columns-10 middle-md m-margin-bottom-30 partner-list-items\" style=\"justify-content: flex-start;\">\n    \n            <div class=\"me-4 mb-4 partner-item d-table\">\n                <a href=\"\" class=\"d-table-cell align-middle\" title=\"European Union (EU)\">\n                    <img decoding=\"async\" src=\"https:\/\/www.cifor.org\/wp-content\/uploads\/2020\/05\/European-Union-logo.png\" alt=\"European Union (EU)\" class=\"logo-partner-on-team\" title=\"European Union (EU)\">\n                <\/a>\n            <\/div>\n    \n            <div class=\"me-4 mb-4 partner-item d-table\">\n                <a href=\"https:\/\/icf.gob.hn\/\" class=\"d-table-cell align-middle\" title=\"National Institute of Forest Conservation and Development, Protected Areas and Wildlife, Honduras (Instituto Nacional de Conservaci\u00f3n y Desarrollo Forestal, \u00c1reas Protegidas y Vida Silvestre), Honduras\">\n                    <img decoding=\"async\" src=\"http:\/\/landscapesfuture.org\/wp-content\/uploads\/2022\/03\/ICF_Logo-new.png\" alt=\"National Institute of Forest Conservation and Development, Protected Areas and Wildlife, Honduras (Instituto Nacional de Conservaci\u00f3n y Desarrollo Forestal, \u00c1reas Protegidas y Vida Silvestre), Honduras\" class=\"logo-partner-on-team\" title=\"National Institute of Forest Conservation and Development, Protected Areas and Wildlife, Honduras (Instituto Nacional de Conservaci\u00f3n y Desarrollo Forestal, \u00c1reas Protegidas y Vida Silvestre), Honduras\">\n                <\/a>\n            <\/div>\n    \n            <div class=\"me-4 mb-4 partner-item d-table\">\n                <a href=\"https:\/\/www.zamorano.edu\/en\/\" class=\"d-table-cell align-middle\" title=\"Zamorano Panamerican Agriculture University, Honduras\">\n                    <img decoding=\"async\" src=\"http:\/\/landscapesfuture.org\/wp-content\/uploads\/2022\/01\/Zamorano-logo.png\" alt=\"Zamorano Panamerican Agriculture University, Honduras\" class=\"logo-partner-on-team\" title=\"Zamorano Panamerican Agriculture University, Honduras\">\n                <\/a>\n            <\/div>\n    \n            <div class=\"me-4 mb-4 partner-item d-table\">\n                <a href=\"https:\/\/funder.org.hn\/\" class=\"d-table-cell align-middle\" title=\"Foundation for Rural Business Development, Honduras (Fundaci\u00f3n para el Desarrollo Empresarial Rural)\">\n                    <img decoding=\"async\" src=\"http:\/\/landscapesfuture.org\/wp-content\/uploads\/2022\/01\/Funder-logo.png\" alt=\"Foundation for Rural Business Development, Honduras (Fundaci\u00f3n para el Desarrollo Empresarial Rural)\" class=\"logo-partner-on-team\" title=\"Foundation for Rural Business Development, Honduras (Fundaci\u00f3n para el Desarrollo Empresarial Rural)\">\n                <\/a>\n            <\/div>\n    \n            <div class=\"me-4 mb-4 partner-item d-table\">\n                <a href=\"https:\/\/portal.unag.edu.hn\/\" class=\"d-table-cell align-middle\" title=\"National University of Agriculture, Honduras (Universidad Nacional de Agricultura)\">\n                    <img decoding=\"async\" src=\"http:\/\/landscapesfuture.org\/wp-content\/uploads\/2022\/01\/UNAG-logo.png\" alt=\"National University of Agriculture, Honduras (Universidad Nacional de Agricultura)\" class=\"logo-partner-on-team\" title=\"National University of Agriculture, Honduras (Universidad Nacional de Agricultura)\">\n                <\/a>\n            <\/div>\n    \n            <div class=\"me-4 mb-4 partner-item d-table\">\n                <a href=\"\" class=\"d-table-cell align-middle\" title=\"AVA FLEGT \">\n                    <img decoding=\"async\" src=\"http:\/\/landscapesfuture.org\/wp-content\/uploads\/2022\/02\/ava-flegt-honduras.png\" alt=\"AVA FLEGT \" class=\"logo-partner-on-team\" title=\"AVA FLEGT \">\n                <\/a>\n            <\/div><\/div><\/div>\n<div class=\"wp-block-columns is-layout-flex wp-container-core-columns-is-layout-9d6595d7 wp-block-columns-is-layout-flex\">\n<div class=\"wp-block-column is-layout-flow wp-block-column-is-layout-flow\" style=\"flex-basis:66.66%\">\n<p><strong>Socios:<\/strong>  Uni\u00f3n Europea &#8211; Acci\u00f3n para la Gesti\u00f3n Sostenible del Paisaje, Instituto Nacional de Conservaci\u00f3n y Desarrollo Forestal, \u00c1reas Protegidas y Vida Silvestre, Honduras, Universidad Panamericana de Agricultura Zamorano, Honduras (Escuela Panamericana de Agricultura), Fundaci\u00f3n para el Desarrollo Empresarial Rural, Honduras (Fundaci\u00f3n para el Desarrollo Empresarial Rural), Universidad Nacional de Agricultura, Honduras (Universidad Nacional de Agricultura), Oficina Presidencial de Cambio Clim\u00e1tico, Climate Plus (ClimaPlus).<\/p>\n\n\n\n<h2 class=\"wp-block-heading\">\u00c1reas tem\u00e1ticas clave<\/h2>\n\n\n\n<p>El proyecto se inscribe en el programa tem\u00e1tico de la Uni\u00f3n Europea sobre bienes y desaf\u00edos p\u00fablicos globales.<\/p>\n<\/div>\n\n\n\n<div class=\"wp-block-column is-layout-flow wp-block-column-is-layout-flow\" style=\"flex-basis:33.33%\"><\/div>\n<\/div>\n\n<div class=\"wp-block-columns is-layout-flex wp-container-core-columns-is-layout-9d6595d7 wp-block-columns-is-layout-flex\">\n<div class=\"wp-block-column is-layout-flow wp-block-column-is-layout-flow\">\n<h2 class=\"wp-block-heading\">Desaf\u00edos<\/h2>\n\n\n\n<p>Los productores agr\u00edcolas afectados por los altos niveles de pobreza e inseguridad alimentaria emigran a la reserva en busca de mejores medios de vida. Para ello, se dedican a la agricultura, principalmente el caf\u00e9, y a la producci\u00f3n ganadera o la cr\u00eda de ganado, lo que provoca la deforestaci\u00f3n y la p\u00e9rdida de biodiversidad. Entre 2000 y 2016, el cambio de uso de la tierra por parte de los migrantes provoc\u00f3 la p\u00e9rdida de 420 km2 de bosque, lo que representa una p\u00e9rdida del 7% de la reserva de biosfera y crea tensiones con las comunidades locales sobre el uso de los recursos.<\/p>\n<\/div>\n\n\n\n<div class=\"wp-block-column is-layout-flow wp-block-column-is-layout-flow\">\n<h2 class=\"wp-block-heading\">Meta<\/h2>\n\n\n\n<p>Contribuir a la reducci\u00f3n de la deforestaci\u00f3n, la protecci\u00f3n de la biodiversidad y la mejora de la seguridad alimentaria de las poblaciones locales en una zona de 60 km2 de la Reserva de la Biosfera del R\u00edo Pl\u00e1tano.<\/p>\n<\/div>\n<\/div>\n\n<div class=\"wp-block-columns section-bg wpe-mapbg pt-5 pb-5 is-layout-flex wp-container-core-columns-is-layout-9d6595d7 wp-block-columns-is-layout-flex\">\n<div class=\"wp-block-column is-layout-flow wp-block-column-is-layout-flow\">\n<img decoding=\"async\" src=\"http:\/\/landscapesfuture.org\/\/wp-content\/uploads\/svg-map\/Landscape%20for%20our%20future-country%20map-worldwide_Honduras.svg\" style=\"width:100%;padding-right:60px\" \/><\/div>\n\n\n\n<div class=\"wp-block-column is-layout-flow wp-block-column-is-layout-flow\">\n<h2 class=\"wp-block-heading\">paisajes<\/h2>\n\n\n\n<p>La Reserva de la Biosfera del R\u00edo Pl\u00e1tano es uno de los pocos remanentes de selva tropical de Am\u00e9rica Central. Mantiene a las comunidades ind\u00edgenas que han conservado su modo de vida tradicional, y es muy rica en plantas y fauna variadas. La reserva abarca 9.871 km2 y protege toda la cuenca del r\u00edo Pl\u00e1tano, desde su cabecera en las monta\u00f1as hasta su desembocadura en la costa del Caribe. Forma parte de un complejo de conservaci\u00f3n considerablemente mayor que linda con la Reserva de la Biosfera de Bosawas, en Nicaragua. En conjunto, constituyen la mayor zona forestal contigua de Am\u00e9rica Latina al norte del Amazonas. La zona contiene una notable variedad de ecosistemas, plantas y animales, desde los densos bosques tropicales de las monta\u00f1as hasta los humedales, la sabana y las lagunas costeras, que contienen m\u00e1s de 700 especies de vertebrados.<\/p>\n<\/div>\n<\/div>\n\n<div class=\"wp-block-columns is-layout-flex wp-container-core-columns-is-layout-9d6595d7 wp-block-columns-is-layout-flex\">\n<div class=\"wp-block-column is-layout-flow wp-block-column-is-layout-flow\" style=\"flex-basis:66.66%\">\n<h2 class=\"wp-block-heading\">Acercarse<\/h2>\n\n\n\n<p>El proyecto contribuye a la reducci\u00f3n de la deforestaci\u00f3n, la protecci\u00f3n de la biodiversidad y la mejora de la seguridad alimentaria de las poblaciones locales de la Reserva de la Biosfera del R\u00edo Pl\u00e1tano. Promueve sistemas de gesti\u00f3n sostenible e integrada del paisaje en una zona piloto de 60 km2 en la reserva. Se est\u00e1 elaborando un plan de gesti\u00f3n de la biodiversidad que integrar\u00e1 la relevancia de la misma para la producci\u00f3n agr\u00edcola en t\u00e9rminos de variedad animal, plantas y microorganismos necesarios para sostener la producci\u00f3n de alimentos.<\/p>\n\n\n\n<h2 class=\"wp-block-heading\">Acciones espec\u00edficas<\/h2>\n\n\n\n<p>El proyecto promueve la implantaci\u00f3n de sistemas silvopastorales y agroforestales con 24 familias productoras en la zona piloto para reducir la presi\u00f3n causada por la producci\u00f3n agr\u00edcola extensiva. Promueve pr\u00e1cticas agr\u00edcolas respetuosas con el clima y tecnolog\u00edas clim\u00e1ticamente inteligentes, como la producci\u00f3n de variedades forrajeras mejoradas y la plantaci\u00f3n de pastos y \u00e1rboles de sombra en los sectores ganadero y cafetero.<\/p>\n\n\n\n<p>El desarrollo de una cultura crediticia necesaria para el crecimiento de las econom\u00edas dom\u00e9sticas se est\u00e1 apoyando mediante la educaci\u00f3n en materia de financiaci\u00f3n. La introducci\u00f3n y la formaci\u00f3n en la cultura del cr\u00e9dito \u00abverde\u00bb se dirigen espec\u00edficamente a la poblaci\u00f3n local que est\u00e1 desarrollando agronegocios en sus comunidades. Adem\u00e1s, el proyecto est\u00e1 desarrollando un mecanismo de financiaci\u00f3n clim\u00e1tica innovador e inclusivo para los productores de ganado y caf\u00e9 que proporcionar\u00e1 acceso al cr\u00e9dito vinculado a la restauraci\u00f3n de la tierra y la reforestaci\u00f3n.<\/p>\n\n\n\n<p>El proyecto tambi\u00e9n est\u00e1 identificando, cartografiando y restaurando zonas de tierra degradada en colaboraci\u00f3n con el Instituto Nacional de Conservaci\u00f3n y Desarrollo Forestal. Al mismo tiempo, el proyecto pretende dilucidar claramente la relaci\u00f3n entre la migraci\u00f3n econ\u00f3mica y medioambiental, la deforestaci\u00f3n y los medios de vida de las comunidades locales en la biosfera mediante, por ejemplo, la elaboraci\u00f3n de una evaluaci\u00f3n de los servicios ecosist\u00e9micos de la zona y la cartograf\u00eda de la biodiversidad y las zonas productoras de alimentos que necesitan protecci\u00f3n.<\/p>\n<\/div>\n\n\n\n<div class=\"wp-block-column is-layout-flow wp-block-column-is-layout-flow\" style=\"flex-basis:33.33%\"><\/div>\n<\/div>\n\n<div class=\"wp-block-columns section-bg wpe-bggrey pt-5 pb-5 is-layout-flex wp-container-core-columns-is-layout-9d6595d7 wp-block-columns-is-layout-flex\">\n<div class=\"wp-block-column is-layout-flow wp-block-column-is-layout-flow\" style=\"flex-basis:66.66%\">\n<h2 class=\"wp-block-heading\">Contacto<\/h2>\n\n\n\n<p>Dolan Josu\u00e9 Castro Cort\u00e9s<br \/>dolan.castro.mibiosfera@gmail.com<\/p>\n<\/div>\n\n\n\n<div class=\"wp-block-column is-layout-flow wp-block-column-is-layout-flow\" style=\"flex-basis:33.33%\"><\/div>\n<\/div>\n\n<div class=\"wp-block-columns is-layout-flex wp-container-core-columns-is-layout-9d6595d7 wp-block-columns-is-layout-flex\">\n<div class=\"wp-block-column is-layout-flow wp-block-column-is-layout-flow\" style=\"flex-basis:66.66%\">\n<h2 class=\"wp-block-heading\">M\u00e1s informaci\u00f3n<\/h2>\n\n\n\n<ul class=\"wp-block-list\"><li><a href=\"https:\/\/sigmof.icf.gob.hn\/?page_id=8370\" target=\"_blank\" rel=\"noreferrer noopener\">Sistema de monitoreo y seguimiento del Proyecto Manejo Integrado de la Biosfera del R\u00edo Pl\u00e1tano<\/a><\/li><li><a href=\"https:\/\/icf.gob.hn\/biosfera-union-europea\/\" target=\"_blank\" rel=\"noreferrer noopener\">Proyecto Manejo Integrado de la Biosfera del R\u00edo Pl\u00e1tano<\/a><\/li><\/ul><\/div>\n\n\n\n<div class=\"wp-block-column is-layout-flow wp-block-column-is-layout-flow\" style=\"flex-basis:33.33%\"><\/div>\n<\/div>\n","protected":false},"excerpt":{"rendered":"<p>Clima para la biodiversidad: Reducci\u00f3n de la deforestaci\u00f3n en la cadena de suministro Socios: Uni\u00f3n Europea &#8211; Acci\u00f3n para la Gesti\u00f3n Sostenible del Paisaje, Instituto Nacional de Conservaci\u00f3n y Desarrollo Forestal, \u00c1reas Protegidas y Vida Silvestre, Honduras, Universidad Panamericana de Agricultura Zamorano, Honduras (Escuela Panamericana de Agricultura), Fundaci\u00f3n para el Desarrollo Empresarial Rural, Honduras (Fundaci\u00f3n [&hellip;]<\/p>\n","protected":false},"author":1,"featured_media":0,"parent":0,"menu_order":0,"comment_status":"closed","ping_status":"closed","template":"templates\/template-page-gutenberg.php","meta":{"inline_featured_image":false,"footnotes":"","_links_to":"","_links_to_target":""},"class_list":["post-6362","page","type-page","status-publish","hentry"],"_links":{"self":[{"href":"https:\/\/landscapesfuture.org\/es\/wp-json\/wp\/v2\/pages\/6362","targetHints":{"allow":["GET"]}}],"collection":[{"href":"https:\/\/landscapesfuture.org\/es\/wp-json\/wp\/v2\/pages"}],"about":[{"href":"https:\/\/landscapesfuture.org\/es\/wp-json\/wp\/v2\/types\/page"}],"author":[{"embeddable":true,"href":"https:\/\/landscapesfuture.org\/es\/wp-json\/wp\/v2\/users\/1"}],"replies":[{"embeddable":true,"href":"https:\/\/landscapesfuture.org\/es\/wp-json\/wp\/v2\/comments?post=6362"}],"version-history":[{"count":2,"href":"https:\/\/landscapesfuture.org\/es\/wp-json\/wp\/v2\/pages\/6362\/revisions"}],"predecessor-version":[{"id":6364,"href":"https:\/\/landscapesfuture.org\/es\/wp-json\/wp\/v2\/pages\/6362\/revisions\/6364"}],"wp:attachment":[{"href":"https:\/\/landscapesfuture.org\/es\/wp-json\/wp\/v2\/media?parent=6362"}],"curies":[{"name":"wp","href":"https:\/\/api.w.org\/{rel}","templated":true}]}}