{"id":6356,"date":"2021-09-02T06:47:19","date_gmt":"2021-09-02T03:47:19","guid":{"rendered":"https:\/\/landscapesfuture.org\/ecuador\/"},"modified":"2023-10-10T21:00:58","modified_gmt":"2023-10-10T14:00:58","slug":"ecuador","status":"publish","type":"page","link":"https:\/\/landscapesfuture.org\/es\/ecuador\/","title":{"rendered":"Ecuador"},"content":{"rendered":"<style>\n@media only screen and (max-width: 960px) {\n   #hero-page{\n    background-image:url(\"https:\/\/landscapesfuture.org\/wp-content\/uploads\/2021\/11\/ecuador-1.jpg\");\n    background-position-y: bottom;\n    background-position-x: center;\n  }\n}\n\n#hero-page::after {\n    position: absolute;\n    content: ' ';\n    z-index: 0;\n    height: 100%;\n    width: 100%;\n    background-color: rgb(0,0,0,0.4);\n    top: 0;\n    left: 0;\n}\n#hero-page.section-bg::before{\nbackground-position-y: -385px;\n}\n\n.page #header #menu a {\n    color: #fff;\n}\n\n.page #header #menu .sub-menu li a{\n  color:#333;\n}\n\n.page #header #menu .sub-menu li a:hover{\n color:#FFFFFF;\n}\n\n.home.page-id-429 #wrapper, .page.page-id-429 #wrapper {\n    margin-top: 82px;\n}\n.home.page-id-429 #header, .page.page-id-429 #header {\n    background-color: #2E3546;\n    border: 0px;\n}\n\n.home.page-id-429 #header.darkHeader #menu a, \n.page.page-id-429 #header.darkHeader #menu a{\n   color:#252122;\n}\n\n.home.page-id-429  #header.darkHeader, .page.page-id-429  #header.darkHeader {\n    background-color: #FFFFFF;\n    border-bottom: 1px solid #ddd;\n}<\/style>\n<!-- section hero -->\n<!-- close div before -->\n        <\/div>\n    <\/article>\n<\/div>\n\n<div id=\"hero-page\" class=\" block-hero-page flex-vcenter section-bg\">\n    <div class=\"block-hero-page_bg\">\n        <img decoding=\"async\" src=\"https:\/\/landscapesfuture.org\/wp-content\/uploads\/2021\/11\/ecuador-1.jpg\">\n    <\/div>\n    <div class=\"block-hero-page_overlay\"><\/div>\n    <div class=\"block-hero-page_content\">\n        <div class=\"container\">\n\n            <div class=\"hero-page\">\n                <div class=\"hero-page_title text-light\">\n                    <h1>Ecuador<\/h1>\n                    <!--<p>\n<\/p>-->\n                                    <\/div>\n            <\/div>\n        <\/div>\n    <\/div>\n<\/div>\n\n<div class=\"container\">\n    <div class=\"row\">\n        <div class=\"col-12\">\n            <div class=\"breadcrumbs\" itemscope itemtype=\"http:\/\/schema.org\/BreadcrumbList\"><span itemprop=\"itemListElement\" itemscope itemtype=\"http:\/\/schema.org\/ListItem\"><a class=\"breadcrumbs__link\" href=\"https:\/\/landscapesfuture.org\/es\/\" itemprop=\"item\"><span itemprop=\"name\">Inicio<\/span><\/a><meta itemprop=\"position\" content=\"1\" \/><\/span><\/div><!-- .breadcrumbs -->        <\/div>\n    <\/div>\n<\/div>\n\n<div class=\"container\">\n    <article id=\"post-6356\" class=\"post-6356 page type-page status-publish hentry\">\n        <div class=\"entry-content\">\n<h1 class=\"project-title has-very-dark-gray-color has-text-color wp-block-heading\">Paisajes andinos: promoviendo la gesti\u00f3n integrada del paisaje para medios de vida sostenibles en los Andes ecuatorianos<\/h1>\n\n    <style> \n        .logo-partner-on-team {\n              max-height: 80px;\n              max-width: 180px;\n        }\n    <\/style><div id=\"\" class=\" block-clear wpe-block\"><h3 class=\"mt-3 mb-4 fs-3-5\"><\/h3><div><\/div><div class=\"wpe-block-title\"><h2>Partners<\/h2><\/div><div class=\"d-flex justify-content-start flex-wrap flex-row columns-10 middle-md m-margin-bottom-30 partner-list-items\" style=\"justify-content: flex-start;\">\n    \n            <div class=\"me-4 mb-4 partner-item d-table\">\n                <a href=\"http:\/\/www.fao.org\/home\/en\/\" class=\"d-table-cell align-middle\" title=\"Food and Agriculture Organization of the United Nations (FAO)\">\n                    <img decoding=\"async\" src=\"https:\/\/www.cifor.org\/wp-content\/uploads\/2020\/04\/FAO-logo.png\" alt=\"Food and Agriculture Organization of the United Nations (FAO)\" class=\"logo-partner-on-team\" title=\"Food and Agriculture Organization of the United Nations (FAO)\">\n                <\/a>\n            <\/div>\n    \n            <div class=\"me-4 mb-4 partner-item d-table\">\n                <a href=\"\" class=\"d-table-cell align-middle\" title=\"Ministry of the Environment, Water and Ecological Transition - Ecuador\">\n                    <img decoding=\"async\" src=\"https:\/\/landscapesfuture.org\/wp-content\/uploads\/2023\/10\/MAG-y-MAATE-correc-1.png\" alt=\"Ministry of the Environment, Water and Ecological Transition - Ecuador\" class=\"logo-partner-on-team\" title=\"Ministry of the Environment, Water and Ecological Transition - Ecuador\">\n                <\/a>\n            <\/div>\n    \n            <div class=\"me-4 mb-4 partner-item d-table\">\n                <a href=\"\" class=\"d-table-cell align-middle\" title=\"Paisajes Andinos\">\n                    <img decoding=\"async\" src=\"http:\/\/landscapesfuture.org\/wp-content\/uploads\/2022\/02\/paisajes-andinos-300.png\" alt=\"Paisajes Andinos\" class=\"logo-partner-on-team\" title=\"Paisajes Andinos\">\n                <\/a>\n            <\/div><\/div><\/div>\n<div class=\"wp-block-columns is-layout-flex wp-container-core-columns-is-layout-9d6595d7 wp-block-columns-is-layout-flex\">\n<div class=\"wp-block-column is-layout-flow wp-block-column-is-layout-flow\" style=\"flex-basis:66.66%\">\n<p><strong>Socios:<\/strong> Organizaci\u00f3n de las Naciones Unidas para la Agricultura y la Alimentaci\u00f3n; Ministerio de Agricultura y Ganader\u00eda, Ecuador; Ministerio de Medio Ambiente, Agua y Transici\u00f3n Ecol\u00f3gica, Ecuador.<\/p>\n\n\n\n<h2 class=\"wp-block-heading\">\u00c1reas tem\u00e1ticas clave<\/h2>\n\n\n\n<p>Mejorar los medios de subsistencia, los mecanismos de gobernanza y el desarrollo de capacidades con enfoques sensibles a las cuestiones de g\u00e9nero y culturalmente relevantes, as\u00ed como la adopci\u00f3n de las mejores pr\u00e1cticas para la gesti\u00f3n territorial integrada basada en el paisaje, con el fin de aumentar la productividad de forma sostenible, al tiempo que se aborda el cambio clim\u00e1tico y la degradaci\u00f3n del medio ambiente en la agricultura, la silvicultura y la pesca.<\/p>\n<\/div>\n\n\n\n<div class=\"wp-block-column is-layout-flow wp-block-column-is-layout-flow\" style=\"flex-basis:33.33%\"><\/div>\n<\/div>\n\n<div class=\"wp-block-columns is-layout-flex wp-container-core-columns-is-layout-9d6595d7 wp-block-columns-is-layout-flex\">\n<div class=\"wp-block-column is-layout-flow wp-block-column-is-layout-flow\">\n<h2 class=\"wp-block-heading\">Desaf\u00edos<\/h2>\n\n\n\n<p>Entre 2008 y 2014, se perdieron m\u00e1s de 250 kil\u00f3metros cuadrados de bosque en la zona de intervenci\u00f3n del proyecto. El principal reto del proyecto es el fortalecimiento de las plataformas de gobernanza territorial y la aplicaci\u00f3n de un enfoque de gesti\u00f3n integrada del paisaje para articular las necesidades de producci\u00f3n sostenible con las de conservaci\u00f3n y restauraci\u00f3n de los servicios ecosist\u00e9micos para mejorar los medios de vida de las poblaciones.<\/p>\n<\/div>\n\n\n\n<div class=\"wp-block-column is-layout-flow wp-block-column-is-layout-flow\">\n<h2 class=\"wp-block-heading\">Meta<\/h2>\n\n\n\n<p>Implementar un enfoque de Gesti\u00f3n Integrada del Paisaje (GIP) para fortalecer los medios de vida sostenibles y conservar los servicios de los ecosistemas en las monta\u00f1as andinas de Ecuador, particularmente en las estribaciones occidentales de las provincias de Imbabura, Pichincha, Cotopaxi y Bol\u00edvar.<\/p>\n<\/div>\n<\/div>\n\n<div class=\"wp-block-columns section-bg wpe-mapbg pt-5 pb-5 is-layout-flex wp-container-core-columns-is-layout-9d6595d7 wp-block-columns-is-layout-flex\">\n<div class=\"wp-block-column is-layout-flow wp-block-column-is-layout-flow\">\n<img decoding=\"async\" src=\"http:\/\/landscapesfuture.org\/wp-content\/uploads\/svg-map\/Landscape%20for%20our%20future-country%20map-worldwide_Ecuador.svg\" style=\"width:100%;padding-right:60px\"\/><\/div>\n\n\n\n<div class=\"wp-block-column is-layout-flow wp-block-column-is-layout-flow\">\n<h2 class=\"wp-block-heading\">paisajes<\/h2>\n\n\n\n<p>Con una extensi\u00f3n de 6.700 kil\u00f3metros cuadrados, el \u00e1rea del proyecto abarca zonas protegidas y no protegidas en tres paisajes diferentes de las estribaciones occidentales de los Andes. Las zonas de intervenci\u00f3n del proyecto contienen importantes ecosistemas globales, como los bosques tropicales de monta\u00f1a, los p\u00e1ramos altoandinos y los bosques secos interandinos. Estos ecosistemas, ricos en biodiversidad pero muy presionados por las actividades antr\u00f3picas, cubren importantes cuencas fluviales y proporcionan servicios h\u00eddricos esenciales para la agricultura ecuatoriana. La agricultura de subsistencia y la ganader\u00eda extensiva representan el 38% de la superficie, mientras que los bosques y la vegetaci\u00f3n natural cubren el 50%. Las peque\u00f1as explotaciones se caracterizan por su baja productividad agr\u00edcola, sus altos niveles de pobreza y su limitado acceso a recursos financieros, como el cr\u00e9dito. Esto fomenta la extensi\u00f3n de la agricultura a las zonas forestales. La tenencia de la tierra est\u00e1 muy fragmentada, principalmente en la zona altoandina, y la mayor\u00eda de los agricultores poseen menos de 2 hect\u00e1reas de tierra y cultivan con sistemas tradicionales. Sin embargo, en el piedemonte, la tenencia de la tierra es diferente, con explotaciones de entre 20 y 70 hect\u00e1reas de media, caracter\u00edsticas que dan al paisaje diversidad clim\u00e1tica, biol\u00f3gica, econ\u00f3mica y sociocultural.<\/p>\n<\/div>\n<\/div>\n\n<div class=\"wp-block-columns is-layout-flex wp-container-core-columns-is-layout-9d6595d7 wp-block-columns-is-layout-flex\">\n<div class=\"wp-block-column is-layout-flow wp-block-column-is-layout-flow\" style=\"flex-basis:66.66%\">\n<h2 class=\"wp-block-heading\">Acercarse<\/h2>\n\n\n\n<p>El proyecto re\u00fane a los peque\u00f1os agricultores locales y a los gobiernos locales y nacionales para facilitar la toma de decisiones conjunta sobre el uso y la gesti\u00f3n de la tierra. En colaboraci\u00f3n, desarrollar\u00e1n y aplicar\u00e1n mecanismos de conservaci\u00f3n para la prestaci\u00f3n de servicios ecosist\u00e9micos y la restauraci\u00f3n de paisajes forestales y de p\u00e1ramo productivos. Tambi\u00e9n desarrollar\u00e1n y aplicar\u00e1n pr\u00e1cticas para la gesti\u00f3n sostenible de las zonas agr\u00edcolas. El proyecto pretende aumentar la productividad de las cadenas de valor sostenibles de los productos prioritarios mediante el acceso a la extensi\u00f3n rural y a los servicios financieros y de mercado.<\/p>\n\n\n\n<p>Desarrollar e implementar un programa de capacitaci\u00f3n para autoridades locales, t\u00e9cnicos y l\u00edderes comunitarios femeninos y masculinos en la regi\u00f3n andina sobre la gesti\u00f3n sostenible de la tierra y el agua, as\u00ed como promover el intercambio de informaci\u00f3n. El proyecto apoyar\u00e1 la protecci\u00f3n de los bosques y las fuentes de agua en 25.000 hect\u00e1reas de tierra y promover\u00e1 la restauraci\u00f3n de bosques y p\u00e1ramos en 5.000 hect\u00e1reas. Esto ayudar\u00e1 a garantizar el mantenimiento del ciclo hidrol\u00f3gico para un mejor uso y suministro de agua.<\/p>\n\n\n\n<p>Se apoyar\u00e1 la aplicaci\u00f3n de medidas de gesti\u00f3n sostenible de la tierra en sistemas agr\u00edcolas de peque\u00f1os agricultores en 8.000 hect\u00e1reas mediante pr\u00e1cticas agr\u00edcolas innovadoras, como la agroecolog\u00eda, la agrosilvicultura y la gesti\u00f3n forestal sostenible. En otras 9.700 hect\u00e1reas se aplicar\u00e1n pr\u00e1cticas de gesti\u00f3n ganadera sostenible. Las medidas de gesti\u00f3n sostenible de la tierra contribuyen a aumentar la reserva de carbono, que es esencial para la regulaci\u00f3n del clima. El seguimiento de la aplicaci\u00f3n de los planes en las explotaciones es una de las actividades que lleva a cabo el proyecto para medir el impacto positivo en el cambio clim\u00e1tico. Gracias a la gesti\u00f3n sostenible del suelo, se habr\u00e1n capturado hasta 528.360 toneladas de<sub>CO2<\/sub> al final de la ejecuci\u00f3n del proyecto.<\/p>\n\n\n\n<p>Para garantizar la sostenibilidad a largo plazo, se desarrollar\u00e1n incentivos financieros que puedan anclarse en el sistema financiero nacional y que promuevan el uso de la gesti\u00f3n sostenible de la tierra. El proyecto pretende reforzar el cooperativismo agr\u00edcola moderno de las organizaciones de productores mediante el apoyo a las empresas locales.<\/p>\n\n\n\n<p><strong>Avances: <\/strong>Desde el inicio de la ejecuci\u00f3n del proyecto en mayo de 2021, el equipo t\u00e9cnico ha realizado 30 talleres de evaluaci\u00f3n rural participativa (DRP) para el an\u00e1lisis de diagn\u00f3stico, en los que han participado 699 productores agr\u00edcolas (48% de ellos mujeres). Esta metodolog\u00eda ha permitido priorizar las cadenas productivas as\u00ed como las \u00e1reas potenciales de conservaci\u00f3n y restauraci\u00f3n, a la vez que identificar los problemas y las posibles soluciones. Adem\u00e1s, el ARP es el primer paso para consolidar un plan de aplicaci\u00f3n a nivel de la comunidad y de la explotaci\u00f3n.<\/p>\n\n\n\n<p>Adem\u00e1s, el ARP es el primer paso para consolidar un plan de aplicaci\u00f3n a nivel de la comunidad y de la explotaci\u00f3n.<\/p>\n\n\n\n<p>Entre los procesos fundamentales del proyecto de paisaje andino destacan varios. Un pilar del di\u00e1logo entre las comunidades y el proyecto ha sido la firma de acuerdos de Consentimiento Libre, Previo e Informado con 43 organizaciones participantes, lo que permitir\u00e1 la sostenibilidad a largo plazo del enfoque de gesti\u00f3n integrada del paisaje en los territorios comunitarios y las tierras familiares. El desarrollo de capacidades a nivel institucional es otro pilar que aumentar\u00e1 la comprensi\u00f3n, la adopci\u00f3n y la gesti\u00f3n del enfoque de paisaje. Se han realizado seis talleres sobre el enfoque de gesti\u00f3n integrada del paisaje con 58 t\u00e9cnicos y t\u00e9cnicas de las provincias de Cotopaxi y Bol\u00edvar.<\/p>\n\n\n\n<p>El proyecto pretende promover sistemas de producci\u00f3n sostenibles, as\u00ed como mecanismos de conservaci\u00f3n y restauraci\u00f3n, conjuntamente con el MAG, el MAATE y el GAD. Para ello, se identificaron 240 fincas piloto (68 en Bol\u00edvar, 80 en Imbabura, 55 en Cotopaxi y 37 en Pichincha) y 85 promotores rurales (47% mujeres). Los promotores apoyan la ejecuci\u00f3n de las actividades a nivel comunitario y de finca demostrando un gran liderazgo en la implementaci\u00f3n de acciones de gesti\u00f3n integrada del paisaje. Adem\u00e1s, las granjas piloto se utilizar\u00e1n para desarrollar la capacidad de los productores con un enfoque de \u00abaprendizaje en la pr\u00e1ctica\u00bb que tambi\u00e9n permitir\u00e1 la difusi\u00f3n de pr\u00e1cticas sostenibles.<\/p>\n\n\n\n<p>Adem\u00e1s, se han identificado actores estrat\u00e9gicos para reforzar la ejecuci\u00f3n del proyecto y complementar las acciones. En este sentido, se han firmado acuerdos de cooperaci\u00f3n en las provincias de Bol\u00edvar, Cotopaxi, Pichincha e Imbabura.<\/p>\n\n\n\n<h2 class=\"wp-block-heading\">Acciones espec\u00edficas<\/h2>\n\n\n\n<p>Las acciones espec\u00edficas incluyen el desarrollo y la aplicaci\u00f3n de un programa de creaci\u00f3n de capacidades para las autoridades locales de la regi\u00f3n andina sobre las intervenciones del proyecto centradas en la gesti\u00f3n sostenible de la tierra y el agua, as\u00ed como la promoci\u00f3n del intercambio de informaci\u00f3n. El proyecto promover\u00e1 la protecci\u00f3n de bosques y fuentes de agua en 25.000 hect\u00e1reas y la restauraci\u00f3n de bosques y p\u00e1ramos en 5.000 hect\u00e1reas, lo que garantizar\u00e1 el mantenimiento del ciclo hidrol\u00f3gico para un mejor uso y suministro de agua.<\/p>\n\n\n\n<p>Se apoyar\u00e1 la aplicaci\u00f3n de medidas de conservaci\u00f3n, restauraci\u00f3n y gesti\u00f3n sostenible de la tierra en sistemas agr\u00edcolas de peque\u00f1os agricultores en 8.000 hect\u00e1reas mediante pr\u00e1cticas agr\u00edcolas innovadoras como la agroecolog\u00eda, la agrosilvicultura y la gesti\u00f3n forestal sostenible. La mejora de la gesti\u00f3n del ganado se aplicar\u00e1 en otras 9.700 hect\u00e1reas. Para garantizar la sostenibilidad a largo plazo, se desarrollar\u00e1n incentivos financieros que puedan anclarse en el sistema financiero nacional y que promuevan el uso de la gesti\u00f3n sostenible de la tierra. El proyecto pretende que al menos una instituci\u00f3n financiera ofrezca una l\u00ednea de cr\u00e9dito \u00abverde\u00bb a los peque\u00f1os agricultores como incentivo para emprender una gesti\u00f3n sostenible de la tierra.<\/p>\n\n\n\n<p>Para garantizar la sostenibilidad a largo plazo, se desarrollar\u00e1n incentivos financieros que puedan anclarse en el sistema financiero nacional y que promuevan el uso de la gesti\u00f3n sostenible de la tierra. Esto incluir\u00e1 el fortalecimiento de la gobernanza territorial con pol\u00edticas y regulaciones locales asociadas a la conservaci\u00f3n y producci\u00f3n sostenible en cumplimiento de los protocolos de monitoreo y evaluaci\u00f3n participativa de las organizaciones comunitarias en el marco del CLPI para que los pueblos y colectivos ind\u00edgenas ejerzan este derecho.<\/p>\n\n\n\n<p>El proyecto pretende que al menos una instituci\u00f3n financiera ofrezca una l\u00ednea de cr\u00e9dito \u00abverde\u00bb a los peque\u00f1os agricultores como incentivo para emprender una gesti\u00f3n sostenible de la tierra. Esta iniciativa prestar\u00e1 especial atenci\u00f3n a las mujeres cabeza de familia, a las madres solteras y a las que lideran acciones de conservaci\u00f3n y producci\u00f3n sostenible, como acci\u00f3n afirmativa para lograr la igualdad de g\u00e9nero y el empoderamiento econ\u00f3mico.<\/p>\n<\/div>\n\n\n\n<div class=\"wp-block-column is-layout-flow wp-block-column-is-layout-flow\" style=\"flex-basis:33.33%\"><\/div>\n<\/div>\n\n<div class=\"wp-block-columns section-bg wpe-bggrey pt-5 pb-5 mb-0 is-layout-flex wp-container-core-columns-is-layout-9d6595d7 wp-block-columns-is-layout-flex\">\n<div class=\"wp-block-column is-layout-flow wp-block-column-is-layout-flow\">\n<h2 class=\"wp-block-heading\">Contacto<\/h2>\n\n\n\n<p>Javier M. Jim\u00e9nez Coordinador del proyecto<br\/>Paisajes Andinos : Promoviendo el manejo integrado de paisaje para el fomento de medios de vida sostenibles en los Andes Ecuatorianos<br\/>Organizaci\u00f3n de las Naciones Unidas para la Agricultura y la Alimentaci\u00f3n (FAO)<br\/>Amazonas y Eloy Alfaro, 17-21-0190 Quito, Ecuador<br\/>Tel\u00e9fono: +593 (02) 2905923 (ext. 157)<br\/>M\u00f3vil: +593 995663476<br\/>Correo electr\u00f3nico: javier.jimenezcarrera@fao.org<\/p>\n<\/div>\n<\/div>\n","protected":false},"excerpt":{"rendered":"<p>Paisajes andinos: promoviendo la gesti\u00f3n integrada del paisaje para medios de vida sostenibles en los Andes ecuatorianos Socios: Organizaci\u00f3n de las Naciones Unidas para la Agricultura y la Alimentaci\u00f3n; Ministerio de Agricultura y Ganader\u00eda, Ecuador; Ministerio de Medio Ambiente, Agua y Transici\u00f3n Ecol\u00f3gica, Ecuador. \u00c1reas tem\u00e1ticas clave Mejorar los medios de subsistencia, los mecanismos de [&hellip;]<\/p>\n","protected":false},"author":1,"featured_media":0,"parent":0,"menu_order":0,"comment_status":"closed","ping_status":"closed","template":"templates\/template-page-gutenberg.php","meta":{"inline_featured_image":false,"footnotes":"","_links_to":"","_links_to_target":""},"class_list":["post-6356","page","type-page","status-publish","hentry"],"_links":{"self":[{"href":"https:\/\/landscapesfuture.org\/es\/wp-json\/wp\/v2\/pages\/6356","targetHints":{"allow":["GET"]}}],"collection":[{"href":"https:\/\/landscapesfuture.org\/es\/wp-json\/wp\/v2\/pages"}],"about":[{"href":"https:\/\/landscapesfuture.org\/es\/wp-json\/wp\/v2\/types\/page"}],"author":[{"embeddable":true,"href":"https:\/\/landscapesfuture.org\/es\/wp-json\/wp\/v2\/users\/1"}],"replies":[{"embeddable":true,"href":"https:\/\/landscapesfuture.org\/es\/wp-json\/wp\/v2\/comments?post=6356"}],"version-history":[{"count":5,"href":"https:\/\/landscapesfuture.org\/es\/wp-json\/wp\/v2\/pages\/6356\/revisions"}],"predecessor-version":[{"id":10368,"href":"https:\/\/landscapesfuture.org\/es\/wp-json\/wp\/v2\/pages\/6356\/revisions\/10368"}],"wp:attachment":[{"href":"https:\/\/landscapesfuture.org\/es\/wp-json\/wp\/v2\/media?parent=6356"}],"curies":[{"name":"wp","href":"https:\/\/api.w.org\/{rel}","templated":true}]}}