{"id":6349,"date":"2021-08-22T00:24:40","date_gmt":"2021-08-21T21:24:40","guid":{"rendered":"https:\/\/landscapesfuture.org\/colombia\/"},"modified":"2025-06-30T19:21:00","modified_gmt":"2025-06-30T16:21:00","slug":"colombia","status":"publish","type":"page","link":"https:\/\/landscapesfuture.org\/es\/colombia\/","title":{"rendered":"Colombia"},"content":{"rendered":"<style>\n@media only screen and (max-width: 960px) {\n   #hero-page{\n    background-image:url(\"https:\/\/landscapesfuture.org\/wp-content\/uploads\/2021\/11\/colombia-1.jpg\");\n    background-position-y: bottom;\n    background-position-x: center;\n  }\n}\n\n#hero-page::after {\n    position: absolute;\n    content: ' ';\n    z-index: 0;\n    height: 100%;\n    width: 100%;\n    background-color: rgb(0,0,0,0.4);\n    top: 0;\n    left: 0;\n}\n#hero-page.section-bg::before{\nbackground-position-y: -385px;\n}\n\n.page #header #menu a {\n    color: #fff;\n}\n\n.page #header #menu .sub-menu li a{\n  color:#333;\n}\n\n.page #header #menu .sub-menu li a:hover{\n color:#FFFFFF;\n}\n\n.home.page-id-429 #wrapper, .page.page-id-429 #wrapper {\n    margin-top: 82px;\n}\n.home.page-id-429 #header, .page.page-id-429 #header {\n    background-color: #2E3546;\n    border: 0px;\n}\n\n.home.page-id-429 #header.darkHeader #menu a, \n.page.page-id-429 #header.darkHeader #menu a{\n   color:#252122;\n}\n\n.home.page-id-429  #header.darkHeader, .page.page-id-429  #header.darkHeader {\n    background-color: #FFFFFF;\n    border-bottom: 1px solid #ddd;\n}\n<\/style>\n<!-- section hero -->\n<!-- close div before -->\n        <\/div>\n    <\/article>\n<\/div>\n\n<div id=\"hero-page\" class=\" block-hero-page flex-vcenter section-bg\">\n    <div class=\"block-hero-page_bg\">\n        <img decoding=\"async\" src=\"https:\/\/landscapesfuture.org\/wp-content\/uploads\/2021\/11\/colombia-1.jpg\">\n    <\/div>\n    <div class=\"block-hero-page_overlay\"><\/div>\n    <div class=\"block-hero-page_content\">\n        <div class=\"container\">\n\n            <div class=\"hero-page\">\n                <div class=\"hero-page_title text-light\">\n                    <h1>Colombia<\/h1>\n                    <!--<p><\/p>-->\n                                    <\/div>\n            <\/div>\n        <\/div>\n    <\/div>\n<\/div>\n\n<div class=\"container\">\n    <div class=\"row\">\n        <div class=\"col-12\">\n            <div class=\"breadcrumbs\" itemscope itemtype=\"http:\/\/schema.org\/BreadcrumbList\"><span itemprop=\"itemListElement\" itemscope itemtype=\"http:\/\/schema.org\/ListItem\"><a class=\"breadcrumbs__link\" href=\"https:\/\/landscapesfuture.org\/es\/\" itemprop=\"item\"><span itemprop=\"name\">Inicio<\/span><\/a><meta itemprop=\"position\" content=\"1\" \/><\/span><\/div><!-- .breadcrumbs -->        <\/div>\n    <\/div>\n<\/div>\n\n<div class=\"container\">\n    <article id=\"post-6349\" class=\"post-6349 page type-page status-publish hentry\">\n        <div class=\"entry-content\">\n\n\n<h1 class=\"wp-block-heading project-title has-very-dark-gray-color has-text-color\">Paisajes Sostenibles: Apoyando el nuevo enfoque colombiano integrado de gobernanza territorial en paisajes sostenibles, productivos y resilientes<\/h1>\n\n\n\n    <style> \n        .logo-partner-on-team {\n              max-height: 80px;\n              max-width: 180px;\n        }\n    <\/style><div id=\"\" class=\" block-clear wpe-block\"><h3 class=\"mt-3 mb-4 fs-3-5\"><\/h3><div><\/div><div class=\"wpe-block-title\"><h2>Partners<\/h2><\/div><div class=\"d-flex justify-content-start flex-wrap flex-row columns-10 middle-md m-margin-bottom-30 partner-list-items\" style=\"justify-content: flex-start;\">\n    \n            <div class=\"me-4 mb-4 partner-item d-table\">\n                <a href=\"\" class=\"d-table-cell align-middle\" title=\"Minambiente Colombia\">\n                    <img decoding=\"async\" src=\"https:\/\/landscapesfuture.org\/wp-content\/uploads\/2023\/10\/Logo-Colombia-Ambiente.png\" alt=\"Minambiente Colombia\" class=\"logo-partner-on-team\" title=\"Minambiente Colombia\">\n                <\/a>\n            <\/div>\n    \n            <div class=\"me-4 mb-4 partner-item d-table\">\n                <a href=\"\" class=\"d-table-cell align-middle\" title=\"Herencia Colombia (HECO)\">\n                    <img decoding=\"async\" src=\"http:\/\/landscapesfuture.org\/wp-content\/uploads\/2022\/03\/logo_HECO.jpg\" alt=\"Herencia Colombia (HECO)\" class=\"logo-partner-on-team\" title=\"Herencia Colombia (HECO)\">\n                <\/a>\n            <\/div>\n    \n            <div class=\"me-4 mb-4 partner-item d-table\">\n                <a href=\"https:\/\/www.parquesnacionales.gov.co\/portal\/en\/\" class=\"d-table-cell align-middle\" title=\"National Natural Parks of Colombia (PNNC)\">\n                    <img decoding=\"async\" src=\"https:\/\/landscapesfuture.org\/wp-content\/uploads\/2023\/10\/Logo-Colobia-Parques-Nactionales.png\" alt=\"National Natural Parks of Colombia (PNNC)\" class=\"logo-partner-on-team\" title=\"National Natural Parks of Colombia (PNNC)\">\n                <\/a>\n            <\/div>\n    \n            <div class=\"me-4 mb-4 partner-item d-table\">\n                <a href=\"http:\/\/www.humboldt.org.co\/en\" class=\"d-table-cell align-middle\" title=\"Alexander von Humboldt Biological Resources Research Institute (IAHV)\">\n                    <img decoding=\"async\" src=\"http:\/\/landscapesfuture.org\/wp-content\/uploads\/2022\/02\/IAHV_logo.png\" alt=\"Alexander von Humboldt Biological Resources Research Institute (IAHV)\" class=\"logo-partner-on-team\" title=\"Alexander von Humboldt Biological Resources Research Institute (IAHV)\">\n                <\/a>\n            <\/div>\n    \n            <div class=\"me-4 mb-4 partner-item d-table\">\n                <a href=\"http:\/\/www.invemar.org.co\/en\/web\/guest\/home\" class=\"d-table-cell align-middle\" title=\"Jos\u00e9 Benito Vives de Andr\u00e9is Marine and Coastal Research Institute (INVEMAR)\">\n                    <img decoding=\"async\" src=\"http:\/\/landscapesfuture.org\/wp-content\/uploads\/2022\/02\/Invemar-logo-big.png\" alt=\"Jos\u00e9 Benito Vives de Andr\u00e9is Marine and Coastal Research Institute (INVEMAR)\" class=\"logo-partner-on-team\" title=\"Jos\u00e9 Benito Vives de Andr\u00e9is Marine and Coastal Research Institute (INVEMAR)\">\n                <\/a>\n            <\/div>\n    \n            <div class=\"me-4 mb-4 partner-item d-table\">\n                <a href=\"http:\/\/wwf.org\" class=\"d-table-cell align-middle\" title=\"World Wildlife Foundation (WWF)\">\n                    <img decoding=\"async\" src=\"http:\/\/landscapesfuture.org\/wp-content\/uploads\/2022\/01\/WWF-logo.png\" alt=\"World Wildlife Foundation (WWF)\" class=\"logo-partner-on-team\" title=\"World Wildlife Foundation (WWF)\">\n                <\/a>\n            <\/div>\n    \n            <div class=\"me-4 mb-4 partner-item d-table\">\n                <a href=\"\" class=\"d-table-cell align-middle\" title=\"Organizaci\u00f3n de las Naciones Unidas para la Alimentaci\u00f3n y la Agricultura\">\n                    <img decoding=\"async\" src=\"https:\/\/landscapesfuture.org\/wp-content\/uploads\/2023\/10\/Logo-Colombia-FAO.png\" alt=\"Organizaci\u00f3n de las Naciones Unidas para la Alimentaci\u00f3n y la Agricultura\" class=\"logo-partner-on-team\" title=\"Organizaci\u00f3n de las Naciones Unidas para la Alimentaci\u00f3n y la Agricultura\">\n                <\/a>\n            <\/div>\n    \n            <div class=\"me-4 mb-4 partner-item d-table\">\n                <a href=\"\" class=\"d-table-cell align-middle\" title=\"European Union (EU)\">\n                    <img decoding=\"async\" src=\"https:\/\/www.cifor.org\/wp-content\/uploads\/2020\/05\/European-Union-logo.png\" alt=\"European Union (EU)\" class=\"logo-partner-on-team\" title=\"European Union (EU)\">\n                <\/a>\n            <\/div><\/div><\/div>\n\n\n<div class=\"wp-block-columns is-layout-flex wp-container-core-columns-is-layout-9d6595d7 wp-block-columns-is-layout-flex\">\n<div class=\"wp-block-column is-layout-flow wp-block-column-is-layout-flow\" style=\"flex-basis:66.66%\">\n<p><strong>Socios:<\/strong>  Ministerio de Ambiente y Desarrollo Sostenible, Uni\u00f3n Europea, Organizaci\u00f3n de las Naciones Unidas para la Agricultura y la Alimentaci\u00f3n (FAO), Instituto de Investigaci\u00f3n de Recursos Biol\u00f3gicos Alexander von Humboldt (IAVH), Instituto de Investigaciones Marinas y Costeras Jos\u00e9 Benito Vives de Andr\u00e9is (INVEMAR), WWF Colombia, Sistema de Parques Nacionales Naturales de Colombia (PNNC)<\/p>\n\n\n\n<p><strong>Aliados estrat\u00e9gicos:<\/strong> Ministerio de Agricultura y Desarrollo Rural, Instituto Forestal Europeo (EFI)<\/p>\n\n\n\n<h2 class=\"wp-block-heading\">\u00c1reas tem\u00e1ticas clave<\/h2>\n\n\n\n<p>Protecci\u00f3n de la biodiversidad, los servicios ecosist\u00e9micos y la producci\u00f3n sostenible en los paisajes del Caribe y los Andes Centrales, bajo un enfoque de gobernanza territorial.<\/p>\n<\/div>\n\n\n\n<div class=\"wp-block-column is-layout-flow wp-block-column-is-layout-flow\" style=\"flex-basis:33.33%\"><\/div>\n<\/div>\n\n\n\n<div class=\"wp-block-columns is-layout-flex wp-container-core-columns-is-layout-9d6595d7 wp-block-columns-is-layout-flex\">\n<div class=\"wp-block-column is-layout-flow wp-block-column-is-layout-flow\">\n<h2 class=\"wp-block-heading\">Desaf\u00edos<\/h2>\n\n\n\n<p>Aunque Colombia cuenta con marcos pol\u00edticos y normativos para los sectores ambiental y agr\u00edcola, es necesario un enfoque integrado para superar las barreras institucionales y econ\u00f3micas a la gesti\u00f3n sostenible del paisaje. El desarrollo de alianzas basadas en iniciativas de gobernanza a varios niveles que impliquen a todos los sectores, partes interesadas y actores relevantes, hace posible un modelo de gobernanza m\u00e1s sostenible, que refuerce el potencial de las \u00e1reas protegidas para las comunidades locales y el desarrollo econ\u00f3mico en un contexto din\u00e1mico post-conflicto.<\/p>\n<\/div>\n\n\n\n<div class=\"wp-block-column is-layout-flow wp-block-column-is-layout-flow\">\n<h2 class=\"wp-block-heading\">Meta<\/h2>\n\n\n\n<p>Promover un enfoque integral de la gobernanza territorial de los paisajes sostenibles, productivos y resilientes en las \u00e1reas protegidas de Colombia en dos paisajes priorizados: el Caribe y los Andes Centrales.<\/p>\n<\/div>\n<\/div>\n\n\n\n<div class=\"wp-block-columns section-bg wpe-mapbg pt-5 pb-5 is-layout-flex wp-container-core-columns-is-layout-9d6595d7 wp-block-columns-is-layout-flex\">\n<div class=\"wp-block-column is-layout-flow wp-block-column-is-layout-flow\">\n<img decoding=\"async\" src=\"http:\/\/landscapesfuture.org\/\/wp-content\/uploads\/svg-map\/Landscape%20for%20our%20future-country%20map-worldwide_Colombia.svg\" style=\"width:100%;padding-right:60px\"\/>\n<\/div>\n\n\n\n<div class=\"wp-block-column is-layout-flow wp-block-column-is-layout-flow\">\n<h2 class=\"wp-block-heading\">paisajes<\/h2>\n\n\n\n<p>Colombia tiene el mayor n\u00famero de especies por kil\u00f3metro cuadrado del planeta. Con m\u00e1s de la mitad de su superficie cubierta por bosques, los ecosistemas territoriales &#8211; como el p\u00e1ramo &#8211; desempe\u00f1an un papel importante en la generaci\u00f3n de las necesidades de agua y energ\u00eda del pa\u00eds: El 50% de la producci\u00f3n energ\u00e9tica de Colombia depende del agua del Sistema de Parques Nacionales Naturales, conocido como PNNC. Los territorios colectivos de los Pueblos Ind\u00edgenas y\/o comunidades afrodescendientes se superponen con el 53% del PNNC, incluyendo m\u00e1s de 25.000 familias campesinas desplazadas por el conflicto. Los niveles de pobreza son altos, un 64%. El desarme de las Fuerzas Armadas Revolucionarias de Colombia &#8211; Ej\u00e9rcito del Pueblo (FARC) en 2017 abri\u00f3 al desarrollo zonas naturales antes inaccesibles. La deforestaci\u00f3n casi se duplic\u00f3 de 2013 a 2017, al igual que la superficie de tierra utilizada para los cultivos ilegales. Los acuerdos de tenencia de la tierra despu\u00e9s del conflicto condujeron a la fragmentaci\u00f3n y degradaci\u00f3n de los ecosistemas, y Colombia tiene ahora uno de los niveles de conflicto socioambiental m\u00e1s altos de Am\u00e9rica Latina.<\/p>\n<\/div>\n<\/div>\n\n\n\n<div class=\"wp-block-columns is-layout-flex wp-container-core-columns-is-layout-9d6595d7 wp-block-columns-is-layout-flex\">\n<div class=\"wp-block-column is-layout-flow wp-block-column-is-layout-flow\" style=\"flex-basis:66.66%\">\n<h2 class=\"wp-block-heading\">Acercarse<\/h2>\n\n\n\n<p>El proyecto pretende promover la conservaci\u00f3n y el uso sostenible de los ecosistemas naturales del pa\u00eds. En colaboraci\u00f3n con la iniciativa Herencia Colombia (HeCo), desarrollar\u00e1 un nuevo enfoque integrado para la gobernanza territorial de paisajes sostenibles, productivos y resilientes, buscando reducir la deforestaci\u00f3n y la degradaci\u00f3n al tiempo que se promueve la inclusi\u00f3n social. HeCo es una iniciativa gubernamental que contribuir\u00e1 a alcanzar los objetivos nacionales en materia de cambio clim\u00e1tico y conservaci\u00f3n de la biodiversidad, as\u00ed como los Objetivos de Desarrollo Sostenible.<\/p>\n\n\n\n<h2 class=\"wp-block-heading\">Acciones espec\u00edficas<\/h2>\n\n\n\n<p>Para desarrollar la resiliencia de los ecosistemas a trav\u00e9s de la gesti\u00f3n sostenible de los paisajes en el Caribe y los Andes Centrales, el proyecto tiene como objetivo (i) mejorar la gobernanza y la defensa del territorio mediante pol\u00edticas p\u00fablicas; (ii) promover el desarrollo local sostenible, especialmente a la luz de la crisis sanitaria y socioecon\u00f3mica generada por COVID-19; y (iii) Reforzar la plataforma financiera de HeCo para apoyar las iniciativas paisaj\u00edsticas. Al promover modelos de producci\u00f3n social y ambientalmente sostenibles, el proyecto tambi\u00e9n apoyar\u00e1 las propuestas gubernamentales de recuperaci\u00f3n econ\u00f3mica para la seguridad alimentaria, la generaci\u00f3n de ingresos y los medios de subsistencia.<\/p>\n\n\n\n<p>El proyecto est\u00e1 implementando acciones espec\u00edficas en cada uno de sus paisajes de intervenci\u00f3n. En su paisaje andino apoyan la restauraci\u00f3n participativa de los ecosistemas de alta monta\u00f1a, la mejora de la producci\u00f3n y la facilitaci\u00f3n de acuerdos de comercializaci\u00f3n para las iniciativas comunitarias relacionadas con la producci\u00f3n de l\u00e1cteos, tub\u00e9rculos y hortalizas, as\u00ed como con el turismo y, por \u00faltimo, el apoyo a la gesti\u00f3n de las \u00e1reas protegidas y sus zonas de amortiguaci\u00f3n. En su paisaje caribe\u00f1o est\u00e1n reforzando las cadenas de valor relacionadas con el turismo, la pesca, el caf\u00e9 y la miel. Tambi\u00e9n apoyan la formalizaci\u00f3n de acuerdos comerciales y la empresa comunitaria. Adem\u00e1s, el proyecto trabaja en la restauraci\u00f3n y regeneraci\u00f3n de los manglares y en la mejora de la gesti\u00f3n de las zonas protegidas. En ambos paisajes el proyecto est\u00e1 fortaleciendo la gobernanza y la inclusi\u00f3n social, la consolidaci\u00f3n de una plataforma de sostenibilidad financiera HeCo para proporcionar apalancamiento y orientaci\u00f3n para las inversiones, y la identificaci\u00f3n de proyectos financiables para la movilizaci\u00f3n de recursos financieros para la conservaci\u00f3n.<\/p>\n<\/div>\n\n\n\n<div class=\"wp-block-column is-layout-flow wp-block-column-is-layout-flow\" style=\"flex-basis:33.33%\"><\/div>\n<\/div>\n\n\n\n<div class=\"wp-block-columns section-bg wpe-bggrey pt-5 pb-5 mb-0 is-layout-flex wp-container-core-columns-is-layout-9d6595d7 wp-block-columns-is-layout-flex\">\n<div class=\"wp-block-column is-layout-flow wp-block-column-is-layout-flow\">\n<h2 class=\"wp-block-heading\">Contacto<\/h2>\n\n\n\n<p>Mar\u00eda Isabel Ochoa Botero<br>Coordinador, Proyecto de Paisajes Sostenibles &#8211; HeCo<br>FAO Colombia &#8211; \u00c1rea de Recursos Naturales y Gobernanza<br>Correo electr\u00f3nico: maria.ochoabotero@fao.org<\/p>\n<\/div>\n<\/div>\n","protected":false},"excerpt":{"rendered":"<p>Paisajes Sostenibles: Apoyando el nuevo enfoque colombiano integrado de gobernanza territorial en paisajes sostenibles, productivos y resilientes Socios: Ministerio de Ambiente y Desarrollo Sostenible, Uni\u00f3n Europea, Organizaci\u00f3n de las Naciones Unidas para la Agricultura y la Alimentaci\u00f3n (FAO), Instituto de Investigaci\u00f3n de Recursos Biol\u00f3gicos Alexander von Humboldt (IAVH), Instituto de Investigaciones Marinas y Costeras Jos\u00e9 [&hellip;]<\/p>\n","protected":false},"author":1,"featured_media":0,"parent":0,"menu_order":0,"comment_status":"closed","ping_status":"closed","template":"templates\/template-page-gutenberg.php","meta":{"inline_featured_image":false,"footnotes":"","_links_to":"","_links_to_target":""},"class_list":["post-6349","page","type-page","status-publish","hentry"],"_links":{"self":[{"href":"https:\/\/landscapesfuture.org\/es\/wp-json\/wp\/v2\/pages\/6349","targetHints":{"allow":["GET"]}}],"collection":[{"href":"https:\/\/landscapesfuture.org\/es\/wp-json\/wp\/v2\/pages"}],"about":[{"href":"https:\/\/landscapesfuture.org\/es\/wp-json\/wp\/v2\/types\/page"}],"author":[{"embeddable":true,"href":"https:\/\/landscapesfuture.org\/es\/wp-json\/wp\/v2\/users\/1"}],"replies":[{"embeddable":true,"href":"https:\/\/landscapesfuture.org\/es\/wp-json\/wp\/v2\/comments?post=6349"}],"version-history":[{"count":4,"href":"https:\/\/landscapesfuture.org\/es\/wp-json\/wp\/v2\/pages\/6349\/revisions"}],"predecessor-version":[{"id":13848,"href":"https:\/\/landscapesfuture.org\/es\/wp-json\/wp\/v2\/pages\/6349\/revisions\/13848"}],"wp:attachment":[{"href":"https:\/\/landscapesfuture.org\/es\/wp-json\/wp\/v2\/media?parent=6349"}],"curies":[{"name":"wp","href":"https:\/\/api.w.org\/{rel}","templated":true}]}}