{"id":6345,"date":"2021-08-09T23:51:55","date_gmt":"2021-08-09T16:51:55","guid":{"rendered":"https:\/\/landscapesfuture.org\/subregion-brasil-paraguay\/"},"modified":"2022-09-08T14:51:13","modified_gmt":"2022-09-08T07:51:13","slug":"subregion-brasil-paraguay","status":"publish","type":"page","link":"https:\/\/landscapesfuture.org\/es\/subregion-brasil-paraguay\/","title":{"rendered":"Subregi\u00f3n Brasil-Paraguay"},"content":{"rendered":"<style>\n@media only screen and (max-width: 960px) {\n   #hero-page{\n    background-image:url(\"https:\/\/landscapesfuture.org\/wp-content\/uploads\/2021\/11\/brazil-3.jpg\");\n    background-position-y: bottom;\n    background-position-x: center;\n  }\n}\n\n#hero-page::after {\n    position: absolute;\n    content: ' ';\n    z-index: 0;\n    height: 100%;\n    width: 100%;\n    background-color: rgb(0,0,0,0.4);\n    top: 0;\n    left: 0;\n}\n#hero-page.section-bg::before{\nbackground-position-y: -385px;\n}\n\n.page #header #menu a {\n    color: #fff;\n}\n\n.page #header #menu .sub-menu li a{\n  color:#333;\n}\n\n.page #header #menu .sub-menu li a:hover{\n color:#FFFFFF;\n}\n\n<\/style>\n<!-- section hero -->\n<!-- close div before -->\n        <\/div>\n    <\/article>\n<\/div>\n\n<div id=\"hero-page\" class=\" block-hero-page flex-vcenter section-bg\">\n    <div class=\"block-hero-page_bg\">\n        <img decoding=\"async\" src=\"https:\/\/landscapesfuture.org\/wp-content\/uploads\/2021\/11\/brazil-3.jpg\">\n    <\/div>\n    <div class=\"block-hero-page_overlay\"><\/div>\n    <div class=\"block-hero-page_content\">\n        <div class=\"container\">\n\n            <div class=\"hero-page\">\n                <div class=\"hero-page_title text-light\">\n                    <h1>Subregi\u00f3n Brasil-Paraguay<\/h1>\n                    <!--<p><\/p>-->\n                                    <\/div>\n            <\/div>\n        <\/div>\n    <\/div>\n<\/div>\n\n<div class=\"container\">\n    <div class=\"row\">\n        <div class=\"col-12\">\n            <div class=\"breadcrumbs\" itemscope itemtype=\"http:\/\/schema.org\/BreadcrumbList\"><span itemprop=\"itemListElement\" itemscope itemtype=\"http:\/\/schema.org\/ListItem\"><a class=\"breadcrumbs__link\" href=\"https:\/\/landscapesfuture.org\/es\/\" itemprop=\"item\"><span itemprop=\"name\">Inicio<\/span><\/a><meta itemprop=\"position\" content=\"1\" \/><\/span><\/div><!-- .breadcrumbs -->        <\/div>\n    <\/div>\n<\/div>\n\n<div class=\"container\">\n    <article id=\"post-6345\" class=\"post-6345 page type-page status-publish hentry\">\n        <div class=\"entry-content\">\n\n\n<h1 class=\"project-title has-very-dark-gray-color has-text-color wp-block-heading\">Gesti\u00f3n integrada y sostenible del paisaje en el bioma del cerrado en Brasil y Paraguay<\/h1>\n\n\n\n    <style> \n        .logo-partner-on-team {\n              max-height: 80px;\n              max-width: 180px;\n        }\n    <\/style><div id=\"\" class=\" block-clear wpe-block\"><h3 class=\"mt-3 mb-4 fs-3-5\"><\/h3><div><\/div><div class=\"wpe-block-title\"><h2>Partners<\/h2><\/div><div class=\"d-flex justify-content-start flex-wrap flex-row columns-10 middle-md m-margin-bottom-30 partner-list-items\" style=\"justify-content: flex-start;\">\n    \n            <div class=\"me-4 mb-4 partner-item d-table\">\n                <a href=\"https:\/\/wwf.panda.org\/\" class=\"d-table-cell align-middle\" title=\"World Wide Fund for Nature (WWF)\">\n                    <img decoding=\"async\" src=\"https:\/\/www.cifor.org\/wp-content\/uploads\/2020\/04\/wwf_logo.png\" alt=\"World Wide Fund for Nature (WWF)\" class=\"logo-partner-on-team\" title=\"World Wide Fund for Nature (WWF)\">\n                <\/a>\n            <\/div>\n    \n            <div class=\"me-4 mb-4 partner-item d-table\">\n                <a href=\"https:\/\/ispn.org.br\/\" class=\"d-table-cell align-middle\" title=\"Society, Population and Nature Institute (ISPN)\">\n                    <img decoding=\"async\" src=\"http:\/\/landscapesfuture.org\/wp-content\/uploads\/2022\/01\/ISPN-logo.png\" alt=\"Society, Population and Nature Institute (ISPN)\" class=\"logo-partner-on-team\" title=\"Society, Population and Nature Institute (ISPN)\">\n                <\/a>\n            <\/div><\/div><\/div>\n\n\n<div class=\"wp-block-columns is-layout-flex wp-container-core-columns-is-layout-9d6595d7 wp-block-columns-is-layout-flex\">\n<div class=\"wp-block-column is-layout-flow wp-block-column-is-layout-flow\" style=\"flex-basis:66.66%\">\n<p><strong>Socios:<\/strong> Fondo Mundial para la Naturaleza &#8211; Pa\u00edses Bajos (WWF-NL); Fondo Mundial para la Naturaleza &#8211; Brasil (WWF &#8211; BR); Fondo Mundial para la Naturaleza &#8211; Paraguay (WWF- PY), Instituto Sociedad, Poblaci\u00f3n y Naturaleza: (ISPN).<\/p>\n\n\n\n<h2 class=\"wp-block-heading\">\u00c1reas tem\u00e1ticas clave<\/h2>\n\n\n\n<p>Los \u00e1mbitos prioritarios de la alimentaci\u00f3n, la biodiversidad y el clima est\u00e1n integrados en estos tres ejes principales de la agricultura sostenible y la rehabilitaci\u00f3n de tierras: (i) conservaci\u00f3n y socio-biodiversidad, (ii) el di\u00e1logo pol\u00edtico, y (iii) la promoci\u00f3n.<\/p>\n<\/div>\n\n\n\n<div class=\"wp-block-column is-layout-flow wp-block-column-is-layout-flow\" style=\"flex-basis:33.33%\"><\/div>\n<\/div>\n\n\n\n<div class=\"wp-block-columns is-layout-flex wp-container-core-columns-is-layout-9d6595d7 wp-block-columns-is-layout-flex\">\n<div class=\"wp-block-column is-layout-flow wp-block-column-is-layout-flow\">\n<h2 class=\"wp-block-heading\">Desaf\u00edos<\/h2>\n\n\n\n<p>A pesar de ser uno de los ecosistemas m\u00e1s amenazados del mundo, el Cerrado no se considera una prioridad para la conservaci\u00f3n por parte de muchos sectores. D\u00e9cadas de expansi\u00f3n agr\u00edcola impulsada por el gobierno han llevado a la conversi\u00f3n de casi el 50% de la cubierta vegetal natural, as\u00ed como a la fragmentaci\u00f3n de la tierra, con la ganader\u00eda, el cultivo de soja y el acaparamiento de tierras como principales motores. En algunas zonas, la producci\u00f3n de soja ha crecido un 250% y las emisiones anuales de gases de efecto invernadero derivadas de la conversi\u00f3n de tierras equivalen a las de 53 millones de coches.<\/p>\n<\/div>\n\n\n\n<div class=\"wp-block-column is-layout-flow wp-block-column-is-layout-flow\">\n<h2 class=\"wp-block-heading\">Meta<\/h2>\n\n\n\n<p>Promover la gesti\u00f3n integrada y sostenible del paisaje en el Bioma del Cerrado en Brasil y Paraguay, con inclusi\u00f3n socioecon\u00f3mica, protecci\u00f3n de la socio-biodiversidad y mitigaci\u00f3n y adaptaci\u00f3n al clima.<\/p>\n<\/div>\n<\/div>\n\n\n\n<div class=\"wp-block-columns section-bg wpe-mapbg pt-5 pb-5 is-layout-flex wp-container-core-columns-is-layout-9d6595d7 wp-block-columns-is-layout-flex\">\n<div class=\"wp-block-column is-layout-flow wp-block-column-is-layout-flow\">\n<img decoding=\"async\" src=\"http:\/\/landscapesfuture.org\/wp-content\/uploads\/svg-map\/Country%20map-worldwide_Brazil-Paraguay.svg\" style=\"width:100%;padding-right:60px\">\n<\/div>\n\n\n\n<div class=\"wp-block-column is-layout-flow wp-block-column-is-layout-flow\">\n<h2 class=\"wp-block-heading\">paisajes<\/h2>\n\n\n\n<p>El bioma del Cerrado es la sabana m\u00e1s biodiversa del mundo, con m\u00e1s de 2 millones de kil\u00f3metros cuadrados en Brasil y Paraguay. Alberga 83 grupos ind\u00edgenas diferentes y una amplia gama de comunidades tradicionales, que han recibido diversos grados de reconocimiento y tenencia de la tierra. El Cerrado proporciona servicios ecosist\u00e9micos cruciales a escala nacional, regional y global, suministrando el 70% de la producci\u00f3n agr\u00edcola del pa\u00eds y el 44% de sus exportaciones. Las dos zonas prioritarias en Brasil son MATOSUL en partes del estado de Mato Grosso do Sul y la cuenca alta del r\u00edo Paraguay, y MATOPIBA en partes de los estados de Maranh\u00e3o, Tocantins, Piaui y Bah\u00eda; y el departamento de Alto Paraguay en Paraguay. Las zonas de MATOSUL sufren una baja productividad agr\u00edcola y la degradaci\u00f3n del suelo como consecuencia de los asentamientos de larga duraci\u00f3n. Aunque el asentamiento es m\u00e1s reciente en MATOPIBA, la expansi\u00f3n de la frontera agr\u00edcola ha provocado las mayores tasas de deforestaci\u00f3n del Cerrado, con la consiguiente p\u00e9rdida de biodiversidad, contaminaci\u00f3n del agua y conflictos sociales.<\/p>\n<\/div>\n<\/div>\n\n\n\n<div class=\"wp-block-columns is-layout-flex wp-container-core-columns-is-layout-9d6595d7 wp-block-columns-is-layout-flex\">\n<div class=\"wp-block-column is-layout-flow wp-block-column-is-layout-flow\" style=\"flex-basis:66.66%\">\n<h2 class=\"wp-block-heading\">Acercarse<\/h2>\n\n\n\n<p>Este proyecto tiene como objetivo promover: (i) la agricultura sostenible y clim\u00e1ticamente inteligente (SCSA) en paisajes y sistemas de producci\u00f3n de alimentos; (ii) la conservaci\u00f3n mediante el uso sostenible de la socio-biodiversidad, as\u00ed como el fortalecimiento de las \u00e1reas protegidas y conservadas; y (iii) pol\u00edticas\/pr\u00e1cticas p\u00fablicas y privadas para la seguridad h\u00eddrica y alimentaria, la gesti\u00f3n sostenible del paisaje y la reducci\u00f3n de la conversi\u00f3n de los ecosistemas naturales.<\/p>\n\n\n\n<h2 class=\"wp-block-heading\">Acciones espec\u00edficas<\/h2>\n\n\n\n<p>Las acciones espec\u00edficas incluyen la promoci\u00f3n de pr\u00e1cticas de SCSA &#8211; actividades como la implementaci\u00f3n de protocolos de agricultura sostenible, el establecimiento de sistemas de planificaci\u00f3n territorial, la rehabilitaci\u00f3n de tierras degradadas, la protecci\u00f3n de cabeceras de cuenca, as\u00ed como iniciativas de creaci\u00f3n de capacidades y asistencia t\u00e9cnica. En cuanto a la conservaci\u00f3n y la sociobiodiversidad, las actividades incluyen el an\u00e1lisis de la producci\u00f3n local, el apoyo al desarrollo de cadenas de suministro sociobiodiversas -por ejemplo, cadenas de semillas para promover la recuperaci\u00f3n de zonas degradadas y \u00e1rboles en paisajes agr\u00edcolas- y la creaci\u00f3n de capacidad administrativa\/de gesti\u00f3n en zonas protegidas. En cuanto al di\u00e1logo pol\u00edtico y la promoci\u00f3n, las actividades incluyen la colaboraci\u00f3n con los abogados p\u00fablicos para mejorar la transparencia del cumplimiento legal, el apoyo a las iniciativas de gesti\u00f3n del paisaje de m\u00faltiples partes interesadas y la concienciaci\u00f3n sobre la importancia mundial del Cerrado.<\/p>\n<\/div>\n\n\n\n<div class=\"wp-block-column is-layout-flow wp-block-column-is-layout-flow\" style=\"flex-basis:33.33%\"><\/div>\n<\/div>\n\n\n\n<div class=\"wp-block-columns section-bg wpe-bggrey pt-5 pb-5 is-layout-flex wp-container-core-columns-is-layout-9d6595d7 wp-block-columns-is-layout-flex\">\n<div class=\"wp-block-column is-layout-flow wp-block-column-is-layout-flow\">\n<h2 class=\"wp-block-heading\">Contacto<\/h2>\n\n\n\n<p>Seline Meijer, WWF-NL.<br>Correo electr\u00f3nico: smeijer@wwf.nl<\/p>\n<\/div>\n<\/div>\n\n\n\n<div class=\"wp-block-columns is-layout-flex wp-container-core-columns-is-layout-9d6595d7 wp-block-columns-is-layout-flex\">\n<div class=\"wp-block-column is-layout-flow wp-block-column-is-layout-flow\">\n<h2 class=\"wp-block-heading\">M\u00e1s informaci\u00f3n<\/h2>\n\n\n\n<ul class=\"wp-block-list\"><li><a href=\"https:\/\/www.wwf.org.py\/que_hacemos\/proyectos\/ceres\/\" target=\"_blank\" rel=\"noreferrer noopener\">CERES &#8211; CERRADO RESILIENTE: Gesti\u00f3n Integrada y Sostenible del Paisaje del Cerrado en el Brasil y el Paraguay<\/a><\/li><li><a href=\"https:\/\/www.worldwildlife.org\/places\/cerrado\/\" target=\"_blank\" rel=\"noreferrer noopener\">CERRADO<\/a><\/li><li><a href=\"https:\/\/ispn.org.br\/tag\/projeto-ceres\/\" target=\"_blank\" rel=\"noreferrer noopener\">Proyecto CERES<\/a><\/li><\/ul>\n<\/div>\n<\/div>\n","protected":false},"excerpt":{"rendered":"<p>Gesti\u00f3n integrada y sostenible del paisaje en el bioma del cerrado en Brasil y Paraguay Socios: Fondo Mundial para la Naturaleza &#8211; Pa\u00edses Bajos (WWF-NL); Fondo Mundial para la Naturaleza &#8211; Brasil (WWF &#8211; BR); Fondo Mundial para la Naturaleza &#8211; Paraguay (WWF- PY), Instituto Sociedad, Poblaci\u00f3n y Naturaleza: (ISPN). \u00c1reas tem\u00e1ticas clave Los \u00e1mbitos [&hellip;]<\/p>\n","protected":false},"author":1,"featured_media":0,"parent":0,"menu_order":0,"comment_status":"closed","ping_status":"closed","template":"templates\/template-page-gutenberg.php","meta":{"inline_featured_image":false,"footnotes":"","_links_to":"","_links_to_target":""},"class_list":["post-6345","page","type-page","status-publish","hentry"],"_links":{"self":[{"href":"https:\/\/landscapesfuture.org\/es\/wp-json\/wp\/v2\/pages\/6345","targetHints":{"allow":["GET"]}}],"collection":[{"href":"https:\/\/landscapesfuture.org\/es\/wp-json\/wp\/v2\/pages"}],"about":[{"href":"https:\/\/landscapesfuture.org\/es\/wp-json\/wp\/v2\/types\/page"}],"author":[{"embeddable":true,"href":"https:\/\/landscapesfuture.org\/es\/wp-json\/wp\/v2\/users\/1"}],"replies":[{"embeddable":true,"href":"https:\/\/landscapesfuture.org\/es\/wp-json\/wp\/v2\/comments?post=6345"}],"version-history":[{"count":2,"href":"https:\/\/landscapesfuture.org\/es\/wp-json\/wp\/v2\/pages\/6345\/revisions"}],"predecessor-version":[{"id":6669,"href":"https:\/\/landscapesfuture.org\/es\/wp-json\/wp\/v2\/pages\/6345\/revisions\/6669"}],"wp:attachment":[{"href":"https:\/\/landscapesfuture.org\/es\/wp-json\/wp\/v2\/media?parent=6345"}],"curies":[{"name":"wp","href":"https:\/\/api.w.org\/{rel}","templated":true}]}}