{"id":6333,"date":"2021-08-21T10:14:16","date_gmt":"2021-08-21T03:14:16","guid":{"rendered":"https:\/\/landscapesfuture.org\/burkina-faso\/"},"modified":"2022-09-08T14:44:31","modified_gmt":"2022-09-08T07:44:31","slug":"burkina-faso","status":"publish","type":"page","link":"https:\/\/landscapesfuture.org\/es\/burkina-faso\/","title":{"rendered":"Burkina Faso"},"content":{"rendered":"<style>\n@media only screen and (max-width: 960px) {\n   #hero-page{\n    background-image:url(\"https:\/\/landscapesfuture.org\/wp-content\/uploads\/2021\/08\/burkina-faso-1.jpg\");\n    background-position-y: bottom;\n    background-position-x: center;\n  }\n}\n\n#hero-page::after {\n    position: absolute;\n    content: ' ';\n    z-index: 0;\n    height: 100%;\n    width: 100%;\n    background-color: rgb(0,0,0,0.4);\n    top: 0;\n    left: 0;\n}\n#hero-page.section-bg::before{\nbackground-position-y: -385px;\n}\n\n.page #header #menu a {\n    color: #fff;\n}\n\n.page #header #menu .sub-menu li a{\n  color:#333;\n}\n\n.page #header #menu .sub-menu li a:hover{\n color:#FFFFFF;\n}\n\n.home.page-id-429 #wrapper, .page.page-id-429 #wrapper {\n    margin-top: 82px;\n}\n.home.page-id-429 #header, .page.page-id-429 #header {\n    background-color: #2E3546;\n    border: 0px;\n}\n\n.home.page-id-429 #header.darkHeader #menu a, \n.page.page-id-429 #header.darkHeader #menu a{\n   color:#252122;\n}\n\n.home.page-id-429  #header.darkHeader, .page.page-id-429  #header.darkHeader {\n    background-color: #FFFFFF;\n    border-bottom: 1px solid #ddd;\n}<\/style>\n<!-- section hero -->\n<!-- close div before -->\n        <\/div>\n    <\/article>\n<\/div>\n\n<div id=\"hero-page\" class=\" block-hero-page flex-vcenter section-bg\">\n    <div class=\"block-hero-page_bg\">\n        <img decoding=\"async\" src=\"https:\/\/landscapesfuture.org\/wp-content\/uploads\/2021\/08\/burkina-faso-1.jpg\">\n    <\/div>\n    <div class=\"block-hero-page_overlay\"><\/div>\n    <div class=\"block-hero-page_content\">\n        <div class=\"container\">\n\n            <div class=\"hero-page\">\n                <div class=\"hero-page_title text-light\">\n                    <h1>Burkina Faso<\/h1>\n                    <!--<p>\n\n <\/p>-->\n                                    <\/div>\n            <\/div>\n        <\/div>\n    <\/div>\n<\/div>\n\n<div class=\"container\">\n    <div class=\"row\">\n        <div class=\"col-12\">\n            <div class=\"breadcrumbs\" itemscope itemtype=\"http:\/\/schema.org\/BreadcrumbList\"><span itemprop=\"itemListElement\" itemscope itemtype=\"http:\/\/schema.org\/ListItem\"><a class=\"breadcrumbs__link\" href=\"https:\/\/landscapesfuture.org\/es\/\" itemprop=\"item\"><span itemprop=\"name\">Inicio<\/span><\/a><meta itemprop=\"position\" content=\"1\" \/><\/span><\/div><!-- .breadcrumbs -->        <\/div>\n    <\/div>\n<\/div>\n\n<div class=\"container\">\n    <article id=\"post-6333\" class=\"post-6333 page type-page status-publish hentry\">\n        <div class=\"entry-content\">\n<h1 class=\"project-title has-very-dark-gray-color has-text-color wp-block-heading\">Gesti\u00f3n participativa de las periferias de \u00e1reas protegidas en el paisaje PONASI<\/h1>\n\n    <style> \n        .logo-partner-on-team {\n              max-height: 80px;\n              max-width: 180px;\n        }\n    <\/style><div id=\"\" class=\" block-clear wpe-block\"><h3 class=\"mt-3 mb-4 fs-3-5\"><\/h3><div><\/div><div class=\"wpe-block-title\"><h2>Partners<\/h2><\/div><div class=\"d-flex justify-content-start flex-wrap flex-row columns-10 middle-md m-margin-bottom-30 partner-list-items\" style=\"justify-content: flex-start;\">\n    \n            <div class=\"me-4 mb-4 partner-item d-table\">\n                <a href=\"https:\/\/www.nitidae.org\/en\" class=\"d-table-cell align-middle\" title=\"Nitid\u00e6\">\n                    <img decoding=\"async\" src=\"http:\/\/landscapesfuture.org\/wp-content\/uploads\/2022\/01\/Nitidae-logo.png\" alt=\"Nitid\u00e6\" class=\"logo-partner-on-team\" title=\"Nitid\u00e6\">\n                <\/a>\n            <\/div>\n    \n            <div class=\"me-4 mb-4 partner-item d-table\">\n                <a href=\"http:\/\/www.naturama.bf\/web\/\" class=\"d-table-cell align-middle\" title=\"Naturama\">\n                    <img decoding=\"async\" src=\"http:\/\/landscapesfuture.org\/wp-content\/uploads\/2022\/01\/Naturama-logo.png\" alt=\"Naturama\" class=\"logo-partner-on-team\" title=\"Naturama\">\n                <\/a>\n            <\/div>\n    \n            <div class=\"me-4 mb-4 partner-item d-table\">\n                <a href=\"https:\/\/www.facebook.com\/Centre-dEtude-et-de-Recherches-en-Droit-de-lEnvironnement-CERDE-347664099435611\/\" class=\"d-table-cell align-middle\" title=\"CERDE\">\n                    <img decoding=\"async\" src=\"http:\/\/landscapesfuture.org\/wp-content\/uploads\/2022\/01\/CERDE-logo.jpg\" alt=\"CERDE\" class=\"logo-partner-on-team\" title=\"CERDE\">\n                <\/a>\n            <\/div><\/div><\/div>\n<div class=\"wp-block-columns is-layout-flex wp-container-core-columns-is-layout-9d6595d7 wp-block-columns-is-layout-flex\">\n<div class=\"wp-block-column is-layout-flow wp-block-column-is-layout-flow\" style=\"flex-basis:66.66%\">\n<p><strong>Socios:<\/strong> Nitid\u00e6, Naturama, CERDE.<\/p>\n\n\n\n<h2 class=\"wp-block-heading\">\u00c1reas tem\u00e1ticas clave<\/h2>\n\n\n\n<p>Un enfoque paisaj\u00edstico que integra la conservaci\u00f3n de los recursos naturales en las \u00e1reas protegidas y su gesti\u00f3n sostenible por parte de las comunidades.<\/p>\n<\/div>\n\n\n\n<div class=\"wp-block-column is-layout-flow wp-block-column-is-layout-flow\" style=\"flex-basis:33.33%\"><\/div>\n<\/div>\n\n<div class=\"wp-block-columns is-layout-flex wp-container-core-columns-is-layout-9d6595d7 wp-block-columns-is-layout-flex\">\n<div class=\"wp-block-column is-layout-flow wp-block-column-is-layout-flow\">\n<h2 class=\"wp-block-heading\">Desaf\u00edos<\/h2>\n\n\n\n<p>La migraci\u00f3n interna, principalmente de los pueblos mossi y peuhls, y la expansi\u00f3n de las zonas agr\u00edcolas con poco o ning\u00fan barbecho han provocado una disminuci\u00f3n de la fertilidad del suelo. La p\u00e9rdida de tierras de pastoreo ha creado conflictos entre agricultores y pastores, ya que el ganado se desplaza a las tierras de cultivo, y las zonas protegidas mal gestionadas se han convertido en un refugio para los pastores que buscan pastos y fuentes de agua durante la estaci\u00f3n seca. La degradaci\u00f3n de la tierra y la p\u00e9rdida de la cubierta forestal resultantes son visibles por sat\u00e9lite.<\/p>\n<\/div>\n\n\n\n<div class=\"wp-block-column is-layout-flow wp-block-column-is-layout-flow\">\n<h2 class=\"wp-block-heading\">Meta<\/h2>\n\n\n\n<p>Contribuir a la mejora de los medios de vida de las comunidades del complejo ecol\u00f3gico PONASI, aumentando al mismo tiempo la conservaci\u00f3n del medio ambiente y la resistencia al cambio clim\u00e1tico.<\/p>\n<\/div>\n<\/div>\n\n<div class=\"wp-block-columns section-bg wpe-mapbg pt-5 pb-5 is-layout-flex wp-container-core-columns-is-layout-9d6595d7 wp-block-columns-is-layout-flex\">\n<div class=\"wp-block-column is-layout-flow wp-block-column-is-layout-flow\">\n<img decoding=\"async\" src=\"http:\/\/landscapesfuture.org\/\/wp-content\/uploads\/svg-map\/Landscape%20for%20our%20future-country%20map-worldwide_Burkina%20Faso.svg\" style=\"width:100%;padding-right:60px\" \/><\/div>\n\n\n\n<div class=\"wp-block-column is-layout-flow wp-block-column-is-layout-flow\">\n<h2 class=\"wp-block-heading\">paisajes<\/h2>\n\n\n\n<p>El complejo geogr\u00e1fico PONASI (de \u00abP\u00f4-Nazinga-Sissili\u00bb) se extiende por 355.000 hect\u00e1reas cerca de la frontera con Ghana, en el sur de Burkina Faso. Aunque la regi\u00f3n se beneficia de una mayor pluviosidad que otras zonas del pa\u00eds, \u00e9sta se reduce a 10 mm al mes en la estaci\u00f3n seca y hay pocas fuentes de agua permanentes. La electricidad y el gas son escasos, por lo que la le\u00f1a es la principal fuente de energ\u00eda para m\u00e1s del 90% de la poblaci\u00f3n. La rica biodiversidad del complejo est\u00e1 amenazada por la creciente presi\u00f3n demogr\u00e1fica y la invasi\u00f3n de las comunidades rurales cercanas. Los pacientes a menudo deben viajar m\u00e1s de 40 kil\u00f3metros para recibir atenci\u00f3n m\u00e9dica, y la falta de desarrollo de las econom\u00edas locales en torno al complejo ha provocado un aumento de las tensiones y los conflictos. Sin embargo, la zona muestra un gran potencial econ\u00f3mico y medioambiental para un desarrollo rural sostenible e integrador.<\/p>\n<\/div>\n<\/div>\n\n<div class=\"wp-block-columns is-layout-flex wp-container-core-columns-is-layout-9d6595d7 wp-block-columns-is-layout-flex\">\n<div class=\"wp-block-column is-layout-flow wp-block-column-is-layout-flow\" style=\"flex-basis:66.66%\">\n<h2 class=\"wp-block-heading\">Acercarse<\/h2>\n\n\n\n<p>El proyecto LANDSCAPE, de cinco a\u00f1os de duraci\u00f3n, pretende contribuir a reducir las presiones sobre el complejo PONASI y reforzar la cohesi\u00f3n social entre cuatro comunidades: Bieha, Guiaro, Sapouy y P\u00f4 &#8211; aproximadamente 60.000 habitantes en 50 pueblos. Adoptando un enfoque paisaj\u00edstico, el proyecto pretende desarrollar una gesti\u00f3n m\u00e1s inclusiva del complejo mediante el codise\u00f1o y la aplicaci\u00f3n de actividades econ\u00f3micas y pr\u00e1cticas de silvopastoreo sostenibles, empezando por los comit\u00e9s de gesti\u00f3n de las aldeas y ampliando su alcance a nivel municipal, regional y nacional.<\/p>\n\n\n\n<h2 class=\"wp-block-heading\">Acciones espec\u00edficas<\/h2>\n\n\n\n<p>El proyecto LANDSCAPE tiene como objetivo: i) Desarrollar una econom\u00eda rural m\u00e1s sostenible a trav\u00e9s de actividades agroforestales intensivas como la plantaci\u00f3n de \u00e1rboles de crecimiento r\u00e1pido; la creaci\u00f3n de 20 pozos de sondeo en 20 huertos que re\u00fanen a 400 mujeres durante la estaci\u00f3n seca, y el desarrollo de actividades generadoras de ingresos como la apicultura, la avicultura, los productos forestales no madereros y los cultivos de secano; ii) Promover la gobernanza local participativa y la cohesi\u00f3n social en el complejo PONASI mediante la sensibilizaci\u00f3n y la creaci\u00f3n de comit\u00e9s tem\u00e1ticos de aldea para la gesti\u00f3n participativa de las tierras y los recursos naturales de la aldea; y iii) Reforzar las capacidades de gesti\u00f3n del proyecto, la comunicaci\u00f3n y las relaciones con el gobierno mediante el dise\u00f1o y la aplicaci\u00f3n de una estrategia de comunicaci\u00f3n con un comit\u00e9 directivo que se re\u00fana cada seis meses.<\/p>\n<\/div>\n\n\n\n<div class=\"wp-block-column is-layout-flow wp-block-column-is-layout-flow\" style=\"flex-basis:33.33%\"><\/div>\n<\/div>\n\n<div class=\"wp-block-columns section-bg wpe-bggrey pt-5 pb-5 is-layout-flex wp-container-core-columns-is-layout-9d6595d7 wp-block-columns-is-layout-flex\">\n<div class=\"wp-block-column is-layout-flow wp-block-column-is-layout-flow\" style=\"flex-basis:66.66%\">\n<h2 class=\"wp-block-heading\">Contacto<\/h2>\n\n\n\n<p>Souleymane Jules Gaye, s.gaye@nitidae.org<\/p>\n<\/div>\n\n\n\n<div class=\"wp-block-column is-layout-flow wp-block-column-is-layout-flow\" style=\"flex-basis:33.33%\"><\/div>\n<\/div>\n\n<div class=\"wp-block-columns is-layout-flex wp-container-core-columns-is-layout-9d6595d7 wp-block-columns-is-layout-flex\">\n<div class=\"wp-block-column is-layout-flow wp-block-column-is-layout-flow\" style=\"flex-basis:66.66%\">\n<h2 class=\"wp-block-heading\">M\u00e1s informaci\u00f3n<\/h2>\n\n\n\n<p><a href=\"https:\/\/www.nitidae.org\/actions\/wakanda-landscape-west-african-knowledge-for-agriculture-nature-and-development-activities-gestion-participative-du-developpement-durable-en-peripherie-des-aires-protegees-du-paysage-ponasi\" target=\"_blank\" rel=\"noreferrer noopener\">www.nitidae.org<\/a><\/p>\n<\/div>\n\n\n\n<div class=\"wp-block-column is-layout-flow wp-block-column-is-layout-flow\" style=\"flex-basis:33.33%\"><\/div>\n<\/div>\n","protected":false},"excerpt":{"rendered":"<p>Gesti\u00f3n participativa de las periferias de \u00e1reas protegidas en el paisaje PONASI Socios: Nitid\u00e6, Naturama, CERDE. \u00c1reas tem\u00e1ticas clave Un enfoque paisaj\u00edstico que integra la conservaci\u00f3n de los recursos naturales en las \u00e1reas protegidas y su gesti\u00f3n sostenible por parte de las comunidades. Desaf\u00edos La migraci\u00f3n interna, principalmente de los pueblos mossi y peuhls, y [&hellip;]<\/p>\n","protected":false},"author":1,"featured_media":0,"parent":0,"menu_order":0,"comment_status":"closed","ping_status":"closed","template":"templates\/template-page-gutenberg.php","meta":{"inline_featured_image":false,"footnotes":"","_links_to":"","_links_to_target":""},"class_list":["post-6333","page","type-page","status-publish","hentry"],"_links":{"self":[{"href":"https:\/\/landscapesfuture.org\/es\/wp-json\/wp\/v2\/pages\/6333","targetHints":{"allow":["GET"]}}],"collection":[{"href":"https:\/\/landscapesfuture.org\/es\/wp-json\/wp\/v2\/pages"}],"about":[{"href":"https:\/\/landscapesfuture.org\/es\/wp-json\/wp\/v2\/types\/page"}],"author":[{"embeddable":true,"href":"https:\/\/landscapesfuture.org\/es\/wp-json\/wp\/v2\/users\/1"}],"replies":[{"embeddable":true,"href":"https:\/\/landscapesfuture.org\/es\/wp-json\/wp\/v2\/comments?post=6333"}],"version-history":[{"count":2,"href":"https:\/\/landscapesfuture.org\/es\/wp-json\/wp\/v2\/pages\/6333\/revisions"}],"predecessor-version":[{"id":6659,"href":"https:\/\/landscapesfuture.org\/es\/wp-json\/wp\/v2\/pages\/6333\/revisions\/6659"}],"wp:attachment":[{"href":"https:\/\/landscapesfuture.org\/es\/wp-json\/wp\/v2\/media?parent=6333"}],"curies":[{"name":"wp","href":"https:\/\/api.w.org\/{rel}","templated":true}]}}