{"id":5873,"date":"2021-09-02T02:48:36","date_gmt":"2021-09-01T19:48:36","guid":{"rendered":"https:\/\/landscapesfuture.org\/kenia\/"},"modified":"2022-09-08T14:36:10","modified_gmt":"2022-09-08T07:36:10","slug":"kenia","status":"publish","type":"page","link":"https:\/\/landscapesfuture.org\/es\/kenia\/","title":{"rendered":"Kenia"},"content":{"rendered":"<style>\n@media only screen and (max-width: 960px) {\n   #hero-page{\n    background-image:url(\"https:\/\/landscapesfuture.org\/wp-content\/uploads\/2021\/11\/kenya-1.jpg\");\n    background-position-y: bottom;\n    background-position-x: center;\n  }\n}\n\n#hero-page::after {\n    position: absolute;\n    content: ' ';\n    z-index: 0;\n    height: 100%;\n    width: 100%;\n    background-color: rgb(0,0,0,0.4);\n    top: 0;\n    left: 0;\n}\n#hero-page.section-bg::before{\nbackground-position-y: -385px;\n}\n\n.page #header #menu a {\n    color: #fff;\n}\n\n.page #header #menu .sub-menu li a{\n  color:#333;\n}\n\n.page #header #menu .sub-menu li a:hover{\n color:#FFFFFF;\n}\n\n.home.page-id-429 #wrapper, .page.page-id-429 #wrapper {\n    margin-top: 82px;\n}\n.home.page-id-429 #header, .page.page-id-429 #header {\n    background-color: #2E3546;\n    border: 0px;\n}\n\n.home.page-id-429 #header.darkHeader #menu a, \n.page.page-id-429 #header.darkHeader #menu a{\n   color:#252122;\n}\n\n.home.page-id-429  #header.darkHeader, .page.page-id-429  #header.darkHeader {\n    background-color: #FFFFFF;\n    border-bottom: 1px solid #ddd;\n}<\/style>\n<!-- section hero -->\n<!-- close div before -->\n        <\/div>\n    <\/article>\n<\/div>\n\n<div id=\"hero-page\" class=\" block-hero-page flex-vcenter section-bg\">\n    <div class=\"block-hero-page_bg\">\n        <img decoding=\"async\" src=\"https:\/\/landscapesfuture.org\/wp-content\/uploads\/2021\/11\/kenya-1.jpg\">\n    <\/div>\n    <div class=\"block-hero-page_overlay\"><\/div>\n    <div class=\"block-hero-page_content\">\n        <div class=\"container\">\n\n            <div class=\"hero-page\">\n                <div class=\"hero-page_title text-light\">\n                    <h1>Kenia<\/h1>\n                    <!--<p><\/p>-->\n                                    <\/div>\n            <\/div>\n        <\/div>\n    <\/div>\n<\/div>\n\n<div class=\"container\">\n    <div class=\"row\">\n        <div class=\"col-12\">\n            <div class=\"breadcrumbs\" itemscope itemtype=\"http:\/\/schema.org\/BreadcrumbList\"><span itemprop=\"itemListElement\" itemscope itemtype=\"http:\/\/schema.org\/ListItem\"><a class=\"breadcrumbs__link\" href=\"https:\/\/landscapesfuture.org\/es\/\" itemprop=\"item\"><span itemprop=\"name\">Inicio<\/span><\/a><meta itemprop=\"position\" content=\"1\" \/><\/span><\/div><!-- .breadcrumbs -->        <\/div>\n    <\/div>\n<\/div>\n\n<div class=\"container\">\n    <article id=\"post-5873\" class=\"post-5873 page type-page status-publish hentry\">\n        <div class=\"entry-content\">\n\n\n<h1 class=\"project-title has-very-dark-gray-color has-text-color wp-block-heading\">Productividad de los servicios de los ecosistemas de los pastizales de Kenia (RangER)  <\/h1>\n\n\n\n    <style> \n        .logo-partner-on-team {\n              max-height: 80px;\n              max-width: 180px;\n        }\n    <\/style><div id=\"\" class=\" block-clear wpe-block\"><h3 class=\"mt-3 mb-4 fs-3-5\"><\/h3><div><\/div><div class=\"wpe-block-title\"><h2>Lead organization<\/h2><\/div><div class=\"d-flex justify-content-start flex-wrap flex-row columns-10 middle-md m-margin-bottom-30 partner-list-items\" style=\"justify-content: flex-start;\">\n    \n            <div class=\"me-4 mb-4 partner-item d-table\">\n                <a href=\"https:\/\/www.nrt-kenya.org\/\" class=\"d-table-cell align-middle\" title=\"Northern Rangeland Trust Kenya\">\n                    <img decoding=\"async\" src=\"http:\/\/landscapesfuture.org\/wp-content\/uploads\/2022\/01\/NRT-logo.png\" alt=\"Northern Rangeland Trust Kenya\" class=\"logo-partner-on-team\" title=\"Northern Rangeland Trust Kenya\">\n                <\/a>\n            <\/div><\/div><div class=\"wpe-block-title\"><h2>Partners<\/h2><\/div><div class=\"d-flex justify-content-start flex-wrap flex-row columns-10 middle-md m-margin-bottom-30 partner-list-items\" style=\"justify-content: flex-start;\">\n    \n            <div class=\"me-4 mb-4 partner-item d-table\">\n                <a href=\"https:\/\/www.jkuat.ac.ke\/\" class=\"d-table-cell align-middle\" title=\"Jomo Kenyatta University of Agriculture and Technology - Kenya\">\n                    <img decoding=\"async\" src=\"http:\/\/landscapesfuture.org\/wp-content\/uploads\/2022\/01\/Jomo-Kenyatta-logo.png\" alt=\"Jomo Kenyatta University of Agriculture and Technology - Kenya\" class=\"logo-partner-on-team\" title=\"Jomo Kenyatta University of Agriculture and Technology - Kenya\">\n                <\/a>\n            <\/div>\n    \n            <div class=\"me-4 mb-4 partner-item d-table\">\n                <a href=\"http:\/\/www.worldagroforestry.org\/\" class=\"d-table-cell align-middle\" title=\"World Agroforestry (ICRAF)\">\n                    <img decoding=\"async\" src=\"https:\/\/www.cifor.org\/wp-content\/uploads\/2020\/04\/World_Agroforestry_Logo_.png\" alt=\"World Agroforestry (ICRAF)\" class=\"logo-partner-on-team\" title=\"World Agroforestry (ICRAF)\">\n                <\/a>\n            <\/div>\n    \n            <div class=\"me-4 mb-4 partner-item d-table\">\n                <a href=\"https:\/\/www.facebook.com\/CommunitySafetyInitiativeKenya\/\" class=\"d-table-cell align-middle\" title=\"Community Safety Initiative Kenya\">\n                    <img decoding=\"async\" src=\"http:\/\/landscapesfuture.org\/wp-content\/uploads\/2022\/01\/Logo-CSI_kenya.png\" alt=\"Community Safety Initiative Kenya\" class=\"logo-partner-on-team\" title=\"Community Safety Initiative Kenya\">\n                <\/a>\n            <\/div>\n    \n            <div class=\"me-4 mb-4 partner-item d-table\">\n                <a href=\"https:\/\/e4impact.org\/mba-kenya\/\" class=\"d-table-cell align-middle\" title=\"E4Impact Foundation - Kenya\">\n                    <img decoding=\"async\" src=\"http:\/\/landscapesfuture.org\/wp-content\/uploads\/2022\/01\/e4impact-logo.jpg\" alt=\"E4Impact Foundation - Kenya\" class=\"logo-partner-on-team\" title=\"E4Impact Foundation - Kenya\">\n                <\/a>\n            <\/div>\n    \n            <div class=\"me-4 mb-4 partner-item d-table\">\n                <a href=\"\" class=\"d-table-cell align-middle\" title=\"Baringo County Government\">\n                    <img decoding=\"async\" src=\"http:\/\/landscapesfuture.org\/wp-content\/uploads\/2022\/01\/Baringo_logo.jpg\" alt=\"Baringo County Government\" class=\"logo-partner-on-team\" title=\"Baringo County Government\">\n                <\/a>\n            <\/div>\n    \n            <div class=\"me-4 mb-4 partner-item d-table\">\n                <a href=\"https:\/\/laikipia.go.ke\/\" class=\"d-table-cell align-middle\" title=\"Laikipia County Government \">\n                    <img decoding=\"async\" src=\"http:\/\/landscapesfuture.org\/wp-content\/uploads\/2022\/01\/Laikipia-CG-Logo.jpg\" alt=\"Laikipia County Government \" class=\"logo-partner-on-team\" title=\"Laikipia County Government \">\n                <\/a>\n            <\/div>\n    \n            <div class=\"me-4 mb-4 partner-item d-table\">\n                <a href=\"\" class=\"d-table-cell align-middle\" title=\"Isiolo County Government\">\n                    <img decoding=\"async\" src=\"http:\/\/landscapesfuture.org\/wp-content\/uploads\/2022\/01\/Isiolo_County-logo.jpg\" alt=\"Isiolo County Government\" class=\"logo-partner-on-team\" title=\"Isiolo County Government\">\n                <\/a>\n            <\/div>\n    \n            <div class=\"me-4 mb-4 partner-item d-table\">\n                <a href=\"https:\/\/www.samburu.go.ke\/\" class=\"d-table-cell align-middle\" title=\"Samburu Country Government\">\n                    <img decoding=\"async\" src=\"http:\/\/landscapesfuture.org\/wp-content\/uploads\/2022\/01\/Samburu-logo.jpg\" alt=\"Samburu Country Government\" class=\"logo-partner-on-team\" title=\"Samburu Country Government\">\n                <\/a>\n            <\/div><\/div><\/div>\n\n\n<div class=\"wp-block-columns is-layout-flex wp-container-core-columns-is-layout-9d6595d7 wp-block-columns-is-layout-flex\">\n<div class=\"wp-block-column is-layout-flow wp-block-column-is-layout-flow\" style=\"flex-basis:66.66%\">\n<p><strong>Organizaciones l\u00edderes:<\/strong> Northern Rangeland Trust, Kenia<br><strong>Socios:<\/strong> Universidad de Agricultura y Tecnolog\u00eda Jomo Kenyatta, Kenia; World Agroforestry; Community Safety Initiative, Kenia; E4Impact Foundation, Kenia; gobiernos de los condados de Baringo, Laikipia, Isiolo y Samburu, Kenia.<\/p>\n\n\n\n<h2 class=\"wp-block-heading\">\u00c1reas tem\u00e1ticas clave<\/h2>\n\n\n\n<p>El programa RangER pretende adoptar un enfoque paisaj\u00edstico integrado en los cuatro condados que constituyen la zona del Tri\u00e1ngulo de Amaya en Kenia: Laikipia, Baringo, Samburu e Isiolo. El programa pretende mejorar la productividad de los servicios ecosist\u00e9micos que prestan los pastizales en los condados del Tri\u00e1ngulo de Amaya mediante inversiones en recursos alimenticios inteligentes desde el punto de vista clim\u00e1tico, una serie de medios de subsistencia basados en la vida silvestre y los recursos naturales, y la mejora de la capacidad de los condados del Tri\u00e1ngulo de Amaya en materia de gobernanza, paz y seguridad tanto para la vida silvestre como para las personas. Estas acciones dar\u00e1n lugar a m\u00faltiples beneficios que incluyen, entre otros: la mejora del bienestar humano y del ganado, la mejora de la conectividad ecol\u00f3gica y la conservaci\u00f3n de la biodiversidad, la restauraci\u00f3n de los ecosistemas, la mitigaci\u00f3n del cambio clim\u00e1tico y la adaptaci\u00f3n al mismo, y la mejora de la resiliencia de las comunidades locales, la biodiversidad y los ecosistemas a las perturbaciones clim\u00e1ticas.<\/p>\n<\/div>\n\n\n\n<div class=\"wp-block-column is-layout-flow wp-block-column-is-layout-flow\" style=\"flex-basis:33.33%\"><\/div>\n<\/div>\n\n\n\n<div class=\"wp-block-columns is-layout-flex wp-container-core-columns-is-layout-9d6595d7 wp-block-columns-is-layout-flex\">\n<div class=\"wp-block-column is-layout-flow wp-block-column-is-layout-flow\">\n<h2 class=\"wp-block-heading\">Desaf\u00edos<\/h2>\n\n\n\n<p>Las comunidades est\u00e1n cada vez m\u00e1s expuestas a la sequ\u00eda, a las enfermedades del ganado y a los conflictos relacionados con la escasez de recursos de los pastizales causada por los extremos clim\u00e1ticos. Las sequ\u00edas provocan una escasez de pastos y hacen que las fuentes de agua se sequen o se reduzcan, obligando a los pastores a emigrar a los condados adyacentes en busca de agua y pastos. Esto provoca regularmente conflictos, destrucci\u00f3n de bienes y p\u00e9rdida de vidas humanas, caza furtiva de animales salvajes y tr\u00e1fico de personas. La disminuci\u00f3n de la biodiversidad y la presi\u00f3n sobre los fr\u00e1giles ecosistemas \u00e1ridos provocan la degradaci\u00f3n del suelo.<\/p>\n<\/div>\n\n\n\n<div class=\"wp-block-column is-layout-flow wp-block-column-is-layout-flow\">\n<h2 class=\"wp-block-heading\">Meta<\/h2>\n\n\n\n<p>Apoyar a Kenia en la erradicaci\u00f3n de la pobreza mediante la mejora de la productividad de los servicios ecosist\u00e9micos proporcionados por los pastizales para la seguridad alimentaria, forrajera, humana y de la fauna en los condados del Tri\u00e1ngulo de Amaya de Kenia.<\/p>\n<\/div>\n<\/div>\n\n\n\n<div class=\"wp-block-columns section-bg wpe-mapbg pt-5 pb-5 is-layout-flex wp-container-core-columns-is-layout-9d6595d7 wp-block-columns-is-layout-flex\">\n<div class=\"wp-block-column is-layout-flow wp-block-column-is-layout-flow\">\n<img decoding=\"async\" src=\"http:\/\/landscapesfuture.org\/wp-content\/uploads\/svg-map\/Landscape%20for%20our%20future-country%20map-worldwide_Kenya.svg\" style=\"width:100%;padding-right:60px\">\n<\/div>\n\n\n\n<div class=\"wp-block-column is-layout-flow wp-block-column-is-layout-flow\">\n<h2 class=\"wp-block-heading\">paisajes<\/h2>\n\n\n\n<p>El Tri\u00e1ngulo de Amaya es un mosaico de praderas de sabana, matorrales y bosques al norte del Monte Kenia, dentro de cuatro condados \u00e1ridos y semi\u00e1ridos: Baringo, Laikipia, Samburu e Isiolo. Los corredores clave para la fauna y el pastoreo conectan los condados a nivel de paisaje, con el ganado y la fauna en tr\u00e1nsito hacia la cordillera de Aberdares al suroeste y el Monte Kenia al este, especialmente durante los a\u00f1os de sequ\u00eda. Las comunidades de pastores tradicionales que viven en la regi\u00f3n se encuentran entre los grupos m\u00e1s marginados y mal atendidos de Kenia, ya que viven en un paisaje muy degradado y se enfrentan a altos niveles de pobreza y a las amenazas de los conflictos. La zona alberga ranchos privados y comunitarios que apoyan tanto la producci\u00f3n ganadera como la conservaci\u00f3n de la fauna. Los crecientes cambios en el uso de la tierra, que ha pasado de los pastizales de pastoreo a la producci\u00f3n de cultivos y los asentamientos, han dado lugar a grupos de problemas en torno a la inseguridad, los conflictos por los recursos, la pobreza, la inseguridad alimentaria, la exclusi\u00f3n social y la grave degradaci\u00f3n de los recursos naturales. Las frecuentes sequ\u00edas y el cambio clim\u00e1tico, unidos al crecimiento de la poblaci\u00f3n humana y ganadera, han agravado esta situaci\u00f3n.<\/p>\n<\/div>\n<\/div>\n\n\n\n<div class=\"wp-block-columns is-layout-flex wp-container-core-columns-is-layout-9d6595d7 wp-block-columns-is-layout-flex\">\n<div class=\"wp-block-column is-layout-flow wp-block-column-is-layout-flow\" style=\"flex-basis:66.66%\">\n<h2 class=\"wp-block-heading\">Acercarse<\/h2>\n\n\n\n<p>Se crear\u00e1n, ampliar\u00e1n o reforzar\u00e1n los centros de conservaci\u00f3n comunitarios en colaboraci\u00f3n con las comunidades y los gobiernos locales de los condados. Transferir la responsabilidad de la gobernanza a las comunidades locales les permitir\u00e1 encontrar soluciones para asegurar de forma sostenible las zonas en tensi\u00f3n, y facilitar el acceso al agua, la educaci\u00f3n, la atenci\u00f3n sanitaria y el desarrollo econ\u00f3mico, mejorando as\u00ed los medios de vida locales. El enfoque participativo de la gesti\u00f3n de las tierras de propiedad comunitaria tiene como objetivo asegurar una fuerte aceptaci\u00f3n y una aut\u00e9ntica apropiaci\u00f3n por parte de todos los interesados para garantizar una gesti\u00f3n sostenible del ecosistema.<\/p>\n\n\n\n<h2 class=\"wp-block-heading\">Acciones espec\u00edficas<\/h2>\n\n\n\n<p>El modelo de conservaci\u00f3n comunitaria, basado en el reconocimiento legal de la conservaci\u00f3n de la fauna como uso del suelo y vinculado al turismo, se profundizar\u00e1 y ampliar\u00e1 como parte del aumento de las fuentes de ingresos de las comunidades locales. Se apoyar\u00e1 el fortalecimiento de la secretar\u00eda y los mecanismos de gobernanza de la Iniciativa del Tri\u00e1ngulo de Amaya, y se potenciar\u00e1n los esfuerzos transfronterizos de paz y reconciliaci\u00f3n mediante la formaci\u00f3n y las estrategias de resoluci\u00f3n de conflictos.<\/p>\n\n\n\n<p>Se ayudar\u00e1 a las comunidades a cartografiar los puntos conflictivos degradados mediante t\u00e9cnicas de SIG para identificar opciones de restauraci\u00f3n o producci\u00f3n de forraje; crear zonas transfronterizas y multi\u00e9tnicas de vida silvestre\/ganader\u00eda contiguas a otras zonas de conservaci\u00f3n de la comunidad para sistemas de alimentaci\u00f3n y medios de vida resistentes al clima y ecol\u00f3gicamente sostenibles; y controlar las especies invasoras.<\/p>\n\n\n\n<p>Tambi\u00e9n se presentar\u00e1 a las comunidades diferentes opciones de agrosilvicultura y forestaci\u00f3n para aumentar la seguridad alimentaria y de los piensos, incluidas las inversiones basadas en los \u00e1rboles (como el aloe y la producci\u00f3n de miel y \u00e1rboles frutales). Se crear\u00e1n y ampliar\u00e1n las oportunidades de diversificaci\u00f3n de los medios de vida a partir de los recursos naturales mediante la formaci\u00f3n de habilidades empresariales.<\/p>\n<\/div>\n\n\n\n<div class=\"wp-block-column is-layout-flow wp-block-column-is-layout-flow\" style=\"flex-basis:33.33%\"><\/div>\n<\/div>\n\n\n\n<div class=\"wp-block-columns section-bg wpe-bggrey pt-5 pb-5 is-layout-flex wp-container-core-columns-is-layout-9d6595d7 wp-block-columns-is-layout-flex\">\n<div class=\"wp-block-column is-layout-flow wp-block-column-is-layout-flow\" style=\"flex-basis:66.66%\">\n<h2 class=\"wp-block-heading\">Contacto<\/h2>\n\n\n\n<p>Aloise Naitira<br>L\u00edder del programa RangER<br>Tel: +254 (0) 723 282 281<br>aloise.naitira@nrt-kenya.org<br>Skype: aloise.naitira<br><a href=\"https:\/\/www.nrt-kenya.org\/\" target=\"_blank\" rel=\"noreferrer noopener\">www.nrt-kenya.org<\/a><\/p>\n<\/div>\n\n\n\n<div class=\"wp-block-column is-layout-flow wp-block-column-is-layout-flow\" style=\"flex-basis:33.33%\"><\/div>\n<\/div>\n\n\n\n<div class=\"wp-block-columns is-layout-flex wp-container-core-columns-is-layout-9d6595d7 wp-block-columns-is-layout-flex\">\n<div class=\"wp-block-column is-layout-flow wp-block-column-is-layout-flow\" style=\"flex-basis:66.66%\">\n<h2 class=\"wp-block-heading\">M\u00e1s informaci\u00f3n<\/h2>\n\n\n\n<p><a href=\"https:\/\/www.nrt-kenya.org\/\" target=\"_blank\" rel=\"noreferrer noopener\">www.nrt-kenya.org<\/a><\/p>\n<\/div>\n\n\n\n<div class=\"wp-block-column is-layout-flow wp-block-column-is-layout-flow\" style=\"flex-basis:33.33%\"><\/div>\n<\/div>\n","protected":false},"excerpt":{"rendered":"<p>Productividad de los servicios de los ecosistemas de los pastizales de Kenia (RangER) Organizaciones l\u00edderes: Northern Rangeland Trust, KeniaSocios: Universidad de Agricultura y Tecnolog\u00eda Jomo Kenyatta, Kenia; World Agroforestry; Community Safety Initiative, Kenia; E4Impact Foundation, Kenia; gobiernos de los condados de Baringo, Laikipia, Isiolo y Samburu, Kenia. \u00c1reas tem\u00e1ticas clave El programa RangER pretende adoptar [&hellip;]<\/p>\n","protected":false},"author":1,"featured_media":0,"parent":0,"menu_order":0,"comment_status":"closed","ping_status":"closed","template":"templates\/template-page-gutenberg.php","meta":{"inline_featured_image":false,"footnotes":"","_links_to":"","_links_to_target":""},"class_list":["post-5873","page","type-page","status-publish","hentry"],"_links":{"self":[{"href":"https:\/\/landscapesfuture.org\/es\/wp-json\/wp\/v2\/pages\/5873","targetHints":{"allow":["GET"]}}],"collection":[{"href":"https:\/\/landscapesfuture.org\/es\/wp-json\/wp\/v2\/pages"}],"about":[{"href":"https:\/\/landscapesfuture.org\/es\/wp-json\/wp\/v2\/types\/page"}],"author":[{"embeddable":true,"href":"https:\/\/landscapesfuture.org\/es\/wp-json\/wp\/v2\/users\/1"}],"replies":[{"embeddable":true,"href":"https:\/\/landscapesfuture.org\/es\/wp-json\/wp\/v2\/comments?post=5873"}],"version-history":[{"count":4,"href":"https:\/\/landscapesfuture.org\/es\/wp-json\/wp\/v2\/pages\/5873\/revisions"}],"predecessor-version":[{"id":6642,"href":"https:\/\/landscapesfuture.org\/es\/wp-json\/wp\/v2\/pages\/5873\/revisions\/6642"}],"wp:attachment":[{"href":"https:\/\/landscapesfuture.org\/es\/wp-json\/wp\/v2\/media?parent=5873"}],"curies":[{"name":"wp","href":"https:\/\/api.w.org\/{rel}","templated":true}]}}