{"id":5589,"date":"2021-06-15T23:27:11","date_gmt":"2021-06-15T20:27:11","guid":{"rendered":"https:\/\/landscapesfuture.org\/hogar\/"},"modified":"2025-11-04T17:35:46","modified_gmt":"2025-11-04T14:35:46","slug":"hogar","status":"publish","type":"page","link":"https:\/\/landscapesfuture.org\/es\/","title":{"rendered":"Hogar"},"content":{"rendered":"\n\n<style>\n    .section-feature::before {\n  background-image: url('https:\/\/landscapesfuture.org\/wp-content\/uploads\/2023\/07\/MicrosoftTeams-image-2800.jpg');\n  background-position: center center;\n  background-repeat: no-repeat;\n  background-size: contain;\n  background-attachment: fixed;\n  z-index: -2;\n}\n\n.section-feature {\n  color: #FFFFFF;\n  position: relative;\n  padding: 200px 0px;\n  height: 65vh;\n}\n        \n.section-feature .feature-label{\n    font-size:14px;\n    font-weight:400;\n}\n.section-feature .feature-title{\n    font-size:67px;\n    line-height:65px;\n    font-weight:700;\n}\n.section-feature .feature-subtitle{\n    font-size:22px;\n    font-weight:300;\n}\n\n@media all and (max-width: 1400px) {\n.section-feature .feature-title{font-size:52px;}\n.section-feature .feature-subtitle{font-size:15px;}\n}\n\n@media all and (max-width: 480px) {\n.section-feature .feature-title{font-size:35px;line-height:35px;}\n.section-feature .feature-subtitle{font-size:12px;}\n}\n        \n    <\/style>\n\n<div  class=\"section-feature section-bg text-center wpe-block\">\n\n    <div class=\"row\">\n        <div class=\"col-lg-12\">\n            <!--<div class=\"feature-label\">FEATURE<\/div>-->\n<div class=\"feature-title mt-4 mb-4\">Paisajes para Nuestro Futuro<\/div>\n<div class=\"feature-subtitle\">El programa Landscapes For Our Future, financiado por la Uni\u00f3n Europea y que financia 22 proyectos en m\u00e1s de 30 pa\u00edses del Sur, propone la Gesti\u00f3n Integrada del Paisaje como un proceso que utiliza estrategias adaptativas, inclusivas e integradoras para cambiar el comportamiento de los sistemas paisaj\u00edsticos..<\/div>\n\n\n<div class=\"row\">\n    <div class=\"d-grid gap-2 col-lg-3 col-sm-12 mx-auto mt-5\">\n        <a href=\"\/es\/sobre\/\" class=\"btn btn-outline-light btn-lg\">M\u00c1S INFORMACI\u00d3N<\/a>\n    <\/div>\n<\/div>\n     <\/div>\n    <\/div><\/div>\n\n\n\n<style>\n    #featured.section-bg::before\n        {\n        background-image:url(\"\");\n        }#featured.section-bg::before{\nbackground-color: #f8f8f8;\n}\n#featured .block-content{ padding:0px; }\n#featured{ padding:80px 0px;}\n\n@media all and (max-width: 991px) {\n  #featured .img-first-news{\n    height: 16rem !important;\n  }\n}<\/style>\n\n\n<style>\n    #featured.section-bg::before\n            {\n            background-image:url(\"\");\n            }#featured.section-bg::before{\nbackground-color: #f8f8f8;\n}\n#featured .block-content{ padding:0px; }\n#featured{ padding:80px 0px;}\n\n@media all and (max-width: 991px) {\n  #featured .img-first-news{\n    height: 16rem !important;\n  }\n}@media all and (max-width: 991px) {\n        .layout-2 .small-layout-news .row .post-box-event .post-box {\n            border-left: 1px solid #D9D9D9;\n        }\n\n        .layout-2 .small-layout-news .row .col-lg-6:nth-child(3) .post-box-event .post-box,\n        .layout-2 .small-layout-news .row .col-lg-6:nth-child(4) .post-box-event .post-box {\n            border-top: 1px solid #D9D9D9;\n        }\n    }\n<\/style>\n\n<div id=\"featured\" class=\"section-bg wpe-block\">\n    <div class=\"section-wrapper\">\n        <div class=\"row\">\n    <div class=\"col-md-12\">\n        <div class=\"wpe-block-header\">\n            <div class=\"wpe-block-title\">\n                                <h2>Desde nuestro centro de conocimiento<\/h2>            <\/div>\n                    <\/div>\n    <\/div>\n<\/div>\n<div class=\"block-content\"><div class=\"row  xx\">                    <div class=\"layout-2\">\n                        <div class=\"row\">\n                            <div class=\"col-lg-6 parent_eh big-layout-news pe-lg-0 mb-3 mb-lg-0\">\n                                <div class=\"img-first-news w-100 h-100 position-relative\" style=\"background: url(https:\/\/landscapesfuture.org\/wp-content\/uploads\/2025\/10\/DLR_141227_8845.jpg); background-size: cover;\">\n                                    <a href=\"https:\/\/landscapesfuture.org\/es\/las-comunidades-en-el-corazon-de-la-conservacion-lecciones-de-laos\/\" class=\"d-block w-100 h-100 text-white\">\n                                        <div class=\"hero-text m-overlay-slide px-4 pb-3\">\n                                            <div class=\"m-padding-top-10 row-box\">\n                                                <div class=\"content-label\">V\u00eddeos y entrevistas<\/div>\n                                                <h3>Las comunidades en el coraz\u00f3n de la conservaci\u00f3n: Lecciones de Laos<\/h3>\n                                            <\/div>\n                                        <\/div>\n                                    <\/a>\n                                <\/div>\n\n                            <\/div>\n                            <div class=\"col-lg-6 parent_eh small-layout-news pe-lg-4\">\n                                <div class=\"d-block\">\n                                    <div class=\"row\">\n                                        <div class=\"col-lg-6 parent_eh p-lg-0 small-news mb-sm-3 mb-lg-0\">\n                                            <div class=\"post-box-event no-thumb d-flex align-items-stretch\">\n                                                        <div class=\"post-box \">\n          <a href=\"https:\/\/landscapesfuture.org\/es\/guardianes-de-lo-verde-la-administracion-local-de-un-tesoro-mundial\/\"><\/a>\n          <div class=\"post-box_content\">\n            <div class=\"post-box_group\">\n              <div class=\"content-label\">Reflexiones sobre el terreno<\/div>\n              <a href=\"https:\/\/landscapesfuture.org\/es\/guardianes-de-lo-verde-la-administracion-local-de-un-tesoro-mundial\/\">\n                <h2 class=\"content-title\">Guardianes de lo verde: la administraci\u00f3n local de un tesoro mundial<\/h2>\n              <\/a>\n            <\/div>\n            <div class=\"content-date\">23\/09\/2025<\/div>\n          <\/div>\n        <\/div>\n                                                    <\/div>\n                                        <\/div>\n                                        <div class=\"col-lg-6 parent_eh p-lg-0 small-news mb-sm-3 mb-lg-0\">\n                                            <div class=\"post-box-event no-thumb d-flex align-items-stretch\">\n                                                        <div class=\"post-box \">\n          <a href=\"https:\/\/landscapesfuture.org\/es\/dialogo-en-paisajes-desintegrados-ideas-sobre-la-participacion-de-las-partes-interesadas\/\"><\/a>\n          <div class=\"post-box_content\">\n            <div class=\"post-box_group\">\n              <div class=\"content-label\">V\u00eddeos y entrevistas<\/div>\n              <a href=\"https:\/\/landscapesfuture.org\/es\/dialogo-en-paisajes-desintegrados-ideas-sobre-la-participacion-de-las-partes-interesadas\/\">\n                <h2 class=\"content-title\">Di\u00e1logo en paisajes desintegrados: ideas sobre la participaci\u00f3n de las partes interesadas<\/h2>\n              <\/a>\n            <\/div>\n            <div class=\"content-date\">01\/10\/2025<\/div>\n          <\/div>\n        <\/div>\n                                                    <\/div>\n                                        <\/div>\n                                        <div class=\"col-lg-6 parent_eh p-lg-0 small-news mb-sm-3 mb-lg-0\">\n                                            <div class=\"post-box-event no-thumb d-flex align-items-stretch\">\n                                                        <div class=\"post-box \">\n          <a href=\"https:\/\/landscapesfuture.org\/es\/facilitar-con-respeto-lecciones-del-lowveld-de-zimbabue\/\"><\/a>\n          <div class=\"post-box_content\">\n            <div class=\"post-box_group\">\n              <div class=\"content-label\">V\u00eddeos y entrevistas<\/div>\n              <a href=\"https:\/\/landscapesfuture.org\/es\/facilitar-con-respeto-lecciones-del-lowveld-de-zimbabue\/\">\n                <h2 class=\"content-title\">Facilitar con respeto: Lecciones del Lowveld de Zimbabue<\/h2>\n              <\/a>\n            <\/div>\n            <div class=\"content-date\">30\/09\/2025<\/div>\n          <\/div>\n        <\/div>\n                                                    <\/div>\n                                        <\/div>\n                                        <div class=\"col-lg-6 parent_eh p-lg-0 small-news mb-sm-3 mb-lg-0\">\n                                            <div class=\"post-box-event no-thumb d-flex align-items-stretch\">\n                                                        <div class=\"post-box \">\n          <a href=\"https:\/\/landscapesfuture.org\/es\/landscapes-in-practice\/\"><\/a>\n          <div class=\"post-box_content\">\n            <div class=\"post-box_group\">\n              <div class=\"content-label\">Publications<\/div>\n              <a href=\"https:\/\/landscapesfuture.org\/es\/landscapes-in-practice\/\">\n                <h2 class=\"content-title\">Paisajes en la pr\u00e1ctica: Nuestras gu\u00edas para campeones del paisaje<\/h2>\n              <\/a>\n            <\/div>\n            <div class=\"content-date\">26\/04\/2024<\/div>\n          <\/div>\n        <\/div>\n                                                    <\/div>\n                                        <\/div>\n                                    <\/div>\n                                <\/div>\n                            <\/div>\n                        <\/div>\n                    <\/div>\n        <\/div><\/div>\n        <div class=\"clearfix\" style=\"clear:both;display:block;width: 100%;float: none;height: 0px;\"><\/div>\n    <\/div>\n<\/div>\n\n\n<!-- end block -->\n\n<style>\n    #block-upcoming.section-bg::before\n            {\n            background-image:url(\"\");\n            }#block-upcoming > .row:nth-child(2).mt-5 {\n  margin-top: 0px !important;\n}    .post-item_text{\n         \n        display: flex;\n        flex-direction: column;\n        flex-wrap: nowrap;\n        height: calc(100% - 250px);\n        overflow: hidden;\n        justify-content: space-between;\n\n    }\n<\/style>\n\n<div id=\"block-upcoming\" class=\" wpe-block\">\n    <div class=\"row\">\n    <div class=\"col-md-12\">\n        <div class=\"wpe-block-header\">\n            <div class=\"wpe-block-title\">\n                                <h2>Eventos especiales<\/h2>            <\/div>\n                    <\/div>\n    <\/div>\n<\/div>\n\n                            \n                        <div class=\"col-lg-12 col-xl-12 col-12 parent_eh \">\n                            <div class=\"post-group _flex-column\" style=\"width:100%;\">\n                                <div class=\"post-item bg-white -list-event\">\n        <div class=\"post-item_thumb\">\n                <a href=\"https:\/\/landscapesfuture.org\/es\/event\/aprendizaje-iterativo\/\">\n            <img decoding=\"async\" src=\"https:\/\/landscapesfuture.org\/wp-content\/uploads\/2024\/10\/Screenshot-2024-10-30-at-14.24.38.png\" alt=\" Iterative and adaptive event banner\">\n        <\/a>\n    <\/div>\n        <div class=\"post-item_text\">\n        <div class=\"text-group\">\n            <div class=\"post-item_date text-uppercase\">07 Nov 2024<\/div>            <a href=\"https:\/\/landscapesfuture.org\/es\/event\/aprendizaje-iterativo\/\">\n                <h1>Landscape Learning Series: Aprendizaje Iterativo y Adaptaci\u00f3n en GIP<\/h1>\n            <\/a>\n                            <div class=\"post-item_excerpt\">\n                    <p>convocando a un grupo de expertos en Gesti\u00f3n Integrada de Paisajes (GIP) para discutir el papel del aprendizaje iterativo y la adaptaci\u00f3n en la gesti\u00f3n del paisaje. Los participantes basar\u00e1n sus experiencias en la implementaci\u00f3n de proyectos de GIP en la regi\u00f3n de Am\u00e9rica Latina y el Caribe (LAC).  |  convening a group of Integrated Landscape Management (ILM) experts to discuss the role of iterative learning and adaptation in landscape management. Participants will draw on their experiences implementing ILM projects in the Latin America and Caribbean (LAC) region.  <\/p>\n                <\/div>\n                            <div class=\"post-location\">Zoom<\/div>\n        <\/div>\n        <div class=\"post-item_footer\">\n                <div class=\"post-share\"><a href=\"https:\/\/landscapesfuture.org\/es\/event\/aprendizaje-iterativo\/\">READ MORE<\/a><\/div>\n                <!--<div class=\"post-calendar\"><a href=\"#\">ADD TO CALENDAR<\/a><\/div>-->\n        <\/div>\n    <\/div>\n<\/div>                            <\/div>\n                        <\/div>\n                        \n                        \n\n    <\/div>\n\n\n<div class=\"wp-block-columns pt-5 pb-5 is-layout-flex wp-container-core-columns-is-layout-9d6595d7 wp-block-columns-is-layout-flex\">\n<div class=\"wp-block-column is-layout-flow wp-block-column-is-layout-flow\" style=\"flex-basis:66.66%\">\n<p>En la actualidad, sectores como la agricultura y la silvicultura son uno de los principales impulsores de las emisiones de gases de efecto invernadero y la degradaci\u00f3n en todo el mundo. Para satisfacer las necesidades de la creciente poblaci\u00f3n, estos sectores se enfrentan a una creciente competencia por la tierra y los recursos. El programa Paisajes Para Nuestro Futuro tiene como objetivo brindar soluciones innovadoras a tales desaf\u00edos mediante el apoyo a 22 proyectos de Gesti\u00f3n Integrada del Paisaje (GIP) en 19 pa\u00edses y 3 subregiones en todo el Sur Global.<\/p>\n\n\n\n<p>Los enfoques de GIP adoptados por estos 22 proyectos se muestran muy prometedores para ayudar a gestionar los usos de la tierra en competencia y reconciliar pol\u00edticas p\u00fablicas fragmentadas. GIP es parte integral de las ambiciosas agendas de biodiversidad y sistemas alimentarios posteriores a 2020 de la Uni\u00f3n Europea (UE) y su compromiso con el Acuerdo de Par\u00eds y los Objetivos de Desarrollo Sostenible, ayudando a apoyar una recuperaci\u00f3n verde inclusiva consistente con el Acuerdo Verde de la UE. La adopci\u00f3n de enfoques de GIP garantiza que se tengan en cuenta expresamente los intereses de todos aquellos que utilizan la tierra, desde agricultores hasta pastores, animales, turistas y conservacionistas. Cada grupo se beneficia de la tierra y sus recursos de manera \u00fanica, pero sus necesidades deben estar alineadas y coordinadas desde la comunidad hasta el nivel nacional. Al facilitar el di\u00e1logo, la planificaci\u00f3n y la implementaci\u00f3n entre sectores, escalas y partes interesadas, los enfoques de GLI contribuyen a una gesti\u00f3n m\u00e1s eficaz de los conflictos socioambientales que amenazan la resiliencia de los ecosistemas y pueblos vulnerables.<\/p>\n\n\n\n<p>El programa Paisajes Para Nuestro Futuro ayudar\u00e1 hasta 2025 a dise\u00f1ar e implementar soluciones de sostenibilidad para los desaf\u00edos de uso de la tierra espec\u00edficos del contexto en cada uno de los pa\u00edses apoyados, centr\u00e1ndose espec\u00edficamente en tres \u00e1reas tem\u00e1ticas: (1) seguridad alimentaria y nutricional, creaci\u00f3n de empleo y resiliencia y Agricultura sostenible; (2) mitigaci\u00f3n y adaptaci\u00f3n al cambio clim\u00e1tico; y (3) conservaci\u00f3n, restauraci\u00f3n y uso sostenible de la biodiversidad, la tierra y los ecosistemas forestales.<\/p>\n\n\n\n<a href=\"https:\/\/landscapesfuture.org\/es\/sobre\/\" class=\"btn btn-outline-dark\">Aprende m\u00e1s<\/a>\n<\/div>\n\n\n\n<div class=\"wp-block-column is-layout-flow wp-block-column-is-layout-flow\" style=\"flex-basis:33.33%\">\n<div class=\"box-flyer\">\n<div class=\"flyer-thumb\">\n<img decoding=\"async\" src=\"http:\/\/landscapesfuture.org\/wp-content\/uploads\/2021\/11\/landscapes-for-our-future-thumb.jpg\" style=\"width:100%;height: auto\"><\/div>\n<h4>Descargar folleto<\/h4>\n<ul class=\"list-pdf\"><li><a href=\"http:\/\/landscapesfuture.org\/wp-content\/uploads\/flyers\/Flyer%20-%20Landscapes%20For%20Our%20Future%20(EU)-v8.pdf\" target=\"_blank\" rel=\"noopener\">Ingl\u00e9s \u2013 706 KB<\/a><\/li>\n    <li><a href=\"http:\/\/landscapesfuture.org\/wp-content\/uploads\/flyers\/Flyer%20-%20Des%20paysages%20pour%20notre%20avenir%20(UE)_French_v5.pdf\" target=\"_blank\" rel=\"noopener\"><i class=\"bi bi-file-pdf\"><\/i> Franc\u00e9s \u2013 683 KB<\/a><\/li>\n    <li><a href=\"http:\/\/landscapesfuture.org\/wp-content\/uploads\/flyers\/292%20Flyer%20-%20Paisagens%20Para%20o%20Nosso%20Futuro%20(UE)_Portuguese_v4.pdf\" target=\"_blank\" rel=\"noopener\"><i class=\"bi bi-file-pdf\"><\/i> Portugu\u00e9s \u2013 664 KB<\/a><\/li>\n    <li><a href=\"http:\/\/landscapesfuture.org\/wp-content\/uploads\/flyers\/Flyer%20-%20Paisajes%20para%20Nuestro%20Futuro%20(UE)_v6.pdf\" target=\"_blank\" rel=\"noopener\"><i class=\"bi bi-file-pdf\"><\/i> Espa\u00f1ol \u2013 661 KB<\/a><\/li>\n<\/ul><\/div>\n<\/div>\n<\/div>\n\n\n\n<div class=\"wp-block-group section-bg wpe-mapbg2 pt-5 pb-5\"><div class=\"wp-block-group__inner-container is-layout-flow wp-block-group-is-layout-flow\">\n<div class=\"wp-block-columns is-layout-flex wp-container-core-columns-is-layout-9d6595d7 wp-block-columns-is-layout-flex\">\n<div class=\"wp-block-column is-layout-flow wp-block-column-is-layout-flow\" style=\"flex-basis:70%\">\n<h2 class=\"wp-block-heading text-light\">donde trabajamos<\/h2>\n\n\n\n<h3 class=\"wp-block-heading text-light\">Pa\u00edses\/proyectos subregionales<\/h3>\n\n\n\n<p class=\"text-light\">El proyecto \u00abPaisajes para nuestro futuro\u00bb presta apoyo a 22 proyectos de Gesti\u00f3n Integrada del Paisaje (GIP) en 19 pa\u00edses y 3 subregiones del Sur.<\/p>\n<\/div>\n\n\n\n<div class=\"wp-block-column is-layout-flow wp-block-column-is-layout-flow\" style=\"flex-basis:30%\"><\/div>\n<\/div>\n\n\n\n<div class=\"wp-block-columns is-layout-flex wp-container-core-columns-is-layout-9d6595d7 wp-block-columns-is-layout-flex\">\n<div class=\"wp-block-column is-layout-flow wp-block-column-is-layout-flow\">\n<img decoding=\"async\" class=\"aligncenter size-full wp-image-893\" src=\"https:\/\/landscapesfuture.org\/wp-content\/uploads\/2022\/08\/map_of_initiatives_04.png\" style=\"width:100%;height:auto\">\n<\/div>\n<\/div>\n<\/div><\/div>\n","protected":false},"excerpt":{"rendered":"<p>En la actualidad, sectores como la agricultura y la silvicultura son uno de los principales impulsores de las emisiones de gases de efecto invernadero y la degradaci\u00f3n en todo el mundo. Para satisfacer las necesidades de la creciente poblaci\u00f3n, estos sectores se enfrentan a una creciente competencia por la tierra y los recursos. El programa [&hellip;]<\/p>\n","protected":false},"author":1,"featured_media":9132,"parent":0,"menu_order":0,"comment_status":"closed","ping_status":"closed","template":"templates\/template-page-gutenberg.php","meta":{"inline_featured_image":false,"footnotes":"","_links_to":"","_links_to_target":""},"class_list":["post-5589","page","type-page","status-publish","has-post-thumbnail","hentry"],"_links":{"self":[{"href":"https:\/\/landscapesfuture.org\/es\/wp-json\/wp\/v2\/pages\/5589","targetHints":{"allow":["GET"]}}],"collection":[{"href":"https:\/\/landscapesfuture.org\/es\/wp-json\/wp\/v2\/pages"}],"about":[{"href":"https:\/\/landscapesfuture.org\/es\/wp-json\/wp\/v2\/types\/page"}],"author":[{"embeddable":true,"href":"https:\/\/landscapesfuture.org\/es\/wp-json\/wp\/v2\/users\/1"}],"replies":[{"embeddable":true,"href":"https:\/\/landscapesfuture.org\/es\/wp-json\/wp\/v2\/comments?post=5589"}],"version-history":[{"count":4,"href":"https:\/\/landscapesfuture.org\/es\/wp-json\/wp\/v2\/pages\/5589\/revisions"}],"predecessor-version":[{"id":14445,"href":"https:\/\/landscapesfuture.org\/es\/wp-json\/wp\/v2\/pages\/5589\/revisions\/14445"}],"wp:featuredmedia":[{"embeddable":true,"href":"https:\/\/landscapesfuture.org\/es\/wp-json\/wp\/v2\/media\/9132"}],"wp:attachment":[{"href":"https:\/\/landscapesfuture.org\/es\/wp-json\/wp\/v2\/media?parent=5589"}],"curies":[{"name":"wp","href":"https:\/\/api.w.org\/{rel}","templated":true}]}}