{"id":5492,"date":"2021-08-09T23:52:22","date_gmt":"2021-08-09T16:52:22","guid":{"rendered":"https:\/\/landscapesfuture.org\/bolivia\/"},"modified":"2022-09-08T16:55:54","modified_gmt":"2022-09-08T09:55:54","slug":"bolivia","status":"publish","type":"page","link":"https:\/\/landscapesfuture.org\/es\/bolivia\/","title":{"rendered":"Bolivia"},"content":{"rendered":"<style>\n@media only screen and (max-width: 960px) {\n   #hero-page{\n    background-image:url(\"https:\/\/landscapesfuture.org\/wp-content\/uploads\/2021\/11\/bolivia-8.jpg\");\n    background-position-y: bottom;\n    background-position-x: center;\n  }\n}\n\n#hero-page::after {\n    position: absolute;\n    content: ' ';\n    z-index: 0;\n    height: 100%;\n    width: 100%;\n    background-color: rgb(0,0,0,0.4);\n    top: 0;\n    left: 0;\n}\n#hero-page.section-bg::before{\nbackground-position-y: -385px;\n}\n\n.page #header #menu a {\n    color: #fff;\n}\n\n.page #header #menu .sub-menu li a{\n  color:#333;\n}\n\n.page #header #menu .sub-menu li a:hover{\n color:#FFFFFF;\n}\n\n.home.page-id-429 #wrapper, .page.page-id-429 #wrapper {\n    margin-top: 82px;\n}\n.home.page-id-429 #header, .page.page-id-429 #header {\n    background-color: #2E3546;\n    border: 0px;\n}\n\n.home.page-id-429 #header.darkHeader #menu a, \n.page.page-id-429 #header.darkHeader #menu a{\n   color:#252122;\n}\n\n.home.page-id-429  #header.darkHeader, .page.page-id-429  #header.darkHeader {\n    background-color: #FFFFFF;\n    border-bottom: 1px solid #ddd;\n}\n\n.block-clear.wpe-block{\npadding: 20px 0px;\n}<\/style>\n<!-- section hero -->\n<!-- close div before -->\n        <\/div>\n    <\/article>\n<\/div>\n\n<div id=\"hero-page\" class=\" block-hero-page flex-vcenter section-bg\">\n    <div class=\"block-hero-page_bg\">\n        <img decoding=\"async\" src=\"https:\/\/landscapesfuture.org\/wp-content\/uploads\/2021\/11\/bolivia-8.jpg\">\n    <\/div>\n    <div class=\"block-hero-page_overlay\"><\/div>\n    <div class=\"block-hero-page_content\">\n        <div class=\"container\">\n\n            <div class=\"hero-page\">\n                <div class=\"hero-page_title text-light\">\n                    <h1>Bolivia<\/h1>\n                    <!--<p><\/p>-->\n                                    <\/div>\n            <\/div>\n        <\/div>\n    <\/div>\n<\/div>\n\n<div class=\"container\">\n    <div class=\"row\">\n        <div class=\"col-12\">\n            <div class=\"breadcrumbs\" itemscope itemtype=\"http:\/\/schema.org\/BreadcrumbList\"><span itemprop=\"itemListElement\" itemscope itemtype=\"http:\/\/schema.org\/ListItem\"><a class=\"breadcrumbs__link\" href=\"https:\/\/landscapesfuture.org\/es\/\" itemprop=\"item\"><span itemprop=\"name\">Inicio<\/span><\/a><meta itemprop=\"position\" content=\"1\" \/><\/span><\/div><!-- .breadcrumbs -->        <\/div>\n    <\/div>\n<\/div>\n\n<div class=\"container\">\n    <article id=\"post-5492\" class=\"post-5492 page type-page status-publish hentry\">\n        <div class=\"entry-content\">\n<h1 class=\"project-title has-very-dark-gray-color has-text-color wp-block-heading\">El agua como conector de paisajes resilientes en Bolivia <br \/>Paisajes Resilientes en la Chiquitania, Santa Cruz<\/h1>\n\n    <style> \n        .logo-partner-on-team {\n              max-height: 80px;\n              max-width: 180px;\n        }\n    <\/style><div id=\"\" class=\" block-clear wpe-block\"><h3 class=\"mt-3 mb-4 fs-3-5\"><\/h3><div><\/div><div class=\"wpe-block-title\"><h2>Funders<\/h2><\/div><div class=\"d-flex justify-content-start flex-wrap flex-row columns-10 middle-md m-margin-bottom-30 partner-list-items\" style=\"justify-content: flex-start;\">\n    \n            <div class=\"me-4 mb-4 partner-item d-table\">\n                <a href=\"\" class=\"d-table-cell align-middle\" title=\"European Union (EU)\">\n                    <img decoding=\"async\" src=\"https:\/\/www.cifor.org\/wp-content\/uploads\/2020\/05\/European-Union-logo.png\" alt=\"European Union (EU)\" class=\"logo-partner-on-team\" title=\"European Union (EU)\">\n                <\/a>\n            <\/div>\n    \n            <div class=\"me-4 mb-4 partner-item d-table\">\n                <a href=\"https:\/\/www.giz.de\/en\/worldwide\/389.html\" class=\"d-table-cell align-middle\" title=\"Cooperaci\u00f3n Alemana Deutsche Zusammenarbeit - GIZ GmbH\">\n                    <img decoding=\"async\" src=\"http:\/\/landscapesfuture.org\/wp-content\/uploads\/2022\/03\/Cooperacion_logo.png\" alt=\"Cooperaci\u00f3n Alemana Deutsche Zusammenarbeit - GIZ GmbH\" class=\"logo-partner-on-team\" title=\"Cooperaci\u00f3n Alemana Deutsche Zusammenarbeit - GIZ GmbH\">\n                <\/a>\n            <\/div>\n    \n            <div class=\"me-4 mb-4 partner-item d-table\">\n                <a href=\"https:\/\/www.giz.de\/en\/worldwide\/389.html\" class=\"d-table-cell align-middle\" title=\"Cooperaci\u00f3n Alemana Deutsche Zusammenarbeit - GIZ GmbH\">\n                    <img decoding=\"async\" src=\"http:\/\/landscapesfuture.org\/wp-content\/uploads\/2022\/03\/Implemented_GIZ.png\" alt=\"Cooperaci\u00f3n Alemana Deutsche Zusammenarbeit - GIZ GmbH\" class=\"logo-partner-on-team\" title=\"Cooperaci\u00f3n Alemana Deutsche Zusammenarbeit - GIZ GmbH\">\n                <\/a>\n            <\/div><\/div><div class=\"wpe-block-title\"><h2>Partner<\/h2><\/div><div class=\"d-flex justify-content-start flex-wrap flex-row columns-10 middle-md m-margin-bottom-30 partner-list-items\" style=\"justify-content: flex-start;\">\n    \n            <div class=\"me-4 mb-4 partner-item d-table\">\n                <a href=\"\" class=\"d-table-cell align-middle\" title=\"SCZ Gobierno Autonomo Departamental Santa Cruz\">\n                    <img decoding=\"async\" src=\"http:\/\/landscapesfuture.org\/wp-content\/uploads\/2022\/02\/scz-300.png\" alt=\"SCZ Gobierno Autonomo Departamental Santa Cruz\" class=\"logo-partner-on-team\" title=\"SCZ Gobierno Autonomo Departamental Santa Cruz\">\n                <\/a>\n            <\/div><\/div><\/div>\n<div class=\"wp-block-columns is-layout-flex wp-container-core-columns-is-layout-9d6595d7 wp-block-columns-is-layout-flex\">\n<div class=\"wp-block-column is-layout-flow wp-block-column-is-layout-flow\" style=\"flex-basis:80%\">\n<p><strong>Financiadores:<\/strong> Uni\u00f3n Europea (UE) y Ministerio Federal de Cooperaci\u00f3n Econ\u00f3mica y Desarrollo de Alemania (BMZ), implementado por la Deutsche Gesellschaft f\u00fcr Internationale Zusammenarbeit (GIZ) en el marco de su programa PROCUENCA.<\/p>\n\n\n\n<p><strong>Socio:<\/strong> SCZ Gobierno Aut\u00f3nomo Departamental Santa Cruz<\/p>\n\n\n\n<h2 class=\"wp-block-heading\">\u00c1reas tem\u00e1ticas clave<\/h2>\n\n\n\n<p>La degradaci\u00f3n ambiental, la deforestaci\u00f3n, la vulnerabilidad al cambio clim\u00e1tico y el cambio hacia una agricultura sostenible se abordar\u00e1n a trav\u00e9s de un enfoque de tres niveles: (i) mejorar la seguridad del agua dentro de los ecosistemas vulnerables y amenazados; (ii) impulsar los medios de vida comunitarios y hacerlos m\u00e1s resilientes al clima; y (iii) prevenir la p\u00e9rdida de biodiversidad y una mayor degradaci\u00f3n de los bosques, sabanas y r\u00edos para mantener los servicios ecosist\u00e9micos vitales a trav\u00e9s de proyectos piloto.<\/p>\n\n\n\n<h2 class=\"wp-block-heading\">Objetivo general<\/h2>\n\n\n\n<p>El Proyecto Paisajes Resilientes en la Chiquitania (Santa Cruz) apoya a actores clave a nivel local y regional para promover e implementar con \u00e9xito pol\u00edticas transformadoras que mejorar\u00e1n la seguridad h\u00eddrica, as\u00ed como la gesti\u00f3n integrada y sostenible del paisaje. Como resultado, el proyecto contribuye a los Objetivos de Desarrollo Sostenible (ODS) 5, 6, 12, 13, 15 y 17 y a las metas de agua, bosques y agricultura establecidas en las Contribuciones Nacionalmente Determinadas (NDC) de Bolivia.<\/p>\n\n\n\n<h2 class=\"wp-block-heading\">Objetivos espec\u00edficos<\/h2>\n\n\n\n<ul class=\"wp-block-list\"><li>para mejorar la seguridad h\u00eddrica de 70.000 personas en comunidades vulnerables de la Chiquitania<\/li><li>promover planes territoriales que aborden el cambio clim\u00e1tico y contribuyan a las NDC relacionadas con el agua, los bosques y la agricultura a nivel de cuenca<\/li><li>ayudar a 300 actores clave en varios sectores mediante el fortalecimiento de sus capacidades para la adaptaci\u00f3n al cambio clim\u00e1tico, la seguridad h\u00eddrica y la gesti\u00f3n integrada y sostenible del paisaje<\/li><li>implementar sistemas de informaci\u00f3n digital para mejorar la toma de decisiones<\/li><li>gestionar 20.000 hect\u00e1reas de tierra de forma sostenible a trav\u00e9s de cinco proyectos piloto<\/li><li>desarrollar y probar un mecanismo financiero para su financiaci\u00f3n.<\/li><\/ul><\/div>\n\n\n\n<div class=\"wp-block-column is-layout-flow wp-block-column-is-layout-flow\" style=\"flex-basis:20%\"><\/div>\n<\/div>\n\n<div class=\"wp-block-columns is-layout-flex wp-container-core-columns-is-layout-9d6595d7 wp-block-columns-is-layout-flex\">\n<div class=\"wp-block-column is-layout-flow wp-block-column-is-layout-flow\">\n<h2 class=\"wp-block-heading\">Desaf\u00edos<\/h2>\n\n\n\n<p>La presi\u00f3n sobre los ya escasos recursos de aguas superficiales y subterr\u00e1neas est\u00e1 aumentando debido al crecimiento de la poblaci\u00f3n, especialmente fuera del \u00e1rea metropolitana de Santa Cruz, las pr\u00e1cticas agr\u00edcolas y ganaderas insostenibles, la deforestaci\u00f3n, los incendios forestales y la planificaci\u00f3n inadecuada de la infraestructura humana. La degradaci\u00f3n de los bosques es motivo de especial preocupaci\u00f3n, ya que las \u00e1reas boscosas desempe\u00f1an un papel crucial en la mitigaci\u00f3n del cambio clim\u00e1tico, la adaptaci\u00f3n y la recarga de agua, al mismo tiempo que albergan una gran biodiversidad. Los problemas socioecon\u00f3micos van en aumento, con conflictos emergentes entre los actores locales. Los Pueblos Ind\u00edgenas son cada vez m\u00e1s vulnerables a los efectos del cambio clim\u00e1tico, ya que dependen de los bosques y el agua que generan estas \u00e1reas para el sustento de sus medios de vida. Estas comunidades tienen poca capacidad para hacer frente a la inseguridad alimentaria y la inestabilidad econ\u00f3mica.<\/p>\n<\/div>\n\n\n\n<div class=\"wp-block-column is-layout-flow wp-block-column-is-layout-flow\">\n<h2 class=\"wp-block-heading\">Meta<\/h2>\n\n\n\n<p>Mejorar la seguridad del agua para 120.000 personas en comunidades vulnerables en la regi\u00f3n boscosa de Santa Cruz en las tierras bajas de Bolivia, haciendo que los medios de vida sean m\u00e1s resistentes al cambio clim\u00e1tico; y conservar y restaurar ecosistemas clave en la regi\u00f3n.<\/p>\n<\/div>\n<\/div>\n\n<div class=\"wp-block-columns wpe-mapbg wpe-section-bg is-layout-flex wp-container-core-columns-is-layout-9d6595d7 wp-block-columns-is-layout-flex\">\n<div class=\"wp-block-column is-layout-flow wp-block-column-is-layout-flow\">\n<img decoding=\"async\" src=\"http:\/\/landscapesfuture.org\/wp-content\/uploads\/svg-map\/Landscape%20for%20our%20future-country%20map-worldwide_Bolivia.svg\" style=\"width:100%;padding-right:60px\" \/><\/div>\n\n\n\n<div class=\"wp-block-column is-layout-flow wp-block-column-is-layout-flow\">\n<h2 class=\"wp-block-heading\">paisajes<\/h2>\n\n\n\n<p>El departamento de Santa Cruz es parte de la cuenca del Amazonas y comprende una gran parte de los bosques de tierras bajas de Bolivia. Es el hogar de numerosas comunidades ind\u00edgenas y peque\u00f1os agricultores que son muy vulnerables a la pobreza y los riesgos relacionados con el clima. El departamento contiene el 78% de la biodiversidad de Bolivia y sustenta el 70% de la producci\u00f3n agr\u00edcola del pa\u00eds. La Chiquitania, en las tierras bajas orientales del departamento, es una cuenca fluvial de mediano tama\u00f1o amenazada por el r\u00e1pido avance de la frontera agr\u00edcola, la ganader\u00eda y el r\u00e1pido crecimiento de los cultivos de soja. Es el hogar del bosque seco tropical preservado m\u00e1s grande del mundo, el Bosque Seco Chiquitano, que comprende un mosaico de paisajes que van desde pampas, bosques y bosques biodiversos. Tambi\u00e9n incluye bosque amaz\u00f3nico en las partes bajas de la cuenca. La parte alta del r\u00edo Pirai es un punto clave para la biodiversidad, as\u00ed como para la producci\u00f3n de frutas y hortalizas. La cuenca baja se caracteriza por un aumento de la agricultura, especialmente de monocultivos y ganader\u00eda. La cuenca del r\u00edo es una cuenca importante que abastece de agua subterr\u00e1nea a la ciudad de Santa Cruz.<\/p>\n<\/div>\n<\/div>\n\n<div class=\"wp-block-columns is-layout-flex wp-container-core-columns-is-layout-9d6595d7 wp-block-columns-is-layout-flex\">\n<div class=\"wp-block-column is-layout-flow wp-block-column-is-layout-flow\" style=\"flex-basis:80%\">\n<h2 class=\"wp-block-heading\">Acercarse<\/h2>\n\n\n\n<p>El proyecto aborda cuestiones ambientales y sociales a trav\u00e9s de una perspectiva integrada y de m\u00faltiples niveles basada en la gesti\u00f3n integrada y sostenible del paisaje. Tambi\u00e9n se centra en la seguridad h\u00eddrica, a trav\u00e9s de la gesti\u00f3n de los recursos h\u00eddricos, las pr\u00e1cticas agr\u00edcolas y ganaderas sostenibles, la restauraci\u00f3n de \u00e1reas de conservaci\u00f3n de alto valor, as\u00ed como la protecci\u00f3n de los h\u00e1bitats y su biodiversidad.<\/p>\n\n\n\n<p><strong>Gesti\u00f3n integrada del paisaje: <\/strong><\/p>\n\n\n\n<p>La gesti\u00f3n integrada del paisaje es el equilibrio entre el entorno humano (socioecon\u00f3mico y cultural) y el entorno natural (biof\u00edsico). <\/p>\n\n\n\n<p>Una herramienta principal de la gesti\u00f3n integrada del paisaje es el conocimiento y reconocimiento de nuestra cuenca y territorio para comprender la interacci\u00f3n entre las actividades humanas y las din\u00e1micas de la naturaleza. A partir de esto, se pueden delimitar diferentes territorios (unidades de paisaje) para definir (i) zonas de producci\u00f3n sostenible, (ii) la conservaci\u00f3n de la biodiversidad, y (iii) restauraci\u00f3n del sistema de vida. Esto describe la mejor manera de vivir juntos en nuestra cuenca. <\/p>\n\n\n\n<p><strong>Seguridad del agua:<\/strong><\/p>\n\n\n\n<p>La seguridad h\u00eddrica es la capacidad de acceder a agua no contaminada en cantidades suficientes para asegurar una buena calidad de vida y un uso adecuado para el desarrollo de los seres vivos.<\/p>\n\n\n\n<p>Por lo tanto, es importante que implementemos acciones para proteger los ecosistemas que proveen nuestra agua y son clave para nuestro bienestar y desarrollo.<\/p>\n\n\n\n<p>Sin un ecosistema saludable, ninguna actividad humana es viable.<\/p>\n\n\n\n<h2 class=\"wp-block-heading\">Acciones espec\u00edficas<\/h2>\n\n\n\n<p>El proyecto:<\/p>\n\n\n\n<ul class=\"wp-block-list\"><li>ayuda a las partes interesadas clave a implementar y promover con \u00e9xito pol\u00edticas transformadoras para la seguridad del agua y la gesti\u00f3n integrada sostenible del paisaje<\/li><li>promueve la buena gobernanza para mejorar los procesos de gesti\u00f3n interinstitucional para la planificaci\u00f3n de la seguridad h\u00eddrica y los paisajes resilientes<\/li><li>apoya las NDC a nivel subnacional, facilitando el acceso a la financiaci\u00f3n clim\u00e1tica<\/li><li>implementa y mejora los sistemas de informaci\u00f3n existentes a nivel departamental para apoyar la toma de decisiones a nivel de cuenca<\/li><li>mejora las capacidades de las partes interesadas para la gesti\u00f3n de recursos h\u00eddricos sensibles al clima en varios sectores<\/li><li>promueve enfoques interculturales y de equidad de g\u00e9nero.<\/li><\/ul>\n\n\n<p>Para mejorar la sostenibilidad de las actividades, se explorar\u00e1n posibles mecanismos de financiaci\u00f3n y se facilitar\u00e1n alianzas con el sector privado, fomentando la gesti\u00f3n ambiental y desarrollando cadenas de suministro sostenibles.<\/p>\n<\/div>\n\n\n\n<div class=\"wp-block-column is-layout-flow wp-block-column-is-layout-flow\" style=\"flex-basis:20%\"><\/div>\n<\/div>\n\n<div class=\"wp-block-columns wpe-bggrey wpe-section-bg is-layout-flex wp-container-core-columns-is-layout-9d6595d7 wp-block-columns-is-layout-flex\">\n<div class=\"wp-block-column is-layout-flow wp-block-column-is-layout-flow\">\n<h2 class=\"wp-block-heading\">Contacto<\/h2>\n\n\n\n<p>Dra. Miriam Seemann<br \/>paisajesresilientes@giz.de<\/p>\n<\/div>\n<\/div>\n\n<div class=\"wp-block-columns pt-5 pb-5 is-layout-flex wp-container-core-columns-is-layout-9d6595d7 wp-block-columns-is-layout-flex\">\n<div class=\"wp-block-column is-layout-flow wp-block-column-is-layout-flow\">\n<h2 class=\"wp-block-heading\">M\u00e1s informaci\u00f3n<\/h2>\n\n\n\n<p><a href=\"https:\/\/www.paisajesresilientes.org\">www.paisajesresilientes.org<\/a><\/p>\n<\/div>\n<\/div>\n","protected":false},"excerpt":{"rendered":"<p>El agua como conector de paisajes resilientes en Bolivia Paisajes Resilientes en la Chiquitania, Santa Cruz Financiadores: Uni\u00f3n Europea (UE) y Ministerio Federal de Cooperaci\u00f3n Econ\u00f3mica y Desarrollo de Alemania (BMZ), implementado por la Deutsche Gesellschaft f\u00fcr Internationale Zusammenarbeit (GIZ) en el marco de su programa PROCUENCA. Socio: SCZ Gobierno Aut\u00f3nomo Departamental Santa Cruz \u00c1reas [&hellip;]<\/p>\n","protected":false},"author":1,"featured_media":0,"parent":0,"menu_order":0,"comment_status":"closed","ping_status":"closed","template":"templates\/template-page-gutenberg.php","meta":{"inline_featured_image":false,"footnotes":"","_links_to":"","_links_to_target":""},"class_list":["post-5492","page","type-page","status-publish","hentry"],"_links":{"self":[{"href":"https:\/\/landscapesfuture.org\/es\/wp-json\/wp\/v2\/pages\/5492","targetHints":{"allow":["GET"]}}],"collection":[{"href":"https:\/\/landscapesfuture.org\/es\/wp-json\/wp\/v2\/pages"}],"about":[{"href":"https:\/\/landscapesfuture.org\/es\/wp-json\/wp\/v2\/types\/page"}],"author":[{"embeddable":true,"href":"https:\/\/landscapesfuture.org\/es\/wp-json\/wp\/v2\/users\/1"}],"replies":[{"embeddable":true,"href":"https:\/\/landscapesfuture.org\/es\/wp-json\/wp\/v2\/comments?post=5492"}],"version-history":[{"count":5,"href":"https:\/\/landscapesfuture.org\/es\/wp-json\/wp\/v2\/pages\/5492\/revisions"}],"predecessor-version":[{"id":6760,"href":"https:\/\/landscapesfuture.org\/es\/wp-json\/wp\/v2\/pages\/5492\/revisions\/6760"}],"wp:attachment":[{"href":"https:\/\/landscapesfuture.org\/es\/wp-json\/wp\/v2\/media?parent=5492"}],"curies":[{"name":"wp","href":"https:\/\/api.w.org\/{rel}","templated":true}]}}