{"id":4934,"date":"2021-06-15T23:27:52","date_gmt":"2021-06-15T16:27:52","guid":{"rendered":"https:\/\/landscapesfuture.org\/?page_id=4934"},"modified":"2022-11-10T14:06:15","modified_gmt":"2022-11-10T07:06:15","slug":"actions","status":"publish","type":"page","link":"https:\/\/landscapesfuture.org\/es\/actions\/","title":{"rendered":"Comportamiento"},"content":{"rendered":"<style>\n@media only screen and (max-width: 960px) {\n   #hero-page{\n    background-image:url(\"https:\/\/landscapesfuture.org\/wp-content\/uploads\/2022\/11\/MicrosoftTeams-image-2.jpg\");\n    background-position-y: bottom;\n    background-position-x: center;\n  }\n}\n\n#hero-page::after {\n    position: absolute;\n    content: ' ';\n    z-index: 0;\n    height: 100%;\n    width: 100%;\n    background-color: rgb(0,0,0,0.4);\n    top: 0;\n    left: 0;\n}\n#hero-page.section-bg::before{\nbackground-position-y: -385px;\n}\n\n.page #header #menu a {\n    color: #fff;\n}\n\n.page #header #menu .sub-menu li a{\n  color:#333;\n}\n\n.page #header #menu .sub-menu li a:hover{\n color:#FFFFFF;\n}\n\n.home.page-id-429 #wrapper, .page.page-id-429 #wrapper {\n    margin-top: 82px;\n}\n.home.page-id-429 #header, .page.page-id-429 #header {\n    background-color: #2E3546;\n    border: 0px;\n}\n\n.home.page-id-429 #header.darkHeader #menu a, \n.page.page-id-429 #header.darkHeader #menu a{\n   color:#252122;\n}\n\n.home.page-id-429  #header.darkHeader, .page.page-id-429  #header.darkHeader {\n    background-color: #FFFFFF;\n    border-bottom: 1px solid #ddd;\n}<\/style>\n<!-- section hero -->\n<!-- close div before -->\n        <\/div>\n    <\/article>\n<\/div>\n\n<div id=\"hero-page\" class=\" block-hero-page flex-vcenter section-bg\">\n    <div class=\"block-hero-page_bg\">\n        <img decoding=\"async\" src=\"https:\/\/landscapesfuture.org\/wp-content\/uploads\/2022\/11\/MicrosoftTeams-image-2.jpg\">\n    <\/div>\n    <div class=\"block-hero-page_overlay\"><\/div>\n    <div class=\"block-hero-page_content\">\n        <div class=\"container\">\n\n            <div class=\"hero-page\">\n                <div class=\"hero-page_title text-light\">\n                    <h1>Actions<\/h1>\n                    <!--<p><\/p>-->\n                                    <\/div>\n            <\/div>\n        <\/div>\n    <\/div>\n<\/div>\n\n<div class=\"container\">\n    <div class=\"row\">\n        <div class=\"col-12\">\n            <div class=\"breadcrumbs\" itemscope itemtype=\"http:\/\/schema.org\/BreadcrumbList\"><span itemprop=\"itemListElement\" itemscope itemtype=\"http:\/\/schema.org\/ListItem\"><a class=\"breadcrumbs__link\" href=\"https:\/\/landscapesfuture.org\/es\/\" itemprop=\"item\"><span itemprop=\"name\">Inicio<\/span><\/a><meta itemprop=\"position\" content=\"1\" \/><\/span><\/div><!-- .breadcrumbs -->        <\/div>\n    <\/div>\n<\/div>\n\n<div class=\"container\">\n    <article id=\"post-4934\" class=\"post-4934 page type-page status-publish hentry\">\n        <div class=\"entry-content\">\n<p>En 2019, la UE lanz\u00f3 el programa Landscapes For Our Future de 5 a\u00f1os, que ahora apoya 22 proyectos GIP, que abarcan 19 pa\u00edses y 3 subregiones en todo el Sur Global. Al ofrecer soluciones a los desaf\u00edos del uso de la tierra espec\u00edficos del contexto, Landscape For Our Future promover\u00e1 objetivos relacionados con:<\/p>\n\n<ol class=\"wp-block-list\"><li>seguridad alimentaria y nutricional, creaci\u00f3n de empleo y agricultura resiliente y sostenible;<\/li><li>mitigaci\u00f3n y adaptaci\u00f3n al cambio clim\u00e1tico; y<\/li><li>conservaci\u00f3n, restauraci\u00f3n y uso sostenible de la biodiversidad y los ecosistemas terrestres\/forestales.<\/li><\/ol>\n<p>Los proyectos apoyados abarcan una amplia gama de \u00e1reas tem\u00e1ticas, que van desde la biodiversidad y la conservaci\u00f3n del paisaje hasta la agricultura clim\u00e1ticamente inteligente y el desarrollo sostenible de cadenas de valor.<\/p>\n\n<figure class=\"wp-block-table is-style-regular\"><table><thead><tr><th class=\"has-text-align-left\" data-align=\"left\">Pa\u00eds\/Subregi\u00f3n<\/th><th class=\"has-text-align-left\" data-align=\"left\">Nombre del pa\u00eds\/proyecto subregional<\/th><\/tr><\/thead><tbody><tr><td class=\"has-text-align-left\" data-align=\"left\"><a rel=\"noreferrer noopener\" target=\"_blank\" href=\"https:\/\/landscapesfuture.org\/es\/bolivia\/\">Bolivia<\/a><\/td><td class=\"has-text-align-left\" data-align=\"left\">El agua como conector para paisajes resilientes en Bolivia<\/td><\/tr><tr><td class=\"has-text-align-left\" data-align=\"left\"><a rel=\"noreferrer noopener\" target=\"_blank\" href=\"https:\/\/landscapesfuture.org\/es\/subregion-brasil-paraguay\/\">Subregi\u00f3n Brasil-Paraguay<\/a><\/td><td class=\"has-text-align-left\" data-align=\"left\">Gesti\u00f3n integrada y sostenible del paisaje en el bioma del cerrado en Brasil y Paraguay<\/td><\/tr><tr><td class=\"has-text-align-left\" data-align=\"left\"><a rel=\"noreferrer noopener\" target=\"_blank\" href=\"https:\/\/landscapesfuture.org\/es\/burkina-faso\/\">Burkina Faso<\/a><\/td><td class=\"has-text-align-left\" data-align=\"left\">Gesti\u00f3n participativa de las periferias de \u00e1reas protegidas en el paisaje PONASI<\/td><\/tr><tr><td class=\"has-text-align-left\" data-align=\"left\"><a rel=\"noreferrer noopener\" target=\"_blank\" href=\"https:\/\/landscapesfuture.org\/es\/camboya\/\">Camboya<\/a><\/td><td class=\"has-text-align-left\" data-align=\"left\">Gesti\u00f3n integrada y sostenible del paisaje de la Reserva de la Biosfera de Tonle Sap en Camboya<\/td><\/tr><tr><td class=\"has-text-align-left\" data-align=\"left\"><a rel=\"noreferrer noopener\" target=\"_blank\" href=\"https:\/\/landscapesfuture.org\/es\/camerun\/\">Camer\u00fan<\/a><\/td><td class=\"has-text-align-left\" data-align=\"left\">Ecosyst\u00e8me du Nord Cameroun: vers une approche int\u00e9gr\u00e9e du paysage (en resumen EcoNoCam)<\/td><\/tr><tr><td class=\"has-text-align-left\" data-align=\"left\"><a rel=\"noreferrer noopener\" target=\"_blank\" href=\"https:\/\/landscapesfuture.org\/es\/chad-y-republica-centroafricana\/\">Subregi\u00f3n Chad-Rep\u00fablica Centroafricana<\/a><\/td><td class=\"has-text-align-left\" data-align=\"left\">Gesti\u00f3n sostenible de la cuenca del r\u00edo Chari<\/td><\/tr><tr><td class=\"has-text-align-left\" data-align=\"left\"><a rel=\"noreferrer noopener\" target=\"_blank\" href=\"https:\/\/landscapesfuture.org\/es\/colombia\/\">Colombia<\/a><\/td><td class=\"has-text-align-left\" data-align=\"left\">&#8216;Herencia Colombia&#8217;: Apoyando el nuevo enfoque integrado colombiano de gobernanza territorial en paisajes sostenibles, productivos y resilientes<\/td><\/tr><tr><td class=\"has-text-align-left\" data-align=\"left\"><a rel=\"noreferrer noopener\" target=\"_blank\" href=\"https:\/\/landscapesfuture.org\/es\/republica-democratica-del-congo\/\">Rep\u00fablica Democr\u00e1tica del Congo<\/a><\/td><td class=\"has-text-align-left\" data-align=\"left\">Nuevos paisajes del Congo<\/td><\/tr><tr><td class=\"has-text-align-left\" data-align=\"left\"><a rel=\"noreferrer noopener\" target=\"_blank\" href=\"https:\/\/landscapesfuture.org\/es\/ecuador\/\">Ecuador<\/a><\/td><td class=\"has-text-align-left\" data-align=\"left\">Paisajes andinos: promoviendo la gesti\u00f3n integrada del paisaje para medios de vida sostenibles en los Andes ecuatorianos<\/td><\/tr><tr><td class=\"has-text-align-left\" data-align=\"left\"><a rel=\"noreferrer noopener\" target=\"_blank\" href=\"https:\/\/landscapesfuture.org\/es\/ghana\/\">Ghana<\/a><\/td><td class=\"has-text-align-left\" data-align=\"left\">Paisajes y agilidad ambiental en todo el pa\u00eds (LEAN)<\/td><\/tr><tr><td class=\"has-text-align-left\" data-align=\"left\"><a rel=\"noreferrer noopener\" target=\"_blank\" href=\"https:\/\/landscapesfuture.org\/es\/honduras\/\">Honduras<\/a><\/td><td class=\"has-text-align-left\" data-align=\"left\">Clima para la biodiversidad: reducir la deforestaci\u00f3n de la cadena de suministro<\/td><\/tr><tr><td class=\"has-text-align-left\" data-align=\"left\"><a rel=\"noreferrer noopener\" target=\"_blank\" href=\"https:\/\/landscapesfuture.org\/es\/jamaica\/\">Jamaica<\/a><\/td><td class=\"has-text-align-left\" data-align=\"left\">Un camino jamaiquino desde las colinas hasta los oc\u00e9anos<\/td><\/tr><tr><td class=\"has-text-align-left\" data-align=\"left\"><a rel=\"noreferrer noopener\" target=\"_blank\" href=\"https:\/\/landscapesfuture.org\/es\/kenia\/\">Kenia<\/a><\/td><td class=\"has-text-align-left\" data-align=\"left\">Programa de Productividad de los Servicios Ecosist\u00e9micos de los Pastizales de Kenia (RangER)<\/td><\/tr><tr><td class=\"has-text-align-left\" data-align=\"left\"><a rel=\"noreferrer noopener\" target=\"_blank\" href=\"https:\/\/landscapesfuture.org\/es\/republica-democratica-popular-de-laos\/\">Laos<\/a><\/td><td class=\"has-text-align-left\" data-align=\"left\">Conservaci\u00f3n de ecosistemas a trav\u00e9s de la gesti\u00f3n integrada del paisaje en Lao PDR<\/td><\/tr><tr><td class=\"has-text-align-left\" data-align=\"left\"><a rel=\"noreferrer noopener\" target=\"_blank\" href=\"https:\/\/landscapesfuture.org\/es\/mauricio\/\">Mauricio<\/a><\/td><td class=\"has-text-align-left\" data-align=\"left\">Mauricio de Ridge a Reef (R2R)<\/td><\/tr><tr><td class=\"has-text-align-left\" data-align=\"left\"><a rel=\"noreferrer noopener\" target=\"_blank\" href=\"https:\/\/landscapesfuture.org\/es\/organizacion-de-estados-del-caribe-oriental\/\">Organizaci\u00f3n de Estados del Caribe Oriental (OECO)<\/a><\/td><td class=\"has-text-align-left\" data-align=\"left\">Enfoques integrados del paisaje e inversiones en la gesti\u00f3n sostenible de la tierra en la OECO<\/td><\/tr><tr><td class=\"has-text-align-left\" data-align=\"left\"><a rel=\"noreferrer noopener\" target=\"_blank\" href=\"https:\/\/landscapesfuture.org\/es\/papua-nueva-guinea\/\">Pap\u00faa Nueva Guinea<\/a><\/td><td class=\"has-text-align-left\" data-align=\"left\">Fortalecimiento de la gesti\u00f3n integrada y sostenible del paisaje en la provincia de Enga Pap\u00faa Nueva Guinea<\/td><\/tr><tr><td class=\"has-text-align-left\" data-align=\"left\"><a rel=\"noreferrer noopener\" target=\"_blank\" href=\"https:\/\/landscapesfuture.org\/es\/santo-tome-y-principe\/\">Santo Tom\u00e9<\/a><\/td><td class=\"has-text-align-left\" data-align=\"left\">Desarrollo de modelos agroforestales sostenibles a trav\u00e9s de enfoques integrados de gesti\u00f3n de la tierra para la adaptaci\u00f3n y mitigaci\u00f3n del cambio clim\u00e1tico, la conservaci\u00f3n de los ecosistemas y el desarrollo econ\u00f3mico<\/td><\/tr><tr><td class=\"has-text-align-left\" data-align=\"left\"><a rel=\"noreferrer noopener\" target=\"_blank\" href=\"https:\/\/landscapesfuture.org\/es\/senegal\/\">Senegal<\/a><\/td><td class=\"has-text-align-left\" data-align=\"left\">Reforestaci\u00f3n y resiliencia para proteger los territorios y ecosistemas de Senegal<\/td><\/tr><tr><td class=\"has-text-align-left\" data-align=\"left\"><a rel=\"noreferrer noopener\" target=\"_blank\" href=\"https:\/\/landscapesfuture.org\/es\/timor-oriental\/\">Timor Oriental<\/a><\/td><td class=\"has-text-align-left\" data-align=\"left\">Iniciativa vertical maloa<\/td><\/tr><tr><td class=\"has-text-align-left\" data-align=\"left\"><a rel=\"noreferrer noopener\" target=\"_blank\" href=\"https:\/\/landscapesfuture.org\/es\/vietnam\/\">Vietnam<\/a><\/td><td class=\"has-text-align-left\" data-align=\"left\">Gesti\u00f3n integrada y sostenible del paisaje en las tierras altas centrales de Viet Nam a trav\u00e9s de una jurisdicci\u00f3n libre de deforestaci\u00f3n<\/td><\/tr><tr><td class=\"has-text-align-left\" data-align=\"left\"><a rel=\"noreferrer noopener\" target=\"_blank\" href=\"https:\/\/landscapesfuture.org\/es\/zimbabue\/\">Zimbabue<\/a><\/td><td class=\"has-text-align-left\" data-align=\"left\">Manejo Integrado Sostenible del Paisaje en el Parque Nacional Gonarezhou y las comunidades aleda\u00f1as, Zimbabue<\/td><\/tr><\/tbody><\/table><\/figure>\n<p><\/p>\n\n<p><\/p>\n","protected":false},"excerpt":{"rendered":"<p>En 2019, la UE lanz\u00f3 el programa Landscapes For Our Future de 5 a\u00f1os, que ahora apoya 22 proyectos GIP, que abarcan 19 pa\u00edses y 3 subregiones en todo el Sur Global. Al ofrecer soluciones a los desaf\u00edos del uso de la tierra espec\u00edficos del contexto, Landscape For Our Future promover\u00e1 objetivos relacionados con: seguridad [&hellip;]<\/p>\n","protected":false},"author":1,"featured_media":0,"parent":0,"menu_order":0,"comment_status":"closed","ping_status":"closed","template":"templates\/template-page-canvas.php","meta":{"inline_featured_image":false,"footnotes":"","_links_to":"","_links_to_target":""},"class_list":["post-4934","page","type-page","status-publish","hentry"],"_links":{"self":[{"href":"https:\/\/landscapesfuture.org\/es\/wp-json\/wp\/v2\/pages\/4934","targetHints":{"allow":["GET"]}}],"collection":[{"href":"https:\/\/landscapesfuture.org\/es\/wp-json\/wp\/v2\/pages"}],"about":[{"href":"https:\/\/landscapesfuture.org\/es\/wp-json\/wp\/v2\/types\/page"}],"author":[{"embeddable":true,"href":"https:\/\/landscapesfuture.org\/es\/wp-json\/wp\/v2\/users\/1"}],"replies":[{"embeddable":true,"href":"https:\/\/landscapesfuture.org\/es\/wp-json\/wp\/v2\/comments?post=4934"}],"version-history":[{"count":5,"href":"https:\/\/landscapesfuture.org\/es\/wp-json\/wp\/v2\/pages\/4934\/revisions"}],"predecessor-version":[{"id":7156,"href":"https:\/\/landscapesfuture.org\/es\/wp-json\/wp\/v2\/pages\/4934\/revisions\/7156"}],"wp:attachment":[{"href":"https:\/\/landscapesfuture.org\/es\/wp-json\/wp\/v2\/media?parent=4934"}],"curies":[{"name":"wp","href":"https:\/\/api.w.org\/{rel}","templated":true}]}}