{"id":4894,"date":"2021-11-19T03:22:09","date_gmt":"2021-11-18T20:22:09","guid":{"rendered":"https:\/\/landscapesfuture.org\/?page_id=4894"},"modified":"2022-11-11T17:10:45","modified_gmt":"2022-11-11T10:10:45","slug":"componente-central","status":"publish","type":"page","link":"https:\/\/landscapesfuture.org\/es\/sobre\/componente-central\/","title":{"rendered":"Componente central"},"content":{"rendered":"<style>\n@media only screen and (max-width: 960px) {\n   #hero-page{\n    background-image:url(\"https:\/\/landscapesfuture.org\/wp-content\/uploads\/2022\/11\/MicrosoftTeams-image-3.jpg\");\n    background-position-y: bottom;\n    background-position-x: center;\n  }\n}\n\n#hero-page::after {\n    position: absolute;\n    content: ' ';\n    z-index: 0;\n    height: 100%;\n    width: 100%;\n    background-color: rgb(0,0,0,0.4);\n    top: 0;\n    left: 0;\n}\n#hero-page.section-bg::before{\nbackground-position-y: -385px;\n}\n\n.page #header #menu a {\n    color: #fff;\n}\n\n.page #header #menu .sub-menu li a{\n  color:#333;\n}\n\n.page #header #menu .sub-menu li a:hover{\n color:#FFFFFF;\n}\n\n.home.page-id-429 #wrapper, .page.page-id-429 #wrapper {\n    margin-top: 82px;\n}\n.home.page-id-429 #header, .page.page-id-429 #header {\n    background-color: #2E3546;\n    border: 0px;\n}\n\n.home.page-id-429 #header.darkHeader #menu a, \n.page.page-id-429 #header.darkHeader #menu a{\n   color:#252122;\n}\n\n.home.page-id-429  #header.darkHeader, .page.page-id-429  #header.darkHeader {\n    background-color: #FFFFFF;\n    border-bottom: 1px solid #ddd;\n}<\/style>\n<!-- section hero -->\n<!-- close div before -->\n        <\/div>\n    <\/article>\n<\/div>\n\n<div id=\"hero-page\" class=\" block-hero-page flex-vcenter section-bg\">\n    <div class=\"block-hero-page_bg\">\n        <img decoding=\"async\" src=\"https:\/\/landscapesfuture.org\/wp-content\/uploads\/2022\/11\/MicrosoftTeams-image-3.jpg\">\n    <\/div>\n    <div class=\"block-hero-page_overlay\"><\/div>\n    <div class=\"block-hero-page_content\">\n        <div class=\"container\">\n\n            <div class=\"hero-page\">\n                <div class=\"hero-page_title text-light\">\n                    <h1>Componente Central<\/h1>\n                    <!--<p><\/p>-->\n                                    <\/div>\n            <\/div>\n        <\/div>\n    <\/div>\n<\/div>\n\n<div class=\"container\">\n    <div class=\"row\">\n        <div class=\"col-12\">\n            <div class=\"breadcrumbs\" itemscope itemtype=\"http:\/\/schema.org\/BreadcrumbList\"><span itemprop=\"itemListElement\" itemscope itemtype=\"http:\/\/schema.org\/ListItem\"><a class=\"breadcrumbs__link\" href=\"https:\/\/landscapesfuture.org\/es\/\" itemprop=\"item\"><span itemprop=\"name\">Inicio<\/span><\/a><meta itemprop=\"position\" content=\"1\" \/><\/span><\/div><!-- .breadcrumbs -->        <\/div>\n    <\/div>\n<\/div>\n\n<div class=\"container\">\n    <article id=\"post-4894\" class=\"post-4894 page type-page status-publish hentry\">\n        <div class=\"entry-content\">\n\n\n<div class=\"wp-block-columns is-layout-flex wp-container-core-columns-is-layout-9d6595d7 wp-block-columns-is-layout-flex\">\n<div class=\"wp-block-column is-layout-flow wp-block-column-is-layout-flow\" style=\"flex-basis:66.66%\">\n<h2 class=\"wp-block-heading\">El componente central<\/h2>\n\n\n\n<p>La UE ha encargado al Centro para la Investigaci\u00f3n Forestal Internacional y Agroforester\u00eda Mundial (CIFOR-ICRAF) que respalde la implementaci\u00f3n de los 23 proyectos apoyados por Paisajes Para Nuestro Futuro. Este &#8216;Componente Central&#8217; ofrece orientaci\u00f3n t\u00e9cnica para cada uno de estos proyectos, adem\u00e1s de ayudar a co-crear, sintetizar y difundir conocimientos y lecciones de su implementaci\u00f3n. Dado que la evidencia confiable sobre pr\u00e1cticas, estrategias y v\u00edas efectivas de GIP es escasa y fragmentada, el Componente Central tiene como objetivo ayudar a los formuladores de pol\u00edticas y profesionales a desarrollar y escalar soluciones de paisaje m\u00e1s impactantes e inclusivas.<\/p>\n\n\n\n<h2 class=\"wp-block-heading\">Actividades<\/h2>\n\n\n\n<p>El Componente Central est\u00e1 estructurado en las siguientes tres \u00e1reas principales de actividad:<\/p>\n\n\n\n<ol class=\"wp-block-list\"><li>Apoyo t\u00e9cnico<br>El Componente Central ofrecer\u00e1 respaldo t\u00e9cnico a los socios implementadores en cada uno de los pa\u00edses objetivo, as\u00ed como a los socios implementadores a nivel de proyecto. CIFOR e ICRAF aprovechar\u00e1n su experiencia tem\u00e1tica y sectorial para apoyar la implementaci\u00f3n y el seguimiento del proyecto. Esto implicar\u00e1, entre otros, el establecimiento de una mesa de ayuda dedicada, indicadores comunes y misiones peri\u00f3dicas de apoyo t\u00e9cnico.<\/li><li>Generaci\u00f3n de conocimiento y comunicaciones<br>En estrecha colaboraci\u00f3n con las partes interesadas del proyecto, el Componente Central sistematizar\u00e1 el conocimiento y las lecciones generadas a partir de la implementaci\u00f3n de los 23 proyectos GIP. Estos se sintetizar\u00e1n y comunicar\u00e1n utilizando la infraestructura cient\u00edfica y de comunicaciones de CIFOR-ICRAF, y estar\u00e1n dirigidos tanto a los tomadores de decisiones como a los profesionales del desarrollo con herramientas, directrices, marcos y productos de conocimiento impulsados por la demanda.<\/li><li>Intercambio y divulgaci\u00f3n<br>Para facilitar el intercambio de conocimientos y el aprendizaje entre proyectos, el Componente Central convocar\u00e1 tres eventos de participaci\u00f3n estructurada con los socios del proyecto. CIFOR-ICRAF trabajar\u00e1 con las Delegaciones de la UE y los socios implementadores para identificar, involucrar y apoyar iniciativas relevantes para la GIP m\u00e1s all\u00e1 del programa. Espec\u00edficamente, el Componente Central tendr\u00e1 como objetivo aprovechar el conocimiento y las lecciones generadas bajo el programa para informar las acciones (pol\u00edticas) que buscan incorporar e institucionalizar la GIP dentro de la programaci\u00f3n estatal y no estatal.<\/li><\/ol>\n<\/div>\n\n\n\n<div class=\"wp-block-column is-layout-flow wp-block-column-is-layout-flow\" style=\"flex-basis:33.33%\">\n<div class=\"box-flyer\">\n<div class=\"flyer-thumb\">\n<img decoding=\"async\" src=\"http:\/\/landscapesfuture.org\/wp-content\/uploads\/2021\/11\/landscapes-for-our-future-thumb.jpg\"><\/div>\n<h4>Descargar folleto<\/h4>\n<ul class=\"list-pdf\"><li><a href=\"http:\/\/landscapesfuture.org\/wp-content\/uploads\/flyers\/Flyer%20-%20Landscapes%20For%20Our%20Future%20(EU)-v8.pdf\" target=\"_blank\" rel=\"noopener\">Ingl\u00e9s \u2013 706 KB<\/a><\/li>\n    <li><a href=\"http:\/\/landscapesfuture.org\/wp-content\/uploads\/flyers\/Flyer%20-%20Des%20paysages%20pour%20notre%20avenir%20(UE)_French_v5.pdf\" target=\"_blank\" rel=\"noopener\"><i class=\"bi bi-file-pdf\"><\/i> Franc\u00e9s \u2013 683 KB<\/a><\/li>\n    <li><a href=\"http:\/\/landscapesfuture.org\/wp-content\/uploads\/flyers\/292%20Flyer%20-%20Paisagens%20Para%20o%20Nosso%20Futuro%20(UE)_Portuguese_v4.pdf\" target=\"_blank\" rel=\"noopener\"><i class=\"bi bi-file-pdf\"><\/i> Portugu\u00e9s \u2013 664 KB<\/a><\/li>\n    <li><a href=\"http:\/\/landscapesfuture.org\/wp-content\/uploads\/flyers\/Flyer%20-%20Paisajes%20para%20Nuestro%20Futuro%20(UE)_v6.pdf\" target=\"_blank\" rel=\"noopener\"><i class=\"bi bi-file-pdf\"><\/i> Espa\u00f1ol \u2013 661 KB<\/a><\/li>\n<\/ul><\/div>\n\n<div class=\"box-contacts\">\n<h4>Consultas generales<\/h4>\n<div class=\"item-contact\">\n<p><strong>Alejandro Ghiurca<\/strong><br>alexandru.ghiurca@ec.europa.eu<\/p>\n<\/div>\n<div class=\"item-contact\">\n<p><strong>Jorge Sch\u00f6neveld<\/strong><br>g.schoneveld@cgiar.org<\/p>\n<\/div>\n<\/div>\n<\/div>\n<\/div>\n","protected":false},"excerpt":{"rendered":"<p>El componente central La UE ha encargado al Centro para la Investigaci\u00f3n Forestal Internacional y Agroforester\u00eda Mundial (CIFOR-ICRAF) que respalde la implementaci\u00f3n de los 23 proyectos apoyados por Paisajes Para Nuestro Futuro. Este &#8216;Componente Central&#8217; ofrece orientaci\u00f3n t\u00e9cnica para cada uno de estos proyectos, adem\u00e1s de ayudar a co-crear, sintetizar y difundir conocimientos y lecciones [&hellip;]<\/p>\n","protected":false},"author":1,"featured_media":0,"parent":4878,"menu_order":0,"comment_status":"closed","ping_status":"closed","template":"templates\/template-page-gutenberg.php","meta":{"inline_featured_image":false,"footnotes":"","_links_to":"","_links_to_target":""},"class_list":["post-4894","page","type-page","status-publish","hentry"],"_links":{"self":[{"href":"https:\/\/landscapesfuture.org\/es\/wp-json\/wp\/v2\/pages\/4894","targetHints":{"allow":["GET"]}}],"collection":[{"href":"https:\/\/landscapesfuture.org\/es\/wp-json\/wp\/v2\/pages"}],"about":[{"href":"https:\/\/landscapesfuture.org\/es\/wp-json\/wp\/v2\/types\/page"}],"author":[{"embeddable":true,"href":"https:\/\/landscapesfuture.org\/es\/wp-json\/wp\/v2\/users\/1"}],"replies":[{"embeddable":true,"href":"https:\/\/landscapesfuture.org\/es\/wp-json\/wp\/v2\/comments?post=4894"}],"version-history":[{"count":5,"href":"https:\/\/landscapesfuture.org\/es\/wp-json\/wp\/v2\/pages\/4894\/revisions"}],"predecessor-version":[{"id":7188,"href":"https:\/\/landscapesfuture.org\/es\/wp-json\/wp\/v2\/pages\/4894\/revisions\/7188"}],"up":[{"embeddable":true,"href":"https:\/\/landscapesfuture.org\/es\/wp-json\/wp\/v2\/pages\/4878"}],"wp:attachment":[{"href":"https:\/\/landscapesfuture.org\/es\/wp-json\/wp\/v2\/media?parent=4894"}],"curies":[{"name":"wp","href":"https:\/\/api.w.org\/{rel}","templated":true}]}}